{"id":5283499,"date":"2025-09-18T14:55:37","date_gmt":"2025-09-18T12:55:37","guid":{"rendered":"https:\/\/www.dramfolks-whisky-auction.com\/?post_type=product&#038;p=5283499"},"modified":"2025-10-05T19:00:09","modified_gmt":"2025-10-05T17:00:09","slug":"usquaebach-old-rare-the-grand-whisky-of-the-highlands-douglas-laing-4","status":"publish","type":"product","link":"https:\/\/www.dramfolks-whisky-auction.com\/fr\/product\/usquaebach-old-rare-the-grand-whisky-of-the-highlands-douglas-laing-4\/","title":{"rendered":"Usquaebach &#8211; old &#038; rare \/ The Grand Whisky of the Highlands (Douglas Laing)"},"content":{"rendered":"<p><strong>Destille: unbekannt<br \/>\n<\/strong>unbekannt, daher leider keinen Info verf\u00fcgbar&#8230;<\/p>\n<p><strong>Fun fact:<\/strong> &#8211;<\/p>\n<p><strong>Whisky\/Whiskey: Usquaebach &#8211; old &amp; rare \/ The Grand Whisky of the Highlands (Douglas Laing)<\/strong><br \/>\nUsquaebach (Oos: Ke: Bah) wurde von der alten g\u00e4lischen Phrase \u00ab\u00a0uisge beatha\u00a0\u00bb abgeleitet, was soviel wie \u00ab\u00a0Wasser des Lebens\u00a0\u00bb bedeutet. Usquaebach, einst nur dem K\u00f6nigshaus, Aristokraten und Honoratioren vorbehalten, wurde in den Vereinigten Staaten erstmals 1969 bei der Amtseinf\u00fchrung des Pr\u00e4sidenten vorgestellt. Der Ursprung von Usquaebach geht auf das fr\u00fche 16. Jahrhundert zur\u00fcck, w\u00e4hrend der Herrschaft von Maria K\u00f6nigin von Schottland.<br \/>\nUsquaebachs schriftliche \u00dcberlieferung ist jedoch bis zum 28. M\u00e4rz 1768 zur\u00fcckverfolgt worden und hat seit seiner Entstehung mehrere Inkarnationen durchlaufen. Von 1768 bis 1842 war es Single Malt. Zwischen 1842 und 1904 wurde er zu einem Vatted Scotch Whisky (ein Blend aus Single Malts, oft aus verschiedenen Jahren von derselben Brennerei, aber nie irgendein Grain Whisky). Dann, im Jahr 1904, wurde es zu einem \u00ab\u00a0malzreichen\u00a0\u00bb Blend, bei dem 85 % des Blends Malt Whisky und 15 % Grain Whisky waren. Ein amerikanisches Unternehmen, 12 Stone Flagons, kaufte die Brennerei im Jahr 1973. Ab den 1980er Jahren begannen sie, eine Reihe von gereiften Highland Single Malt Whiskys auf den Markt zu bringen, um ihre Produktbasis zu erweitern. Auch wenn es sich um einen \u00ab\u00a0Wechselbalg\u00a0\u00bb handelt, ist und war das Original immer noch das Flaggschiff des Unternehmens.<\/p>\n<p><strong>Sidenote zum Abf\u00fcller:<\/strong> Bis 2013 arbeiteten die Br\u00fcder Fred-Douglas und Stewart Laing zusammen und leiteten das familieneigene Abf\u00fcllunternehmen bevor sie beschlossen, das Verm\u00f6gen des Unternehmens aufzuteilen und getrennte Wege zu gehen. Douglas Laings Tochter Cara schloss sich ihrem Vater an und brachte ihre umfangreiche Erfahrung mit schottischem Whisky mit, nachdem sie als Global Brand Manager f\u00fcr Jura Single Malt t\u00e4tig war (mit einem kurzem Intermezzo als Marketingmanagerin f\u00fcr Bowmore und Glen Garioch).<br \/>\nCara ist in der dritten Generation der Familie Laing t\u00e4tig, welches 1948 von ihrem Gro\u00dfvater Fred Douglas Laing gegr\u00fcndet wurde. Er mischte seinen eigenen Whisky etablierte ein Abf\u00fcllprogramm mit vielen schottischen Destillerien. Douglas Laing besitzt bereits eine Destillerie \u2013 Strathearn in Perthshire, die 2019 erworben wurde und bald durch eine weitere Destillerie (eine neue Anlage im Wert von 10,7 Millionen Pfund in Glasgow) erg\u00e4nzt wird.<\/p>\n<p><strong>Info Qualit\u00e4t der Flasche:<\/strong> Exzellent ohne Besch\u00e4digungen \/ <strong>F\u00fcllstand:<\/strong> unbekannt, da nicht einsehbar<br \/>\n<strong>Info Qualit\u00e4t der Box:<\/strong> keine Box vorhanden<\/p>\n<p><strong>Wichtiger Hinweis:<\/strong> Die Bewertung der Flaschen und Boxen erfolgt nach \u201ebesten Wissen und Gewissen\u201c. dramfolks kann keine Gew\u00e4hrleistung f\u00fcr den Inhalt der Flaschen \u00fcbernehmen. Weitere Infos &amp; Hinweise finden Sie in unseren AGBs. Wir empfehlen Ihnen, vor der Abgabe von Geboten \u00fcber die Zoomfunktion eine Besichtigung \/ genaue Pr\u00fcfung des angebotenen Whiskys vorzunehmen. Bitte kontaktieren sie uns bei Fragen direkt unter info@dramfolks.com<\/p>\n","protected":false},"excerpt":{"rendered":"<p>Destille: unbekannt unbekannt, daher leider keinen Info verf\u00fcgbar&#8230; Fun fact: &#8211; Whisky\/Whiskey: Usquaebach &#8211; old &amp; rare \/ The Grand Whisky of the Highlands (Douglas Laing) Usquaebach (Oos: Ke: Bah) wurde von der alten g\u00e4lischen Phrase \u00ab\u00a0uisge beatha\u00a0\u00bb abgeleitet, was soviel wie \u00ab\u00a0Wasser des Lebens\u00a0\u00bb bedeutet. Usquaebach, einst nur dem K\u00f6nigshaus, Aristokraten und Honoratioren vorbehalten,[&#8230;]\n","protected":false},"featured_media":3711232,"comment_status":"closed","ping_status":"closed","template":"","meta":[],"product_brand":[],"product_cat":[1233],"product_tag":[],"class_list":{"0":"post-5283499","1":"product","2":"type-product","3":"status-publish","4":"has-post-thumbnail","6":"product_cat-no-20","8":"first","9":"instock","10":"shipping-taxable","11":"purchasable","12":"product-type-auction"},"yoast_head":"<!-- This site is optimized with the Yoast SEO plugin v27.0 - https:\/\/yoast.com\/product\/yoast-seo-wordpress\/ -->\n<title>Usquaebach - old &amp; rare \/ The Grand Whisky of the Highlands (Douglas Laing) - Dramfolks Whisky Auction<\/title>\n<meta name=\"robots\" content=\"index, follow, max-snippet:-1, max-image-preview:large, max-video-preview:-1\" \/>\n<link rel=\"canonical\" href=\"https:\/\/www.dramfolks-whisky-auction.com\/fr\/product\/usquaebach-old-rare-the-grand-whisky-of-the-highlands-douglas-laing-4\/\" \/>\n<meta property=\"og:locale\" content=\"fr_FR\" \/>\n<meta property=\"og:type\" content=\"article\" \/>\n<meta property=\"og:title\" content=\"Usquaebach - old &amp; rare \/ The Grand Whisky of the Highlands (Douglas Laing) - Dramfolks Whisky Auction\" \/>\n<meta property=\"og:description\" content=\"Destille: unbekannt unbekannt, daher leider keinen Info verf\u00fcgbar&#8230; Fun fact: &#8211; Whisky\/Whiskey: Usquaebach &#8211; old &amp; rare \/ The Grand Whisky of the Highlands (Douglas Laing) Usquaebach (Oos: Ke: Bah) wurde von der alten g\u00e4lischen Phrase \u00ab\u00a0uisge beatha\u00a0\u00bb abgeleitet, was soviel wie \u00ab\u00a0Wasser des Lebens\u00a0\u00bb bedeutet. Usquaebach, einst nur dem K\u00f6nigshaus, Aristokraten und Honoratioren vorbehalten,[...]\" \/>\n<meta property=\"og:url\" content=\"https:\/\/www.dramfolks-whisky-auction.com\/fr\/product\/usquaebach-old-rare-the-grand-whisky-of-the-highlands-douglas-laing-4\/\" \/>\n<meta property=\"og:site_name\" content=\"Dramfolks Whisky Auction\" \/>\n<meta property=\"article:modified_time\" content=\"2025-10-05T17:00:09+00:00\" \/>\n<meta property=\"og:image\" content=\"https:\/\/www.dramfolks-whisky-auction.com\/wp-content\/uploads\/2025\/06\/Usquaebach-vorne.jpg\" \/>\n\t<meta property=\"og:image:width\" content=\"2363\" \/>\n\t<meta property=\"og:image:height\" content=\"2363\" \/>\n\t<meta property=\"og:image:type\" content=\"image\/jpeg\" \/>\n<meta name=\"twitter:card\" content=\"summary_large_image\" \/>\n<meta name=\"twitter:label1\" content=\"Dur\u00e9e de lecture estim\u00e9e\" \/>\n\t<meta name=\"twitter:data1\" content=\"3 minutes\" \/>\n<script type=\"application\/ld+json\" class=\"yoast-schema-graph\">{\"@context\":\"https:\/\/schema.org\",\"@graph\":[{\"@type\":\"WebPage\",\"@id\":\"https:\/\/www.dramfolks-whisky-auction.com\/fr\/product\/usquaebach-old-rare-the-grand-whisky-of-the-highlands-douglas-laing-4\/\",\"url\":\"https:\/\/www.dramfolks-whisky-auction.com\/fr\/product\/usquaebach-old-rare-the-grand-whisky-of-the-highlands-douglas-laing-4\/\",\"name\":\"Usquaebach - old & rare \/ The Grand Whisky of the Highlands (Douglas Laing) - Dramfolks Whisky Auction\",\"isPartOf\":{\"@id\":\"https:\/\/www.dramfolks-whisky-auction.com\/fr\/#website\"},\"primaryImageOfPage\":{\"@id\":\"https:\/\/www.dramfolks-whisky-auction.com\/fr\/product\/usquaebach-old-rare-the-grand-whisky-of-the-highlands-douglas-laing-4\/#primaryimage\"},\"image\":{\"@id\":\"https:\/\/www.dramfolks-whisky-auction.com\/fr\/product\/usquaebach-old-rare-the-grand-whisky-of-the-highlands-douglas-laing-4\/#primaryimage\"},\"thumbnailUrl\":\"https:\/\/www.dramfolks-whisky-auction.com\/wp-content\/uploads\/2025\/06\/Usquaebach-vorne.jpg\",\"datePublished\":\"2025-09-18T12:55:37+00:00\",\"dateModified\":\"2025-10-05T17:00:09+00:00\",\"breadcrumb\":{\"@id\":\"https:\/\/www.dramfolks-whisky-auction.com\/fr\/product\/usquaebach-old-rare-the-grand-whisky-of-the-highlands-douglas-laing-4\/#breadcrumb\"},\"inLanguage\":\"fr-FR\",\"potentialAction\":[{\"@type\":\"ReadAction\",\"target\":[\"https:\/\/www.dramfolks-whisky-auction.com\/fr\/product\/usquaebach-old-rare-the-grand-whisky-of-the-highlands-douglas-laing-4\/\"]}]},{\"@type\":\"ImageObject\",\"inLanguage\":\"fr-FR\",\"@id\":\"https:\/\/www.dramfolks-whisky-auction.com\/fr\/product\/usquaebach-old-rare-the-grand-whisky-of-the-highlands-douglas-laing-4\/#primaryimage\",\"url\":\"https:\/\/www.dramfolks-whisky-auction.com\/wp-content\/uploads\/2025\/06\/Usquaebach-vorne.jpg\",\"contentUrl\":\"https:\/\/www.dramfolks-whisky-auction.com\/wp-content\/uploads\/2025\/06\/Usquaebach-vorne.jpg\",\"width\":2363,\"height\":2363},{\"@type\":\"BreadcrumbList\",\"@id\":\"https:\/\/www.dramfolks-whisky-auction.com\/fr\/product\/usquaebach-old-rare-the-grand-whisky-of-the-highlands-douglas-laing-4\/#breadcrumb\",\"itemListElement\":[{\"@type\":\"ListItem\",\"position\":1,\"name\":\"Startseite\",\"item\":\"https:\/\/www.dramfolks-whisky-auction.com\/fr\/\"},{\"@type\":\"ListItem\",\"position\":2,\"name\":\"Boutique\",\"item\":\"https:\/\/www.dramfolks-whisky-auction.com\/fr\/boutique\/\"},{\"@type\":\"ListItem\",\"position\":3,\"name\":\"Usquaebach &#8211; old &#038; rare \/ The Grand Whisky of the Highlands (Douglas Laing)\"}]},{\"@type\":\"WebSite\",\"@id\":\"https:\/\/www.dramfolks-whisky-auction.com\/fr\/#website\",\"url\":\"https:\/\/www.dramfolks-whisky-auction.com\/fr\/\",\"name\":\"Dramfolks Whisky Auction\",\"description\":\"\",\"potentialAction\":[{\"@type\":\"SearchAction\",\"target\":{\"@type\":\"EntryPoint\",\"urlTemplate\":\"https:\/\/www.dramfolks-whisky-auction.com\/fr\/?s={search_term_string}\"},\"query-input\":{\"@type\":\"PropertyValueSpecification\",\"valueRequired\":true,\"valueName\":\"search_term_string\"}}],\"inLanguage\":\"fr-FR\"}]}<\/script>\n<!-- \/ Yoast SEO plugin. -->","yoast_head_json":{"title":"Usquaebach - old & rare \/ The Grand Whisky of the Highlands (Douglas Laing) - Dramfolks Whisky Auction","robots":{"index":"index","follow":"follow","max-snippet":"max-snippet:-1","max-image-preview":"max-image-preview:large","max-video-preview":"max-video-preview:-1"},"canonical":"https:\/\/www.dramfolks-whisky-auction.com\/fr\/product\/usquaebach-old-rare-the-grand-whisky-of-the-highlands-douglas-laing-4\/","og_locale":"fr_FR","og_type":"article","og_title":"Usquaebach - old & rare \/ The Grand Whisky of the Highlands (Douglas Laing) - Dramfolks Whisky Auction","og_description":"Destille: unbekannt unbekannt, daher leider keinen Info verf\u00fcgbar&#8230; Fun fact: &#8211; Whisky\/Whiskey: Usquaebach &#8211; old &amp; rare \/ The Grand Whisky of the Highlands (Douglas Laing) Usquaebach (Oos: Ke: Bah) wurde von der alten g\u00e4lischen Phrase \u00ab\u00a0uisge beatha\u00a0\u00bb abgeleitet, was soviel wie \u00ab\u00a0Wasser des Lebens\u00a0\u00bb bedeutet. Usquaebach, einst nur dem K\u00f6nigshaus, Aristokraten und Honoratioren vorbehalten,[...]","og_url":"https:\/\/www.dramfolks-whisky-auction.com\/fr\/product\/usquaebach-old-rare-the-grand-whisky-of-the-highlands-douglas-laing-4\/","og_site_name":"Dramfolks Whisky Auction","article_modified_time":"2025-10-05T17:00:09+00:00","og_image":[{"width":2363,"height":2363,"url":"https:\/\/www.dramfolks-whisky-auction.com\/wp-content\/uploads\/2025\/06\/Usquaebach-vorne.jpg","type":"image\/jpeg"}],"twitter_card":"summary_large_image","twitter_misc":{"Dur\u00e9e de lecture estim\u00e9e":"3 minutes"},"schema":{"@context":"https:\/\/schema.org","@graph":[{"@type":"WebPage","@id":"https:\/\/www.dramfolks-whisky-auction.com\/fr\/product\/usquaebach-old-rare-the-grand-whisky-of-the-highlands-douglas-laing-4\/","url":"https:\/\/www.dramfolks-whisky-auction.com\/fr\/product\/usquaebach-old-rare-the-grand-whisky-of-the-highlands-douglas-laing-4\/","name":"Usquaebach - old & rare \/ The Grand Whisky of the Highlands (Douglas Laing) - Dramfolks Whisky Auction","isPartOf":{"@id":"https:\/\/www.dramfolks-whisky-auction.com\/fr\/#website"},"primaryImageOfPage":{"@id":"https:\/\/www.dramfolks-whisky-auction.com\/fr\/product\/usquaebach-old-rare-the-grand-whisky-of-the-highlands-douglas-laing-4\/#primaryimage"},"image":{"@id":"https:\/\/www.dramfolks-whisky-auction.com\/fr\/product\/usquaebach-old-rare-the-grand-whisky-of-the-highlands-douglas-laing-4\/#primaryimage"},"thumbnailUrl":"https:\/\/www.dramfolks-whisky-auction.com\/wp-content\/uploads\/2025\/06\/Usquaebach-vorne.jpg","datePublished":"2025-09-18T12:55:37+00:00","dateModified":"2025-10-05T17:00:09+00:00","breadcrumb":{"@id":"https:\/\/www.dramfolks-whisky-auction.com\/fr\/product\/usquaebach-old-rare-the-grand-whisky-of-the-highlands-douglas-laing-4\/#breadcrumb"},"inLanguage":"fr-FR","potentialAction":[{"@type":"ReadAction","target":["https:\/\/www.dramfolks-whisky-auction.com\/fr\/product\/usquaebach-old-rare-the-grand-whisky-of-the-highlands-douglas-laing-4\/"]}]},{"@type":"ImageObject","inLanguage":"fr-FR","@id":"https:\/\/www.dramfolks-whisky-auction.com\/fr\/product\/usquaebach-old-rare-the-grand-whisky-of-the-highlands-douglas-laing-4\/#primaryimage","url":"https:\/\/www.dramfolks-whisky-auction.com\/wp-content\/uploads\/2025\/06\/Usquaebach-vorne.jpg","contentUrl":"https:\/\/www.dramfolks-whisky-auction.com\/wp-content\/uploads\/2025\/06\/Usquaebach-vorne.jpg","width":2363,"height":2363},{"@type":"BreadcrumbList","@id":"https:\/\/www.dramfolks-whisky-auction.com\/fr\/product\/usquaebach-old-rare-the-grand-whisky-of-the-highlands-douglas-laing-4\/#breadcrumb","itemListElement":[{"@type":"ListItem","position":1,"name":"Startseite","item":"https:\/\/www.dramfolks-whisky-auction.com\/fr\/"},{"@type":"ListItem","position":2,"name":"Boutique","item":"https:\/\/www.dramfolks-whisky-auction.com\/fr\/boutique\/"},{"@type":"ListItem","position":3,"name":"Usquaebach &#8211; old &#038; rare \/ The Grand Whisky of the Highlands (Douglas Laing)"}]},{"@type":"WebSite","@id":"https:\/\/www.dramfolks-whisky-auction.com\/fr\/#website","url":"https:\/\/www.dramfolks-whisky-auction.com\/fr\/","name":"Dramfolks Whisky Auction","description":"","potentialAction":[{"@type":"SearchAction","target":{"@type":"EntryPoint","urlTemplate":"https:\/\/www.dramfolks-whisky-auction.com\/fr\/?s={search_term_string}"},"query-input":{"@type":"PropertyValueSpecification","valueRequired":true,"valueName":"search_term_string"}}],"inLanguage":"fr-FR"}]}},"_links":{"self":[{"href":"https:\/\/www.dramfolks-whisky-auction.com\/fr\/wp-json\/wp\/v2\/product\/5283499","targetHints":{"allow":["GET"]}}],"collection":[{"href":"https:\/\/www.dramfolks-whisky-auction.com\/fr\/wp-json\/wp\/v2\/product"}],"about":[{"href":"https:\/\/www.dramfolks-whisky-auction.com\/fr\/wp-json\/wp\/v2\/types\/product"}],"replies":[{"embeddable":true,"href":"https:\/\/www.dramfolks-whisky-auction.com\/fr\/wp-json\/wp\/v2\/comments?post=5283499"}],"wp:featuredmedia":[{"embeddable":true,"href":"https:\/\/www.dramfolks-whisky-auction.com\/fr\/wp-json\/wp\/v2\/media\/3711232"}],"wp:attachment":[{"href":"https:\/\/www.dramfolks-whisky-auction.com\/fr\/wp-json\/wp\/v2\/media?parent=5283499"}],"wp:term":[{"taxonomy":"product_brand","embeddable":true,"href":"https:\/\/www.dramfolks-whisky-auction.com\/fr\/wp-json\/wp\/v2\/product_brand?post=5283499"},{"taxonomy":"product_cat","embeddable":true,"href":"https:\/\/www.dramfolks-whisky-auction.com\/fr\/wp-json\/wp\/v2\/product_cat?post=5283499"},{"taxonomy":"product_tag","embeddable":true,"href":"https:\/\/www.dramfolks-whisky-auction.com\/fr\/wp-json\/wp\/v2\/product_tag?post=5283499"}],"curies":[{"name":"wp","href":"https:\/\/api.w.org\/{rel}","templated":true}]}}