{"id":5278143,"date":"2025-09-18T08:14:29","date_gmt":"2025-09-18T06:14:29","guid":{"rendered":"https:\/\/www.dramfolks-whisky-auction.com\/?post_type=product&#038;p=5278143"},"modified":"2025-10-11T07:39:33","modified_gmt":"2025-10-11T05:39:33","slug":"isle-of-raasay-na-sia-2018-2022-unpeated-ex-bordeaux-red-wine-cask-14","status":"publish","type":"product","link":"https:\/\/www.dramfolks-whisky-auction.com\/fr\/product\/isle-of-raasay-na-sia-2018-2022-unpeated-ex-bordeaux-red-wine-cask-14\/","title":{"rendered":"Isle of Raasay &#8211; Na Sia 2018\/2022 Unpeated Ex-Bordeaux Red Wine Cask"},"content":{"rendered":"<p><strong>Destille: Isle of Raasay<br \/>\n<\/strong>Das Gr\u00fcnderteam hinter der Marke Isle of Raasay besteht aus Bill Dobbie und Alasdair Day. Die beiden begannen 2017 mit dem Anbau der Gerstensorten Bere und Iskria im Ort Raasay. In Zusammenarbeit mit dortigen Kleinbauern baut die Brennerei nun in der Gegend die eigene Gerste an. Zur Trocknung der Gerste wird lokaler Torf verwendet. Raasay ist bem\u00fcht, diese Art der Zusammenarbeit auszudehnen, um einen 100-prozentig regionalen Isle of Raasay Single Malt herzustellen. Die Hebrideninsel ist gepr\u00e4gt von wilder Natur und ungleichm\u00e4\u00dfigen Fl\u00e4chen.<\/p>\n<p><strong>Fun Fakt:\u00a0<\/strong>Die Flaschenform stellt ein Spiegelbild der Insellandschaft dar.<\/p>\n<p><strong>Whisky\/Whiskey: Na Sia 2018\/2022 Unpeated Ex-Bordeaux Red Wine Cask<br \/>\n<\/strong>Dieser Isle of Raasay stammt aus der Na Sia Single Cask Serie der schottischen Destillerie Raasay. Na Sia ist g\u00e4lisch und bedeutet \u201edie Sechs\u201c. Diesen Isle of Raasay Na Sia aus der sechsteiligen Single Cask Series hat die Brennerei exklusiv f\u00fcr den deutschen Markt abgef\u00fcllt. Die sechs Abf\u00fcllungen aus der Serie repr\u00e4sentieren die bei Raasay zum Einsatz kommenden F\u00e4sser und Rohbr\u00e4nde. Die Fassreife des ungetorften Whiskys erfolgte von 2018 bis 2022 im Ex-Bordeaux Red Wine Cask. Er kommt als naturbelassener Whisky daher und insgesamt gibt es nur 297 Flaschen zu kaufen. Es handelt sich um Bottle No. 0280!!<\/p>\n<p><strong>Info Qualit\u00e4t der Flasche:<\/strong> Exzellent &#8211; ohne Besch\u00e4digungen \/ <strong>F\u00fcllstand:<\/strong> Top shoulder<br \/>\n<strong>Info Qualit\u00e4t der Box:\u00a0<\/strong>Exzellent &#8211; ohne Besch\u00e4digungen<\/p>\n<p><strong>Wichtiger Hinweis:<\/strong> Die Bewertung der Flaschen und Boxen erfolgt nach \u201ebesten Wissen und Gewissen\u201c. dramfolks kann keine Gew\u00e4hrleistung f\u00fcr den Inhalt der Flaschen \u00fcbernehmen. Weitere Infos &amp; Hinweise finden Sie in unseren AGBs. Wir empfehlen Ihnen, vor der Abgabe von Geboten \u00fcber die Zoomfunktion eine Besichtigung \/ genaue Pr\u00fcfung des angebotenen Whiskys vorzunehmen. Bitte kontaktieren sie uns bei Fragen direkt unter info@dramfolks.com<\/p>\n","protected":false},"excerpt":{"rendered":"<p>Destille: Isle of Raasay Das Gr\u00fcnderteam hinter der Marke Isle of Raasay besteht aus Bill Dobbie und Alasdair Day. Die beiden begannen 2017 mit dem Anbau der Gerstensorten Bere und Iskria im Ort Raasay. In Zusammenarbeit mit dortigen Kleinbauern baut die Brennerei nun in der Gegend die eigene Gerste an. Zur Trocknung der Gerste wird[&#8230;]\n","protected":false},"featured_media":1154864,"comment_status":"closed","ping_status":"closed","template":"","meta":[],"product_brand":[],"product_cat":[1233],"product_tag":[],"class_list":{"0":"post-5278143","1":"product","2":"type-product","3":"status-publish","4":"has-post-thumbnail","6":"product_cat-no-20","8":"first","9":"instock","10":"shipping-taxable","11":"purchasable","12":"product-type-auction"},"yoast_head":"<!-- This site is optimized with the Yoast SEO plugin v27.0 - https:\/\/yoast.com\/product\/yoast-seo-wordpress\/ -->\n<title>Isle of Raasay - Na Sia 2018\/2022 Unpeated Ex-Bordeaux Red Wine Cask - Dramfolks Whisky Auction<\/title>\n<meta name=\"robots\" content=\"index, follow, max-snippet:-1, max-image-preview:large, max-video-preview:-1\" \/>\n<link rel=\"canonical\" href=\"https:\/\/www.dramfolks-whisky-auction.com\/fr\/product\/isle-of-raasay-na-sia-2018-2022-unpeated-ex-bordeaux-red-wine-cask-14\/\" \/>\n<meta property=\"og:locale\" content=\"fr_FR\" \/>\n<meta property=\"og:type\" content=\"article\" \/>\n<meta property=\"og:title\" content=\"Isle of Raasay - Na Sia 2018\/2022 Unpeated Ex-Bordeaux Red Wine Cask - Dramfolks Whisky Auction\" \/>\n<meta property=\"og:description\" content=\"Destille: Isle of Raasay Das Gr\u00fcnderteam hinter der Marke Isle of Raasay besteht aus Bill Dobbie und Alasdair Day. Die beiden begannen 2017 mit dem Anbau der Gerstensorten Bere und Iskria im Ort Raasay. In Zusammenarbeit mit dortigen Kleinbauern baut die Brennerei nun in der Gegend die eigene Gerste an. Zur Trocknung der Gerste wird[...]\" \/>\n<meta property=\"og:url\" content=\"https:\/\/www.dramfolks-whisky-auction.com\/fr\/product\/isle-of-raasay-na-sia-2018-2022-unpeated-ex-bordeaux-red-wine-cask-14\/\" \/>\n<meta property=\"og:site_name\" content=\"Dramfolks Whisky Auction\" \/>\n<meta property=\"article:modified_time\" content=\"2025-10-11T05:39:33+00:00\" \/>\n<meta property=\"og:image\" content=\"https:\/\/www.dramfolks-whisky-auction.com\/wp-content\/uploads\/2024\/12\/Raasay-Red-Wine-Cask-vorne-scaled.jpg\" \/>\n\t<meta property=\"og:image:width\" content=\"2560\" \/>\n\t<meta property=\"og:image:height\" content=\"2560\" \/>\n\t<meta property=\"og:image:type\" content=\"image\/jpeg\" \/>\n<meta name=\"twitter:card\" content=\"summary_large_image\" \/>\n<meta name=\"twitter:label1\" content=\"Dur\u00e9e de lecture estim\u00e9e\" \/>\n\t<meta name=\"twitter:data1\" content=\"2 minutes\" \/>\n<script type=\"application\/ld+json\" class=\"yoast-schema-graph\">{\"@context\":\"https:\/\/schema.org\",\"@graph\":[{\"@type\":\"WebPage\",\"@id\":\"https:\/\/www.dramfolks-whisky-auction.com\/fr\/product\/isle-of-raasay-na-sia-2018-2022-unpeated-ex-bordeaux-red-wine-cask-14\/\",\"url\":\"https:\/\/www.dramfolks-whisky-auction.com\/fr\/product\/isle-of-raasay-na-sia-2018-2022-unpeated-ex-bordeaux-red-wine-cask-14\/\",\"name\":\"Isle of Raasay - Na Sia 2018\/2022 Unpeated Ex-Bordeaux Red Wine Cask - Dramfolks Whisky Auction\",\"isPartOf\":{\"@id\":\"https:\/\/www.dramfolks-whisky-auction.com\/fr\/#website\"},\"primaryImageOfPage\":{\"@id\":\"https:\/\/www.dramfolks-whisky-auction.com\/fr\/product\/isle-of-raasay-na-sia-2018-2022-unpeated-ex-bordeaux-red-wine-cask-14\/#primaryimage\"},\"image\":{\"@id\":\"https:\/\/www.dramfolks-whisky-auction.com\/fr\/product\/isle-of-raasay-na-sia-2018-2022-unpeated-ex-bordeaux-red-wine-cask-14\/#primaryimage\"},\"thumbnailUrl\":\"https:\/\/www.dramfolks-whisky-auction.com\/wp-content\/uploads\/2024\/12\/Raasay-Red-Wine-Cask-vorne-scaled.jpg\",\"datePublished\":\"2025-09-18T06:14:29+00:00\",\"dateModified\":\"2025-10-11T05:39:33+00:00\",\"breadcrumb\":{\"@id\":\"https:\/\/www.dramfolks-whisky-auction.com\/fr\/product\/isle-of-raasay-na-sia-2018-2022-unpeated-ex-bordeaux-red-wine-cask-14\/#breadcrumb\"},\"inLanguage\":\"fr-FR\",\"potentialAction\":[{\"@type\":\"ReadAction\",\"target\":[\"https:\/\/www.dramfolks-whisky-auction.com\/fr\/product\/isle-of-raasay-na-sia-2018-2022-unpeated-ex-bordeaux-red-wine-cask-14\/\"]}]},{\"@type\":\"ImageObject\",\"inLanguage\":\"fr-FR\",\"@id\":\"https:\/\/www.dramfolks-whisky-auction.com\/fr\/product\/isle-of-raasay-na-sia-2018-2022-unpeated-ex-bordeaux-red-wine-cask-14\/#primaryimage\",\"url\":\"https:\/\/www.dramfolks-whisky-auction.com\/wp-content\/uploads\/2024\/12\/Raasay-Red-Wine-Cask-vorne-scaled.jpg\",\"contentUrl\":\"https:\/\/www.dramfolks-whisky-auction.com\/wp-content\/uploads\/2024\/12\/Raasay-Red-Wine-Cask-vorne-scaled.jpg\",\"width\":2560,\"height\":2560},{\"@type\":\"BreadcrumbList\",\"@id\":\"https:\/\/www.dramfolks-whisky-auction.com\/fr\/product\/isle-of-raasay-na-sia-2018-2022-unpeated-ex-bordeaux-red-wine-cask-14\/#breadcrumb\",\"itemListElement\":[{\"@type\":\"ListItem\",\"position\":1,\"name\":\"Startseite\",\"item\":\"https:\/\/www.dramfolks-whisky-auction.com\/fr\/\"},{\"@type\":\"ListItem\",\"position\":2,\"name\":\"Boutique\",\"item\":\"https:\/\/www.dramfolks-whisky-auction.com\/fr\/boutique\/\"},{\"@type\":\"ListItem\",\"position\":3,\"name\":\"Isle of Raasay &#8211; Na Sia 2018\/2022 Unpeated Ex-Bordeaux Red Wine Cask\"}]},{\"@type\":\"WebSite\",\"@id\":\"https:\/\/www.dramfolks-whisky-auction.com\/fr\/#website\",\"url\":\"https:\/\/www.dramfolks-whisky-auction.com\/fr\/\",\"name\":\"Dramfolks Whisky Auction\",\"description\":\"\",\"potentialAction\":[{\"@type\":\"SearchAction\",\"target\":{\"@type\":\"EntryPoint\",\"urlTemplate\":\"https:\/\/www.dramfolks-whisky-auction.com\/fr\/?s={search_term_string}\"},\"query-input\":{\"@type\":\"PropertyValueSpecification\",\"valueRequired\":true,\"valueName\":\"search_term_string\"}}],\"inLanguage\":\"fr-FR\"}]}<\/script>\n<!-- \/ Yoast SEO plugin. -->","yoast_head_json":{"title":"Isle of Raasay - Na Sia 2018\/2022 Unpeated Ex-Bordeaux Red Wine Cask - Dramfolks Whisky Auction","robots":{"index":"index","follow":"follow","max-snippet":"max-snippet:-1","max-image-preview":"max-image-preview:large","max-video-preview":"max-video-preview:-1"},"canonical":"https:\/\/www.dramfolks-whisky-auction.com\/fr\/product\/isle-of-raasay-na-sia-2018-2022-unpeated-ex-bordeaux-red-wine-cask-14\/","og_locale":"fr_FR","og_type":"article","og_title":"Isle of Raasay - Na Sia 2018\/2022 Unpeated Ex-Bordeaux Red Wine Cask - Dramfolks Whisky Auction","og_description":"Destille: Isle of Raasay Das Gr\u00fcnderteam hinter der Marke Isle of Raasay besteht aus Bill Dobbie und Alasdair Day. Die beiden begannen 2017 mit dem Anbau der Gerstensorten Bere und Iskria im Ort Raasay. In Zusammenarbeit mit dortigen Kleinbauern baut die Brennerei nun in der Gegend die eigene Gerste an. Zur Trocknung der Gerste wird[...]","og_url":"https:\/\/www.dramfolks-whisky-auction.com\/fr\/product\/isle-of-raasay-na-sia-2018-2022-unpeated-ex-bordeaux-red-wine-cask-14\/","og_site_name":"Dramfolks Whisky Auction","article_modified_time":"2025-10-11T05:39:33+00:00","og_image":[{"width":2560,"height":2560,"url":"https:\/\/www.dramfolks-whisky-auction.com\/wp-content\/uploads\/2024\/12\/Raasay-Red-Wine-Cask-vorne-scaled.jpg","type":"image\/jpeg"}],"twitter_card":"summary_large_image","twitter_misc":{"Dur\u00e9e de lecture estim\u00e9e":"2 minutes"},"schema":{"@context":"https:\/\/schema.org","@graph":[{"@type":"WebPage","@id":"https:\/\/www.dramfolks-whisky-auction.com\/fr\/product\/isle-of-raasay-na-sia-2018-2022-unpeated-ex-bordeaux-red-wine-cask-14\/","url":"https:\/\/www.dramfolks-whisky-auction.com\/fr\/product\/isle-of-raasay-na-sia-2018-2022-unpeated-ex-bordeaux-red-wine-cask-14\/","name":"Isle of Raasay - Na Sia 2018\/2022 Unpeated Ex-Bordeaux Red Wine Cask - Dramfolks Whisky Auction","isPartOf":{"@id":"https:\/\/www.dramfolks-whisky-auction.com\/fr\/#website"},"primaryImageOfPage":{"@id":"https:\/\/www.dramfolks-whisky-auction.com\/fr\/product\/isle-of-raasay-na-sia-2018-2022-unpeated-ex-bordeaux-red-wine-cask-14\/#primaryimage"},"image":{"@id":"https:\/\/www.dramfolks-whisky-auction.com\/fr\/product\/isle-of-raasay-na-sia-2018-2022-unpeated-ex-bordeaux-red-wine-cask-14\/#primaryimage"},"thumbnailUrl":"https:\/\/www.dramfolks-whisky-auction.com\/wp-content\/uploads\/2024\/12\/Raasay-Red-Wine-Cask-vorne-scaled.jpg","datePublished":"2025-09-18T06:14:29+00:00","dateModified":"2025-10-11T05:39:33+00:00","breadcrumb":{"@id":"https:\/\/www.dramfolks-whisky-auction.com\/fr\/product\/isle-of-raasay-na-sia-2018-2022-unpeated-ex-bordeaux-red-wine-cask-14\/#breadcrumb"},"inLanguage":"fr-FR","potentialAction":[{"@type":"ReadAction","target":["https:\/\/www.dramfolks-whisky-auction.com\/fr\/product\/isle-of-raasay-na-sia-2018-2022-unpeated-ex-bordeaux-red-wine-cask-14\/"]}]},{"@type":"ImageObject","inLanguage":"fr-FR","@id":"https:\/\/www.dramfolks-whisky-auction.com\/fr\/product\/isle-of-raasay-na-sia-2018-2022-unpeated-ex-bordeaux-red-wine-cask-14\/#primaryimage","url":"https:\/\/www.dramfolks-whisky-auction.com\/wp-content\/uploads\/2024\/12\/Raasay-Red-Wine-Cask-vorne-scaled.jpg","contentUrl":"https:\/\/www.dramfolks-whisky-auction.com\/wp-content\/uploads\/2024\/12\/Raasay-Red-Wine-Cask-vorne-scaled.jpg","width":2560,"height":2560},{"@type":"BreadcrumbList","@id":"https:\/\/www.dramfolks-whisky-auction.com\/fr\/product\/isle-of-raasay-na-sia-2018-2022-unpeated-ex-bordeaux-red-wine-cask-14\/#breadcrumb","itemListElement":[{"@type":"ListItem","position":1,"name":"Startseite","item":"https:\/\/www.dramfolks-whisky-auction.com\/fr\/"},{"@type":"ListItem","position":2,"name":"Boutique","item":"https:\/\/www.dramfolks-whisky-auction.com\/fr\/boutique\/"},{"@type":"ListItem","position":3,"name":"Isle of Raasay &#8211; Na Sia 2018\/2022 Unpeated Ex-Bordeaux Red Wine Cask"}]},{"@type":"WebSite","@id":"https:\/\/www.dramfolks-whisky-auction.com\/fr\/#website","url":"https:\/\/www.dramfolks-whisky-auction.com\/fr\/","name":"Dramfolks Whisky Auction","description":"","potentialAction":[{"@type":"SearchAction","target":{"@type":"EntryPoint","urlTemplate":"https:\/\/www.dramfolks-whisky-auction.com\/fr\/?s={search_term_string}"},"query-input":{"@type":"PropertyValueSpecification","valueRequired":true,"valueName":"search_term_string"}}],"inLanguage":"fr-FR"}]}},"_links":{"self":[{"href":"https:\/\/www.dramfolks-whisky-auction.com\/fr\/wp-json\/wp\/v2\/product\/5278143","targetHints":{"allow":["GET"]}}],"collection":[{"href":"https:\/\/www.dramfolks-whisky-auction.com\/fr\/wp-json\/wp\/v2\/product"}],"about":[{"href":"https:\/\/www.dramfolks-whisky-auction.com\/fr\/wp-json\/wp\/v2\/types\/product"}],"replies":[{"embeddable":true,"href":"https:\/\/www.dramfolks-whisky-auction.com\/fr\/wp-json\/wp\/v2\/comments?post=5278143"}],"wp:featuredmedia":[{"embeddable":true,"href":"https:\/\/www.dramfolks-whisky-auction.com\/fr\/wp-json\/wp\/v2\/media\/1154864"}],"wp:attachment":[{"href":"https:\/\/www.dramfolks-whisky-auction.com\/fr\/wp-json\/wp\/v2\/media?parent=5278143"}],"wp:term":[{"taxonomy":"product_brand","embeddable":true,"href":"https:\/\/www.dramfolks-whisky-auction.com\/fr\/wp-json\/wp\/v2\/product_brand?post=5278143"},{"taxonomy":"product_cat","embeddable":true,"href":"https:\/\/www.dramfolks-whisky-auction.com\/fr\/wp-json\/wp\/v2\/product_cat?post=5278143"},{"taxonomy":"product_tag","embeddable":true,"href":"https:\/\/www.dramfolks-whisky-auction.com\/fr\/wp-json\/wp\/v2\/product_tag?post=5278143"}],"curies":[{"name":"wp","href":"https:\/\/api.w.org\/{rel}","templated":true}]}}