{"id":5278133,"date":"2025-09-18T08:06:04","date_gmt":"2025-09-18T06:06:04","guid":{"rendered":"https:\/\/www.dramfolks-whisky-auction.com\/?post_type=product&#038;p=5278133"},"modified":"2025-10-05T19:30:05","modified_gmt":"2025-10-05T17:30:05","slug":"an-iconic-speyside-distillery-2011-2024-duncan-taylor-8","status":"publish","type":"product","link":"https:\/\/www.dramfolks-whisky-auction.com\/fr\/product\/an-iconic-speyside-distillery-2011-2024-duncan-taylor-8\/","title":{"rendered":"An Iconic Speyside Distillery 2011\/2024 (Duncan Taylor)"},"content":{"rendered":"<p><strong>Destille: unbekannt<br \/>\n<\/strong>Wir sagen nur\u2026 \u201eMystery Malt Series\u201c aus einer \u201eSecret Speyside\u201c Destillerie! Hinter &lsquo;An Iconic Speyside&rsquo; steht eine bekannte, familiengef\u00fchrte Brennerei aus der Speyside, die aber nicht n\u00e4her genannt wird&#8230;.<\/p>\n<p><strong>Fun Fakt:\u00a0 <\/strong>&#8211;<\/p>\n<p><strong>Whisky\/Whiskey: An Iconic Speyside Distillery 2011\/2024<br \/>\n<\/strong>An Iconic Speyside Distillery 2011\/2024 ist ein zw\u00f6lfj\u00e4hriger \u201emystery malt\u201c aus den fl\u00fcssigen Archiven des unabh\u00e4ngigen Abf\u00fcllers Duncan Taylor, wo er 2011 destilliert wurde und seine finale Reifezeit von 12 Jahren in einem einzelnen Sherryfass (Fassnummer 29900192 ) verbrachte.<em><strong> Es wurden lediglich 315 einzelne Flaschen abgef\u00fcllt!!!<\/strong><\/em><\/p>\n<p><strong>Side Note zum Abf\u00fcller: Duncan Taylor<\/strong><br \/>\nDuncan Taylor &amp; Co ist ein unabh\u00e4ngiger Abf\u00fcller mit Hauptsitz in der Marktstadt Huntly in Aberdeenshire. Das Unternehmen ist vor allem f\u00fcr seine Black Bull-Reihe von Blended Scotch Whiskys mit hohem Malzgehalt und f\u00fcr Smokin\u2018, eine Mischung aus getorften Islay-, Speyside- und Grain-Whiskys, bekannt. Dar\u00fcber hinaus werden Malts in verschiedenen Sortimenten abgef\u00fcllt, darunter Rarest of the Rare und Whiskys aus \u201everlorenen\u201c Destillerien. Eines der erfolgreichsten Projekte des Unternehmens in j\u00fcngster Zeit war die Einf\u00fchrung der Octave-Abf\u00fcllungen \u2013 gereifte Single Malt und Grain Whiskys, die f\u00fcr eine zweite Periode in Oktavf\u00e4ssern der Gr\u00f6\u00dfe von einem Achtel gereift sind, um ein breiteres Charakterprofil zu erreichen \u2013 ohne die urspr\u00fcngliche Natur des Whiskys zu verschleiern.<\/p>\n<p><strong>Info Qualit\u00e4t der Flasche:<\/strong> Exzellent &#8211; ohne Besch\u00e4digungen \/ <strong>F\u00fcllstand: <\/strong>High fill<br \/>\n<strong>Info Qualit\u00e4t der Box: <\/strong>Exzellent &#8211; ohne Besch\u00e4digungen<\/p>\n<p><strong>Wichtiger Hinweis:<\/strong> Die Bewertung der Flaschen und Boxen erfolgt nach \u201ebesten Wissen und Gewissen\u201c. dramfolks kann keine Gew\u00e4hrleistung f\u00fcr den Inhalt der Flaschen \u00fcbernehmen. Weitere Infos &amp; Hinweise finden Sie in unseren AGBs. Wir empfehlen Ihnen, vor der Abgabe von Geboten \u00fcber die Zoomfunktion eine Besichtigung \/ genaue Pr\u00fcfung des angebotenen Whiskys vorzunehmen. Bitte kontaktieren sie uns bei Fragen direkt unter info@dramfolks.com<\/p>\n","protected":false},"excerpt":{"rendered":"<p>Destille: unbekannt Wir sagen nur\u2026 \u201eMystery Malt Series\u201c aus einer \u201eSecret Speyside\u201c Destillerie! Hinter &lsquo;An Iconic Speyside&rsquo; steht eine bekannte, familiengef\u00fchrte Brennerei aus der Speyside, die aber nicht n\u00e4her genannt wird&#8230;. Fun Fakt:\u00a0 &#8211; Whisky\/Whiskey: An Iconic Speyside Distillery 2011\/2024 An Iconic Speyside Distillery 2011\/2024 ist ein zw\u00f6lfj\u00e4hriger \u201emystery malt\u201c aus den fl\u00fcssigen Archiven des[&#8230;]\n","protected":false},"featured_media":534181,"comment_status":"closed","ping_status":"closed","template":"","meta":[],"product_brand":[],"product_cat":[1233],"product_tag":[],"class_list":{"0":"post-5278133","1":"product","2":"type-product","3":"status-publish","4":"has-post-thumbnail","6":"product_cat-no-20","8":"first","9":"instock","10":"shipping-taxable","11":"purchasable","12":"product-type-auction"},"yoast_head":"<!-- This site is optimized with the Yoast SEO plugin v27.0 - https:\/\/yoast.com\/product\/yoast-seo-wordpress\/ -->\n<title>An Iconic Speyside Distillery 2011\/2024 (Duncan Taylor) - Dramfolks Whisky Auction<\/title>\n<meta name=\"robots\" content=\"index, follow, max-snippet:-1, max-image-preview:large, max-video-preview:-1\" \/>\n<link rel=\"canonical\" href=\"https:\/\/www.dramfolks-whisky-auction.com\/fr\/product\/an-iconic-speyside-distillery-2011-2024-duncan-taylor-8\/\" \/>\n<meta property=\"og:locale\" content=\"fr_FR\" \/>\n<meta property=\"og:type\" content=\"article\" \/>\n<meta property=\"og:title\" content=\"An Iconic Speyside Distillery 2011\/2024 (Duncan Taylor) - Dramfolks Whisky Auction\" \/>\n<meta property=\"og:description\" content=\"Destille: unbekannt Wir sagen nur\u2026 \u201eMystery Malt Series\u201c aus einer \u201eSecret Speyside\u201c Destillerie! Hinter &lsquo;An Iconic Speyside&rsquo; steht eine bekannte, familiengef\u00fchrte Brennerei aus der Speyside, die aber nicht n\u00e4her genannt wird&#8230;. Fun Fakt:\u00a0 &#8211; Whisky\/Whiskey: An Iconic Speyside Distillery 2011\/2024 An Iconic Speyside Distillery 2011\/2024 ist ein zw\u00f6lfj\u00e4hriger \u201emystery malt\u201c aus den fl\u00fcssigen Archiven des[...]\" \/>\n<meta property=\"og:url\" content=\"https:\/\/www.dramfolks-whisky-auction.com\/fr\/product\/an-iconic-speyside-distillery-2011-2024-duncan-taylor-8\/\" \/>\n<meta property=\"og:site_name\" content=\"Dramfolks Whisky Auction\" \/>\n<meta property=\"article:modified_time\" content=\"2025-10-05T17:30:05+00:00\" \/>\n<meta property=\"og:image\" content=\"https:\/\/www.dramfolks-whisky-auction.com\/wp-content\/uploads\/2024\/09\/An-Iconic-vorne-scaled.jpg\" \/>\n\t<meta property=\"og:image:width\" content=\"2560\" \/>\n\t<meta property=\"og:image:height\" content=\"2560\" \/>\n\t<meta property=\"og:image:type\" content=\"image\/jpeg\" \/>\n<meta name=\"twitter:card\" content=\"summary_large_image\" \/>\n<meta name=\"twitter:label1\" content=\"Dur\u00e9e de lecture estim\u00e9e\" \/>\n\t<meta name=\"twitter:data1\" content=\"2 minutes\" \/>\n<script type=\"application\/ld+json\" class=\"yoast-schema-graph\">{\"@context\":\"https:\/\/schema.org\",\"@graph\":[{\"@type\":\"WebPage\",\"@id\":\"https:\/\/www.dramfolks-whisky-auction.com\/fr\/product\/an-iconic-speyside-distillery-2011-2024-duncan-taylor-8\/\",\"url\":\"https:\/\/www.dramfolks-whisky-auction.com\/fr\/product\/an-iconic-speyside-distillery-2011-2024-duncan-taylor-8\/\",\"name\":\"An Iconic Speyside Distillery 2011\/2024 (Duncan Taylor) - Dramfolks Whisky Auction\",\"isPartOf\":{\"@id\":\"https:\/\/www.dramfolks-whisky-auction.com\/fr\/#website\"},\"primaryImageOfPage\":{\"@id\":\"https:\/\/www.dramfolks-whisky-auction.com\/fr\/product\/an-iconic-speyside-distillery-2011-2024-duncan-taylor-8\/#primaryimage\"},\"image\":{\"@id\":\"https:\/\/www.dramfolks-whisky-auction.com\/fr\/product\/an-iconic-speyside-distillery-2011-2024-duncan-taylor-8\/#primaryimage\"},\"thumbnailUrl\":\"https:\/\/www.dramfolks-whisky-auction.com\/wp-content\/uploads\/2024\/09\/An-Iconic-vorne-scaled.jpg\",\"datePublished\":\"2025-09-18T06:06:04+00:00\",\"dateModified\":\"2025-10-05T17:30:05+00:00\",\"breadcrumb\":{\"@id\":\"https:\/\/www.dramfolks-whisky-auction.com\/fr\/product\/an-iconic-speyside-distillery-2011-2024-duncan-taylor-8\/#breadcrumb\"},\"inLanguage\":\"fr-FR\",\"potentialAction\":[{\"@type\":\"ReadAction\",\"target\":[\"https:\/\/www.dramfolks-whisky-auction.com\/fr\/product\/an-iconic-speyside-distillery-2011-2024-duncan-taylor-8\/\"]}]},{\"@type\":\"ImageObject\",\"inLanguage\":\"fr-FR\",\"@id\":\"https:\/\/www.dramfolks-whisky-auction.com\/fr\/product\/an-iconic-speyside-distillery-2011-2024-duncan-taylor-8\/#primaryimage\",\"url\":\"https:\/\/www.dramfolks-whisky-auction.com\/wp-content\/uploads\/2024\/09\/An-Iconic-vorne-scaled.jpg\",\"contentUrl\":\"https:\/\/www.dramfolks-whisky-auction.com\/wp-content\/uploads\/2024\/09\/An-Iconic-vorne-scaled.jpg\",\"width\":2560,\"height\":2560},{\"@type\":\"BreadcrumbList\",\"@id\":\"https:\/\/www.dramfolks-whisky-auction.com\/fr\/product\/an-iconic-speyside-distillery-2011-2024-duncan-taylor-8\/#breadcrumb\",\"itemListElement\":[{\"@type\":\"ListItem\",\"position\":1,\"name\":\"Startseite\",\"item\":\"https:\/\/www.dramfolks-whisky-auction.com\/fr\/\"},{\"@type\":\"ListItem\",\"position\":2,\"name\":\"Boutique\",\"item\":\"https:\/\/www.dramfolks-whisky-auction.com\/fr\/boutique\/\"},{\"@type\":\"ListItem\",\"position\":3,\"name\":\"An Iconic Speyside Distillery 2011\/2024 (Duncan Taylor)\"}]},{\"@type\":\"WebSite\",\"@id\":\"https:\/\/www.dramfolks-whisky-auction.com\/fr\/#website\",\"url\":\"https:\/\/www.dramfolks-whisky-auction.com\/fr\/\",\"name\":\"Dramfolks Whisky Auction\",\"description\":\"\",\"potentialAction\":[{\"@type\":\"SearchAction\",\"target\":{\"@type\":\"EntryPoint\",\"urlTemplate\":\"https:\/\/www.dramfolks-whisky-auction.com\/fr\/?s={search_term_string}\"},\"query-input\":{\"@type\":\"PropertyValueSpecification\",\"valueRequired\":true,\"valueName\":\"search_term_string\"}}],\"inLanguage\":\"fr-FR\"}]}<\/script>\n<!-- \/ Yoast SEO plugin. -->","yoast_head_json":{"title":"An Iconic Speyside Distillery 2011\/2024 (Duncan Taylor) - Dramfolks Whisky Auction","robots":{"index":"index","follow":"follow","max-snippet":"max-snippet:-1","max-image-preview":"max-image-preview:large","max-video-preview":"max-video-preview:-1"},"canonical":"https:\/\/www.dramfolks-whisky-auction.com\/fr\/product\/an-iconic-speyside-distillery-2011-2024-duncan-taylor-8\/","og_locale":"fr_FR","og_type":"article","og_title":"An Iconic Speyside Distillery 2011\/2024 (Duncan Taylor) - Dramfolks Whisky Auction","og_description":"Destille: unbekannt Wir sagen nur\u2026 \u201eMystery Malt Series\u201c aus einer \u201eSecret Speyside\u201c Destillerie! Hinter &lsquo;An Iconic Speyside&rsquo; steht eine bekannte, familiengef\u00fchrte Brennerei aus der Speyside, die aber nicht n\u00e4her genannt wird&#8230;. Fun Fakt:\u00a0 &#8211; Whisky\/Whiskey: An Iconic Speyside Distillery 2011\/2024 An Iconic Speyside Distillery 2011\/2024 ist ein zw\u00f6lfj\u00e4hriger \u201emystery malt\u201c aus den fl\u00fcssigen Archiven des[...]","og_url":"https:\/\/www.dramfolks-whisky-auction.com\/fr\/product\/an-iconic-speyside-distillery-2011-2024-duncan-taylor-8\/","og_site_name":"Dramfolks Whisky Auction","article_modified_time":"2025-10-05T17:30:05+00:00","og_image":[{"width":2560,"height":2560,"url":"https:\/\/www.dramfolks-whisky-auction.com\/wp-content\/uploads\/2024\/09\/An-Iconic-vorne-scaled.jpg","type":"image\/jpeg"}],"twitter_card":"summary_large_image","twitter_misc":{"Dur\u00e9e de lecture estim\u00e9e":"2 minutes"},"schema":{"@context":"https:\/\/schema.org","@graph":[{"@type":"WebPage","@id":"https:\/\/www.dramfolks-whisky-auction.com\/fr\/product\/an-iconic-speyside-distillery-2011-2024-duncan-taylor-8\/","url":"https:\/\/www.dramfolks-whisky-auction.com\/fr\/product\/an-iconic-speyside-distillery-2011-2024-duncan-taylor-8\/","name":"An Iconic Speyside Distillery 2011\/2024 (Duncan Taylor) - Dramfolks Whisky Auction","isPartOf":{"@id":"https:\/\/www.dramfolks-whisky-auction.com\/fr\/#website"},"primaryImageOfPage":{"@id":"https:\/\/www.dramfolks-whisky-auction.com\/fr\/product\/an-iconic-speyside-distillery-2011-2024-duncan-taylor-8\/#primaryimage"},"image":{"@id":"https:\/\/www.dramfolks-whisky-auction.com\/fr\/product\/an-iconic-speyside-distillery-2011-2024-duncan-taylor-8\/#primaryimage"},"thumbnailUrl":"https:\/\/www.dramfolks-whisky-auction.com\/wp-content\/uploads\/2024\/09\/An-Iconic-vorne-scaled.jpg","datePublished":"2025-09-18T06:06:04+00:00","dateModified":"2025-10-05T17:30:05+00:00","breadcrumb":{"@id":"https:\/\/www.dramfolks-whisky-auction.com\/fr\/product\/an-iconic-speyside-distillery-2011-2024-duncan-taylor-8\/#breadcrumb"},"inLanguage":"fr-FR","potentialAction":[{"@type":"ReadAction","target":["https:\/\/www.dramfolks-whisky-auction.com\/fr\/product\/an-iconic-speyside-distillery-2011-2024-duncan-taylor-8\/"]}]},{"@type":"ImageObject","inLanguage":"fr-FR","@id":"https:\/\/www.dramfolks-whisky-auction.com\/fr\/product\/an-iconic-speyside-distillery-2011-2024-duncan-taylor-8\/#primaryimage","url":"https:\/\/www.dramfolks-whisky-auction.com\/wp-content\/uploads\/2024\/09\/An-Iconic-vorne-scaled.jpg","contentUrl":"https:\/\/www.dramfolks-whisky-auction.com\/wp-content\/uploads\/2024\/09\/An-Iconic-vorne-scaled.jpg","width":2560,"height":2560},{"@type":"BreadcrumbList","@id":"https:\/\/www.dramfolks-whisky-auction.com\/fr\/product\/an-iconic-speyside-distillery-2011-2024-duncan-taylor-8\/#breadcrumb","itemListElement":[{"@type":"ListItem","position":1,"name":"Startseite","item":"https:\/\/www.dramfolks-whisky-auction.com\/fr\/"},{"@type":"ListItem","position":2,"name":"Boutique","item":"https:\/\/www.dramfolks-whisky-auction.com\/fr\/boutique\/"},{"@type":"ListItem","position":3,"name":"An Iconic Speyside Distillery 2011\/2024 (Duncan Taylor)"}]},{"@type":"WebSite","@id":"https:\/\/www.dramfolks-whisky-auction.com\/fr\/#website","url":"https:\/\/www.dramfolks-whisky-auction.com\/fr\/","name":"Dramfolks Whisky Auction","description":"","potentialAction":[{"@type":"SearchAction","target":{"@type":"EntryPoint","urlTemplate":"https:\/\/www.dramfolks-whisky-auction.com\/fr\/?s={search_term_string}"},"query-input":{"@type":"PropertyValueSpecification","valueRequired":true,"valueName":"search_term_string"}}],"inLanguage":"fr-FR"}]}},"_links":{"self":[{"href":"https:\/\/www.dramfolks-whisky-auction.com\/fr\/wp-json\/wp\/v2\/product\/5278133","targetHints":{"allow":["GET"]}}],"collection":[{"href":"https:\/\/www.dramfolks-whisky-auction.com\/fr\/wp-json\/wp\/v2\/product"}],"about":[{"href":"https:\/\/www.dramfolks-whisky-auction.com\/fr\/wp-json\/wp\/v2\/types\/product"}],"replies":[{"embeddable":true,"href":"https:\/\/www.dramfolks-whisky-auction.com\/fr\/wp-json\/wp\/v2\/comments?post=5278133"}],"wp:featuredmedia":[{"embeddable":true,"href":"https:\/\/www.dramfolks-whisky-auction.com\/fr\/wp-json\/wp\/v2\/media\/534181"}],"wp:attachment":[{"href":"https:\/\/www.dramfolks-whisky-auction.com\/fr\/wp-json\/wp\/v2\/media?parent=5278133"}],"wp:term":[{"taxonomy":"product_brand","embeddable":true,"href":"https:\/\/www.dramfolks-whisky-auction.com\/fr\/wp-json\/wp\/v2\/product_brand?post=5278133"},{"taxonomy":"product_cat","embeddable":true,"href":"https:\/\/www.dramfolks-whisky-auction.com\/fr\/wp-json\/wp\/v2\/product_cat?post=5278133"},{"taxonomy":"product_tag","embeddable":true,"href":"https:\/\/www.dramfolks-whisky-auction.com\/fr\/wp-json\/wp\/v2\/product_tag?post=5278133"}],"curies":[{"name":"wp","href":"https:\/\/api.w.org\/{rel}","templated":true}]}}