{"id":5278131,"date":"2025-09-18T08:03:16","date_gmt":"2025-09-18T06:03:16","guid":{"rendered":"https:\/\/www.dramfolks-whisky-auction.com\/?post_type=product&#038;p=5278131"},"modified":"2025-10-05T19:45:08","modified_gmt":"2025-10-05T17:45:08","slug":"ncnean-huntress-orchard-cobbler-release-3-10","status":"publish","type":"product","link":"https:\/\/www.dramfolks-whisky-auction.com\/fr\/product\/ncnean-huntress-orchard-cobbler-release-3-10\/","title":{"rendered":"Nc&rsquo;nean &#8211; Huntress Orchard Cobbler Release 3"},"content":{"rendered":"<p><strong>Destille: Nc&rsquo;nean<\/strong><br \/>\nDie Nc&rsquo;nean Distillery ist eine schottische Whiskybrennerei in Drimnin auf der Halbinsel Morvern in den Highlands Schottlands. Der Brennereiname Nc&rsquo;nean stammt von \u00ab\u00a0Neachneohain\u00a0\u00bb, einer g\u00e4lischen Legende, die als K\u00f6nigin der Geister \u00fcbersetzt wird. Die Besonderheit an Nc&rsquo;nean ist der absolute Nachhaltigkeitsgedanke der Brennerei. So konzentriert sich Annabel Thomas und ihr Team auf die Herstellung einer Bio-Spirituose mit minimalen Auswirkungen auf die lokale Umwelt. Die Destillerie war die erste in Gro\u00dfbritannien, die zum einen w\u00e4hrend der Whiskyproduktion \u00ab\u00a0CO2-emmisionsfrei\u00a0\u00bb agiert und zum anderen die B Corp-Zertifizierung von B Lab bekommen hat.<\/p>\n<p><strong>Fun fact:<\/strong> Im August 2020 verkaufte die Destillerie ihre erste Flasche Single Malt Scotch Whisky auf einer Auktion f\u00fcr \u00a3 41.004. Nc&rsquo;nean spendete die komplette Summe f\u00fcr wohlt\u00e4tige Zwecke.<\/p>\n<p><strong>Whisky\/Whiskey: Huntress Orchard Cobbler Release 3<br \/>\n<\/strong>Der Nc&rsquo;nean Huntress Orchard Cobbler Single Malt wird aus einem Destillat hergestellt, bei welchem die Cut Points w\u00e4hrend des Brennvorgangs ver\u00e4ndert wurden. Dadurch wurde der Rohbrand erfrischend und fruchtig, wodurch die Abf\u00fcllung dann auch Ihren Namen Orchard Cobbler erhielt. Orchard Cobbler ist eine s\u00fc\u00dfe und fruchtige Nachspeise, die zu den Lieblings-Desserts des Nc&rsquo;Nean Brennerei-Teams geh\u00f6rt. Der Rohbrand wurde dann zur Reifung in STR Red Wine Casks (66%), Bourbon Casks (31%) und Oloroso Sherry Casks (3%) gef\u00fcllt. Nach knapp 5 Jahren wird der Single Malt Whisky dann mit 48,5% vol. und ohne Farbzugabe oder K\u00fchlfilterung in die formsch\u00f6nen Dekanter abgef\u00fcllt.<\/p>\n<p><strong>Info Flaschen Qualit\u00e4t:<\/strong> Exzellent &#8211; ohne Besch\u00e4digungen \/ <strong>F\u00fcllstand:<\/strong> High fill<br \/>\n<strong>Info Box Qualit\u00e4t:<\/strong> Exzellent &#8211; ohne Besch\u00e4digungen<\/p>\n<p><strong>Wichtiger Hinweis:<\/strong> Die Bewertung der Flaschen und Boxen erfolgt nach \u201ebesten Wissen und Gewissen\u201c. dramfolks kann keine Gew\u00e4hrleistung f\u00fcr den Inhalt der Flaschen \u00fcbernehmen. Weitere Infos &amp; Hinweise finden Sie in unseren AGBs. Wir empfehlen Ihnen, vor der Abgabe von Geboten \u00fcber die Zoomfunktion eine Besichtigung \/ genaue Pr\u00fcfung des angebotenen Whiskys vorzunehmen. Bitte kontaktieren sie uns bei Fragen direkt unter info@dramfolks.com<\/p>\n","protected":false},"excerpt":{"rendered":"<p>Destille: Nc&rsquo;nean Die Nc&rsquo;nean Distillery ist eine schottische Whiskybrennerei in Drimnin auf der Halbinsel Morvern in den Highlands Schottlands. Der Brennereiname Nc&rsquo;nean stammt von \u00ab\u00a0Neachneohain\u00a0\u00bb, einer g\u00e4lischen Legende, die als K\u00f6nigin der Geister \u00fcbersetzt wird. Die Besonderheit an Nc&rsquo;nean ist der absolute Nachhaltigkeitsgedanke der Brennerei. So konzentriert sich Annabel Thomas und ihr Team auf die[&#8230;]\n","protected":false},"featured_media":48959,"comment_status":"closed","ping_status":"closed","template":"","meta":[],"product_brand":[],"product_cat":[1233],"product_tag":[],"class_list":{"0":"post-5278131","1":"product","2":"type-product","3":"status-publish","4":"has-post-thumbnail","6":"product_cat-no-20","8":"first","9":"instock","10":"shipping-taxable","11":"purchasable","12":"product-type-auction"},"yoast_head":"<!-- This site is optimized with the Yoast SEO plugin v27.0 - https:\/\/yoast.com\/product\/yoast-seo-wordpress\/ -->\n<title>Nc&#039;nean - Huntress Orchard Cobbler Release 3 - Dramfolks Whisky Auction<\/title>\n<meta name=\"robots\" content=\"index, follow, max-snippet:-1, max-image-preview:large, max-video-preview:-1\" \/>\n<link rel=\"canonical\" href=\"https:\/\/www.dramfolks-whisky-auction.com\/fr\/product\/ncnean-huntress-orchard-cobbler-release-3-10\/\" \/>\n<meta property=\"og:locale\" content=\"fr_FR\" \/>\n<meta property=\"og:type\" content=\"article\" \/>\n<meta property=\"og:title\" content=\"Nc&#039;nean - Huntress Orchard Cobbler Release 3 - Dramfolks Whisky Auction\" \/>\n<meta property=\"og:description\" content=\"Destille: Nc&rsquo;nean Die Nc&rsquo;nean Distillery ist eine schottische Whiskybrennerei in Drimnin auf der Halbinsel Morvern in den Highlands Schottlands. Der Brennereiname Nc&rsquo;nean stammt von \u00ab\u00a0Neachneohain\u00a0\u00bb, einer g\u00e4lischen Legende, die als K\u00f6nigin der Geister \u00fcbersetzt wird. Die Besonderheit an Nc&rsquo;nean ist der absolute Nachhaltigkeitsgedanke der Brennerei. So konzentriert sich Annabel Thomas und ihr Team auf die[...]\" \/>\n<meta property=\"og:url\" content=\"https:\/\/www.dramfolks-whisky-auction.com\/fr\/product\/ncnean-huntress-orchard-cobbler-release-3-10\/\" \/>\n<meta property=\"og:site_name\" content=\"Dramfolks Whisky Auction\" \/>\n<meta property=\"article:modified_time\" content=\"2025-10-05T17:45:08+00:00\" \/>\n<meta property=\"og:image\" content=\"https:\/\/www.dramfolks-whisky-auction.com\/wp-content\/uploads\/2024\/06\/NcNean-Huntress-vorne-scaled.jpg\" \/>\n\t<meta property=\"og:image:width\" content=\"2560\" \/>\n\t<meta property=\"og:image:height\" content=\"2560\" \/>\n\t<meta property=\"og:image:type\" content=\"image\/jpeg\" \/>\n<meta name=\"twitter:card\" content=\"summary_large_image\" \/>\n<meta name=\"twitter:label1\" content=\"Dur\u00e9e de lecture estim\u00e9e\" \/>\n\t<meta name=\"twitter:data1\" content=\"2 minutes\" \/>\n<script type=\"application\/ld+json\" class=\"yoast-schema-graph\">{\"@context\":\"https:\/\/schema.org\",\"@graph\":[{\"@type\":\"WebPage\",\"@id\":\"https:\/\/www.dramfolks-whisky-auction.com\/fr\/product\/ncnean-huntress-orchard-cobbler-release-3-10\/\",\"url\":\"https:\/\/www.dramfolks-whisky-auction.com\/fr\/product\/ncnean-huntress-orchard-cobbler-release-3-10\/\",\"name\":\"Nc'nean - Huntress Orchard Cobbler Release 3 - Dramfolks Whisky Auction\",\"isPartOf\":{\"@id\":\"https:\/\/www.dramfolks-whisky-auction.com\/fr\/#website\"},\"primaryImageOfPage\":{\"@id\":\"https:\/\/www.dramfolks-whisky-auction.com\/fr\/product\/ncnean-huntress-orchard-cobbler-release-3-10\/#primaryimage\"},\"image\":{\"@id\":\"https:\/\/www.dramfolks-whisky-auction.com\/fr\/product\/ncnean-huntress-orchard-cobbler-release-3-10\/#primaryimage\"},\"thumbnailUrl\":\"https:\/\/www.dramfolks-whisky-auction.com\/wp-content\/uploads\/2024\/06\/NcNean-Huntress-vorne-scaled.jpg\",\"datePublished\":\"2025-09-18T06:03:16+00:00\",\"dateModified\":\"2025-10-05T17:45:08+00:00\",\"breadcrumb\":{\"@id\":\"https:\/\/www.dramfolks-whisky-auction.com\/fr\/product\/ncnean-huntress-orchard-cobbler-release-3-10\/#breadcrumb\"},\"inLanguage\":\"fr-FR\",\"potentialAction\":[{\"@type\":\"ReadAction\",\"target\":[\"https:\/\/www.dramfolks-whisky-auction.com\/fr\/product\/ncnean-huntress-orchard-cobbler-release-3-10\/\"]}]},{\"@type\":\"ImageObject\",\"inLanguage\":\"fr-FR\",\"@id\":\"https:\/\/www.dramfolks-whisky-auction.com\/fr\/product\/ncnean-huntress-orchard-cobbler-release-3-10\/#primaryimage\",\"url\":\"https:\/\/www.dramfolks-whisky-auction.com\/wp-content\/uploads\/2024\/06\/NcNean-Huntress-vorne-scaled.jpg\",\"contentUrl\":\"https:\/\/www.dramfolks-whisky-auction.com\/wp-content\/uploads\/2024\/06\/NcNean-Huntress-vorne-scaled.jpg\",\"width\":2560,\"height\":2560},{\"@type\":\"BreadcrumbList\",\"@id\":\"https:\/\/www.dramfolks-whisky-auction.com\/fr\/product\/ncnean-huntress-orchard-cobbler-release-3-10\/#breadcrumb\",\"itemListElement\":[{\"@type\":\"ListItem\",\"position\":1,\"name\":\"Startseite\",\"item\":\"https:\/\/www.dramfolks-whisky-auction.com\/fr\/\"},{\"@type\":\"ListItem\",\"position\":2,\"name\":\"Boutique\",\"item\":\"https:\/\/www.dramfolks-whisky-auction.com\/fr\/boutique\/\"},{\"@type\":\"ListItem\",\"position\":3,\"name\":\"Nc&#8217;nean &#8211; Huntress Orchard Cobbler Release 3\"}]},{\"@type\":\"WebSite\",\"@id\":\"https:\/\/www.dramfolks-whisky-auction.com\/fr\/#website\",\"url\":\"https:\/\/www.dramfolks-whisky-auction.com\/fr\/\",\"name\":\"Dramfolks Whisky Auction\",\"description\":\"\",\"potentialAction\":[{\"@type\":\"SearchAction\",\"target\":{\"@type\":\"EntryPoint\",\"urlTemplate\":\"https:\/\/www.dramfolks-whisky-auction.com\/fr\/?s={search_term_string}\"},\"query-input\":{\"@type\":\"PropertyValueSpecification\",\"valueRequired\":true,\"valueName\":\"search_term_string\"}}],\"inLanguage\":\"fr-FR\"}]}<\/script>\n<!-- \/ Yoast SEO plugin. -->","yoast_head_json":{"title":"Nc'nean - Huntress Orchard Cobbler Release 3 - Dramfolks Whisky Auction","robots":{"index":"index","follow":"follow","max-snippet":"max-snippet:-1","max-image-preview":"max-image-preview:large","max-video-preview":"max-video-preview:-1"},"canonical":"https:\/\/www.dramfolks-whisky-auction.com\/fr\/product\/ncnean-huntress-orchard-cobbler-release-3-10\/","og_locale":"fr_FR","og_type":"article","og_title":"Nc'nean - Huntress Orchard Cobbler Release 3 - Dramfolks Whisky Auction","og_description":"Destille: Nc&rsquo;nean Die Nc&rsquo;nean Distillery ist eine schottische Whiskybrennerei in Drimnin auf der Halbinsel Morvern in den Highlands Schottlands. Der Brennereiname Nc&rsquo;nean stammt von \u00ab\u00a0Neachneohain\u00a0\u00bb, einer g\u00e4lischen Legende, die als K\u00f6nigin der Geister \u00fcbersetzt wird. Die Besonderheit an Nc&rsquo;nean ist der absolute Nachhaltigkeitsgedanke der Brennerei. So konzentriert sich Annabel Thomas und ihr Team auf die[...]","og_url":"https:\/\/www.dramfolks-whisky-auction.com\/fr\/product\/ncnean-huntress-orchard-cobbler-release-3-10\/","og_site_name":"Dramfolks Whisky Auction","article_modified_time":"2025-10-05T17:45:08+00:00","og_image":[{"width":2560,"height":2560,"url":"https:\/\/www.dramfolks-whisky-auction.com\/wp-content\/uploads\/2024\/06\/NcNean-Huntress-vorne-scaled.jpg","type":"image\/jpeg"}],"twitter_card":"summary_large_image","twitter_misc":{"Dur\u00e9e de lecture estim\u00e9e":"2 minutes"},"schema":{"@context":"https:\/\/schema.org","@graph":[{"@type":"WebPage","@id":"https:\/\/www.dramfolks-whisky-auction.com\/fr\/product\/ncnean-huntress-orchard-cobbler-release-3-10\/","url":"https:\/\/www.dramfolks-whisky-auction.com\/fr\/product\/ncnean-huntress-orchard-cobbler-release-3-10\/","name":"Nc'nean - Huntress Orchard Cobbler Release 3 - Dramfolks Whisky Auction","isPartOf":{"@id":"https:\/\/www.dramfolks-whisky-auction.com\/fr\/#website"},"primaryImageOfPage":{"@id":"https:\/\/www.dramfolks-whisky-auction.com\/fr\/product\/ncnean-huntress-orchard-cobbler-release-3-10\/#primaryimage"},"image":{"@id":"https:\/\/www.dramfolks-whisky-auction.com\/fr\/product\/ncnean-huntress-orchard-cobbler-release-3-10\/#primaryimage"},"thumbnailUrl":"https:\/\/www.dramfolks-whisky-auction.com\/wp-content\/uploads\/2024\/06\/NcNean-Huntress-vorne-scaled.jpg","datePublished":"2025-09-18T06:03:16+00:00","dateModified":"2025-10-05T17:45:08+00:00","breadcrumb":{"@id":"https:\/\/www.dramfolks-whisky-auction.com\/fr\/product\/ncnean-huntress-orchard-cobbler-release-3-10\/#breadcrumb"},"inLanguage":"fr-FR","potentialAction":[{"@type":"ReadAction","target":["https:\/\/www.dramfolks-whisky-auction.com\/fr\/product\/ncnean-huntress-orchard-cobbler-release-3-10\/"]}]},{"@type":"ImageObject","inLanguage":"fr-FR","@id":"https:\/\/www.dramfolks-whisky-auction.com\/fr\/product\/ncnean-huntress-orchard-cobbler-release-3-10\/#primaryimage","url":"https:\/\/www.dramfolks-whisky-auction.com\/wp-content\/uploads\/2024\/06\/NcNean-Huntress-vorne-scaled.jpg","contentUrl":"https:\/\/www.dramfolks-whisky-auction.com\/wp-content\/uploads\/2024\/06\/NcNean-Huntress-vorne-scaled.jpg","width":2560,"height":2560},{"@type":"BreadcrumbList","@id":"https:\/\/www.dramfolks-whisky-auction.com\/fr\/product\/ncnean-huntress-orchard-cobbler-release-3-10\/#breadcrumb","itemListElement":[{"@type":"ListItem","position":1,"name":"Startseite","item":"https:\/\/www.dramfolks-whisky-auction.com\/fr\/"},{"@type":"ListItem","position":2,"name":"Boutique","item":"https:\/\/www.dramfolks-whisky-auction.com\/fr\/boutique\/"},{"@type":"ListItem","position":3,"name":"Nc&#8217;nean &#8211; Huntress Orchard Cobbler Release 3"}]},{"@type":"WebSite","@id":"https:\/\/www.dramfolks-whisky-auction.com\/fr\/#website","url":"https:\/\/www.dramfolks-whisky-auction.com\/fr\/","name":"Dramfolks Whisky Auction","description":"","potentialAction":[{"@type":"SearchAction","target":{"@type":"EntryPoint","urlTemplate":"https:\/\/www.dramfolks-whisky-auction.com\/fr\/?s={search_term_string}"},"query-input":{"@type":"PropertyValueSpecification","valueRequired":true,"valueName":"search_term_string"}}],"inLanguage":"fr-FR"}]}},"_links":{"self":[{"href":"https:\/\/www.dramfolks-whisky-auction.com\/fr\/wp-json\/wp\/v2\/product\/5278131","targetHints":{"allow":["GET"]}}],"collection":[{"href":"https:\/\/www.dramfolks-whisky-auction.com\/fr\/wp-json\/wp\/v2\/product"}],"about":[{"href":"https:\/\/www.dramfolks-whisky-auction.com\/fr\/wp-json\/wp\/v2\/types\/product"}],"replies":[{"embeddable":true,"href":"https:\/\/www.dramfolks-whisky-auction.com\/fr\/wp-json\/wp\/v2\/comments?post=5278131"}],"wp:featuredmedia":[{"embeddable":true,"href":"https:\/\/www.dramfolks-whisky-auction.com\/fr\/wp-json\/wp\/v2\/media\/48959"}],"wp:attachment":[{"href":"https:\/\/www.dramfolks-whisky-auction.com\/fr\/wp-json\/wp\/v2\/media?parent=5278131"}],"wp:term":[{"taxonomy":"product_brand","embeddable":true,"href":"https:\/\/www.dramfolks-whisky-auction.com\/fr\/wp-json\/wp\/v2\/product_brand?post=5278131"},{"taxonomy":"product_cat","embeddable":true,"href":"https:\/\/www.dramfolks-whisky-auction.com\/fr\/wp-json\/wp\/v2\/product_cat?post=5278131"},{"taxonomy":"product_tag","embeddable":true,"href":"https:\/\/www.dramfolks-whisky-auction.com\/fr\/wp-json\/wp\/v2\/product_tag?post=5278131"}],"curies":[{"name":"wp","href":"https:\/\/api.w.org\/{rel}","templated":true}]}}