{"id":527647,"date":"2024-09-22T14:46:32","date_gmt":"2024-09-22T12:46:32","guid":{"rendered":"https:\/\/www.dramfolks-whisky-auction.com\/?post_type=product&#038;p=527647"},"modified":"2024-10-13T19:00:05","modified_gmt":"2024-10-13T17:00:05","slug":"west-cork-skibbereen-eagle-single-cask-no-2-6","status":"publish","type":"product","link":"https:\/\/www.dramfolks-whisky-auction.com\/fr\/product\/west-cork-skibbereen-eagle-single-cask-no-2-6\/","title":{"rendered":"West Cork &#8211; Skibbereen Eagle Single Cask No.2"},"content":{"rendered":"<p><strong>Destille: West Cork<br \/>\n<\/strong>Die West Cork Brennerei liegt, wie es der Name vermuten l\u00e4sst, im Westen von Cork in Irland. 2003 wurde die Brennerei von drei Jugendfreunden ins Leben gerufen, ohne die Aussicht auf viel Erfolg. Doch die Brennerei entwickelte sich besser als gedacht: Heute arbeiten dort \u00fcber 100 Leute, die gr\u00f6\u00dftenteils aus Cork stammen. J\u00e4hrliches Produktionsvolumen: ca. 1 Mio. Liter.<\/p>\n<p><strong>Fun Fakt:\u00a0<\/strong>West <span class=\"tx-datamintslossaryextension-no-replacement\">Cork<\/span> Distillers wurde 2003 von drei Jugendfreunden, John O\u2019Connell und den Cousins Ger McCarthy and Denis McCarthy gegr\u00fcndet. Sie kauften zwei kleine Brennblasen von einem Schweizer Spirituosenhersteller und begannen in einem Hinterzimmer in Denis\u2018 Haus mit der Whiskeyherstellung. Erst im Jahr 2014 zogen sie in ihre neue Destille in Skibbereen.<\/p>\n<p><strong>Whisky\/Whiskey: Skibbereen Eagle Single Cask No.2<br \/>\n<\/strong>Der Skibbereen Eagle Single Malt von West Cork Distillers hat eine malzige S\u00fc\u00dfe mit Aromen von Obstgartenfr\u00fcchten und Vanille. Hierbei handelt es sich um eine Serie von speziellen Single Cask Malts, die in nat\u00fcrlicher Fassst\u00e4rke freigesetzt werden. Dieser Skibbereen Eagle Single ist aus dem Cask No.2 und stark limitiert. Sie haben hier die M\u00f6glichkeit eine seltene Flasche mit der Nr.10 zu ersteigern!<\/p>\n<p><strong>Info Qualit\u00e4t der Flasche:<\/strong> Exzellent &#8211; ohne Besch\u00e4digungen \/ <strong>F\u00fcllstand: <\/strong>Into neck<br \/>\n<strong>Info Qualit\u00e4t der Box: <\/strong>keine Box vorhanden<\/p>\n<p><strong>Wichtiger Hinweis:<\/strong> Die Bewertung der Flaschen und Boxen erfolgt nach \u201ebesten Wissen und Gewissen\u201c. dramfolks kann keine Gew\u00e4hrleistung f\u00fcr den Inhalt der Flaschen \u00fcbernehmen. Weitere Infos &amp; Hinweise finden Sie in unseren AGBs. Wir empfehlen Ihnen, vor der Abgabe von Geboten \u00fcber die Zoomfunktion eine Besichtigung \/ genaue Pr\u00fcfung des angebotenen Whiskys vorzunehmen. Bitte kontaktieren sie uns bei Fragen direkt unter info@dramfolks.com<\/p>\n","protected":false},"excerpt":{"rendered":"<p>Destille: West Cork Die West Cork Brennerei liegt, wie es der Name vermuten l\u00e4sst, im Westen von Cork in Irland. 2003 wurde die Brennerei von drei Jugendfreunden ins Leben gerufen, ohne die Aussicht auf viel Erfolg. Doch die Brennerei entwickelte sich besser als gedacht: Heute arbeiten dort \u00fcber 100 Leute, die gr\u00f6\u00dftenteils aus Cork stammen.[&#8230;]\n","protected":false},"featured_media":170881,"comment_status":"closed","ping_status":"closed","template":"","meta":[],"product_brand":[],"product_cat":[933],"product_tag":[],"class_list":{"0":"post-527647","1":"product","2":"type-product","3":"status-publish","4":"has-post-thumbnail","6":"product_cat-no-13","8":"first","9":"instock","10":"shipping-taxable","11":"purchasable","12":"product-type-auction"},"yoast_head":"<!-- This site is optimized with the Yoast SEO plugin v27.4 - https:\/\/yoast.com\/product\/yoast-seo-wordpress\/ -->\n<title>West Cork - Skibbereen Eagle Single Cask No.2 - Dramfolks Whisky Auction<\/title>\n<meta name=\"robots\" content=\"index, follow, max-snippet:-1, max-image-preview:large, max-video-preview:-1\" \/>\n<link rel=\"canonical\" href=\"https:\/\/www.dramfolks-whisky-auction.com\/fr\/product\/west-cork-skibbereen-eagle-single-cask-no-2-6\/\" \/>\n<meta property=\"og:locale\" content=\"fr_FR\" \/>\n<meta property=\"og:type\" content=\"article\" \/>\n<meta property=\"og:title\" content=\"West Cork - Skibbereen Eagle Single Cask No.2 - Dramfolks Whisky Auction\" \/>\n<meta property=\"og:description\" content=\"Destille: West Cork Die West Cork Brennerei liegt, wie es der Name vermuten l\u00e4sst, im Westen von Cork in Irland. 2003 wurde die Brennerei von drei Jugendfreunden ins Leben gerufen, ohne die Aussicht auf viel Erfolg. Doch die Brennerei entwickelte sich besser als gedacht: Heute arbeiten dort \u00fcber 100 Leute, die gr\u00f6\u00dftenteils aus Cork stammen.[...]\" \/>\n<meta property=\"og:url\" content=\"https:\/\/www.dramfolks-whisky-auction.com\/fr\/product\/west-cork-skibbereen-eagle-single-cask-no-2-6\/\" \/>\n<meta property=\"og:site_name\" content=\"Dramfolks Whisky Auction\" \/>\n<meta property=\"article:modified_time\" content=\"2024-10-13T17:00:05+00:00\" \/>\n<meta property=\"og:image\" content=\"https:\/\/www.dramfolks-whisky-auction.com\/wp-content\/uploads\/2024\/08\/Skiberrean-Eagle-vorne-scaled.jpg\" \/>\n\t<meta property=\"og:image:width\" content=\"2560\" \/>\n\t<meta property=\"og:image:height\" content=\"2560\" \/>\n\t<meta property=\"og:image:type\" content=\"image\/jpeg\" \/>\n<meta name=\"twitter:card\" content=\"summary_large_image\" \/>\n<meta name=\"twitter:label1\" content=\"Dur\u00e9e de lecture estim\u00e9e\" \/>\n\t<meta name=\"twitter:data1\" content=\"2 minutes\" \/>\n<script type=\"application\/ld+json\" class=\"yoast-schema-graph\">{\"@context\":\"https:\\\/\\\/schema.org\",\"@graph\":[{\"@type\":\"WebPage\",\"@id\":\"https:\\\/\\\/www.dramfolks-whisky-auction.com\\\/fr\\\/product\\\/west-cork-skibbereen-eagle-single-cask-no-2-6\\\/\",\"url\":\"https:\\\/\\\/www.dramfolks-whisky-auction.com\\\/fr\\\/product\\\/west-cork-skibbereen-eagle-single-cask-no-2-6\\\/\",\"name\":\"West Cork - Skibbereen Eagle Single Cask No.2 - Dramfolks Whisky Auction\",\"isPartOf\":{\"@id\":\"https:\\\/\\\/www.dramfolks-whisky-auction.com\\\/fr\\\/#website\"},\"primaryImageOfPage\":{\"@id\":\"https:\\\/\\\/www.dramfolks-whisky-auction.com\\\/fr\\\/product\\\/west-cork-skibbereen-eagle-single-cask-no-2-6\\\/#primaryimage\"},\"image\":{\"@id\":\"https:\\\/\\\/www.dramfolks-whisky-auction.com\\\/fr\\\/product\\\/west-cork-skibbereen-eagle-single-cask-no-2-6\\\/#primaryimage\"},\"thumbnailUrl\":\"https:\\\/\\\/www.dramfolks-whisky-auction.com\\\/wp-content\\\/uploads\\\/2024\\\/08\\\/Skiberrean-Eagle-vorne-scaled.jpg\",\"datePublished\":\"2024-09-22T12:46:32+00:00\",\"dateModified\":\"2024-10-13T17:00:05+00:00\",\"breadcrumb\":{\"@id\":\"https:\\\/\\\/www.dramfolks-whisky-auction.com\\\/fr\\\/product\\\/west-cork-skibbereen-eagle-single-cask-no-2-6\\\/#breadcrumb\"},\"inLanguage\":\"fr-FR\",\"potentialAction\":[{\"@type\":\"ReadAction\",\"target\":[\"https:\\\/\\\/www.dramfolks-whisky-auction.com\\\/fr\\\/product\\\/west-cork-skibbereen-eagle-single-cask-no-2-6\\\/\"]}]},{\"@type\":\"ImageObject\",\"inLanguage\":\"fr-FR\",\"@id\":\"https:\\\/\\\/www.dramfolks-whisky-auction.com\\\/fr\\\/product\\\/west-cork-skibbereen-eagle-single-cask-no-2-6\\\/#primaryimage\",\"url\":\"https:\\\/\\\/www.dramfolks-whisky-auction.com\\\/wp-content\\\/uploads\\\/2024\\\/08\\\/Skiberrean-Eagle-vorne-scaled.jpg\",\"contentUrl\":\"https:\\\/\\\/www.dramfolks-whisky-auction.com\\\/wp-content\\\/uploads\\\/2024\\\/08\\\/Skiberrean-Eagle-vorne-scaled.jpg\",\"width\":2560,\"height\":2560},{\"@type\":\"BreadcrumbList\",\"@id\":\"https:\\\/\\\/www.dramfolks-whisky-auction.com\\\/fr\\\/product\\\/west-cork-skibbereen-eagle-single-cask-no-2-6\\\/#breadcrumb\",\"itemListElement\":[{\"@type\":\"ListItem\",\"position\":1,\"name\":\"Startseite\",\"item\":\"https:\\\/\\\/www.dramfolks-whisky-auction.com\\\/fr\\\/\"},{\"@type\":\"ListItem\",\"position\":2,\"name\":\"Boutique\",\"item\":\"https:\\\/\\\/www.dramfolks-whisky-auction.com\\\/fr\\\/boutique\\\/\"},{\"@type\":\"ListItem\",\"position\":3,\"name\":\"West Cork &#8211; Skibbereen Eagle Single Cask No.2\"}]},{\"@type\":\"WebSite\",\"@id\":\"https:\\\/\\\/www.dramfolks-whisky-auction.com\\\/fr\\\/#website\",\"url\":\"https:\\\/\\\/www.dramfolks-whisky-auction.com\\\/fr\\\/\",\"name\":\"Dramfolks Whisky Auction\",\"description\":\"\",\"potentialAction\":[{\"@type\":\"SearchAction\",\"target\":{\"@type\":\"EntryPoint\",\"urlTemplate\":\"https:\\\/\\\/www.dramfolks-whisky-auction.com\\\/fr\\\/?s={search_term_string}\"},\"query-input\":{\"@type\":\"PropertyValueSpecification\",\"valueRequired\":true,\"valueName\":\"search_term_string\"}}],\"inLanguage\":\"fr-FR\"}]}<\/script>\n<!-- \/ Yoast SEO plugin. -->","yoast_head_json":{"title":"West Cork - Skibbereen Eagle Single Cask No.2 - Dramfolks Whisky Auction","robots":{"index":"index","follow":"follow","max-snippet":"max-snippet:-1","max-image-preview":"max-image-preview:large","max-video-preview":"max-video-preview:-1"},"canonical":"https:\/\/www.dramfolks-whisky-auction.com\/fr\/product\/west-cork-skibbereen-eagle-single-cask-no-2-6\/","og_locale":"fr_FR","og_type":"article","og_title":"West Cork - Skibbereen Eagle Single Cask No.2 - Dramfolks Whisky Auction","og_description":"Destille: West Cork Die West Cork Brennerei liegt, wie es der Name vermuten l\u00e4sst, im Westen von Cork in Irland. 2003 wurde die Brennerei von drei Jugendfreunden ins Leben gerufen, ohne die Aussicht auf viel Erfolg. Doch die Brennerei entwickelte sich besser als gedacht: Heute arbeiten dort \u00fcber 100 Leute, die gr\u00f6\u00dftenteils aus Cork stammen.[...]","og_url":"https:\/\/www.dramfolks-whisky-auction.com\/fr\/product\/west-cork-skibbereen-eagle-single-cask-no-2-6\/","og_site_name":"Dramfolks Whisky Auction","article_modified_time":"2024-10-13T17:00:05+00:00","og_image":[{"width":2560,"height":2560,"url":"https:\/\/www.dramfolks-whisky-auction.com\/wp-content\/uploads\/2024\/08\/Skiberrean-Eagle-vorne-scaled.jpg","type":"image\/jpeg"}],"twitter_card":"summary_large_image","twitter_misc":{"Dur\u00e9e de lecture estim\u00e9e":"2 minutes"},"schema":{"@context":"https:\/\/schema.org","@graph":[{"@type":"WebPage","@id":"https:\/\/www.dramfolks-whisky-auction.com\/fr\/product\/west-cork-skibbereen-eagle-single-cask-no-2-6\/","url":"https:\/\/www.dramfolks-whisky-auction.com\/fr\/product\/west-cork-skibbereen-eagle-single-cask-no-2-6\/","name":"West Cork - Skibbereen Eagle Single Cask No.2 - Dramfolks Whisky Auction","isPartOf":{"@id":"https:\/\/www.dramfolks-whisky-auction.com\/fr\/#website"},"primaryImageOfPage":{"@id":"https:\/\/www.dramfolks-whisky-auction.com\/fr\/product\/west-cork-skibbereen-eagle-single-cask-no-2-6\/#primaryimage"},"image":{"@id":"https:\/\/www.dramfolks-whisky-auction.com\/fr\/product\/west-cork-skibbereen-eagle-single-cask-no-2-6\/#primaryimage"},"thumbnailUrl":"https:\/\/www.dramfolks-whisky-auction.com\/wp-content\/uploads\/2024\/08\/Skiberrean-Eagle-vorne-scaled.jpg","datePublished":"2024-09-22T12:46:32+00:00","dateModified":"2024-10-13T17:00:05+00:00","breadcrumb":{"@id":"https:\/\/www.dramfolks-whisky-auction.com\/fr\/product\/west-cork-skibbereen-eagle-single-cask-no-2-6\/#breadcrumb"},"inLanguage":"fr-FR","potentialAction":[{"@type":"ReadAction","target":["https:\/\/www.dramfolks-whisky-auction.com\/fr\/product\/west-cork-skibbereen-eagle-single-cask-no-2-6\/"]}]},{"@type":"ImageObject","inLanguage":"fr-FR","@id":"https:\/\/www.dramfolks-whisky-auction.com\/fr\/product\/west-cork-skibbereen-eagle-single-cask-no-2-6\/#primaryimage","url":"https:\/\/www.dramfolks-whisky-auction.com\/wp-content\/uploads\/2024\/08\/Skiberrean-Eagle-vorne-scaled.jpg","contentUrl":"https:\/\/www.dramfolks-whisky-auction.com\/wp-content\/uploads\/2024\/08\/Skiberrean-Eagle-vorne-scaled.jpg","width":2560,"height":2560},{"@type":"BreadcrumbList","@id":"https:\/\/www.dramfolks-whisky-auction.com\/fr\/product\/west-cork-skibbereen-eagle-single-cask-no-2-6\/#breadcrumb","itemListElement":[{"@type":"ListItem","position":1,"name":"Startseite","item":"https:\/\/www.dramfolks-whisky-auction.com\/fr\/"},{"@type":"ListItem","position":2,"name":"Boutique","item":"https:\/\/www.dramfolks-whisky-auction.com\/fr\/boutique\/"},{"@type":"ListItem","position":3,"name":"West Cork &#8211; Skibbereen Eagle Single Cask No.2"}]},{"@type":"WebSite","@id":"https:\/\/www.dramfolks-whisky-auction.com\/fr\/#website","url":"https:\/\/www.dramfolks-whisky-auction.com\/fr\/","name":"Dramfolks Whisky Auction","description":"","potentialAction":[{"@type":"SearchAction","target":{"@type":"EntryPoint","urlTemplate":"https:\/\/www.dramfolks-whisky-auction.com\/fr\/?s={search_term_string}"},"query-input":{"@type":"PropertyValueSpecification","valueRequired":true,"valueName":"search_term_string"}}],"inLanguage":"fr-FR"}]}},"_links":{"self":[{"href":"https:\/\/www.dramfolks-whisky-auction.com\/fr\/wp-json\/wp\/v2\/product\/527647","targetHints":{"allow":["GET"]}}],"collection":[{"href":"https:\/\/www.dramfolks-whisky-auction.com\/fr\/wp-json\/wp\/v2\/product"}],"about":[{"href":"https:\/\/www.dramfolks-whisky-auction.com\/fr\/wp-json\/wp\/v2\/types\/product"}],"replies":[{"embeddable":true,"href":"https:\/\/www.dramfolks-whisky-auction.com\/fr\/wp-json\/wp\/v2\/comments?post=527647"}],"wp:featuredmedia":[{"embeddable":true,"href":"https:\/\/www.dramfolks-whisky-auction.com\/fr\/wp-json\/wp\/v2\/media\/170881"}],"wp:attachment":[{"href":"https:\/\/www.dramfolks-whisky-auction.com\/fr\/wp-json\/wp\/v2\/media?parent=527647"}],"wp:term":[{"taxonomy":"product_brand","embeddable":true,"href":"https:\/\/www.dramfolks-whisky-auction.com\/fr\/wp-json\/wp\/v2\/product_brand?post=527647"},{"taxonomy":"product_cat","embeddable":true,"href":"https:\/\/www.dramfolks-whisky-auction.com\/fr\/wp-json\/wp\/v2\/product_cat?post=527647"},{"taxonomy":"product_tag","embeddable":true,"href":"https:\/\/www.dramfolks-whisky-auction.com\/fr\/wp-json\/wp\/v2\/product_tag?post=527647"}],"curies":[{"name":"wp","href":"https:\/\/api.w.org\/{rel}","templated":true}]}}