{"id":527639,"date":"2024-09-22T14:27:04","date_gmt":"2024-09-22T12:27:04","guid":{"rendered":"https:\/\/www.dramfolks-whisky-auction.com\/?post_type=product&#038;p=527639"},"modified":"2024-10-17T08:53:49","modified_gmt":"2024-10-17T06:53:49","slug":"zuidam-distillers-millstone-10yo-oloroso-sherry-cask-strength-3","status":"publish","type":"product","link":"https:\/\/www.dramfolks-whisky-auction.com\/fr\/product\/zuidam-distillers-millstone-10yo-oloroso-sherry-cask-strength-3\/","title":{"rendered":"Zuidam Distillers &#8211; Millstone 10yo Oloroso Sherry Cask Strength"},"content":{"rendered":"<p><strong>Destille: Zuidam Distillers<br \/>\n<\/strong>Zuidam Distillers wurde 1975 von Fred van Zuidam unter dem Namen Baarle International gegr\u00fcndet. Zuvor hatte er sich rund zwanzig Jahre lang um Produktion, Einkauf und Rezepturen bei De Kuyper in Schiedam gek\u00fcmmert, bevor er das Gef\u00fchl hatte, dass es an der Zeit war, sein eigenes Unternehmen zu gr\u00fcnden. Er kaufte ein St\u00fcck Land in Baarle Nassau und baute dort seine Destillerie, motiviert von dem Ehrgeiz, hochwertige holl\u00e4ndische Lik\u00f6re herzustellen, die nur mit gebrauchten Kesseln, einem F\u00fcllfass und einigen Tanks ausgestattet sind. Zuidam Distillers hat seit seinen bescheidenen Anf\u00e4ngen im Jahr 1975 einen langen Weg zur\u00fcckgelegt. Derzeit wird eine breite Palette von Spirituosen hergestellt, darunter schicke Genever, Gin und der erste niederl\u00e4ndische Whiskey, Millstone.<\/p>\n<p><strong>Fun Fakt:\u00a0<\/strong>Nachhaltig nat\u00fcrlich&#8230; Ob es sich um die Herstellung von Gin, Genever oder Rum handelt, Zuidam ist eine der letzten unabh\u00e4ngigen Destillerien in den Niederlanden, die alle ihre Destillate und Extrakte noch auf traditionelle Weise herstellt und verarbeitet &#8211; nur mit reinen Rohstoffen. Keine k\u00fcnstlichen Duft-, Farb- oder Geschmacksstoffe.<\/p>\n<p><strong>Whisky\/Whiskey: Millstone 10yo Oloroso Sherry Cask Strength<br \/>\n<\/strong>Millstone Oloroso Sherry ist grunds\u00e4tzlich ein fruchtiger Whisky mit reichen Noten von Trockenfr\u00fcchten. Die freundliche Art dieses Whiskys wird weitgehend durch die Tatsache bestimmt, dass er in Oloroso-Sherry-F\u00e4ssern mit erster und zweiter F\u00fcllung gereift ist. Die h\u00e4ufigste noch beziehbare Abf\u00fcllung ist der 6yo 2017\/2023. Im Jahr 2019 gewann dieser Whisky eine Goldmedaille beim Wizards of Whiskey-Wettbewerb in London.<\/p>\n<p>Hier handelt es sich jedoch um den 10yo Oloroso Cask Strength, der extrem schwer zu beziehen ist. Diese Abf\u00fcllung wurde am 18.02.2010 destilliert und am 21.10.2021 abgef\u00fcllt. Es handelt sich um Bottle 96 von 347!<\/p>\n<p><strong>Info Qualit\u00e4t der Flasche:<\/strong> Exzellent &#8211; ohne Besch\u00e4digungen \/ <strong>F\u00fcllstand:<\/strong> Top shoulder<br \/>\n<strong>Info Qualit\u00e4t der Box:<\/strong> keine Box vorhanden<\/p>\n<p><strong>Wichtiger Hinweis:<\/strong> Die Bewertung der Flaschen und Boxen erfolgt nach \u201ebesten Wissen und Gewissen\u201c. dramfolks kann keine Gew\u00e4hrleistung f\u00fcr den Inhalt der Flaschen \u00fcbernehmen. Weitere Infos &amp; Hinweise finden Sie in unseren AGBs. Wir empfehlen Ihnen, vor der Abgabe von Geboten \u00fcber die Zoomfunktion eine Besichtigung \/ genaue Pr\u00fcfung des angebotenen Whiskys vorzunehmen. Bitte kontaktieren sie uns bei Fragen direkt unter info@dramfolks.com<\/p>\n","protected":false},"excerpt":{"rendered":"<p>Destille: Zuidam Distillers Zuidam Distillers wurde 1975 von Fred van Zuidam unter dem Namen Baarle International gegr\u00fcndet. Zuvor hatte er sich rund zwanzig Jahre lang um Produktion, Einkauf und Rezepturen bei De Kuyper in Schiedam gek\u00fcmmert, bevor er das Gef\u00fchl hatte, dass es an der Zeit war, sein eigenes Unternehmen zu gr\u00fcnden. Er kaufte ein[&#8230;]\n","protected":false},"featured_media":170794,"comment_status":"closed","ping_status":"closed","template":"","meta":[],"product_brand":[],"product_cat":[933],"product_tag":[],"class_list":{"0":"post-527639","1":"product","2":"type-product","3":"status-publish","4":"has-post-thumbnail","6":"product_cat-no-13","8":"first","9":"instock","10":"shipping-taxable","11":"purchasable","12":"product-type-auction"},"yoast_head":"<!-- This site is optimized with the Yoast SEO plugin v27.4 - https:\/\/yoast.com\/product\/yoast-seo-wordpress\/ -->\n<title>Zuidam Distillers - Millstone 10yo Oloroso Sherry Cask Strength - Dramfolks Whisky Auction<\/title>\n<meta name=\"robots\" content=\"index, follow, max-snippet:-1, max-image-preview:large, max-video-preview:-1\" \/>\n<link rel=\"canonical\" href=\"https:\/\/www.dramfolks-whisky-auction.com\/fr\/product\/zuidam-distillers-millstone-10yo-oloroso-sherry-cask-strength-3\/\" \/>\n<meta property=\"og:locale\" content=\"fr_FR\" \/>\n<meta property=\"og:type\" content=\"article\" \/>\n<meta property=\"og:title\" content=\"Zuidam Distillers - Millstone 10yo Oloroso Sherry Cask Strength - Dramfolks Whisky Auction\" \/>\n<meta property=\"og:description\" content=\"Destille: Zuidam Distillers Zuidam Distillers wurde 1975 von Fred van Zuidam unter dem Namen Baarle International gegr\u00fcndet. Zuvor hatte er sich rund zwanzig Jahre lang um Produktion, Einkauf und Rezepturen bei De Kuyper in Schiedam gek\u00fcmmert, bevor er das Gef\u00fchl hatte, dass es an der Zeit war, sein eigenes Unternehmen zu gr\u00fcnden. Er kaufte ein[...]\" \/>\n<meta property=\"og:url\" content=\"https:\/\/www.dramfolks-whisky-auction.com\/fr\/product\/zuidam-distillers-millstone-10yo-oloroso-sherry-cask-strength-3\/\" \/>\n<meta property=\"og:site_name\" content=\"Dramfolks Whisky Auction\" \/>\n<meta property=\"article:modified_time\" content=\"2024-10-17T06:53:49+00:00\" \/>\n<meta property=\"og:image\" content=\"https:\/\/www.dramfolks-whisky-auction.com\/wp-content\/uploads\/2024\/08\/Millstone-10yo-vorne-scaled.jpg\" \/>\n\t<meta property=\"og:image:width\" content=\"2560\" \/>\n\t<meta property=\"og:image:height\" content=\"2560\" \/>\n\t<meta property=\"og:image:type\" content=\"image\/jpeg\" \/>\n<meta name=\"twitter:card\" content=\"summary_large_image\" \/>\n<meta name=\"twitter:label1\" content=\"Dur\u00e9e de lecture estim\u00e9e\" \/>\n\t<meta name=\"twitter:data1\" content=\"3 minutes\" \/>\n<script type=\"application\/ld+json\" class=\"yoast-schema-graph\">{\"@context\":\"https:\\\/\\\/schema.org\",\"@graph\":[{\"@type\":\"WebPage\",\"@id\":\"https:\\\/\\\/www.dramfolks-whisky-auction.com\\\/fr\\\/product\\\/zuidam-distillers-millstone-10yo-oloroso-sherry-cask-strength-3\\\/\",\"url\":\"https:\\\/\\\/www.dramfolks-whisky-auction.com\\\/fr\\\/product\\\/zuidam-distillers-millstone-10yo-oloroso-sherry-cask-strength-3\\\/\",\"name\":\"Zuidam Distillers - Millstone 10yo Oloroso Sherry Cask Strength - Dramfolks Whisky Auction\",\"isPartOf\":{\"@id\":\"https:\\\/\\\/www.dramfolks-whisky-auction.com\\\/fr\\\/#website\"},\"primaryImageOfPage\":{\"@id\":\"https:\\\/\\\/www.dramfolks-whisky-auction.com\\\/fr\\\/product\\\/zuidam-distillers-millstone-10yo-oloroso-sherry-cask-strength-3\\\/#primaryimage\"},\"image\":{\"@id\":\"https:\\\/\\\/www.dramfolks-whisky-auction.com\\\/fr\\\/product\\\/zuidam-distillers-millstone-10yo-oloroso-sherry-cask-strength-3\\\/#primaryimage\"},\"thumbnailUrl\":\"https:\\\/\\\/www.dramfolks-whisky-auction.com\\\/wp-content\\\/uploads\\\/2024\\\/08\\\/Millstone-10yo-vorne-scaled.jpg\",\"datePublished\":\"2024-09-22T12:27:04+00:00\",\"dateModified\":\"2024-10-17T06:53:49+00:00\",\"breadcrumb\":{\"@id\":\"https:\\\/\\\/www.dramfolks-whisky-auction.com\\\/fr\\\/product\\\/zuidam-distillers-millstone-10yo-oloroso-sherry-cask-strength-3\\\/#breadcrumb\"},\"inLanguage\":\"fr-FR\",\"potentialAction\":[{\"@type\":\"ReadAction\",\"target\":[\"https:\\\/\\\/www.dramfolks-whisky-auction.com\\\/fr\\\/product\\\/zuidam-distillers-millstone-10yo-oloroso-sherry-cask-strength-3\\\/\"]}]},{\"@type\":\"ImageObject\",\"inLanguage\":\"fr-FR\",\"@id\":\"https:\\\/\\\/www.dramfolks-whisky-auction.com\\\/fr\\\/product\\\/zuidam-distillers-millstone-10yo-oloroso-sherry-cask-strength-3\\\/#primaryimage\",\"url\":\"https:\\\/\\\/www.dramfolks-whisky-auction.com\\\/wp-content\\\/uploads\\\/2024\\\/08\\\/Millstone-10yo-vorne-scaled.jpg\",\"contentUrl\":\"https:\\\/\\\/www.dramfolks-whisky-auction.com\\\/wp-content\\\/uploads\\\/2024\\\/08\\\/Millstone-10yo-vorne-scaled.jpg\",\"width\":2560,\"height\":2560},{\"@type\":\"BreadcrumbList\",\"@id\":\"https:\\\/\\\/www.dramfolks-whisky-auction.com\\\/fr\\\/product\\\/zuidam-distillers-millstone-10yo-oloroso-sherry-cask-strength-3\\\/#breadcrumb\",\"itemListElement\":[{\"@type\":\"ListItem\",\"position\":1,\"name\":\"Startseite\",\"item\":\"https:\\\/\\\/www.dramfolks-whisky-auction.com\\\/fr\\\/\"},{\"@type\":\"ListItem\",\"position\":2,\"name\":\"Boutique\",\"item\":\"https:\\\/\\\/www.dramfolks-whisky-auction.com\\\/fr\\\/boutique\\\/\"},{\"@type\":\"ListItem\",\"position\":3,\"name\":\"Zuidam Distillers &#8211; Millstone 10yo Oloroso Sherry Cask Strength\"}]},{\"@type\":\"WebSite\",\"@id\":\"https:\\\/\\\/www.dramfolks-whisky-auction.com\\\/fr\\\/#website\",\"url\":\"https:\\\/\\\/www.dramfolks-whisky-auction.com\\\/fr\\\/\",\"name\":\"Dramfolks Whisky Auction\",\"description\":\"\",\"potentialAction\":[{\"@type\":\"SearchAction\",\"target\":{\"@type\":\"EntryPoint\",\"urlTemplate\":\"https:\\\/\\\/www.dramfolks-whisky-auction.com\\\/fr\\\/?s={search_term_string}\"},\"query-input\":{\"@type\":\"PropertyValueSpecification\",\"valueRequired\":true,\"valueName\":\"search_term_string\"}}],\"inLanguage\":\"fr-FR\"}]}<\/script>\n<!-- \/ Yoast SEO plugin. -->","yoast_head_json":{"title":"Zuidam Distillers - Millstone 10yo Oloroso Sherry Cask Strength - Dramfolks Whisky Auction","robots":{"index":"index","follow":"follow","max-snippet":"max-snippet:-1","max-image-preview":"max-image-preview:large","max-video-preview":"max-video-preview:-1"},"canonical":"https:\/\/www.dramfolks-whisky-auction.com\/fr\/product\/zuidam-distillers-millstone-10yo-oloroso-sherry-cask-strength-3\/","og_locale":"fr_FR","og_type":"article","og_title":"Zuidam Distillers - Millstone 10yo Oloroso Sherry Cask Strength - Dramfolks Whisky Auction","og_description":"Destille: Zuidam Distillers Zuidam Distillers wurde 1975 von Fred van Zuidam unter dem Namen Baarle International gegr\u00fcndet. Zuvor hatte er sich rund zwanzig Jahre lang um Produktion, Einkauf und Rezepturen bei De Kuyper in Schiedam gek\u00fcmmert, bevor er das Gef\u00fchl hatte, dass es an der Zeit war, sein eigenes Unternehmen zu gr\u00fcnden. Er kaufte ein[...]","og_url":"https:\/\/www.dramfolks-whisky-auction.com\/fr\/product\/zuidam-distillers-millstone-10yo-oloroso-sherry-cask-strength-3\/","og_site_name":"Dramfolks Whisky Auction","article_modified_time":"2024-10-17T06:53:49+00:00","og_image":[{"width":2560,"height":2560,"url":"https:\/\/www.dramfolks-whisky-auction.com\/wp-content\/uploads\/2024\/08\/Millstone-10yo-vorne-scaled.jpg","type":"image\/jpeg"}],"twitter_card":"summary_large_image","twitter_misc":{"Dur\u00e9e de lecture estim\u00e9e":"3 minutes"},"schema":{"@context":"https:\/\/schema.org","@graph":[{"@type":"WebPage","@id":"https:\/\/www.dramfolks-whisky-auction.com\/fr\/product\/zuidam-distillers-millstone-10yo-oloroso-sherry-cask-strength-3\/","url":"https:\/\/www.dramfolks-whisky-auction.com\/fr\/product\/zuidam-distillers-millstone-10yo-oloroso-sherry-cask-strength-3\/","name":"Zuidam Distillers - Millstone 10yo Oloroso Sherry Cask Strength - Dramfolks Whisky Auction","isPartOf":{"@id":"https:\/\/www.dramfolks-whisky-auction.com\/fr\/#website"},"primaryImageOfPage":{"@id":"https:\/\/www.dramfolks-whisky-auction.com\/fr\/product\/zuidam-distillers-millstone-10yo-oloroso-sherry-cask-strength-3\/#primaryimage"},"image":{"@id":"https:\/\/www.dramfolks-whisky-auction.com\/fr\/product\/zuidam-distillers-millstone-10yo-oloroso-sherry-cask-strength-3\/#primaryimage"},"thumbnailUrl":"https:\/\/www.dramfolks-whisky-auction.com\/wp-content\/uploads\/2024\/08\/Millstone-10yo-vorne-scaled.jpg","datePublished":"2024-09-22T12:27:04+00:00","dateModified":"2024-10-17T06:53:49+00:00","breadcrumb":{"@id":"https:\/\/www.dramfolks-whisky-auction.com\/fr\/product\/zuidam-distillers-millstone-10yo-oloroso-sherry-cask-strength-3\/#breadcrumb"},"inLanguage":"fr-FR","potentialAction":[{"@type":"ReadAction","target":["https:\/\/www.dramfolks-whisky-auction.com\/fr\/product\/zuidam-distillers-millstone-10yo-oloroso-sherry-cask-strength-3\/"]}]},{"@type":"ImageObject","inLanguage":"fr-FR","@id":"https:\/\/www.dramfolks-whisky-auction.com\/fr\/product\/zuidam-distillers-millstone-10yo-oloroso-sherry-cask-strength-3\/#primaryimage","url":"https:\/\/www.dramfolks-whisky-auction.com\/wp-content\/uploads\/2024\/08\/Millstone-10yo-vorne-scaled.jpg","contentUrl":"https:\/\/www.dramfolks-whisky-auction.com\/wp-content\/uploads\/2024\/08\/Millstone-10yo-vorne-scaled.jpg","width":2560,"height":2560},{"@type":"BreadcrumbList","@id":"https:\/\/www.dramfolks-whisky-auction.com\/fr\/product\/zuidam-distillers-millstone-10yo-oloroso-sherry-cask-strength-3\/#breadcrumb","itemListElement":[{"@type":"ListItem","position":1,"name":"Startseite","item":"https:\/\/www.dramfolks-whisky-auction.com\/fr\/"},{"@type":"ListItem","position":2,"name":"Boutique","item":"https:\/\/www.dramfolks-whisky-auction.com\/fr\/boutique\/"},{"@type":"ListItem","position":3,"name":"Zuidam Distillers &#8211; Millstone 10yo Oloroso Sherry Cask Strength"}]},{"@type":"WebSite","@id":"https:\/\/www.dramfolks-whisky-auction.com\/fr\/#website","url":"https:\/\/www.dramfolks-whisky-auction.com\/fr\/","name":"Dramfolks Whisky Auction","description":"","potentialAction":[{"@type":"SearchAction","target":{"@type":"EntryPoint","urlTemplate":"https:\/\/www.dramfolks-whisky-auction.com\/fr\/?s={search_term_string}"},"query-input":{"@type":"PropertyValueSpecification","valueRequired":true,"valueName":"search_term_string"}}],"inLanguage":"fr-FR"}]}},"_links":{"self":[{"href":"https:\/\/www.dramfolks-whisky-auction.com\/fr\/wp-json\/wp\/v2\/product\/527639","targetHints":{"allow":["GET"]}}],"collection":[{"href":"https:\/\/www.dramfolks-whisky-auction.com\/fr\/wp-json\/wp\/v2\/product"}],"about":[{"href":"https:\/\/www.dramfolks-whisky-auction.com\/fr\/wp-json\/wp\/v2\/types\/product"}],"replies":[{"embeddable":true,"href":"https:\/\/www.dramfolks-whisky-auction.com\/fr\/wp-json\/wp\/v2\/comments?post=527639"}],"wp:featuredmedia":[{"embeddable":true,"href":"https:\/\/www.dramfolks-whisky-auction.com\/fr\/wp-json\/wp\/v2\/media\/170794"}],"wp:attachment":[{"href":"https:\/\/www.dramfolks-whisky-auction.com\/fr\/wp-json\/wp\/v2\/media?parent=527639"}],"wp:term":[{"taxonomy":"product_brand","embeddable":true,"href":"https:\/\/www.dramfolks-whisky-auction.com\/fr\/wp-json\/wp\/v2\/product_brand?post=527639"},{"taxonomy":"product_cat","embeddable":true,"href":"https:\/\/www.dramfolks-whisky-auction.com\/fr\/wp-json\/wp\/v2\/product_cat?post=527639"},{"taxonomy":"product_tag","embeddable":true,"href":"https:\/\/www.dramfolks-whisky-auction.com\/fr\/wp-json\/wp\/v2\/product_tag?post=527639"}],"curies":[{"name":"wp","href":"https:\/\/api.w.org\/{rel}","templated":true}]}}