{"id":527635,"date":"2024-09-22T14:09:25","date_gmt":"2024-09-22T12:09:25","guid":{"rendered":"https:\/\/www.dramfolks-whisky-auction.com\/?post_type=product&#038;p=527635"},"modified":"2024-10-13T19:00:07","modified_gmt":"2024-10-13T17:00:07","slug":"puni-destillerie-arte-no-3-limited-edition-8","status":"publish","type":"product","link":"https:\/\/www.dramfolks-whisky-auction.com\/fr\/product\/puni-destillerie-arte-no-3-limited-edition-8\/","title":{"rendered":"Puni Destillerie &#8211; Arte No.3 Limited Edition"},"content":{"rendered":"<p><strong>Destille: Puni Destillerie<br \/>\n<\/strong>Nach jahrelanger Ideensammlung und Planung legte der erfolgreiche Baumeister Albrecht Ebensperger im Jahr 2010, sprichw\u00f6rtlich, den Grundstein f\u00fcr die erste italienische Whiskydestillerie. Die gro\u00dfe Leidenschaft f\u00fcr das schottische Lebenswasser hatte Familie Ebensperger angespornt die PUNI Destillerie zu gr\u00fcnden. Die Brennerei ist die erste und bisher einzige Whisky Destillerie Italiens und steht inmitten der Alpen, nahe dem Ortlermassiv, in Glurns im Vinschgau. Die Brennerei tr\u00e4gt den Namen des Flusses Puni. Dieser entspringt in den \u00d6tztaler Alpen auf 3.391 Metern und fliesst durch das Planeiltal in den Vinschgau ein. Die Betreiber legen gro\u00dfen Wert auf einheimisches Getreide. Zudem lagern sie einen Teil der F\u00e4sser in alten, ausgedienten Milit\u00e4rbunkern im Vinschgau.<\/p>\n<p><strong>Fun fact: <\/strong>Die Gegend um das Ortlermassiv, wo die moderne Destillerie in Glurns im Vinschgau steht, wird auch die Highlands Italiens genannt. Die Gegend bietet ideale Voraussetzungen f\u00fcr die Herstellung eines ausserordentlichen Whiskys. So erscheint es nur konsequent, dass die Whisky-Pioniere reinstes Vinschger Gletscherwasser und Vinschger Korn zur Herstellung der hochprozentigen Tropfen verwenden. Seit 2015 bietet die Puni Destillerie Italian Malt Whisky an, welcher nicht nur eine Kopie des schottischen Originals sein soll, sondern das Terroir S\u00fcdtirols und Italiens miteinbezieht.<\/p>\n<p><strong>Whisky\/Whiskey: Arte No.3 Limited Edition<br \/>\n<\/strong>Mit ARTE No.1 startet die Brennerfamilie Ebensperger in eine exklusive Reihe ihres Italian Malt Whisky \u2013 bestehend rein aus von den Gr\u00fcndern handverlesenen F\u00e4ssern. Das Resultat &#8211; Individuelle Geschmacksprofile, die f\u00fcr die Kunst der italienischen Whiskyherstellung stehen. Puni Arte No.3 ist der erste reine Single Malt Whisky der Familienbrennerei und reifte ausschlie\u00dflich in Sherryf\u00e4ssern. Die Abf\u00fcllung ist auf 1655 Flaschen limitiert!<br \/>\nIn der kunstvollen Flasche verbirgt sich ein Erlebnis aus Kaffeebohnen, dunkler Schokolade und wildem Honig, kombiniert mit Noten von Grapefruit und reifen Beeren. Leichte Nuancen von trockener Eiche und w\u00fcrziger Muskatnuss runden den Geschmack ab und verleihen dem Whisky ein volles und ausgeglichenes Bouquet.<\/p>\n<p><strong>Info Qualit\u00e4t der Flasche:<\/strong> Exzellent &#8211; ohne Besch\u00e4digungen \/ <strong>F\u00fcllstand:<\/strong> Into neck<br \/>\n<strong>Info Qualit\u00e4t der Box:<\/strong> Exzellent &#8211; ohne Besch\u00e4digungen<\/p>\n<p><strong>Wichtiger Hinweis:<\/strong> Die Bewertung der Flaschen und Boxen erfolgt nach \u201ebesten Wissen und Gewissen\u201c. dramfolks kann keine Gew\u00e4hrleistung f\u00fcr den Inhalt der Flaschen \u00fcbernehmen. Weitere Infos &amp; Hinweise finden Sie in unseren AGBs. Wir empfehlen Ihnen, vor der Abgabe von Geboten \u00fcber die Zoomfunktion eine Besichtigung \/ genaue Pr\u00fcfung des angebotenen Whiskys vorzunehmen. Bitte kontaktieren sie uns bei Fragen direkt unter info@dramfolks.com<\/p>\n","protected":false},"excerpt":{"rendered":"<p>Destille: Puni Destillerie Nach jahrelanger Ideensammlung und Planung legte der erfolgreiche Baumeister Albrecht Ebensperger im Jahr 2010, sprichw\u00f6rtlich, den Grundstein f\u00fcr die erste italienische Whiskydestillerie. Die gro\u00dfe Leidenschaft f\u00fcr das schottische Lebenswasser hatte Familie Ebensperger angespornt die PUNI Destillerie zu gr\u00fcnden. Die Brennerei ist die erste und bisher einzige Whisky Destillerie Italiens und steht inmitten[&#8230;]\n","protected":false},"featured_media":529669,"comment_status":"closed","ping_status":"closed","template":"","meta":[],"product_brand":[],"product_cat":[933],"product_tag":[],"class_list":{"0":"post-527635","1":"product","2":"type-product","3":"status-publish","4":"has-post-thumbnail","6":"product_cat-no-13","8":"first","9":"instock","10":"shipping-taxable","11":"purchasable","12":"product-type-auction"},"yoast_head":"<!-- This site is optimized with the Yoast SEO plugin v27.4 - https:\/\/yoast.com\/product\/yoast-seo-wordpress\/ -->\n<title>Puni Destillerie - Arte No.3 Limited Edition - Dramfolks Whisky Auction<\/title>\n<meta name=\"robots\" content=\"index, follow, max-snippet:-1, max-image-preview:large, max-video-preview:-1\" \/>\n<link rel=\"canonical\" href=\"https:\/\/www.dramfolks-whisky-auction.com\/fr\/product\/puni-destillerie-arte-no-3-limited-edition-8\/\" \/>\n<meta property=\"og:locale\" content=\"fr_FR\" \/>\n<meta property=\"og:type\" content=\"article\" \/>\n<meta property=\"og:title\" content=\"Puni Destillerie - Arte No.3 Limited Edition - Dramfolks Whisky Auction\" \/>\n<meta property=\"og:description\" content=\"Destille: Puni Destillerie Nach jahrelanger Ideensammlung und Planung legte der erfolgreiche Baumeister Albrecht Ebensperger im Jahr 2010, sprichw\u00f6rtlich, den Grundstein f\u00fcr die erste italienische Whiskydestillerie. Die gro\u00dfe Leidenschaft f\u00fcr das schottische Lebenswasser hatte Familie Ebensperger angespornt die PUNI Destillerie zu gr\u00fcnden. Die Brennerei ist die erste und bisher einzige Whisky Destillerie Italiens und steht inmitten[...]\" \/>\n<meta property=\"og:url\" content=\"https:\/\/www.dramfolks-whisky-auction.com\/fr\/product\/puni-destillerie-arte-no-3-limited-edition-8\/\" \/>\n<meta property=\"og:site_name\" content=\"Dramfolks Whisky Auction\" \/>\n<meta property=\"article:modified_time\" content=\"2024-10-13T17:00:07+00:00\" \/>\n<meta property=\"og:image\" content=\"https:\/\/www.dramfolks-whisky-auction.com\/wp-content\/uploads\/2024\/09\/Puni-No.3-vorne-scaled.jpg\" \/>\n\t<meta property=\"og:image:width\" content=\"2560\" \/>\n\t<meta property=\"og:image:height\" content=\"2560\" \/>\n\t<meta property=\"og:image:type\" content=\"image\/jpeg\" \/>\n<meta name=\"twitter:card\" content=\"summary_large_image\" \/>\n<meta name=\"twitter:label1\" content=\"Dur\u00e9e de lecture estim\u00e9e\" \/>\n\t<meta name=\"twitter:data1\" content=\"3 minutes\" \/>\n<script type=\"application\/ld+json\" class=\"yoast-schema-graph\">{\"@context\":\"https:\\\/\\\/schema.org\",\"@graph\":[{\"@type\":\"WebPage\",\"@id\":\"https:\\\/\\\/www.dramfolks-whisky-auction.com\\\/fr\\\/product\\\/puni-destillerie-arte-no-3-limited-edition-8\\\/\",\"url\":\"https:\\\/\\\/www.dramfolks-whisky-auction.com\\\/fr\\\/product\\\/puni-destillerie-arte-no-3-limited-edition-8\\\/\",\"name\":\"Puni Destillerie - Arte No.3 Limited Edition - Dramfolks Whisky Auction\",\"isPartOf\":{\"@id\":\"https:\\\/\\\/www.dramfolks-whisky-auction.com\\\/fr\\\/#website\"},\"primaryImageOfPage\":{\"@id\":\"https:\\\/\\\/www.dramfolks-whisky-auction.com\\\/fr\\\/product\\\/puni-destillerie-arte-no-3-limited-edition-8\\\/#primaryimage\"},\"image\":{\"@id\":\"https:\\\/\\\/www.dramfolks-whisky-auction.com\\\/fr\\\/product\\\/puni-destillerie-arte-no-3-limited-edition-8\\\/#primaryimage\"},\"thumbnailUrl\":\"https:\\\/\\\/www.dramfolks-whisky-auction.com\\\/wp-content\\\/uploads\\\/2024\\\/09\\\/Puni-No.3-vorne-scaled.jpg\",\"datePublished\":\"2024-09-22T12:09:25+00:00\",\"dateModified\":\"2024-10-13T17:00:07+00:00\",\"breadcrumb\":{\"@id\":\"https:\\\/\\\/www.dramfolks-whisky-auction.com\\\/fr\\\/product\\\/puni-destillerie-arte-no-3-limited-edition-8\\\/#breadcrumb\"},\"inLanguage\":\"fr-FR\",\"potentialAction\":[{\"@type\":\"ReadAction\",\"target\":[\"https:\\\/\\\/www.dramfolks-whisky-auction.com\\\/fr\\\/product\\\/puni-destillerie-arte-no-3-limited-edition-8\\\/\"]}]},{\"@type\":\"ImageObject\",\"inLanguage\":\"fr-FR\",\"@id\":\"https:\\\/\\\/www.dramfolks-whisky-auction.com\\\/fr\\\/product\\\/puni-destillerie-arte-no-3-limited-edition-8\\\/#primaryimage\",\"url\":\"https:\\\/\\\/www.dramfolks-whisky-auction.com\\\/wp-content\\\/uploads\\\/2024\\\/09\\\/Puni-No.3-vorne-scaled.jpg\",\"contentUrl\":\"https:\\\/\\\/www.dramfolks-whisky-auction.com\\\/wp-content\\\/uploads\\\/2024\\\/09\\\/Puni-No.3-vorne-scaled.jpg\",\"width\":2560,\"height\":2560},{\"@type\":\"BreadcrumbList\",\"@id\":\"https:\\\/\\\/www.dramfolks-whisky-auction.com\\\/fr\\\/product\\\/puni-destillerie-arte-no-3-limited-edition-8\\\/#breadcrumb\",\"itemListElement\":[{\"@type\":\"ListItem\",\"position\":1,\"name\":\"Startseite\",\"item\":\"https:\\\/\\\/www.dramfolks-whisky-auction.com\\\/fr\\\/\"},{\"@type\":\"ListItem\",\"position\":2,\"name\":\"Boutique\",\"item\":\"https:\\\/\\\/www.dramfolks-whisky-auction.com\\\/fr\\\/boutique\\\/\"},{\"@type\":\"ListItem\",\"position\":3,\"name\":\"Puni Destillerie &#8211; Arte No.3 Limited Edition\"}]},{\"@type\":\"WebSite\",\"@id\":\"https:\\\/\\\/www.dramfolks-whisky-auction.com\\\/fr\\\/#website\",\"url\":\"https:\\\/\\\/www.dramfolks-whisky-auction.com\\\/fr\\\/\",\"name\":\"Dramfolks Whisky Auction\",\"description\":\"\",\"potentialAction\":[{\"@type\":\"SearchAction\",\"target\":{\"@type\":\"EntryPoint\",\"urlTemplate\":\"https:\\\/\\\/www.dramfolks-whisky-auction.com\\\/fr\\\/?s={search_term_string}\"},\"query-input\":{\"@type\":\"PropertyValueSpecification\",\"valueRequired\":true,\"valueName\":\"search_term_string\"}}],\"inLanguage\":\"fr-FR\"}]}<\/script>\n<!-- \/ Yoast SEO plugin. -->","yoast_head_json":{"title":"Puni Destillerie - Arte No.3 Limited Edition - Dramfolks Whisky Auction","robots":{"index":"index","follow":"follow","max-snippet":"max-snippet:-1","max-image-preview":"max-image-preview:large","max-video-preview":"max-video-preview:-1"},"canonical":"https:\/\/www.dramfolks-whisky-auction.com\/fr\/product\/puni-destillerie-arte-no-3-limited-edition-8\/","og_locale":"fr_FR","og_type":"article","og_title":"Puni Destillerie - Arte No.3 Limited Edition - Dramfolks Whisky Auction","og_description":"Destille: Puni Destillerie Nach jahrelanger Ideensammlung und Planung legte der erfolgreiche Baumeister Albrecht Ebensperger im Jahr 2010, sprichw\u00f6rtlich, den Grundstein f\u00fcr die erste italienische Whiskydestillerie. Die gro\u00dfe Leidenschaft f\u00fcr das schottische Lebenswasser hatte Familie Ebensperger angespornt die PUNI Destillerie zu gr\u00fcnden. Die Brennerei ist die erste und bisher einzige Whisky Destillerie Italiens und steht inmitten[...]","og_url":"https:\/\/www.dramfolks-whisky-auction.com\/fr\/product\/puni-destillerie-arte-no-3-limited-edition-8\/","og_site_name":"Dramfolks Whisky Auction","article_modified_time":"2024-10-13T17:00:07+00:00","og_image":[{"width":2560,"height":2560,"url":"https:\/\/www.dramfolks-whisky-auction.com\/wp-content\/uploads\/2024\/09\/Puni-No.3-vorne-scaled.jpg","type":"image\/jpeg"}],"twitter_card":"summary_large_image","twitter_misc":{"Dur\u00e9e de lecture estim\u00e9e":"3 minutes"},"schema":{"@context":"https:\/\/schema.org","@graph":[{"@type":"WebPage","@id":"https:\/\/www.dramfolks-whisky-auction.com\/fr\/product\/puni-destillerie-arte-no-3-limited-edition-8\/","url":"https:\/\/www.dramfolks-whisky-auction.com\/fr\/product\/puni-destillerie-arte-no-3-limited-edition-8\/","name":"Puni Destillerie - Arte No.3 Limited Edition - Dramfolks Whisky Auction","isPartOf":{"@id":"https:\/\/www.dramfolks-whisky-auction.com\/fr\/#website"},"primaryImageOfPage":{"@id":"https:\/\/www.dramfolks-whisky-auction.com\/fr\/product\/puni-destillerie-arte-no-3-limited-edition-8\/#primaryimage"},"image":{"@id":"https:\/\/www.dramfolks-whisky-auction.com\/fr\/product\/puni-destillerie-arte-no-3-limited-edition-8\/#primaryimage"},"thumbnailUrl":"https:\/\/www.dramfolks-whisky-auction.com\/wp-content\/uploads\/2024\/09\/Puni-No.3-vorne-scaled.jpg","datePublished":"2024-09-22T12:09:25+00:00","dateModified":"2024-10-13T17:00:07+00:00","breadcrumb":{"@id":"https:\/\/www.dramfolks-whisky-auction.com\/fr\/product\/puni-destillerie-arte-no-3-limited-edition-8\/#breadcrumb"},"inLanguage":"fr-FR","potentialAction":[{"@type":"ReadAction","target":["https:\/\/www.dramfolks-whisky-auction.com\/fr\/product\/puni-destillerie-arte-no-3-limited-edition-8\/"]}]},{"@type":"ImageObject","inLanguage":"fr-FR","@id":"https:\/\/www.dramfolks-whisky-auction.com\/fr\/product\/puni-destillerie-arte-no-3-limited-edition-8\/#primaryimage","url":"https:\/\/www.dramfolks-whisky-auction.com\/wp-content\/uploads\/2024\/09\/Puni-No.3-vorne-scaled.jpg","contentUrl":"https:\/\/www.dramfolks-whisky-auction.com\/wp-content\/uploads\/2024\/09\/Puni-No.3-vorne-scaled.jpg","width":2560,"height":2560},{"@type":"BreadcrumbList","@id":"https:\/\/www.dramfolks-whisky-auction.com\/fr\/product\/puni-destillerie-arte-no-3-limited-edition-8\/#breadcrumb","itemListElement":[{"@type":"ListItem","position":1,"name":"Startseite","item":"https:\/\/www.dramfolks-whisky-auction.com\/fr\/"},{"@type":"ListItem","position":2,"name":"Boutique","item":"https:\/\/www.dramfolks-whisky-auction.com\/fr\/boutique\/"},{"@type":"ListItem","position":3,"name":"Puni Destillerie &#8211; Arte No.3 Limited Edition"}]},{"@type":"WebSite","@id":"https:\/\/www.dramfolks-whisky-auction.com\/fr\/#website","url":"https:\/\/www.dramfolks-whisky-auction.com\/fr\/","name":"Dramfolks Whisky Auction","description":"","potentialAction":[{"@type":"SearchAction","target":{"@type":"EntryPoint","urlTemplate":"https:\/\/www.dramfolks-whisky-auction.com\/fr\/?s={search_term_string}"},"query-input":{"@type":"PropertyValueSpecification","valueRequired":true,"valueName":"search_term_string"}}],"inLanguage":"fr-FR"}]}},"_links":{"self":[{"href":"https:\/\/www.dramfolks-whisky-auction.com\/fr\/wp-json\/wp\/v2\/product\/527635","targetHints":{"allow":["GET"]}}],"collection":[{"href":"https:\/\/www.dramfolks-whisky-auction.com\/fr\/wp-json\/wp\/v2\/product"}],"about":[{"href":"https:\/\/www.dramfolks-whisky-auction.com\/fr\/wp-json\/wp\/v2\/types\/product"}],"replies":[{"embeddable":true,"href":"https:\/\/www.dramfolks-whisky-auction.com\/fr\/wp-json\/wp\/v2\/comments?post=527635"}],"wp:featuredmedia":[{"embeddable":true,"href":"https:\/\/www.dramfolks-whisky-auction.com\/fr\/wp-json\/wp\/v2\/media\/529669"}],"wp:attachment":[{"href":"https:\/\/www.dramfolks-whisky-auction.com\/fr\/wp-json\/wp\/v2\/media?parent=527635"}],"wp:term":[{"taxonomy":"product_brand","embeddable":true,"href":"https:\/\/www.dramfolks-whisky-auction.com\/fr\/wp-json\/wp\/v2\/product_brand?post=527635"},{"taxonomy":"product_cat","embeddable":true,"href":"https:\/\/www.dramfolks-whisky-auction.com\/fr\/wp-json\/wp\/v2\/product_cat?post=527635"},{"taxonomy":"product_tag","embeddable":true,"href":"https:\/\/www.dramfolks-whisky-auction.com\/fr\/wp-json\/wp\/v2\/product_tag?post=527635"}],"curies":[{"name":"wp","href":"https:\/\/api.w.org\/{rel}","templated":true}]}}