{"id":527626,"date":"2024-09-22T13:40:51","date_gmt":"2024-09-22T11:40:51","guid":{"rendered":"https:\/\/www.dramfolks-whisky-auction.com\/?post_type=product&#038;p=527626"},"modified":"2024-10-15T19:14:48","modified_gmt":"2024-10-15T17:14:48","slug":"jameson-single-pot-still-five-oak-cask-release-3","status":"publish","type":"product","link":"https:\/\/www.dramfolks-whisky-auction.com\/fr\/product\/jameson-single-pot-still-five-oak-cask-release-3\/","title":{"rendered":"Jameson &#8211; Single Pot Still Five Oak Cask Release"},"content":{"rendered":"<p><strong>Destille: Jameson<br \/>\n<\/strong>Jameson ist eine irische Whiskey-Marke. Die gleichnamige Destillerie wurde von John Jameson im Jahr 1780 in Dublin gegr\u00fcndet und bis 1971 wurde in der Bow Street (Smithfield Village) destilliert. Heute kann man in Dublin nur noch die Schaubrennereien von Old Jameson besichtigen, produziert wird in Midleton. Jameson geh\u00f6rt zu den weltweit bekanntesten (irischen) Whiskey-Marken. Nach den gro\u00dfen \u00ab\u00a0Whiskey-Krisen\u00a0\u00bb in den USA und UK schloss sich im Jahre 1966 Jameson-Irish-Whiskey mit den letzten verbliebenen Destillerien der Republik Irland, n\u00e4mlich Power&rsquo;s (John Power &amp; Son) und Cork Distilleries, zur Irish Distillers (Group) zusammen. 1975 er\u00f6ffnete diese Gruppe in Midleton, Cork, eine damalig auf dem technisch neuestem Stand befindliche Destillerie. Seit 1988 geh\u00f6rt die Irish Distillers Limited zum franz\u00f6sischen Pernod-Ricard-Konzern.<\/p>\n<p><strong>Fun Fakt:<\/strong> Gr\u00fcnder John Jameson war eigentlich ein Schotte&#8230; John Jameson wurde 1740 in Alloa, Schottland, geboren und urspr\u00fcnglich von der Familie seiner zuk\u00fcnftigen Frau als General Manager bei Dubliner Bow Street Distillery eingestellt. Dort lernte er Margaret Haig kennen, deren Cousins 1780 die Dubliner Bow Street Distillery mit John Jameson gr\u00fcndeten.<\/p>\n<p><strong>Whisky\/Whiskey: Single Pot Still Five Oak Cask Release<br \/>\n<\/strong>Der Jameson Single Pot Still verk\u00f6rpert die traditionelle irische Whiskeyherstellung, nach der er benannt ist. Die dreifache Destillation von gem\u00e4lzter und ungem\u00e4lzter Gerste sorgt f\u00fcr eine reichhaltige, unverwechselbare Seidigkeit mit der charakteristischen Pot-Still-W\u00fcrze. Dieser Five Oak Cask Release reift in einer Kombination aus drei verschiedenen Arten unber\u00fchrter Eiche (irische, europ\u00e4ische und amerikanische) sowie in Ex-Bourbon- und Ex-Sherry-F\u00e4ssern. Aroma von dunkler Schokolade, w\u00fcrzigem Toffee, Zimt und frisch gemahlenen Ingwer mit einem Hauch von Orangenschale nimmt man hier deutlich wahr.<\/p>\n<p><strong>Info Qualit\u00e4t der Flasche:<\/strong> Exzellent ohne Besch\u00e4digungen \/ <strong>F\u00fcllstand:<\/strong> Into neck<br \/>\n<strong>Info Qualit\u00e4t der Box:<\/strong> keine Box vorhanden<\/p>\n<p><strong>Wichtiger Hinweis:<\/strong> Die Bewertung der Flaschen und Boxen erfolgt nach \u201ebesten Wissen und Gewissen\u201c. dramfolks kann keine Gew\u00e4hrleistung f\u00fcr den Inhalt der Flaschen \u00fcbernehmen. Weitere Infos &amp; Hinweise finden Sie in unseren AGBs. Wir empfehlen Ihnen, vor der Abgabe von Geboten \u00fcber die Zoomfunktion eine Besichtigung \/ genaue Pr\u00fcfung des angebotenen Whiskys vorzunehmen. Bitte kontaktieren sie uns bei Fragen direkt unter info@dramfolks.com<\/p>\n","protected":false},"excerpt":{"rendered":"<p>Destille: Jameson Jameson ist eine irische Whiskey-Marke. Die gleichnamige Destillerie wurde von John Jameson im Jahr 1780 in Dublin gegr\u00fcndet und bis 1971 wurde in der Bow Street (Smithfield Village) destilliert. Heute kann man in Dublin nur noch die Schaubrennereien von Old Jameson besichtigen, produziert wird in Midleton. Jameson geh\u00f6rt zu den weltweit bekanntesten (irischen)[&#8230;]\n","protected":false},"featured_media":48839,"comment_status":"closed","ping_status":"closed","template":"","meta":[],"product_brand":[],"product_cat":[933],"product_tag":[],"class_list":{"0":"post-527626","1":"product","2":"type-product","3":"status-publish","4":"has-post-thumbnail","6":"product_cat-no-13","8":"first","9":"instock","10":"shipping-taxable","11":"purchasable","12":"product-type-auction"},"yoast_head":"<!-- This site is optimized with the Yoast SEO plugin v27.4 - https:\/\/yoast.com\/product\/yoast-seo-wordpress\/ -->\n<title>Jameson - Single Pot Still Five Oak Cask Release - Dramfolks Whisky Auction<\/title>\n<meta name=\"robots\" content=\"index, follow, max-snippet:-1, max-image-preview:large, max-video-preview:-1\" \/>\n<link rel=\"canonical\" href=\"https:\/\/www.dramfolks-whisky-auction.com\/fr\/product\/jameson-single-pot-still-five-oak-cask-release-3\/\" \/>\n<meta property=\"og:locale\" content=\"fr_FR\" \/>\n<meta property=\"og:type\" content=\"article\" \/>\n<meta property=\"og:title\" content=\"Jameson - Single Pot Still Five Oak Cask Release - Dramfolks Whisky Auction\" \/>\n<meta property=\"og:description\" content=\"Destille: Jameson Jameson ist eine irische Whiskey-Marke. Die gleichnamige Destillerie wurde von John Jameson im Jahr 1780 in Dublin gegr\u00fcndet und bis 1971 wurde in der Bow Street (Smithfield Village) destilliert. Heute kann man in Dublin nur noch die Schaubrennereien von Old Jameson besichtigen, produziert wird in Midleton. Jameson geh\u00f6rt zu den weltweit bekanntesten (irischen)[...]\" \/>\n<meta property=\"og:url\" content=\"https:\/\/www.dramfolks-whisky-auction.com\/fr\/product\/jameson-single-pot-still-five-oak-cask-release-3\/\" \/>\n<meta property=\"og:site_name\" content=\"Dramfolks Whisky Auction\" \/>\n<meta property=\"article:modified_time\" content=\"2024-10-15T17:14:48+00:00\" \/>\n<meta property=\"og:image\" content=\"https:\/\/www.dramfolks-whisky-auction.com\/wp-content\/uploads\/2024\/05\/Jameson-Five-Oak-vorne-scaled.jpg\" \/>\n\t<meta property=\"og:image:width\" content=\"2560\" \/>\n\t<meta property=\"og:image:height\" content=\"2560\" \/>\n\t<meta property=\"og:image:type\" content=\"image\/jpeg\" \/>\n<meta name=\"twitter:card\" content=\"summary_large_image\" \/>\n<meta name=\"twitter:label1\" content=\"Dur\u00e9e de lecture estim\u00e9e\" \/>\n\t<meta name=\"twitter:data1\" content=\"3 minutes\" \/>\n<script type=\"application\/ld+json\" class=\"yoast-schema-graph\">{\"@context\":\"https:\\\/\\\/schema.org\",\"@graph\":[{\"@type\":\"WebPage\",\"@id\":\"https:\\\/\\\/www.dramfolks-whisky-auction.com\\\/fr\\\/product\\\/jameson-single-pot-still-five-oak-cask-release-3\\\/\",\"url\":\"https:\\\/\\\/www.dramfolks-whisky-auction.com\\\/fr\\\/product\\\/jameson-single-pot-still-five-oak-cask-release-3\\\/\",\"name\":\"Jameson - Single Pot Still Five Oak Cask Release - Dramfolks Whisky Auction\",\"isPartOf\":{\"@id\":\"https:\\\/\\\/www.dramfolks-whisky-auction.com\\\/fr\\\/#website\"},\"primaryImageOfPage\":{\"@id\":\"https:\\\/\\\/www.dramfolks-whisky-auction.com\\\/fr\\\/product\\\/jameson-single-pot-still-five-oak-cask-release-3\\\/#primaryimage\"},\"image\":{\"@id\":\"https:\\\/\\\/www.dramfolks-whisky-auction.com\\\/fr\\\/product\\\/jameson-single-pot-still-five-oak-cask-release-3\\\/#primaryimage\"},\"thumbnailUrl\":\"https:\\\/\\\/www.dramfolks-whisky-auction.com\\\/wp-content\\\/uploads\\\/2024\\\/05\\\/Jameson-Five-Oak-vorne-scaled.jpg\",\"datePublished\":\"2024-09-22T11:40:51+00:00\",\"dateModified\":\"2024-10-15T17:14:48+00:00\",\"breadcrumb\":{\"@id\":\"https:\\\/\\\/www.dramfolks-whisky-auction.com\\\/fr\\\/product\\\/jameson-single-pot-still-five-oak-cask-release-3\\\/#breadcrumb\"},\"inLanguage\":\"fr-FR\",\"potentialAction\":[{\"@type\":\"ReadAction\",\"target\":[\"https:\\\/\\\/www.dramfolks-whisky-auction.com\\\/fr\\\/product\\\/jameson-single-pot-still-five-oak-cask-release-3\\\/\"]}]},{\"@type\":\"ImageObject\",\"inLanguage\":\"fr-FR\",\"@id\":\"https:\\\/\\\/www.dramfolks-whisky-auction.com\\\/fr\\\/product\\\/jameson-single-pot-still-five-oak-cask-release-3\\\/#primaryimage\",\"url\":\"https:\\\/\\\/www.dramfolks-whisky-auction.com\\\/wp-content\\\/uploads\\\/2024\\\/05\\\/Jameson-Five-Oak-vorne-scaled.jpg\",\"contentUrl\":\"https:\\\/\\\/www.dramfolks-whisky-auction.com\\\/wp-content\\\/uploads\\\/2024\\\/05\\\/Jameson-Five-Oak-vorne-scaled.jpg\",\"width\":2560,\"height\":2560},{\"@type\":\"BreadcrumbList\",\"@id\":\"https:\\\/\\\/www.dramfolks-whisky-auction.com\\\/fr\\\/product\\\/jameson-single-pot-still-five-oak-cask-release-3\\\/#breadcrumb\",\"itemListElement\":[{\"@type\":\"ListItem\",\"position\":1,\"name\":\"Startseite\",\"item\":\"https:\\\/\\\/www.dramfolks-whisky-auction.com\\\/fr\\\/\"},{\"@type\":\"ListItem\",\"position\":2,\"name\":\"Boutique\",\"item\":\"https:\\\/\\\/www.dramfolks-whisky-auction.com\\\/fr\\\/boutique\\\/\"},{\"@type\":\"ListItem\",\"position\":3,\"name\":\"Jameson &#8211; Single Pot Still Five Oak Cask Release\"}]},{\"@type\":\"WebSite\",\"@id\":\"https:\\\/\\\/www.dramfolks-whisky-auction.com\\\/fr\\\/#website\",\"url\":\"https:\\\/\\\/www.dramfolks-whisky-auction.com\\\/fr\\\/\",\"name\":\"Dramfolks Whisky Auction\",\"description\":\"\",\"potentialAction\":[{\"@type\":\"SearchAction\",\"target\":{\"@type\":\"EntryPoint\",\"urlTemplate\":\"https:\\\/\\\/www.dramfolks-whisky-auction.com\\\/fr\\\/?s={search_term_string}\"},\"query-input\":{\"@type\":\"PropertyValueSpecification\",\"valueRequired\":true,\"valueName\":\"search_term_string\"}}],\"inLanguage\":\"fr-FR\"}]}<\/script>\n<!-- \/ Yoast SEO plugin. -->","yoast_head_json":{"title":"Jameson - Single Pot Still Five Oak Cask Release - Dramfolks Whisky Auction","robots":{"index":"index","follow":"follow","max-snippet":"max-snippet:-1","max-image-preview":"max-image-preview:large","max-video-preview":"max-video-preview:-1"},"canonical":"https:\/\/www.dramfolks-whisky-auction.com\/fr\/product\/jameson-single-pot-still-five-oak-cask-release-3\/","og_locale":"fr_FR","og_type":"article","og_title":"Jameson - Single Pot Still Five Oak Cask Release - Dramfolks Whisky Auction","og_description":"Destille: Jameson Jameson ist eine irische Whiskey-Marke. Die gleichnamige Destillerie wurde von John Jameson im Jahr 1780 in Dublin gegr\u00fcndet und bis 1971 wurde in der Bow Street (Smithfield Village) destilliert. Heute kann man in Dublin nur noch die Schaubrennereien von Old Jameson besichtigen, produziert wird in Midleton. Jameson geh\u00f6rt zu den weltweit bekanntesten (irischen)[...]","og_url":"https:\/\/www.dramfolks-whisky-auction.com\/fr\/product\/jameson-single-pot-still-five-oak-cask-release-3\/","og_site_name":"Dramfolks Whisky Auction","article_modified_time":"2024-10-15T17:14:48+00:00","og_image":[{"width":2560,"height":2560,"url":"https:\/\/www.dramfolks-whisky-auction.com\/wp-content\/uploads\/2024\/05\/Jameson-Five-Oak-vorne-scaled.jpg","type":"image\/jpeg"}],"twitter_card":"summary_large_image","twitter_misc":{"Dur\u00e9e de lecture estim\u00e9e":"3 minutes"},"schema":{"@context":"https:\/\/schema.org","@graph":[{"@type":"WebPage","@id":"https:\/\/www.dramfolks-whisky-auction.com\/fr\/product\/jameson-single-pot-still-five-oak-cask-release-3\/","url":"https:\/\/www.dramfolks-whisky-auction.com\/fr\/product\/jameson-single-pot-still-five-oak-cask-release-3\/","name":"Jameson - Single Pot Still Five Oak Cask Release - Dramfolks Whisky Auction","isPartOf":{"@id":"https:\/\/www.dramfolks-whisky-auction.com\/fr\/#website"},"primaryImageOfPage":{"@id":"https:\/\/www.dramfolks-whisky-auction.com\/fr\/product\/jameson-single-pot-still-five-oak-cask-release-3\/#primaryimage"},"image":{"@id":"https:\/\/www.dramfolks-whisky-auction.com\/fr\/product\/jameson-single-pot-still-five-oak-cask-release-3\/#primaryimage"},"thumbnailUrl":"https:\/\/www.dramfolks-whisky-auction.com\/wp-content\/uploads\/2024\/05\/Jameson-Five-Oak-vorne-scaled.jpg","datePublished":"2024-09-22T11:40:51+00:00","dateModified":"2024-10-15T17:14:48+00:00","breadcrumb":{"@id":"https:\/\/www.dramfolks-whisky-auction.com\/fr\/product\/jameson-single-pot-still-five-oak-cask-release-3\/#breadcrumb"},"inLanguage":"fr-FR","potentialAction":[{"@type":"ReadAction","target":["https:\/\/www.dramfolks-whisky-auction.com\/fr\/product\/jameson-single-pot-still-five-oak-cask-release-3\/"]}]},{"@type":"ImageObject","inLanguage":"fr-FR","@id":"https:\/\/www.dramfolks-whisky-auction.com\/fr\/product\/jameson-single-pot-still-five-oak-cask-release-3\/#primaryimage","url":"https:\/\/www.dramfolks-whisky-auction.com\/wp-content\/uploads\/2024\/05\/Jameson-Five-Oak-vorne-scaled.jpg","contentUrl":"https:\/\/www.dramfolks-whisky-auction.com\/wp-content\/uploads\/2024\/05\/Jameson-Five-Oak-vorne-scaled.jpg","width":2560,"height":2560},{"@type":"BreadcrumbList","@id":"https:\/\/www.dramfolks-whisky-auction.com\/fr\/product\/jameson-single-pot-still-five-oak-cask-release-3\/#breadcrumb","itemListElement":[{"@type":"ListItem","position":1,"name":"Startseite","item":"https:\/\/www.dramfolks-whisky-auction.com\/fr\/"},{"@type":"ListItem","position":2,"name":"Boutique","item":"https:\/\/www.dramfolks-whisky-auction.com\/fr\/boutique\/"},{"@type":"ListItem","position":3,"name":"Jameson &#8211; Single Pot Still Five Oak Cask Release"}]},{"@type":"WebSite","@id":"https:\/\/www.dramfolks-whisky-auction.com\/fr\/#website","url":"https:\/\/www.dramfolks-whisky-auction.com\/fr\/","name":"Dramfolks Whisky Auction","description":"","potentialAction":[{"@type":"SearchAction","target":{"@type":"EntryPoint","urlTemplate":"https:\/\/www.dramfolks-whisky-auction.com\/fr\/?s={search_term_string}"},"query-input":{"@type":"PropertyValueSpecification","valueRequired":true,"valueName":"search_term_string"}}],"inLanguage":"fr-FR"}]}},"_links":{"self":[{"href":"https:\/\/www.dramfolks-whisky-auction.com\/fr\/wp-json\/wp\/v2\/product\/527626","targetHints":{"allow":["GET"]}}],"collection":[{"href":"https:\/\/www.dramfolks-whisky-auction.com\/fr\/wp-json\/wp\/v2\/product"}],"about":[{"href":"https:\/\/www.dramfolks-whisky-auction.com\/fr\/wp-json\/wp\/v2\/types\/product"}],"replies":[{"embeddable":true,"href":"https:\/\/www.dramfolks-whisky-auction.com\/fr\/wp-json\/wp\/v2\/comments?post=527626"}],"wp:featuredmedia":[{"embeddable":true,"href":"https:\/\/www.dramfolks-whisky-auction.com\/fr\/wp-json\/wp\/v2\/media\/48839"}],"wp:attachment":[{"href":"https:\/\/www.dramfolks-whisky-auction.com\/fr\/wp-json\/wp\/v2\/media?parent=527626"}],"wp:term":[{"taxonomy":"product_brand","embeddable":true,"href":"https:\/\/www.dramfolks-whisky-auction.com\/fr\/wp-json\/wp\/v2\/product_brand?post=527626"},{"taxonomy":"product_cat","embeddable":true,"href":"https:\/\/www.dramfolks-whisky-auction.com\/fr\/wp-json\/wp\/v2\/product_cat?post=527626"},{"taxonomy":"product_tag","embeddable":true,"href":"https:\/\/www.dramfolks-whisky-auction.com\/fr\/wp-json\/wp\/v2\/product_tag?post=527626"}],"curies":[{"name":"wp","href":"https:\/\/api.w.org\/{rel}","templated":true}]}}