{"id":5275,"date":"2024-02-09T10:34:34","date_gmt":"2024-02-09T09:34:34","guid":{"rendered":"https:\/\/www.dramfolks-whisky-auction.com\/?post_type=product&#038;p=5275"},"modified":"2024-03-03T19:00:07","modified_gmt":"2024-03-03T18:00:07","slug":"jameson-jameson-x-dickies-3","status":"publish","type":"product","link":"https:\/\/www.dramfolks-whisky-auction.com\/fr\/product\/jameson-jameson-x-dickies-3\/","title":{"rendered":"Jameson &#8211; Jameson x Dickies"},"content":{"rendered":"<p><strong>Destille: Jameson<br \/>\n<\/strong>Jameson ist eine irische Whiskey-Marke. Die gleichnamige Destillerie wurde von John Jameson im Jahr 1780 in Dublin gegr\u00fcndet und bis 1971 wurde in der Bow Street (Smithfield Village) destilliert. Heute kann man in Dublin nur noch die Schaubrennereien von Old Jameson besichtigen, produziert wird in Midleton. Jameson geh\u00f6rt zu den weltweit bekanntesten (irischen) Whiskey-Marken. Nach den gro\u00dfen \u00ab\u00a0Whiskey-Krisen\u00a0\u00bb in den USA und UK schloss sich im Jahre 1966 Jameson-Irish-Whiskey mit den letzten verbliebenen Destillerien der Republik Irland, n\u00e4mlich Power&rsquo;s (John Power &amp; Son) und Cork Distilleries, zur Irish Distillers (Group) zusammen. 1975 er\u00f6ffnete diese Gruppe in Midleton, Cork, eine damalig auf dem technisch neuestem Stand befindliche Destillerie. Seit 1988 geh\u00f6rt die Irish Distillers Limited zum franz\u00f6sischen Pernod-Ricard-Konzern.<\/p>\n<p><strong>Fun Fakt:<\/strong> Gr\u00fcnder John Jameson war eigentlich ein Schotte&#8230; John Jameson wurde 1740 in Alloa, Schottland, geboren und urspr\u00fcnglich von der Familie seiner zuk\u00fcnftigen Frau als General Manager bei Dubliner Bow Street Distillery eingestellt. Dort lernte er Margaret Haig kennen, deren Cousins 1780 die Dubliner Bow Street Distillery mit John Jameson gr\u00fcndeten.<\/p>\n<p><strong>Whisky\/Whiskey: Jameson x Dickies<br \/>\n<\/strong>Jameson und Dickies&#8230; eine der kultigsten irische Whiskeys der Welt, zusammen mit der kultigen Workwear-Marke Dickies. Das passt komplett! Unter dem Motto \u00ab\u00a0Crafted Together\u00a0\u00bb wurde in dieser Zusammenarbeit ein Whiskey in limitierter Auflage zwischen zwei Marken, die durch Handwerk und harte Arbeit vereint sind, kreiert. Gemeinsame Werte, eine identische Arbeitsmoral und vieles mehr sollen in diesem tollen Blend stecken. Hier prallen zwei Kulturen und Industriegiganten aufeinander, die mit vereinten Kr\u00e4ften einen tollen Whiskey auf den Markt bringen. Daher ist dieser Blend auch einzigartig und jetzt schon Kult! Limitiert und wie \u00fcblich bei Jameson dreimal destilliert mit anschlie\u00dfender Reifung im Eichenfass.<\/p>\n<p><strong>Info Qualit\u00e4t der Flaschen:<\/strong> Exzellent ohne Besch\u00e4digungen \/ <strong>F\u00fcllstand:<\/strong> Into neck<br \/>\n<strong>Info Qualit\u00e4t der Box:<\/strong> keine Box vorhanden<\/p>\n<p><strong>Wichtiger Hinweis:<\/strong> Die Bewertung der Flaschen und Boxen erfolgt nach \u201ebesten Wissen und Gewissen\u201c. dramfolks kann keine Gew\u00e4hrleistung f\u00fcr den Inhalt der Flaschen \u00fcbernehmen. Weitere Infos &amp; Hinweise finden Sie in unseren AGBs. Wir empfehlen Ihnen, vor der Abgabe von Geboten \u00fcber die Zoomfunktion eine Besichtigung \/ genaue Pr\u00fcfung des angebotenen Whiskys vorzunehmen. Bitte kontaktieren sie uns bei Fragen direkt unter info@dramfolks.com<\/p>\n","protected":false},"excerpt":{"rendered":"<p>Destille: Jameson Jameson ist eine irische Whiskey-Marke. Die gleichnamige Destillerie wurde von John Jameson im Jahr 1780 in Dublin gegr\u00fcndet und bis 1971 wurde in der Bow Street (Smithfield Village) destilliert. Heute kann man in Dublin nur noch die Schaubrennereien von Old Jameson besichtigen, produziert wird in Midleton. Jameson geh\u00f6rt zu den weltweit bekanntesten (irischen)[&#8230;]\n","protected":false},"featured_media":5291,"comment_status":"closed","ping_status":"closed","template":"","meta":[],"product_brand":[],"product_cat":[737],"product_tag":[],"class_list":{"0":"post-5275","1":"product","2":"type-product","3":"status-publish","4":"has-post-thumbnail","6":"product_cat-no-9","8":"first","9":"instock","10":"shipping-taxable","11":"purchasable","12":"product-type-auction"},"yoast_head":"<!-- This site is optimized with the Yoast SEO plugin v27.4 - https:\/\/yoast.com\/product\/yoast-seo-wordpress\/ -->\n<title>Jameson - Jameson x Dickies - Dramfolks Whisky Auction<\/title>\n<meta name=\"robots\" content=\"index, follow, max-snippet:-1, max-image-preview:large, max-video-preview:-1\" \/>\n<link rel=\"canonical\" href=\"https:\/\/www.dramfolks-whisky-auction.com\/fr\/product\/jameson-jameson-x-dickies-3\/\" \/>\n<meta property=\"og:locale\" content=\"fr_FR\" \/>\n<meta property=\"og:type\" content=\"article\" \/>\n<meta property=\"og:title\" content=\"Jameson - Jameson x Dickies - Dramfolks Whisky Auction\" \/>\n<meta property=\"og:description\" content=\"Destille: Jameson Jameson ist eine irische Whiskey-Marke. Die gleichnamige Destillerie wurde von John Jameson im Jahr 1780 in Dublin gegr\u00fcndet und bis 1971 wurde in der Bow Street (Smithfield Village) destilliert. Heute kann man in Dublin nur noch die Schaubrennereien von Old Jameson besichtigen, produziert wird in Midleton. Jameson geh\u00f6rt zu den weltweit bekanntesten (irischen)[...]\" \/>\n<meta property=\"og:url\" content=\"https:\/\/www.dramfolks-whisky-auction.com\/fr\/product\/jameson-jameson-x-dickies-3\/\" \/>\n<meta property=\"og:site_name\" content=\"Dramfolks Whisky Auction\" \/>\n<meta property=\"article:modified_time\" content=\"2024-03-03T18:00:07+00:00\" \/>\n<meta property=\"og:image\" content=\"https:\/\/www.dramfolks-whisky-auction.com\/wp-content\/uploads\/2024\/02\/Jameson-Dickies-vorne-scaled.jpg\" \/>\n\t<meta property=\"og:image:width\" content=\"2560\" \/>\n\t<meta property=\"og:image:height\" content=\"2560\" \/>\n\t<meta property=\"og:image:type\" content=\"image\/jpeg\" \/>\n<meta name=\"twitter:card\" content=\"summary_large_image\" \/>\n<meta name=\"twitter:label1\" content=\"Dur\u00e9e de lecture estim\u00e9e\" \/>\n\t<meta name=\"twitter:data1\" content=\"3 minutes\" \/>\n<script type=\"application\/ld+json\" class=\"yoast-schema-graph\">{\"@context\":\"https:\\\/\\\/schema.org\",\"@graph\":[{\"@type\":\"WebPage\",\"@id\":\"https:\\\/\\\/www.dramfolks-whisky-auction.com\\\/fr\\\/product\\\/jameson-jameson-x-dickies-3\\\/\",\"url\":\"https:\\\/\\\/www.dramfolks-whisky-auction.com\\\/fr\\\/product\\\/jameson-jameson-x-dickies-3\\\/\",\"name\":\"Jameson - Jameson x Dickies - Dramfolks Whisky Auction\",\"isPartOf\":{\"@id\":\"https:\\\/\\\/www.dramfolks-whisky-auction.com\\\/fr\\\/#website\"},\"primaryImageOfPage\":{\"@id\":\"https:\\\/\\\/www.dramfolks-whisky-auction.com\\\/fr\\\/product\\\/jameson-jameson-x-dickies-3\\\/#primaryimage\"},\"image\":{\"@id\":\"https:\\\/\\\/www.dramfolks-whisky-auction.com\\\/fr\\\/product\\\/jameson-jameson-x-dickies-3\\\/#primaryimage\"},\"thumbnailUrl\":\"https:\\\/\\\/www.dramfolks-whisky-auction.com\\\/wp-content\\\/uploads\\\/2024\\\/02\\\/Jameson-Dickies-vorne-scaled.jpg\",\"datePublished\":\"2024-02-09T09:34:34+00:00\",\"dateModified\":\"2024-03-03T18:00:07+00:00\",\"breadcrumb\":{\"@id\":\"https:\\\/\\\/www.dramfolks-whisky-auction.com\\\/fr\\\/product\\\/jameson-jameson-x-dickies-3\\\/#breadcrumb\"},\"inLanguage\":\"fr-FR\",\"potentialAction\":[{\"@type\":\"ReadAction\",\"target\":[\"https:\\\/\\\/www.dramfolks-whisky-auction.com\\\/fr\\\/product\\\/jameson-jameson-x-dickies-3\\\/\"]}]},{\"@type\":\"ImageObject\",\"inLanguage\":\"fr-FR\",\"@id\":\"https:\\\/\\\/www.dramfolks-whisky-auction.com\\\/fr\\\/product\\\/jameson-jameson-x-dickies-3\\\/#primaryimage\",\"url\":\"https:\\\/\\\/www.dramfolks-whisky-auction.com\\\/wp-content\\\/uploads\\\/2024\\\/02\\\/Jameson-Dickies-vorne-scaled.jpg\",\"contentUrl\":\"https:\\\/\\\/www.dramfolks-whisky-auction.com\\\/wp-content\\\/uploads\\\/2024\\\/02\\\/Jameson-Dickies-vorne-scaled.jpg\",\"width\":2560,\"height\":2560},{\"@type\":\"BreadcrumbList\",\"@id\":\"https:\\\/\\\/www.dramfolks-whisky-auction.com\\\/fr\\\/product\\\/jameson-jameson-x-dickies-3\\\/#breadcrumb\",\"itemListElement\":[{\"@type\":\"ListItem\",\"position\":1,\"name\":\"Startseite\",\"item\":\"https:\\\/\\\/www.dramfolks-whisky-auction.com\\\/fr\\\/\"},{\"@type\":\"ListItem\",\"position\":2,\"name\":\"Boutique\",\"item\":\"https:\\\/\\\/www.dramfolks-whisky-auction.com\\\/fr\\\/boutique\\\/\"},{\"@type\":\"ListItem\",\"position\":3,\"name\":\"Jameson &#8211; Jameson x Dickies\"}]},{\"@type\":\"WebSite\",\"@id\":\"https:\\\/\\\/www.dramfolks-whisky-auction.com\\\/fr\\\/#website\",\"url\":\"https:\\\/\\\/www.dramfolks-whisky-auction.com\\\/fr\\\/\",\"name\":\"Dramfolks Whisky Auction\",\"description\":\"\",\"potentialAction\":[{\"@type\":\"SearchAction\",\"target\":{\"@type\":\"EntryPoint\",\"urlTemplate\":\"https:\\\/\\\/www.dramfolks-whisky-auction.com\\\/fr\\\/?s={search_term_string}\"},\"query-input\":{\"@type\":\"PropertyValueSpecification\",\"valueRequired\":true,\"valueName\":\"search_term_string\"}}],\"inLanguage\":\"fr-FR\"}]}<\/script>\n<!-- \/ Yoast SEO plugin. -->","yoast_head_json":{"title":"Jameson - Jameson x Dickies - Dramfolks Whisky Auction","robots":{"index":"index","follow":"follow","max-snippet":"max-snippet:-1","max-image-preview":"max-image-preview:large","max-video-preview":"max-video-preview:-1"},"canonical":"https:\/\/www.dramfolks-whisky-auction.com\/fr\/product\/jameson-jameson-x-dickies-3\/","og_locale":"fr_FR","og_type":"article","og_title":"Jameson - Jameson x Dickies - Dramfolks Whisky Auction","og_description":"Destille: Jameson Jameson ist eine irische Whiskey-Marke. Die gleichnamige Destillerie wurde von John Jameson im Jahr 1780 in Dublin gegr\u00fcndet und bis 1971 wurde in der Bow Street (Smithfield Village) destilliert. Heute kann man in Dublin nur noch die Schaubrennereien von Old Jameson besichtigen, produziert wird in Midleton. Jameson geh\u00f6rt zu den weltweit bekanntesten (irischen)[...]","og_url":"https:\/\/www.dramfolks-whisky-auction.com\/fr\/product\/jameson-jameson-x-dickies-3\/","og_site_name":"Dramfolks Whisky Auction","article_modified_time":"2024-03-03T18:00:07+00:00","og_image":[{"width":2560,"height":2560,"url":"https:\/\/www.dramfolks-whisky-auction.com\/wp-content\/uploads\/2024\/02\/Jameson-Dickies-vorne-scaled.jpg","type":"image\/jpeg"}],"twitter_card":"summary_large_image","twitter_misc":{"Dur\u00e9e de lecture estim\u00e9e":"3 minutes"},"schema":{"@context":"https:\/\/schema.org","@graph":[{"@type":"WebPage","@id":"https:\/\/www.dramfolks-whisky-auction.com\/fr\/product\/jameson-jameson-x-dickies-3\/","url":"https:\/\/www.dramfolks-whisky-auction.com\/fr\/product\/jameson-jameson-x-dickies-3\/","name":"Jameson - Jameson x Dickies - Dramfolks Whisky Auction","isPartOf":{"@id":"https:\/\/www.dramfolks-whisky-auction.com\/fr\/#website"},"primaryImageOfPage":{"@id":"https:\/\/www.dramfolks-whisky-auction.com\/fr\/product\/jameson-jameson-x-dickies-3\/#primaryimage"},"image":{"@id":"https:\/\/www.dramfolks-whisky-auction.com\/fr\/product\/jameson-jameson-x-dickies-3\/#primaryimage"},"thumbnailUrl":"https:\/\/www.dramfolks-whisky-auction.com\/wp-content\/uploads\/2024\/02\/Jameson-Dickies-vorne-scaled.jpg","datePublished":"2024-02-09T09:34:34+00:00","dateModified":"2024-03-03T18:00:07+00:00","breadcrumb":{"@id":"https:\/\/www.dramfolks-whisky-auction.com\/fr\/product\/jameson-jameson-x-dickies-3\/#breadcrumb"},"inLanguage":"fr-FR","potentialAction":[{"@type":"ReadAction","target":["https:\/\/www.dramfolks-whisky-auction.com\/fr\/product\/jameson-jameson-x-dickies-3\/"]}]},{"@type":"ImageObject","inLanguage":"fr-FR","@id":"https:\/\/www.dramfolks-whisky-auction.com\/fr\/product\/jameson-jameson-x-dickies-3\/#primaryimage","url":"https:\/\/www.dramfolks-whisky-auction.com\/wp-content\/uploads\/2024\/02\/Jameson-Dickies-vorne-scaled.jpg","contentUrl":"https:\/\/www.dramfolks-whisky-auction.com\/wp-content\/uploads\/2024\/02\/Jameson-Dickies-vorne-scaled.jpg","width":2560,"height":2560},{"@type":"BreadcrumbList","@id":"https:\/\/www.dramfolks-whisky-auction.com\/fr\/product\/jameson-jameson-x-dickies-3\/#breadcrumb","itemListElement":[{"@type":"ListItem","position":1,"name":"Startseite","item":"https:\/\/www.dramfolks-whisky-auction.com\/fr\/"},{"@type":"ListItem","position":2,"name":"Boutique","item":"https:\/\/www.dramfolks-whisky-auction.com\/fr\/boutique\/"},{"@type":"ListItem","position":3,"name":"Jameson &#8211; Jameson x Dickies"}]},{"@type":"WebSite","@id":"https:\/\/www.dramfolks-whisky-auction.com\/fr\/#website","url":"https:\/\/www.dramfolks-whisky-auction.com\/fr\/","name":"Dramfolks Whisky Auction","description":"","potentialAction":[{"@type":"SearchAction","target":{"@type":"EntryPoint","urlTemplate":"https:\/\/www.dramfolks-whisky-auction.com\/fr\/?s={search_term_string}"},"query-input":{"@type":"PropertyValueSpecification","valueRequired":true,"valueName":"search_term_string"}}],"inLanguage":"fr-FR"}]}},"_links":{"self":[{"href":"https:\/\/www.dramfolks-whisky-auction.com\/fr\/wp-json\/wp\/v2\/product\/5275","targetHints":{"allow":["GET"]}}],"collection":[{"href":"https:\/\/www.dramfolks-whisky-auction.com\/fr\/wp-json\/wp\/v2\/product"}],"about":[{"href":"https:\/\/www.dramfolks-whisky-auction.com\/fr\/wp-json\/wp\/v2\/types\/product"}],"replies":[{"embeddable":true,"href":"https:\/\/www.dramfolks-whisky-auction.com\/fr\/wp-json\/wp\/v2\/comments?post=5275"}],"wp:featuredmedia":[{"embeddable":true,"href":"https:\/\/www.dramfolks-whisky-auction.com\/fr\/wp-json\/wp\/v2\/media\/5291"}],"wp:attachment":[{"href":"https:\/\/www.dramfolks-whisky-auction.com\/fr\/wp-json\/wp\/v2\/media?parent=5275"}],"wp:term":[{"taxonomy":"product_brand","embeddable":true,"href":"https:\/\/www.dramfolks-whisky-auction.com\/fr\/wp-json\/wp\/v2\/product_brand?post=5275"},{"taxonomy":"product_cat","embeddable":true,"href":"https:\/\/www.dramfolks-whisky-auction.com\/fr\/wp-json\/wp\/v2\/product_cat?post=5275"},{"taxonomy":"product_tag","embeddable":true,"href":"https:\/\/www.dramfolks-whisky-auction.com\/fr\/wp-json\/wp\/v2\/product_tag?post=5275"}],"curies":[{"name":"wp","href":"https:\/\/api.w.org\/{rel}","templated":true}]}}