{"id":5254,"date":"2024-02-08T19:34:43","date_gmt":"2024-02-08T18:34:43","guid":{"rendered":"https:\/\/www.dramfolks-whisky-auction.com\/?post_type=product&#038;p=5254"},"modified":"2024-03-06T08:48:35","modified_gmt":"2024-03-06T07:48:35","slug":"jack-daniels-single-barrel-select-masters-choice-2017-4","status":"publish","type":"product","link":"https:\/\/www.dramfolks-whisky-auction.com\/fr\/product\/jack-daniels-single-barrel-select-masters-choice-2017-4\/","title":{"rendered":"Jack Daniel\u2019s &#8211; Single Barrel Select Masters Choice 2017"},"content":{"rendered":"<p><strong>Destille: Jack Daniel\u2019s<br \/>\n<\/strong>Die Heimat von Jack Daniel\u2019s ist Lynchburg, eine Stadt etwa 70 Meilen s\u00fcdlich von Nashville. Hier wird eigentlich ganz normaler Bourbon <span class=\"tx-datamintslossaryextension-no-replacement\">Whiskey<\/span> produziert, aber dahinter steckt noch mehr. Die Destille wurde 1866 gegr\u00fcndet und ist damit die \u00e4lteste registrierte <span class=\"tx-datamintslossaryextension-no-replacement\">Destillerie<\/span> Amerikas. Die Liebe zum Detail bei der Herstellung von Whisky beginnt mit der Herstellung ihrer eigenen Holzkohle zum Filtern. Er hat die perfekte Mischung aus Mais, Roggen und Gerste. Doch das wichtigste: Bei diesem Filterverfahren sickert der Whiskey ungef\u00e4hr zw\u00f6lf Tage lang tropfenweise durch eine etwa drei Meter dicke Schicht aus Holzkohle, die auf dem Gel\u00e4nde der Destillerie aus Zucker-Ahorn hergestellt wird. Dies verleiht dem Whisky seinen unvergesslichen und einzigartigen Geschmack.<\/p>\n<p><strong>Fun Fakt: <\/strong>1944 erhielt die Destillerie n\u00e4mlich eine amtliche Zusage, dass <span class=\"tx-datamintslossaryextension-no-replacement\">Tennessee Whiskey<\/span> zu einer eigenen Klassifizierung wird, begr\u00fcndet wurde das aufgrund des sogenannten \u00ab\u00a0<span class=\"tx-datamintslossaryextension-glossary-link\">charcoal mellowing<\/span>\u00a0\u00bb (auch \u00ab\u00a0<span class=\"tx-datamintslossaryextension-no-replacement\">Lincoln County Process<\/span>\u00a0\u00bb genannt).<\/p>\n<p><strong>Whisky\/Whiskey: Single Barrel Select Masters Choice 2017<br \/>\n<\/strong>Dies ist ein besonders edler Tropfen aus dem Hause JACK DANIEL\u2019S. Jede <span class=\"tx-datamintslossaryextension-no-replacement\">Brennerei<\/span> hat <span class=\"tx-datamintslossaryextension-no-replacement\">F\u00e4sser<\/span>, die au\u00dfergew\u00f6hnlich gut ausgereift sind. F\u00fcr den Jack Daniel&rsquo;s <span class=\"tx-datamintslossaryextension-no-replacement\">Single Barrel<\/span> Select Masters Choice wurden genau solche <span class=\"tx-datamintslossaryextension-no-replacement\">F\u00e4sser<\/span> ausgew\u00e4hlt. Sattes Bernsteinrot, w\u00fcrziges und leicht fruchtiges Aroma sowie dezente Noten von dunkler Kirsche und Vanille im Geschmack.<\/p>\n<p><strong>Info Qualit\u00e4t der Flasche:<\/strong> Exzellent &#8211; ohne Besch\u00e4digungen \/ <strong>F\u00fcllstand: <\/strong>Into neck<br \/>\n<strong>Info Qualit\u00e4t der Box: <\/strong>Exzellent &#8211; ohne Besch\u00e4digungen<\/p>\n<p><strong>Wichtiger Hinweis:<\/strong> Die Bewertung der Flaschen und Boxen erfolgt nach \u201ebesten Wissen und Gewissen\u201c. dramfolks kann keine Gew\u00e4hrleistung f\u00fcr den Inhalt der Flaschen \u00fcbernehmen. Weitere Infos &amp; Hinweise finden Sie in unseren AGBs. Wir empfehlen Ihnen, vor der Abgabe von Geboten \u00fcber die Zoomfunktion eine Besichtigung \/ genaue Pr\u00fcfung des angebotenen Whiskys vorzunehmen. Bitte kontaktieren sie uns bei Fragen direkt unter info@dramfolks.com<\/p>\n","protected":false},"excerpt":{"rendered":"<p>Destille: Jack Daniel\u2019s Die Heimat von Jack Daniel\u2019s ist Lynchburg, eine Stadt etwa 70 Meilen s\u00fcdlich von Nashville. Hier wird eigentlich ganz normaler Bourbon Whiskey produziert, aber dahinter steckt noch mehr. Die Destille wurde 1866 gegr\u00fcndet und ist damit die \u00e4lteste registrierte Destillerie Amerikas. Die Liebe zum Detail bei der Herstellung von Whisky beginnt mit[&#8230;]\n","protected":false},"featured_media":4307,"comment_status":"closed","ping_status":"closed","template":"","meta":[],"product_brand":[],"product_cat":[737],"product_tag":[],"class_list":{"0":"post-5254","1":"product","2":"type-product","3":"status-publish","4":"has-post-thumbnail","6":"product_cat-no-9","8":"first","9":"instock","10":"shipping-taxable","11":"purchasable","12":"product-type-auction"},"yoast_head":"<!-- This site is optimized with the Yoast SEO plugin v27.4 - https:\/\/yoast.com\/product\/yoast-seo-wordpress\/ -->\n<title>Jack Daniel\u2019s - Single Barrel Select Masters Choice 2017 - Dramfolks Whisky Auction<\/title>\n<meta name=\"robots\" content=\"index, follow, max-snippet:-1, max-image-preview:large, max-video-preview:-1\" \/>\n<link rel=\"canonical\" href=\"https:\/\/www.dramfolks-whisky-auction.com\/fr\/product\/jack-daniels-single-barrel-select-masters-choice-2017-4\/\" \/>\n<meta property=\"og:locale\" content=\"fr_FR\" \/>\n<meta property=\"og:type\" content=\"article\" \/>\n<meta property=\"og:title\" content=\"Jack Daniel\u2019s - Single Barrel Select Masters Choice 2017 - Dramfolks Whisky Auction\" \/>\n<meta property=\"og:description\" content=\"Destille: Jack Daniel\u2019s Die Heimat von Jack Daniel\u2019s ist Lynchburg, eine Stadt etwa 70 Meilen s\u00fcdlich von Nashville. Hier wird eigentlich ganz normaler Bourbon Whiskey produziert, aber dahinter steckt noch mehr. Die Destille wurde 1866 gegr\u00fcndet und ist damit die \u00e4lteste registrierte Destillerie Amerikas. Die Liebe zum Detail bei der Herstellung von Whisky beginnt mit[...]\" \/>\n<meta property=\"og:url\" content=\"https:\/\/www.dramfolks-whisky-auction.com\/fr\/product\/jack-daniels-single-barrel-select-masters-choice-2017-4\/\" \/>\n<meta property=\"og:site_name\" content=\"Dramfolks Whisky Auction\" \/>\n<meta property=\"article:modified_time\" content=\"2024-03-06T07:48:35+00:00\" \/>\n<meta property=\"og:image\" content=\"https:\/\/www.dramfolks-whisky-auction.com\/wp-content\/uploads\/2023\/11\/Jack-Daniels-Single-Barrel-vorne-scaled.jpg\" \/>\n\t<meta property=\"og:image:width\" content=\"2560\" \/>\n\t<meta property=\"og:image:height\" content=\"2047\" \/>\n\t<meta property=\"og:image:type\" content=\"image\/jpeg\" \/>\n<meta name=\"twitter:card\" content=\"summary_large_image\" \/>\n<meta name=\"twitter:label1\" content=\"Dur\u00e9e de lecture estim\u00e9e\" \/>\n\t<meta name=\"twitter:data1\" content=\"2 minutes\" \/>\n<script type=\"application\/ld+json\" class=\"yoast-schema-graph\">{\"@context\":\"https:\\\/\\\/schema.org\",\"@graph\":[{\"@type\":\"WebPage\",\"@id\":\"https:\\\/\\\/www.dramfolks-whisky-auction.com\\\/fr\\\/product\\\/jack-daniels-single-barrel-select-masters-choice-2017-4\\\/\",\"url\":\"https:\\\/\\\/www.dramfolks-whisky-auction.com\\\/fr\\\/product\\\/jack-daniels-single-barrel-select-masters-choice-2017-4\\\/\",\"name\":\"Jack Daniel\u2019s - Single Barrel Select Masters Choice 2017 - Dramfolks Whisky Auction\",\"isPartOf\":{\"@id\":\"https:\\\/\\\/www.dramfolks-whisky-auction.com\\\/fr\\\/#website\"},\"primaryImageOfPage\":{\"@id\":\"https:\\\/\\\/www.dramfolks-whisky-auction.com\\\/fr\\\/product\\\/jack-daniels-single-barrel-select-masters-choice-2017-4\\\/#primaryimage\"},\"image\":{\"@id\":\"https:\\\/\\\/www.dramfolks-whisky-auction.com\\\/fr\\\/product\\\/jack-daniels-single-barrel-select-masters-choice-2017-4\\\/#primaryimage\"},\"thumbnailUrl\":\"https:\\\/\\\/www.dramfolks-whisky-auction.com\\\/wp-content\\\/uploads\\\/2023\\\/11\\\/Jack-Daniels-Single-Barrel-vorne-scaled.jpg\",\"datePublished\":\"2024-02-08T18:34:43+00:00\",\"dateModified\":\"2024-03-06T07:48:35+00:00\",\"breadcrumb\":{\"@id\":\"https:\\\/\\\/www.dramfolks-whisky-auction.com\\\/fr\\\/product\\\/jack-daniels-single-barrel-select-masters-choice-2017-4\\\/#breadcrumb\"},\"inLanguage\":\"fr-FR\",\"potentialAction\":[{\"@type\":\"ReadAction\",\"target\":[\"https:\\\/\\\/www.dramfolks-whisky-auction.com\\\/fr\\\/product\\\/jack-daniels-single-barrel-select-masters-choice-2017-4\\\/\"]}]},{\"@type\":\"ImageObject\",\"inLanguage\":\"fr-FR\",\"@id\":\"https:\\\/\\\/www.dramfolks-whisky-auction.com\\\/fr\\\/product\\\/jack-daniels-single-barrel-select-masters-choice-2017-4\\\/#primaryimage\",\"url\":\"https:\\\/\\\/www.dramfolks-whisky-auction.com\\\/wp-content\\\/uploads\\\/2023\\\/11\\\/Jack-Daniels-Single-Barrel-vorne-scaled.jpg\",\"contentUrl\":\"https:\\\/\\\/www.dramfolks-whisky-auction.com\\\/wp-content\\\/uploads\\\/2023\\\/11\\\/Jack-Daniels-Single-Barrel-vorne-scaled.jpg\",\"width\":2560,\"height\":2047},{\"@type\":\"BreadcrumbList\",\"@id\":\"https:\\\/\\\/www.dramfolks-whisky-auction.com\\\/fr\\\/product\\\/jack-daniels-single-barrel-select-masters-choice-2017-4\\\/#breadcrumb\",\"itemListElement\":[{\"@type\":\"ListItem\",\"position\":1,\"name\":\"Startseite\",\"item\":\"https:\\\/\\\/www.dramfolks-whisky-auction.com\\\/fr\\\/\"},{\"@type\":\"ListItem\",\"position\":2,\"name\":\"Boutique\",\"item\":\"https:\\\/\\\/www.dramfolks-whisky-auction.com\\\/fr\\\/boutique\\\/\"},{\"@type\":\"ListItem\",\"position\":3,\"name\":\"Jack Daniel\u2019s &#8211; Single Barrel Select Masters Choice 2017\"}]},{\"@type\":\"WebSite\",\"@id\":\"https:\\\/\\\/www.dramfolks-whisky-auction.com\\\/fr\\\/#website\",\"url\":\"https:\\\/\\\/www.dramfolks-whisky-auction.com\\\/fr\\\/\",\"name\":\"Dramfolks Whisky Auction\",\"description\":\"\",\"potentialAction\":[{\"@type\":\"SearchAction\",\"target\":{\"@type\":\"EntryPoint\",\"urlTemplate\":\"https:\\\/\\\/www.dramfolks-whisky-auction.com\\\/fr\\\/?s={search_term_string}\"},\"query-input\":{\"@type\":\"PropertyValueSpecification\",\"valueRequired\":true,\"valueName\":\"search_term_string\"}}],\"inLanguage\":\"fr-FR\"}]}<\/script>\n<!-- \/ Yoast SEO plugin. -->","yoast_head_json":{"title":"Jack Daniel\u2019s - Single Barrel Select Masters Choice 2017 - Dramfolks Whisky Auction","robots":{"index":"index","follow":"follow","max-snippet":"max-snippet:-1","max-image-preview":"max-image-preview:large","max-video-preview":"max-video-preview:-1"},"canonical":"https:\/\/www.dramfolks-whisky-auction.com\/fr\/product\/jack-daniels-single-barrel-select-masters-choice-2017-4\/","og_locale":"fr_FR","og_type":"article","og_title":"Jack Daniel\u2019s - Single Barrel Select Masters Choice 2017 - Dramfolks Whisky Auction","og_description":"Destille: Jack Daniel\u2019s Die Heimat von Jack Daniel\u2019s ist Lynchburg, eine Stadt etwa 70 Meilen s\u00fcdlich von Nashville. Hier wird eigentlich ganz normaler Bourbon Whiskey produziert, aber dahinter steckt noch mehr. Die Destille wurde 1866 gegr\u00fcndet und ist damit die \u00e4lteste registrierte Destillerie Amerikas. Die Liebe zum Detail bei der Herstellung von Whisky beginnt mit[...]","og_url":"https:\/\/www.dramfolks-whisky-auction.com\/fr\/product\/jack-daniels-single-barrel-select-masters-choice-2017-4\/","og_site_name":"Dramfolks Whisky Auction","article_modified_time":"2024-03-06T07:48:35+00:00","og_image":[{"width":2560,"height":2047,"url":"https:\/\/www.dramfolks-whisky-auction.com\/wp-content\/uploads\/2023\/11\/Jack-Daniels-Single-Barrel-vorne-scaled.jpg","type":"image\/jpeg"}],"twitter_card":"summary_large_image","twitter_misc":{"Dur\u00e9e de lecture estim\u00e9e":"2 minutes"},"schema":{"@context":"https:\/\/schema.org","@graph":[{"@type":"WebPage","@id":"https:\/\/www.dramfolks-whisky-auction.com\/fr\/product\/jack-daniels-single-barrel-select-masters-choice-2017-4\/","url":"https:\/\/www.dramfolks-whisky-auction.com\/fr\/product\/jack-daniels-single-barrel-select-masters-choice-2017-4\/","name":"Jack Daniel\u2019s - Single Barrel Select Masters Choice 2017 - Dramfolks Whisky Auction","isPartOf":{"@id":"https:\/\/www.dramfolks-whisky-auction.com\/fr\/#website"},"primaryImageOfPage":{"@id":"https:\/\/www.dramfolks-whisky-auction.com\/fr\/product\/jack-daniels-single-barrel-select-masters-choice-2017-4\/#primaryimage"},"image":{"@id":"https:\/\/www.dramfolks-whisky-auction.com\/fr\/product\/jack-daniels-single-barrel-select-masters-choice-2017-4\/#primaryimage"},"thumbnailUrl":"https:\/\/www.dramfolks-whisky-auction.com\/wp-content\/uploads\/2023\/11\/Jack-Daniels-Single-Barrel-vorne-scaled.jpg","datePublished":"2024-02-08T18:34:43+00:00","dateModified":"2024-03-06T07:48:35+00:00","breadcrumb":{"@id":"https:\/\/www.dramfolks-whisky-auction.com\/fr\/product\/jack-daniels-single-barrel-select-masters-choice-2017-4\/#breadcrumb"},"inLanguage":"fr-FR","potentialAction":[{"@type":"ReadAction","target":["https:\/\/www.dramfolks-whisky-auction.com\/fr\/product\/jack-daniels-single-barrel-select-masters-choice-2017-4\/"]}]},{"@type":"ImageObject","inLanguage":"fr-FR","@id":"https:\/\/www.dramfolks-whisky-auction.com\/fr\/product\/jack-daniels-single-barrel-select-masters-choice-2017-4\/#primaryimage","url":"https:\/\/www.dramfolks-whisky-auction.com\/wp-content\/uploads\/2023\/11\/Jack-Daniels-Single-Barrel-vorne-scaled.jpg","contentUrl":"https:\/\/www.dramfolks-whisky-auction.com\/wp-content\/uploads\/2023\/11\/Jack-Daniels-Single-Barrel-vorne-scaled.jpg","width":2560,"height":2047},{"@type":"BreadcrumbList","@id":"https:\/\/www.dramfolks-whisky-auction.com\/fr\/product\/jack-daniels-single-barrel-select-masters-choice-2017-4\/#breadcrumb","itemListElement":[{"@type":"ListItem","position":1,"name":"Startseite","item":"https:\/\/www.dramfolks-whisky-auction.com\/fr\/"},{"@type":"ListItem","position":2,"name":"Boutique","item":"https:\/\/www.dramfolks-whisky-auction.com\/fr\/boutique\/"},{"@type":"ListItem","position":3,"name":"Jack Daniel\u2019s &#8211; Single Barrel Select Masters Choice 2017"}]},{"@type":"WebSite","@id":"https:\/\/www.dramfolks-whisky-auction.com\/fr\/#website","url":"https:\/\/www.dramfolks-whisky-auction.com\/fr\/","name":"Dramfolks Whisky Auction","description":"","potentialAction":[{"@type":"SearchAction","target":{"@type":"EntryPoint","urlTemplate":"https:\/\/www.dramfolks-whisky-auction.com\/fr\/?s={search_term_string}"},"query-input":{"@type":"PropertyValueSpecification","valueRequired":true,"valueName":"search_term_string"}}],"inLanguage":"fr-FR"}]}},"_links":{"self":[{"href":"https:\/\/www.dramfolks-whisky-auction.com\/fr\/wp-json\/wp\/v2\/product\/5254","targetHints":{"allow":["GET"]}}],"collection":[{"href":"https:\/\/www.dramfolks-whisky-auction.com\/fr\/wp-json\/wp\/v2\/product"}],"about":[{"href":"https:\/\/www.dramfolks-whisky-auction.com\/fr\/wp-json\/wp\/v2\/types\/product"}],"replies":[{"embeddable":true,"href":"https:\/\/www.dramfolks-whisky-auction.com\/fr\/wp-json\/wp\/v2\/comments?post=5254"}],"wp:featuredmedia":[{"embeddable":true,"href":"https:\/\/www.dramfolks-whisky-auction.com\/fr\/wp-json\/wp\/v2\/media\/4307"}],"wp:attachment":[{"href":"https:\/\/www.dramfolks-whisky-auction.com\/fr\/wp-json\/wp\/v2\/media?parent=5254"}],"wp:term":[{"taxonomy":"product_brand","embeddable":true,"href":"https:\/\/www.dramfolks-whisky-auction.com\/fr\/wp-json\/wp\/v2\/product_brand?post=5254"},{"taxonomy":"product_cat","embeddable":true,"href":"https:\/\/www.dramfolks-whisky-auction.com\/fr\/wp-json\/wp\/v2\/product_cat?post=5254"},{"taxonomy":"product_tag","embeddable":true,"href":"https:\/\/www.dramfolks-whisky-auction.com\/fr\/wp-json\/wp\/v2\/product_tag?post=5254"}],"curies":[{"name":"wp","href":"https:\/\/api.w.org\/{rel}","templated":true}]}}