{"id":5207662,"date":"2025-09-15T14:28:53","date_gmt":"2025-09-15T12:28:53","guid":{"rendered":"https:\/\/www.dramfolks-whisky-auction.com\/?post_type=product&#038;p=5207662"},"modified":"2025-10-11T07:41:09","modified_gmt":"2025-10-11T05:41:09","slug":"glendronach-the-hielan-8yo-6","status":"publish","type":"product","link":"https:\/\/www.dramfolks-whisky-auction.com\/fr\/product\/glendronach-the-hielan-8yo-6\/","title":{"rendered":"Glendronach &#8211; The Hielan 8yo"},"content":{"rendered":"<p><strong>Destille: Glendronach<br \/>\n<\/strong>Die Glendronach Distillery ist eine schottische Whiskybrennerei in der N\u00e4he von Forgue bei Huntly, Aberdeenshire. Der Name Glendronach leitet sich vom schottisch-g\u00e4lischen Gleann Dronach ab, was \u00ab\u00a0Tal der Brombeeren\u00a0\u00bb bedeutet. Glendronach hat eine wahrlich \u00ab\u00a0aktive\u00a0\u00bb Vergangenheit hinter sich&#8230;<br \/>\nSie geh\u00f6rte zu einem von drei Destillerien im Garioch und wurde 1826 von einer Partnerschaft lokaler Bauern unter der Leitung von James Allardice gegr\u00fcndet. Kurz nach der Gr\u00fcndung wurde sie allerdings schon wieder verkauft&#8230; 1837 zerst\u00f6rte ein Feuer alles&#8230; 1842 ging die Destillerie bankrott&#8230; 1920 kaufte Capt. Charles Grant, der j\u00fcngste Sohn von William Grant of Glenfiddich, die Destillerie&#8230; 1976 \u00fcbernahm Allied Distillers Glendronach&#8230; Zwischen 1996 und 2002 wurde sie eingemottet und landete schlie\u00dflich bei Pernod Ricard, die es 2008 an The BenRiach Distilling Co. verkaufte&#8230; \u00ab\u00a0and finally\u00a0\u00bb wurde Glendronach 2016 von Jack Daniel&rsquo;s Tennessee Whiskyproduzent Brown-Forman zusammen mit der \u00dcbernahme der BenRiach Distillery Company gekauft. Wahnsinn oder?<\/p>\n<p><strong>Fun Fakt:\u00a0<\/strong>Glendronach hat eine au\u00dfergew\u00f6hnliche Fan-Base in Taiwan! Es gibt einen eigenen YouTube Kanal (GlendronachTaiwan) sowie einen eigenen Instagram Account (Glendronach Taiwan) und Facebook, Twitter usw. Das f\u00fchrte dazu, dass Glendronach speziell f\u00fcr seine \u00ab\u00a0Fans\u00a0\u00bb in Taiwan einen Whisky namens \u00ab\u00a0The Diroc\u00a0\u00bb 2015 auf dem Taiwanesischen Markt herausgebracht hat.<\/p>\n<p><strong>Whisky\/Whiskey: The Hielan 8yo<br \/>\n<\/strong>Die neue Abf\u00fcllung von Glendronach wurde nach ihrer schottischen Heimatregion, den Highlands benannt. The Hielan ist mit 8 Jahren die deutlich j\u00fcngste Abf\u00fcllung im Sortiment der Brennerei. Anders als bei den komplett in Sherryf\u00e4ssern gelagerten 12 Jahre und 18 Jahre alten Glendronachs reift der mindestens 8 Jahre alte Hielan in einer Mischung aus Bourbon- und Sherryf\u00e4ssern. Eingesetzt werden Pedro Ximenez- und Oloroso-Sherry-Casks. Erstere sind bekannt f\u00fcr ihre \u00fcppigen, s\u00fc\u00dfen Aromen, letztere f\u00fcr einen eher w\u00fcrzigen Charakter.<\/p>\n<div class=\"description-long\"><strong>Info Qualit\u00e4t der Flasche:<\/strong> Exzellent &#8211; ohne Besch\u00e4digungen \/ <strong>F\u00fcllstand: <\/strong>High fill<br \/>\n<strong>Info Qualit\u00e4t der Box: <\/strong>Exzellent &#8211; ohne Besch\u00e4digungen<\/div>\n<div><\/div>\n<div class=\"description-long\"><strong>Wichtiger Hinweis:<\/strong> Die Bewertung der Flaschen und Boxen erfolgt nach \u201ebesten Wissen und Gewissen\u201c. dramfolks kann keine Gew\u00e4hrleistung f\u00fcr den Inhalt der Flaschen \u00fcbernehmen. Weitere Infos &amp; Hinweise finden Sie in unseren AGBs. Wir empfehlen Ihnen, vor der Abgabe von Geboten \u00fcber die Zoomfunktion eine Besichtigung \/ genaue Pr\u00fcfung des angebotenen Whiskys vorzunehmen. Bitte kontaktieren sie uns bei Fragen direkt unter info@dramfolks.com<\/div>\n","protected":false},"excerpt":{"rendered":"<p>Destille: Glendronach Die Glendronach Distillery ist eine schottische Whiskybrennerei in der N\u00e4he von Forgue bei Huntly, Aberdeenshire. Der Name Glendronach leitet sich vom schottisch-g\u00e4lischen Gleann Dronach ab, was \u00ab\u00a0Tal der Brombeeren\u00a0\u00bb bedeutet. Glendronach hat eine wahrlich \u00ab\u00a0aktive\u00a0\u00bb Vergangenheit hinter sich&#8230; Sie geh\u00f6rte zu einem von drei Destillerien im Garioch und wurde 1826 von einer Partnerschaft[&#8230;]\n","protected":false},"featured_media":3688829,"comment_status":"closed","ping_status":"closed","template":"","meta":[],"product_brand":[],"product_cat":[1233],"product_tag":[],"class_list":{"0":"post-5207662","1":"product","2":"type-product","3":"status-publish","4":"has-post-thumbnail","6":"product_cat-no-20","8":"first","9":"instock","10":"shipping-taxable","11":"purchasable","12":"product-type-auction"},"yoast_head":"<!-- This site is optimized with the Yoast SEO plugin v27.0 - https:\/\/yoast.com\/product\/yoast-seo-wordpress\/ -->\n<title>Glendronach - The Hielan 8yo - Dramfolks Whisky Auction<\/title>\n<meta name=\"robots\" content=\"index, follow, max-snippet:-1, max-image-preview:large, max-video-preview:-1\" \/>\n<link rel=\"canonical\" href=\"https:\/\/www.dramfolks-whisky-auction.com\/fr\/product\/glendronach-the-hielan-8yo-6\/\" \/>\n<meta property=\"og:locale\" content=\"fr_FR\" \/>\n<meta property=\"og:type\" content=\"article\" \/>\n<meta property=\"og:title\" content=\"Glendronach - The Hielan 8yo - Dramfolks Whisky Auction\" \/>\n<meta property=\"og:description\" content=\"Destille: Glendronach Die Glendronach Distillery ist eine schottische Whiskybrennerei in der N\u00e4he von Forgue bei Huntly, Aberdeenshire. Der Name Glendronach leitet sich vom schottisch-g\u00e4lischen Gleann Dronach ab, was \u00ab\u00a0Tal der Brombeeren\u00a0\u00bb bedeutet. Glendronach hat eine wahrlich \u00ab\u00a0aktive\u00a0\u00bb Vergangenheit hinter sich&#8230; Sie geh\u00f6rte zu einem von drei Destillerien im Garioch und wurde 1826 von einer Partnerschaft[...]\" \/>\n<meta property=\"og:url\" content=\"https:\/\/www.dramfolks-whisky-auction.com\/fr\/product\/glendronach-the-hielan-8yo-6\/\" \/>\n<meta property=\"og:site_name\" content=\"Dramfolks Whisky Auction\" \/>\n<meta property=\"article:modified_time\" content=\"2025-10-11T05:41:09+00:00\" \/>\n<meta property=\"og:image\" content=\"https:\/\/www.dramfolks-whisky-auction.com\/wp-content\/uploads\/2025\/06\/Glendronach-The-Hielan-vorne-scaled.jpg\" \/>\n\t<meta property=\"og:image:width\" content=\"2560\" \/>\n\t<meta property=\"og:image:height\" content=\"2560\" \/>\n\t<meta property=\"og:image:type\" content=\"image\/jpeg\" \/>\n<meta name=\"twitter:card\" content=\"summary_large_image\" \/>\n<meta name=\"twitter:label1\" content=\"Dur\u00e9e de lecture estim\u00e9e\" \/>\n\t<meta name=\"twitter:data1\" content=\"3 minutes\" \/>\n<script type=\"application\/ld+json\" class=\"yoast-schema-graph\">{\"@context\":\"https:\/\/schema.org\",\"@graph\":[{\"@type\":\"WebPage\",\"@id\":\"https:\/\/www.dramfolks-whisky-auction.com\/fr\/product\/glendronach-the-hielan-8yo-6\/\",\"url\":\"https:\/\/www.dramfolks-whisky-auction.com\/fr\/product\/glendronach-the-hielan-8yo-6\/\",\"name\":\"Glendronach - The Hielan 8yo - Dramfolks Whisky Auction\",\"isPartOf\":{\"@id\":\"https:\/\/www.dramfolks-whisky-auction.com\/fr\/#website\"},\"primaryImageOfPage\":{\"@id\":\"https:\/\/www.dramfolks-whisky-auction.com\/fr\/product\/glendronach-the-hielan-8yo-6\/#primaryimage\"},\"image\":{\"@id\":\"https:\/\/www.dramfolks-whisky-auction.com\/fr\/product\/glendronach-the-hielan-8yo-6\/#primaryimage\"},\"thumbnailUrl\":\"https:\/\/www.dramfolks-whisky-auction.com\/wp-content\/uploads\/2025\/06\/Glendronach-The-Hielan-vorne-scaled.jpg\",\"datePublished\":\"2025-09-15T12:28:53+00:00\",\"dateModified\":\"2025-10-11T05:41:09+00:00\",\"breadcrumb\":{\"@id\":\"https:\/\/www.dramfolks-whisky-auction.com\/fr\/product\/glendronach-the-hielan-8yo-6\/#breadcrumb\"},\"inLanguage\":\"fr-FR\",\"potentialAction\":[{\"@type\":\"ReadAction\",\"target\":[\"https:\/\/www.dramfolks-whisky-auction.com\/fr\/product\/glendronach-the-hielan-8yo-6\/\"]}]},{\"@type\":\"ImageObject\",\"inLanguage\":\"fr-FR\",\"@id\":\"https:\/\/www.dramfolks-whisky-auction.com\/fr\/product\/glendronach-the-hielan-8yo-6\/#primaryimage\",\"url\":\"https:\/\/www.dramfolks-whisky-auction.com\/wp-content\/uploads\/2025\/06\/Glendronach-The-Hielan-vorne-scaled.jpg\",\"contentUrl\":\"https:\/\/www.dramfolks-whisky-auction.com\/wp-content\/uploads\/2025\/06\/Glendronach-The-Hielan-vorne-scaled.jpg\",\"width\":2560,\"height\":2560},{\"@type\":\"BreadcrumbList\",\"@id\":\"https:\/\/www.dramfolks-whisky-auction.com\/fr\/product\/glendronach-the-hielan-8yo-6\/#breadcrumb\",\"itemListElement\":[{\"@type\":\"ListItem\",\"position\":1,\"name\":\"Startseite\",\"item\":\"https:\/\/www.dramfolks-whisky-auction.com\/fr\/\"},{\"@type\":\"ListItem\",\"position\":2,\"name\":\"Boutique\",\"item\":\"https:\/\/www.dramfolks-whisky-auction.com\/fr\/boutique\/\"},{\"@type\":\"ListItem\",\"position\":3,\"name\":\"Glendronach &#8211; The Hielan 8yo\"}]},{\"@type\":\"WebSite\",\"@id\":\"https:\/\/www.dramfolks-whisky-auction.com\/fr\/#website\",\"url\":\"https:\/\/www.dramfolks-whisky-auction.com\/fr\/\",\"name\":\"Dramfolks Whisky Auction\",\"description\":\"\",\"potentialAction\":[{\"@type\":\"SearchAction\",\"target\":{\"@type\":\"EntryPoint\",\"urlTemplate\":\"https:\/\/www.dramfolks-whisky-auction.com\/fr\/?s={search_term_string}\"},\"query-input\":{\"@type\":\"PropertyValueSpecification\",\"valueRequired\":true,\"valueName\":\"search_term_string\"}}],\"inLanguage\":\"fr-FR\"}]}<\/script>\n<!-- \/ Yoast SEO plugin. -->","yoast_head_json":{"title":"Glendronach - The Hielan 8yo - Dramfolks Whisky Auction","robots":{"index":"index","follow":"follow","max-snippet":"max-snippet:-1","max-image-preview":"max-image-preview:large","max-video-preview":"max-video-preview:-1"},"canonical":"https:\/\/www.dramfolks-whisky-auction.com\/fr\/product\/glendronach-the-hielan-8yo-6\/","og_locale":"fr_FR","og_type":"article","og_title":"Glendronach - The Hielan 8yo - Dramfolks Whisky Auction","og_description":"Destille: Glendronach Die Glendronach Distillery ist eine schottische Whiskybrennerei in der N\u00e4he von Forgue bei Huntly, Aberdeenshire. Der Name Glendronach leitet sich vom schottisch-g\u00e4lischen Gleann Dronach ab, was \u00ab\u00a0Tal der Brombeeren\u00a0\u00bb bedeutet. Glendronach hat eine wahrlich \u00ab\u00a0aktive\u00a0\u00bb Vergangenheit hinter sich&#8230; Sie geh\u00f6rte zu einem von drei Destillerien im Garioch und wurde 1826 von einer Partnerschaft[...]","og_url":"https:\/\/www.dramfolks-whisky-auction.com\/fr\/product\/glendronach-the-hielan-8yo-6\/","og_site_name":"Dramfolks Whisky Auction","article_modified_time":"2025-10-11T05:41:09+00:00","og_image":[{"width":2560,"height":2560,"url":"https:\/\/www.dramfolks-whisky-auction.com\/wp-content\/uploads\/2025\/06\/Glendronach-The-Hielan-vorne-scaled.jpg","type":"image\/jpeg"}],"twitter_card":"summary_large_image","twitter_misc":{"Dur\u00e9e de lecture estim\u00e9e":"3 minutes"},"schema":{"@context":"https:\/\/schema.org","@graph":[{"@type":"WebPage","@id":"https:\/\/www.dramfolks-whisky-auction.com\/fr\/product\/glendronach-the-hielan-8yo-6\/","url":"https:\/\/www.dramfolks-whisky-auction.com\/fr\/product\/glendronach-the-hielan-8yo-6\/","name":"Glendronach - The Hielan 8yo - Dramfolks Whisky Auction","isPartOf":{"@id":"https:\/\/www.dramfolks-whisky-auction.com\/fr\/#website"},"primaryImageOfPage":{"@id":"https:\/\/www.dramfolks-whisky-auction.com\/fr\/product\/glendronach-the-hielan-8yo-6\/#primaryimage"},"image":{"@id":"https:\/\/www.dramfolks-whisky-auction.com\/fr\/product\/glendronach-the-hielan-8yo-6\/#primaryimage"},"thumbnailUrl":"https:\/\/www.dramfolks-whisky-auction.com\/wp-content\/uploads\/2025\/06\/Glendronach-The-Hielan-vorne-scaled.jpg","datePublished":"2025-09-15T12:28:53+00:00","dateModified":"2025-10-11T05:41:09+00:00","breadcrumb":{"@id":"https:\/\/www.dramfolks-whisky-auction.com\/fr\/product\/glendronach-the-hielan-8yo-6\/#breadcrumb"},"inLanguage":"fr-FR","potentialAction":[{"@type":"ReadAction","target":["https:\/\/www.dramfolks-whisky-auction.com\/fr\/product\/glendronach-the-hielan-8yo-6\/"]}]},{"@type":"ImageObject","inLanguage":"fr-FR","@id":"https:\/\/www.dramfolks-whisky-auction.com\/fr\/product\/glendronach-the-hielan-8yo-6\/#primaryimage","url":"https:\/\/www.dramfolks-whisky-auction.com\/wp-content\/uploads\/2025\/06\/Glendronach-The-Hielan-vorne-scaled.jpg","contentUrl":"https:\/\/www.dramfolks-whisky-auction.com\/wp-content\/uploads\/2025\/06\/Glendronach-The-Hielan-vorne-scaled.jpg","width":2560,"height":2560},{"@type":"BreadcrumbList","@id":"https:\/\/www.dramfolks-whisky-auction.com\/fr\/product\/glendronach-the-hielan-8yo-6\/#breadcrumb","itemListElement":[{"@type":"ListItem","position":1,"name":"Startseite","item":"https:\/\/www.dramfolks-whisky-auction.com\/fr\/"},{"@type":"ListItem","position":2,"name":"Boutique","item":"https:\/\/www.dramfolks-whisky-auction.com\/fr\/boutique\/"},{"@type":"ListItem","position":3,"name":"Glendronach &#8211; The Hielan 8yo"}]},{"@type":"WebSite","@id":"https:\/\/www.dramfolks-whisky-auction.com\/fr\/#website","url":"https:\/\/www.dramfolks-whisky-auction.com\/fr\/","name":"Dramfolks Whisky Auction","description":"","potentialAction":[{"@type":"SearchAction","target":{"@type":"EntryPoint","urlTemplate":"https:\/\/www.dramfolks-whisky-auction.com\/fr\/?s={search_term_string}"},"query-input":{"@type":"PropertyValueSpecification","valueRequired":true,"valueName":"search_term_string"}}],"inLanguage":"fr-FR"}]}},"_links":{"self":[{"href":"https:\/\/www.dramfolks-whisky-auction.com\/fr\/wp-json\/wp\/v2\/product\/5207662","targetHints":{"allow":["GET"]}}],"collection":[{"href":"https:\/\/www.dramfolks-whisky-auction.com\/fr\/wp-json\/wp\/v2\/product"}],"about":[{"href":"https:\/\/www.dramfolks-whisky-auction.com\/fr\/wp-json\/wp\/v2\/types\/product"}],"replies":[{"embeddable":true,"href":"https:\/\/www.dramfolks-whisky-auction.com\/fr\/wp-json\/wp\/v2\/comments?post=5207662"}],"wp:featuredmedia":[{"embeddable":true,"href":"https:\/\/www.dramfolks-whisky-auction.com\/fr\/wp-json\/wp\/v2\/media\/3688829"}],"wp:attachment":[{"href":"https:\/\/www.dramfolks-whisky-auction.com\/fr\/wp-json\/wp\/v2\/media?parent=5207662"}],"wp:term":[{"taxonomy":"product_brand","embeddable":true,"href":"https:\/\/www.dramfolks-whisky-auction.com\/fr\/wp-json\/wp\/v2\/product_brand?post=5207662"},{"taxonomy":"product_cat","embeddable":true,"href":"https:\/\/www.dramfolks-whisky-auction.com\/fr\/wp-json\/wp\/v2\/product_cat?post=5207662"},{"taxonomy":"product_tag","embeddable":true,"href":"https:\/\/www.dramfolks-whisky-auction.com\/fr\/wp-json\/wp\/v2\/product_tag?post=5207662"}],"curies":[{"name":"wp","href":"https:\/\/api.w.org\/{rel}","templated":true}]}}