{"id":5132869,"date":"2025-09-14T09:16:34","date_gmt":"2025-09-14T07:16:34","guid":{"rendered":"https:\/\/www.dramfolks-whisky-auction.com\/?post_type=product&#038;p=5132869"},"modified":"2025-10-05T19:00:03","modified_gmt":"2025-10-05T17:00:03","slug":"torabhaig-the-legacy-series-second-release-allt-gleann-10","status":"publish","type":"product","link":"https:\/\/www.dramfolks-whisky-auction.com\/fr\/product\/torabhaig-the-legacy-series-second-release-allt-gleann-10\/","title":{"rendered":"Torabhaig &#8211; The Legacy Series Second Release Allt Gleann"},"content":{"rendered":"<p><strong>Destille: Torabhaig<\/strong><br \/>\nTorabhaig ist eine Destillerie f\u00fcr Whisky in Teangue auf der Insel Skye. Es ist erst die zweite, auf Skye lizenzierte Destillerie nach der Gr\u00fcndung von Talisker 1830. Die Planung der Destillerie unter ihrem damaligen Besitzer Sir Iain Noble wurde 2002 genehmigt. Nach seinem Tod wurde sie von Mossburn Distillers \u00fcbernommen, einem Tochterunternehmen von Marussia Beverages BV. Das aktuelle, j\u00e4hrliche Produktionsvolumen betr\u00e4gt 500.000 Liter.<\/p>\n<p><strong>Fun fact:<\/strong> 2019 adoptierte die Destillerie eine Ziege namens \u201eGoaty\u201c (goat ist das englische Wort f\u00fcr Ziege) als ihr offizielles Maskottchen.<\/p>\n<p><strong>Whisky\/Whiskey:<\/strong> <strong>The Legacy Series &#8211; Second Release Allt Gleann<\/strong><br \/>\nEs ist die zweite Ausf\u00fchrung der Legacy-Serie \u2013 und die zweite Ver\u00f6ffentlichung eines Single Malts aus der aufregenden Torabhaig-Destillerie auf der Isle of Skye. Erstmals destilliert Ende 2017 \/ Anfang 2018 durch eine Kombination kleiner Chargen von Whiskys, kommt der Allt Gleann mit randvoll ger\u00f6stetem und rauchigem Torf, sowie sehr viel maritimem Charakter daher. Ein sehr beeindruckender Ausdruck eines Whiskys! Well done Torabhaig folks&#8230;<\/p>\n<p><strong>Info Qualit\u00e4t der Flasche:<\/strong> Exzellent ohne Besch\u00e4digungen \/ <strong>F\u00fcllstand:<\/strong> High fill<br \/>\n<strong>Info Qualit\u00e4t der Box:<\/strong> Exzellent ohne Besch\u00e4digungen<\/p>\n<p><strong>Wichtiger Hinweis:<\/strong> Die Bewertung der Flaschen und Boxen erfolgt nach \u201ebesten Wissen und Gewissen\u201c. dramfolks kann keine Gew\u00e4hrleistung f\u00fcr den Inhalt der Flaschen \u00fcbernehmen. Weitere Infos &amp; Hinweise finden Sie in unseren AGBs. Wir empfehlen Ihnen, vor der Abgabe von Geboten \u00fcber die Zoomfunktion eine Besichtigung \/ genaue Pr\u00fcfung des angebotenen Whiskys vorzunehmen. Bitte kontaktieren sie uns bei Fragen direkt unter info@dramfolks.com<\/p>\n","protected":false},"excerpt":{"rendered":"<p>Destille: Torabhaig Torabhaig ist eine Destillerie f\u00fcr Whisky in Teangue auf der Insel Skye. Es ist erst die zweite, auf Skye lizenzierte Destillerie nach der Gr\u00fcndung von Talisker 1830. Die Planung der Destillerie unter ihrem damaligen Besitzer Sir Iain Noble wurde 2002 genehmigt. Nach seinem Tod wurde sie von Mossburn Distillers \u00fcbernommen, einem Tochterunternehmen von[&#8230;]\n","protected":false},"featured_media":857924,"comment_status":"closed","ping_status":"closed","template":"","meta":[],"product_brand":[],"product_cat":[1233],"product_tag":[],"class_list":{"0":"post-5132869","1":"product","2":"type-product","3":"status-publish","4":"has-post-thumbnail","6":"product_cat-no-20","8":"first","9":"instock","10":"shipping-taxable","11":"purchasable","12":"product-type-auction"},"yoast_head":"<!-- This site is optimized with the Yoast SEO plugin v27.0 - https:\/\/yoast.com\/product\/yoast-seo-wordpress\/ -->\n<title>Torabhaig - The Legacy Series Second Release Allt Gleann - Dramfolks Whisky Auction<\/title>\n<meta name=\"robots\" content=\"index, follow, max-snippet:-1, max-image-preview:large, max-video-preview:-1\" \/>\n<link rel=\"canonical\" href=\"https:\/\/www.dramfolks-whisky-auction.com\/fr\/product\/torabhaig-the-legacy-series-second-release-allt-gleann-10\/\" \/>\n<meta property=\"og:locale\" content=\"fr_FR\" \/>\n<meta property=\"og:type\" content=\"article\" \/>\n<meta property=\"og:title\" content=\"Torabhaig - The Legacy Series Second Release Allt Gleann - Dramfolks Whisky Auction\" \/>\n<meta property=\"og:description\" content=\"Destille: Torabhaig Torabhaig ist eine Destillerie f\u00fcr Whisky in Teangue auf der Insel Skye. Es ist erst die zweite, auf Skye lizenzierte Destillerie nach der Gr\u00fcndung von Talisker 1830. Die Planung der Destillerie unter ihrem damaligen Besitzer Sir Iain Noble wurde 2002 genehmigt. Nach seinem Tod wurde sie von Mossburn Distillers \u00fcbernommen, einem Tochterunternehmen von[...]\" \/>\n<meta property=\"og:url\" content=\"https:\/\/www.dramfolks-whisky-auction.com\/fr\/product\/torabhaig-the-legacy-series-second-release-allt-gleann-10\/\" \/>\n<meta property=\"og:site_name\" content=\"Dramfolks Whisky Auction\" \/>\n<meta property=\"article:modified_time\" content=\"2025-10-05T17:00:03+00:00\" \/>\n<meta property=\"og:image\" content=\"https:\/\/www.dramfolks-whisky-auction.com\/wp-content\/uploads\/2024\/11\/Torabhaig-vorne-scaled.jpg\" \/>\n\t<meta property=\"og:image:width\" content=\"2560\" \/>\n\t<meta property=\"og:image:height\" content=\"2560\" \/>\n\t<meta property=\"og:image:type\" content=\"image\/jpeg\" \/>\n<meta name=\"twitter:card\" content=\"summary_large_image\" \/>\n<meta name=\"twitter:label1\" content=\"Dur\u00e9e de lecture estim\u00e9e\" \/>\n\t<meta name=\"twitter:data1\" content=\"2 minutes\" \/>\n<script type=\"application\/ld+json\" class=\"yoast-schema-graph\">{\"@context\":\"https:\/\/schema.org\",\"@graph\":[{\"@type\":\"WebPage\",\"@id\":\"https:\/\/www.dramfolks-whisky-auction.com\/fr\/product\/torabhaig-the-legacy-series-second-release-allt-gleann-10\/\",\"url\":\"https:\/\/www.dramfolks-whisky-auction.com\/fr\/product\/torabhaig-the-legacy-series-second-release-allt-gleann-10\/\",\"name\":\"Torabhaig - The Legacy Series Second Release Allt Gleann - Dramfolks Whisky Auction\",\"isPartOf\":{\"@id\":\"https:\/\/www.dramfolks-whisky-auction.com\/fr\/#website\"},\"primaryImageOfPage\":{\"@id\":\"https:\/\/www.dramfolks-whisky-auction.com\/fr\/product\/torabhaig-the-legacy-series-second-release-allt-gleann-10\/#primaryimage\"},\"image\":{\"@id\":\"https:\/\/www.dramfolks-whisky-auction.com\/fr\/product\/torabhaig-the-legacy-series-second-release-allt-gleann-10\/#primaryimage\"},\"thumbnailUrl\":\"https:\/\/www.dramfolks-whisky-auction.com\/wp-content\/uploads\/2024\/11\/Torabhaig-vorne-scaled.jpg\",\"datePublished\":\"2025-09-14T07:16:34+00:00\",\"dateModified\":\"2025-10-05T17:00:03+00:00\",\"breadcrumb\":{\"@id\":\"https:\/\/www.dramfolks-whisky-auction.com\/fr\/product\/torabhaig-the-legacy-series-second-release-allt-gleann-10\/#breadcrumb\"},\"inLanguage\":\"fr-FR\",\"potentialAction\":[{\"@type\":\"ReadAction\",\"target\":[\"https:\/\/www.dramfolks-whisky-auction.com\/fr\/product\/torabhaig-the-legacy-series-second-release-allt-gleann-10\/\"]}]},{\"@type\":\"ImageObject\",\"inLanguage\":\"fr-FR\",\"@id\":\"https:\/\/www.dramfolks-whisky-auction.com\/fr\/product\/torabhaig-the-legacy-series-second-release-allt-gleann-10\/#primaryimage\",\"url\":\"https:\/\/www.dramfolks-whisky-auction.com\/wp-content\/uploads\/2024\/11\/Torabhaig-vorne-scaled.jpg\",\"contentUrl\":\"https:\/\/www.dramfolks-whisky-auction.com\/wp-content\/uploads\/2024\/11\/Torabhaig-vorne-scaled.jpg\",\"width\":2560,\"height\":2560},{\"@type\":\"BreadcrumbList\",\"@id\":\"https:\/\/www.dramfolks-whisky-auction.com\/fr\/product\/torabhaig-the-legacy-series-second-release-allt-gleann-10\/#breadcrumb\",\"itemListElement\":[{\"@type\":\"ListItem\",\"position\":1,\"name\":\"Startseite\",\"item\":\"https:\/\/www.dramfolks-whisky-auction.com\/fr\/\"},{\"@type\":\"ListItem\",\"position\":2,\"name\":\"Boutique\",\"item\":\"https:\/\/www.dramfolks-whisky-auction.com\/fr\/boutique\/\"},{\"@type\":\"ListItem\",\"position\":3,\"name\":\"Torabhaig &#8211; The Legacy Series Second Release Allt Gleann\"}]},{\"@type\":\"WebSite\",\"@id\":\"https:\/\/www.dramfolks-whisky-auction.com\/fr\/#website\",\"url\":\"https:\/\/www.dramfolks-whisky-auction.com\/fr\/\",\"name\":\"Dramfolks Whisky Auction\",\"description\":\"\",\"potentialAction\":[{\"@type\":\"SearchAction\",\"target\":{\"@type\":\"EntryPoint\",\"urlTemplate\":\"https:\/\/www.dramfolks-whisky-auction.com\/fr\/?s={search_term_string}\"},\"query-input\":{\"@type\":\"PropertyValueSpecification\",\"valueRequired\":true,\"valueName\":\"search_term_string\"}}],\"inLanguage\":\"fr-FR\"}]}<\/script>\n<!-- \/ Yoast SEO plugin. -->","yoast_head_json":{"title":"Torabhaig - The Legacy Series Second Release Allt Gleann - Dramfolks Whisky Auction","robots":{"index":"index","follow":"follow","max-snippet":"max-snippet:-1","max-image-preview":"max-image-preview:large","max-video-preview":"max-video-preview:-1"},"canonical":"https:\/\/www.dramfolks-whisky-auction.com\/fr\/product\/torabhaig-the-legacy-series-second-release-allt-gleann-10\/","og_locale":"fr_FR","og_type":"article","og_title":"Torabhaig - The Legacy Series Second Release Allt Gleann - Dramfolks Whisky Auction","og_description":"Destille: Torabhaig Torabhaig ist eine Destillerie f\u00fcr Whisky in Teangue auf der Insel Skye. Es ist erst die zweite, auf Skye lizenzierte Destillerie nach der Gr\u00fcndung von Talisker 1830. Die Planung der Destillerie unter ihrem damaligen Besitzer Sir Iain Noble wurde 2002 genehmigt. Nach seinem Tod wurde sie von Mossburn Distillers \u00fcbernommen, einem Tochterunternehmen von[...]","og_url":"https:\/\/www.dramfolks-whisky-auction.com\/fr\/product\/torabhaig-the-legacy-series-second-release-allt-gleann-10\/","og_site_name":"Dramfolks Whisky Auction","article_modified_time":"2025-10-05T17:00:03+00:00","og_image":[{"width":2560,"height":2560,"url":"https:\/\/www.dramfolks-whisky-auction.com\/wp-content\/uploads\/2024\/11\/Torabhaig-vorne-scaled.jpg","type":"image\/jpeg"}],"twitter_card":"summary_large_image","twitter_misc":{"Dur\u00e9e de lecture estim\u00e9e":"2 minutes"},"schema":{"@context":"https:\/\/schema.org","@graph":[{"@type":"WebPage","@id":"https:\/\/www.dramfolks-whisky-auction.com\/fr\/product\/torabhaig-the-legacy-series-second-release-allt-gleann-10\/","url":"https:\/\/www.dramfolks-whisky-auction.com\/fr\/product\/torabhaig-the-legacy-series-second-release-allt-gleann-10\/","name":"Torabhaig - The Legacy Series Second Release Allt Gleann - Dramfolks Whisky Auction","isPartOf":{"@id":"https:\/\/www.dramfolks-whisky-auction.com\/fr\/#website"},"primaryImageOfPage":{"@id":"https:\/\/www.dramfolks-whisky-auction.com\/fr\/product\/torabhaig-the-legacy-series-second-release-allt-gleann-10\/#primaryimage"},"image":{"@id":"https:\/\/www.dramfolks-whisky-auction.com\/fr\/product\/torabhaig-the-legacy-series-second-release-allt-gleann-10\/#primaryimage"},"thumbnailUrl":"https:\/\/www.dramfolks-whisky-auction.com\/wp-content\/uploads\/2024\/11\/Torabhaig-vorne-scaled.jpg","datePublished":"2025-09-14T07:16:34+00:00","dateModified":"2025-10-05T17:00:03+00:00","breadcrumb":{"@id":"https:\/\/www.dramfolks-whisky-auction.com\/fr\/product\/torabhaig-the-legacy-series-second-release-allt-gleann-10\/#breadcrumb"},"inLanguage":"fr-FR","potentialAction":[{"@type":"ReadAction","target":["https:\/\/www.dramfolks-whisky-auction.com\/fr\/product\/torabhaig-the-legacy-series-second-release-allt-gleann-10\/"]}]},{"@type":"ImageObject","inLanguage":"fr-FR","@id":"https:\/\/www.dramfolks-whisky-auction.com\/fr\/product\/torabhaig-the-legacy-series-second-release-allt-gleann-10\/#primaryimage","url":"https:\/\/www.dramfolks-whisky-auction.com\/wp-content\/uploads\/2024\/11\/Torabhaig-vorne-scaled.jpg","contentUrl":"https:\/\/www.dramfolks-whisky-auction.com\/wp-content\/uploads\/2024\/11\/Torabhaig-vorne-scaled.jpg","width":2560,"height":2560},{"@type":"BreadcrumbList","@id":"https:\/\/www.dramfolks-whisky-auction.com\/fr\/product\/torabhaig-the-legacy-series-second-release-allt-gleann-10\/#breadcrumb","itemListElement":[{"@type":"ListItem","position":1,"name":"Startseite","item":"https:\/\/www.dramfolks-whisky-auction.com\/fr\/"},{"@type":"ListItem","position":2,"name":"Boutique","item":"https:\/\/www.dramfolks-whisky-auction.com\/fr\/boutique\/"},{"@type":"ListItem","position":3,"name":"Torabhaig &#8211; The Legacy Series Second Release Allt Gleann"}]},{"@type":"WebSite","@id":"https:\/\/www.dramfolks-whisky-auction.com\/fr\/#website","url":"https:\/\/www.dramfolks-whisky-auction.com\/fr\/","name":"Dramfolks Whisky Auction","description":"","potentialAction":[{"@type":"SearchAction","target":{"@type":"EntryPoint","urlTemplate":"https:\/\/www.dramfolks-whisky-auction.com\/fr\/?s={search_term_string}"},"query-input":{"@type":"PropertyValueSpecification","valueRequired":true,"valueName":"search_term_string"}}],"inLanguage":"fr-FR"}]}},"_links":{"self":[{"href":"https:\/\/www.dramfolks-whisky-auction.com\/fr\/wp-json\/wp\/v2\/product\/5132869","targetHints":{"allow":["GET"]}}],"collection":[{"href":"https:\/\/www.dramfolks-whisky-auction.com\/fr\/wp-json\/wp\/v2\/product"}],"about":[{"href":"https:\/\/www.dramfolks-whisky-auction.com\/fr\/wp-json\/wp\/v2\/types\/product"}],"replies":[{"embeddable":true,"href":"https:\/\/www.dramfolks-whisky-auction.com\/fr\/wp-json\/wp\/v2\/comments?post=5132869"}],"wp:featuredmedia":[{"embeddable":true,"href":"https:\/\/www.dramfolks-whisky-auction.com\/fr\/wp-json\/wp\/v2\/media\/857924"}],"wp:attachment":[{"href":"https:\/\/www.dramfolks-whisky-auction.com\/fr\/wp-json\/wp\/v2\/media?parent=5132869"}],"wp:term":[{"taxonomy":"product_brand","embeddable":true,"href":"https:\/\/www.dramfolks-whisky-auction.com\/fr\/wp-json\/wp\/v2\/product_brand?post=5132869"},{"taxonomy":"product_cat","embeddable":true,"href":"https:\/\/www.dramfolks-whisky-auction.com\/fr\/wp-json\/wp\/v2\/product_cat?post=5132869"},{"taxonomy":"product_tag","embeddable":true,"href":"https:\/\/www.dramfolks-whisky-auction.com\/fr\/wp-json\/wp\/v2\/product_tag?post=5132869"}],"curies":[{"name":"wp","href":"https:\/\/api.w.org\/{rel}","templated":true}]}}