{"id":5132868,"date":"2025-09-14T09:14:52","date_gmt":"2025-09-14T07:14:52","guid":{"rendered":"https:\/\/www.dramfolks-whisky-auction.com\/?post_type=product&#038;p=5132868"},"modified":"2025-10-05T19:00:03","modified_gmt":"2025-10-05T17:00:03","slug":"mackmyra-special-cask-edition-2010-2018-ex-oloroso-8","status":"publish","type":"product","link":"https:\/\/www.dramfolks-whisky-auction.com\/fr\/product\/mackmyra-special-cask-edition-2010-2018-ex-oloroso-8\/","title":{"rendered":"Mackmyra &#8211; Special Cask Edition 2010\/2018 Ex Oloroso"},"content":{"rendered":"<p><strong>Destille: Mackmyra<br \/>\n<\/strong>Mackmyra Whisky ist eine schwedische Single Malt Whisky-Destillerie. Benannt ist es nach dem Dorf und Herrenhaus von Mackmyra, wo die erste Destillerie gegr\u00fcndet wurde, im Wohnviertel Valbo, s\u00fcdwestlich von G\u00e4vle. Mackmyra Svensk Whisky AB ist ein b\u00f6rsennotiertes Unternehmen, das im Dezember 2011 an der Nasdaq OMXs alternativem Investmentmarkt First North notiert wurde. Das Unternehmen besch\u00e4ftigt rund 45 Mitarbeiter und erwirtschaftet einen Jahresumsatz von rund 100 Millionen SEK. Sein gr\u00f6\u00dfter Anteilseigner ist die schwedische Bauerngenossenschaft Lantm\u00e4nnen. J\u00e4hrliche Produktionskapazit\u00e4t: ca. 1,7 Mio. Liter.<\/p>\n<p><strong>Fun fact: <\/strong>Vom Wintersport \u00fcber Rezepte zu \u00ab\u00a0ausverkauft in 20 Min.\u00a0\u00bb&#8230; Die Geschichte von Mackmyra begann 1998 in einem schwedischen Wintersportort, wo sich acht Freunde vom Royal Institute of Technology zu einem Skiausflug trafen. Als sie bemerkten, dass alle eine Flasche Malt Whisky f\u00fcr den Gastgeber mitgebracht hatten, begann ein Gespr\u00e4ch \u00fcber die Herstellung eines schwedischen Whiskys. Im darauffolgenden Jahr wurde ein Unternehmen gegr\u00fcndet und nach jahrelangem Experimentieren mit 170 verschiedenen Rezepten entschied man sich schlie\u00dflich 2002 f\u00fcr zwei finale Rezepte. Der erste Single Malt Whisky in limitierter Auflage, Preludium 01, kam im Februar 2006 auf den Markt und war in weniger als 20 Minuten ausverkauft&#8230;. b\u00e4\u00e4m!<\/p>\n<p><strong>Whisky\/Whiskey: Special Cask Edition 2010\/2018 Ex Oloroso<br \/>\n<\/strong>Die Special Cask Edition Serie besteht ausschlie\u00dflich aus verschiedenen 30 Liter Single Casks. Um schlie\u00dflich in diese kleinen F\u00e4sser und deren Magie einen Einblick zu bekommen, hat sich Mackmyra dazu entschieden, die SCE Serie ins Leben zu rufen. Bedingt durch die Gr\u00f6\u00dfe dieser 30 Liter Single Casks erh\u00e4lt der Whisky ca. dreimal schneller seinen ausgepr\u00e4gten Charakter als in herk\u00f6mmlichen Fassgr\u00f6\u00dfen. Die unterschiedlichen Abf\u00fcllungen sind stark limitiert. Der Whisky wurde 2010 destilliert, reifte in einem Ex-Oloroso-Sherry-Fass im Warehouse Hemliga Lagret und wurde 2018 in nur 50 Flaschen abgef\u00fcllt!!<\/p>\n<p><strong>Info Qualit\u00e4t der Flasche:<\/strong> Exzellent &#8211; ohne Besch\u00e4digungen \/ <strong>F\u00fcllstand:<\/strong> Into neck<br \/>\n<strong>Info Qualit\u00e4t der Box:<\/strong> keine Box vorhanden<\/p>\n<p><strong>Wichtiger Hinweis:<\/strong> Die Bewertung der Flaschen und Boxen erfolgt nach \u201ebesten Wissen und Gewissen\u201c. dramfolks kann keine Gew\u00e4hrleistung f\u00fcr den Inhalt der Flaschen \u00fcbernehmen. Weitere Infos &amp; Hinweise finden Sie in unseren AGBs. Wir empfehlen Ihnen, vor der Abgabe von Geboten \u00fcber die Zoomfunktion eine Besichtigung \/ genaue Pr\u00fcfung des angebotenen Whiskys vorzunehmen. Bitte kontaktieren sie uns bei Fragen direkt unter info@dramfolks.com<\/p>\n","protected":false},"excerpt":{"rendered":"<p>Destille: Mackmyra Mackmyra Whisky ist eine schwedische Single Malt Whisky-Destillerie. Benannt ist es nach dem Dorf und Herrenhaus von Mackmyra, wo die erste Destillerie gegr\u00fcndet wurde, im Wohnviertel Valbo, s\u00fcdwestlich von G\u00e4vle. Mackmyra Svensk Whisky AB ist ein b\u00f6rsennotiertes Unternehmen, das im Dezember 2011 an der Nasdaq OMXs alternativem Investmentmarkt First North notiert wurde. Das[&#8230;]\n","protected":false},"featured_media":859019,"comment_status":"closed","ping_status":"closed","template":"","meta":[],"product_brand":[],"product_cat":[1233],"product_tag":[],"class_list":{"0":"post-5132868","1":"product","2":"type-product","3":"status-publish","4":"has-post-thumbnail","6":"product_cat-no-20","8":"first","9":"instock","10":"shipping-taxable","11":"purchasable","12":"product-type-auction"},"yoast_head":"<!-- This site is optimized with the Yoast SEO plugin v27.0 - https:\/\/yoast.com\/product\/yoast-seo-wordpress\/ -->\n<title>Mackmyra - Special Cask Edition 2010\/2018 Ex Oloroso - Dramfolks Whisky Auction<\/title>\n<meta name=\"robots\" content=\"index, follow, max-snippet:-1, max-image-preview:large, max-video-preview:-1\" \/>\n<link rel=\"canonical\" href=\"https:\/\/www.dramfolks-whisky-auction.com\/fr\/product\/mackmyra-special-cask-edition-2010-2018-ex-oloroso-8\/\" \/>\n<meta property=\"og:locale\" content=\"fr_FR\" \/>\n<meta property=\"og:type\" content=\"article\" \/>\n<meta property=\"og:title\" content=\"Mackmyra - Special Cask Edition 2010\/2018 Ex Oloroso - Dramfolks Whisky Auction\" \/>\n<meta property=\"og:description\" content=\"Destille: Mackmyra Mackmyra Whisky ist eine schwedische Single Malt Whisky-Destillerie. Benannt ist es nach dem Dorf und Herrenhaus von Mackmyra, wo die erste Destillerie gegr\u00fcndet wurde, im Wohnviertel Valbo, s\u00fcdwestlich von G\u00e4vle. Mackmyra Svensk Whisky AB ist ein b\u00f6rsennotiertes Unternehmen, das im Dezember 2011 an der Nasdaq OMXs alternativem Investmentmarkt First North notiert wurde. Das[...]\" \/>\n<meta property=\"og:url\" content=\"https:\/\/www.dramfolks-whisky-auction.com\/fr\/product\/mackmyra-special-cask-edition-2010-2018-ex-oloroso-8\/\" \/>\n<meta property=\"og:site_name\" content=\"Dramfolks Whisky Auction\" \/>\n<meta property=\"article:modified_time\" content=\"2025-10-05T17:00:03+00:00\" \/>\n<meta property=\"og:image\" content=\"https:\/\/www.dramfolks-whisky-auction.com\/wp-content\/uploads\/2024\/11\/Mackmyra-Special-Cask-vorne.jpg\" \/>\n\t<meta property=\"og:image:width\" content=\"2514\" \/>\n\t<meta property=\"og:image:height\" content=\"2514\" \/>\n\t<meta property=\"og:image:type\" content=\"image\/jpeg\" \/>\n<meta name=\"twitter:card\" content=\"summary_large_image\" \/>\n<meta name=\"twitter:label1\" content=\"Dur\u00e9e de lecture estim\u00e9e\" \/>\n\t<meta name=\"twitter:data1\" content=\"3 minutes\" \/>\n<script type=\"application\/ld+json\" class=\"yoast-schema-graph\">{\"@context\":\"https:\/\/schema.org\",\"@graph\":[{\"@type\":\"WebPage\",\"@id\":\"https:\/\/www.dramfolks-whisky-auction.com\/fr\/product\/mackmyra-special-cask-edition-2010-2018-ex-oloroso-8\/\",\"url\":\"https:\/\/www.dramfolks-whisky-auction.com\/fr\/product\/mackmyra-special-cask-edition-2010-2018-ex-oloroso-8\/\",\"name\":\"Mackmyra - Special Cask Edition 2010\/2018 Ex Oloroso - Dramfolks Whisky Auction\",\"isPartOf\":{\"@id\":\"https:\/\/www.dramfolks-whisky-auction.com\/fr\/#website\"},\"primaryImageOfPage\":{\"@id\":\"https:\/\/www.dramfolks-whisky-auction.com\/fr\/product\/mackmyra-special-cask-edition-2010-2018-ex-oloroso-8\/#primaryimage\"},\"image\":{\"@id\":\"https:\/\/www.dramfolks-whisky-auction.com\/fr\/product\/mackmyra-special-cask-edition-2010-2018-ex-oloroso-8\/#primaryimage\"},\"thumbnailUrl\":\"https:\/\/www.dramfolks-whisky-auction.com\/wp-content\/uploads\/2024\/11\/Mackmyra-Special-Cask-vorne.jpg\",\"datePublished\":\"2025-09-14T07:14:52+00:00\",\"dateModified\":\"2025-10-05T17:00:03+00:00\",\"breadcrumb\":{\"@id\":\"https:\/\/www.dramfolks-whisky-auction.com\/fr\/product\/mackmyra-special-cask-edition-2010-2018-ex-oloroso-8\/#breadcrumb\"},\"inLanguage\":\"fr-FR\",\"potentialAction\":[{\"@type\":\"ReadAction\",\"target\":[\"https:\/\/www.dramfolks-whisky-auction.com\/fr\/product\/mackmyra-special-cask-edition-2010-2018-ex-oloroso-8\/\"]}]},{\"@type\":\"ImageObject\",\"inLanguage\":\"fr-FR\",\"@id\":\"https:\/\/www.dramfolks-whisky-auction.com\/fr\/product\/mackmyra-special-cask-edition-2010-2018-ex-oloroso-8\/#primaryimage\",\"url\":\"https:\/\/www.dramfolks-whisky-auction.com\/wp-content\/uploads\/2024\/11\/Mackmyra-Special-Cask-vorne.jpg\",\"contentUrl\":\"https:\/\/www.dramfolks-whisky-auction.com\/wp-content\/uploads\/2024\/11\/Mackmyra-Special-Cask-vorne.jpg\",\"width\":2514,\"height\":2514},{\"@type\":\"BreadcrumbList\",\"@id\":\"https:\/\/www.dramfolks-whisky-auction.com\/fr\/product\/mackmyra-special-cask-edition-2010-2018-ex-oloroso-8\/#breadcrumb\",\"itemListElement\":[{\"@type\":\"ListItem\",\"position\":1,\"name\":\"Startseite\",\"item\":\"https:\/\/www.dramfolks-whisky-auction.com\/fr\/\"},{\"@type\":\"ListItem\",\"position\":2,\"name\":\"Boutique\",\"item\":\"https:\/\/www.dramfolks-whisky-auction.com\/fr\/boutique\/\"},{\"@type\":\"ListItem\",\"position\":3,\"name\":\"Mackmyra &#8211; Special Cask Edition 2010\/2018 Ex Oloroso\"}]},{\"@type\":\"WebSite\",\"@id\":\"https:\/\/www.dramfolks-whisky-auction.com\/fr\/#website\",\"url\":\"https:\/\/www.dramfolks-whisky-auction.com\/fr\/\",\"name\":\"Dramfolks Whisky Auction\",\"description\":\"\",\"potentialAction\":[{\"@type\":\"SearchAction\",\"target\":{\"@type\":\"EntryPoint\",\"urlTemplate\":\"https:\/\/www.dramfolks-whisky-auction.com\/fr\/?s={search_term_string}\"},\"query-input\":{\"@type\":\"PropertyValueSpecification\",\"valueRequired\":true,\"valueName\":\"search_term_string\"}}],\"inLanguage\":\"fr-FR\"}]}<\/script>\n<!-- \/ Yoast SEO plugin. -->","yoast_head_json":{"title":"Mackmyra - Special Cask Edition 2010\/2018 Ex Oloroso - Dramfolks Whisky Auction","robots":{"index":"index","follow":"follow","max-snippet":"max-snippet:-1","max-image-preview":"max-image-preview:large","max-video-preview":"max-video-preview:-1"},"canonical":"https:\/\/www.dramfolks-whisky-auction.com\/fr\/product\/mackmyra-special-cask-edition-2010-2018-ex-oloroso-8\/","og_locale":"fr_FR","og_type":"article","og_title":"Mackmyra - Special Cask Edition 2010\/2018 Ex Oloroso - Dramfolks Whisky Auction","og_description":"Destille: Mackmyra Mackmyra Whisky ist eine schwedische Single Malt Whisky-Destillerie. Benannt ist es nach dem Dorf und Herrenhaus von Mackmyra, wo die erste Destillerie gegr\u00fcndet wurde, im Wohnviertel Valbo, s\u00fcdwestlich von G\u00e4vle. Mackmyra Svensk Whisky AB ist ein b\u00f6rsennotiertes Unternehmen, das im Dezember 2011 an der Nasdaq OMXs alternativem Investmentmarkt First North notiert wurde. Das[...]","og_url":"https:\/\/www.dramfolks-whisky-auction.com\/fr\/product\/mackmyra-special-cask-edition-2010-2018-ex-oloroso-8\/","og_site_name":"Dramfolks Whisky Auction","article_modified_time":"2025-10-05T17:00:03+00:00","og_image":[{"width":2514,"height":2514,"url":"https:\/\/www.dramfolks-whisky-auction.com\/wp-content\/uploads\/2024\/11\/Mackmyra-Special-Cask-vorne.jpg","type":"image\/jpeg"}],"twitter_card":"summary_large_image","twitter_misc":{"Dur\u00e9e de lecture estim\u00e9e":"3 minutes"},"schema":{"@context":"https:\/\/schema.org","@graph":[{"@type":"WebPage","@id":"https:\/\/www.dramfolks-whisky-auction.com\/fr\/product\/mackmyra-special-cask-edition-2010-2018-ex-oloroso-8\/","url":"https:\/\/www.dramfolks-whisky-auction.com\/fr\/product\/mackmyra-special-cask-edition-2010-2018-ex-oloroso-8\/","name":"Mackmyra - Special Cask Edition 2010\/2018 Ex Oloroso - Dramfolks Whisky Auction","isPartOf":{"@id":"https:\/\/www.dramfolks-whisky-auction.com\/fr\/#website"},"primaryImageOfPage":{"@id":"https:\/\/www.dramfolks-whisky-auction.com\/fr\/product\/mackmyra-special-cask-edition-2010-2018-ex-oloroso-8\/#primaryimage"},"image":{"@id":"https:\/\/www.dramfolks-whisky-auction.com\/fr\/product\/mackmyra-special-cask-edition-2010-2018-ex-oloroso-8\/#primaryimage"},"thumbnailUrl":"https:\/\/www.dramfolks-whisky-auction.com\/wp-content\/uploads\/2024\/11\/Mackmyra-Special-Cask-vorne.jpg","datePublished":"2025-09-14T07:14:52+00:00","dateModified":"2025-10-05T17:00:03+00:00","breadcrumb":{"@id":"https:\/\/www.dramfolks-whisky-auction.com\/fr\/product\/mackmyra-special-cask-edition-2010-2018-ex-oloroso-8\/#breadcrumb"},"inLanguage":"fr-FR","potentialAction":[{"@type":"ReadAction","target":["https:\/\/www.dramfolks-whisky-auction.com\/fr\/product\/mackmyra-special-cask-edition-2010-2018-ex-oloroso-8\/"]}]},{"@type":"ImageObject","inLanguage":"fr-FR","@id":"https:\/\/www.dramfolks-whisky-auction.com\/fr\/product\/mackmyra-special-cask-edition-2010-2018-ex-oloroso-8\/#primaryimage","url":"https:\/\/www.dramfolks-whisky-auction.com\/wp-content\/uploads\/2024\/11\/Mackmyra-Special-Cask-vorne.jpg","contentUrl":"https:\/\/www.dramfolks-whisky-auction.com\/wp-content\/uploads\/2024\/11\/Mackmyra-Special-Cask-vorne.jpg","width":2514,"height":2514},{"@type":"BreadcrumbList","@id":"https:\/\/www.dramfolks-whisky-auction.com\/fr\/product\/mackmyra-special-cask-edition-2010-2018-ex-oloroso-8\/#breadcrumb","itemListElement":[{"@type":"ListItem","position":1,"name":"Startseite","item":"https:\/\/www.dramfolks-whisky-auction.com\/fr\/"},{"@type":"ListItem","position":2,"name":"Boutique","item":"https:\/\/www.dramfolks-whisky-auction.com\/fr\/boutique\/"},{"@type":"ListItem","position":3,"name":"Mackmyra &#8211; Special Cask Edition 2010\/2018 Ex Oloroso"}]},{"@type":"WebSite","@id":"https:\/\/www.dramfolks-whisky-auction.com\/fr\/#website","url":"https:\/\/www.dramfolks-whisky-auction.com\/fr\/","name":"Dramfolks Whisky Auction","description":"","potentialAction":[{"@type":"SearchAction","target":{"@type":"EntryPoint","urlTemplate":"https:\/\/www.dramfolks-whisky-auction.com\/fr\/?s={search_term_string}"},"query-input":{"@type":"PropertyValueSpecification","valueRequired":true,"valueName":"search_term_string"}}],"inLanguage":"fr-FR"}]}},"_links":{"self":[{"href":"https:\/\/www.dramfolks-whisky-auction.com\/fr\/wp-json\/wp\/v2\/product\/5132868","targetHints":{"allow":["GET"]}}],"collection":[{"href":"https:\/\/www.dramfolks-whisky-auction.com\/fr\/wp-json\/wp\/v2\/product"}],"about":[{"href":"https:\/\/www.dramfolks-whisky-auction.com\/fr\/wp-json\/wp\/v2\/types\/product"}],"replies":[{"embeddable":true,"href":"https:\/\/www.dramfolks-whisky-auction.com\/fr\/wp-json\/wp\/v2\/comments?post=5132868"}],"wp:featuredmedia":[{"embeddable":true,"href":"https:\/\/www.dramfolks-whisky-auction.com\/fr\/wp-json\/wp\/v2\/media\/859019"}],"wp:attachment":[{"href":"https:\/\/www.dramfolks-whisky-auction.com\/fr\/wp-json\/wp\/v2\/media?parent=5132868"}],"wp:term":[{"taxonomy":"product_brand","embeddable":true,"href":"https:\/\/www.dramfolks-whisky-auction.com\/fr\/wp-json\/wp\/v2\/product_brand?post=5132868"},{"taxonomy":"product_cat","embeddable":true,"href":"https:\/\/www.dramfolks-whisky-auction.com\/fr\/wp-json\/wp\/v2\/product_cat?post=5132868"},{"taxonomy":"product_tag","embeddable":true,"href":"https:\/\/www.dramfolks-whisky-auction.com\/fr\/wp-json\/wp\/v2\/product_tag?post=5132868"}],"curies":[{"name":"wp","href":"https:\/\/api.w.org\/{rel}","templated":true}]}}