{"id":5122,"date":"2023-12-22T17:55:33","date_gmt":"2023-12-22T16:55:33","guid":{"rendered":"https:\/\/www.dramfolks-whisky-auction.com\/?post_type=product&#038;p=5122"},"modified":"2024-01-18T20:33:55","modified_gmt":"2024-01-18T19:33:55","slug":"suntory-world-whisky-ao","status":"publish","type":"product","link":"https:\/\/www.dramfolks-whisky-auction.com\/fr\/product\/suntory-world-whisky-ao\/","title":{"rendered":"Suntory &#8211; World Whisky AO"},"content":{"rendered":"<p><strong>Destille: House of Suntory<br \/>\n<\/strong>Suntory&#8230; oder eigentlich \u00ab\u00a0House of Suntory\u00a0\u00bb ist eigentlich gar keine wirkliche Destillerie mehr. Hinter Suntory steht die Suntory Holdings Limited (jap. \u30b5\u30f3\u30c8\u30ea\u30fc\u30db\u30fc\u30eb\u30c7\u30a3\u30f3\u30b0\u30b9\u682a\u5f0f\u4f1a\u793e) &#8211; allgemein als Suntory bezeichnet &#8211; ist eine japanische multinationale Brauerei- und Destillationsunternehmensgruppe. Das 1899 gegr\u00fcndete Unternehmen ist eines der \u00e4ltesten Unternehmen im Vertrieb von alkoholischen Getr\u00e4nken in Japan und stellt japanischen Whisky her. Suntory wurde von Shinjir\u014d Torii (\u9ce5\u4e95 \u4fe1\u6cbb\u90ce) gegr\u00fcndet, der am 1. Februar 1899 sein Gesch\u00e4ft Torii Sh\u014dten in Osaka er\u00f6ffnete, um importierte Weine zu verkaufen. Im Jahr 1907 begann das Gesch\u00e4ft mit dem Verkauf eines Lik\u00f6rweins namens Akadama Port Wine (Akadama bedeutet w\u00f6rtlich \u00ab\u00a0rote Kugel\u00a0\u00bb, ein Euphemismus f\u00fcr die Sonne). Das Gesch\u00e4ft wurde 1921 zur Kotobukiya Company. Um sein Gesch\u00e4ft weiter auszubauen baute Torii Japans erste Malt-Whisky-Destillerie, die Yamazaki Distillery im Jahr 1923. Die Produktion begann im Dezember 1924 und f\u00fcnf Jahre sp\u00e4ter wurde mit dem Suntory Whisky Shirofuda (White Label) der erste in Japan hergestellte Single Malt Whisky verkauft.<\/p>\n<p><strong>Fun fact: <\/strong>Fast jeder hat schon mal \u00ab\u00a0Suntory\u00a0\u00bb getrunken&#8230;<br \/>\nKennt ihr \u00ab\u00a0Orangina\u00a0\u00bb &#8211; geh\u00f6rt zu Suntory! Weintrinker? Dann kennt ihr sicher \u00ab\u00a0Ch\u00e2teau Lagrange Les Fiefs de Lagrange\u00a0\u00bb &#8211; geh\u00f6rt auch zu Suntory. Chita, Hakushu, Hibiki, Kakubin, Yamazaki aus Japan&#8230; Connemara, Kilbeggan, The Tyrconnell (aus Irland)&#8230; Ardmore, Auchentoshan, Bowmore, Glen Garioch, Laphroaig (aus Schottland) geh\u00f6ren alle zu Suntory, da sie im April 2014 den Kauf des gr\u00f6\u00dften US-amerikanischen Bourbon-Produzenten, Beam Inc. (Hersteller von Jim Beam), f\u00fcr 16 Milliarden US-Dollar bekanntgegeben haben. Dieser Deal hat Suntory zum drittgr\u00f6\u00dften Spirituosenhersteller der Welt gemacht und die neue Tochtergesellschaft in Beam Suntory umbenannt.<\/p>\n<p><strong>Whisky\/Whiskey: Suntory World Whisky AO<\/strong><br \/>\nIrland. Schottland. Amerika. Kanada. Japan. Die prestigetr\u00e4chtigsten Whisky-Regionen der Welt, jede mit ihrer einzigartigen Geschichte und ihrem einzigartigen Klima, offenbaren ihre Pers\u00f6nlichkeitsmerkmale durch den bemerkenswerten Ao World Blended Whisky. Eine einzigartige Mischung&#8230;<br \/>\nIm Gegensatz zu anderen Blends erreicht Suntory World Whisky Ao eine gewisse \u00ab\u00a0Harmonie\u00a0\u00bb, trotz einer Vielzahl von Eigenschaften in diesem Blend. Im Ergebnis bietet es Aromen und Geschmacksrichtungen, die sich ver\u00e4ndern und weiterentwickeln, je nachdem, wann und wie man diesen Whisky trinkt.(Verkostungsnotizen von <a href=\"http:\/\/www.masterofmalts.com\" target=\"_blank\" rel=\"noopener noreferrer\">www.masterofmalts.com<\/a>)<\/p>\n<p><strong>Info Qualit\u00e4t der Flasche:<\/strong> Exzellent &#8211; ohne Besch\u00e4digungen\/ <strong>F\u00fcllstand:<\/strong> Top shoulder<br \/>\n<strong>Info Qualit\u00e4t der Box:<\/strong> Exzellent &#8211; ohne Besch\u00e4digungen<\/p>\n<p><strong>Wichtiger Hinweis:<\/strong> Die Bewertung der Flaschen und Boxen erfolgt nach \u201ebesten Wissen und Gewissen\u201c. dramfolks kann keine Gew\u00e4hrleistung f\u00fcr den Inhalt der Flaschen \u00fcbernehmen. Weitere Infos &amp; Hinweise finden Sie in unseren AGBs. Wir empfehlen Ihnen, vor der Abgabe von Geboten \u00fcber die Zoomfunktion eine Besichtigung \/ genaue Pr\u00fcfung des angebotenen Whiskys vorzunehmen. Bitte kontaktieren sie uns bei Fragen direkt unter info@dramfolks.com<\/p>\n","protected":false},"excerpt":{"rendered":"<p>Destille: House of Suntory Suntory&#8230; oder eigentlich \u00ab\u00a0House of Suntory\u00a0\u00bb ist eigentlich gar keine wirkliche Destillerie mehr. Hinter Suntory steht die Suntory Holdings Limited (jap. \u30b5\u30f3\u30c8\u30ea\u30fc\u30db\u30fc\u30eb\u30c7\u30a3\u30f3\u30b0\u30b9\u682a\u5f0f\u4f1a\u793e) &#8211; allgemein als Suntory bezeichnet &#8211; ist eine japanische multinationale Brauerei- und Destillationsunternehmensgruppe. Das 1899 gegr\u00fcndete Unternehmen ist eines der \u00e4ltesten Unternehmen im Vertrieb von alkoholischen Getr\u00e4nken in Japan[&#8230;]\n","protected":false},"featured_media":5123,"comment_status":"closed","ping_status":"closed","template":"","meta":[],"product_brand":[],"product_cat":[688],"product_tag":[],"class_list":{"0":"post-5122","1":"product","2":"type-product","3":"status-publish","4":"has-post-thumbnail","6":"product_cat-no-8","8":"first","9":"instock","10":"shipping-taxable","11":"purchasable","12":"product-type-auction"},"yoast_head":"<!-- This site is optimized with the Yoast SEO plugin v27.4 - https:\/\/yoast.com\/product\/yoast-seo-wordpress\/ -->\n<title>Suntory - World Whisky AO - Dramfolks Whisky Auction<\/title>\n<meta name=\"robots\" content=\"index, follow, max-snippet:-1, max-image-preview:large, max-video-preview:-1\" \/>\n<link rel=\"canonical\" href=\"https:\/\/www.dramfolks-whisky-auction.com\/fr\/product\/suntory-world-whisky-ao\/\" \/>\n<meta property=\"og:locale\" content=\"fr_FR\" \/>\n<meta property=\"og:type\" content=\"article\" \/>\n<meta property=\"og:title\" content=\"Suntory - World Whisky AO - Dramfolks Whisky Auction\" \/>\n<meta property=\"og:description\" content=\"Destille: House of Suntory Suntory&#8230; oder eigentlich \u00ab\u00a0House of Suntory\u00a0\u00bb ist eigentlich gar keine wirkliche Destillerie mehr. Hinter Suntory steht die Suntory Holdings Limited (jap. \u30b5\u30f3\u30c8\u30ea\u30fc\u30db\u30fc\u30eb\u30c7\u30a3\u30f3\u30b0\u30b9\u682a\u5f0f\u4f1a\u793e) &#8211; allgemein als Suntory bezeichnet &#8211; ist eine japanische multinationale Brauerei- und Destillationsunternehmensgruppe. Das 1899 gegr\u00fcndete Unternehmen ist eines der \u00e4ltesten Unternehmen im Vertrieb von alkoholischen Getr\u00e4nken in Japan[...]\" \/>\n<meta property=\"og:url\" content=\"https:\/\/www.dramfolks-whisky-auction.com\/fr\/product\/suntory-world-whisky-ao\/\" \/>\n<meta property=\"og:site_name\" content=\"Dramfolks Whisky Auction\" \/>\n<meta property=\"article:modified_time\" content=\"2024-01-18T19:33:55+00:00\" \/>\n<meta property=\"og:image\" content=\"https:\/\/www.dramfolks-whisky-auction.com\/wp-content\/uploads\/2023\/12\/Suntory-AO-vorne-scaled.jpg\" \/>\n\t<meta property=\"og:image:width\" content=\"2560\" \/>\n\t<meta property=\"og:image:height\" content=\"2048\" \/>\n\t<meta property=\"og:image:type\" content=\"image\/jpeg\" \/>\n<meta name=\"twitter:card\" content=\"summary_large_image\" \/>\n<meta name=\"twitter:label1\" content=\"Dur\u00e9e de lecture estim\u00e9e\" \/>\n\t<meta name=\"twitter:data1\" content=\"3 minutes\" \/>\n<script type=\"application\/ld+json\" class=\"yoast-schema-graph\">{\"@context\":\"https:\\\/\\\/schema.org\",\"@graph\":[{\"@type\":\"WebPage\",\"@id\":\"https:\\\/\\\/www.dramfolks-whisky-auction.com\\\/fr\\\/product\\\/suntory-world-whisky-ao\\\/\",\"url\":\"https:\\\/\\\/www.dramfolks-whisky-auction.com\\\/fr\\\/product\\\/suntory-world-whisky-ao\\\/\",\"name\":\"Suntory - World Whisky AO - Dramfolks Whisky Auction\",\"isPartOf\":{\"@id\":\"https:\\\/\\\/www.dramfolks-whisky-auction.com\\\/fr\\\/#website\"},\"primaryImageOfPage\":{\"@id\":\"https:\\\/\\\/www.dramfolks-whisky-auction.com\\\/fr\\\/product\\\/suntory-world-whisky-ao\\\/#primaryimage\"},\"image\":{\"@id\":\"https:\\\/\\\/www.dramfolks-whisky-auction.com\\\/fr\\\/product\\\/suntory-world-whisky-ao\\\/#primaryimage\"},\"thumbnailUrl\":\"https:\\\/\\\/www.dramfolks-whisky-auction.com\\\/wp-content\\\/uploads\\\/2023\\\/12\\\/Suntory-AO-vorne-scaled.jpg\",\"datePublished\":\"2023-12-22T16:55:33+00:00\",\"dateModified\":\"2024-01-18T19:33:55+00:00\",\"breadcrumb\":{\"@id\":\"https:\\\/\\\/www.dramfolks-whisky-auction.com\\\/fr\\\/product\\\/suntory-world-whisky-ao\\\/#breadcrumb\"},\"inLanguage\":\"fr-FR\",\"potentialAction\":[{\"@type\":\"ReadAction\",\"target\":[\"https:\\\/\\\/www.dramfolks-whisky-auction.com\\\/fr\\\/product\\\/suntory-world-whisky-ao\\\/\"]}]},{\"@type\":\"ImageObject\",\"inLanguage\":\"fr-FR\",\"@id\":\"https:\\\/\\\/www.dramfolks-whisky-auction.com\\\/fr\\\/product\\\/suntory-world-whisky-ao\\\/#primaryimage\",\"url\":\"https:\\\/\\\/www.dramfolks-whisky-auction.com\\\/wp-content\\\/uploads\\\/2023\\\/12\\\/Suntory-AO-vorne-scaled.jpg\",\"contentUrl\":\"https:\\\/\\\/www.dramfolks-whisky-auction.com\\\/wp-content\\\/uploads\\\/2023\\\/12\\\/Suntory-AO-vorne-scaled.jpg\",\"width\":2560,\"height\":2048},{\"@type\":\"BreadcrumbList\",\"@id\":\"https:\\\/\\\/www.dramfolks-whisky-auction.com\\\/fr\\\/product\\\/suntory-world-whisky-ao\\\/#breadcrumb\",\"itemListElement\":[{\"@type\":\"ListItem\",\"position\":1,\"name\":\"Startseite\",\"item\":\"https:\\\/\\\/www.dramfolks-whisky-auction.com\\\/fr\\\/\"},{\"@type\":\"ListItem\",\"position\":2,\"name\":\"Boutique\",\"item\":\"https:\\\/\\\/www.dramfolks-whisky-auction.com\\\/fr\\\/boutique\\\/\"},{\"@type\":\"ListItem\",\"position\":3,\"name\":\"Suntory &#8211; World Whisky AO\"}]},{\"@type\":\"WebSite\",\"@id\":\"https:\\\/\\\/www.dramfolks-whisky-auction.com\\\/fr\\\/#website\",\"url\":\"https:\\\/\\\/www.dramfolks-whisky-auction.com\\\/fr\\\/\",\"name\":\"Dramfolks Whisky Auction\",\"description\":\"\",\"potentialAction\":[{\"@type\":\"SearchAction\",\"target\":{\"@type\":\"EntryPoint\",\"urlTemplate\":\"https:\\\/\\\/www.dramfolks-whisky-auction.com\\\/fr\\\/?s={search_term_string}\"},\"query-input\":{\"@type\":\"PropertyValueSpecification\",\"valueRequired\":true,\"valueName\":\"search_term_string\"}}],\"inLanguage\":\"fr-FR\"}]}<\/script>\n<!-- \/ Yoast SEO plugin. -->","yoast_head_json":{"title":"Suntory - World Whisky AO - Dramfolks Whisky Auction","robots":{"index":"index","follow":"follow","max-snippet":"max-snippet:-1","max-image-preview":"max-image-preview:large","max-video-preview":"max-video-preview:-1"},"canonical":"https:\/\/www.dramfolks-whisky-auction.com\/fr\/product\/suntory-world-whisky-ao\/","og_locale":"fr_FR","og_type":"article","og_title":"Suntory - World Whisky AO - Dramfolks Whisky Auction","og_description":"Destille: House of Suntory Suntory&#8230; oder eigentlich \u00ab\u00a0House of Suntory\u00a0\u00bb ist eigentlich gar keine wirkliche Destillerie mehr. Hinter Suntory steht die Suntory Holdings Limited (jap. \u30b5\u30f3\u30c8\u30ea\u30fc\u30db\u30fc\u30eb\u30c7\u30a3\u30f3\u30b0\u30b9\u682a\u5f0f\u4f1a\u793e) &#8211; allgemein als Suntory bezeichnet &#8211; ist eine japanische multinationale Brauerei- und Destillationsunternehmensgruppe. Das 1899 gegr\u00fcndete Unternehmen ist eines der \u00e4ltesten Unternehmen im Vertrieb von alkoholischen Getr\u00e4nken in Japan[...]","og_url":"https:\/\/www.dramfolks-whisky-auction.com\/fr\/product\/suntory-world-whisky-ao\/","og_site_name":"Dramfolks Whisky Auction","article_modified_time":"2024-01-18T19:33:55+00:00","og_image":[{"width":2560,"height":2048,"url":"https:\/\/www.dramfolks-whisky-auction.com\/wp-content\/uploads\/2023\/12\/Suntory-AO-vorne-scaled.jpg","type":"image\/jpeg"}],"twitter_card":"summary_large_image","twitter_misc":{"Dur\u00e9e de lecture estim\u00e9e":"3 minutes"},"schema":{"@context":"https:\/\/schema.org","@graph":[{"@type":"WebPage","@id":"https:\/\/www.dramfolks-whisky-auction.com\/fr\/product\/suntory-world-whisky-ao\/","url":"https:\/\/www.dramfolks-whisky-auction.com\/fr\/product\/suntory-world-whisky-ao\/","name":"Suntory - World Whisky AO - Dramfolks Whisky Auction","isPartOf":{"@id":"https:\/\/www.dramfolks-whisky-auction.com\/fr\/#website"},"primaryImageOfPage":{"@id":"https:\/\/www.dramfolks-whisky-auction.com\/fr\/product\/suntory-world-whisky-ao\/#primaryimage"},"image":{"@id":"https:\/\/www.dramfolks-whisky-auction.com\/fr\/product\/suntory-world-whisky-ao\/#primaryimage"},"thumbnailUrl":"https:\/\/www.dramfolks-whisky-auction.com\/wp-content\/uploads\/2023\/12\/Suntory-AO-vorne-scaled.jpg","datePublished":"2023-12-22T16:55:33+00:00","dateModified":"2024-01-18T19:33:55+00:00","breadcrumb":{"@id":"https:\/\/www.dramfolks-whisky-auction.com\/fr\/product\/suntory-world-whisky-ao\/#breadcrumb"},"inLanguage":"fr-FR","potentialAction":[{"@type":"ReadAction","target":["https:\/\/www.dramfolks-whisky-auction.com\/fr\/product\/suntory-world-whisky-ao\/"]}]},{"@type":"ImageObject","inLanguage":"fr-FR","@id":"https:\/\/www.dramfolks-whisky-auction.com\/fr\/product\/suntory-world-whisky-ao\/#primaryimage","url":"https:\/\/www.dramfolks-whisky-auction.com\/wp-content\/uploads\/2023\/12\/Suntory-AO-vorne-scaled.jpg","contentUrl":"https:\/\/www.dramfolks-whisky-auction.com\/wp-content\/uploads\/2023\/12\/Suntory-AO-vorne-scaled.jpg","width":2560,"height":2048},{"@type":"BreadcrumbList","@id":"https:\/\/www.dramfolks-whisky-auction.com\/fr\/product\/suntory-world-whisky-ao\/#breadcrumb","itemListElement":[{"@type":"ListItem","position":1,"name":"Startseite","item":"https:\/\/www.dramfolks-whisky-auction.com\/fr\/"},{"@type":"ListItem","position":2,"name":"Boutique","item":"https:\/\/www.dramfolks-whisky-auction.com\/fr\/boutique\/"},{"@type":"ListItem","position":3,"name":"Suntory &#8211; World Whisky AO"}]},{"@type":"WebSite","@id":"https:\/\/www.dramfolks-whisky-auction.com\/fr\/#website","url":"https:\/\/www.dramfolks-whisky-auction.com\/fr\/","name":"Dramfolks Whisky Auction","description":"","potentialAction":[{"@type":"SearchAction","target":{"@type":"EntryPoint","urlTemplate":"https:\/\/www.dramfolks-whisky-auction.com\/fr\/?s={search_term_string}"},"query-input":{"@type":"PropertyValueSpecification","valueRequired":true,"valueName":"search_term_string"}}],"inLanguage":"fr-FR"}]}},"_links":{"self":[{"href":"https:\/\/www.dramfolks-whisky-auction.com\/fr\/wp-json\/wp\/v2\/product\/5122","targetHints":{"allow":["GET"]}}],"collection":[{"href":"https:\/\/www.dramfolks-whisky-auction.com\/fr\/wp-json\/wp\/v2\/product"}],"about":[{"href":"https:\/\/www.dramfolks-whisky-auction.com\/fr\/wp-json\/wp\/v2\/types\/product"}],"replies":[{"embeddable":true,"href":"https:\/\/www.dramfolks-whisky-auction.com\/fr\/wp-json\/wp\/v2\/comments?post=5122"}],"wp:featuredmedia":[{"embeddable":true,"href":"https:\/\/www.dramfolks-whisky-auction.com\/fr\/wp-json\/wp\/v2\/media\/5123"}],"wp:attachment":[{"href":"https:\/\/www.dramfolks-whisky-auction.com\/fr\/wp-json\/wp\/v2\/media?parent=5122"}],"wp:term":[{"taxonomy":"product_brand","embeddable":true,"href":"https:\/\/www.dramfolks-whisky-auction.com\/fr\/wp-json\/wp\/v2\/product_brand?post=5122"},{"taxonomy":"product_cat","embeddable":true,"href":"https:\/\/www.dramfolks-whisky-auction.com\/fr\/wp-json\/wp\/v2\/product_cat?post=5122"},{"taxonomy":"product_tag","embeddable":true,"href":"https:\/\/www.dramfolks-whisky-auction.com\/fr\/wp-json\/wp\/v2\/product_tag?post=5122"}],"curies":[{"name":"wp","href":"https:\/\/api.w.org\/{rel}","templated":true}]}}