{"id":4955,"date":"2023-12-18T20:01:30","date_gmt":"2023-12-18T19:01:30","guid":{"rendered":"https:\/\/www.dramfolks-whisky-auction.com\/?post_type=product&#038;p=4955"},"modified":"2024-01-09T21:40:16","modified_gmt":"2024-01-09T20:40:16","slug":"glenmorangie-milsean-private-edition","status":"publish","type":"product","link":"https:\/\/www.dramfolks-whisky-auction.com\/fr\/product\/glenmorangie-milsean-private-edition\/","title":{"rendered":"Glenmorangie &#8211; Milsean Private Edition"},"content":{"rendered":"<p><strong>Destille: Glenmorangie<\/strong><br \/>\nGlenmorangie ist eine Whiskybrennerei in Tain in den Northern Highlands von Schottland.<br \/>\n1843 von der Br\u00fcdern Matheson gegr\u00fcndet und heute einer der gr\u00f6\u00dften und bekanntesten Destillerien in den Highlands. Seit Oktober 2004 geh\u00f6rt das Unternehmen zur Gruppe Mo\u00ebt Hennessy Louis Vuitton (LVMH). Die wohl auff\u00e4lligste Besonderheit der Brennerei sind die au\u00dfergew\u00f6hnlich hohen Brennblasen. Mit acht Metern Gesamth\u00f6he und 5,14 Metern H\u00f6he oberhalb der Brennblase sind sie die h\u00f6chsten Brennblasen aller schottischen Brennereien. Dadurch wird der Glenmorangie Whisky in der Regel besonders mild.<\/p>\n<p><strong>Fun Fakt:<\/strong> Bekannt wurde Glenmorangie auch wegen der \u00ab\u00a016 Men of Tain\u00a0\u00bb Regel, was so viel bedeutet, dass immer genau 16 Mitarbeiter in der Destille besch\u00e4ftigt sein sollten. Heute durch das j\u00e4hrliche Produktionsvolumen von bis zu 10 Mio. Liter wohl nur noch eine Legende&#8230;<\/p>\n<p><strong>Whisky\/Whiskey: Milsean Private Edition<\/strong><br \/>\nDie Private Edition Range von Glenmorangie hat bereits reichlich Begeisterung ausgel\u00f6st und steht f\u00fcr rare Premium-Produkte mit Sammlerwert. Anfang 2015 wurde sie durch den Glenmorangie Milsean (7. Ausgabe der Private Edition-Reihe) erg\u00e4nzt.\u00a0 Zuerst gereift in Ex-Bourbon-F\u00e4ssern, wurde Glenmorangie Milsean, g\u00e4lisch f\u00fcr S\u00fc\u00dfigkeit, Dessert, in portugiesischen Rotweinf\u00e4ssern vollendet, um eine weitere, s\u00fc\u00df-w\u00fcrzige Geschmacksdimension zu \u00f6ffnen. Diese F\u00e4sser wurden vor dem Einsatz besonders stark ger\u00f6stet, um die s\u00fc\u00dfen Noten des Glenmorangie st\u00e4rker zu betonen.<\/p>\n<p><strong>Info Qualit\u00e4t der Flasche:<\/strong> Exzellent ohne Besch\u00e4digungen \/ <strong>F\u00fcllstand:<\/strong> Upper Mid Shoulder<br \/>\n<strong>Info Qualit\u00e4t der Box:<\/strong> Exzellent ohne Besch\u00e4digungen<\/p>\n<p><strong>Wichtiger Hinweis:<\/strong> Die Bewertung der Flaschen und Boxen erfolgt nach \u00ab\u00a0besten Wissen und Gewissen\u00a0\u00bb. dramfolks kann keine Gew\u00e4hrleistung f\u00fcr den Inhalt der Flaschen \u00fcbernehmen. Weitere Infos &amp; Hinweise finden Sie in unseren AGBs. Wir empfehlen Ihnen, vor der Abgabe von Geboten \u00fcber die Zoomfunktion eine Besichtigung \/ genaue Pr\u00fcfung des angebotenen Whiskys vorzunehmen. Bitte kontaktieren sie uns bei Fragen direkt unter info@dramfolks.com<\/p>\n","protected":false},"excerpt":{"rendered":"<p>Destille: Glenmorangie Glenmorangie ist eine Whiskybrennerei in Tain in den Northern Highlands von Schottland. 1843 von der Br\u00fcdern Matheson gegr\u00fcndet und heute einer der gr\u00f6\u00dften und bekanntesten Destillerien in den Highlands. Seit Oktober 2004 geh\u00f6rt das Unternehmen zur Gruppe Mo\u00ebt Hennessy Louis Vuitton (LVMH). Die wohl auff\u00e4lligste Besonderheit der Brennerei sind die au\u00dfergew\u00f6hnlich hohen Brennblasen.[&#8230;]\n","protected":false},"featured_media":4956,"comment_status":"closed","ping_status":"closed","template":"","meta":[],"product_brand":[],"product_cat":[688],"product_tag":[],"class_list":{"0":"post-4955","1":"product","2":"type-product","3":"status-publish","4":"has-post-thumbnail","6":"product_cat-no-8","8":"first","9":"instock","10":"shipping-taxable","11":"purchasable","12":"product-type-auction"},"yoast_head":"<!-- This site is optimized with the Yoast SEO plugin v27.4 - https:\/\/yoast.com\/product\/yoast-seo-wordpress\/ -->\n<title>Glenmorangie - Milsean Private Edition - Dramfolks Whisky Auction<\/title>\n<meta name=\"robots\" content=\"index, follow, max-snippet:-1, max-image-preview:large, max-video-preview:-1\" \/>\n<link rel=\"canonical\" href=\"https:\/\/www.dramfolks-whisky-auction.com\/fr\/product\/glenmorangie-milsean-private-edition\/\" \/>\n<meta property=\"og:locale\" content=\"fr_FR\" \/>\n<meta property=\"og:type\" content=\"article\" \/>\n<meta property=\"og:title\" content=\"Glenmorangie - Milsean Private Edition - Dramfolks Whisky Auction\" \/>\n<meta property=\"og:description\" content=\"Destille: Glenmorangie Glenmorangie ist eine Whiskybrennerei in Tain in den Northern Highlands von Schottland. 1843 von der Br\u00fcdern Matheson gegr\u00fcndet und heute einer der gr\u00f6\u00dften und bekanntesten Destillerien in den Highlands. Seit Oktober 2004 geh\u00f6rt das Unternehmen zur Gruppe Mo\u00ebt Hennessy Louis Vuitton (LVMH). Die wohl auff\u00e4lligste Besonderheit der Brennerei sind die au\u00dfergew\u00f6hnlich hohen Brennblasen.[...]\" \/>\n<meta property=\"og:url\" content=\"https:\/\/www.dramfolks-whisky-auction.com\/fr\/product\/glenmorangie-milsean-private-edition\/\" \/>\n<meta property=\"og:site_name\" content=\"Dramfolks Whisky Auction\" \/>\n<meta property=\"article:modified_time\" content=\"2024-01-09T20:40:16+00:00\" \/>\n<meta property=\"og:image\" content=\"https:\/\/www.dramfolks-whisky-auction.com\/wp-content\/uploads\/2023\/12\/Glenmorangie-Milsean-vorne-scaled.jpg\" \/>\n\t<meta property=\"og:image:width\" content=\"2048\" \/>\n\t<meta property=\"og:image:height\" content=\"2560\" \/>\n\t<meta property=\"og:image:type\" content=\"image\/jpeg\" \/>\n<meta name=\"twitter:card\" content=\"summary_large_image\" \/>\n<meta name=\"twitter:label1\" content=\"Dur\u00e9e de lecture estim\u00e9e\" \/>\n\t<meta name=\"twitter:data1\" content=\"2 minutes\" \/>\n<script type=\"application\/ld+json\" class=\"yoast-schema-graph\">{\"@context\":\"https:\\\/\\\/schema.org\",\"@graph\":[{\"@type\":\"WebPage\",\"@id\":\"https:\\\/\\\/www.dramfolks-whisky-auction.com\\\/fr\\\/product\\\/glenmorangie-milsean-private-edition\\\/\",\"url\":\"https:\\\/\\\/www.dramfolks-whisky-auction.com\\\/fr\\\/product\\\/glenmorangie-milsean-private-edition\\\/\",\"name\":\"Glenmorangie - Milsean Private Edition - Dramfolks Whisky Auction\",\"isPartOf\":{\"@id\":\"https:\\\/\\\/www.dramfolks-whisky-auction.com\\\/fr\\\/#website\"},\"primaryImageOfPage\":{\"@id\":\"https:\\\/\\\/www.dramfolks-whisky-auction.com\\\/fr\\\/product\\\/glenmorangie-milsean-private-edition\\\/#primaryimage\"},\"image\":{\"@id\":\"https:\\\/\\\/www.dramfolks-whisky-auction.com\\\/fr\\\/product\\\/glenmorangie-milsean-private-edition\\\/#primaryimage\"},\"thumbnailUrl\":\"https:\\\/\\\/www.dramfolks-whisky-auction.com\\\/wp-content\\\/uploads\\\/2023\\\/12\\\/Glenmorangie-Milsean-vorne-scaled.jpg\",\"datePublished\":\"2023-12-18T19:01:30+00:00\",\"dateModified\":\"2024-01-09T20:40:16+00:00\",\"breadcrumb\":{\"@id\":\"https:\\\/\\\/www.dramfolks-whisky-auction.com\\\/fr\\\/product\\\/glenmorangie-milsean-private-edition\\\/#breadcrumb\"},\"inLanguage\":\"fr-FR\",\"potentialAction\":[{\"@type\":\"ReadAction\",\"target\":[\"https:\\\/\\\/www.dramfolks-whisky-auction.com\\\/fr\\\/product\\\/glenmorangie-milsean-private-edition\\\/\"]}]},{\"@type\":\"ImageObject\",\"inLanguage\":\"fr-FR\",\"@id\":\"https:\\\/\\\/www.dramfolks-whisky-auction.com\\\/fr\\\/product\\\/glenmorangie-milsean-private-edition\\\/#primaryimage\",\"url\":\"https:\\\/\\\/www.dramfolks-whisky-auction.com\\\/wp-content\\\/uploads\\\/2023\\\/12\\\/Glenmorangie-Milsean-vorne-scaled.jpg\",\"contentUrl\":\"https:\\\/\\\/www.dramfolks-whisky-auction.com\\\/wp-content\\\/uploads\\\/2023\\\/12\\\/Glenmorangie-Milsean-vorne-scaled.jpg\",\"width\":2048,\"height\":2560},{\"@type\":\"BreadcrumbList\",\"@id\":\"https:\\\/\\\/www.dramfolks-whisky-auction.com\\\/fr\\\/product\\\/glenmorangie-milsean-private-edition\\\/#breadcrumb\",\"itemListElement\":[{\"@type\":\"ListItem\",\"position\":1,\"name\":\"Startseite\",\"item\":\"https:\\\/\\\/www.dramfolks-whisky-auction.com\\\/fr\\\/\"},{\"@type\":\"ListItem\",\"position\":2,\"name\":\"Boutique\",\"item\":\"https:\\\/\\\/www.dramfolks-whisky-auction.com\\\/fr\\\/boutique\\\/\"},{\"@type\":\"ListItem\",\"position\":3,\"name\":\"Glenmorangie &#8211; Milsean Private Edition\"}]},{\"@type\":\"WebSite\",\"@id\":\"https:\\\/\\\/www.dramfolks-whisky-auction.com\\\/fr\\\/#website\",\"url\":\"https:\\\/\\\/www.dramfolks-whisky-auction.com\\\/fr\\\/\",\"name\":\"Dramfolks Whisky Auction\",\"description\":\"\",\"potentialAction\":[{\"@type\":\"SearchAction\",\"target\":{\"@type\":\"EntryPoint\",\"urlTemplate\":\"https:\\\/\\\/www.dramfolks-whisky-auction.com\\\/fr\\\/?s={search_term_string}\"},\"query-input\":{\"@type\":\"PropertyValueSpecification\",\"valueRequired\":true,\"valueName\":\"search_term_string\"}}],\"inLanguage\":\"fr-FR\"}]}<\/script>\n<!-- \/ Yoast SEO plugin. -->","yoast_head_json":{"title":"Glenmorangie - Milsean Private Edition - Dramfolks Whisky Auction","robots":{"index":"index","follow":"follow","max-snippet":"max-snippet:-1","max-image-preview":"max-image-preview:large","max-video-preview":"max-video-preview:-1"},"canonical":"https:\/\/www.dramfolks-whisky-auction.com\/fr\/product\/glenmorangie-milsean-private-edition\/","og_locale":"fr_FR","og_type":"article","og_title":"Glenmorangie - Milsean Private Edition - Dramfolks Whisky Auction","og_description":"Destille: Glenmorangie Glenmorangie ist eine Whiskybrennerei in Tain in den Northern Highlands von Schottland. 1843 von der Br\u00fcdern Matheson gegr\u00fcndet und heute einer der gr\u00f6\u00dften und bekanntesten Destillerien in den Highlands. Seit Oktober 2004 geh\u00f6rt das Unternehmen zur Gruppe Mo\u00ebt Hennessy Louis Vuitton (LVMH). Die wohl auff\u00e4lligste Besonderheit der Brennerei sind die au\u00dfergew\u00f6hnlich hohen Brennblasen.[...]","og_url":"https:\/\/www.dramfolks-whisky-auction.com\/fr\/product\/glenmorangie-milsean-private-edition\/","og_site_name":"Dramfolks Whisky Auction","article_modified_time":"2024-01-09T20:40:16+00:00","og_image":[{"width":2048,"height":2560,"url":"https:\/\/www.dramfolks-whisky-auction.com\/wp-content\/uploads\/2023\/12\/Glenmorangie-Milsean-vorne-scaled.jpg","type":"image\/jpeg"}],"twitter_card":"summary_large_image","twitter_misc":{"Dur\u00e9e de lecture estim\u00e9e":"2 minutes"},"schema":{"@context":"https:\/\/schema.org","@graph":[{"@type":"WebPage","@id":"https:\/\/www.dramfolks-whisky-auction.com\/fr\/product\/glenmorangie-milsean-private-edition\/","url":"https:\/\/www.dramfolks-whisky-auction.com\/fr\/product\/glenmorangie-milsean-private-edition\/","name":"Glenmorangie - Milsean Private Edition - Dramfolks Whisky Auction","isPartOf":{"@id":"https:\/\/www.dramfolks-whisky-auction.com\/fr\/#website"},"primaryImageOfPage":{"@id":"https:\/\/www.dramfolks-whisky-auction.com\/fr\/product\/glenmorangie-milsean-private-edition\/#primaryimage"},"image":{"@id":"https:\/\/www.dramfolks-whisky-auction.com\/fr\/product\/glenmorangie-milsean-private-edition\/#primaryimage"},"thumbnailUrl":"https:\/\/www.dramfolks-whisky-auction.com\/wp-content\/uploads\/2023\/12\/Glenmorangie-Milsean-vorne-scaled.jpg","datePublished":"2023-12-18T19:01:30+00:00","dateModified":"2024-01-09T20:40:16+00:00","breadcrumb":{"@id":"https:\/\/www.dramfolks-whisky-auction.com\/fr\/product\/glenmorangie-milsean-private-edition\/#breadcrumb"},"inLanguage":"fr-FR","potentialAction":[{"@type":"ReadAction","target":["https:\/\/www.dramfolks-whisky-auction.com\/fr\/product\/glenmorangie-milsean-private-edition\/"]}]},{"@type":"ImageObject","inLanguage":"fr-FR","@id":"https:\/\/www.dramfolks-whisky-auction.com\/fr\/product\/glenmorangie-milsean-private-edition\/#primaryimage","url":"https:\/\/www.dramfolks-whisky-auction.com\/wp-content\/uploads\/2023\/12\/Glenmorangie-Milsean-vorne-scaled.jpg","contentUrl":"https:\/\/www.dramfolks-whisky-auction.com\/wp-content\/uploads\/2023\/12\/Glenmorangie-Milsean-vorne-scaled.jpg","width":2048,"height":2560},{"@type":"BreadcrumbList","@id":"https:\/\/www.dramfolks-whisky-auction.com\/fr\/product\/glenmorangie-milsean-private-edition\/#breadcrumb","itemListElement":[{"@type":"ListItem","position":1,"name":"Startseite","item":"https:\/\/www.dramfolks-whisky-auction.com\/fr\/"},{"@type":"ListItem","position":2,"name":"Boutique","item":"https:\/\/www.dramfolks-whisky-auction.com\/fr\/boutique\/"},{"@type":"ListItem","position":3,"name":"Glenmorangie &#8211; Milsean Private Edition"}]},{"@type":"WebSite","@id":"https:\/\/www.dramfolks-whisky-auction.com\/fr\/#website","url":"https:\/\/www.dramfolks-whisky-auction.com\/fr\/","name":"Dramfolks Whisky Auction","description":"","potentialAction":[{"@type":"SearchAction","target":{"@type":"EntryPoint","urlTemplate":"https:\/\/www.dramfolks-whisky-auction.com\/fr\/?s={search_term_string}"},"query-input":{"@type":"PropertyValueSpecification","valueRequired":true,"valueName":"search_term_string"}}],"inLanguage":"fr-FR"}]}},"_links":{"self":[{"href":"https:\/\/www.dramfolks-whisky-auction.com\/fr\/wp-json\/wp\/v2\/product\/4955","targetHints":{"allow":["GET"]}}],"collection":[{"href":"https:\/\/www.dramfolks-whisky-auction.com\/fr\/wp-json\/wp\/v2\/product"}],"about":[{"href":"https:\/\/www.dramfolks-whisky-auction.com\/fr\/wp-json\/wp\/v2\/types\/product"}],"replies":[{"embeddable":true,"href":"https:\/\/www.dramfolks-whisky-auction.com\/fr\/wp-json\/wp\/v2\/comments?post=4955"}],"wp:featuredmedia":[{"embeddable":true,"href":"https:\/\/www.dramfolks-whisky-auction.com\/fr\/wp-json\/wp\/v2\/media\/4956"}],"wp:attachment":[{"href":"https:\/\/www.dramfolks-whisky-auction.com\/fr\/wp-json\/wp\/v2\/media?parent=4955"}],"wp:term":[{"taxonomy":"product_brand","embeddable":true,"href":"https:\/\/www.dramfolks-whisky-auction.com\/fr\/wp-json\/wp\/v2\/product_brand?post=4955"},{"taxonomy":"product_cat","embeddable":true,"href":"https:\/\/www.dramfolks-whisky-auction.com\/fr\/wp-json\/wp\/v2\/product_cat?post=4955"},{"taxonomy":"product_tag","embeddable":true,"href":"https:\/\/www.dramfolks-whisky-auction.com\/fr\/wp-json\/wp\/v2\/product_tag?post=4955"}],"curies":[{"name":"wp","href":"https:\/\/api.w.org\/{rel}","templated":true}]}}