{"id":48854,"date":"2024-05-31T20:46:03","date_gmt":"2024-05-31T18:46:03","guid":{"rendered":"https:\/\/www.dramfolks-whisky-auction.com\/?post_type=product&#038;p=48854"},"modified":"2024-06-18T16:51:30","modified_gmt":"2024-06-18T14:51:30","slug":"craigellachie-10yo-smos-elixir-distillers","status":"publish","type":"product","link":"https:\/\/www.dramfolks-whisky-auction.com\/fr\/product\/craigellachie-10yo-smos-elixir-distillers\/","title":{"rendered":"Craigellachie &#8211; 10yo SMoS (Elixir Distillers)"},"content":{"rendered":"<p><strong>Destille: <span class=\"v1s2\">Craigellachie<br \/>\n<\/span><\/strong><span class=\"v1s2\">Die Craigellachie Distillery ist eine Single Malt Scotch Whisky Destillerie im Dorf Craigellachie, im Zentrum der Speyside (Schottland). Der Name Craigellachie bedeutet \u00ab\u00a0felsiger H\u00fcgel\u00a0\u00bb und bezieht sich auf die Klippe, die den Fluss \u00ab\u00a0Spey\u00a0\u00bb \u00fcberblickt. Craigellachie wurde 1891 unter dem Namen \u00ab\u00a0Craigellachie Distillery Co. Limited\u00a0\u00bb von einer Gruppe aus Mixern und H\u00e4ndlern, unter der Leitung von Alexander Edward gegr\u00fcndet. Zwei Jahre sp\u00e4ter wurde sie als Aktiengesellschaft umfirmiert und 1896 als Craigellachie-Glenlivet Distillery Ltd. eingetragen. Seit 1997 befindet sich Craigellachie im Besitz von Bacardi. J\u00e4hrliches Produktionsvolumen: ca. 4 Mio. Liter<\/span><\/p>\n<p><strong>Fun Fakt:<\/strong> Craigellachie geh\u00f6rte fr\u00fcher mal United Distillers (UD), die nun unter dem Diageo Konzern zusammengefasst sind. Sie war also eine Schwestermarke von Caol Ila, Cardhu, Clynelish, Cragganmore, Lagavulin, usw. Einer der Gr\u00fcnder 1891 war auch Peter Mackie, dessen Name unzentrennlich mit White Horse Distillers und dem weltber\u00fchmten Blend \u201eWhite Horse\u201c verbunden war.<\/p>\n<p><strong>Whisky\/Whiskey: 10yo SMoS (Elixir Distillers)<br \/>\n<\/strong>Premiumf\u00e4sser mit schottischem Whisky aufst\u00f6bern \u2013 das stand schon immer im Mittelpunkt der Elixir Distillers. Seit 2002 ver\u00f6ffentlicht der unabh\u00e4ngige Abf\u00fcller diese unter dem Namen The Single Malts of Scotland. Die Range besteht aus herausragenden, unverf\u00e4lschten Vintage Single Malts aller schottischer Whiskyregionen. Neben wohlgereiften Single Casks geh\u00f6ren dazu u.a. die Small-Batch-Abf\u00fcllungen der Reihe Reserve Casks, deren \u201eparcels\u201c aus je mindestens zwei F\u00e4ssern verm\u00e4hlt werden. Dieser Craigellachie 2011\/2022 reifte ausschlie\u00dflich in einem Sherry Butt und wurde mit 60% (!) abgef\u00fcllt. Es entstanden lediglich 510 Flaschen aus Fass 900093!!!<br \/>\n<strong>Sidenote zum Abf\u00fcller: <\/strong>Der Unabh\u00e4ngige Abf\u00fcller Elixir Distillers ist einer der f\u00fchrende Anbieter von Whiskys und Spirituosen. Das Unternehmen wurde 1999 von Sukhinder und Rajbir Singh gegr\u00fcndet, den Besitzern des weltweit gr\u00f6\u00dften Whisky- und Spirituosenh\u00e4ndlers The Whiskey Exchange. Ein Familienunternehmen das sich immer auf au\u00dfergew\u00f6hnliche Abf\u00fcllungen konzentriert.<\/p>\n<p><strong>Info Qualit\u00e4t der Flasche:<\/strong> Exzellent &#8211; ohne Besch\u00e4digungen \/ <strong>F\u00fcllstand:<\/strong> High fill<br \/>\n<strong>Info Qualit\u00e4t der Box:\u00a0<\/strong>Exzellent &#8211; ohne Besch\u00e4digungen<\/p>\n<p><strong>Wichtiger Hinweis:<\/strong> Die Bewertung der Flaschen und Boxen erfolgt nach \u201ebesten Wissen und Gewissen\u201c. dramfolks kann keine Gew\u00e4hrleistung f\u00fcr den Inhalt der Flaschen \u00fcbernehmen. Weitere Infos &amp; Hinweise finden Sie in unseren AGBs. Wir empfehlen Ihnen, vor der Abgabe von Geboten \u00fcber die Zoomfunktion eine Besichtigung \/ genaue Pr\u00fcfung des angebotenen Whiskys vorzunehmen. Bitte kontaktieren sie uns bei Fragen direkt unter info@dramfolks.com<\/p>\n","protected":false},"excerpt":{"rendered":"<p>Destille: Craigellachie Die Craigellachie Distillery ist eine Single Malt Scotch Whisky Destillerie im Dorf Craigellachie, im Zentrum der Speyside (Schottland). Der Name Craigellachie bedeutet \u00ab\u00a0felsiger H\u00fcgel\u00a0\u00bb und bezieht sich auf die Klippe, die den Fluss \u00ab\u00a0Spey\u00a0\u00bb \u00fcberblickt. Craigellachie wurde 1891 unter dem Namen \u00ab\u00a0Craigellachie Distillery Co. Limited\u00a0\u00bb von einer Gruppe aus Mixern und H\u00e4ndlern, unter[&#8230;]\n","protected":false},"featured_media":48855,"comment_status":"closed","ping_status":"closed","template":"","meta":[],"product_brand":[],"product_cat":[848],"product_tag":[],"class_list":{"0":"post-48854","1":"product","2":"type-product","3":"status-publish","4":"has-post-thumbnail","6":"product_cat-no-11","8":"first","9":"instock","10":"shipping-taxable","11":"purchasable","12":"product-type-auction"},"yoast_head":"<!-- This site is optimized with the Yoast SEO plugin v27.4 - https:\/\/yoast.com\/product\/yoast-seo-wordpress\/ -->\n<title>Craigellachie - 10yo SMoS (Elixir Distillers) - Dramfolks Whisky Auction<\/title>\n<meta name=\"robots\" content=\"index, follow, max-snippet:-1, max-image-preview:large, max-video-preview:-1\" \/>\n<link rel=\"canonical\" href=\"https:\/\/www.dramfolks-whisky-auction.com\/fr\/product\/craigellachie-10yo-smos-elixir-distillers\/\" \/>\n<meta property=\"og:locale\" content=\"fr_FR\" \/>\n<meta property=\"og:type\" content=\"article\" \/>\n<meta property=\"og:title\" content=\"Craigellachie - 10yo SMoS (Elixir Distillers) - Dramfolks Whisky Auction\" \/>\n<meta property=\"og:description\" content=\"Destille: Craigellachie Die Craigellachie Distillery ist eine Single Malt Scotch Whisky Destillerie im Dorf Craigellachie, im Zentrum der Speyside (Schottland). Der Name Craigellachie bedeutet \u00ab\u00a0felsiger H\u00fcgel\u00a0\u00bb und bezieht sich auf die Klippe, die den Fluss \u00ab\u00a0Spey\u00a0\u00bb \u00fcberblickt. Craigellachie wurde 1891 unter dem Namen \u00ab\u00a0Craigellachie Distillery Co. Limited\u00a0\u00bb von einer Gruppe aus Mixern und H\u00e4ndlern, unter[...]\" \/>\n<meta property=\"og:url\" content=\"https:\/\/www.dramfolks-whisky-auction.com\/fr\/product\/craigellachie-10yo-smos-elixir-distillers\/\" \/>\n<meta property=\"og:site_name\" content=\"Dramfolks Whisky Auction\" \/>\n<meta property=\"article:modified_time\" content=\"2024-06-18T14:51:30+00:00\" \/>\n<meta property=\"og:image\" content=\"https:\/\/www.dramfolks-whisky-auction.com\/wp-content\/uploads\/2024\/05\/Craigellachie-10yo-vorne-scaled.jpg\" \/>\n\t<meta property=\"og:image:width\" content=\"2560\" \/>\n\t<meta property=\"og:image:height\" content=\"2560\" \/>\n\t<meta property=\"og:image:type\" content=\"image\/jpeg\" \/>\n<meta name=\"twitter:card\" content=\"summary_large_image\" \/>\n<meta name=\"twitter:label1\" content=\"Dur\u00e9e de lecture estim\u00e9e\" \/>\n\t<meta name=\"twitter:data1\" content=\"3 minutes\" \/>\n<script type=\"application\/ld+json\" class=\"yoast-schema-graph\">{\"@context\":\"https:\\\/\\\/schema.org\",\"@graph\":[{\"@type\":\"WebPage\",\"@id\":\"https:\\\/\\\/www.dramfolks-whisky-auction.com\\\/fr\\\/product\\\/craigellachie-10yo-smos-elixir-distillers\\\/\",\"url\":\"https:\\\/\\\/www.dramfolks-whisky-auction.com\\\/fr\\\/product\\\/craigellachie-10yo-smos-elixir-distillers\\\/\",\"name\":\"Craigellachie - 10yo SMoS (Elixir Distillers) - Dramfolks Whisky Auction\",\"isPartOf\":{\"@id\":\"https:\\\/\\\/www.dramfolks-whisky-auction.com\\\/fr\\\/#website\"},\"primaryImageOfPage\":{\"@id\":\"https:\\\/\\\/www.dramfolks-whisky-auction.com\\\/fr\\\/product\\\/craigellachie-10yo-smos-elixir-distillers\\\/#primaryimage\"},\"image\":{\"@id\":\"https:\\\/\\\/www.dramfolks-whisky-auction.com\\\/fr\\\/product\\\/craigellachie-10yo-smos-elixir-distillers\\\/#primaryimage\"},\"thumbnailUrl\":\"https:\\\/\\\/www.dramfolks-whisky-auction.com\\\/wp-content\\\/uploads\\\/2024\\\/05\\\/Craigellachie-10yo-vorne-scaled.jpg\",\"datePublished\":\"2024-05-31T18:46:03+00:00\",\"dateModified\":\"2024-06-18T14:51:30+00:00\",\"breadcrumb\":{\"@id\":\"https:\\\/\\\/www.dramfolks-whisky-auction.com\\\/fr\\\/product\\\/craigellachie-10yo-smos-elixir-distillers\\\/#breadcrumb\"},\"inLanguage\":\"fr-FR\",\"potentialAction\":[{\"@type\":\"ReadAction\",\"target\":[\"https:\\\/\\\/www.dramfolks-whisky-auction.com\\\/fr\\\/product\\\/craigellachie-10yo-smos-elixir-distillers\\\/\"]}]},{\"@type\":\"ImageObject\",\"inLanguage\":\"fr-FR\",\"@id\":\"https:\\\/\\\/www.dramfolks-whisky-auction.com\\\/fr\\\/product\\\/craigellachie-10yo-smos-elixir-distillers\\\/#primaryimage\",\"url\":\"https:\\\/\\\/www.dramfolks-whisky-auction.com\\\/wp-content\\\/uploads\\\/2024\\\/05\\\/Craigellachie-10yo-vorne-scaled.jpg\",\"contentUrl\":\"https:\\\/\\\/www.dramfolks-whisky-auction.com\\\/wp-content\\\/uploads\\\/2024\\\/05\\\/Craigellachie-10yo-vorne-scaled.jpg\",\"width\":2560,\"height\":2560},{\"@type\":\"BreadcrumbList\",\"@id\":\"https:\\\/\\\/www.dramfolks-whisky-auction.com\\\/fr\\\/product\\\/craigellachie-10yo-smos-elixir-distillers\\\/#breadcrumb\",\"itemListElement\":[{\"@type\":\"ListItem\",\"position\":1,\"name\":\"Startseite\",\"item\":\"https:\\\/\\\/www.dramfolks-whisky-auction.com\\\/fr\\\/\"},{\"@type\":\"ListItem\",\"position\":2,\"name\":\"Boutique\",\"item\":\"https:\\\/\\\/www.dramfolks-whisky-auction.com\\\/fr\\\/boutique\\\/\"},{\"@type\":\"ListItem\",\"position\":3,\"name\":\"Craigellachie &#8211; 10yo SMoS (Elixir Distillers)\"}]},{\"@type\":\"WebSite\",\"@id\":\"https:\\\/\\\/www.dramfolks-whisky-auction.com\\\/fr\\\/#website\",\"url\":\"https:\\\/\\\/www.dramfolks-whisky-auction.com\\\/fr\\\/\",\"name\":\"Dramfolks Whisky Auction\",\"description\":\"\",\"potentialAction\":[{\"@type\":\"SearchAction\",\"target\":{\"@type\":\"EntryPoint\",\"urlTemplate\":\"https:\\\/\\\/www.dramfolks-whisky-auction.com\\\/fr\\\/?s={search_term_string}\"},\"query-input\":{\"@type\":\"PropertyValueSpecification\",\"valueRequired\":true,\"valueName\":\"search_term_string\"}}],\"inLanguage\":\"fr-FR\"}]}<\/script>\n<!-- \/ Yoast SEO plugin. -->","yoast_head_json":{"title":"Craigellachie - 10yo SMoS (Elixir Distillers) - Dramfolks Whisky Auction","robots":{"index":"index","follow":"follow","max-snippet":"max-snippet:-1","max-image-preview":"max-image-preview:large","max-video-preview":"max-video-preview:-1"},"canonical":"https:\/\/www.dramfolks-whisky-auction.com\/fr\/product\/craigellachie-10yo-smos-elixir-distillers\/","og_locale":"fr_FR","og_type":"article","og_title":"Craigellachie - 10yo SMoS (Elixir Distillers) - Dramfolks Whisky Auction","og_description":"Destille: Craigellachie Die Craigellachie Distillery ist eine Single Malt Scotch Whisky Destillerie im Dorf Craigellachie, im Zentrum der Speyside (Schottland). Der Name Craigellachie bedeutet \u00ab\u00a0felsiger H\u00fcgel\u00a0\u00bb und bezieht sich auf die Klippe, die den Fluss \u00ab\u00a0Spey\u00a0\u00bb \u00fcberblickt. Craigellachie wurde 1891 unter dem Namen \u00ab\u00a0Craigellachie Distillery Co. Limited\u00a0\u00bb von einer Gruppe aus Mixern und H\u00e4ndlern, unter[...]","og_url":"https:\/\/www.dramfolks-whisky-auction.com\/fr\/product\/craigellachie-10yo-smos-elixir-distillers\/","og_site_name":"Dramfolks Whisky Auction","article_modified_time":"2024-06-18T14:51:30+00:00","og_image":[{"width":2560,"height":2560,"url":"https:\/\/www.dramfolks-whisky-auction.com\/wp-content\/uploads\/2024\/05\/Craigellachie-10yo-vorne-scaled.jpg","type":"image\/jpeg"}],"twitter_card":"summary_large_image","twitter_misc":{"Dur\u00e9e de lecture estim\u00e9e":"3 minutes"},"schema":{"@context":"https:\/\/schema.org","@graph":[{"@type":"WebPage","@id":"https:\/\/www.dramfolks-whisky-auction.com\/fr\/product\/craigellachie-10yo-smos-elixir-distillers\/","url":"https:\/\/www.dramfolks-whisky-auction.com\/fr\/product\/craigellachie-10yo-smos-elixir-distillers\/","name":"Craigellachie - 10yo SMoS (Elixir Distillers) - Dramfolks Whisky Auction","isPartOf":{"@id":"https:\/\/www.dramfolks-whisky-auction.com\/fr\/#website"},"primaryImageOfPage":{"@id":"https:\/\/www.dramfolks-whisky-auction.com\/fr\/product\/craigellachie-10yo-smos-elixir-distillers\/#primaryimage"},"image":{"@id":"https:\/\/www.dramfolks-whisky-auction.com\/fr\/product\/craigellachie-10yo-smos-elixir-distillers\/#primaryimage"},"thumbnailUrl":"https:\/\/www.dramfolks-whisky-auction.com\/wp-content\/uploads\/2024\/05\/Craigellachie-10yo-vorne-scaled.jpg","datePublished":"2024-05-31T18:46:03+00:00","dateModified":"2024-06-18T14:51:30+00:00","breadcrumb":{"@id":"https:\/\/www.dramfolks-whisky-auction.com\/fr\/product\/craigellachie-10yo-smos-elixir-distillers\/#breadcrumb"},"inLanguage":"fr-FR","potentialAction":[{"@type":"ReadAction","target":["https:\/\/www.dramfolks-whisky-auction.com\/fr\/product\/craigellachie-10yo-smos-elixir-distillers\/"]}]},{"@type":"ImageObject","inLanguage":"fr-FR","@id":"https:\/\/www.dramfolks-whisky-auction.com\/fr\/product\/craigellachie-10yo-smos-elixir-distillers\/#primaryimage","url":"https:\/\/www.dramfolks-whisky-auction.com\/wp-content\/uploads\/2024\/05\/Craigellachie-10yo-vorne-scaled.jpg","contentUrl":"https:\/\/www.dramfolks-whisky-auction.com\/wp-content\/uploads\/2024\/05\/Craigellachie-10yo-vorne-scaled.jpg","width":2560,"height":2560},{"@type":"BreadcrumbList","@id":"https:\/\/www.dramfolks-whisky-auction.com\/fr\/product\/craigellachie-10yo-smos-elixir-distillers\/#breadcrumb","itemListElement":[{"@type":"ListItem","position":1,"name":"Startseite","item":"https:\/\/www.dramfolks-whisky-auction.com\/fr\/"},{"@type":"ListItem","position":2,"name":"Boutique","item":"https:\/\/www.dramfolks-whisky-auction.com\/fr\/boutique\/"},{"@type":"ListItem","position":3,"name":"Craigellachie &#8211; 10yo SMoS (Elixir Distillers)"}]},{"@type":"WebSite","@id":"https:\/\/www.dramfolks-whisky-auction.com\/fr\/#website","url":"https:\/\/www.dramfolks-whisky-auction.com\/fr\/","name":"Dramfolks Whisky Auction","description":"","potentialAction":[{"@type":"SearchAction","target":{"@type":"EntryPoint","urlTemplate":"https:\/\/www.dramfolks-whisky-auction.com\/fr\/?s={search_term_string}"},"query-input":{"@type":"PropertyValueSpecification","valueRequired":true,"valueName":"search_term_string"}}],"inLanguage":"fr-FR"}]}},"_links":{"self":[{"href":"https:\/\/www.dramfolks-whisky-auction.com\/fr\/wp-json\/wp\/v2\/product\/48854","targetHints":{"allow":["GET"]}}],"collection":[{"href":"https:\/\/www.dramfolks-whisky-auction.com\/fr\/wp-json\/wp\/v2\/product"}],"about":[{"href":"https:\/\/www.dramfolks-whisky-auction.com\/fr\/wp-json\/wp\/v2\/types\/product"}],"replies":[{"embeddable":true,"href":"https:\/\/www.dramfolks-whisky-auction.com\/fr\/wp-json\/wp\/v2\/comments?post=48854"}],"wp:featuredmedia":[{"embeddable":true,"href":"https:\/\/www.dramfolks-whisky-auction.com\/fr\/wp-json\/wp\/v2\/media\/48855"}],"wp:attachment":[{"href":"https:\/\/www.dramfolks-whisky-auction.com\/fr\/wp-json\/wp\/v2\/media?parent=48854"}],"wp:term":[{"taxonomy":"product_brand","embeddable":true,"href":"https:\/\/www.dramfolks-whisky-auction.com\/fr\/wp-json\/wp\/v2\/product_brand?post=48854"},{"taxonomy":"product_cat","embeddable":true,"href":"https:\/\/www.dramfolks-whisky-auction.com\/fr\/wp-json\/wp\/v2\/product_cat?post=48854"},{"taxonomy":"product_tag","embeddable":true,"href":"https:\/\/www.dramfolks-whisky-auction.com\/fr\/wp-json\/wp\/v2\/product_tag?post=48854"}],"curies":[{"name":"wp","href":"https:\/\/api.w.org\/{rel}","templated":true}]}}