{"id":48772,"date":"2024-05-29T21:09:41","date_gmt":"2024-05-29T19:09:41","guid":{"rendered":"https:\/\/www.dramfolks-whisky-auction.com\/?post_type=product&#038;p=48772"},"modified":"2024-06-27T13:16:37","modified_gmt":"2024-06-27T11:16:37","slug":"wolfburn-christmas-distillery-edition-2021","status":"publish","type":"product","link":"https:\/\/www.dramfolks-whisky-auction.com\/fr\/product\/wolfburn-christmas-distillery-edition-2021\/","title":{"rendered":"Wolfburn &#8211; Christmas Distillery Edition 2021"},"content":{"rendered":"<p><strong>Destille: Wolfburn<br \/>\n<\/strong>Bei der Wolfburn Destillerie handelt es sich um eine neue Whisky Destillerie, die ihren Sitz in der Gemeinde Thurso in der schottischen Highland Region hat und die n\u00f6rdlichste Brennerei auf dem schottischen Festland ist. Sie wurde urspr\u00fcnglich bereits im Jahr 1821 erbaut, musste allerdings im Laufe des 19. Jahrhunderts wieder schlie\u00dfen und heute sind nur noch Ruinen des alten Geb\u00e4udes \u00fcbrig. Im Jahr 2011 wurde mit der Planung der Wolfsburn Whisky Destillerie begonnen und bereits im Jahr 2013 wurde der erste Single Malt Whisky produziert. Es handelt sich bei Wolfburn um einen kleinen Produzenten der nur ca. 115.000 Liter pro Jahr herstellt. Hier geht Qualit\u00e4t eindeutig vor der Masse.<\/p>\n<p><strong>Fun Fakt:\u00a0<\/strong>Auf dem Logo findet sich ein Wolf, dessen verwandtes Fabelwesen, der sogenannte \u2018Seewolf\u2018, allen, die ihn zu Gesicht bekommen, Gl\u00fcck bringen soll. Im 16. Jahrhundert, als die Zeichnung f\u00fcr das Wolfburn Logo entstand, gab es in der Gegend jede Menge W\u00f6lfe<\/p>\n<p><strong>Whisky\/Whiskey: <span class=\"BxUVEf ILfuVd\" lang=\"de\"><span class=\"hgKElc\">Christmas Distillery Edition 2021<\/span><\/span><br \/>\n<\/strong><span class=\"BxUVEf ILfuVd\" lang=\"de\"><span class=\"hgKElc\">Die Wolfburn Christmas Edition 2021 reifte in ex Bourbon- und Sherry-F\u00e4ssern &#8211; zweifach destilliert, gereift und von Hand abgef\u00fcllt. Urspr\u00fcnglich nicht f\u00fcr den Export gedacht gelangten nur wenige Flaschen nach Deutschland. Dieser weihnachtliche Whisky als Christmas Edition aus der Highland Brennerei reifte in Bourbon- und Sherryf\u00e4ssern und passt mit weihnachtlichen Gew\u00fcrzen und s\u00fc\u00dfen Brat\u00e4pfeln hervorragend in die kalte Jahreszeit. Weihnachten kommt bestimmt&#8230;.. Es wurden nur 2510 Flaschen abgef\u00fcllt!!<\/span><\/span><\/p>\n<p><strong>Info Qualit\u00e4t der Flasche:<\/strong> Exzellent &#8211; ohne Besch\u00e4digungen \/ <strong>F\u00fcllstand:<\/strong> Into neck<br \/>\n<strong>Info Qualit\u00e4t der Box:\u00a0<\/strong>Exzellent &#8211; ohne Besch\u00e4digungen<\/p>\n<p><strong>Wichtiger Hinweis:<\/strong> Die Bewertung der Flaschen und Boxen erfolgt nach \u201ebesten Wissen und Gewissen\u201c. dramfolks kann keine Gew\u00e4hrleistung f\u00fcr den Inhalt der Flaschen \u00fcbernehmen. Weitere Infos &amp; Hinweise finden Sie in unseren AGBs. Wir empfehlen Ihnen, vor der Abgabe von Geboten \u00fcber die Zoomfunktion eine Besichtigung \/ genaue Pr\u00fcfung des angebotenen Whiskys vorzunehmen. Bitte kontaktieren sie uns bei Fragen direkt unter info@dramfolks.com<\/p>\n","protected":false},"excerpt":{"rendered":"<p>Destille: Wolfburn Bei der Wolfburn Destillerie handelt es sich um eine neue Whisky Destillerie, die ihren Sitz in der Gemeinde Thurso in der schottischen Highland Region hat und die n\u00f6rdlichste Brennerei auf dem schottischen Festland ist. Sie wurde urspr\u00fcnglich bereits im Jahr 1821 erbaut, musste allerdings im Laufe des 19. Jahrhunderts wieder schlie\u00dfen und heute[&#8230;]\n","protected":false},"featured_media":48775,"comment_status":"closed","ping_status":"closed","template":"","meta":[],"product_brand":[],"product_cat":[848],"product_tag":[],"class_list":{"0":"post-48772","1":"product","2":"type-product","3":"status-publish","4":"has-post-thumbnail","6":"product_cat-no-11","8":"first","9":"instock","10":"shipping-taxable","11":"purchasable","12":"product-type-auction"},"yoast_head":"<!-- This site is optimized with the Yoast SEO plugin v27.4 - https:\/\/yoast.com\/product\/yoast-seo-wordpress\/ -->\n<title>Wolfburn - Christmas Distillery Edition 2021 - Dramfolks Whisky Auction<\/title>\n<meta name=\"robots\" content=\"index, follow, max-snippet:-1, max-image-preview:large, max-video-preview:-1\" \/>\n<link rel=\"canonical\" href=\"https:\/\/www.dramfolks-whisky-auction.com\/fr\/product\/wolfburn-christmas-distillery-edition-2021\/\" \/>\n<meta property=\"og:locale\" content=\"fr_FR\" \/>\n<meta property=\"og:type\" content=\"article\" \/>\n<meta property=\"og:title\" content=\"Wolfburn - Christmas Distillery Edition 2021 - Dramfolks Whisky Auction\" \/>\n<meta property=\"og:description\" content=\"Destille: Wolfburn Bei der Wolfburn Destillerie handelt es sich um eine neue Whisky Destillerie, die ihren Sitz in der Gemeinde Thurso in der schottischen Highland Region hat und die n\u00f6rdlichste Brennerei auf dem schottischen Festland ist. Sie wurde urspr\u00fcnglich bereits im Jahr 1821 erbaut, musste allerdings im Laufe des 19. Jahrhunderts wieder schlie\u00dfen und heute[...]\" \/>\n<meta property=\"og:url\" content=\"https:\/\/www.dramfolks-whisky-auction.com\/fr\/product\/wolfburn-christmas-distillery-edition-2021\/\" \/>\n<meta property=\"og:site_name\" content=\"Dramfolks Whisky Auction\" \/>\n<meta property=\"article:modified_time\" content=\"2024-06-27T11:16:37+00:00\" \/>\n<meta property=\"og:image\" content=\"https:\/\/www.dramfolks-whisky-auction.com\/wp-content\/uploads\/2024\/05\/Wolfburn-Christmas-vorne-scaled.jpg\" \/>\n\t<meta property=\"og:image:width\" content=\"2560\" \/>\n\t<meta property=\"og:image:height\" content=\"2560\" \/>\n\t<meta property=\"og:image:type\" content=\"image\/jpeg\" \/>\n<meta name=\"twitter:card\" content=\"summary_large_image\" \/>\n<meta name=\"twitter:label1\" content=\"Dur\u00e9e de lecture estim\u00e9e\" \/>\n\t<meta name=\"twitter:data1\" content=\"2 minutes\" \/>\n<script type=\"application\/ld+json\" class=\"yoast-schema-graph\">{\"@context\":\"https:\\\/\\\/schema.org\",\"@graph\":[{\"@type\":\"WebPage\",\"@id\":\"https:\\\/\\\/www.dramfolks-whisky-auction.com\\\/fr\\\/product\\\/wolfburn-christmas-distillery-edition-2021\\\/\",\"url\":\"https:\\\/\\\/www.dramfolks-whisky-auction.com\\\/fr\\\/product\\\/wolfburn-christmas-distillery-edition-2021\\\/\",\"name\":\"Wolfburn - Christmas Distillery Edition 2021 - Dramfolks Whisky Auction\",\"isPartOf\":{\"@id\":\"https:\\\/\\\/www.dramfolks-whisky-auction.com\\\/fr\\\/#website\"},\"primaryImageOfPage\":{\"@id\":\"https:\\\/\\\/www.dramfolks-whisky-auction.com\\\/fr\\\/product\\\/wolfburn-christmas-distillery-edition-2021\\\/#primaryimage\"},\"image\":{\"@id\":\"https:\\\/\\\/www.dramfolks-whisky-auction.com\\\/fr\\\/product\\\/wolfburn-christmas-distillery-edition-2021\\\/#primaryimage\"},\"thumbnailUrl\":\"https:\\\/\\\/www.dramfolks-whisky-auction.com\\\/wp-content\\\/uploads\\\/2024\\\/05\\\/Wolfburn-Christmas-vorne-scaled.jpg\",\"datePublished\":\"2024-05-29T19:09:41+00:00\",\"dateModified\":\"2024-06-27T11:16:37+00:00\",\"breadcrumb\":{\"@id\":\"https:\\\/\\\/www.dramfolks-whisky-auction.com\\\/fr\\\/product\\\/wolfburn-christmas-distillery-edition-2021\\\/#breadcrumb\"},\"inLanguage\":\"fr-FR\",\"potentialAction\":[{\"@type\":\"ReadAction\",\"target\":[\"https:\\\/\\\/www.dramfolks-whisky-auction.com\\\/fr\\\/product\\\/wolfburn-christmas-distillery-edition-2021\\\/\"]}]},{\"@type\":\"ImageObject\",\"inLanguage\":\"fr-FR\",\"@id\":\"https:\\\/\\\/www.dramfolks-whisky-auction.com\\\/fr\\\/product\\\/wolfburn-christmas-distillery-edition-2021\\\/#primaryimage\",\"url\":\"https:\\\/\\\/www.dramfolks-whisky-auction.com\\\/wp-content\\\/uploads\\\/2024\\\/05\\\/Wolfburn-Christmas-vorne-scaled.jpg\",\"contentUrl\":\"https:\\\/\\\/www.dramfolks-whisky-auction.com\\\/wp-content\\\/uploads\\\/2024\\\/05\\\/Wolfburn-Christmas-vorne-scaled.jpg\",\"width\":2560,\"height\":2560},{\"@type\":\"BreadcrumbList\",\"@id\":\"https:\\\/\\\/www.dramfolks-whisky-auction.com\\\/fr\\\/product\\\/wolfburn-christmas-distillery-edition-2021\\\/#breadcrumb\",\"itemListElement\":[{\"@type\":\"ListItem\",\"position\":1,\"name\":\"Startseite\",\"item\":\"https:\\\/\\\/www.dramfolks-whisky-auction.com\\\/fr\\\/\"},{\"@type\":\"ListItem\",\"position\":2,\"name\":\"Boutique\",\"item\":\"https:\\\/\\\/www.dramfolks-whisky-auction.com\\\/fr\\\/boutique\\\/\"},{\"@type\":\"ListItem\",\"position\":3,\"name\":\"Wolfburn &#8211; Christmas Distillery Edition 2021\"}]},{\"@type\":\"WebSite\",\"@id\":\"https:\\\/\\\/www.dramfolks-whisky-auction.com\\\/fr\\\/#website\",\"url\":\"https:\\\/\\\/www.dramfolks-whisky-auction.com\\\/fr\\\/\",\"name\":\"Dramfolks Whisky Auction\",\"description\":\"\",\"potentialAction\":[{\"@type\":\"SearchAction\",\"target\":{\"@type\":\"EntryPoint\",\"urlTemplate\":\"https:\\\/\\\/www.dramfolks-whisky-auction.com\\\/fr\\\/?s={search_term_string}\"},\"query-input\":{\"@type\":\"PropertyValueSpecification\",\"valueRequired\":true,\"valueName\":\"search_term_string\"}}],\"inLanguage\":\"fr-FR\"}]}<\/script>\n<!-- \/ Yoast SEO plugin. -->","yoast_head_json":{"title":"Wolfburn - Christmas Distillery Edition 2021 - Dramfolks Whisky Auction","robots":{"index":"index","follow":"follow","max-snippet":"max-snippet:-1","max-image-preview":"max-image-preview:large","max-video-preview":"max-video-preview:-1"},"canonical":"https:\/\/www.dramfolks-whisky-auction.com\/fr\/product\/wolfburn-christmas-distillery-edition-2021\/","og_locale":"fr_FR","og_type":"article","og_title":"Wolfburn - Christmas Distillery Edition 2021 - Dramfolks Whisky Auction","og_description":"Destille: Wolfburn Bei der Wolfburn Destillerie handelt es sich um eine neue Whisky Destillerie, die ihren Sitz in der Gemeinde Thurso in der schottischen Highland Region hat und die n\u00f6rdlichste Brennerei auf dem schottischen Festland ist. Sie wurde urspr\u00fcnglich bereits im Jahr 1821 erbaut, musste allerdings im Laufe des 19. Jahrhunderts wieder schlie\u00dfen und heute[...]","og_url":"https:\/\/www.dramfolks-whisky-auction.com\/fr\/product\/wolfburn-christmas-distillery-edition-2021\/","og_site_name":"Dramfolks Whisky Auction","article_modified_time":"2024-06-27T11:16:37+00:00","og_image":[{"width":2560,"height":2560,"url":"https:\/\/www.dramfolks-whisky-auction.com\/wp-content\/uploads\/2024\/05\/Wolfburn-Christmas-vorne-scaled.jpg","type":"image\/jpeg"}],"twitter_card":"summary_large_image","twitter_misc":{"Dur\u00e9e de lecture estim\u00e9e":"2 minutes"},"schema":{"@context":"https:\/\/schema.org","@graph":[{"@type":"WebPage","@id":"https:\/\/www.dramfolks-whisky-auction.com\/fr\/product\/wolfburn-christmas-distillery-edition-2021\/","url":"https:\/\/www.dramfolks-whisky-auction.com\/fr\/product\/wolfburn-christmas-distillery-edition-2021\/","name":"Wolfburn - Christmas Distillery Edition 2021 - Dramfolks Whisky Auction","isPartOf":{"@id":"https:\/\/www.dramfolks-whisky-auction.com\/fr\/#website"},"primaryImageOfPage":{"@id":"https:\/\/www.dramfolks-whisky-auction.com\/fr\/product\/wolfburn-christmas-distillery-edition-2021\/#primaryimage"},"image":{"@id":"https:\/\/www.dramfolks-whisky-auction.com\/fr\/product\/wolfburn-christmas-distillery-edition-2021\/#primaryimage"},"thumbnailUrl":"https:\/\/www.dramfolks-whisky-auction.com\/wp-content\/uploads\/2024\/05\/Wolfburn-Christmas-vorne-scaled.jpg","datePublished":"2024-05-29T19:09:41+00:00","dateModified":"2024-06-27T11:16:37+00:00","breadcrumb":{"@id":"https:\/\/www.dramfolks-whisky-auction.com\/fr\/product\/wolfburn-christmas-distillery-edition-2021\/#breadcrumb"},"inLanguage":"fr-FR","potentialAction":[{"@type":"ReadAction","target":["https:\/\/www.dramfolks-whisky-auction.com\/fr\/product\/wolfburn-christmas-distillery-edition-2021\/"]}]},{"@type":"ImageObject","inLanguage":"fr-FR","@id":"https:\/\/www.dramfolks-whisky-auction.com\/fr\/product\/wolfburn-christmas-distillery-edition-2021\/#primaryimage","url":"https:\/\/www.dramfolks-whisky-auction.com\/wp-content\/uploads\/2024\/05\/Wolfburn-Christmas-vorne-scaled.jpg","contentUrl":"https:\/\/www.dramfolks-whisky-auction.com\/wp-content\/uploads\/2024\/05\/Wolfburn-Christmas-vorne-scaled.jpg","width":2560,"height":2560},{"@type":"BreadcrumbList","@id":"https:\/\/www.dramfolks-whisky-auction.com\/fr\/product\/wolfburn-christmas-distillery-edition-2021\/#breadcrumb","itemListElement":[{"@type":"ListItem","position":1,"name":"Startseite","item":"https:\/\/www.dramfolks-whisky-auction.com\/fr\/"},{"@type":"ListItem","position":2,"name":"Boutique","item":"https:\/\/www.dramfolks-whisky-auction.com\/fr\/boutique\/"},{"@type":"ListItem","position":3,"name":"Wolfburn &#8211; Christmas Distillery Edition 2021"}]},{"@type":"WebSite","@id":"https:\/\/www.dramfolks-whisky-auction.com\/fr\/#website","url":"https:\/\/www.dramfolks-whisky-auction.com\/fr\/","name":"Dramfolks Whisky Auction","description":"","potentialAction":[{"@type":"SearchAction","target":{"@type":"EntryPoint","urlTemplate":"https:\/\/www.dramfolks-whisky-auction.com\/fr\/?s={search_term_string}"},"query-input":{"@type":"PropertyValueSpecification","valueRequired":true,"valueName":"search_term_string"}}],"inLanguage":"fr-FR"}]}},"_links":{"self":[{"href":"https:\/\/www.dramfolks-whisky-auction.com\/fr\/wp-json\/wp\/v2\/product\/48772","targetHints":{"allow":["GET"]}}],"collection":[{"href":"https:\/\/www.dramfolks-whisky-auction.com\/fr\/wp-json\/wp\/v2\/product"}],"about":[{"href":"https:\/\/www.dramfolks-whisky-auction.com\/fr\/wp-json\/wp\/v2\/types\/product"}],"replies":[{"embeddable":true,"href":"https:\/\/www.dramfolks-whisky-auction.com\/fr\/wp-json\/wp\/v2\/comments?post=48772"}],"wp:featuredmedia":[{"embeddable":true,"href":"https:\/\/www.dramfolks-whisky-auction.com\/fr\/wp-json\/wp\/v2\/media\/48775"}],"wp:attachment":[{"href":"https:\/\/www.dramfolks-whisky-auction.com\/fr\/wp-json\/wp\/v2\/media?parent=48772"}],"wp:term":[{"taxonomy":"product_brand","embeddable":true,"href":"https:\/\/www.dramfolks-whisky-auction.com\/fr\/wp-json\/wp\/v2\/product_brand?post=48772"},{"taxonomy":"product_cat","embeddable":true,"href":"https:\/\/www.dramfolks-whisky-auction.com\/fr\/wp-json\/wp\/v2\/product_cat?post=48772"},{"taxonomy":"product_tag","embeddable":true,"href":"https:\/\/www.dramfolks-whisky-auction.com\/fr\/wp-json\/wp\/v2\/product_tag?post=48772"}],"curies":[{"name":"wp","href":"https:\/\/api.w.org\/{rel}","templated":true}]}}