{"id":48757,"date":"2024-05-29T18:53:32","date_gmt":"2024-05-29T16:53:32","guid":{"rendered":"https:\/\/www.dramfolks-whisky-auction.com\/?post_type=product&#038;p=48757"},"modified":"2024-07-09T16:27:08","modified_gmt":"2024-07-09T14:27:08","slug":"wolfburn-no-204-5yo-madeira-cask-finish","status":"publish","type":"product","link":"https:\/\/www.dramfolks-whisky-auction.com\/fr\/product\/wolfburn-no-204-5yo-madeira-cask-finish\/","title":{"rendered":"Wolfburn &#8211; No. 204 5yo Madeira Cask Finish"},"content":{"rendered":"<p><strong>Destille: Wolfburn<br \/>\n<\/strong>Bei der Wolfburn Destillerie handelt es sich um eine neue Whisky Destillerie, die ihren Sitz in der Gemeinde Thurso in der schottischen Highland Region hat und die n\u00f6rdlichste Brennerei auf dem schottischen Festland ist. Sie wurde urspr\u00fcnglich bereits im Jahr 1821 erbaut, musste allerdings im Laufe des 19. Jahrhunderts wieder schlie\u00dfen und heute sind nur noch Ruinen des alten Geb\u00e4udes \u00fcbrig. Im Jahr 2011 wurde mit der Planung der Wolfsburn Whisky Destillerie begonnen und bereits im Jahr 2013 wurde der erste Single Malt Whisky produziert. Es handelt sich bei Wolfburn um einen kleinen Produzenten der nur ca. 115.000 Liter pro Jahr herstellt. Hier geht Qualit\u00e4t eindeutig vor der Masse.<\/p>\n<p><strong>Fun Fakt:\u00a0<\/strong>Auf dem Logo findet sich ein Wolf, dessen verwandtes Fabelwesen, der sogenannte \u2018Seewolf\u2018, allen, die ihn zu Gesicht bekommen, Gl\u00fcck bringen soll. Im 16. Jahrhundert, als die Zeichnung f\u00fcr das Wolfburn Logo entstand, gab es in der Gegend jede Menge W\u00f6lfe<\/p>\n<p><strong>Whisky\/Whiskey: No. 204 5yo Madeira Cask Finish<br \/>\n<\/strong>Der Wolfburn No. 204 Madeira Cask Finish reifte zun\u00e4chst f\u00fcr f\u00fcnf Jahre in ehemaligen First-Fill Bourbon Barrels,\u00a0\u00a0anschlie\u00dfend f\u00fcr weitere sechs Monate in einem frischen Ex-Madeira Hogsheads F\u00e4ssern. Lediglich 5.800 Flaschen wurden von diesem tollen Wolfburn abgef\u00fcllt.<\/p>\n<p><strong>Info Qualit\u00e4t der Flasche:<\/strong> Exzellent &#8211; ohne Besch\u00e4digungen \/ <strong>F\u00fcllstand:<\/strong> Into neck<br \/>\n<strong>Info Qualit\u00e4t der Box:\u00a0<\/strong>Exzellent &#8211; ohne Besch\u00e4digungen<\/p>\n<p><strong>Wichtiger Hinweis:<\/strong> Die Bewertung der Flaschen und Boxen erfolgt nach \u201ebesten Wissen und Gewissen\u201c. dramfolks kann keine Gew\u00e4hrleistung f\u00fcr den Inhalt der Flaschen \u00fcbernehmen. Weitere Infos &amp; Hinweise finden Sie in unseren AGBs. Wir empfehlen Ihnen, vor der Abgabe von Geboten \u00fcber die Zoomfunktion eine Besichtigung \/ genaue Pr\u00fcfung des angebotenen Whiskys vorzunehmen. Bitte kontaktieren sie uns bei Fragen direkt unter info@dramfolks.com<\/p>\n","protected":false},"excerpt":{"rendered":"<p>Destille: Wolfburn Bei der Wolfburn Destillerie handelt es sich um eine neue Whisky Destillerie, die ihren Sitz in der Gemeinde Thurso in der schottischen Highland Region hat und die n\u00f6rdlichste Brennerei auf dem schottischen Festland ist. Sie wurde urspr\u00fcnglich bereits im Jahr 1821 erbaut, musste allerdings im Laufe des 19. Jahrhunderts wieder schlie\u00dfen und heute[&#8230;]\n","protected":false},"featured_media":48758,"comment_status":"closed","ping_status":"closed","template":"","meta":[],"product_brand":[],"product_cat":[848],"product_tag":[],"class_list":{"0":"post-48757","1":"product","2":"type-product","3":"status-publish","4":"has-post-thumbnail","6":"product_cat-no-11","8":"first","9":"instock","10":"shipping-taxable","11":"purchasable","12":"product-type-auction"},"yoast_head":"<!-- This site is optimized with the Yoast SEO plugin v27.4 - https:\/\/yoast.com\/product\/yoast-seo-wordpress\/ -->\n<title>Wolfburn - No. 204 5yo Madeira Cask Finish - Dramfolks Whisky Auction<\/title>\n<meta name=\"robots\" content=\"index, follow, max-snippet:-1, max-image-preview:large, max-video-preview:-1\" \/>\n<link rel=\"canonical\" href=\"https:\/\/www.dramfolks-whisky-auction.com\/fr\/product\/wolfburn-no-204-5yo-madeira-cask-finish\/\" \/>\n<meta property=\"og:locale\" content=\"fr_FR\" \/>\n<meta property=\"og:type\" content=\"article\" \/>\n<meta property=\"og:title\" content=\"Wolfburn - No. 204 5yo Madeira Cask Finish - Dramfolks Whisky Auction\" \/>\n<meta property=\"og:description\" content=\"Destille: Wolfburn Bei der Wolfburn Destillerie handelt es sich um eine neue Whisky Destillerie, die ihren Sitz in der Gemeinde Thurso in der schottischen Highland Region hat und die n\u00f6rdlichste Brennerei auf dem schottischen Festland ist. Sie wurde urspr\u00fcnglich bereits im Jahr 1821 erbaut, musste allerdings im Laufe des 19. Jahrhunderts wieder schlie\u00dfen und heute[...]\" \/>\n<meta property=\"og:url\" content=\"https:\/\/www.dramfolks-whisky-auction.com\/fr\/product\/wolfburn-no-204-5yo-madeira-cask-finish\/\" \/>\n<meta property=\"og:site_name\" content=\"Dramfolks Whisky Auction\" \/>\n<meta property=\"article:modified_time\" content=\"2024-07-09T14:27:08+00:00\" \/>\n<meta property=\"og:image\" content=\"https:\/\/www.dramfolks-whisky-auction.com\/wp-content\/uploads\/2024\/05\/Wolfburn-204-vorne-scaled.jpg\" \/>\n\t<meta property=\"og:image:width\" content=\"2560\" \/>\n\t<meta property=\"og:image:height\" content=\"2560\" \/>\n\t<meta property=\"og:image:type\" content=\"image\/jpeg\" \/>\n<meta name=\"twitter:card\" content=\"summary_large_image\" \/>\n<meta name=\"twitter:label1\" content=\"Dur\u00e9e de lecture estim\u00e9e\" \/>\n\t<meta name=\"twitter:data1\" content=\"2 minutes\" \/>\n<script type=\"application\/ld+json\" class=\"yoast-schema-graph\">{\"@context\":\"https:\\\/\\\/schema.org\",\"@graph\":[{\"@type\":\"WebPage\",\"@id\":\"https:\\\/\\\/www.dramfolks-whisky-auction.com\\\/fr\\\/product\\\/wolfburn-no-204-5yo-madeira-cask-finish\\\/\",\"url\":\"https:\\\/\\\/www.dramfolks-whisky-auction.com\\\/fr\\\/product\\\/wolfburn-no-204-5yo-madeira-cask-finish\\\/\",\"name\":\"Wolfburn - No. 204 5yo Madeira Cask Finish - Dramfolks Whisky Auction\",\"isPartOf\":{\"@id\":\"https:\\\/\\\/www.dramfolks-whisky-auction.com\\\/fr\\\/#website\"},\"primaryImageOfPage\":{\"@id\":\"https:\\\/\\\/www.dramfolks-whisky-auction.com\\\/fr\\\/product\\\/wolfburn-no-204-5yo-madeira-cask-finish\\\/#primaryimage\"},\"image\":{\"@id\":\"https:\\\/\\\/www.dramfolks-whisky-auction.com\\\/fr\\\/product\\\/wolfburn-no-204-5yo-madeira-cask-finish\\\/#primaryimage\"},\"thumbnailUrl\":\"https:\\\/\\\/www.dramfolks-whisky-auction.com\\\/wp-content\\\/uploads\\\/2024\\\/05\\\/Wolfburn-204-vorne-scaled.jpg\",\"datePublished\":\"2024-05-29T16:53:32+00:00\",\"dateModified\":\"2024-07-09T14:27:08+00:00\",\"breadcrumb\":{\"@id\":\"https:\\\/\\\/www.dramfolks-whisky-auction.com\\\/fr\\\/product\\\/wolfburn-no-204-5yo-madeira-cask-finish\\\/#breadcrumb\"},\"inLanguage\":\"fr-FR\",\"potentialAction\":[{\"@type\":\"ReadAction\",\"target\":[\"https:\\\/\\\/www.dramfolks-whisky-auction.com\\\/fr\\\/product\\\/wolfburn-no-204-5yo-madeira-cask-finish\\\/\"]}]},{\"@type\":\"ImageObject\",\"inLanguage\":\"fr-FR\",\"@id\":\"https:\\\/\\\/www.dramfolks-whisky-auction.com\\\/fr\\\/product\\\/wolfburn-no-204-5yo-madeira-cask-finish\\\/#primaryimage\",\"url\":\"https:\\\/\\\/www.dramfolks-whisky-auction.com\\\/wp-content\\\/uploads\\\/2024\\\/05\\\/Wolfburn-204-vorne-scaled.jpg\",\"contentUrl\":\"https:\\\/\\\/www.dramfolks-whisky-auction.com\\\/wp-content\\\/uploads\\\/2024\\\/05\\\/Wolfburn-204-vorne-scaled.jpg\",\"width\":2560,\"height\":2560},{\"@type\":\"BreadcrumbList\",\"@id\":\"https:\\\/\\\/www.dramfolks-whisky-auction.com\\\/fr\\\/product\\\/wolfburn-no-204-5yo-madeira-cask-finish\\\/#breadcrumb\",\"itemListElement\":[{\"@type\":\"ListItem\",\"position\":1,\"name\":\"Startseite\",\"item\":\"https:\\\/\\\/www.dramfolks-whisky-auction.com\\\/fr\\\/\"},{\"@type\":\"ListItem\",\"position\":2,\"name\":\"Boutique\",\"item\":\"https:\\\/\\\/www.dramfolks-whisky-auction.com\\\/fr\\\/boutique\\\/\"},{\"@type\":\"ListItem\",\"position\":3,\"name\":\"Wolfburn &#8211; No. 204 5yo Madeira Cask Finish\"}]},{\"@type\":\"WebSite\",\"@id\":\"https:\\\/\\\/www.dramfolks-whisky-auction.com\\\/fr\\\/#website\",\"url\":\"https:\\\/\\\/www.dramfolks-whisky-auction.com\\\/fr\\\/\",\"name\":\"Dramfolks Whisky Auction\",\"description\":\"\",\"potentialAction\":[{\"@type\":\"SearchAction\",\"target\":{\"@type\":\"EntryPoint\",\"urlTemplate\":\"https:\\\/\\\/www.dramfolks-whisky-auction.com\\\/fr\\\/?s={search_term_string}\"},\"query-input\":{\"@type\":\"PropertyValueSpecification\",\"valueRequired\":true,\"valueName\":\"search_term_string\"}}],\"inLanguage\":\"fr-FR\"}]}<\/script>\n<!-- \/ Yoast SEO plugin. -->","yoast_head_json":{"title":"Wolfburn - No. 204 5yo Madeira Cask Finish - Dramfolks Whisky Auction","robots":{"index":"index","follow":"follow","max-snippet":"max-snippet:-1","max-image-preview":"max-image-preview:large","max-video-preview":"max-video-preview:-1"},"canonical":"https:\/\/www.dramfolks-whisky-auction.com\/fr\/product\/wolfburn-no-204-5yo-madeira-cask-finish\/","og_locale":"fr_FR","og_type":"article","og_title":"Wolfburn - No. 204 5yo Madeira Cask Finish - Dramfolks Whisky Auction","og_description":"Destille: Wolfburn Bei der Wolfburn Destillerie handelt es sich um eine neue Whisky Destillerie, die ihren Sitz in der Gemeinde Thurso in der schottischen Highland Region hat und die n\u00f6rdlichste Brennerei auf dem schottischen Festland ist. Sie wurde urspr\u00fcnglich bereits im Jahr 1821 erbaut, musste allerdings im Laufe des 19. Jahrhunderts wieder schlie\u00dfen und heute[...]","og_url":"https:\/\/www.dramfolks-whisky-auction.com\/fr\/product\/wolfburn-no-204-5yo-madeira-cask-finish\/","og_site_name":"Dramfolks Whisky Auction","article_modified_time":"2024-07-09T14:27:08+00:00","og_image":[{"width":2560,"height":2560,"url":"https:\/\/www.dramfolks-whisky-auction.com\/wp-content\/uploads\/2024\/05\/Wolfburn-204-vorne-scaled.jpg","type":"image\/jpeg"}],"twitter_card":"summary_large_image","twitter_misc":{"Dur\u00e9e de lecture estim\u00e9e":"2 minutes"},"schema":{"@context":"https:\/\/schema.org","@graph":[{"@type":"WebPage","@id":"https:\/\/www.dramfolks-whisky-auction.com\/fr\/product\/wolfburn-no-204-5yo-madeira-cask-finish\/","url":"https:\/\/www.dramfolks-whisky-auction.com\/fr\/product\/wolfburn-no-204-5yo-madeira-cask-finish\/","name":"Wolfburn - No. 204 5yo Madeira Cask Finish - Dramfolks Whisky Auction","isPartOf":{"@id":"https:\/\/www.dramfolks-whisky-auction.com\/fr\/#website"},"primaryImageOfPage":{"@id":"https:\/\/www.dramfolks-whisky-auction.com\/fr\/product\/wolfburn-no-204-5yo-madeira-cask-finish\/#primaryimage"},"image":{"@id":"https:\/\/www.dramfolks-whisky-auction.com\/fr\/product\/wolfburn-no-204-5yo-madeira-cask-finish\/#primaryimage"},"thumbnailUrl":"https:\/\/www.dramfolks-whisky-auction.com\/wp-content\/uploads\/2024\/05\/Wolfburn-204-vorne-scaled.jpg","datePublished":"2024-05-29T16:53:32+00:00","dateModified":"2024-07-09T14:27:08+00:00","breadcrumb":{"@id":"https:\/\/www.dramfolks-whisky-auction.com\/fr\/product\/wolfburn-no-204-5yo-madeira-cask-finish\/#breadcrumb"},"inLanguage":"fr-FR","potentialAction":[{"@type":"ReadAction","target":["https:\/\/www.dramfolks-whisky-auction.com\/fr\/product\/wolfburn-no-204-5yo-madeira-cask-finish\/"]}]},{"@type":"ImageObject","inLanguage":"fr-FR","@id":"https:\/\/www.dramfolks-whisky-auction.com\/fr\/product\/wolfburn-no-204-5yo-madeira-cask-finish\/#primaryimage","url":"https:\/\/www.dramfolks-whisky-auction.com\/wp-content\/uploads\/2024\/05\/Wolfburn-204-vorne-scaled.jpg","contentUrl":"https:\/\/www.dramfolks-whisky-auction.com\/wp-content\/uploads\/2024\/05\/Wolfburn-204-vorne-scaled.jpg","width":2560,"height":2560},{"@type":"BreadcrumbList","@id":"https:\/\/www.dramfolks-whisky-auction.com\/fr\/product\/wolfburn-no-204-5yo-madeira-cask-finish\/#breadcrumb","itemListElement":[{"@type":"ListItem","position":1,"name":"Startseite","item":"https:\/\/www.dramfolks-whisky-auction.com\/fr\/"},{"@type":"ListItem","position":2,"name":"Boutique","item":"https:\/\/www.dramfolks-whisky-auction.com\/fr\/boutique\/"},{"@type":"ListItem","position":3,"name":"Wolfburn &#8211; No. 204 5yo Madeira Cask Finish"}]},{"@type":"WebSite","@id":"https:\/\/www.dramfolks-whisky-auction.com\/fr\/#website","url":"https:\/\/www.dramfolks-whisky-auction.com\/fr\/","name":"Dramfolks Whisky Auction","description":"","potentialAction":[{"@type":"SearchAction","target":{"@type":"EntryPoint","urlTemplate":"https:\/\/www.dramfolks-whisky-auction.com\/fr\/?s={search_term_string}"},"query-input":{"@type":"PropertyValueSpecification","valueRequired":true,"valueName":"search_term_string"}}],"inLanguage":"fr-FR"}]}},"_links":{"self":[{"href":"https:\/\/www.dramfolks-whisky-auction.com\/fr\/wp-json\/wp\/v2\/product\/48757","targetHints":{"allow":["GET"]}}],"collection":[{"href":"https:\/\/www.dramfolks-whisky-auction.com\/fr\/wp-json\/wp\/v2\/product"}],"about":[{"href":"https:\/\/www.dramfolks-whisky-auction.com\/fr\/wp-json\/wp\/v2\/types\/product"}],"replies":[{"embeddable":true,"href":"https:\/\/www.dramfolks-whisky-auction.com\/fr\/wp-json\/wp\/v2\/comments?post=48757"}],"wp:featuredmedia":[{"embeddable":true,"href":"https:\/\/www.dramfolks-whisky-auction.com\/fr\/wp-json\/wp\/v2\/media\/48758"}],"wp:attachment":[{"href":"https:\/\/www.dramfolks-whisky-auction.com\/fr\/wp-json\/wp\/v2\/media?parent=48757"}],"wp:term":[{"taxonomy":"product_brand","embeddable":true,"href":"https:\/\/www.dramfolks-whisky-auction.com\/fr\/wp-json\/wp\/v2\/product_brand?post=48757"},{"taxonomy":"product_cat","embeddable":true,"href":"https:\/\/www.dramfolks-whisky-auction.com\/fr\/wp-json\/wp\/v2\/product_cat?post=48757"},{"taxonomy":"product_tag","embeddable":true,"href":"https:\/\/www.dramfolks-whisky-auction.com\/fr\/wp-json\/wp\/v2\/product_tag?post=48757"}],"curies":[{"name":"wp","href":"https:\/\/api.w.org\/{rel}","templated":true}]}}