{"id":48750,"date":"2024-05-29T18:53:32","date_gmt":"2024-05-29T16:53:32","guid":{"rendered":"https:\/\/www.dramfolks-whisky-auction.com\/?post_type=product&#038;p=48750"},"modified":"2024-06-16T19:45:07","modified_gmt":"2024-06-16T17:45:07","slug":"loch-lomond-10yo","status":"publish","type":"product","link":"https:\/\/www.dramfolks-whisky-auction.com\/fr\/product\/loch-lomond-10yo\/","title":{"rendered":"Loch Lomond &#8211; 10yo"},"content":{"rendered":"<p><strong>Destille: Loch Lomond<br \/>\n<\/strong>Die Loch Lomond Distillery steht seit 1964 in Alexandria, einer kleinen Stadt s\u00fcdlich des sch\u00f6nen Loch Lomond. Sie produzierten ausschlie\u00dflich Malt <span class=\"tx-datamintslossaryextension-no-replacement\">Whisky<\/span>, bis 1993 die <span class=\"tx-datamintslossaryextension-no-replacement\">Coffey Still<\/span> f\u00fcr die <span class=\"tx-datamintslossaryextension-no-replacement\">Produktion<\/span> von <span class=\"tx-datamintslossaryextension-no-replacement\">Grain Whisky<\/span> installiert wurde. Die Produktionsmenge wurde nun erh\u00f6ht und Loch Lomond wurde zur einzigen <span class=\"tx-datamintslossaryextension-no-replacement\">Brennerei<\/span>, die Malt und <span class=\"tx-datamintslossaryextension-no-replacement\">Grain Whisky<\/span> unter einem Dach produziert. 1994 \u00fcbernahm die Firma die <span class=\"tx-datamintslossaryextension-no-replacement\">Brennerei<\/span> Glen Scotia in Campeltown. 2014 wurden Loch Lomond, Glen Scotia und die Abf\u00fcllanlage Glen Catrine in Ayrshire an eine private Firma namens Exponent verkauft. Die <span class=\"tx-datamintslossaryextension-no-replacement\">Brennerei<\/span> produziert nun ein breites Spektrum verschiedener <span class=\"tx-datamintslossaryextension-no-replacement\">Whiskys<\/span>, sowohl Single Malts als auch Single Grains und Blends.<br \/>\nJ\u00e4hrliches Produktionsvolumen: \u00fcber 20 Mio. Litern pro Jahr.<\/p>\n<p><strong>Fun Fakt:\u00a0<\/strong>Dieser Highland Malt fand Mitte des letzten Jahrhunderts auch Einzug in die \u201eTim und Struppi\u201c- Comics des belgischen Autors Herg\u00e9, die aktuell von den Regisseuren und Produzenten Steven Spielberg und Peter Jackson verfilmt werden. In den Comics trinkt eine der Hauptfiguren, Kapit\u00e4n Haddock, mit gro\u00dfer Vorliebe Loch Lomond Whisky.<\/p>\n<p><strong>Whisky\/Whiskey: <span data-v-46783aec=\"\" data-v-162be419=\"\">Loch Lomond 10yo<\/span><br \/>\n<\/strong><span data-v-46783aec=\"\" data-v-162be419=\"\">Loch Lomond 10yo ist eine Sonderabf\u00fcllung, die zum 10-j\u00e4hrigen Jubil\u00e4um von DrankDozijn abgef\u00fcllt wurde. Er ist ein fruchtiger und vanillebetonter Whisky im Stil des Hauses Loch Lomond, aber auch mit Einfl\u00fcssen von Eichenholz. Diese Jubil\u00e4umsabf\u00fcllung wurde in einer Mischung aus drei Fasstypen gereift: Ex-Bourbon und einer Kombination aus recharred und refill amerikanischer Eiche. <\/span><\/p>\n<p><strong>Info Qualit\u00e4t der Flasche:<\/strong> Exzellent &#8211; ohne Besch\u00e4digungen \/ <strong>F\u00fcllstand:<\/strong> Into neck<br \/>\n<strong>Info Qualit\u00e4t der Box:\u00a0<\/strong>Exzellent &#8211; ohne Besch\u00e4digungen<\/p>\n<p><strong>Wichtiger Hinweis:<\/strong> Die Bewertung der Flaschen und Boxen erfolgt nach \u201ebesten Wissen und Gewissen\u201c. dramfolks kann keine Gew\u00e4hrleistung f\u00fcr den Inhalt der Flaschen \u00fcbernehmen. Weitere Infos &amp; Hinweise finden Sie in unseren AGBs. Wir empfehlen Ihnen, vor der Abgabe von Geboten \u00fcber die Zoomfunktion eine Besichtigung \/ genaue Pr\u00fcfung des angebotenen Whiskys vorzunehmen. Bitte kontaktieren sie uns bei Fragen direkt unter info@dramfolks.com<\/p>\n","protected":false},"excerpt":{"rendered":"<p>Destille: Loch Lomond Die Loch Lomond Distillery steht seit 1964 in Alexandria, einer kleinen Stadt s\u00fcdlich des sch\u00f6nen Loch Lomond. Sie produzierten ausschlie\u00dflich Malt Whisky, bis 1993 die Coffey Still f\u00fcr die Produktion von Grain Whisky installiert wurde. Die Produktionsmenge wurde nun erh\u00f6ht und Loch Lomond wurde zur einzigen Brennerei, die Malt und Grain Whisky[&#8230;]\n","protected":false},"featured_media":48751,"comment_status":"closed","ping_status":"closed","template":"","meta":[],"product_brand":[],"product_cat":[848],"product_tag":[],"class_list":{"0":"post-48750","1":"product","2":"type-product","3":"status-publish","4":"has-post-thumbnail","6":"product_cat-no-11","8":"first","9":"instock","10":"shipping-taxable","11":"purchasable","12":"product-type-auction"},"yoast_head":"<!-- This site is optimized with the Yoast SEO plugin v27.4 - https:\/\/yoast.com\/product\/yoast-seo-wordpress\/ -->\n<title>Loch Lomond - 10yo - Dramfolks Whisky Auction<\/title>\n<meta name=\"robots\" content=\"index, follow, max-snippet:-1, max-image-preview:large, max-video-preview:-1\" \/>\n<link rel=\"canonical\" href=\"https:\/\/www.dramfolks-whisky-auction.com\/fr\/product\/loch-lomond-10yo\/\" \/>\n<meta property=\"og:locale\" content=\"fr_FR\" \/>\n<meta property=\"og:type\" content=\"article\" \/>\n<meta property=\"og:title\" content=\"Loch Lomond - 10yo - Dramfolks Whisky Auction\" \/>\n<meta property=\"og:description\" content=\"Destille: Loch Lomond Die Loch Lomond Distillery steht seit 1964 in Alexandria, einer kleinen Stadt s\u00fcdlich des sch\u00f6nen Loch Lomond. Sie produzierten ausschlie\u00dflich Malt Whisky, bis 1993 die Coffey Still f\u00fcr die Produktion von Grain Whisky installiert wurde. Die Produktionsmenge wurde nun erh\u00f6ht und Loch Lomond wurde zur einzigen Brennerei, die Malt und Grain Whisky[...]\" \/>\n<meta property=\"og:url\" content=\"https:\/\/www.dramfolks-whisky-auction.com\/fr\/product\/loch-lomond-10yo\/\" \/>\n<meta property=\"og:site_name\" content=\"Dramfolks Whisky Auction\" \/>\n<meta property=\"article:modified_time\" content=\"2024-06-16T17:45:07+00:00\" \/>\n<meta property=\"og:image\" content=\"https:\/\/www.dramfolks-whisky-auction.com\/wp-content\/uploads\/2024\/05\/Loch-Lomond-10-vorne-scaled.jpg\" \/>\n\t<meta property=\"og:image:width\" content=\"2560\" \/>\n\t<meta property=\"og:image:height\" content=\"2560\" \/>\n\t<meta property=\"og:image:type\" content=\"image\/jpeg\" \/>\n<meta name=\"twitter:card\" content=\"summary_large_image\" \/>\n<meta name=\"twitter:label1\" content=\"Dur\u00e9e de lecture estim\u00e9e\" \/>\n\t<meta name=\"twitter:data1\" content=\"2 minutes\" \/>\n<script type=\"application\/ld+json\" class=\"yoast-schema-graph\">{\"@context\":\"https:\\\/\\\/schema.org\",\"@graph\":[{\"@type\":\"WebPage\",\"@id\":\"https:\\\/\\\/www.dramfolks-whisky-auction.com\\\/fr\\\/product\\\/loch-lomond-10yo\\\/\",\"url\":\"https:\\\/\\\/www.dramfolks-whisky-auction.com\\\/fr\\\/product\\\/loch-lomond-10yo\\\/\",\"name\":\"Loch Lomond - 10yo - Dramfolks Whisky Auction\",\"isPartOf\":{\"@id\":\"https:\\\/\\\/www.dramfolks-whisky-auction.com\\\/fr\\\/#website\"},\"primaryImageOfPage\":{\"@id\":\"https:\\\/\\\/www.dramfolks-whisky-auction.com\\\/fr\\\/product\\\/loch-lomond-10yo\\\/#primaryimage\"},\"image\":{\"@id\":\"https:\\\/\\\/www.dramfolks-whisky-auction.com\\\/fr\\\/product\\\/loch-lomond-10yo\\\/#primaryimage\"},\"thumbnailUrl\":\"https:\\\/\\\/www.dramfolks-whisky-auction.com\\\/wp-content\\\/uploads\\\/2024\\\/05\\\/Loch-Lomond-10-vorne-scaled.jpg\",\"datePublished\":\"2024-05-29T16:53:32+00:00\",\"dateModified\":\"2024-06-16T17:45:07+00:00\",\"breadcrumb\":{\"@id\":\"https:\\\/\\\/www.dramfolks-whisky-auction.com\\\/fr\\\/product\\\/loch-lomond-10yo\\\/#breadcrumb\"},\"inLanguage\":\"fr-FR\",\"potentialAction\":[{\"@type\":\"ReadAction\",\"target\":[\"https:\\\/\\\/www.dramfolks-whisky-auction.com\\\/fr\\\/product\\\/loch-lomond-10yo\\\/\"]}]},{\"@type\":\"ImageObject\",\"inLanguage\":\"fr-FR\",\"@id\":\"https:\\\/\\\/www.dramfolks-whisky-auction.com\\\/fr\\\/product\\\/loch-lomond-10yo\\\/#primaryimage\",\"url\":\"https:\\\/\\\/www.dramfolks-whisky-auction.com\\\/wp-content\\\/uploads\\\/2024\\\/05\\\/Loch-Lomond-10-vorne-scaled.jpg\",\"contentUrl\":\"https:\\\/\\\/www.dramfolks-whisky-auction.com\\\/wp-content\\\/uploads\\\/2024\\\/05\\\/Loch-Lomond-10-vorne-scaled.jpg\",\"width\":2560,\"height\":2560},{\"@type\":\"BreadcrumbList\",\"@id\":\"https:\\\/\\\/www.dramfolks-whisky-auction.com\\\/fr\\\/product\\\/loch-lomond-10yo\\\/#breadcrumb\",\"itemListElement\":[{\"@type\":\"ListItem\",\"position\":1,\"name\":\"Startseite\",\"item\":\"https:\\\/\\\/www.dramfolks-whisky-auction.com\\\/fr\\\/\"},{\"@type\":\"ListItem\",\"position\":2,\"name\":\"Boutique\",\"item\":\"https:\\\/\\\/www.dramfolks-whisky-auction.com\\\/fr\\\/boutique\\\/\"},{\"@type\":\"ListItem\",\"position\":3,\"name\":\"Loch Lomond &#8211; 10yo\"}]},{\"@type\":\"WebSite\",\"@id\":\"https:\\\/\\\/www.dramfolks-whisky-auction.com\\\/fr\\\/#website\",\"url\":\"https:\\\/\\\/www.dramfolks-whisky-auction.com\\\/fr\\\/\",\"name\":\"Dramfolks Whisky Auction\",\"description\":\"\",\"potentialAction\":[{\"@type\":\"SearchAction\",\"target\":{\"@type\":\"EntryPoint\",\"urlTemplate\":\"https:\\\/\\\/www.dramfolks-whisky-auction.com\\\/fr\\\/?s={search_term_string}\"},\"query-input\":{\"@type\":\"PropertyValueSpecification\",\"valueRequired\":true,\"valueName\":\"search_term_string\"}}],\"inLanguage\":\"fr-FR\"}]}<\/script>\n<!-- \/ Yoast SEO plugin. -->","yoast_head_json":{"title":"Loch Lomond - 10yo - Dramfolks Whisky Auction","robots":{"index":"index","follow":"follow","max-snippet":"max-snippet:-1","max-image-preview":"max-image-preview:large","max-video-preview":"max-video-preview:-1"},"canonical":"https:\/\/www.dramfolks-whisky-auction.com\/fr\/product\/loch-lomond-10yo\/","og_locale":"fr_FR","og_type":"article","og_title":"Loch Lomond - 10yo - Dramfolks Whisky Auction","og_description":"Destille: Loch Lomond Die Loch Lomond Distillery steht seit 1964 in Alexandria, einer kleinen Stadt s\u00fcdlich des sch\u00f6nen Loch Lomond. Sie produzierten ausschlie\u00dflich Malt Whisky, bis 1993 die Coffey Still f\u00fcr die Produktion von Grain Whisky installiert wurde. Die Produktionsmenge wurde nun erh\u00f6ht und Loch Lomond wurde zur einzigen Brennerei, die Malt und Grain Whisky[...]","og_url":"https:\/\/www.dramfolks-whisky-auction.com\/fr\/product\/loch-lomond-10yo\/","og_site_name":"Dramfolks Whisky Auction","article_modified_time":"2024-06-16T17:45:07+00:00","og_image":[{"width":2560,"height":2560,"url":"https:\/\/www.dramfolks-whisky-auction.com\/wp-content\/uploads\/2024\/05\/Loch-Lomond-10-vorne-scaled.jpg","type":"image\/jpeg"}],"twitter_card":"summary_large_image","twitter_misc":{"Dur\u00e9e de lecture estim\u00e9e":"2 minutes"},"schema":{"@context":"https:\/\/schema.org","@graph":[{"@type":"WebPage","@id":"https:\/\/www.dramfolks-whisky-auction.com\/fr\/product\/loch-lomond-10yo\/","url":"https:\/\/www.dramfolks-whisky-auction.com\/fr\/product\/loch-lomond-10yo\/","name":"Loch Lomond - 10yo - Dramfolks Whisky Auction","isPartOf":{"@id":"https:\/\/www.dramfolks-whisky-auction.com\/fr\/#website"},"primaryImageOfPage":{"@id":"https:\/\/www.dramfolks-whisky-auction.com\/fr\/product\/loch-lomond-10yo\/#primaryimage"},"image":{"@id":"https:\/\/www.dramfolks-whisky-auction.com\/fr\/product\/loch-lomond-10yo\/#primaryimage"},"thumbnailUrl":"https:\/\/www.dramfolks-whisky-auction.com\/wp-content\/uploads\/2024\/05\/Loch-Lomond-10-vorne-scaled.jpg","datePublished":"2024-05-29T16:53:32+00:00","dateModified":"2024-06-16T17:45:07+00:00","breadcrumb":{"@id":"https:\/\/www.dramfolks-whisky-auction.com\/fr\/product\/loch-lomond-10yo\/#breadcrumb"},"inLanguage":"fr-FR","potentialAction":[{"@type":"ReadAction","target":["https:\/\/www.dramfolks-whisky-auction.com\/fr\/product\/loch-lomond-10yo\/"]}]},{"@type":"ImageObject","inLanguage":"fr-FR","@id":"https:\/\/www.dramfolks-whisky-auction.com\/fr\/product\/loch-lomond-10yo\/#primaryimage","url":"https:\/\/www.dramfolks-whisky-auction.com\/wp-content\/uploads\/2024\/05\/Loch-Lomond-10-vorne-scaled.jpg","contentUrl":"https:\/\/www.dramfolks-whisky-auction.com\/wp-content\/uploads\/2024\/05\/Loch-Lomond-10-vorne-scaled.jpg","width":2560,"height":2560},{"@type":"BreadcrumbList","@id":"https:\/\/www.dramfolks-whisky-auction.com\/fr\/product\/loch-lomond-10yo\/#breadcrumb","itemListElement":[{"@type":"ListItem","position":1,"name":"Startseite","item":"https:\/\/www.dramfolks-whisky-auction.com\/fr\/"},{"@type":"ListItem","position":2,"name":"Boutique","item":"https:\/\/www.dramfolks-whisky-auction.com\/fr\/boutique\/"},{"@type":"ListItem","position":3,"name":"Loch Lomond &#8211; 10yo"}]},{"@type":"WebSite","@id":"https:\/\/www.dramfolks-whisky-auction.com\/fr\/#website","url":"https:\/\/www.dramfolks-whisky-auction.com\/fr\/","name":"Dramfolks Whisky Auction","description":"","potentialAction":[{"@type":"SearchAction","target":{"@type":"EntryPoint","urlTemplate":"https:\/\/www.dramfolks-whisky-auction.com\/fr\/?s={search_term_string}"},"query-input":{"@type":"PropertyValueSpecification","valueRequired":true,"valueName":"search_term_string"}}],"inLanguage":"fr-FR"}]}},"_links":{"self":[{"href":"https:\/\/www.dramfolks-whisky-auction.com\/fr\/wp-json\/wp\/v2\/product\/48750","targetHints":{"allow":["GET"]}}],"collection":[{"href":"https:\/\/www.dramfolks-whisky-auction.com\/fr\/wp-json\/wp\/v2\/product"}],"about":[{"href":"https:\/\/www.dramfolks-whisky-auction.com\/fr\/wp-json\/wp\/v2\/types\/product"}],"replies":[{"embeddable":true,"href":"https:\/\/www.dramfolks-whisky-auction.com\/fr\/wp-json\/wp\/v2\/comments?post=48750"}],"wp:featuredmedia":[{"embeddable":true,"href":"https:\/\/www.dramfolks-whisky-auction.com\/fr\/wp-json\/wp\/v2\/media\/48751"}],"wp:attachment":[{"href":"https:\/\/www.dramfolks-whisky-auction.com\/fr\/wp-json\/wp\/v2\/media?parent=48750"}],"wp:term":[{"taxonomy":"product_brand","embeddable":true,"href":"https:\/\/www.dramfolks-whisky-auction.com\/fr\/wp-json\/wp\/v2\/product_brand?post=48750"},{"taxonomy":"product_cat","embeddable":true,"href":"https:\/\/www.dramfolks-whisky-auction.com\/fr\/wp-json\/wp\/v2\/product_cat?post=48750"},{"taxonomy":"product_tag","embeddable":true,"href":"https:\/\/www.dramfolks-whisky-auction.com\/fr\/wp-json\/wp\/v2\/product_tag?post=48750"}],"curies":[{"name":"wp","href":"https:\/\/api.w.org\/{rel}","templated":true}]}}