{"id":48743,"date":"2024-05-29T18:53:33","date_gmt":"2024-05-29T16:53:33","guid":{"rendered":"https:\/\/www.dramfolks-whisky-auction.com\/?post_type=product&#038;p=48743"},"modified":"2024-06-20T07:54:26","modified_gmt":"2024-06-20T05:54:26","slug":"bunnahabhain-stiuireadair","status":"publish","type":"product","link":"https:\/\/www.dramfolks-whisky-auction.com\/fr\/product\/bunnahabhain-stiuireadair\/","title":{"rendered":"Bunnahabhain &#8211; Sti\u00f9ireadair"},"content":{"rendered":"<p><strong>Destille: Bunnahabhain<br \/>\n<\/strong>Die Bunnahabhain Destillerie (schottisch-g\u00e4lisch: Taigh-staile Bun na h-Abhainne) wurde 1881 in der N\u00e4he von Port Askaig auf Islay gegr\u00fcndet. Im Jahr 1887, als Bunnahabhain mit Glenrothes fusionierte, wurde ebenfalls Highland Distillers [heute Edrington] gegr\u00fcndet. W\u00e4hrend andere Islay-Destillerien ihre Marken als Single Malts und zum Blenden verkauften, war Bunnas Schicksal immer bei letzteren (u.a. bei Famous Grouse, Cutty Sark und Black Bottle). Das schnelle Wachstum von Scotch in den fr\u00fchen 1960er Jahren f\u00fchrte dazu, dass die Brennblasen 1963 verdoppelt wurden, im selben Jahr, in dem die Bodenm\u00e4lzerei herauskam. Doch das Gl\u00fcck war nicht von Dauer und wie viele Destillerien wurde Bunna 1982 eingemottet. Wiederbelebt wurde es dann Ende der 1980er Jahre als Single Malt mit dem Slogan \u00ab\u00a0der unaussprechliche Malt\u00a0\u00bb. Trotz eines Aufschwungs auf dem Whiskymarkt verkaufte Edrington es 2003 f\u00fcr 10 Millionen Pfund an Burn Stewart. Im Jahr 2013 ging Bunna dann an den langj\u00e4hrigen s\u00fcdafrikanischen Vertriebspartner Distell.<\/p>\n<p><strong>Fun Fakt:\u00a0 <\/strong>Die abgelegene Nordostk\u00fcste von Islay mag ein seltsamer Ort sein, um eine bedeutende viktorianische Destillerie zu finden, aber sie wurde 1881 von William Robertson (von Robertson &amp; Baxter) in Zusammenarbeit mit Greenlees Bros. als perfekter Ort f\u00fcr seine Inselvision ausgew\u00e4hlt. Der Bau bedeutete nicht nur den Bau der Destillerie, sondern auch der H\u00e4user, den Bau einer Stra\u00dfe und das Hinzuf\u00fcgen eines Piers, damit F\u00e4sser und Gerste hereinkommen und Whisky ausgehen konnten. Es kostete Robertson insgesamt 30.000 Pfund (entspricht den heutigen 2,6 Millionen Pfund).<\/p>\n<p><strong>Whisky\/Whiskey: Sti\u00f9ireadair<br \/>\n<\/strong>Bunnahabhain Sti\u00f9ireadair (ausgesprochen: stew-rahdur) ist eine Hommage an das Meer und an die Seem\u00e4nner und vor allem Steuerm\u00e4nner (G\u00e4lisch: Stiuireadair), die fr\u00fcher die Insel Islay mit dem Festland verbunden haben. F\u00fcr die Abf\u00fcllung wurden nur First und Second Fill Sherryf\u00e4sser ausgew\u00e4hlt, die an der Seeseite des Lagerhauses reiften. Es entstand ein Single Malt mit kraftvollen und komplexen Sherrynoten, Vanille und Gew\u00fcrzen. Der Bunnahabhain Stiuireadair z\u00e4hlt zu den ungetorften Abf\u00fcllungen der Brennerei und wird nicht k\u00fchlgefiltert und ungef\u00e4rbt mit 46.3% vol. abgef\u00fcllt. Jim Murray gab diesem Whisky 83.5 Punkte!!<\/p>\n<p><strong>Info Qualit\u00e4t der Flasche:<\/strong> Exzellent &#8211; ohne Besch\u00e4digungen \/ <strong>F\u00fcllstand: <\/strong>Top shoulder<br \/>\n<strong>Info Qualit\u00e4t der Box: leichte<\/strong> verschiedene Besch\u00e4digungen und ohne erw\u00e4hntes Gratis-Glas<\/p>\n<p><strong>Wichtiger Hinweis:<\/strong> Die Bewertung der Flaschen und Boxen erfolgt nach \u201ebesten Wissen und Gewissen\u201c. dramfolks kann keine Gew\u00e4hrleistung f\u00fcr den Inhalt der Flaschen \u00fcbernehmen. Weitere Infos &amp; Hinweise finden Sie in unseren AGBs. Wir empfehlen Ihnen, vor der Abgabe von Geboten \u00fcber die Zoomfunktion eine Besichtigung \/ genaue Pr\u00fcfung des angebotenen Whiskys vorzunehmen. Bitte kontaktieren sie uns bei Fragen direkt unter info@dramfolks.com<\/p>\n","protected":false},"excerpt":{"rendered":"<p>Destille: Bunnahabhain Die Bunnahabhain Destillerie (schottisch-g\u00e4lisch: Taigh-staile Bun na h-Abhainne) wurde 1881 in der N\u00e4he von Port Askaig auf Islay gegr\u00fcndet. Im Jahr 1887, als Bunnahabhain mit Glenrothes fusionierte, wurde ebenfalls Highland Distillers [heute Edrington] gegr\u00fcndet. W\u00e4hrend andere Islay-Destillerien ihre Marken als Single Malts und zum Blenden verkauften, war Bunnas Schicksal immer bei letzteren (u.a.[&#8230;]\n","protected":false},"featured_media":48744,"comment_status":"closed","ping_status":"closed","template":"","meta":[],"product_brand":[],"product_cat":[848],"product_tag":[],"class_list":{"0":"post-48743","1":"product","2":"type-product","3":"status-publish","4":"has-post-thumbnail","6":"product_cat-no-11","8":"first","9":"instock","10":"shipping-taxable","11":"purchasable","12":"product-type-auction"},"yoast_head":"<!-- This site is optimized with the Yoast SEO plugin v27.4 - https:\/\/yoast.com\/product\/yoast-seo-wordpress\/ -->\n<title>Bunnahabhain - Sti\u00f9ireadair - Dramfolks Whisky Auction<\/title>\n<meta name=\"robots\" content=\"index, follow, max-snippet:-1, max-image-preview:large, max-video-preview:-1\" \/>\n<link rel=\"canonical\" href=\"https:\/\/www.dramfolks-whisky-auction.com\/fr\/product\/bunnahabhain-stiuireadair\/\" \/>\n<meta property=\"og:locale\" content=\"fr_FR\" \/>\n<meta property=\"og:type\" content=\"article\" \/>\n<meta property=\"og:title\" content=\"Bunnahabhain - Sti\u00f9ireadair - Dramfolks Whisky Auction\" \/>\n<meta property=\"og:description\" content=\"Destille: Bunnahabhain Die Bunnahabhain Destillerie (schottisch-g\u00e4lisch: Taigh-staile Bun na h-Abhainne) wurde 1881 in der N\u00e4he von Port Askaig auf Islay gegr\u00fcndet. Im Jahr 1887, als Bunnahabhain mit Glenrothes fusionierte, wurde ebenfalls Highland Distillers [heute Edrington] gegr\u00fcndet. W\u00e4hrend andere Islay-Destillerien ihre Marken als Single Malts und zum Blenden verkauften, war Bunnas Schicksal immer bei letzteren (u.a.[...]\" \/>\n<meta property=\"og:url\" content=\"https:\/\/www.dramfolks-whisky-auction.com\/fr\/product\/bunnahabhain-stiuireadair\/\" \/>\n<meta property=\"og:site_name\" content=\"Dramfolks Whisky Auction\" \/>\n<meta property=\"article:modified_time\" content=\"2024-06-20T05:54:26+00:00\" \/>\n<meta property=\"og:image\" content=\"https:\/\/www.dramfolks-whisky-auction.com\/wp-content\/uploads\/2024\/05\/Bunnahabhain-Stiuireadair-vorne-scaled.jpg\" \/>\n\t<meta property=\"og:image:width\" content=\"2560\" \/>\n\t<meta property=\"og:image:height\" content=\"2560\" \/>\n\t<meta property=\"og:image:type\" content=\"image\/jpeg\" \/>\n<meta name=\"twitter:card\" content=\"summary_large_image\" \/>\n<meta name=\"twitter:label1\" content=\"Dur\u00e9e de lecture estim\u00e9e\" \/>\n\t<meta name=\"twitter:data1\" content=\"3 minutes\" \/>\n<script type=\"application\/ld+json\" class=\"yoast-schema-graph\">{\"@context\":\"https:\\\/\\\/schema.org\",\"@graph\":[{\"@type\":\"WebPage\",\"@id\":\"https:\\\/\\\/www.dramfolks-whisky-auction.com\\\/fr\\\/product\\\/bunnahabhain-stiuireadair\\\/\",\"url\":\"https:\\\/\\\/www.dramfolks-whisky-auction.com\\\/fr\\\/product\\\/bunnahabhain-stiuireadair\\\/\",\"name\":\"Bunnahabhain - Sti\u00f9ireadair - Dramfolks Whisky Auction\",\"isPartOf\":{\"@id\":\"https:\\\/\\\/www.dramfolks-whisky-auction.com\\\/fr\\\/#website\"},\"primaryImageOfPage\":{\"@id\":\"https:\\\/\\\/www.dramfolks-whisky-auction.com\\\/fr\\\/product\\\/bunnahabhain-stiuireadair\\\/#primaryimage\"},\"image\":{\"@id\":\"https:\\\/\\\/www.dramfolks-whisky-auction.com\\\/fr\\\/product\\\/bunnahabhain-stiuireadair\\\/#primaryimage\"},\"thumbnailUrl\":\"https:\\\/\\\/www.dramfolks-whisky-auction.com\\\/wp-content\\\/uploads\\\/2024\\\/05\\\/Bunnahabhain-Stiuireadair-vorne-scaled.jpg\",\"datePublished\":\"2024-05-29T16:53:33+00:00\",\"dateModified\":\"2024-06-20T05:54:26+00:00\",\"breadcrumb\":{\"@id\":\"https:\\\/\\\/www.dramfolks-whisky-auction.com\\\/fr\\\/product\\\/bunnahabhain-stiuireadair\\\/#breadcrumb\"},\"inLanguage\":\"fr-FR\",\"potentialAction\":[{\"@type\":\"ReadAction\",\"target\":[\"https:\\\/\\\/www.dramfolks-whisky-auction.com\\\/fr\\\/product\\\/bunnahabhain-stiuireadair\\\/\"]}]},{\"@type\":\"ImageObject\",\"inLanguage\":\"fr-FR\",\"@id\":\"https:\\\/\\\/www.dramfolks-whisky-auction.com\\\/fr\\\/product\\\/bunnahabhain-stiuireadair\\\/#primaryimage\",\"url\":\"https:\\\/\\\/www.dramfolks-whisky-auction.com\\\/wp-content\\\/uploads\\\/2024\\\/05\\\/Bunnahabhain-Stiuireadair-vorne-scaled.jpg\",\"contentUrl\":\"https:\\\/\\\/www.dramfolks-whisky-auction.com\\\/wp-content\\\/uploads\\\/2024\\\/05\\\/Bunnahabhain-Stiuireadair-vorne-scaled.jpg\",\"width\":2560,\"height\":2560},{\"@type\":\"BreadcrumbList\",\"@id\":\"https:\\\/\\\/www.dramfolks-whisky-auction.com\\\/fr\\\/product\\\/bunnahabhain-stiuireadair\\\/#breadcrumb\",\"itemListElement\":[{\"@type\":\"ListItem\",\"position\":1,\"name\":\"Startseite\",\"item\":\"https:\\\/\\\/www.dramfolks-whisky-auction.com\\\/fr\\\/\"},{\"@type\":\"ListItem\",\"position\":2,\"name\":\"Boutique\",\"item\":\"https:\\\/\\\/www.dramfolks-whisky-auction.com\\\/fr\\\/boutique\\\/\"},{\"@type\":\"ListItem\",\"position\":3,\"name\":\"Bunnahabhain &#8211; Sti\u00f9ireadair\"}]},{\"@type\":\"WebSite\",\"@id\":\"https:\\\/\\\/www.dramfolks-whisky-auction.com\\\/fr\\\/#website\",\"url\":\"https:\\\/\\\/www.dramfolks-whisky-auction.com\\\/fr\\\/\",\"name\":\"Dramfolks Whisky Auction\",\"description\":\"\",\"potentialAction\":[{\"@type\":\"SearchAction\",\"target\":{\"@type\":\"EntryPoint\",\"urlTemplate\":\"https:\\\/\\\/www.dramfolks-whisky-auction.com\\\/fr\\\/?s={search_term_string}\"},\"query-input\":{\"@type\":\"PropertyValueSpecification\",\"valueRequired\":true,\"valueName\":\"search_term_string\"}}],\"inLanguage\":\"fr-FR\"}]}<\/script>\n<!-- \/ Yoast SEO plugin. -->","yoast_head_json":{"title":"Bunnahabhain - Sti\u00f9ireadair - Dramfolks Whisky Auction","robots":{"index":"index","follow":"follow","max-snippet":"max-snippet:-1","max-image-preview":"max-image-preview:large","max-video-preview":"max-video-preview:-1"},"canonical":"https:\/\/www.dramfolks-whisky-auction.com\/fr\/product\/bunnahabhain-stiuireadair\/","og_locale":"fr_FR","og_type":"article","og_title":"Bunnahabhain - Sti\u00f9ireadair - Dramfolks Whisky Auction","og_description":"Destille: Bunnahabhain Die Bunnahabhain Destillerie (schottisch-g\u00e4lisch: Taigh-staile Bun na h-Abhainne) wurde 1881 in der N\u00e4he von Port Askaig auf Islay gegr\u00fcndet. Im Jahr 1887, als Bunnahabhain mit Glenrothes fusionierte, wurde ebenfalls Highland Distillers [heute Edrington] gegr\u00fcndet. W\u00e4hrend andere Islay-Destillerien ihre Marken als Single Malts und zum Blenden verkauften, war Bunnas Schicksal immer bei letzteren (u.a.[...]","og_url":"https:\/\/www.dramfolks-whisky-auction.com\/fr\/product\/bunnahabhain-stiuireadair\/","og_site_name":"Dramfolks Whisky Auction","article_modified_time":"2024-06-20T05:54:26+00:00","og_image":[{"width":2560,"height":2560,"url":"https:\/\/www.dramfolks-whisky-auction.com\/wp-content\/uploads\/2024\/05\/Bunnahabhain-Stiuireadair-vorne-scaled.jpg","type":"image\/jpeg"}],"twitter_card":"summary_large_image","twitter_misc":{"Dur\u00e9e de lecture estim\u00e9e":"3 minutes"},"schema":{"@context":"https:\/\/schema.org","@graph":[{"@type":"WebPage","@id":"https:\/\/www.dramfolks-whisky-auction.com\/fr\/product\/bunnahabhain-stiuireadair\/","url":"https:\/\/www.dramfolks-whisky-auction.com\/fr\/product\/bunnahabhain-stiuireadair\/","name":"Bunnahabhain - Sti\u00f9ireadair - Dramfolks Whisky Auction","isPartOf":{"@id":"https:\/\/www.dramfolks-whisky-auction.com\/fr\/#website"},"primaryImageOfPage":{"@id":"https:\/\/www.dramfolks-whisky-auction.com\/fr\/product\/bunnahabhain-stiuireadair\/#primaryimage"},"image":{"@id":"https:\/\/www.dramfolks-whisky-auction.com\/fr\/product\/bunnahabhain-stiuireadair\/#primaryimage"},"thumbnailUrl":"https:\/\/www.dramfolks-whisky-auction.com\/wp-content\/uploads\/2024\/05\/Bunnahabhain-Stiuireadair-vorne-scaled.jpg","datePublished":"2024-05-29T16:53:33+00:00","dateModified":"2024-06-20T05:54:26+00:00","breadcrumb":{"@id":"https:\/\/www.dramfolks-whisky-auction.com\/fr\/product\/bunnahabhain-stiuireadair\/#breadcrumb"},"inLanguage":"fr-FR","potentialAction":[{"@type":"ReadAction","target":["https:\/\/www.dramfolks-whisky-auction.com\/fr\/product\/bunnahabhain-stiuireadair\/"]}]},{"@type":"ImageObject","inLanguage":"fr-FR","@id":"https:\/\/www.dramfolks-whisky-auction.com\/fr\/product\/bunnahabhain-stiuireadair\/#primaryimage","url":"https:\/\/www.dramfolks-whisky-auction.com\/wp-content\/uploads\/2024\/05\/Bunnahabhain-Stiuireadair-vorne-scaled.jpg","contentUrl":"https:\/\/www.dramfolks-whisky-auction.com\/wp-content\/uploads\/2024\/05\/Bunnahabhain-Stiuireadair-vorne-scaled.jpg","width":2560,"height":2560},{"@type":"BreadcrumbList","@id":"https:\/\/www.dramfolks-whisky-auction.com\/fr\/product\/bunnahabhain-stiuireadair\/#breadcrumb","itemListElement":[{"@type":"ListItem","position":1,"name":"Startseite","item":"https:\/\/www.dramfolks-whisky-auction.com\/fr\/"},{"@type":"ListItem","position":2,"name":"Boutique","item":"https:\/\/www.dramfolks-whisky-auction.com\/fr\/boutique\/"},{"@type":"ListItem","position":3,"name":"Bunnahabhain &#8211; Sti\u00f9ireadair"}]},{"@type":"WebSite","@id":"https:\/\/www.dramfolks-whisky-auction.com\/fr\/#website","url":"https:\/\/www.dramfolks-whisky-auction.com\/fr\/","name":"Dramfolks Whisky Auction","description":"","potentialAction":[{"@type":"SearchAction","target":{"@type":"EntryPoint","urlTemplate":"https:\/\/www.dramfolks-whisky-auction.com\/fr\/?s={search_term_string}"},"query-input":{"@type":"PropertyValueSpecification","valueRequired":true,"valueName":"search_term_string"}}],"inLanguage":"fr-FR"}]}},"_links":{"self":[{"href":"https:\/\/www.dramfolks-whisky-auction.com\/fr\/wp-json\/wp\/v2\/product\/48743","targetHints":{"allow":["GET"]}}],"collection":[{"href":"https:\/\/www.dramfolks-whisky-auction.com\/fr\/wp-json\/wp\/v2\/product"}],"about":[{"href":"https:\/\/www.dramfolks-whisky-auction.com\/fr\/wp-json\/wp\/v2\/types\/product"}],"replies":[{"embeddable":true,"href":"https:\/\/www.dramfolks-whisky-auction.com\/fr\/wp-json\/wp\/v2\/comments?post=48743"}],"wp:featuredmedia":[{"embeddable":true,"href":"https:\/\/www.dramfolks-whisky-auction.com\/fr\/wp-json\/wp\/v2\/media\/48744"}],"wp:attachment":[{"href":"https:\/\/www.dramfolks-whisky-auction.com\/fr\/wp-json\/wp\/v2\/media?parent=48743"}],"wp:term":[{"taxonomy":"product_brand","embeddable":true,"href":"https:\/\/www.dramfolks-whisky-auction.com\/fr\/wp-json\/wp\/v2\/product_brand?post=48743"},{"taxonomy":"product_cat","embeddable":true,"href":"https:\/\/www.dramfolks-whisky-auction.com\/fr\/wp-json\/wp\/v2\/product_cat?post=48743"},{"taxonomy":"product_tag","embeddable":true,"href":"https:\/\/www.dramfolks-whisky-auction.com\/fr\/wp-json\/wp\/v2\/product_tag?post=48743"}],"curies":[{"name":"wp","href":"https:\/\/api.w.org\/{rel}","templated":true}]}}