{"id":48729,"date":"2024-05-29T16:29:32","date_gmt":"2024-05-29T14:29:32","guid":{"rendered":"https:\/\/www.dramfolks-whisky-auction.com\/?post_type=product&#038;p=48729"},"modified":"2024-06-16T19:15:06","modified_gmt":"2024-06-16T17:15:06","slug":"john-distilleries-paul-john-peated-select-cask","status":"publish","type":"product","link":"https:\/\/www.dramfolks-whisky-auction.com\/fr\/product\/john-distilleries-paul-john-peated-select-cask\/","title":{"rendered":"John Distilleries &#8211; Paul John Peated Select Cask"},"content":{"rendered":"<p><strong>Destille: John Distilleries<br \/>\n<\/strong>John Distilleries Pvt Ltd ist ein indisches Unternehmen, das destillierte Getr\u00e4nke herstellt, und die Flaggschiffmarke des Unternehmens ist Original Choice Whisky. Es stellt auch Brandy, Whisky, Weine und den preisgekr\u00f6nten Single Malt Whisky namens Paul John her. Die Gr\u00fcnder haben 51 % des Unternehmens an die Sazerac Company verkauft. John Distilleries wurde von Paul P. John gegr\u00fcndet, der urspr\u00fcnglich aus Kerala, Indien stammte und der Sohn eines Plantagen- und Spirituosenbarons in Karnataka, Indien war. Die erste Destillerie des Unternehmens wurde in Bangalore, Karnataka, gegr\u00fcndet. Das Unternehmen brachte 1996 Original Choice Whisky auf den Markt. Diese Ver\u00f6ffentlichung war so erfolgreich, dass es John Distilleries an die Spitze des Segments des indischen Whiskymarktes brachte. Nach den ersten Blended Whisky entschied sich das Unternehmen 2008 f\u00fcr die Herstellung von Single Malt Whisky, um in das Premium-Segment des Marktes einzusteigen. John Distilleries verwendete daf\u00fcr nur indische Zutaten, um dem Whisky die Eigenschaften seines Herkunftslandes zu verleihen. Die erste Abf\u00fcllung von Paul John Whisky unter der Marke \u00ab\u00a0Paul John Single Cask 161 Whisky\u00a0\u00bb wurde am 4. Oktober 2012 in London, Gro\u00dfbritannien, von Sanjay Paul, CEO von Alcobev Communications, im Capital Hotel in Knightsbridge, London, England, offiziell vorgestellt.<\/p>\n<p><strong>Fun Fakt:<\/strong> Bollywood&#8230;Das Unternehmen beschloss, die Marke national zu etablieren und verpflichtete den Malayalam-Filmschauspieler Mohanlal als Markenbotschafter. Mohanlal hat in mehr als 400 Filmen mitgewirkt, besitzt Restaurants, Firmen, gemeinn\u00fctzige Organisationen, wurde in Indien mit der viert- und dritth\u00f6chster zivilen Auszeichnung geehrt und vom CNN \u00ab\u00a0als einer der M\u00e4nner, die das Gesicht des indischen Kinos ver\u00e4nderten\u00a0\u00bb bezeichnet. Ein absolutes Multitalent wie der Paul John Whisky \ud83d\ude09<\/p>\n<p><strong>Whisky\/Whiskey: Paul John Peated Select Cask<\/strong><br \/>\nNicht nur die Schotten und in deutlich geringerem Ma\u00dfe die Iren verstehen sich auf getorften Whisky, sondern interessanterweise auch die Inder. Das Unternehmen Paul John Distilleries aus Goa in Indien produziert Premium-Whisky mit dem gewissen Etwas, der sich hinter der bekannteren Konkurrenz nicht zu verstecken braucht. Manche davon verlassen sich zum Teil auf schottische Gerste, die \u00fcber Torffeuer gedarrt wurde. Der Paul John Peated Select Cask Indischer Single Malt Whisky ist ein solches Experiment, das reichlich Lob ausgel\u00f6st hat. Dieser Indian Single Malt Whisky der Brennerei Paul John wurde einige Jahre lang bei speziellen klimatischen Bedingungen in amerikanischen Bourbonf\u00e4ssern gelagert und dann in Fassst\u00e4rke abgef\u00fcllt. Der Cask Strength Whisky vom indischen Subkontinent in Asien gewann 2015 bei den \u00ab\u00a0Wizards of Whisky Awards\u00a0\u00bb Gold. Der Paul John Peated Select Cask Indischer Single Malt Whisky setzt im Aroma auf die S\u00fc\u00dfe von Zucker und Gerstenmalz gepaart mit feinherben Waln\u00fcssen und erdigem Torf. Ein Hauch von Salz gesellt sich zum Rauch. Im ebenfalls vielschichtigen Geschmack begeistert der indische Whisky mit Grillfeuer-Rauch, noch mehr Zucker und dem Duft nach feuchter Erde. Tropische Fr\u00fcchte und orientalische Gew\u00fcrze machen den Peated Whisky noch interessanter. Bitterorangen pr\u00e4gen das fruchtige Finish. Die Balance aus S\u00fc\u00dfe und Torfrauch macht diesen Single Malt zu einem Gedicht.<\/p>\n<p><strong>Info Qualit\u00e4t der Flasche:<\/strong> Exzellent ohne Besch\u00e4digungen \/ <strong>F\u00fcllstand:<\/strong> Into neck<br \/>\n<strong>Info Qualit\u00e4t der Box:<\/strong> Exzellent &#8211; ohne Besch\u00e4digungen<\/p>\n<p><strong>Wichtiger Hinweis:<\/strong> Die Bewertung der Flaschen und Boxen erfolgt nach \u201ebesten Wissen und Gewissen\u201c. dramfolks kann keine Gew\u00e4hrleistung f\u00fcr den Inhalt der Flaschen \u00fcbernehmen. Weitere Infos &amp; Hinweise finden Sie in unseren AGBs. Wir empfehlen Ihnen, vor der Abgabe von Geboten \u00fcber die Zoomfunktion eine Besichtigung \/ genaue Pr\u00fcfung des angebotenen Whiskys vorzunehmen. Bitte kontaktieren sie uns bei Fragen direkt unter info@dramfolks.com<\/p>\n","protected":false},"excerpt":{"rendered":"<p>Destille: John Distilleries John Distilleries Pvt Ltd ist ein indisches Unternehmen, das destillierte Getr\u00e4nke herstellt, und die Flaggschiffmarke des Unternehmens ist Original Choice Whisky. Es stellt auch Brandy, Whisky, Weine und den preisgekr\u00f6nten Single Malt Whisky namens Paul John her. Die Gr\u00fcnder haben 51 % des Unternehmens an die Sazerac Company verkauft. John Distilleries wurde[&#8230;]\n","protected":false},"featured_media":48730,"comment_status":"closed","ping_status":"closed","template":"","meta":[],"product_brand":[],"product_cat":[848],"product_tag":[],"class_list":{"0":"post-48729","1":"product","2":"type-product","3":"status-publish","4":"has-post-thumbnail","6":"product_cat-no-11","8":"first","9":"instock","10":"shipping-taxable","11":"purchasable","12":"product-type-auction"},"yoast_head":"<!-- This site is optimized with the Yoast SEO plugin v27.4 - https:\/\/yoast.com\/product\/yoast-seo-wordpress\/ -->\n<title>John Distilleries - Paul John Peated Select Cask - Dramfolks Whisky Auction<\/title>\n<meta name=\"robots\" content=\"index, follow, max-snippet:-1, max-image-preview:large, max-video-preview:-1\" \/>\n<link rel=\"canonical\" href=\"https:\/\/www.dramfolks-whisky-auction.com\/fr\/product\/john-distilleries-paul-john-peated-select-cask\/\" \/>\n<meta property=\"og:locale\" content=\"fr_FR\" \/>\n<meta property=\"og:type\" content=\"article\" \/>\n<meta property=\"og:title\" content=\"John Distilleries - Paul John Peated Select Cask - Dramfolks Whisky Auction\" \/>\n<meta property=\"og:description\" content=\"Destille: John Distilleries John Distilleries Pvt Ltd ist ein indisches Unternehmen, das destillierte Getr\u00e4nke herstellt, und die Flaggschiffmarke des Unternehmens ist Original Choice Whisky. Es stellt auch Brandy, Whisky, Weine und den preisgekr\u00f6nten Single Malt Whisky namens Paul John her. Die Gr\u00fcnder haben 51 % des Unternehmens an die Sazerac Company verkauft. John Distilleries wurde[...]\" \/>\n<meta property=\"og:url\" content=\"https:\/\/www.dramfolks-whisky-auction.com\/fr\/product\/john-distilleries-paul-john-peated-select-cask\/\" \/>\n<meta property=\"og:site_name\" content=\"Dramfolks Whisky Auction\" \/>\n<meta property=\"article:modified_time\" content=\"2024-06-16T17:15:06+00:00\" \/>\n<meta property=\"og:image\" content=\"https:\/\/www.dramfolks-whisky-auction.com\/wp-content\/uploads\/2024\/05\/Paul-John-vorne-scaled.jpg\" \/>\n\t<meta property=\"og:image:width\" content=\"2560\" \/>\n\t<meta property=\"og:image:height\" content=\"2560\" \/>\n\t<meta property=\"og:image:type\" content=\"image\/jpeg\" \/>\n<meta name=\"twitter:card\" content=\"summary_large_image\" \/>\n<meta name=\"twitter:label1\" content=\"Dur\u00e9e de lecture estim\u00e9e\" \/>\n\t<meta name=\"twitter:data1\" content=\"4 minutes\" \/>\n<script type=\"application\/ld+json\" class=\"yoast-schema-graph\">{\"@context\":\"https:\\\/\\\/schema.org\",\"@graph\":[{\"@type\":\"WebPage\",\"@id\":\"https:\\\/\\\/www.dramfolks-whisky-auction.com\\\/fr\\\/product\\\/john-distilleries-paul-john-peated-select-cask\\\/\",\"url\":\"https:\\\/\\\/www.dramfolks-whisky-auction.com\\\/fr\\\/product\\\/john-distilleries-paul-john-peated-select-cask\\\/\",\"name\":\"John Distilleries - Paul John Peated Select Cask - Dramfolks Whisky Auction\",\"isPartOf\":{\"@id\":\"https:\\\/\\\/www.dramfolks-whisky-auction.com\\\/fr\\\/#website\"},\"primaryImageOfPage\":{\"@id\":\"https:\\\/\\\/www.dramfolks-whisky-auction.com\\\/fr\\\/product\\\/john-distilleries-paul-john-peated-select-cask\\\/#primaryimage\"},\"image\":{\"@id\":\"https:\\\/\\\/www.dramfolks-whisky-auction.com\\\/fr\\\/product\\\/john-distilleries-paul-john-peated-select-cask\\\/#primaryimage\"},\"thumbnailUrl\":\"https:\\\/\\\/www.dramfolks-whisky-auction.com\\\/wp-content\\\/uploads\\\/2024\\\/05\\\/Paul-John-vorne-scaled.jpg\",\"datePublished\":\"2024-05-29T14:29:32+00:00\",\"dateModified\":\"2024-06-16T17:15:06+00:00\",\"breadcrumb\":{\"@id\":\"https:\\\/\\\/www.dramfolks-whisky-auction.com\\\/fr\\\/product\\\/john-distilleries-paul-john-peated-select-cask\\\/#breadcrumb\"},\"inLanguage\":\"fr-FR\",\"potentialAction\":[{\"@type\":\"ReadAction\",\"target\":[\"https:\\\/\\\/www.dramfolks-whisky-auction.com\\\/fr\\\/product\\\/john-distilleries-paul-john-peated-select-cask\\\/\"]}]},{\"@type\":\"ImageObject\",\"inLanguage\":\"fr-FR\",\"@id\":\"https:\\\/\\\/www.dramfolks-whisky-auction.com\\\/fr\\\/product\\\/john-distilleries-paul-john-peated-select-cask\\\/#primaryimage\",\"url\":\"https:\\\/\\\/www.dramfolks-whisky-auction.com\\\/wp-content\\\/uploads\\\/2024\\\/05\\\/Paul-John-vorne-scaled.jpg\",\"contentUrl\":\"https:\\\/\\\/www.dramfolks-whisky-auction.com\\\/wp-content\\\/uploads\\\/2024\\\/05\\\/Paul-John-vorne-scaled.jpg\",\"width\":2560,\"height\":2560},{\"@type\":\"BreadcrumbList\",\"@id\":\"https:\\\/\\\/www.dramfolks-whisky-auction.com\\\/fr\\\/product\\\/john-distilleries-paul-john-peated-select-cask\\\/#breadcrumb\",\"itemListElement\":[{\"@type\":\"ListItem\",\"position\":1,\"name\":\"Startseite\",\"item\":\"https:\\\/\\\/www.dramfolks-whisky-auction.com\\\/fr\\\/\"},{\"@type\":\"ListItem\",\"position\":2,\"name\":\"Boutique\",\"item\":\"https:\\\/\\\/www.dramfolks-whisky-auction.com\\\/fr\\\/boutique\\\/\"},{\"@type\":\"ListItem\",\"position\":3,\"name\":\"John Distilleries &#8211; Paul John Peated Select Cask\"}]},{\"@type\":\"WebSite\",\"@id\":\"https:\\\/\\\/www.dramfolks-whisky-auction.com\\\/fr\\\/#website\",\"url\":\"https:\\\/\\\/www.dramfolks-whisky-auction.com\\\/fr\\\/\",\"name\":\"Dramfolks Whisky Auction\",\"description\":\"\",\"potentialAction\":[{\"@type\":\"SearchAction\",\"target\":{\"@type\":\"EntryPoint\",\"urlTemplate\":\"https:\\\/\\\/www.dramfolks-whisky-auction.com\\\/fr\\\/?s={search_term_string}\"},\"query-input\":{\"@type\":\"PropertyValueSpecification\",\"valueRequired\":true,\"valueName\":\"search_term_string\"}}],\"inLanguage\":\"fr-FR\"}]}<\/script>\n<!-- \/ Yoast SEO plugin. -->","yoast_head_json":{"title":"John Distilleries - Paul John Peated Select Cask - Dramfolks Whisky Auction","robots":{"index":"index","follow":"follow","max-snippet":"max-snippet:-1","max-image-preview":"max-image-preview:large","max-video-preview":"max-video-preview:-1"},"canonical":"https:\/\/www.dramfolks-whisky-auction.com\/fr\/product\/john-distilleries-paul-john-peated-select-cask\/","og_locale":"fr_FR","og_type":"article","og_title":"John Distilleries - Paul John Peated Select Cask - Dramfolks Whisky Auction","og_description":"Destille: John Distilleries John Distilleries Pvt Ltd ist ein indisches Unternehmen, das destillierte Getr\u00e4nke herstellt, und die Flaggschiffmarke des Unternehmens ist Original Choice Whisky. Es stellt auch Brandy, Whisky, Weine und den preisgekr\u00f6nten Single Malt Whisky namens Paul John her. Die Gr\u00fcnder haben 51 % des Unternehmens an die Sazerac Company verkauft. John Distilleries wurde[...]","og_url":"https:\/\/www.dramfolks-whisky-auction.com\/fr\/product\/john-distilleries-paul-john-peated-select-cask\/","og_site_name":"Dramfolks Whisky Auction","article_modified_time":"2024-06-16T17:15:06+00:00","og_image":[{"width":2560,"height":2560,"url":"https:\/\/www.dramfolks-whisky-auction.com\/wp-content\/uploads\/2024\/05\/Paul-John-vorne-scaled.jpg","type":"image\/jpeg"}],"twitter_card":"summary_large_image","twitter_misc":{"Dur\u00e9e de lecture estim\u00e9e":"4 minutes"},"schema":{"@context":"https:\/\/schema.org","@graph":[{"@type":"WebPage","@id":"https:\/\/www.dramfolks-whisky-auction.com\/fr\/product\/john-distilleries-paul-john-peated-select-cask\/","url":"https:\/\/www.dramfolks-whisky-auction.com\/fr\/product\/john-distilleries-paul-john-peated-select-cask\/","name":"John Distilleries - Paul John Peated Select Cask - Dramfolks Whisky Auction","isPartOf":{"@id":"https:\/\/www.dramfolks-whisky-auction.com\/fr\/#website"},"primaryImageOfPage":{"@id":"https:\/\/www.dramfolks-whisky-auction.com\/fr\/product\/john-distilleries-paul-john-peated-select-cask\/#primaryimage"},"image":{"@id":"https:\/\/www.dramfolks-whisky-auction.com\/fr\/product\/john-distilleries-paul-john-peated-select-cask\/#primaryimage"},"thumbnailUrl":"https:\/\/www.dramfolks-whisky-auction.com\/wp-content\/uploads\/2024\/05\/Paul-John-vorne-scaled.jpg","datePublished":"2024-05-29T14:29:32+00:00","dateModified":"2024-06-16T17:15:06+00:00","breadcrumb":{"@id":"https:\/\/www.dramfolks-whisky-auction.com\/fr\/product\/john-distilleries-paul-john-peated-select-cask\/#breadcrumb"},"inLanguage":"fr-FR","potentialAction":[{"@type":"ReadAction","target":["https:\/\/www.dramfolks-whisky-auction.com\/fr\/product\/john-distilleries-paul-john-peated-select-cask\/"]}]},{"@type":"ImageObject","inLanguage":"fr-FR","@id":"https:\/\/www.dramfolks-whisky-auction.com\/fr\/product\/john-distilleries-paul-john-peated-select-cask\/#primaryimage","url":"https:\/\/www.dramfolks-whisky-auction.com\/wp-content\/uploads\/2024\/05\/Paul-John-vorne-scaled.jpg","contentUrl":"https:\/\/www.dramfolks-whisky-auction.com\/wp-content\/uploads\/2024\/05\/Paul-John-vorne-scaled.jpg","width":2560,"height":2560},{"@type":"BreadcrumbList","@id":"https:\/\/www.dramfolks-whisky-auction.com\/fr\/product\/john-distilleries-paul-john-peated-select-cask\/#breadcrumb","itemListElement":[{"@type":"ListItem","position":1,"name":"Startseite","item":"https:\/\/www.dramfolks-whisky-auction.com\/fr\/"},{"@type":"ListItem","position":2,"name":"Boutique","item":"https:\/\/www.dramfolks-whisky-auction.com\/fr\/boutique\/"},{"@type":"ListItem","position":3,"name":"John Distilleries &#8211; Paul John Peated Select Cask"}]},{"@type":"WebSite","@id":"https:\/\/www.dramfolks-whisky-auction.com\/fr\/#website","url":"https:\/\/www.dramfolks-whisky-auction.com\/fr\/","name":"Dramfolks Whisky Auction","description":"","potentialAction":[{"@type":"SearchAction","target":{"@type":"EntryPoint","urlTemplate":"https:\/\/www.dramfolks-whisky-auction.com\/fr\/?s={search_term_string}"},"query-input":{"@type":"PropertyValueSpecification","valueRequired":true,"valueName":"search_term_string"}}],"inLanguage":"fr-FR"}]}},"_links":{"self":[{"href":"https:\/\/www.dramfolks-whisky-auction.com\/fr\/wp-json\/wp\/v2\/product\/48729","targetHints":{"allow":["GET"]}}],"collection":[{"href":"https:\/\/www.dramfolks-whisky-auction.com\/fr\/wp-json\/wp\/v2\/product"}],"about":[{"href":"https:\/\/www.dramfolks-whisky-auction.com\/fr\/wp-json\/wp\/v2\/types\/product"}],"replies":[{"embeddable":true,"href":"https:\/\/www.dramfolks-whisky-auction.com\/fr\/wp-json\/wp\/v2\/comments?post=48729"}],"wp:featuredmedia":[{"embeddable":true,"href":"https:\/\/www.dramfolks-whisky-auction.com\/fr\/wp-json\/wp\/v2\/media\/48730"}],"wp:attachment":[{"href":"https:\/\/www.dramfolks-whisky-auction.com\/fr\/wp-json\/wp\/v2\/media?parent=48729"}],"wp:term":[{"taxonomy":"product_brand","embeddable":true,"href":"https:\/\/www.dramfolks-whisky-auction.com\/fr\/wp-json\/wp\/v2\/product_brand?post=48729"},{"taxonomy":"product_cat","embeddable":true,"href":"https:\/\/www.dramfolks-whisky-auction.com\/fr\/wp-json\/wp\/v2\/product_cat?post=48729"},{"taxonomy":"product_tag","embeddable":true,"href":"https:\/\/www.dramfolks-whisky-auction.com\/fr\/wp-json\/wp\/v2\/product_tag?post=48729"}],"curies":[{"name":"wp","href":"https:\/\/api.w.org\/{rel}","templated":true}]}}