{"id":48720,"date":"2024-05-29T18:53:34","date_gmt":"2024-05-29T16:53:34","guid":{"rendered":"https:\/\/www.dramfolks-whisky-auction.com\/?post_type=product&#038;p=48720"},"modified":"2024-06-16T19:30:05","modified_gmt":"2024-06-16T17:30:05","slug":"ardbeg-heavy-vapours-7","status":"publish","type":"product","link":"https:\/\/www.dramfolks-whisky-auction.com\/fr\/product\/ardbeg-heavy-vapours-7\/","title":{"rendered":"Ardbeg &#8211; Heavy Vapours"},"content":{"rendered":"<p><strong>Destille: Ardbeg<\/strong><br \/>\n\u00ab\u00a0DER UNGEZ\u00c4HMTE GEIST VON ISLAY&#8230;\u00a0\u00bb trifft die Beschreibung von Ardbeg ganz gut. Ardbeg ist aktuell eine von insgesamt 9 Whiskydestillerien auf der Insel Islay in Schottland. Sie befindet sich am S\u00fcdufer der Insel, direkt neben Port Ellen und ist gegenw\u00e4rtig im Besitz von Mo\u00ebt Hennessy Louis Vuitton. Die Urspr\u00fcnge der Brennerei reichen bis in das Jahr 1794 zur\u00fcck. Zu dieser Zeit wurde Ardbeg von Schwarzbrennern und Schmugglern betrieben, bis diese die Produktion in der Illegalit\u00e4t nach einer Razzia der Zollfahndung aufgeben mussten. Aktuell hat Ardbeg ein Produktionsvolumen von ca. 2,4 Mio. Litern.<\/p>\n<p><strong>Fun fact:<\/strong> Anders als die meisten Destillerien, die eine Katze beherbergen, hatte die Brennerei einen Destilleriehund: Shortie, einen Jack Russell Terrier. Shortie ist aber inzwischen in seinem wohlverdienten Ruhestand.<\/p>\n<p><strong>Whisky\/Whiskey: Heavy Vapours<\/strong><br \/>\nWillkommen zur exklusiven Limited Edition des Ardbeg Heavy Vapours! Diese einzigartige Abf\u00fcllung wurde im Juni 2023 von der renommierten Islay Destillerie Ardbeg f\u00fcr das Islay Music and Malt Festival 2023 auf den Markt gebracht. Ardbeg Heavy Vapours ist eine ganz besondere Kreation, denn erstmals in der Geschichte von Ardbeg wurde auf einen Purifier bei der Destillation verzichtet. Normalerweise entfernt dieser Filter \u00fcber der Brennblase die schweren D\u00e4mpfe und sorgt f\u00fcr eine ausgewogene Balance zwischen torfigen und floralen Aromen. Dadurch entsteht ein Single Malt Whisky, der die rauchigen Aromen direkt in sich tr\u00e4gt und eine einzigartige Geschmackskombination bietet. Dieser exklusive Whisky wird mit einem Alkoholgehalt von 46% Vol. in einer 0,7-Liter-Flasche abgef\u00fcllt und in einem wundersch\u00f6n gestalteten Karton geliefert.<\/p>\n<p><strong>Info Qualit\u00e4t der Flasche:<\/strong> Exzellent &#8211; ohne Besch\u00e4digungen \/ <strong>F\u00fcllstand:<\/strong> Into neck<br \/>\n<strong>Info Qualit\u00e4t der Box:<\/strong> Exzellent &#8211; ohne Besch\u00e4digungen<\/p>\n<p><strong>Wichtiger Hinweis:<\/strong> Die Bewertung der Flaschen und Boxen erfolgt nach \u201ebesten Wissen und Gewissen\u201c. dramfolks kann keine Gew\u00e4hrleistung f\u00fcr den Inhalt der Flaschen \u00fcbernehmen. Weitere Infos &amp; Hinweise finden Sie in unseren AGBs. Wir empfehlen Ihnen, vor der Abgabe von Geboten \u00fcber die Zoomfunktion eine Besichtigung \/ genaue Pr\u00fcfung des angebotenen Whiskys vorzunehmen. Bitte kontaktieren sie uns bei Fragen direkt unter info@dramfolks.com<\/p>\n","protected":false},"excerpt":{"rendered":"<p>Destille: Ardbeg \u00ab\u00a0DER UNGEZ\u00c4HMTE GEIST VON ISLAY&#8230;\u00a0\u00bb trifft die Beschreibung von Ardbeg ganz gut. Ardbeg ist aktuell eine von insgesamt 9 Whiskydestillerien auf der Insel Islay in Schottland. Sie befindet sich am S\u00fcdufer der Insel, direkt neben Port Ellen und ist gegenw\u00e4rtig im Besitz von Mo\u00ebt Hennessy Louis Vuitton. Die Urspr\u00fcnge der Brennerei reichen bis[&#8230;]\n","protected":false},"featured_media":6245,"comment_status":"closed","ping_status":"closed","template":"","meta":[],"product_brand":[],"product_cat":[848],"product_tag":[],"class_list":{"0":"post-48720","1":"product","2":"type-product","3":"status-publish","4":"has-post-thumbnail","6":"product_cat-no-11","8":"first","9":"instock","10":"shipping-taxable","11":"purchasable","12":"product-type-auction"},"yoast_head":"<!-- This site is optimized with the Yoast SEO plugin v27.4 - https:\/\/yoast.com\/product\/yoast-seo-wordpress\/ -->\n<title>Ardbeg - Heavy Vapours - Dramfolks Whisky Auction<\/title>\n<meta name=\"robots\" content=\"index, follow, max-snippet:-1, max-image-preview:large, max-video-preview:-1\" \/>\n<link rel=\"canonical\" href=\"https:\/\/www.dramfolks-whisky-auction.com\/fr\/product\/ardbeg-heavy-vapours-7\/\" \/>\n<meta property=\"og:locale\" content=\"fr_FR\" \/>\n<meta property=\"og:type\" content=\"article\" \/>\n<meta property=\"og:title\" content=\"Ardbeg - Heavy Vapours - Dramfolks Whisky Auction\" \/>\n<meta property=\"og:description\" content=\"Destille: Ardbeg \u00ab\u00a0DER UNGEZ\u00c4HMTE GEIST VON ISLAY&#8230;\u00a0\u00bb trifft die Beschreibung von Ardbeg ganz gut. Ardbeg ist aktuell eine von insgesamt 9 Whiskydestillerien auf der Insel Islay in Schottland. Sie befindet sich am S\u00fcdufer der Insel, direkt neben Port Ellen und ist gegenw\u00e4rtig im Besitz von Mo\u00ebt Hennessy Louis Vuitton. Die Urspr\u00fcnge der Brennerei reichen bis[...]\" \/>\n<meta property=\"og:url\" content=\"https:\/\/www.dramfolks-whisky-auction.com\/fr\/product\/ardbeg-heavy-vapours-7\/\" \/>\n<meta property=\"og:site_name\" content=\"Dramfolks Whisky Auction\" \/>\n<meta property=\"article:modified_time\" content=\"2024-06-16T17:30:05+00:00\" \/>\n<meta property=\"og:image\" content=\"https:\/\/www.dramfolks-whisky-auction.com\/wp-content\/uploads\/2024\/04\/Ardbeg-Heavy-Vapours-vorne-scaled.jpg\" \/>\n\t<meta property=\"og:image:width\" content=\"2560\" \/>\n\t<meta property=\"og:image:height\" content=\"2560\" \/>\n\t<meta property=\"og:image:type\" content=\"image\/jpeg\" \/>\n<meta name=\"twitter:card\" content=\"summary_large_image\" \/>\n<meta name=\"twitter:label1\" content=\"Dur\u00e9e de lecture estim\u00e9e\" \/>\n\t<meta name=\"twitter:data1\" content=\"3 minutes\" \/>\n<script type=\"application\/ld+json\" class=\"yoast-schema-graph\">{\"@context\":\"https:\\\/\\\/schema.org\",\"@graph\":[{\"@type\":\"WebPage\",\"@id\":\"https:\\\/\\\/www.dramfolks-whisky-auction.com\\\/fr\\\/product\\\/ardbeg-heavy-vapours-7\\\/\",\"url\":\"https:\\\/\\\/www.dramfolks-whisky-auction.com\\\/fr\\\/product\\\/ardbeg-heavy-vapours-7\\\/\",\"name\":\"Ardbeg - Heavy Vapours - Dramfolks Whisky Auction\",\"isPartOf\":{\"@id\":\"https:\\\/\\\/www.dramfolks-whisky-auction.com\\\/fr\\\/#website\"},\"primaryImageOfPage\":{\"@id\":\"https:\\\/\\\/www.dramfolks-whisky-auction.com\\\/fr\\\/product\\\/ardbeg-heavy-vapours-7\\\/#primaryimage\"},\"image\":{\"@id\":\"https:\\\/\\\/www.dramfolks-whisky-auction.com\\\/fr\\\/product\\\/ardbeg-heavy-vapours-7\\\/#primaryimage\"},\"thumbnailUrl\":\"https:\\\/\\\/www.dramfolks-whisky-auction.com\\\/wp-content\\\/uploads\\\/2024\\\/04\\\/Ardbeg-Heavy-Vapours-vorne-scaled.jpg\",\"datePublished\":\"2024-05-29T16:53:34+00:00\",\"dateModified\":\"2024-06-16T17:30:05+00:00\",\"breadcrumb\":{\"@id\":\"https:\\\/\\\/www.dramfolks-whisky-auction.com\\\/fr\\\/product\\\/ardbeg-heavy-vapours-7\\\/#breadcrumb\"},\"inLanguage\":\"fr-FR\",\"potentialAction\":[{\"@type\":\"ReadAction\",\"target\":[\"https:\\\/\\\/www.dramfolks-whisky-auction.com\\\/fr\\\/product\\\/ardbeg-heavy-vapours-7\\\/\"]}]},{\"@type\":\"ImageObject\",\"inLanguage\":\"fr-FR\",\"@id\":\"https:\\\/\\\/www.dramfolks-whisky-auction.com\\\/fr\\\/product\\\/ardbeg-heavy-vapours-7\\\/#primaryimage\",\"url\":\"https:\\\/\\\/www.dramfolks-whisky-auction.com\\\/wp-content\\\/uploads\\\/2024\\\/04\\\/Ardbeg-Heavy-Vapours-vorne-scaled.jpg\",\"contentUrl\":\"https:\\\/\\\/www.dramfolks-whisky-auction.com\\\/wp-content\\\/uploads\\\/2024\\\/04\\\/Ardbeg-Heavy-Vapours-vorne-scaled.jpg\",\"width\":2560,\"height\":2560},{\"@type\":\"BreadcrumbList\",\"@id\":\"https:\\\/\\\/www.dramfolks-whisky-auction.com\\\/fr\\\/product\\\/ardbeg-heavy-vapours-7\\\/#breadcrumb\",\"itemListElement\":[{\"@type\":\"ListItem\",\"position\":1,\"name\":\"Startseite\",\"item\":\"https:\\\/\\\/www.dramfolks-whisky-auction.com\\\/fr\\\/\"},{\"@type\":\"ListItem\",\"position\":2,\"name\":\"Boutique\",\"item\":\"https:\\\/\\\/www.dramfolks-whisky-auction.com\\\/fr\\\/boutique\\\/\"},{\"@type\":\"ListItem\",\"position\":3,\"name\":\"Ardbeg &#8211; Heavy Vapours\"}]},{\"@type\":\"WebSite\",\"@id\":\"https:\\\/\\\/www.dramfolks-whisky-auction.com\\\/fr\\\/#website\",\"url\":\"https:\\\/\\\/www.dramfolks-whisky-auction.com\\\/fr\\\/\",\"name\":\"Dramfolks Whisky Auction\",\"description\":\"\",\"potentialAction\":[{\"@type\":\"SearchAction\",\"target\":{\"@type\":\"EntryPoint\",\"urlTemplate\":\"https:\\\/\\\/www.dramfolks-whisky-auction.com\\\/fr\\\/?s={search_term_string}\"},\"query-input\":{\"@type\":\"PropertyValueSpecification\",\"valueRequired\":true,\"valueName\":\"search_term_string\"}}],\"inLanguage\":\"fr-FR\"}]}<\/script>\n<!-- \/ Yoast SEO plugin. -->","yoast_head_json":{"title":"Ardbeg - Heavy Vapours - Dramfolks Whisky Auction","robots":{"index":"index","follow":"follow","max-snippet":"max-snippet:-1","max-image-preview":"max-image-preview:large","max-video-preview":"max-video-preview:-1"},"canonical":"https:\/\/www.dramfolks-whisky-auction.com\/fr\/product\/ardbeg-heavy-vapours-7\/","og_locale":"fr_FR","og_type":"article","og_title":"Ardbeg - Heavy Vapours - Dramfolks Whisky Auction","og_description":"Destille: Ardbeg \u00ab\u00a0DER UNGEZ\u00c4HMTE GEIST VON ISLAY&#8230;\u00a0\u00bb trifft die Beschreibung von Ardbeg ganz gut. Ardbeg ist aktuell eine von insgesamt 9 Whiskydestillerien auf der Insel Islay in Schottland. Sie befindet sich am S\u00fcdufer der Insel, direkt neben Port Ellen und ist gegenw\u00e4rtig im Besitz von Mo\u00ebt Hennessy Louis Vuitton. Die Urspr\u00fcnge der Brennerei reichen bis[...]","og_url":"https:\/\/www.dramfolks-whisky-auction.com\/fr\/product\/ardbeg-heavy-vapours-7\/","og_site_name":"Dramfolks Whisky Auction","article_modified_time":"2024-06-16T17:30:05+00:00","og_image":[{"width":2560,"height":2560,"url":"https:\/\/www.dramfolks-whisky-auction.com\/wp-content\/uploads\/2024\/04\/Ardbeg-Heavy-Vapours-vorne-scaled.jpg","type":"image\/jpeg"}],"twitter_card":"summary_large_image","twitter_misc":{"Dur\u00e9e de lecture estim\u00e9e":"3 minutes"},"schema":{"@context":"https:\/\/schema.org","@graph":[{"@type":"WebPage","@id":"https:\/\/www.dramfolks-whisky-auction.com\/fr\/product\/ardbeg-heavy-vapours-7\/","url":"https:\/\/www.dramfolks-whisky-auction.com\/fr\/product\/ardbeg-heavy-vapours-7\/","name":"Ardbeg - Heavy Vapours - Dramfolks Whisky Auction","isPartOf":{"@id":"https:\/\/www.dramfolks-whisky-auction.com\/fr\/#website"},"primaryImageOfPage":{"@id":"https:\/\/www.dramfolks-whisky-auction.com\/fr\/product\/ardbeg-heavy-vapours-7\/#primaryimage"},"image":{"@id":"https:\/\/www.dramfolks-whisky-auction.com\/fr\/product\/ardbeg-heavy-vapours-7\/#primaryimage"},"thumbnailUrl":"https:\/\/www.dramfolks-whisky-auction.com\/wp-content\/uploads\/2024\/04\/Ardbeg-Heavy-Vapours-vorne-scaled.jpg","datePublished":"2024-05-29T16:53:34+00:00","dateModified":"2024-06-16T17:30:05+00:00","breadcrumb":{"@id":"https:\/\/www.dramfolks-whisky-auction.com\/fr\/product\/ardbeg-heavy-vapours-7\/#breadcrumb"},"inLanguage":"fr-FR","potentialAction":[{"@type":"ReadAction","target":["https:\/\/www.dramfolks-whisky-auction.com\/fr\/product\/ardbeg-heavy-vapours-7\/"]}]},{"@type":"ImageObject","inLanguage":"fr-FR","@id":"https:\/\/www.dramfolks-whisky-auction.com\/fr\/product\/ardbeg-heavy-vapours-7\/#primaryimage","url":"https:\/\/www.dramfolks-whisky-auction.com\/wp-content\/uploads\/2024\/04\/Ardbeg-Heavy-Vapours-vorne-scaled.jpg","contentUrl":"https:\/\/www.dramfolks-whisky-auction.com\/wp-content\/uploads\/2024\/04\/Ardbeg-Heavy-Vapours-vorne-scaled.jpg","width":2560,"height":2560},{"@type":"BreadcrumbList","@id":"https:\/\/www.dramfolks-whisky-auction.com\/fr\/product\/ardbeg-heavy-vapours-7\/#breadcrumb","itemListElement":[{"@type":"ListItem","position":1,"name":"Startseite","item":"https:\/\/www.dramfolks-whisky-auction.com\/fr\/"},{"@type":"ListItem","position":2,"name":"Boutique","item":"https:\/\/www.dramfolks-whisky-auction.com\/fr\/boutique\/"},{"@type":"ListItem","position":3,"name":"Ardbeg &#8211; Heavy Vapours"}]},{"@type":"WebSite","@id":"https:\/\/www.dramfolks-whisky-auction.com\/fr\/#website","url":"https:\/\/www.dramfolks-whisky-auction.com\/fr\/","name":"Dramfolks Whisky Auction","description":"","potentialAction":[{"@type":"SearchAction","target":{"@type":"EntryPoint","urlTemplate":"https:\/\/www.dramfolks-whisky-auction.com\/fr\/?s={search_term_string}"},"query-input":{"@type":"PropertyValueSpecification","valueRequired":true,"valueName":"search_term_string"}}],"inLanguage":"fr-FR"}]}},"_links":{"self":[{"href":"https:\/\/www.dramfolks-whisky-auction.com\/fr\/wp-json\/wp\/v2\/product\/48720","targetHints":{"allow":["GET"]}}],"collection":[{"href":"https:\/\/www.dramfolks-whisky-auction.com\/fr\/wp-json\/wp\/v2\/product"}],"about":[{"href":"https:\/\/www.dramfolks-whisky-auction.com\/fr\/wp-json\/wp\/v2\/types\/product"}],"replies":[{"embeddable":true,"href":"https:\/\/www.dramfolks-whisky-auction.com\/fr\/wp-json\/wp\/v2\/comments?post=48720"}],"wp:featuredmedia":[{"embeddable":true,"href":"https:\/\/www.dramfolks-whisky-auction.com\/fr\/wp-json\/wp\/v2\/media\/6245"}],"wp:attachment":[{"href":"https:\/\/www.dramfolks-whisky-auction.com\/fr\/wp-json\/wp\/v2\/media?parent=48720"}],"wp:term":[{"taxonomy":"product_brand","embeddable":true,"href":"https:\/\/www.dramfolks-whisky-auction.com\/fr\/wp-json\/wp\/v2\/product_brand?post=48720"},{"taxonomy":"product_cat","embeddable":true,"href":"https:\/\/www.dramfolks-whisky-auction.com\/fr\/wp-json\/wp\/v2\/product_cat?post=48720"},{"taxonomy":"product_tag","embeddable":true,"href":"https:\/\/www.dramfolks-whisky-auction.com\/fr\/wp-json\/wp\/v2\/product_tag?post=48720"}],"curies":[{"name":"wp","href":"https:\/\/api.w.org\/{rel}","templated":true}]}}