{"id":48716,"date":"2024-05-29T18:53:35","date_gmt":"2024-05-29T16:53:35","guid":{"rendered":"https:\/\/www.dramfolks-whisky-auction.com\/?post_type=product&#038;p=48716"},"modified":"2024-06-16T19:45:04","modified_gmt":"2024-06-16T17:45:04","slug":"turntable-x-starward-2023-collaboration-drop-01-4","status":"publish","type":"product","link":"https:\/\/www.dramfolks-whisky-auction.com\/fr\/product\/turntable-x-starward-2023-collaboration-drop-01-4\/","title":{"rendered":"Turntable x Starward 2023 \u2013 Collaboration Drop 01"},"content":{"rendered":"<p><strong>Destille: Diverse<br \/>\n<\/strong>Dieser Blend kommt aus 4 verschiedenen Destillerien&#8230; Caol Ila, North British, Inchgower und Starward.<\/p>\n<p><strong>Fun Fakt:<\/strong> &#8211;<\/p>\n<p><strong>Whisky\/Whiskey: Turntable x Starward 2023 \u2013 Collaboration Drop 01<\/strong><br \/>\nTurntable ist der neue Stern am Blended-Whisky-Himmel &amp; Starward f\u00fchrt Whisky zu neuen Horizonten. Jetzt treffen sich das innovative schottische Blending House und die progressive australische Brennerei auf einem Breitengrad am Strand: Turntable x Starward \u2013 Collaboration Drop 01 ist die erste Abf\u00fcllung der neuen Reihe Collaborations.<br \/>\nDer untersch\u00e4tzten Kategorie der Blended Whiskys mit Perfektionismus und Transparenz eine starke Stimme zu verleihen ist Turntables Mission. Immer mit dem Ziel, einen harmonischen Mix zu komponieren, der mit konventionellen Erwartungen bricht. Daf\u00fcr blickt das von Alasdair \u201eAlly\u201c und Gordon Stevenson gegr\u00fcndete Unternehmen auch \u00fcber den schottischen Brennerei-Horizont hinaus &#8211; zum Beispiel nach Australien.<br \/>\nGemeinsam mit Starward entstand so ein Blended Whisky, der den Charakter des typisch im Rotweinfass gereiften Australian Single Malts aus Melbourne unterstreicht und zugleich in neue Dimensionen f\u00fchrt. Dies gelingt durch die Kombination mit maritimem Islay-Rauch von Caol Ila, \u00e4lterem Grain Whisky von North British sowie mineralischem Speyside Single Malt von Inchgower. Das Resultat vereint Lagerfeuerrauch in einer Meeresbrise mit Noten von roten Beeren, den Gew\u00fcrzen von Zigarrenkisten und Kokosnuss. Auch im Design kommen zwei Welten zusammen. Die gl\u00e4nzende Vereinigung wird durch Leuchttinte auf dem Etikett hervorgehoben.<\/p>\n<p><strong>Side Note zum Abf\u00fcller: Turntable Spirits<\/strong><br \/>\nVon den Br\u00fcdern Ally und Gordon Stevenson kommt eine neue Marke von Blended Scotch Whiskys: Turntable. Mit dem Ziel, ihre 20+ Jahre Erfahrung zu nutzen und dazu beizutragen, den Reiz der Kunst des Mischens zu erweitern und zu vertiefen, ist die Kollektion 2023 die erste Ver\u00f6ffentlichung in limitierter Auflage und enth\u00e4lt drei gemischte Whiskys, von denen jeder einen anderen \u00ab\u00a0Track\u00a0\u00bb hat (Turntable ist eine Musikreferenz, falls Sie das nicht verstanden haben). Jeder Whisky reift mindestens drei Monate, bevor er in Flaschen abgef\u00fcllt wird, und ist nicht k\u00e4ltegefiltert und hat eine nat\u00fcrliche Farbe, sowie meist einen Alkoholgehalt von 46 %.<\/p>\n<p><strong>Info Qualit\u00e4t der Flasche:<\/strong> Exzellent ohne Besch\u00e4digungen \/ <strong>F\u00fcllstand:<\/strong> Into neck<br \/>\n<strong>Info Qualit\u00e4t der Box: <\/strong>Exzellent &#8211; ohne Besch\u00e4digungen<\/p>\n<p><strong>Wichtiger Hinweis:<\/strong> Die Bewertung der Flaschen und Boxen erfolgt nach \u201ebesten Wissen und Gewissen\u201c. dramfolks kann keine Gew\u00e4hrleistung f\u00fcr den Inhalt der Flaschen \u00fcbernehmen. Weitere Infos &amp; Hinweise finden Sie in unseren AGBs. Wir empfehlen Ihnen, vor der Abgabe von Geboten \u00fcber die Zoomfunktion eine Besichtigung \/ genaue Pr\u00fcfung des angebotenen Whiskys vorzunehmen. Bitte kontaktieren sie uns bei Fragen direkt unter info@dramfolks.com<\/p>\n","protected":false},"excerpt":{"rendered":"<p>Destille: Diverse Dieser Blend kommt aus 4 verschiedenen Destillerien&#8230; Caol Ila, North British, Inchgower und Starward. Fun Fakt: &#8211; Whisky\/Whiskey: Turntable x Starward 2023 \u2013 Collaboration Drop 01 Turntable ist der neue Stern am Blended-Whisky-Himmel &amp; Starward f\u00fchrt Whisky zu neuen Horizonten. Jetzt treffen sich das innovative schottische Blending House und die progressive australische Brennerei[&#8230;]\n","protected":false},"featured_media":5516,"comment_status":"closed","ping_status":"closed","template":"","meta":[],"product_brand":[],"product_cat":[848],"product_tag":[],"class_list":{"0":"post-48716","1":"product","2":"type-product","3":"status-publish","4":"has-post-thumbnail","6":"product_cat-no-11","8":"first","9":"instock","10":"shipping-taxable","11":"purchasable","12":"product-type-auction"},"yoast_head":"<!-- This site is optimized with the Yoast SEO plugin v27.0 - https:\/\/yoast.com\/product\/yoast-seo-wordpress\/ -->\n<title>Turntable x Starward 2023 \u2013 Collaboration Drop 01 - Dramfolks Whisky Auction<\/title>\n<meta name=\"robots\" content=\"index, follow, max-snippet:-1, max-image-preview:large, max-video-preview:-1\" \/>\n<link rel=\"canonical\" href=\"https:\/\/www.dramfolks-whisky-auction.com\/fr\/product\/turntable-x-starward-2023-collaboration-drop-01-4\/\" \/>\n<meta property=\"og:locale\" content=\"fr_FR\" \/>\n<meta property=\"og:type\" content=\"article\" \/>\n<meta property=\"og:title\" content=\"Turntable x Starward 2023 \u2013 Collaboration Drop 01 - Dramfolks Whisky Auction\" \/>\n<meta property=\"og:description\" content=\"Destille: Diverse Dieser Blend kommt aus 4 verschiedenen Destillerien&#8230; Caol Ila, North British, Inchgower und Starward. Fun Fakt: &#8211; Whisky\/Whiskey: Turntable x Starward 2023 \u2013 Collaboration Drop 01 Turntable ist der neue Stern am Blended-Whisky-Himmel &amp; Starward f\u00fchrt Whisky zu neuen Horizonten. Jetzt treffen sich das innovative schottische Blending House und die progressive australische Brennerei[...]\" \/>\n<meta property=\"og:url\" content=\"https:\/\/www.dramfolks-whisky-auction.com\/fr\/product\/turntable-x-starward-2023-collaboration-drop-01-4\/\" \/>\n<meta property=\"og:site_name\" content=\"Dramfolks Whisky Auction\" \/>\n<meta property=\"article:modified_time\" content=\"2024-06-16T17:45:04+00:00\" \/>\n<meta property=\"og:image\" content=\"https:\/\/www.dramfolks-whisky-auction.com\/wp-content\/uploads\/2024\/02\/Turntable-vorne-scaled.jpg\" \/>\n\t<meta property=\"og:image:width\" content=\"2560\" \/>\n\t<meta property=\"og:image:height\" content=\"2560\" \/>\n\t<meta property=\"og:image:type\" content=\"image\/jpeg\" \/>\n<meta name=\"twitter:card\" content=\"summary_large_image\" \/>\n<meta name=\"twitter:label1\" content=\"Dur\u00e9e de lecture estim\u00e9e\" \/>\n\t<meta name=\"twitter:data1\" content=\"3 minutes\" \/>\n<script type=\"application\/ld+json\" class=\"yoast-schema-graph\">{\"@context\":\"https:\/\/schema.org\",\"@graph\":[{\"@type\":\"WebPage\",\"@id\":\"https:\/\/www.dramfolks-whisky-auction.com\/fr\/product\/turntable-x-starward-2023-collaboration-drop-01-4\/\",\"url\":\"https:\/\/www.dramfolks-whisky-auction.com\/fr\/product\/turntable-x-starward-2023-collaboration-drop-01-4\/\",\"name\":\"Turntable x Starward 2023 \u2013 Collaboration Drop 01 - Dramfolks Whisky Auction\",\"isPartOf\":{\"@id\":\"https:\/\/www.dramfolks-whisky-auction.com\/fr\/#website\"},\"primaryImageOfPage\":{\"@id\":\"https:\/\/www.dramfolks-whisky-auction.com\/fr\/product\/turntable-x-starward-2023-collaboration-drop-01-4\/#primaryimage\"},\"image\":{\"@id\":\"https:\/\/www.dramfolks-whisky-auction.com\/fr\/product\/turntable-x-starward-2023-collaboration-drop-01-4\/#primaryimage\"},\"thumbnailUrl\":\"https:\/\/www.dramfolks-whisky-auction.com\/wp-content\/uploads\/2024\/02\/Turntable-vorne-scaled.jpg\",\"datePublished\":\"2024-05-29T16:53:35+00:00\",\"dateModified\":\"2024-06-16T17:45:04+00:00\",\"breadcrumb\":{\"@id\":\"https:\/\/www.dramfolks-whisky-auction.com\/fr\/product\/turntable-x-starward-2023-collaboration-drop-01-4\/#breadcrumb\"},\"inLanguage\":\"fr-FR\",\"potentialAction\":[{\"@type\":\"ReadAction\",\"target\":[\"https:\/\/www.dramfolks-whisky-auction.com\/fr\/product\/turntable-x-starward-2023-collaboration-drop-01-4\/\"]}]},{\"@type\":\"ImageObject\",\"inLanguage\":\"fr-FR\",\"@id\":\"https:\/\/www.dramfolks-whisky-auction.com\/fr\/product\/turntable-x-starward-2023-collaboration-drop-01-4\/#primaryimage\",\"url\":\"https:\/\/www.dramfolks-whisky-auction.com\/wp-content\/uploads\/2024\/02\/Turntable-vorne-scaled.jpg\",\"contentUrl\":\"https:\/\/www.dramfolks-whisky-auction.com\/wp-content\/uploads\/2024\/02\/Turntable-vorne-scaled.jpg\",\"width\":2560,\"height\":2560},{\"@type\":\"BreadcrumbList\",\"@id\":\"https:\/\/www.dramfolks-whisky-auction.com\/fr\/product\/turntable-x-starward-2023-collaboration-drop-01-4\/#breadcrumb\",\"itemListElement\":[{\"@type\":\"ListItem\",\"position\":1,\"name\":\"Startseite\",\"item\":\"https:\/\/www.dramfolks-whisky-auction.com\/fr\/\"},{\"@type\":\"ListItem\",\"position\":2,\"name\":\"Boutique\",\"item\":\"https:\/\/www.dramfolks-whisky-auction.com\/fr\/boutique\/\"},{\"@type\":\"ListItem\",\"position\":3,\"name\":\"Turntable x Starward 2023 \u2013 Collaboration Drop 01\"}]},{\"@type\":\"WebSite\",\"@id\":\"https:\/\/www.dramfolks-whisky-auction.com\/fr\/#website\",\"url\":\"https:\/\/www.dramfolks-whisky-auction.com\/fr\/\",\"name\":\"Dramfolks Whisky Auction\",\"description\":\"\",\"potentialAction\":[{\"@type\":\"SearchAction\",\"target\":{\"@type\":\"EntryPoint\",\"urlTemplate\":\"https:\/\/www.dramfolks-whisky-auction.com\/fr\/?s={search_term_string}\"},\"query-input\":{\"@type\":\"PropertyValueSpecification\",\"valueRequired\":true,\"valueName\":\"search_term_string\"}}],\"inLanguage\":\"fr-FR\"}]}<\/script>\n<!-- \/ Yoast SEO plugin. -->","yoast_head_json":{"title":"Turntable x Starward 2023 \u2013 Collaboration Drop 01 - Dramfolks Whisky Auction","robots":{"index":"index","follow":"follow","max-snippet":"max-snippet:-1","max-image-preview":"max-image-preview:large","max-video-preview":"max-video-preview:-1"},"canonical":"https:\/\/www.dramfolks-whisky-auction.com\/fr\/product\/turntable-x-starward-2023-collaboration-drop-01-4\/","og_locale":"fr_FR","og_type":"article","og_title":"Turntable x Starward 2023 \u2013 Collaboration Drop 01 - Dramfolks Whisky Auction","og_description":"Destille: Diverse Dieser Blend kommt aus 4 verschiedenen Destillerien&#8230; Caol Ila, North British, Inchgower und Starward. Fun Fakt: &#8211; Whisky\/Whiskey: Turntable x Starward 2023 \u2013 Collaboration Drop 01 Turntable ist der neue Stern am Blended-Whisky-Himmel &amp; Starward f\u00fchrt Whisky zu neuen Horizonten. Jetzt treffen sich das innovative schottische Blending House und die progressive australische Brennerei[...]","og_url":"https:\/\/www.dramfolks-whisky-auction.com\/fr\/product\/turntable-x-starward-2023-collaboration-drop-01-4\/","og_site_name":"Dramfolks Whisky Auction","article_modified_time":"2024-06-16T17:45:04+00:00","og_image":[{"width":2560,"height":2560,"url":"https:\/\/www.dramfolks-whisky-auction.com\/wp-content\/uploads\/2024\/02\/Turntable-vorne-scaled.jpg","type":"image\/jpeg"}],"twitter_card":"summary_large_image","twitter_misc":{"Dur\u00e9e de lecture estim\u00e9e":"3 minutes"},"schema":{"@context":"https:\/\/schema.org","@graph":[{"@type":"WebPage","@id":"https:\/\/www.dramfolks-whisky-auction.com\/fr\/product\/turntable-x-starward-2023-collaboration-drop-01-4\/","url":"https:\/\/www.dramfolks-whisky-auction.com\/fr\/product\/turntable-x-starward-2023-collaboration-drop-01-4\/","name":"Turntable x Starward 2023 \u2013 Collaboration Drop 01 - Dramfolks Whisky Auction","isPartOf":{"@id":"https:\/\/www.dramfolks-whisky-auction.com\/fr\/#website"},"primaryImageOfPage":{"@id":"https:\/\/www.dramfolks-whisky-auction.com\/fr\/product\/turntable-x-starward-2023-collaboration-drop-01-4\/#primaryimage"},"image":{"@id":"https:\/\/www.dramfolks-whisky-auction.com\/fr\/product\/turntable-x-starward-2023-collaboration-drop-01-4\/#primaryimage"},"thumbnailUrl":"https:\/\/www.dramfolks-whisky-auction.com\/wp-content\/uploads\/2024\/02\/Turntable-vorne-scaled.jpg","datePublished":"2024-05-29T16:53:35+00:00","dateModified":"2024-06-16T17:45:04+00:00","breadcrumb":{"@id":"https:\/\/www.dramfolks-whisky-auction.com\/fr\/product\/turntable-x-starward-2023-collaboration-drop-01-4\/#breadcrumb"},"inLanguage":"fr-FR","potentialAction":[{"@type":"ReadAction","target":["https:\/\/www.dramfolks-whisky-auction.com\/fr\/product\/turntable-x-starward-2023-collaboration-drop-01-4\/"]}]},{"@type":"ImageObject","inLanguage":"fr-FR","@id":"https:\/\/www.dramfolks-whisky-auction.com\/fr\/product\/turntable-x-starward-2023-collaboration-drop-01-4\/#primaryimage","url":"https:\/\/www.dramfolks-whisky-auction.com\/wp-content\/uploads\/2024\/02\/Turntable-vorne-scaled.jpg","contentUrl":"https:\/\/www.dramfolks-whisky-auction.com\/wp-content\/uploads\/2024\/02\/Turntable-vorne-scaled.jpg","width":2560,"height":2560},{"@type":"BreadcrumbList","@id":"https:\/\/www.dramfolks-whisky-auction.com\/fr\/product\/turntable-x-starward-2023-collaboration-drop-01-4\/#breadcrumb","itemListElement":[{"@type":"ListItem","position":1,"name":"Startseite","item":"https:\/\/www.dramfolks-whisky-auction.com\/fr\/"},{"@type":"ListItem","position":2,"name":"Boutique","item":"https:\/\/www.dramfolks-whisky-auction.com\/fr\/boutique\/"},{"@type":"ListItem","position":3,"name":"Turntable x Starward 2023 \u2013 Collaboration Drop 01"}]},{"@type":"WebSite","@id":"https:\/\/www.dramfolks-whisky-auction.com\/fr\/#website","url":"https:\/\/www.dramfolks-whisky-auction.com\/fr\/","name":"Dramfolks Whisky Auction","description":"","potentialAction":[{"@type":"SearchAction","target":{"@type":"EntryPoint","urlTemplate":"https:\/\/www.dramfolks-whisky-auction.com\/fr\/?s={search_term_string}"},"query-input":{"@type":"PropertyValueSpecification","valueRequired":true,"valueName":"search_term_string"}}],"inLanguage":"fr-FR"}]}},"_links":{"self":[{"href":"https:\/\/www.dramfolks-whisky-auction.com\/fr\/wp-json\/wp\/v2\/product\/48716","targetHints":{"allow":["GET"]}}],"collection":[{"href":"https:\/\/www.dramfolks-whisky-auction.com\/fr\/wp-json\/wp\/v2\/product"}],"about":[{"href":"https:\/\/www.dramfolks-whisky-auction.com\/fr\/wp-json\/wp\/v2\/types\/product"}],"replies":[{"embeddable":true,"href":"https:\/\/www.dramfolks-whisky-auction.com\/fr\/wp-json\/wp\/v2\/comments?post=48716"}],"wp:featuredmedia":[{"embeddable":true,"href":"https:\/\/www.dramfolks-whisky-auction.com\/fr\/wp-json\/wp\/v2\/media\/5516"}],"wp:attachment":[{"href":"https:\/\/www.dramfolks-whisky-auction.com\/fr\/wp-json\/wp\/v2\/media?parent=48716"}],"wp:term":[{"taxonomy":"product_brand","embeddable":true,"href":"https:\/\/www.dramfolks-whisky-auction.com\/fr\/wp-json\/wp\/v2\/product_brand?post=48716"},{"taxonomy":"product_cat","embeddable":true,"href":"https:\/\/www.dramfolks-whisky-auction.com\/fr\/wp-json\/wp\/v2\/product_cat?post=48716"},{"taxonomy":"product_tag","embeddable":true,"href":"https:\/\/www.dramfolks-whisky-auction.com\/fr\/wp-json\/wp\/v2\/product_tag?post=48716"}],"curies":[{"name":"wp","href":"https:\/\/api.w.org\/{rel}","templated":true}]}}