{"id":48715,"date":"2024-05-29T18:53:35","date_gmt":"2024-05-29T16:53:35","guid":{"rendered":"https:\/\/www.dramfolks-whisky-auction.com\/?post_type=product&#038;p=48715"},"modified":"2024-06-16T19:30:04","modified_gmt":"2024-06-16T17:30:04","slug":"bimber-distillery-germany-edition-2023-peated-4","status":"publish","type":"product","link":"https:\/\/www.dramfolks-whisky-auction.com\/fr\/product\/bimber-distillery-germany-edition-2023-peated-4\/","title":{"rendered":"Bimber Distillery &#8211; Germany Edition 2023 Peated"},"content":{"rendered":"<p><strong>Destille: Bimber Distillery<br \/>\n<\/strong>Die Bimber Distillery wurde von Whiskyliebhabern mit der Mission gegr\u00fcndet, hochwertigen Single Malt mit Charakter herzustellen und dabei traditionelle Methoden anzuwenden. Nachdem 2019 der erste Single Malt ver\u00f6ffentlicht wurde, war die limitierte Auflage von 1000 Flaschen innerhalb von drei Stunden ausverkauft. Die Destillerie aus der britischen Metropole geht ihren eigenen Weg \u2013 und zwar ziemlich erfolgreich. Die Craft Distillery setzt vollst\u00e4ndig auf traditionelle Methoden und lokale Produkte: Die Gerste f\u00fcr den Single Malt London Whisky stammt von einer einzigen Farm aus Hampshire, wird klassisch auf dem Malzboden gem\u00e4lzt und fermentiert mit sieben Tagen mehr als doppelt so lang wie \u00fcblich in Washbacks aus der hauseigenen K\u00fcferei.<\/p>\n<p><strong>Fun Fakt:<\/strong> Der Mitbegr\u00fcnder Dariusz Plazewski der Bimber Distillery gr\u00fcndete im Jahr 2022 auch die Dunphail Distillery in Schottland! Er ging diesen Weg von London um in Dunphail ausschlie\u00dflich Whisky herzustellen und keine anderen Br\u00e4nde.<\/p>\n<p><strong>Whisky\/Whiskey: Germany Edition 2023 Peated<br \/>\n<\/strong>Aus der Bimber Distillery haben im Jahre 2023 zwei Single Cask Bottlings exklusiv ihren Weg nach Deutschland gefunden. Es handelt es sich um Single Malt Whisky aus zwei schwesterlichen Ex-Pedro-Xim\u00e9nez-Sherry-Casks, allerdings ist der eine ungetorft und der andere getorft. Es handelt sich hier um den getorften Bimber Single Cask Whisky, \u00fcber Kirsch Import ver\u00f6ffentlicht. Er ist nur auf dem deutschen Markt erh\u00e4ltlich und hat seine Fassreife vollst\u00e4ndig im Pedro Xim\u00e9nez Sherry Cask verbracht. Es handelt sich um Flasche Nr. 13 von 283 aus dem Sherryfass mit der Fassnummer 458. Als Cask Strength Whisky \u00fcberzeugt die Germany Edition 2023 mit kr\u00e4ftigen 59,2%. Der getorfte Single Malt wird als rauchig-fruchtig beschrieben.<\/p>\n<p><strong>Info Qualit\u00e4t der Flasche:<\/strong> Exzellent ohne Besch\u00e4digungen \/ <strong>F\u00fcllstand:<\/strong> High fill<br \/>\n<strong>Info Qualit\u00e4t der Box: <\/strong>Exzellent &#8211; ohne Besch\u00e4digungen<\/p>\n<p><strong>Wichtiger Hinweis:<\/strong> Die Bewertung der Flaschen und Boxen erfolgt nach \u201ebesten Wissen und Gewissen\u201c. dramfolks kann keine Gew\u00e4hrleistung f\u00fcr den Inhalt der Flaschen \u00fcbernehmen. Weitere Infos &amp; Hinweise finden Sie in unseren AGBs. Wir empfehlen Ihnen, vor der Abgabe von Geboten \u00fcber die Zoomfunktion eine Besichtigung \/ genaue Pr\u00fcfung des angebotenen Whiskys vorzunehmen. Bitte kontaktieren sie uns bei Fragen direkt unter info@dramfolks.com<\/p>\n","protected":false},"excerpt":{"rendered":"<p>Destille: Bimber Distillery Die Bimber Distillery wurde von Whiskyliebhabern mit der Mission gegr\u00fcndet, hochwertigen Single Malt mit Charakter herzustellen und dabei traditionelle Methoden anzuwenden. Nachdem 2019 der erste Single Malt ver\u00f6ffentlicht wurde, war die limitierte Auflage von 1000 Flaschen innerhalb von drei Stunden ausverkauft. Die Destillerie aus der britischen Metropole geht ihren eigenen Weg \u2013[&#8230;]\n","protected":false},"featured_media":5509,"comment_status":"closed","ping_status":"closed","template":"","meta":[],"product_brand":[],"product_cat":[848],"product_tag":[],"class_list":{"0":"post-48715","1":"product","2":"type-product","3":"status-publish","4":"has-post-thumbnail","6":"product_cat-no-11","8":"first","9":"instock","10":"shipping-taxable","11":"purchasable","12":"product-type-auction"},"yoast_head":"<!-- This site is optimized with the Yoast SEO plugin v27.4 - https:\/\/yoast.com\/product\/yoast-seo-wordpress\/ -->\n<title>Bimber Distillery - Germany Edition 2023 Peated - Dramfolks Whisky Auction<\/title>\n<meta name=\"robots\" content=\"index, follow, max-snippet:-1, max-image-preview:large, max-video-preview:-1\" \/>\n<link rel=\"canonical\" href=\"https:\/\/www.dramfolks-whisky-auction.com\/fr\/product\/bimber-distillery-germany-edition-2023-peated-4\/\" \/>\n<meta property=\"og:locale\" content=\"fr_FR\" \/>\n<meta property=\"og:type\" content=\"article\" \/>\n<meta property=\"og:title\" content=\"Bimber Distillery - Germany Edition 2023 Peated - Dramfolks Whisky Auction\" \/>\n<meta property=\"og:description\" content=\"Destille: Bimber Distillery Die Bimber Distillery wurde von Whiskyliebhabern mit der Mission gegr\u00fcndet, hochwertigen Single Malt mit Charakter herzustellen und dabei traditionelle Methoden anzuwenden. Nachdem 2019 der erste Single Malt ver\u00f6ffentlicht wurde, war die limitierte Auflage von 1000 Flaschen innerhalb von drei Stunden ausverkauft. Die Destillerie aus der britischen Metropole geht ihren eigenen Weg \u2013[...]\" \/>\n<meta property=\"og:url\" content=\"https:\/\/www.dramfolks-whisky-auction.com\/fr\/product\/bimber-distillery-germany-edition-2023-peated-4\/\" \/>\n<meta property=\"og:site_name\" content=\"Dramfolks Whisky Auction\" \/>\n<meta property=\"article:modified_time\" content=\"2024-06-16T17:30:04+00:00\" \/>\n<meta property=\"og:image\" content=\"https:\/\/www.dramfolks-whisky-auction.com\/wp-content\/uploads\/2024\/02\/Bimber-vorne-scaled.jpg\" \/>\n\t<meta property=\"og:image:width\" content=\"2560\" \/>\n\t<meta property=\"og:image:height\" content=\"2560\" \/>\n\t<meta property=\"og:image:type\" content=\"image\/jpeg\" \/>\n<meta name=\"twitter:card\" content=\"summary_large_image\" \/>\n<meta name=\"twitter:label1\" content=\"Dur\u00e9e de lecture estim\u00e9e\" \/>\n\t<meta name=\"twitter:data1\" content=\"3 minutes\" \/>\n<script type=\"application\/ld+json\" class=\"yoast-schema-graph\">{\"@context\":\"https:\\\/\\\/schema.org\",\"@graph\":[{\"@type\":\"WebPage\",\"@id\":\"https:\\\/\\\/www.dramfolks-whisky-auction.com\\\/fr\\\/product\\\/bimber-distillery-germany-edition-2023-peated-4\\\/\",\"url\":\"https:\\\/\\\/www.dramfolks-whisky-auction.com\\\/fr\\\/product\\\/bimber-distillery-germany-edition-2023-peated-4\\\/\",\"name\":\"Bimber Distillery - Germany Edition 2023 Peated - Dramfolks Whisky Auction\",\"isPartOf\":{\"@id\":\"https:\\\/\\\/www.dramfolks-whisky-auction.com\\\/fr\\\/#website\"},\"primaryImageOfPage\":{\"@id\":\"https:\\\/\\\/www.dramfolks-whisky-auction.com\\\/fr\\\/product\\\/bimber-distillery-germany-edition-2023-peated-4\\\/#primaryimage\"},\"image\":{\"@id\":\"https:\\\/\\\/www.dramfolks-whisky-auction.com\\\/fr\\\/product\\\/bimber-distillery-germany-edition-2023-peated-4\\\/#primaryimage\"},\"thumbnailUrl\":\"https:\\\/\\\/www.dramfolks-whisky-auction.com\\\/wp-content\\\/uploads\\\/2024\\\/02\\\/Bimber-vorne-scaled.jpg\",\"datePublished\":\"2024-05-29T16:53:35+00:00\",\"dateModified\":\"2024-06-16T17:30:04+00:00\",\"breadcrumb\":{\"@id\":\"https:\\\/\\\/www.dramfolks-whisky-auction.com\\\/fr\\\/product\\\/bimber-distillery-germany-edition-2023-peated-4\\\/#breadcrumb\"},\"inLanguage\":\"fr-FR\",\"potentialAction\":[{\"@type\":\"ReadAction\",\"target\":[\"https:\\\/\\\/www.dramfolks-whisky-auction.com\\\/fr\\\/product\\\/bimber-distillery-germany-edition-2023-peated-4\\\/\"]}]},{\"@type\":\"ImageObject\",\"inLanguage\":\"fr-FR\",\"@id\":\"https:\\\/\\\/www.dramfolks-whisky-auction.com\\\/fr\\\/product\\\/bimber-distillery-germany-edition-2023-peated-4\\\/#primaryimage\",\"url\":\"https:\\\/\\\/www.dramfolks-whisky-auction.com\\\/wp-content\\\/uploads\\\/2024\\\/02\\\/Bimber-vorne-scaled.jpg\",\"contentUrl\":\"https:\\\/\\\/www.dramfolks-whisky-auction.com\\\/wp-content\\\/uploads\\\/2024\\\/02\\\/Bimber-vorne-scaled.jpg\",\"width\":2560,\"height\":2560},{\"@type\":\"BreadcrumbList\",\"@id\":\"https:\\\/\\\/www.dramfolks-whisky-auction.com\\\/fr\\\/product\\\/bimber-distillery-germany-edition-2023-peated-4\\\/#breadcrumb\",\"itemListElement\":[{\"@type\":\"ListItem\",\"position\":1,\"name\":\"Startseite\",\"item\":\"https:\\\/\\\/www.dramfolks-whisky-auction.com\\\/fr\\\/\"},{\"@type\":\"ListItem\",\"position\":2,\"name\":\"Boutique\",\"item\":\"https:\\\/\\\/www.dramfolks-whisky-auction.com\\\/fr\\\/boutique\\\/\"},{\"@type\":\"ListItem\",\"position\":3,\"name\":\"Bimber Distillery &#8211; Germany Edition 2023 Peated\"}]},{\"@type\":\"WebSite\",\"@id\":\"https:\\\/\\\/www.dramfolks-whisky-auction.com\\\/fr\\\/#website\",\"url\":\"https:\\\/\\\/www.dramfolks-whisky-auction.com\\\/fr\\\/\",\"name\":\"Dramfolks Whisky Auction\",\"description\":\"\",\"potentialAction\":[{\"@type\":\"SearchAction\",\"target\":{\"@type\":\"EntryPoint\",\"urlTemplate\":\"https:\\\/\\\/www.dramfolks-whisky-auction.com\\\/fr\\\/?s={search_term_string}\"},\"query-input\":{\"@type\":\"PropertyValueSpecification\",\"valueRequired\":true,\"valueName\":\"search_term_string\"}}],\"inLanguage\":\"fr-FR\"}]}<\/script>\n<!-- \/ Yoast SEO plugin. -->","yoast_head_json":{"title":"Bimber Distillery - Germany Edition 2023 Peated - Dramfolks Whisky Auction","robots":{"index":"index","follow":"follow","max-snippet":"max-snippet:-1","max-image-preview":"max-image-preview:large","max-video-preview":"max-video-preview:-1"},"canonical":"https:\/\/www.dramfolks-whisky-auction.com\/fr\/product\/bimber-distillery-germany-edition-2023-peated-4\/","og_locale":"fr_FR","og_type":"article","og_title":"Bimber Distillery - Germany Edition 2023 Peated - Dramfolks Whisky Auction","og_description":"Destille: Bimber Distillery Die Bimber Distillery wurde von Whiskyliebhabern mit der Mission gegr\u00fcndet, hochwertigen Single Malt mit Charakter herzustellen und dabei traditionelle Methoden anzuwenden. Nachdem 2019 der erste Single Malt ver\u00f6ffentlicht wurde, war die limitierte Auflage von 1000 Flaschen innerhalb von drei Stunden ausverkauft. Die Destillerie aus der britischen Metropole geht ihren eigenen Weg \u2013[...]","og_url":"https:\/\/www.dramfolks-whisky-auction.com\/fr\/product\/bimber-distillery-germany-edition-2023-peated-4\/","og_site_name":"Dramfolks Whisky Auction","article_modified_time":"2024-06-16T17:30:04+00:00","og_image":[{"width":2560,"height":2560,"url":"https:\/\/www.dramfolks-whisky-auction.com\/wp-content\/uploads\/2024\/02\/Bimber-vorne-scaled.jpg","type":"image\/jpeg"}],"twitter_card":"summary_large_image","twitter_misc":{"Dur\u00e9e de lecture estim\u00e9e":"3 minutes"},"schema":{"@context":"https:\/\/schema.org","@graph":[{"@type":"WebPage","@id":"https:\/\/www.dramfolks-whisky-auction.com\/fr\/product\/bimber-distillery-germany-edition-2023-peated-4\/","url":"https:\/\/www.dramfolks-whisky-auction.com\/fr\/product\/bimber-distillery-germany-edition-2023-peated-4\/","name":"Bimber Distillery - Germany Edition 2023 Peated - Dramfolks Whisky Auction","isPartOf":{"@id":"https:\/\/www.dramfolks-whisky-auction.com\/fr\/#website"},"primaryImageOfPage":{"@id":"https:\/\/www.dramfolks-whisky-auction.com\/fr\/product\/bimber-distillery-germany-edition-2023-peated-4\/#primaryimage"},"image":{"@id":"https:\/\/www.dramfolks-whisky-auction.com\/fr\/product\/bimber-distillery-germany-edition-2023-peated-4\/#primaryimage"},"thumbnailUrl":"https:\/\/www.dramfolks-whisky-auction.com\/wp-content\/uploads\/2024\/02\/Bimber-vorne-scaled.jpg","datePublished":"2024-05-29T16:53:35+00:00","dateModified":"2024-06-16T17:30:04+00:00","breadcrumb":{"@id":"https:\/\/www.dramfolks-whisky-auction.com\/fr\/product\/bimber-distillery-germany-edition-2023-peated-4\/#breadcrumb"},"inLanguage":"fr-FR","potentialAction":[{"@type":"ReadAction","target":["https:\/\/www.dramfolks-whisky-auction.com\/fr\/product\/bimber-distillery-germany-edition-2023-peated-4\/"]}]},{"@type":"ImageObject","inLanguage":"fr-FR","@id":"https:\/\/www.dramfolks-whisky-auction.com\/fr\/product\/bimber-distillery-germany-edition-2023-peated-4\/#primaryimage","url":"https:\/\/www.dramfolks-whisky-auction.com\/wp-content\/uploads\/2024\/02\/Bimber-vorne-scaled.jpg","contentUrl":"https:\/\/www.dramfolks-whisky-auction.com\/wp-content\/uploads\/2024\/02\/Bimber-vorne-scaled.jpg","width":2560,"height":2560},{"@type":"BreadcrumbList","@id":"https:\/\/www.dramfolks-whisky-auction.com\/fr\/product\/bimber-distillery-germany-edition-2023-peated-4\/#breadcrumb","itemListElement":[{"@type":"ListItem","position":1,"name":"Startseite","item":"https:\/\/www.dramfolks-whisky-auction.com\/fr\/"},{"@type":"ListItem","position":2,"name":"Boutique","item":"https:\/\/www.dramfolks-whisky-auction.com\/fr\/boutique\/"},{"@type":"ListItem","position":3,"name":"Bimber Distillery &#8211; Germany Edition 2023 Peated"}]},{"@type":"WebSite","@id":"https:\/\/www.dramfolks-whisky-auction.com\/fr\/#website","url":"https:\/\/www.dramfolks-whisky-auction.com\/fr\/","name":"Dramfolks Whisky Auction","description":"","potentialAction":[{"@type":"SearchAction","target":{"@type":"EntryPoint","urlTemplate":"https:\/\/www.dramfolks-whisky-auction.com\/fr\/?s={search_term_string}"},"query-input":{"@type":"PropertyValueSpecification","valueRequired":true,"valueName":"search_term_string"}}],"inLanguage":"fr-FR"}]}},"_links":{"self":[{"href":"https:\/\/www.dramfolks-whisky-auction.com\/fr\/wp-json\/wp\/v2\/product\/48715","targetHints":{"allow":["GET"]}}],"collection":[{"href":"https:\/\/www.dramfolks-whisky-auction.com\/fr\/wp-json\/wp\/v2\/product"}],"about":[{"href":"https:\/\/www.dramfolks-whisky-auction.com\/fr\/wp-json\/wp\/v2\/types\/product"}],"replies":[{"embeddable":true,"href":"https:\/\/www.dramfolks-whisky-auction.com\/fr\/wp-json\/wp\/v2\/comments?post=48715"}],"wp:featuredmedia":[{"embeddable":true,"href":"https:\/\/www.dramfolks-whisky-auction.com\/fr\/wp-json\/wp\/v2\/media\/5509"}],"wp:attachment":[{"href":"https:\/\/www.dramfolks-whisky-auction.com\/fr\/wp-json\/wp\/v2\/media?parent=48715"}],"wp:term":[{"taxonomy":"product_brand","embeddable":true,"href":"https:\/\/www.dramfolks-whisky-auction.com\/fr\/wp-json\/wp\/v2\/product_brand?post=48715"},{"taxonomy":"product_cat","embeddable":true,"href":"https:\/\/www.dramfolks-whisky-auction.com\/fr\/wp-json\/wp\/v2\/product_cat?post=48715"},{"taxonomy":"product_tag","embeddable":true,"href":"https:\/\/www.dramfolks-whisky-auction.com\/fr\/wp-json\/wp\/v2\/product_tag?post=48715"}],"curies":[{"name":"wp","href":"https:\/\/api.w.org\/{rel}","templated":true}]}}