{"id":48713,"date":"2024-05-29T18:54:36","date_gmt":"2024-05-29T16:54:36","guid":{"rendered":"https:\/\/www.dramfolks-whisky-auction.com\/?post_type=product&#038;p=48713"},"modified":"2024-06-18T16:51:21","modified_gmt":"2024-06-18T14:51:21","slug":"roe-co-distillery-blended-whiskey-2","status":"publish","type":"product","link":"https:\/\/www.dramfolks-whisky-auction.com\/fr\/product\/roe-co-distillery-blended-whiskey-2\/","title":{"rendered":"Roe &#038; Co. Distillery &#8211; Blended Whiskey"},"content":{"rendered":"<p><strong>Destille: Roe &amp; Co. Distillery<br \/>\n<\/strong>Die Roe &amp; Co. Distillery ist eine irische Whiskey-Destillerie, die 2019 gegr\u00fcndet wurde und sich im Besitz von Diageo befindet. Sie befindet sich in der Thomas Street in Dublin, Irland, in der N\u00e4he der Guinness&rsquo; St. James&rsquo; Gate Brauerei. Die Thomas Street Distillery, die von der Familie Roe betrieben wird, war einst die gr\u00f6\u00dfte in Gro\u00dfbritannien und Irland, mit einer Produktion von zwei Millionen Gallonen pro Jahr in der Spitze der Whiskeyindustrie in Irland. Nach der Schlie\u00dfung der Destillerie im Jahr 1926 wurden einige ihrer Geb\u00e4ude gekauft und in die Guinness-Brauerei eingegliedert.<br \/>\nIm Januar 2017 k\u00fcndigte Diageo, der Produzent von Guinness an, dass sie 25 Millionen Euro in die Errichtung einer neuen Destillerie (Roe &amp; Co. Distillery) im alten Brauereigeb\u00e4ude in der Thomas Street investieren w\u00fcrden. Im Juni 2019 startete die Produktion in der neuen Destillerie.<\/p>\n<p><strong>Fun Fakt:<\/strong> Ein Birnenbaum mit gro\u00dfer Bedeutung&#8230; Der Turm und der Birnbaum befinden sich direkt gegen\u00fcber der ber\u00fchmten St. James&rsquo;s Gate Guinness Brewery und erinnern an George Roes fr\u00fchere Bedeutung im Leben der Stadt und dienen nun als Inspirationsquelle f\u00fcr den neuen Whiskey von Roe &amp; Co.<\/p>\n<p><strong>Whisky\/Whiskey: Blended Whiskey<br \/>\n<\/strong>Dieser Whisky ist eine Mischung aus Malz und Getreidewhisky. Alle diese wurden vollst\u00e4ndig in Ex-Bourbon-F\u00e4ssern gereift, wobei der Schwerpunkt auf First-Fill-F\u00e4ssern lag. Er wird zu 45 % ohne K\u00fchlfiltration abgef\u00fcllt und eignet sich gut f\u00fcr Cocktails, bei denen der zus\u00e4tzliche Alkohol dazu beitr\u00e4gt, den Whiskygeschmack zu vermitteln. Das Aroma zeichnet sich aus durch \u00ab\u00a0Cremig, herrlich duftend\u00a0\u00bb. Im Geschmack finden sich \u00ab\u00a0Noten von weichen Gew\u00fcrzen und weichem gesponnenem Zucker zusammen mit warmen Noten von gew\u00fcrzten Birnen und holziger Vanille\u00a0\u00bb. Der Abgang dagegen ist \u00ab\u00a0lang anhaltend und sanft, endet mit einer leichten Cremigkeit\u00a0\u00bb.<\/p>\n<p><strong>Info Qualit\u00e4t der Flasche:<\/strong> Exzellent ohne Besch\u00e4digungen \/ <strong>F\u00fcllstand:<\/strong> Top shoulder<br \/>\n<strong>Info Qualit\u00e4t der Box:<\/strong> keine Box vorhanden<\/p>\n<p><strong>Wichtiger Hinweis:<\/strong> Die Bewertung der Flaschen und Boxen erfolgt nach \u201ebesten Wissen und Gewissen\u201c. dramfolks kann keine Gew\u00e4hrleistung f\u00fcr den Inhalt der Flaschen \u00fcbernehmen. Weitere Infos &amp; Hinweise finden Sie in unseren AGBs. Wir empfehlen Ihnen, vor der Abgabe von Geboten \u00fcber die Zoomfunktion eine Besichtigung \/ genaue Pr\u00fcfung des angebotenen Whiskys vorzunehmen. Bitte kontaktieren sie uns bei Fragen direkt unter info@dramfolks.com<\/p>\n","protected":false},"excerpt":{"rendered":"<p>Destille: Roe &amp; Co. Distillery Die Roe &amp; Co. Distillery ist eine irische Whiskey-Destillerie, die 2019 gegr\u00fcndet wurde und sich im Besitz von Diageo befindet. Sie befindet sich in der Thomas Street in Dublin, Irland, in der N\u00e4he der Guinness&rsquo; St. James&rsquo; Gate Brauerei. Die Thomas Street Distillery, die von der Familie Roe betrieben wird,[&#8230;]\n","protected":false},"featured_media":6012,"comment_status":"closed","ping_status":"closed","template":"","meta":[],"product_brand":[],"product_cat":[848],"product_tag":[],"class_list":{"0":"post-48713","1":"product","2":"type-product","3":"status-publish","4":"has-post-thumbnail","6":"product_cat-no-11","8":"first","9":"instock","10":"shipping-taxable","11":"purchasable","12":"product-type-auction"},"yoast_head":"<!-- This site is optimized with the Yoast SEO plugin v27.4 - https:\/\/yoast.com\/product\/yoast-seo-wordpress\/ -->\n<title>Roe &amp; Co. Distillery - Blended Whiskey - Dramfolks Whisky Auction<\/title>\n<meta name=\"robots\" content=\"index, follow, max-snippet:-1, max-image-preview:large, max-video-preview:-1\" \/>\n<link rel=\"canonical\" href=\"https:\/\/www.dramfolks-whisky-auction.com\/fr\/product\/roe-co-distillery-blended-whiskey-2\/\" \/>\n<meta property=\"og:locale\" content=\"fr_FR\" \/>\n<meta property=\"og:type\" content=\"article\" \/>\n<meta property=\"og:title\" content=\"Roe &amp; Co. Distillery - Blended Whiskey - Dramfolks Whisky Auction\" \/>\n<meta property=\"og:description\" content=\"Destille: Roe &amp; Co. Distillery Die Roe &amp; Co. Distillery ist eine irische Whiskey-Destillerie, die 2019 gegr\u00fcndet wurde und sich im Besitz von Diageo befindet. Sie befindet sich in der Thomas Street in Dublin, Irland, in der N\u00e4he der Guinness&rsquo; St. James&rsquo; Gate Brauerei. Die Thomas Street Distillery, die von der Familie Roe betrieben wird,[...]\" \/>\n<meta property=\"og:url\" content=\"https:\/\/www.dramfolks-whisky-auction.com\/fr\/product\/roe-co-distillery-blended-whiskey-2\/\" \/>\n<meta property=\"og:site_name\" content=\"Dramfolks Whisky Auction\" \/>\n<meta property=\"article:modified_time\" content=\"2024-06-18T14:51:21+00:00\" \/>\n<meta property=\"og:image\" content=\"https:\/\/www.dramfolks-whisky-auction.com\/wp-content\/uploads\/2024\/04\/RoeCo-vorne.jpg\" \/>\n\t<meta property=\"og:image:width\" content=\"2478\" \/>\n\t<meta property=\"og:image:height\" content=\"2478\" \/>\n\t<meta property=\"og:image:type\" content=\"image\/jpeg\" \/>\n<meta name=\"twitter:card\" content=\"summary_large_image\" \/>\n<meta name=\"twitter:label1\" content=\"Dur\u00e9e de lecture estim\u00e9e\" \/>\n\t<meta name=\"twitter:data1\" content=\"3 minutes\" \/>\n<script type=\"application\/ld+json\" class=\"yoast-schema-graph\">{\"@context\":\"https:\\\/\\\/schema.org\",\"@graph\":[{\"@type\":\"WebPage\",\"@id\":\"https:\\\/\\\/www.dramfolks-whisky-auction.com\\\/fr\\\/product\\\/roe-co-distillery-blended-whiskey-2\\\/\",\"url\":\"https:\\\/\\\/www.dramfolks-whisky-auction.com\\\/fr\\\/product\\\/roe-co-distillery-blended-whiskey-2\\\/\",\"name\":\"Roe & Co. Distillery - Blended Whiskey - Dramfolks Whisky Auction\",\"isPartOf\":{\"@id\":\"https:\\\/\\\/www.dramfolks-whisky-auction.com\\\/fr\\\/#website\"},\"primaryImageOfPage\":{\"@id\":\"https:\\\/\\\/www.dramfolks-whisky-auction.com\\\/fr\\\/product\\\/roe-co-distillery-blended-whiskey-2\\\/#primaryimage\"},\"image\":{\"@id\":\"https:\\\/\\\/www.dramfolks-whisky-auction.com\\\/fr\\\/product\\\/roe-co-distillery-blended-whiskey-2\\\/#primaryimage\"},\"thumbnailUrl\":\"https:\\\/\\\/www.dramfolks-whisky-auction.com\\\/wp-content\\\/uploads\\\/2024\\\/04\\\/RoeCo-vorne.jpg\",\"datePublished\":\"2024-05-29T16:54:36+00:00\",\"dateModified\":\"2024-06-18T14:51:21+00:00\",\"breadcrumb\":{\"@id\":\"https:\\\/\\\/www.dramfolks-whisky-auction.com\\\/fr\\\/product\\\/roe-co-distillery-blended-whiskey-2\\\/#breadcrumb\"},\"inLanguage\":\"fr-FR\",\"potentialAction\":[{\"@type\":\"ReadAction\",\"target\":[\"https:\\\/\\\/www.dramfolks-whisky-auction.com\\\/fr\\\/product\\\/roe-co-distillery-blended-whiskey-2\\\/\"]}]},{\"@type\":\"ImageObject\",\"inLanguage\":\"fr-FR\",\"@id\":\"https:\\\/\\\/www.dramfolks-whisky-auction.com\\\/fr\\\/product\\\/roe-co-distillery-blended-whiskey-2\\\/#primaryimage\",\"url\":\"https:\\\/\\\/www.dramfolks-whisky-auction.com\\\/wp-content\\\/uploads\\\/2024\\\/04\\\/RoeCo-vorne.jpg\",\"contentUrl\":\"https:\\\/\\\/www.dramfolks-whisky-auction.com\\\/wp-content\\\/uploads\\\/2024\\\/04\\\/RoeCo-vorne.jpg\",\"width\":2478,\"height\":2478},{\"@type\":\"BreadcrumbList\",\"@id\":\"https:\\\/\\\/www.dramfolks-whisky-auction.com\\\/fr\\\/product\\\/roe-co-distillery-blended-whiskey-2\\\/#breadcrumb\",\"itemListElement\":[{\"@type\":\"ListItem\",\"position\":1,\"name\":\"Startseite\",\"item\":\"https:\\\/\\\/www.dramfolks-whisky-auction.com\\\/fr\\\/\"},{\"@type\":\"ListItem\",\"position\":2,\"name\":\"Boutique\",\"item\":\"https:\\\/\\\/www.dramfolks-whisky-auction.com\\\/fr\\\/boutique\\\/\"},{\"@type\":\"ListItem\",\"position\":3,\"name\":\"Roe &#038; Co. Distillery &#8211; Blended Whiskey\"}]},{\"@type\":\"WebSite\",\"@id\":\"https:\\\/\\\/www.dramfolks-whisky-auction.com\\\/fr\\\/#website\",\"url\":\"https:\\\/\\\/www.dramfolks-whisky-auction.com\\\/fr\\\/\",\"name\":\"Dramfolks Whisky Auction\",\"description\":\"\",\"potentialAction\":[{\"@type\":\"SearchAction\",\"target\":{\"@type\":\"EntryPoint\",\"urlTemplate\":\"https:\\\/\\\/www.dramfolks-whisky-auction.com\\\/fr\\\/?s={search_term_string}\"},\"query-input\":{\"@type\":\"PropertyValueSpecification\",\"valueRequired\":true,\"valueName\":\"search_term_string\"}}],\"inLanguage\":\"fr-FR\"}]}<\/script>\n<!-- \/ Yoast SEO plugin. -->","yoast_head_json":{"title":"Roe & Co. Distillery - Blended Whiskey - Dramfolks Whisky Auction","robots":{"index":"index","follow":"follow","max-snippet":"max-snippet:-1","max-image-preview":"max-image-preview:large","max-video-preview":"max-video-preview:-1"},"canonical":"https:\/\/www.dramfolks-whisky-auction.com\/fr\/product\/roe-co-distillery-blended-whiskey-2\/","og_locale":"fr_FR","og_type":"article","og_title":"Roe & Co. Distillery - Blended Whiskey - Dramfolks Whisky Auction","og_description":"Destille: Roe &amp; Co. Distillery Die Roe &amp; Co. Distillery ist eine irische Whiskey-Destillerie, die 2019 gegr\u00fcndet wurde und sich im Besitz von Diageo befindet. Sie befindet sich in der Thomas Street in Dublin, Irland, in der N\u00e4he der Guinness&rsquo; St. James&rsquo; Gate Brauerei. Die Thomas Street Distillery, die von der Familie Roe betrieben wird,[...]","og_url":"https:\/\/www.dramfolks-whisky-auction.com\/fr\/product\/roe-co-distillery-blended-whiskey-2\/","og_site_name":"Dramfolks Whisky Auction","article_modified_time":"2024-06-18T14:51:21+00:00","og_image":[{"width":2478,"height":2478,"url":"https:\/\/www.dramfolks-whisky-auction.com\/wp-content\/uploads\/2024\/04\/RoeCo-vorne.jpg","type":"image\/jpeg"}],"twitter_card":"summary_large_image","twitter_misc":{"Dur\u00e9e de lecture estim\u00e9e":"3 minutes"},"schema":{"@context":"https:\/\/schema.org","@graph":[{"@type":"WebPage","@id":"https:\/\/www.dramfolks-whisky-auction.com\/fr\/product\/roe-co-distillery-blended-whiskey-2\/","url":"https:\/\/www.dramfolks-whisky-auction.com\/fr\/product\/roe-co-distillery-blended-whiskey-2\/","name":"Roe & Co. Distillery - Blended Whiskey - Dramfolks Whisky Auction","isPartOf":{"@id":"https:\/\/www.dramfolks-whisky-auction.com\/fr\/#website"},"primaryImageOfPage":{"@id":"https:\/\/www.dramfolks-whisky-auction.com\/fr\/product\/roe-co-distillery-blended-whiskey-2\/#primaryimage"},"image":{"@id":"https:\/\/www.dramfolks-whisky-auction.com\/fr\/product\/roe-co-distillery-blended-whiskey-2\/#primaryimage"},"thumbnailUrl":"https:\/\/www.dramfolks-whisky-auction.com\/wp-content\/uploads\/2024\/04\/RoeCo-vorne.jpg","datePublished":"2024-05-29T16:54:36+00:00","dateModified":"2024-06-18T14:51:21+00:00","breadcrumb":{"@id":"https:\/\/www.dramfolks-whisky-auction.com\/fr\/product\/roe-co-distillery-blended-whiskey-2\/#breadcrumb"},"inLanguage":"fr-FR","potentialAction":[{"@type":"ReadAction","target":["https:\/\/www.dramfolks-whisky-auction.com\/fr\/product\/roe-co-distillery-blended-whiskey-2\/"]}]},{"@type":"ImageObject","inLanguage":"fr-FR","@id":"https:\/\/www.dramfolks-whisky-auction.com\/fr\/product\/roe-co-distillery-blended-whiskey-2\/#primaryimage","url":"https:\/\/www.dramfolks-whisky-auction.com\/wp-content\/uploads\/2024\/04\/RoeCo-vorne.jpg","contentUrl":"https:\/\/www.dramfolks-whisky-auction.com\/wp-content\/uploads\/2024\/04\/RoeCo-vorne.jpg","width":2478,"height":2478},{"@type":"BreadcrumbList","@id":"https:\/\/www.dramfolks-whisky-auction.com\/fr\/product\/roe-co-distillery-blended-whiskey-2\/#breadcrumb","itemListElement":[{"@type":"ListItem","position":1,"name":"Startseite","item":"https:\/\/www.dramfolks-whisky-auction.com\/fr\/"},{"@type":"ListItem","position":2,"name":"Boutique","item":"https:\/\/www.dramfolks-whisky-auction.com\/fr\/boutique\/"},{"@type":"ListItem","position":3,"name":"Roe &#038; Co. Distillery &#8211; Blended Whiskey"}]},{"@type":"WebSite","@id":"https:\/\/www.dramfolks-whisky-auction.com\/fr\/#website","url":"https:\/\/www.dramfolks-whisky-auction.com\/fr\/","name":"Dramfolks Whisky Auction","description":"","potentialAction":[{"@type":"SearchAction","target":{"@type":"EntryPoint","urlTemplate":"https:\/\/www.dramfolks-whisky-auction.com\/fr\/?s={search_term_string}"},"query-input":{"@type":"PropertyValueSpecification","valueRequired":true,"valueName":"search_term_string"}}],"inLanguage":"fr-FR"}]}},"_links":{"self":[{"href":"https:\/\/www.dramfolks-whisky-auction.com\/fr\/wp-json\/wp\/v2\/product\/48713","targetHints":{"allow":["GET"]}}],"collection":[{"href":"https:\/\/www.dramfolks-whisky-auction.com\/fr\/wp-json\/wp\/v2\/product"}],"about":[{"href":"https:\/\/www.dramfolks-whisky-auction.com\/fr\/wp-json\/wp\/v2\/types\/product"}],"replies":[{"embeddable":true,"href":"https:\/\/www.dramfolks-whisky-auction.com\/fr\/wp-json\/wp\/v2\/comments?post=48713"}],"wp:featuredmedia":[{"embeddable":true,"href":"https:\/\/www.dramfolks-whisky-auction.com\/fr\/wp-json\/wp\/v2\/media\/6012"}],"wp:attachment":[{"href":"https:\/\/www.dramfolks-whisky-auction.com\/fr\/wp-json\/wp\/v2\/media?parent=48713"}],"wp:term":[{"taxonomy":"product_brand","embeddable":true,"href":"https:\/\/www.dramfolks-whisky-auction.com\/fr\/wp-json\/wp\/v2\/product_brand?post=48713"},{"taxonomy":"product_cat","embeddable":true,"href":"https:\/\/www.dramfolks-whisky-auction.com\/fr\/wp-json\/wp\/v2\/product_cat?post=48713"},{"taxonomy":"product_tag","embeddable":true,"href":"https:\/\/www.dramfolks-whisky-auction.com\/fr\/wp-json\/wp\/v2\/product_tag?post=48713"}],"curies":[{"name":"wp","href":"https:\/\/api.w.org\/{rel}","templated":true}]}}