{"id":48698,"date":"2024-05-29T18:54:39","date_gmt":"2024-05-29T16:54:39","guid":{"rendered":"https:\/\/www.dramfolks-whisky-auction.com\/?post_type=product&#038;p=48698"},"modified":"2024-06-16T19:30:14","modified_gmt":"2024-06-16T17:30:14","slug":"benromach-11yo-germany-exclusiv-batch-1-4","status":"publish","type":"product","link":"https:\/\/www.dramfolks-whisky-auction.com\/fr\/product\/benromach-11yo-germany-exclusiv-batch-1-4\/","title":{"rendered":"Benromach &#8211; 11yo Germany Exclusiv Batch 1"},"content":{"rendered":"<p><strong>Destille: Benromach<br \/>\n<\/strong>Benromach Distillery ist eine Destillerie in der Speyside, die 1898 von Duncan McCallum und F.W. Brickman gegr\u00fcndet wurde. Benromachs Geschichte besteht aus zwei verschiedenen Teilen. Die in Forres ans\u00e4ssige Destillerie war ein Neubau des sp\u00e4ten 19. Jahrhunderts.<br \/>\nDer Bau der Destillerie begann zwar 1898, aber die Brennerei startet erst 1900 mit der Herstellung von Whisky. In den folgenden Jahren ging Benromach durch eine Reihe von H\u00e4nden: MacDonald Greenlees, Joseph Hobbs, National Distillers of America und schlie\u00dflich DCL. Der Industrieriese hielt es bis 1983 am Laufen, bevor es dann, aufgrund eines branchenweiten Lager\u00fcberschusses, schlie\u00dfen musste. Nach 11 Jahren \u00ab\u00a0des Schweigens\u00a0\u00bb wurde es von Elgins Gordon &amp; MacPhail gekauft. Die Firma machte sich dann daran, eine neue Destillerie in der H\u00fclle der Alten zu bauen. J\u00e4hrliches Produktionsvolumen: ca. 0,4 Mio. Liter.<\/p>\n<p><strong>Fun Fakt:\u00a0 <\/strong> In den 11 Jahren des Schweigens schlachten die damaligen Besitzer DCL die Destillerie komplett aus. Sie verkauften das gesamte Interior und alles was nicht \u00ab\u00a0niet und nagelfest\u00a0\u00bb war, sodass die neuen Besitzer Gordon &amp; MacPhail quasi von null beginnen mussten. Hoffentlich haben sie einen g\u00fcnstigen Preis bezahlt und wurden nicht ausgetrickst&#8230;<\/p>\n<p><strong>Whisky\/Whiskey: 11yo Germany Exclusiv Batch 1<br \/>\n<\/strong>Dieser exklusive Benromach 2009 ist eine limitierte Abf\u00fcllung von vier 1st-Fill-Bourbon-F\u00e4sser (nur 1.198 limitierten Flaschen!!), selektiert von Andrea Carminneci &#8211; f\u00fcr den deutschen Whiskymarkt. Der Whisky aus der Speyside wurde mit 48 % im Jahr 2021 abgef\u00fcllt. Der limitierte Benromach reifte also etwa 11 Jahre lang im Holz und zeigt sich nun mit einem Charakter von Toffee, gr\u00fcnem Apfel und etwas Torfrauch.<\/p>\n<p><strong>Info Qualit\u00e4t der Flasche:<\/strong> Exzellent &#8211; ohne Besch\u00e4digungen \/ <strong>F\u00fcllstand: <\/strong>Into neck<br \/>\n<strong>Info Qualit\u00e4t der Box: <\/strong>Exzellent &#8211; ohne Besch\u00e4digungen<\/p>\n<p><strong>Wichtiger Hinweis:<\/strong> Die Bewertung der Flaschen und Boxen erfolgt nach \u201ebesten Wissen und Gewissen\u201c. dramfolks kann keine Gew\u00e4hrleistung f\u00fcr den Inhalt der Flaschen \u00fcbernehmen. Weitere Infos &amp; Hinweise finden Sie in unseren AGBs. Wir empfehlen Ihnen, vor der Abgabe von Geboten \u00fcber die Zoomfunktion eine Besichtigung \/ genaue Pr\u00fcfung des angebotenen Whiskys vorzunehmen. Bitte kontaktieren sie uns bei Fragen direkt unter info@dramfolks.com<\/p>\n","protected":false},"excerpt":{"rendered":"<p>Destille: Benromach Benromach Distillery ist eine Destillerie in der Speyside, die 1898 von Duncan McCallum und F.W. Brickman gegr\u00fcndet wurde. Benromachs Geschichte besteht aus zwei verschiedenen Teilen. Die in Forres ans\u00e4ssige Destillerie war ein Neubau des sp\u00e4ten 19. Jahrhunderts. Der Bau der Destillerie begann zwar 1898, aber die Brennerei startet erst 1900 mit der Herstellung[&#8230;]\n","protected":false},"featured_media":5369,"comment_status":"closed","ping_status":"closed","template":"","meta":[],"product_brand":[],"product_cat":[848],"product_tag":[],"class_list":{"0":"post-48698","1":"product","2":"type-product","3":"status-publish","4":"has-post-thumbnail","6":"product_cat-no-11","8":"first","9":"instock","10":"shipping-taxable","11":"purchasable","12":"product-type-auction"},"yoast_head":"<!-- This site is optimized with the Yoast SEO plugin v27.0 - https:\/\/yoast.com\/product\/yoast-seo-wordpress\/ -->\n<title>Benromach - 11yo Germany Exclusiv Batch 1 - Dramfolks Whisky Auction<\/title>\n<meta name=\"robots\" content=\"index, follow, max-snippet:-1, max-image-preview:large, max-video-preview:-1\" \/>\n<link rel=\"canonical\" href=\"https:\/\/www.dramfolks-whisky-auction.com\/fr\/product\/benromach-11yo-germany-exclusiv-batch-1-4\/\" \/>\n<meta property=\"og:locale\" content=\"fr_FR\" \/>\n<meta property=\"og:type\" content=\"article\" \/>\n<meta property=\"og:title\" content=\"Benromach - 11yo Germany Exclusiv Batch 1 - Dramfolks Whisky Auction\" \/>\n<meta property=\"og:description\" content=\"Destille: Benromach Benromach Distillery ist eine Destillerie in der Speyside, die 1898 von Duncan McCallum und F.W. Brickman gegr\u00fcndet wurde. Benromachs Geschichte besteht aus zwei verschiedenen Teilen. Die in Forres ans\u00e4ssige Destillerie war ein Neubau des sp\u00e4ten 19. Jahrhunderts. Der Bau der Destillerie begann zwar 1898, aber die Brennerei startet erst 1900 mit der Herstellung[...]\" \/>\n<meta property=\"og:url\" content=\"https:\/\/www.dramfolks-whisky-auction.com\/fr\/product\/benromach-11yo-germany-exclusiv-batch-1-4\/\" \/>\n<meta property=\"og:site_name\" content=\"Dramfolks Whisky Auction\" \/>\n<meta property=\"article:modified_time\" content=\"2024-06-16T17:30:14+00:00\" \/>\n<meta property=\"og:image\" content=\"https:\/\/www.dramfolks-whisky-auction.com\/wp-content\/uploads\/2024\/02\/Benromach-Germany-Exclusiv-vorne-scaled.jpg\" \/>\n\t<meta property=\"og:image:width\" content=\"2560\" \/>\n\t<meta property=\"og:image:height\" content=\"2560\" \/>\n\t<meta property=\"og:image:type\" content=\"image\/jpeg\" \/>\n<meta name=\"twitter:card\" content=\"summary_large_image\" \/>\n<meta name=\"twitter:label1\" content=\"Dur\u00e9e de lecture estim\u00e9e\" \/>\n\t<meta name=\"twitter:data1\" content=\"3 minutes\" \/>\n<script type=\"application\/ld+json\" class=\"yoast-schema-graph\">{\"@context\":\"https:\/\/schema.org\",\"@graph\":[{\"@type\":\"WebPage\",\"@id\":\"https:\/\/www.dramfolks-whisky-auction.com\/fr\/product\/benromach-11yo-germany-exclusiv-batch-1-4\/\",\"url\":\"https:\/\/www.dramfolks-whisky-auction.com\/fr\/product\/benromach-11yo-germany-exclusiv-batch-1-4\/\",\"name\":\"Benromach - 11yo Germany Exclusiv Batch 1 - Dramfolks Whisky Auction\",\"isPartOf\":{\"@id\":\"https:\/\/www.dramfolks-whisky-auction.com\/fr\/#website\"},\"primaryImageOfPage\":{\"@id\":\"https:\/\/www.dramfolks-whisky-auction.com\/fr\/product\/benromach-11yo-germany-exclusiv-batch-1-4\/#primaryimage\"},\"image\":{\"@id\":\"https:\/\/www.dramfolks-whisky-auction.com\/fr\/product\/benromach-11yo-germany-exclusiv-batch-1-4\/#primaryimage\"},\"thumbnailUrl\":\"https:\/\/www.dramfolks-whisky-auction.com\/wp-content\/uploads\/2024\/02\/Benromach-Germany-Exclusiv-vorne-scaled.jpg\",\"datePublished\":\"2024-05-29T16:54:39+00:00\",\"dateModified\":\"2024-06-16T17:30:14+00:00\",\"breadcrumb\":{\"@id\":\"https:\/\/www.dramfolks-whisky-auction.com\/fr\/product\/benromach-11yo-germany-exclusiv-batch-1-4\/#breadcrumb\"},\"inLanguage\":\"fr-FR\",\"potentialAction\":[{\"@type\":\"ReadAction\",\"target\":[\"https:\/\/www.dramfolks-whisky-auction.com\/fr\/product\/benromach-11yo-germany-exclusiv-batch-1-4\/\"]}]},{\"@type\":\"ImageObject\",\"inLanguage\":\"fr-FR\",\"@id\":\"https:\/\/www.dramfolks-whisky-auction.com\/fr\/product\/benromach-11yo-germany-exclusiv-batch-1-4\/#primaryimage\",\"url\":\"https:\/\/www.dramfolks-whisky-auction.com\/wp-content\/uploads\/2024\/02\/Benromach-Germany-Exclusiv-vorne-scaled.jpg\",\"contentUrl\":\"https:\/\/www.dramfolks-whisky-auction.com\/wp-content\/uploads\/2024\/02\/Benromach-Germany-Exclusiv-vorne-scaled.jpg\",\"width\":2560,\"height\":2560},{\"@type\":\"BreadcrumbList\",\"@id\":\"https:\/\/www.dramfolks-whisky-auction.com\/fr\/product\/benromach-11yo-germany-exclusiv-batch-1-4\/#breadcrumb\",\"itemListElement\":[{\"@type\":\"ListItem\",\"position\":1,\"name\":\"Startseite\",\"item\":\"https:\/\/www.dramfolks-whisky-auction.com\/fr\/\"},{\"@type\":\"ListItem\",\"position\":2,\"name\":\"Boutique\",\"item\":\"https:\/\/www.dramfolks-whisky-auction.com\/fr\/boutique\/\"},{\"@type\":\"ListItem\",\"position\":3,\"name\":\"Benromach &#8211; 11yo Germany Exclusiv Batch 1\"}]},{\"@type\":\"WebSite\",\"@id\":\"https:\/\/www.dramfolks-whisky-auction.com\/fr\/#website\",\"url\":\"https:\/\/www.dramfolks-whisky-auction.com\/fr\/\",\"name\":\"Dramfolks Whisky Auction\",\"description\":\"\",\"potentialAction\":[{\"@type\":\"SearchAction\",\"target\":{\"@type\":\"EntryPoint\",\"urlTemplate\":\"https:\/\/www.dramfolks-whisky-auction.com\/fr\/?s={search_term_string}\"},\"query-input\":{\"@type\":\"PropertyValueSpecification\",\"valueRequired\":true,\"valueName\":\"search_term_string\"}}],\"inLanguage\":\"fr-FR\"}]}<\/script>\n<!-- \/ Yoast SEO plugin. -->","yoast_head_json":{"title":"Benromach - 11yo Germany Exclusiv Batch 1 - Dramfolks Whisky Auction","robots":{"index":"index","follow":"follow","max-snippet":"max-snippet:-1","max-image-preview":"max-image-preview:large","max-video-preview":"max-video-preview:-1"},"canonical":"https:\/\/www.dramfolks-whisky-auction.com\/fr\/product\/benromach-11yo-germany-exclusiv-batch-1-4\/","og_locale":"fr_FR","og_type":"article","og_title":"Benromach - 11yo Germany Exclusiv Batch 1 - Dramfolks Whisky Auction","og_description":"Destille: Benromach Benromach Distillery ist eine Destillerie in der Speyside, die 1898 von Duncan McCallum und F.W. Brickman gegr\u00fcndet wurde. Benromachs Geschichte besteht aus zwei verschiedenen Teilen. Die in Forres ans\u00e4ssige Destillerie war ein Neubau des sp\u00e4ten 19. Jahrhunderts. Der Bau der Destillerie begann zwar 1898, aber die Brennerei startet erst 1900 mit der Herstellung[...]","og_url":"https:\/\/www.dramfolks-whisky-auction.com\/fr\/product\/benromach-11yo-germany-exclusiv-batch-1-4\/","og_site_name":"Dramfolks Whisky Auction","article_modified_time":"2024-06-16T17:30:14+00:00","og_image":[{"width":2560,"height":2560,"url":"https:\/\/www.dramfolks-whisky-auction.com\/wp-content\/uploads\/2024\/02\/Benromach-Germany-Exclusiv-vorne-scaled.jpg","type":"image\/jpeg"}],"twitter_card":"summary_large_image","twitter_misc":{"Dur\u00e9e de lecture estim\u00e9e":"3 minutes"},"schema":{"@context":"https:\/\/schema.org","@graph":[{"@type":"WebPage","@id":"https:\/\/www.dramfolks-whisky-auction.com\/fr\/product\/benromach-11yo-germany-exclusiv-batch-1-4\/","url":"https:\/\/www.dramfolks-whisky-auction.com\/fr\/product\/benromach-11yo-germany-exclusiv-batch-1-4\/","name":"Benromach - 11yo Germany Exclusiv Batch 1 - Dramfolks Whisky Auction","isPartOf":{"@id":"https:\/\/www.dramfolks-whisky-auction.com\/fr\/#website"},"primaryImageOfPage":{"@id":"https:\/\/www.dramfolks-whisky-auction.com\/fr\/product\/benromach-11yo-germany-exclusiv-batch-1-4\/#primaryimage"},"image":{"@id":"https:\/\/www.dramfolks-whisky-auction.com\/fr\/product\/benromach-11yo-germany-exclusiv-batch-1-4\/#primaryimage"},"thumbnailUrl":"https:\/\/www.dramfolks-whisky-auction.com\/wp-content\/uploads\/2024\/02\/Benromach-Germany-Exclusiv-vorne-scaled.jpg","datePublished":"2024-05-29T16:54:39+00:00","dateModified":"2024-06-16T17:30:14+00:00","breadcrumb":{"@id":"https:\/\/www.dramfolks-whisky-auction.com\/fr\/product\/benromach-11yo-germany-exclusiv-batch-1-4\/#breadcrumb"},"inLanguage":"fr-FR","potentialAction":[{"@type":"ReadAction","target":["https:\/\/www.dramfolks-whisky-auction.com\/fr\/product\/benromach-11yo-germany-exclusiv-batch-1-4\/"]}]},{"@type":"ImageObject","inLanguage":"fr-FR","@id":"https:\/\/www.dramfolks-whisky-auction.com\/fr\/product\/benromach-11yo-germany-exclusiv-batch-1-4\/#primaryimage","url":"https:\/\/www.dramfolks-whisky-auction.com\/wp-content\/uploads\/2024\/02\/Benromach-Germany-Exclusiv-vorne-scaled.jpg","contentUrl":"https:\/\/www.dramfolks-whisky-auction.com\/wp-content\/uploads\/2024\/02\/Benromach-Germany-Exclusiv-vorne-scaled.jpg","width":2560,"height":2560},{"@type":"BreadcrumbList","@id":"https:\/\/www.dramfolks-whisky-auction.com\/fr\/product\/benromach-11yo-germany-exclusiv-batch-1-4\/#breadcrumb","itemListElement":[{"@type":"ListItem","position":1,"name":"Startseite","item":"https:\/\/www.dramfolks-whisky-auction.com\/fr\/"},{"@type":"ListItem","position":2,"name":"Boutique","item":"https:\/\/www.dramfolks-whisky-auction.com\/fr\/boutique\/"},{"@type":"ListItem","position":3,"name":"Benromach &#8211; 11yo Germany Exclusiv Batch 1"}]},{"@type":"WebSite","@id":"https:\/\/www.dramfolks-whisky-auction.com\/fr\/#website","url":"https:\/\/www.dramfolks-whisky-auction.com\/fr\/","name":"Dramfolks Whisky Auction","description":"","potentialAction":[{"@type":"SearchAction","target":{"@type":"EntryPoint","urlTemplate":"https:\/\/www.dramfolks-whisky-auction.com\/fr\/?s={search_term_string}"},"query-input":{"@type":"PropertyValueSpecification","valueRequired":true,"valueName":"search_term_string"}}],"inLanguage":"fr-FR"}]}},"_links":{"self":[{"href":"https:\/\/www.dramfolks-whisky-auction.com\/fr\/wp-json\/wp\/v2\/product\/48698","targetHints":{"allow":["GET"]}}],"collection":[{"href":"https:\/\/www.dramfolks-whisky-auction.com\/fr\/wp-json\/wp\/v2\/product"}],"about":[{"href":"https:\/\/www.dramfolks-whisky-auction.com\/fr\/wp-json\/wp\/v2\/types\/product"}],"replies":[{"embeddable":true,"href":"https:\/\/www.dramfolks-whisky-auction.com\/fr\/wp-json\/wp\/v2\/comments?post=48698"}],"wp:featuredmedia":[{"embeddable":true,"href":"https:\/\/www.dramfolks-whisky-auction.com\/fr\/wp-json\/wp\/v2\/media\/5369"}],"wp:attachment":[{"href":"https:\/\/www.dramfolks-whisky-auction.com\/fr\/wp-json\/wp\/v2\/media?parent=48698"}],"wp:term":[{"taxonomy":"product_brand","embeddable":true,"href":"https:\/\/www.dramfolks-whisky-auction.com\/fr\/wp-json\/wp\/v2\/product_brand?post=48698"},{"taxonomy":"product_cat","embeddable":true,"href":"https:\/\/www.dramfolks-whisky-auction.com\/fr\/wp-json\/wp\/v2\/product_cat?post=48698"},{"taxonomy":"product_tag","embeddable":true,"href":"https:\/\/www.dramfolks-whisky-auction.com\/fr\/wp-json\/wp\/v2\/product_tag?post=48698"}],"curies":[{"name":"wp","href":"https:\/\/api.w.org\/{rel}","templated":true}]}}