{"id":48692,"date":"2024-05-29T18:55:29","date_gmt":"2024-05-29T16:55:29","guid":{"rendered":"https:\/\/www.dramfolks-whisky-auction.com\/?post_type=product&#038;p=48692"},"modified":"2024-06-16T19:00:03","modified_gmt":"2024-06-16T17:00:03","slug":"bladnoch-pure-scot-signature-3","status":"publish","type":"product","link":"https:\/\/www.dramfolks-whisky-auction.com\/fr\/product\/bladnoch-pure-scot-signature-3\/","title":{"rendered":"Bladnoch &#8211; Pure Scot Signature"},"content":{"rendered":"<p><strong>Destille: Bladnoch<br \/>\n<\/strong>Bladnoch ist eine Whiskybrennerei im Dorf Bladnoch nahe Wigtown, Dumfries and Galloway, Schottland. Die Brennerei wurde 1817 von den Br\u00fcdern John und Thomas McClelland gegr\u00fcndet. 1905 wurde die Produktion eingestellt und 1911 wurde sie an Wm Dunville &amp; Co. Ltd. verkauft. Ab Oktober 1912 wurde wieder Whisky gebrannt. Bis 1937 folgten zahlreich kurzzeitige Stilllegungen. 1938 wurde die Destillerie an Ross &amp; Coulter verkauft, die Brennblasen wurden abgebaut und nach Schweden gebracht. Erst 1956 wurde die Brennerei durch Bladnoch Co. Ltd. wieder aufgebaut. 1964 wurde die Brennerei an McGow &amp; Cameron verkauft, welche 1966 zwei weitere Brennblasen einbauen lie\u00dfen. 1973 kauften Inverhouse Distillers die Brennerei, 1983 ging sie an Arthur Bell &amp; Sons und 1985 zu United Distillers, welche sie 1993 stilllegten. 1995 wurde der Betrieb von Raymond Armstrong aus Nordirland gekauft und im Jahr 2000 mit zwei Brennblasen wieder in Betrieb genommen. Dieser Whisky ist erst seit April 2008 als Single Malt im Handel erh\u00e4ltlich. Daneben gibt es noch meist unabh\u00e4ngige Abf\u00fcllungen aus der Produktion vor 1994.<br \/>\n2015 wurde die Destillerie vom australischen Unternehmer David Prior gekauft. Im Februar 2017 wurde mit der Modernisierung der Brennerei begonnen. J\u00e4hrliche Produktionsmenge: ca. 0,25 Millionen Liter Alkohol.<\/p>\n<p><strong>Fun Fakt:<\/strong> Ab in den S\u00fcden&#8230; Bladnoch ist die s\u00fcdlichste Whiskydestillerie Schottlands.<\/p>\n<p><strong>Whisky\/Whiskey: Pure Scot Signature<\/strong><br \/>\nDer Pure Scot wurde von den neuen Besitzern der Bladnoch Distillery ins Leben gerufen um der Destillerie finanziell wieder auf die Beine zu helfen. Dieser einzigartiger Bladnoch Blend Malt wird mit Whisky aus der Speyside, den Highlands und Islay kombiniert, um Pure Scot mit einem knackigen, weichen und modernen Geschmack zum Leben zu erwecken. Der Pure Scot Blend ist die perfekte Basis f\u00fcr jeden Whisky-Cocktail. Auf diversen Veranstaltungen heimste er viele Titel ein&#8230; Goldmedaille im Jahr 2016 bei den China Wine &amp; Spirits Awards um im darauffolgenden Jahr 2017 bei The Scotch Whisky Masters &lsquo;Ultra-Premium&rsquo;. So reihen sich in den Jahren 2016, 2017 und 2018 noch unz\u00e4hlige Preise f\u00fcr diesen tollen Blend aneinander&#8230;<\/p>\n<p><strong>Info Qualit\u00e4t der Flasche:<\/strong> Exzellent ohne Besch\u00e4digungen \/ <strong>F\u00fcllstand:<\/strong> Top shoulder<br \/>\n<strong>Info Qualit\u00e4t der Box: <\/strong>Exzellent &#8211; ohne Besch\u00e4digungen<\/p>\n<p><strong>Wichtiger Hinweis:<\/strong> Die Bewertung der Flaschen und Boxen erfolgt nach \u201ebesten Wissen und Gewissen\u201c. dramfolks kann keine Gew\u00e4hrleistung f\u00fcr den Inhalt der Flaschen \u00fcbernehmen. Weitere Infos &amp; Hinweise finden Sie in unseren AGBs. Wir empfehlen Ihnen, vor der Abgabe von Geboten \u00fcber die Zoomfunktion eine Besichtigung \/ genaue Pr\u00fcfung des angebotenen Whiskys vorzunehmen. Bitte kontaktieren sie uns bei Fragen direkt unter info@dramfolks.com<\/p>\n","protected":false},"excerpt":{"rendered":"<p>Destille: Bladnoch Bladnoch ist eine Whiskybrennerei im Dorf Bladnoch nahe Wigtown, Dumfries and Galloway, Schottland. Die Brennerei wurde 1817 von den Br\u00fcdern John und Thomas McClelland gegr\u00fcndet. 1905 wurde die Produktion eingestellt und 1911 wurde sie an Wm Dunville &amp; Co. Ltd. verkauft. Ab Oktober 1912 wurde wieder Whisky gebrannt. Bis 1937 folgten zahlreich kurzzeitige[&#8230;]\n","protected":false},"featured_media":5853,"comment_status":"closed","ping_status":"closed","template":"","meta":[],"product_brand":[],"product_cat":[848],"product_tag":[],"class_list":{"0":"post-48692","1":"product","2":"type-product","3":"status-publish","4":"has-post-thumbnail","6":"product_cat-no-11","8":"first","9":"instock","10":"shipping-taxable","11":"purchasable","12":"product-type-auction"},"yoast_head":"<!-- This site is optimized with the Yoast SEO plugin v27.0 - https:\/\/yoast.com\/product\/yoast-seo-wordpress\/ -->\n<title>Bladnoch - Pure Scot Signature - Dramfolks Whisky Auction<\/title>\n<meta name=\"robots\" content=\"index, follow, max-snippet:-1, max-image-preview:large, max-video-preview:-1\" \/>\n<link rel=\"canonical\" href=\"https:\/\/www.dramfolks-whisky-auction.com\/fr\/product\/bladnoch-pure-scot-signature-3\/\" \/>\n<meta property=\"og:locale\" content=\"fr_FR\" \/>\n<meta property=\"og:type\" content=\"article\" \/>\n<meta property=\"og:title\" content=\"Bladnoch - Pure Scot Signature - Dramfolks Whisky Auction\" \/>\n<meta property=\"og:description\" content=\"Destille: Bladnoch Bladnoch ist eine Whiskybrennerei im Dorf Bladnoch nahe Wigtown, Dumfries and Galloway, Schottland. Die Brennerei wurde 1817 von den Br\u00fcdern John und Thomas McClelland gegr\u00fcndet. 1905 wurde die Produktion eingestellt und 1911 wurde sie an Wm Dunville &amp; Co. Ltd. verkauft. Ab Oktober 1912 wurde wieder Whisky gebrannt. Bis 1937 folgten zahlreich kurzzeitige[...]\" \/>\n<meta property=\"og:url\" content=\"https:\/\/www.dramfolks-whisky-auction.com\/fr\/product\/bladnoch-pure-scot-signature-3\/\" \/>\n<meta property=\"og:site_name\" content=\"Dramfolks Whisky Auction\" \/>\n<meta property=\"article:modified_time\" content=\"2024-06-16T17:00:03+00:00\" \/>\n<meta property=\"og:image\" content=\"https:\/\/www.dramfolks-whisky-auction.com\/wp-content\/uploads\/2024\/04\/Pure-Scott-vorne-scaled.jpg\" \/>\n\t<meta property=\"og:image:width\" content=\"2560\" \/>\n\t<meta property=\"og:image:height\" content=\"2560\" \/>\n\t<meta property=\"og:image:type\" content=\"image\/jpeg\" \/>\n<meta name=\"twitter:card\" content=\"summary_large_image\" \/>\n<meta name=\"twitter:label1\" content=\"Dur\u00e9e de lecture estim\u00e9e\" \/>\n\t<meta name=\"twitter:data1\" content=\"3 minutes\" \/>\n<script type=\"application\/ld+json\" class=\"yoast-schema-graph\">{\"@context\":\"https:\/\/schema.org\",\"@graph\":[{\"@type\":\"WebPage\",\"@id\":\"https:\/\/www.dramfolks-whisky-auction.com\/fr\/product\/bladnoch-pure-scot-signature-3\/\",\"url\":\"https:\/\/www.dramfolks-whisky-auction.com\/fr\/product\/bladnoch-pure-scot-signature-3\/\",\"name\":\"Bladnoch - Pure Scot Signature - Dramfolks Whisky Auction\",\"isPartOf\":{\"@id\":\"https:\/\/www.dramfolks-whisky-auction.com\/fr\/#website\"},\"primaryImageOfPage\":{\"@id\":\"https:\/\/www.dramfolks-whisky-auction.com\/fr\/product\/bladnoch-pure-scot-signature-3\/#primaryimage\"},\"image\":{\"@id\":\"https:\/\/www.dramfolks-whisky-auction.com\/fr\/product\/bladnoch-pure-scot-signature-3\/#primaryimage\"},\"thumbnailUrl\":\"https:\/\/www.dramfolks-whisky-auction.com\/wp-content\/uploads\/2024\/04\/Pure-Scott-vorne-scaled.jpg\",\"datePublished\":\"2024-05-29T16:55:29+00:00\",\"dateModified\":\"2024-06-16T17:00:03+00:00\",\"breadcrumb\":{\"@id\":\"https:\/\/www.dramfolks-whisky-auction.com\/fr\/product\/bladnoch-pure-scot-signature-3\/#breadcrumb\"},\"inLanguage\":\"fr-FR\",\"potentialAction\":[{\"@type\":\"ReadAction\",\"target\":[\"https:\/\/www.dramfolks-whisky-auction.com\/fr\/product\/bladnoch-pure-scot-signature-3\/\"]}]},{\"@type\":\"ImageObject\",\"inLanguage\":\"fr-FR\",\"@id\":\"https:\/\/www.dramfolks-whisky-auction.com\/fr\/product\/bladnoch-pure-scot-signature-3\/#primaryimage\",\"url\":\"https:\/\/www.dramfolks-whisky-auction.com\/wp-content\/uploads\/2024\/04\/Pure-Scott-vorne-scaled.jpg\",\"contentUrl\":\"https:\/\/www.dramfolks-whisky-auction.com\/wp-content\/uploads\/2024\/04\/Pure-Scott-vorne-scaled.jpg\",\"width\":2560,\"height\":2560},{\"@type\":\"BreadcrumbList\",\"@id\":\"https:\/\/www.dramfolks-whisky-auction.com\/fr\/product\/bladnoch-pure-scot-signature-3\/#breadcrumb\",\"itemListElement\":[{\"@type\":\"ListItem\",\"position\":1,\"name\":\"Startseite\",\"item\":\"https:\/\/www.dramfolks-whisky-auction.com\/fr\/\"},{\"@type\":\"ListItem\",\"position\":2,\"name\":\"Boutique\",\"item\":\"https:\/\/www.dramfolks-whisky-auction.com\/fr\/boutique\/\"},{\"@type\":\"ListItem\",\"position\":3,\"name\":\"Bladnoch &#8211; Pure Scot Signature\"}]},{\"@type\":\"WebSite\",\"@id\":\"https:\/\/www.dramfolks-whisky-auction.com\/fr\/#website\",\"url\":\"https:\/\/www.dramfolks-whisky-auction.com\/fr\/\",\"name\":\"Dramfolks Whisky Auction\",\"description\":\"\",\"potentialAction\":[{\"@type\":\"SearchAction\",\"target\":{\"@type\":\"EntryPoint\",\"urlTemplate\":\"https:\/\/www.dramfolks-whisky-auction.com\/fr\/?s={search_term_string}\"},\"query-input\":{\"@type\":\"PropertyValueSpecification\",\"valueRequired\":true,\"valueName\":\"search_term_string\"}}],\"inLanguage\":\"fr-FR\"}]}<\/script>\n<!-- \/ Yoast SEO plugin. -->","yoast_head_json":{"title":"Bladnoch - Pure Scot Signature - Dramfolks Whisky Auction","robots":{"index":"index","follow":"follow","max-snippet":"max-snippet:-1","max-image-preview":"max-image-preview:large","max-video-preview":"max-video-preview:-1"},"canonical":"https:\/\/www.dramfolks-whisky-auction.com\/fr\/product\/bladnoch-pure-scot-signature-3\/","og_locale":"fr_FR","og_type":"article","og_title":"Bladnoch - Pure Scot Signature - Dramfolks Whisky Auction","og_description":"Destille: Bladnoch Bladnoch ist eine Whiskybrennerei im Dorf Bladnoch nahe Wigtown, Dumfries and Galloway, Schottland. Die Brennerei wurde 1817 von den Br\u00fcdern John und Thomas McClelland gegr\u00fcndet. 1905 wurde die Produktion eingestellt und 1911 wurde sie an Wm Dunville &amp; Co. Ltd. verkauft. Ab Oktober 1912 wurde wieder Whisky gebrannt. Bis 1937 folgten zahlreich kurzzeitige[...]","og_url":"https:\/\/www.dramfolks-whisky-auction.com\/fr\/product\/bladnoch-pure-scot-signature-3\/","og_site_name":"Dramfolks Whisky Auction","article_modified_time":"2024-06-16T17:00:03+00:00","og_image":[{"width":2560,"height":2560,"url":"https:\/\/www.dramfolks-whisky-auction.com\/wp-content\/uploads\/2024\/04\/Pure-Scott-vorne-scaled.jpg","type":"image\/jpeg"}],"twitter_card":"summary_large_image","twitter_misc":{"Dur\u00e9e de lecture estim\u00e9e":"3 minutes"},"schema":{"@context":"https:\/\/schema.org","@graph":[{"@type":"WebPage","@id":"https:\/\/www.dramfolks-whisky-auction.com\/fr\/product\/bladnoch-pure-scot-signature-3\/","url":"https:\/\/www.dramfolks-whisky-auction.com\/fr\/product\/bladnoch-pure-scot-signature-3\/","name":"Bladnoch - Pure Scot Signature - Dramfolks Whisky Auction","isPartOf":{"@id":"https:\/\/www.dramfolks-whisky-auction.com\/fr\/#website"},"primaryImageOfPage":{"@id":"https:\/\/www.dramfolks-whisky-auction.com\/fr\/product\/bladnoch-pure-scot-signature-3\/#primaryimage"},"image":{"@id":"https:\/\/www.dramfolks-whisky-auction.com\/fr\/product\/bladnoch-pure-scot-signature-3\/#primaryimage"},"thumbnailUrl":"https:\/\/www.dramfolks-whisky-auction.com\/wp-content\/uploads\/2024\/04\/Pure-Scott-vorne-scaled.jpg","datePublished":"2024-05-29T16:55:29+00:00","dateModified":"2024-06-16T17:00:03+00:00","breadcrumb":{"@id":"https:\/\/www.dramfolks-whisky-auction.com\/fr\/product\/bladnoch-pure-scot-signature-3\/#breadcrumb"},"inLanguage":"fr-FR","potentialAction":[{"@type":"ReadAction","target":["https:\/\/www.dramfolks-whisky-auction.com\/fr\/product\/bladnoch-pure-scot-signature-3\/"]}]},{"@type":"ImageObject","inLanguage":"fr-FR","@id":"https:\/\/www.dramfolks-whisky-auction.com\/fr\/product\/bladnoch-pure-scot-signature-3\/#primaryimage","url":"https:\/\/www.dramfolks-whisky-auction.com\/wp-content\/uploads\/2024\/04\/Pure-Scott-vorne-scaled.jpg","contentUrl":"https:\/\/www.dramfolks-whisky-auction.com\/wp-content\/uploads\/2024\/04\/Pure-Scott-vorne-scaled.jpg","width":2560,"height":2560},{"@type":"BreadcrumbList","@id":"https:\/\/www.dramfolks-whisky-auction.com\/fr\/product\/bladnoch-pure-scot-signature-3\/#breadcrumb","itemListElement":[{"@type":"ListItem","position":1,"name":"Startseite","item":"https:\/\/www.dramfolks-whisky-auction.com\/fr\/"},{"@type":"ListItem","position":2,"name":"Boutique","item":"https:\/\/www.dramfolks-whisky-auction.com\/fr\/boutique\/"},{"@type":"ListItem","position":3,"name":"Bladnoch &#8211; Pure Scot Signature"}]},{"@type":"WebSite","@id":"https:\/\/www.dramfolks-whisky-auction.com\/fr\/#website","url":"https:\/\/www.dramfolks-whisky-auction.com\/fr\/","name":"Dramfolks Whisky Auction","description":"","potentialAction":[{"@type":"SearchAction","target":{"@type":"EntryPoint","urlTemplate":"https:\/\/www.dramfolks-whisky-auction.com\/fr\/?s={search_term_string}"},"query-input":{"@type":"PropertyValueSpecification","valueRequired":true,"valueName":"search_term_string"}}],"inLanguage":"fr-FR"}]}},"_links":{"self":[{"href":"https:\/\/www.dramfolks-whisky-auction.com\/fr\/wp-json\/wp\/v2\/product\/48692","targetHints":{"allow":["GET"]}}],"collection":[{"href":"https:\/\/www.dramfolks-whisky-auction.com\/fr\/wp-json\/wp\/v2\/product"}],"about":[{"href":"https:\/\/www.dramfolks-whisky-auction.com\/fr\/wp-json\/wp\/v2\/types\/product"}],"replies":[{"embeddable":true,"href":"https:\/\/www.dramfolks-whisky-auction.com\/fr\/wp-json\/wp\/v2\/comments?post=48692"}],"wp:featuredmedia":[{"embeddable":true,"href":"https:\/\/www.dramfolks-whisky-auction.com\/fr\/wp-json\/wp\/v2\/media\/5853"}],"wp:attachment":[{"href":"https:\/\/www.dramfolks-whisky-auction.com\/fr\/wp-json\/wp\/v2\/media?parent=48692"}],"wp:term":[{"taxonomy":"product_brand","embeddable":true,"href":"https:\/\/www.dramfolks-whisky-auction.com\/fr\/wp-json\/wp\/v2\/product_brand?post=48692"},{"taxonomy":"product_cat","embeddable":true,"href":"https:\/\/www.dramfolks-whisky-auction.com\/fr\/wp-json\/wp\/v2\/product_cat?post=48692"},{"taxonomy":"product_tag","embeddable":true,"href":"https:\/\/www.dramfolks-whisky-auction.com\/fr\/wp-json\/wp\/v2\/product_tag?post=48692"}],"curies":[{"name":"wp","href":"https:\/\/api.w.org\/{rel}","templated":true}]}}