{"id":48688,"date":"2024-05-29T18:55:29","date_gmt":"2024-05-29T16:55:29","guid":{"rendered":"https:\/\/www.dramfolks-whisky-auction.com\/?post_type=product&#038;p=48688"},"modified":"2024-06-16T19:45:01","modified_gmt":"2024-06-16T17:45:01","slug":"pulteney-distillery-old-pulteney-12yo-3","status":"publish","type":"product","link":"https:\/\/www.dramfolks-whisky-auction.com\/fr\/product\/pulteney-distillery-old-pulteney-12yo-3\/","title":{"rendered":"Pulteney Distillery &#8211; Old Pulteney 12yo"},"content":{"rendered":"<p><strong>Destille: Pulteney Distillery<br \/>\n<\/strong>Pulteney ist der Name einer Brennerei f\u00fcr Single-Malt-Whisky, gelegen in der Hafenstadt Wick der Grafschaft Caithness in Schottland. Das Gel\u00e4nde der Destillerie befindet sich zwar in st\u00e4dtischer Lage, liegt aber, was den Geschmack des hier erzeugten Whiskys deutlich beeinflusst, nur 230 Meter vom Meer entfernt. Der von der Brennerei erzeugte Single Malt Scotch Whisky hei\u00dft Old Pulteney, wobei das Wort Old (engl. f\u00fcr &lsquo;alt&rsquo;) darauf hinweisen soll, dass der Whisky besonders schnell reift (und nicht, dass er besonders alt ist). Der Name Pulteney ist auch der Name des Teils der Stadt Wick, in dem die Brennerei liegt und der nach dem damaligen Direktor der britischen Fischereigesellschaft, Sir William Johnstone Pulteney, benannt wurde. Er hatte 1810 Teile der Stadt als Ideal eines Fischereihafens entworfen. Die j\u00e4hrliche Produktionsmenge von Pulteney liegt aktuell bei 1,0 Millionen Litern.<\/p>\n<p><strong>Fun Fakt:\u00a0<\/strong>Schon gewusst? 4 Facts \u00fcber Pulteney&#8230;<br \/>\n1) NORDEN &#8211; Die Brennerei geh\u00f6rt mit ihren zwei Brennblasen zu den kleineren in Schottland und war bis zur Er\u00f6ffnung der Brennerei Wolfburn 2013 die n\u00f6rdlichste des schottischen Festlandes.<br \/>\n2) MANZANILLA &#8211; Wegen seines leicht salzigen und trockenen Geschmacks tr\u00e4gt Pulteney auch den Beinamen \u00ab\u00a0Manzanilla des Nordens\u00a0\u00bb.<br \/>\n3) WHISKY OF THE YEAR &#8211; Der 21 Jahre alte Old Pulteney wurde von Jim Murray in seiner j\u00e4hrlich erscheinenden Whisky Bible zum Whisky des Jahres 2012 gek\u00fcrt.<br \/>\n4) WHISKY zum Heizen &#8211; In letzter Zeit machte die Brennerei von sich reden, weil sie zusammen mit der Stadtverwaltung ein Projekt f\u00fcr die Nutzung der bei der Destillation entstehenden Abw\u00e4rme ins Leben rief. Die abgef\u00fchrte W\u00e4rme reicht f\u00fcr die Beheizung von etwa 1.500 Haushalten.<\/p>\n<p><strong>Whisky\/Whiskey: Old Pulteney 12yo<br \/>\n<\/strong>Der Old Pulteney 12yo war der erste Single Malt den die, in der schottischen Highland Region beheimatete Pulteney Destillerie, im Jahr 1997, auf den Markt brachte. Dieser Scotch Single Malt zeigt eindrucksvoll den trockenen, leicht salzigen Brennerei-Charakter und \u00fcberzeugt durch seine elegante maritime Note. Old Pulteney 12 Jahre wird mit 40% Vol. in eine sch\u00f6ne originelle Flasche abgef\u00fcllt. Zudem hier mit der sch\u00f6nen Geschenkverpackung, von der der obere Kartonteil elegant abgehoben werden kann. Der maritime Old Pulteney 12yo wurde, neben anderen Auszeichnungen, im Jahr 2016 mit der besonders begehrten Goldmedaille des \u201eSan Francisco World Spirits Competition\u00a0\u00bb ausgezeichnet. Er hat eine samtige S\u00fc\u00dfe, die einher geht mit Aromen von Zitrone und getrockneter Banane. Der weiche und langanhaltende Abgang erinnert mit einem leicht salzigen Hauch von Seeluft sofort an die maritime Verbundenheit von Old Pulteney.<\/p>\n<p><strong>Info Qualit\u00e4t der Flasche:<\/strong> Exzellent &#8211; ohne Besch\u00e4digungen \/ <strong>F\u00fcllstand:<\/strong> High fill<br \/>\n<strong>Info Qualit\u00e4t der Box:\u00a0<\/strong>Exzellent &#8211; ohne Besch\u00e4digungen<\/p>\n<p><strong>Wichtiger Hinweis:<\/strong> Die Bewertung der Flaschen und Boxen erfolgt nach \u201ebesten Wissen und Gewissen\u201c. dramfolks kann keine Gew\u00e4hrleistung f\u00fcr den Inhalt der Flaschen \u00fcbernehmen. Weitere Infos &amp; Hinweise finden Sie in unseren AGBs. Wir empfehlen Ihnen, vor der Abgabe von Geboten \u00fcber die Zoomfunktion eine Besichtigung \/ genaue Pr\u00fcfung des angebotenen Whiskys vorzunehmen. Bitte kontaktieren sie uns bei Fragen direkt unter info@dramfolks.com<\/p>\n","protected":false},"excerpt":{"rendered":"<p>Destille: Pulteney Distillery Pulteney ist der Name einer Brennerei f\u00fcr Single-Malt-Whisky, gelegen in der Hafenstadt Wick der Grafschaft Caithness in Schottland. Das Gel\u00e4nde der Destillerie befindet sich zwar in st\u00e4dtischer Lage, liegt aber, was den Geschmack des hier erzeugten Whiskys deutlich beeinflusst, nur 230 Meter vom Meer entfernt. Der von der Brennerei erzeugte Single Malt[&#8230;]\n","protected":false},"featured_media":5781,"comment_status":"closed","ping_status":"closed","template":"","meta":[],"product_brand":[],"product_cat":[848],"product_tag":[],"class_list":{"0":"post-48688","1":"product","2":"type-product","3":"status-publish","4":"has-post-thumbnail","6":"product_cat-no-11","8":"first","9":"instock","10":"shipping-taxable","11":"purchasable","12":"product-type-auction"},"yoast_head":"<!-- This site is optimized with the Yoast SEO plugin v27.0 - https:\/\/yoast.com\/product\/yoast-seo-wordpress\/ -->\n<title>Pulteney Distillery - Old Pulteney 12yo - Dramfolks Whisky Auction<\/title>\n<meta name=\"robots\" content=\"index, follow, max-snippet:-1, max-image-preview:large, max-video-preview:-1\" \/>\n<link rel=\"canonical\" href=\"https:\/\/www.dramfolks-whisky-auction.com\/fr\/product\/pulteney-distillery-old-pulteney-12yo-3\/\" \/>\n<meta property=\"og:locale\" content=\"fr_FR\" \/>\n<meta property=\"og:type\" content=\"article\" \/>\n<meta property=\"og:title\" content=\"Pulteney Distillery - Old Pulteney 12yo - Dramfolks Whisky Auction\" \/>\n<meta property=\"og:description\" content=\"Destille: Pulteney Distillery Pulteney ist der Name einer Brennerei f\u00fcr Single-Malt-Whisky, gelegen in der Hafenstadt Wick der Grafschaft Caithness in Schottland. Das Gel\u00e4nde der Destillerie befindet sich zwar in st\u00e4dtischer Lage, liegt aber, was den Geschmack des hier erzeugten Whiskys deutlich beeinflusst, nur 230 Meter vom Meer entfernt. Der von der Brennerei erzeugte Single Malt[...]\" \/>\n<meta property=\"og:url\" content=\"https:\/\/www.dramfolks-whisky-auction.com\/fr\/product\/pulteney-distillery-old-pulteney-12yo-3\/\" \/>\n<meta property=\"og:site_name\" content=\"Dramfolks Whisky Auction\" \/>\n<meta property=\"article:modified_time\" content=\"2024-06-16T17:45:01+00:00\" \/>\n<meta property=\"og:image\" content=\"https:\/\/www.dramfolks-whisky-auction.com\/wp-content\/uploads\/2024\/04\/Old-Pulteney-12yo-vorne-scaled.jpg\" \/>\n\t<meta property=\"og:image:width\" content=\"2560\" \/>\n\t<meta property=\"og:image:height\" content=\"2560\" \/>\n\t<meta property=\"og:image:type\" content=\"image\/jpeg\" \/>\n<meta name=\"twitter:card\" content=\"summary_large_image\" \/>\n<meta name=\"twitter:label1\" content=\"Dur\u00e9e de lecture estim\u00e9e\" \/>\n\t<meta name=\"twitter:data1\" content=\"3 minutes\" \/>\n<script type=\"application\/ld+json\" class=\"yoast-schema-graph\">{\"@context\":\"https:\/\/schema.org\",\"@graph\":[{\"@type\":\"WebPage\",\"@id\":\"https:\/\/www.dramfolks-whisky-auction.com\/fr\/product\/pulteney-distillery-old-pulteney-12yo-3\/\",\"url\":\"https:\/\/www.dramfolks-whisky-auction.com\/fr\/product\/pulteney-distillery-old-pulteney-12yo-3\/\",\"name\":\"Pulteney Distillery - Old Pulteney 12yo - Dramfolks Whisky Auction\",\"isPartOf\":{\"@id\":\"https:\/\/www.dramfolks-whisky-auction.com\/fr\/#website\"},\"primaryImageOfPage\":{\"@id\":\"https:\/\/www.dramfolks-whisky-auction.com\/fr\/product\/pulteney-distillery-old-pulteney-12yo-3\/#primaryimage\"},\"image\":{\"@id\":\"https:\/\/www.dramfolks-whisky-auction.com\/fr\/product\/pulteney-distillery-old-pulteney-12yo-3\/#primaryimage\"},\"thumbnailUrl\":\"https:\/\/www.dramfolks-whisky-auction.com\/wp-content\/uploads\/2024\/04\/Old-Pulteney-12yo-vorne-scaled.jpg\",\"datePublished\":\"2024-05-29T16:55:29+00:00\",\"dateModified\":\"2024-06-16T17:45:01+00:00\",\"breadcrumb\":{\"@id\":\"https:\/\/www.dramfolks-whisky-auction.com\/fr\/product\/pulteney-distillery-old-pulteney-12yo-3\/#breadcrumb\"},\"inLanguage\":\"fr-FR\",\"potentialAction\":[{\"@type\":\"ReadAction\",\"target\":[\"https:\/\/www.dramfolks-whisky-auction.com\/fr\/product\/pulteney-distillery-old-pulteney-12yo-3\/\"]}]},{\"@type\":\"ImageObject\",\"inLanguage\":\"fr-FR\",\"@id\":\"https:\/\/www.dramfolks-whisky-auction.com\/fr\/product\/pulteney-distillery-old-pulteney-12yo-3\/#primaryimage\",\"url\":\"https:\/\/www.dramfolks-whisky-auction.com\/wp-content\/uploads\/2024\/04\/Old-Pulteney-12yo-vorne-scaled.jpg\",\"contentUrl\":\"https:\/\/www.dramfolks-whisky-auction.com\/wp-content\/uploads\/2024\/04\/Old-Pulteney-12yo-vorne-scaled.jpg\",\"width\":2560,\"height\":2560},{\"@type\":\"BreadcrumbList\",\"@id\":\"https:\/\/www.dramfolks-whisky-auction.com\/fr\/product\/pulteney-distillery-old-pulteney-12yo-3\/#breadcrumb\",\"itemListElement\":[{\"@type\":\"ListItem\",\"position\":1,\"name\":\"Startseite\",\"item\":\"https:\/\/www.dramfolks-whisky-auction.com\/fr\/\"},{\"@type\":\"ListItem\",\"position\":2,\"name\":\"Boutique\",\"item\":\"https:\/\/www.dramfolks-whisky-auction.com\/fr\/boutique\/\"},{\"@type\":\"ListItem\",\"position\":3,\"name\":\"Pulteney Distillery &#8211; Old Pulteney 12yo\"}]},{\"@type\":\"WebSite\",\"@id\":\"https:\/\/www.dramfolks-whisky-auction.com\/fr\/#website\",\"url\":\"https:\/\/www.dramfolks-whisky-auction.com\/fr\/\",\"name\":\"Dramfolks Whisky Auction\",\"description\":\"\",\"potentialAction\":[{\"@type\":\"SearchAction\",\"target\":{\"@type\":\"EntryPoint\",\"urlTemplate\":\"https:\/\/www.dramfolks-whisky-auction.com\/fr\/?s={search_term_string}\"},\"query-input\":{\"@type\":\"PropertyValueSpecification\",\"valueRequired\":true,\"valueName\":\"search_term_string\"}}],\"inLanguage\":\"fr-FR\"}]}<\/script>\n<!-- \/ Yoast SEO plugin. -->","yoast_head_json":{"title":"Pulteney Distillery - Old Pulteney 12yo - Dramfolks Whisky Auction","robots":{"index":"index","follow":"follow","max-snippet":"max-snippet:-1","max-image-preview":"max-image-preview:large","max-video-preview":"max-video-preview:-1"},"canonical":"https:\/\/www.dramfolks-whisky-auction.com\/fr\/product\/pulteney-distillery-old-pulteney-12yo-3\/","og_locale":"fr_FR","og_type":"article","og_title":"Pulteney Distillery - Old Pulteney 12yo - Dramfolks Whisky Auction","og_description":"Destille: Pulteney Distillery Pulteney ist der Name einer Brennerei f\u00fcr Single-Malt-Whisky, gelegen in der Hafenstadt Wick der Grafschaft Caithness in Schottland. Das Gel\u00e4nde der Destillerie befindet sich zwar in st\u00e4dtischer Lage, liegt aber, was den Geschmack des hier erzeugten Whiskys deutlich beeinflusst, nur 230 Meter vom Meer entfernt. Der von der Brennerei erzeugte Single Malt[...]","og_url":"https:\/\/www.dramfolks-whisky-auction.com\/fr\/product\/pulteney-distillery-old-pulteney-12yo-3\/","og_site_name":"Dramfolks Whisky Auction","article_modified_time":"2024-06-16T17:45:01+00:00","og_image":[{"width":2560,"height":2560,"url":"https:\/\/www.dramfolks-whisky-auction.com\/wp-content\/uploads\/2024\/04\/Old-Pulteney-12yo-vorne-scaled.jpg","type":"image\/jpeg"}],"twitter_card":"summary_large_image","twitter_misc":{"Dur\u00e9e de lecture estim\u00e9e":"3 minutes"},"schema":{"@context":"https:\/\/schema.org","@graph":[{"@type":"WebPage","@id":"https:\/\/www.dramfolks-whisky-auction.com\/fr\/product\/pulteney-distillery-old-pulteney-12yo-3\/","url":"https:\/\/www.dramfolks-whisky-auction.com\/fr\/product\/pulteney-distillery-old-pulteney-12yo-3\/","name":"Pulteney Distillery - Old Pulteney 12yo - Dramfolks Whisky Auction","isPartOf":{"@id":"https:\/\/www.dramfolks-whisky-auction.com\/fr\/#website"},"primaryImageOfPage":{"@id":"https:\/\/www.dramfolks-whisky-auction.com\/fr\/product\/pulteney-distillery-old-pulteney-12yo-3\/#primaryimage"},"image":{"@id":"https:\/\/www.dramfolks-whisky-auction.com\/fr\/product\/pulteney-distillery-old-pulteney-12yo-3\/#primaryimage"},"thumbnailUrl":"https:\/\/www.dramfolks-whisky-auction.com\/wp-content\/uploads\/2024\/04\/Old-Pulteney-12yo-vorne-scaled.jpg","datePublished":"2024-05-29T16:55:29+00:00","dateModified":"2024-06-16T17:45:01+00:00","breadcrumb":{"@id":"https:\/\/www.dramfolks-whisky-auction.com\/fr\/product\/pulteney-distillery-old-pulteney-12yo-3\/#breadcrumb"},"inLanguage":"fr-FR","potentialAction":[{"@type":"ReadAction","target":["https:\/\/www.dramfolks-whisky-auction.com\/fr\/product\/pulteney-distillery-old-pulteney-12yo-3\/"]}]},{"@type":"ImageObject","inLanguage":"fr-FR","@id":"https:\/\/www.dramfolks-whisky-auction.com\/fr\/product\/pulteney-distillery-old-pulteney-12yo-3\/#primaryimage","url":"https:\/\/www.dramfolks-whisky-auction.com\/wp-content\/uploads\/2024\/04\/Old-Pulteney-12yo-vorne-scaled.jpg","contentUrl":"https:\/\/www.dramfolks-whisky-auction.com\/wp-content\/uploads\/2024\/04\/Old-Pulteney-12yo-vorne-scaled.jpg","width":2560,"height":2560},{"@type":"BreadcrumbList","@id":"https:\/\/www.dramfolks-whisky-auction.com\/fr\/product\/pulteney-distillery-old-pulteney-12yo-3\/#breadcrumb","itemListElement":[{"@type":"ListItem","position":1,"name":"Startseite","item":"https:\/\/www.dramfolks-whisky-auction.com\/fr\/"},{"@type":"ListItem","position":2,"name":"Boutique","item":"https:\/\/www.dramfolks-whisky-auction.com\/fr\/boutique\/"},{"@type":"ListItem","position":3,"name":"Pulteney Distillery &#8211; Old Pulteney 12yo"}]},{"@type":"WebSite","@id":"https:\/\/www.dramfolks-whisky-auction.com\/fr\/#website","url":"https:\/\/www.dramfolks-whisky-auction.com\/fr\/","name":"Dramfolks Whisky Auction","description":"","potentialAction":[{"@type":"SearchAction","target":{"@type":"EntryPoint","urlTemplate":"https:\/\/www.dramfolks-whisky-auction.com\/fr\/?s={search_term_string}"},"query-input":{"@type":"PropertyValueSpecification","valueRequired":true,"valueName":"search_term_string"}}],"inLanguage":"fr-FR"}]}},"_links":{"self":[{"href":"https:\/\/www.dramfolks-whisky-auction.com\/fr\/wp-json\/wp\/v2\/product\/48688","targetHints":{"allow":["GET"]}}],"collection":[{"href":"https:\/\/www.dramfolks-whisky-auction.com\/fr\/wp-json\/wp\/v2\/product"}],"about":[{"href":"https:\/\/www.dramfolks-whisky-auction.com\/fr\/wp-json\/wp\/v2\/types\/product"}],"replies":[{"embeddable":true,"href":"https:\/\/www.dramfolks-whisky-auction.com\/fr\/wp-json\/wp\/v2\/comments?post=48688"}],"wp:featuredmedia":[{"embeddable":true,"href":"https:\/\/www.dramfolks-whisky-auction.com\/fr\/wp-json\/wp\/v2\/media\/5781"}],"wp:attachment":[{"href":"https:\/\/www.dramfolks-whisky-auction.com\/fr\/wp-json\/wp\/v2\/media?parent=48688"}],"wp:term":[{"taxonomy":"product_brand","embeddable":true,"href":"https:\/\/www.dramfolks-whisky-auction.com\/fr\/wp-json\/wp\/v2\/product_brand?post=48688"},{"taxonomy":"product_cat","embeddable":true,"href":"https:\/\/www.dramfolks-whisky-auction.com\/fr\/wp-json\/wp\/v2\/product_cat?post=48688"},{"taxonomy":"product_tag","embeddable":true,"href":"https:\/\/www.dramfolks-whisky-auction.com\/fr\/wp-json\/wp\/v2\/product_tag?post=48688"}],"curies":[{"name":"wp","href":"https:\/\/api.w.org\/{rel}","templated":true}]}}