{"id":48686,"date":"2024-05-29T18:55:30","date_gmt":"2024-05-29T16:55:30","guid":{"rendered":"https:\/\/www.dramfolks-whisky-auction.com\/?post_type=product&#038;p=48686"},"modified":"2024-06-20T07:43:08","modified_gmt":"2024-06-20T05:43:08","slug":"glenrothes-bourbon-cask-reserve-2016-3","status":"publish","type":"product","link":"https:\/\/www.dramfolks-whisky-auction.com\/fr\/product\/glenrothes-bourbon-cask-reserve-2016-3\/","title":{"rendered":"Glenrothes &#8211; Bourbon Cask Reserve 2016"},"content":{"rendered":"<p><strong>Destille: Glenrothes<br \/>\n<\/strong>Die Glenrothes Distillery liegt in Rothes im Herzen der Speyside. Sie kann auf eine turbulente Geschichte zur\u00fcckblicken. Glenrothes wurde von einigen Feuern heimgesucht und brannte einmal auch ganz ab, doch die <span class=\"tx-datamintslossaryextension-no-replacement\">Brennerei<\/span> stieg sprichw\u00f6rtlich wie der Ph\u00f6nix aus der Asche wieder empor und ist heute wieder dick im Whiskygesch\u00e4ft. 1999 kaufte die Edrington Group Highland Distillers inklusive Glenrothes. 2010 verkauften sie die Rechte an der Whiskymarke an Berry Bros &amp; Rudd. Die j\u00e4hrliche <span class=\"tx-datamintslossaryextension-no-replacement\">Produktionsmenge liegt bei<\/span> 5,6 Mio. Liter.<\/p>\n<p><strong>Fun Fakt: <\/strong>Zum ersten Mal wurde bei Glenrothes am 28. Dezember 1879 gebrannt. Das k\u00f6nnte ein schlechtes Omen gewesen sein, denn am selben Tag st\u00fcrzte die Tay Bridge in Dundee ein.<\/p>\n<p><strong>Whisky\/Whiskey: Bourbon Cask Reserve 2016<br \/>\n<\/strong>Bei diesem Glenrothes Bourbon Cask Reserve Speyside Whisky handelt es sich um eine Abf\u00fcllung, die den Alba Reserve ersetzte, der nicht mehr abgef\u00fcllt wird. Somit ist die Serie von Glenrothes, die eine Sherry und Peated Cask Abf\u00fcllung umfasst, abgerundet. Der Glenrothes Bourbon Cask Reserve wurde mit 40% Vol. in die sehr besondere Glenrothes 700 ml Flasche abgef\u00fcllt. Er reifte in amerikanischen Wei\u00dfeiche F\u00e4ssern, die zuvor mit bestem Bourbon Whiskey belegt waren. Dadurch entwickeln sich bei diesem Speyside Whisky weiche, von Vanille und dunklen Fr\u00fcchten unterlegte Aromen. Mit dieser Abf\u00fcllung gelingt es der Destillerie, die Charakteristik der Destillerie mit vollmundigen, leicht s\u00fc\u00dfen Aromen zu unterlegen.<\/p>\n<div class=\"description-long\"><strong>Info Qualit\u00e4t der Flasche:<\/strong> Exzellent &#8211; ohne Besch\u00e4digungen \/ <strong>F\u00fcllstand: <\/strong>Upper mid shoulder<br \/>\n<strong>Info Qualit\u00e4t der Box: <\/strong>Exzellent &#8211; ohne Besch\u00e4digungen<\/div>\n<p><strong>Wichtiger Hinweis:<\/strong> Die Bewertung der Flaschen und Boxen erfolgt nach \u201ebesten Wissen und Gewissen\u201c. dramfolks kann keine Gew\u00e4hrleistung f\u00fcr den Inhalt der Flaschen \u00fcbernehmen. Weitere Infos &amp; Hinweise finden Sie in unseren AGBs. Wir empfehlen Ihnen, vor der Abgabe von Geboten \u00fcber die Zoomfunktion eine Besichtigung \/ genaue Pr\u00fcfung des angebotenen Whiskys vorzunehmen. Bitte kontaktieren sie uns bei Fragen direkt unter info@dramfolks.com<\/p>\n","protected":false},"excerpt":{"rendered":"<p>Destille: Glenrothes Die Glenrothes Distillery liegt in Rothes im Herzen der Speyside. Sie kann auf eine turbulente Geschichte zur\u00fcckblicken. Glenrothes wurde von einigen Feuern heimgesucht und brannte einmal auch ganz ab, doch die Brennerei stieg sprichw\u00f6rtlich wie der Ph\u00f6nix aus der Asche wieder empor und ist heute wieder dick im Whiskygesch\u00e4ft. 1999 kaufte die Edrington[&#8230;]\n","protected":false},"featured_media":5766,"comment_status":"closed","ping_status":"closed","template":"","meta":[],"product_brand":[],"product_cat":[848],"product_tag":[],"class_list":{"0":"post-48686","1":"product","2":"type-product","3":"status-publish","4":"has-post-thumbnail","6":"product_cat-no-11","8":"first","9":"instock","10":"shipping-taxable","11":"purchasable","12":"product-type-auction"},"yoast_head":"<!-- This site is optimized with the Yoast SEO plugin v27.4 - https:\/\/yoast.com\/product\/yoast-seo-wordpress\/ -->\n<title>Glenrothes - Bourbon Cask Reserve 2016 - Dramfolks Whisky Auction<\/title>\n<meta name=\"robots\" content=\"index, follow, max-snippet:-1, max-image-preview:large, max-video-preview:-1\" \/>\n<link rel=\"canonical\" href=\"https:\/\/www.dramfolks-whisky-auction.com\/fr\/product\/glenrothes-bourbon-cask-reserve-2016-3\/\" \/>\n<meta property=\"og:locale\" content=\"fr_FR\" \/>\n<meta property=\"og:type\" content=\"article\" \/>\n<meta property=\"og:title\" content=\"Glenrothes - Bourbon Cask Reserve 2016 - Dramfolks Whisky Auction\" \/>\n<meta property=\"og:description\" content=\"Destille: Glenrothes Die Glenrothes Distillery liegt in Rothes im Herzen der Speyside. Sie kann auf eine turbulente Geschichte zur\u00fcckblicken. Glenrothes wurde von einigen Feuern heimgesucht und brannte einmal auch ganz ab, doch die Brennerei stieg sprichw\u00f6rtlich wie der Ph\u00f6nix aus der Asche wieder empor und ist heute wieder dick im Whiskygesch\u00e4ft. 1999 kaufte die Edrington[...]\" \/>\n<meta property=\"og:url\" content=\"https:\/\/www.dramfolks-whisky-auction.com\/fr\/product\/glenrothes-bourbon-cask-reserve-2016-3\/\" \/>\n<meta property=\"og:site_name\" content=\"Dramfolks Whisky Auction\" \/>\n<meta property=\"article:modified_time\" content=\"2024-06-20T05:43:08+00:00\" \/>\n<meta property=\"og:image\" content=\"https:\/\/www.dramfolks-whisky-auction.com\/wp-content\/uploads\/2024\/04\/Glenrothes-vorne-scaled.jpg\" \/>\n\t<meta property=\"og:image:width\" content=\"2560\" \/>\n\t<meta property=\"og:image:height\" content=\"2560\" \/>\n\t<meta property=\"og:image:type\" content=\"image\/jpeg\" \/>\n<meta name=\"twitter:card\" content=\"summary_large_image\" \/>\n<meta name=\"twitter:label1\" content=\"Dur\u00e9e de lecture estim\u00e9e\" \/>\n\t<meta name=\"twitter:data1\" content=\"2 minutes\" \/>\n<script type=\"application\/ld+json\" class=\"yoast-schema-graph\">{\"@context\":\"https:\\\/\\\/schema.org\",\"@graph\":[{\"@type\":\"WebPage\",\"@id\":\"https:\\\/\\\/www.dramfolks-whisky-auction.com\\\/fr\\\/product\\\/glenrothes-bourbon-cask-reserve-2016-3\\\/\",\"url\":\"https:\\\/\\\/www.dramfolks-whisky-auction.com\\\/fr\\\/product\\\/glenrothes-bourbon-cask-reserve-2016-3\\\/\",\"name\":\"Glenrothes - Bourbon Cask Reserve 2016 - Dramfolks Whisky Auction\",\"isPartOf\":{\"@id\":\"https:\\\/\\\/www.dramfolks-whisky-auction.com\\\/fr\\\/#website\"},\"primaryImageOfPage\":{\"@id\":\"https:\\\/\\\/www.dramfolks-whisky-auction.com\\\/fr\\\/product\\\/glenrothes-bourbon-cask-reserve-2016-3\\\/#primaryimage\"},\"image\":{\"@id\":\"https:\\\/\\\/www.dramfolks-whisky-auction.com\\\/fr\\\/product\\\/glenrothes-bourbon-cask-reserve-2016-3\\\/#primaryimage\"},\"thumbnailUrl\":\"https:\\\/\\\/www.dramfolks-whisky-auction.com\\\/wp-content\\\/uploads\\\/2024\\\/04\\\/Glenrothes-vorne-scaled.jpg\",\"datePublished\":\"2024-05-29T16:55:30+00:00\",\"dateModified\":\"2024-06-20T05:43:08+00:00\",\"breadcrumb\":{\"@id\":\"https:\\\/\\\/www.dramfolks-whisky-auction.com\\\/fr\\\/product\\\/glenrothes-bourbon-cask-reserve-2016-3\\\/#breadcrumb\"},\"inLanguage\":\"fr-FR\",\"potentialAction\":[{\"@type\":\"ReadAction\",\"target\":[\"https:\\\/\\\/www.dramfolks-whisky-auction.com\\\/fr\\\/product\\\/glenrothes-bourbon-cask-reserve-2016-3\\\/\"]}]},{\"@type\":\"ImageObject\",\"inLanguage\":\"fr-FR\",\"@id\":\"https:\\\/\\\/www.dramfolks-whisky-auction.com\\\/fr\\\/product\\\/glenrothes-bourbon-cask-reserve-2016-3\\\/#primaryimage\",\"url\":\"https:\\\/\\\/www.dramfolks-whisky-auction.com\\\/wp-content\\\/uploads\\\/2024\\\/04\\\/Glenrothes-vorne-scaled.jpg\",\"contentUrl\":\"https:\\\/\\\/www.dramfolks-whisky-auction.com\\\/wp-content\\\/uploads\\\/2024\\\/04\\\/Glenrothes-vorne-scaled.jpg\",\"width\":2560,\"height\":2560},{\"@type\":\"BreadcrumbList\",\"@id\":\"https:\\\/\\\/www.dramfolks-whisky-auction.com\\\/fr\\\/product\\\/glenrothes-bourbon-cask-reserve-2016-3\\\/#breadcrumb\",\"itemListElement\":[{\"@type\":\"ListItem\",\"position\":1,\"name\":\"Startseite\",\"item\":\"https:\\\/\\\/www.dramfolks-whisky-auction.com\\\/fr\\\/\"},{\"@type\":\"ListItem\",\"position\":2,\"name\":\"Boutique\",\"item\":\"https:\\\/\\\/www.dramfolks-whisky-auction.com\\\/fr\\\/boutique\\\/\"},{\"@type\":\"ListItem\",\"position\":3,\"name\":\"Glenrothes &#8211; Bourbon Cask Reserve 2016\"}]},{\"@type\":\"WebSite\",\"@id\":\"https:\\\/\\\/www.dramfolks-whisky-auction.com\\\/fr\\\/#website\",\"url\":\"https:\\\/\\\/www.dramfolks-whisky-auction.com\\\/fr\\\/\",\"name\":\"Dramfolks Whisky Auction\",\"description\":\"\",\"potentialAction\":[{\"@type\":\"SearchAction\",\"target\":{\"@type\":\"EntryPoint\",\"urlTemplate\":\"https:\\\/\\\/www.dramfolks-whisky-auction.com\\\/fr\\\/?s={search_term_string}\"},\"query-input\":{\"@type\":\"PropertyValueSpecification\",\"valueRequired\":true,\"valueName\":\"search_term_string\"}}],\"inLanguage\":\"fr-FR\"}]}<\/script>\n<!-- \/ Yoast SEO plugin. -->","yoast_head_json":{"title":"Glenrothes - Bourbon Cask Reserve 2016 - Dramfolks Whisky Auction","robots":{"index":"index","follow":"follow","max-snippet":"max-snippet:-1","max-image-preview":"max-image-preview:large","max-video-preview":"max-video-preview:-1"},"canonical":"https:\/\/www.dramfolks-whisky-auction.com\/fr\/product\/glenrothes-bourbon-cask-reserve-2016-3\/","og_locale":"fr_FR","og_type":"article","og_title":"Glenrothes - Bourbon Cask Reserve 2016 - Dramfolks Whisky Auction","og_description":"Destille: Glenrothes Die Glenrothes Distillery liegt in Rothes im Herzen der Speyside. Sie kann auf eine turbulente Geschichte zur\u00fcckblicken. Glenrothes wurde von einigen Feuern heimgesucht und brannte einmal auch ganz ab, doch die Brennerei stieg sprichw\u00f6rtlich wie der Ph\u00f6nix aus der Asche wieder empor und ist heute wieder dick im Whiskygesch\u00e4ft. 1999 kaufte die Edrington[...]","og_url":"https:\/\/www.dramfolks-whisky-auction.com\/fr\/product\/glenrothes-bourbon-cask-reserve-2016-3\/","og_site_name":"Dramfolks Whisky Auction","article_modified_time":"2024-06-20T05:43:08+00:00","og_image":[{"width":2560,"height":2560,"url":"https:\/\/www.dramfolks-whisky-auction.com\/wp-content\/uploads\/2024\/04\/Glenrothes-vorne-scaled.jpg","type":"image\/jpeg"}],"twitter_card":"summary_large_image","twitter_misc":{"Dur\u00e9e de lecture estim\u00e9e":"2 minutes"},"schema":{"@context":"https:\/\/schema.org","@graph":[{"@type":"WebPage","@id":"https:\/\/www.dramfolks-whisky-auction.com\/fr\/product\/glenrothes-bourbon-cask-reserve-2016-3\/","url":"https:\/\/www.dramfolks-whisky-auction.com\/fr\/product\/glenrothes-bourbon-cask-reserve-2016-3\/","name":"Glenrothes - Bourbon Cask Reserve 2016 - Dramfolks Whisky Auction","isPartOf":{"@id":"https:\/\/www.dramfolks-whisky-auction.com\/fr\/#website"},"primaryImageOfPage":{"@id":"https:\/\/www.dramfolks-whisky-auction.com\/fr\/product\/glenrothes-bourbon-cask-reserve-2016-3\/#primaryimage"},"image":{"@id":"https:\/\/www.dramfolks-whisky-auction.com\/fr\/product\/glenrothes-bourbon-cask-reserve-2016-3\/#primaryimage"},"thumbnailUrl":"https:\/\/www.dramfolks-whisky-auction.com\/wp-content\/uploads\/2024\/04\/Glenrothes-vorne-scaled.jpg","datePublished":"2024-05-29T16:55:30+00:00","dateModified":"2024-06-20T05:43:08+00:00","breadcrumb":{"@id":"https:\/\/www.dramfolks-whisky-auction.com\/fr\/product\/glenrothes-bourbon-cask-reserve-2016-3\/#breadcrumb"},"inLanguage":"fr-FR","potentialAction":[{"@type":"ReadAction","target":["https:\/\/www.dramfolks-whisky-auction.com\/fr\/product\/glenrothes-bourbon-cask-reserve-2016-3\/"]}]},{"@type":"ImageObject","inLanguage":"fr-FR","@id":"https:\/\/www.dramfolks-whisky-auction.com\/fr\/product\/glenrothes-bourbon-cask-reserve-2016-3\/#primaryimage","url":"https:\/\/www.dramfolks-whisky-auction.com\/wp-content\/uploads\/2024\/04\/Glenrothes-vorne-scaled.jpg","contentUrl":"https:\/\/www.dramfolks-whisky-auction.com\/wp-content\/uploads\/2024\/04\/Glenrothes-vorne-scaled.jpg","width":2560,"height":2560},{"@type":"BreadcrumbList","@id":"https:\/\/www.dramfolks-whisky-auction.com\/fr\/product\/glenrothes-bourbon-cask-reserve-2016-3\/#breadcrumb","itemListElement":[{"@type":"ListItem","position":1,"name":"Startseite","item":"https:\/\/www.dramfolks-whisky-auction.com\/fr\/"},{"@type":"ListItem","position":2,"name":"Boutique","item":"https:\/\/www.dramfolks-whisky-auction.com\/fr\/boutique\/"},{"@type":"ListItem","position":3,"name":"Glenrothes &#8211; Bourbon Cask Reserve 2016"}]},{"@type":"WebSite","@id":"https:\/\/www.dramfolks-whisky-auction.com\/fr\/#website","url":"https:\/\/www.dramfolks-whisky-auction.com\/fr\/","name":"Dramfolks Whisky Auction","description":"","potentialAction":[{"@type":"SearchAction","target":{"@type":"EntryPoint","urlTemplate":"https:\/\/www.dramfolks-whisky-auction.com\/fr\/?s={search_term_string}"},"query-input":{"@type":"PropertyValueSpecification","valueRequired":true,"valueName":"search_term_string"}}],"inLanguage":"fr-FR"}]}},"_links":{"self":[{"href":"https:\/\/www.dramfolks-whisky-auction.com\/fr\/wp-json\/wp\/v2\/product\/48686","targetHints":{"allow":["GET"]}}],"collection":[{"href":"https:\/\/www.dramfolks-whisky-auction.com\/fr\/wp-json\/wp\/v2\/product"}],"about":[{"href":"https:\/\/www.dramfolks-whisky-auction.com\/fr\/wp-json\/wp\/v2\/types\/product"}],"replies":[{"embeddable":true,"href":"https:\/\/www.dramfolks-whisky-auction.com\/fr\/wp-json\/wp\/v2\/comments?post=48686"}],"wp:featuredmedia":[{"embeddable":true,"href":"https:\/\/www.dramfolks-whisky-auction.com\/fr\/wp-json\/wp\/v2\/media\/5766"}],"wp:attachment":[{"href":"https:\/\/www.dramfolks-whisky-auction.com\/fr\/wp-json\/wp\/v2\/media?parent=48686"}],"wp:term":[{"taxonomy":"product_brand","embeddable":true,"href":"https:\/\/www.dramfolks-whisky-auction.com\/fr\/wp-json\/wp\/v2\/product_brand?post=48686"},{"taxonomy":"product_cat","embeddable":true,"href":"https:\/\/www.dramfolks-whisky-auction.com\/fr\/wp-json\/wp\/v2\/product_cat?post=48686"},{"taxonomy":"product_tag","embeddable":true,"href":"https:\/\/www.dramfolks-whisky-auction.com\/fr\/wp-json\/wp\/v2\/product_tag?post=48686"}],"curies":[{"name":"wp","href":"https:\/\/api.w.org\/{rel}","templated":true}]}}