{"id":4753475,"date":"2025-08-07T09:25:20","date_gmt":"2025-08-07T07:25:20","guid":{"rendered":"https:\/\/www.dramfolks-whisky-auction.com\/?post_type=product&#038;p=4753475"},"modified":"2025-08-28T19:47:55","modified_gmt":"2025-08-28T17:47:55","slug":"special-calvados-christian-drouin-coeur-de-lion-calvados-1970-special","status":"publish","type":"product","link":"https:\/\/www.dramfolks-whisky-auction.com\/fr\/product\/special-calvados-christian-drouin-coeur-de-lion-calvados-1970-special\/","title":{"rendered":"&#8211;Special!!!&#8211;Calvados Christian Drouin &#8211; Coeur de Lion Calvados 1970&#8211;Special!!!&#8211;"},"content":{"rendered":"<p><strong>Destille: Calvados Christian Drouin<br \/>\n<\/strong>Christian Drouin Calvados \u2013 wenn der Apfel sich von seiner besten Seite zeigt&#8230;<br \/>\nWie dies f\u00fcr Calvados ein Muss ist, agiert die Firma Christian Drouin von der Normandie aus. Sie hat innerhalb der Region Pays d&rsquo;Auge ihren Sitz, die f\u00fcr diese Art von Apfelbrandy weltber\u00fchmt ist. Seit drei Generationen ist der Familienbetrieb untrennbar mit der Herstellung von Calvados und dem damit verwandten Pommeau verbunden.<br \/>\nIns Leben gerufen wurde die Brennerei Calvados Christian Drouin im Jahre 1960. Innerhalb von rund 50 Jahren hat sie es weit gebracht und geh\u00f6rt zu den Spitzenreitern f\u00fcr franz\u00f6sischen Genuss. Etwa ein Jahrzehnt nach der Gr\u00fcndung stieg der Sohn des Unternehmers ins Gesch\u00e4ft ein. Seit 2004 unterst\u00fctzt der Enkel tatkr\u00e4ftig das Marketing und die Produktion. Die Destillerie Domaine Coeur de Lion liegt inmitten der Berge von Gonneville und umfasst einen landwirtschaftlichen Betrieb. Man bezieht saure, s\u00fc\u00dfe und bittere \u00c4pfel aus dem regionalen Anbau, um daraus Calvados mit Premium-Qualit\u00e4t zu brennen. Firmenleiter Christian Drouin hat sich au\u00dferdem mit drei Fachb\u00fcchern zum Thema Calvados einen Namen gemacht.<\/p>\n<p><strong>Fun Fakt: <\/strong>Goldmedaillien immer wieder&#8230; Calvados aus dem Hause Drouin genie\u00dft weit \u00fcber die Grenzen Frankreichs hinaus den besten Ruf: 444 mal wurden sie in den vergangenen Jahren ausgezeichnet, davon 129 mal mit einer Goldmedaille.<\/p>\n<p><strong>Destillat: Coeur de Lion Calvados 1970<br \/>\n<\/strong>Wenn Sie einen ganz besonderen Calvados suchen, k\u00f6nnte ein Calvados von Christian Drouin aus dem Jahr 1970 genau der Richtige sein. Geben Sie dieser Versuchung nach, denn \u00e4lterer Calvados sind einfach fantastisch, einzigartig und haben eine unglaubliche Duftintensit\u00e4t. Absolute Rarit\u00e4t aus dem Jahr 1970 (!!!!) von einem der besten Calvados Hersteller weltweit. Nur noch sehr selten zu finden&#8230;<\/p>\n<p><strong>Info Qualit\u00e4t der Flasche:<\/strong> Exzellent &#8211; ohne Besch\u00e4digungen \/ <strong>F\u00fcllstand:<\/strong> Into neck<br \/>\n<strong>Info Qualit\u00e4t der Box: <\/strong>keine Box vorhanden<\/p>\n<p><strong>Wichtiger Hinweis:<\/strong> Die Bewertung der Flaschen und Boxen erfolgt nach \u201ebesten Wissen und Gewissen\u201c. dramfolks kann keine Gew\u00e4hrleistung f\u00fcr den Inhalt der Flaschen \u00fcbernehmen. Weitere Infos &amp; Hinweise finden Sie in unseren AGBs. Wir empfehlen Ihnen, vor der Abgabe von Geboten \u00fcber die Zoomfunktion eine Besichtigung \/ genaue Pr\u00fcfung des angebotenen Whiskys vorzunehmen. Bitte kontaktieren sie uns bei Fragen direkt unter info@dramfolks.com<\/p>\n","protected":false},"excerpt":{"rendered":"<p>Destille: Calvados Christian Drouin Christian Drouin Calvados \u2013 wenn der Apfel sich von seiner besten Seite zeigt&#8230; Wie dies f\u00fcr Calvados ein Muss ist, agiert die Firma Christian Drouin von der Normandie aus. Sie hat innerhalb der Region Pays d&rsquo;Auge ihren Sitz, die f\u00fcr diese Art von Apfelbrandy weltber\u00fchmt ist. Seit drei Generationen ist der[&#8230;]\n","protected":false},"featured_media":4753476,"comment_status":"closed","ping_status":"closed","template":"","meta":[],"product_brand":[],"product_cat":[1188],"product_tag":[],"class_list":{"0":"post-4753475","1":"product","2":"type-product","3":"status-publish","4":"has-post-thumbnail","6":"product_cat-no-19","8":"first","9":"instock","10":"shipping-taxable","11":"purchasable","12":"product-type-auction"},"yoast_head":"<!-- This site is optimized with the Yoast SEO plugin v27.0 - https:\/\/yoast.com\/product\/yoast-seo-wordpress\/ -->\n<title>-Special!!!-Calvados Christian Drouin - Coeur de Lion Calvados 1970-Special!!!- Dramfolks Whisky Auction<\/title>\n<meta name=\"robots\" content=\"index, follow, max-snippet:-1, max-image-preview:large, max-video-preview:-1\" \/>\n<link rel=\"canonical\" href=\"https:\/\/www.dramfolks-whisky-auction.com\/fr\/product\/special-calvados-christian-drouin-coeur-de-lion-calvados-1970-special\/\" \/>\n<meta property=\"og:locale\" content=\"fr_FR\" \/>\n<meta property=\"og:type\" content=\"article\" \/>\n<meta property=\"og:title\" content=\"-Special!!!-Calvados Christian Drouin - Coeur de Lion Calvados 1970-Special!!!- Dramfolks Whisky Auction\" \/>\n<meta property=\"og:description\" content=\"Destille: Calvados Christian Drouin Christian Drouin Calvados \u2013 wenn der Apfel sich von seiner besten Seite zeigt&#8230; Wie dies f\u00fcr Calvados ein Muss ist, agiert die Firma Christian Drouin von der Normandie aus. Sie hat innerhalb der Region Pays d&rsquo;Auge ihren Sitz, die f\u00fcr diese Art von Apfelbrandy weltber\u00fchmt ist. Seit drei Generationen ist der[...]\" \/>\n<meta property=\"og:url\" content=\"https:\/\/www.dramfolks-whisky-auction.com\/fr\/product\/special-calvados-christian-drouin-coeur-de-lion-calvados-1970-special\/\" \/>\n<meta property=\"og:site_name\" content=\"Dramfolks Whisky Auction\" \/>\n<meta property=\"article:modified_time\" content=\"2025-08-28T17:47:55+00:00\" \/>\n<meta property=\"og:image\" content=\"https:\/\/www.dramfolks-whisky-auction.com\/wp-content\/uploads\/2025\/08\/Coeur-de-Lion-vorne.jpg\" \/>\n\t<meta property=\"og:image:width\" content=\"2370\" \/>\n\t<meta property=\"og:image:height\" content=\"2370\" \/>\n\t<meta property=\"og:image:type\" content=\"image\/jpeg\" \/>\n<meta name=\"twitter:card\" content=\"summary_large_image\" \/>\n<meta name=\"twitter:label1\" content=\"Dur\u00e9e de lecture estim\u00e9e\" \/>\n\t<meta name=\"twitter:data1\" content=\"3 minutes\" \/>\n<script type=\"application\/ld+json\" class=\"yoast-schema-graph\">{\"@context\":\"https:\/\/schema.org\",\"@graph\":[{\"@type\":\"WebPage\",\"@id\":\"https:\/\/www.dramfolks-whisky-auction.com\/fr\/product\/special-calvados-christian-drouin-coeur-de-lion-calvados-1970-special\/\",\"url\":\"https:\/\/www.dramfolks-whisky-auction.com\/fr\/product\/special-calvados-christian-drouin-coeur-de-lion-calvados-1970-special\/\",\"name\":\"-Special!!!-Calvados Christian Drouin - Coeur de Lion Calvados 1970-Special!!!- Dramfolks Whisky Auction\",\"isPartOf\":{\"@id\":\"https:\/\/www.dramfolks-whisky-auction.com\/fr\/#website\"},\"primaryImageOfPage\":{\"@id\":\"https:\/\/www.dramfolks-whisky-auction.com\/fr\/product\/special-calvados-christian-drouin-coeur-de-lion-calvados-1970-special\/#primaryimage\"},\"image\":{\"@id\":\"https:\/\/www.dramfolks-whisky-auction.com\/fr\/product\/special-calvados-christian-drouin-coeur-de-lion-calvados-1970-special\/#primaryimage\"},\"thumbnailUrl\":\"https:\/\/www.dramfolks-whisky-auction.com\/wp-content\/uploads\/2025\/08\/Coeur-de-Lion-vorne.jpg\",\"datePublished\":\"2025-08-07T07:25:20+00:00\",\"dateModified\":\"2025-08-28T17:47:55+00:00\",\"breadcrumb\":{\"@id\":\"https:\/\/www.dramfolks-whisky-auction.com\/fr\/product\/special-calvados-christian-drouin-coeur-de-lion-calvados-1970-special\/#breadcrumb\"},\"inLanguage\":\"fr-FR\",\"potentialAction\":[{\"@type\":\"ReadAction\",\"target\":[\"https:\/\/www.dramfolks-whisky-auction.com\/fr\/product\/special-calvados-christian-drouin-coeur-de-lion-calvados-1970-special\/\"]}]},{\"@type\":\"ImageObject\",\"inLanguage\":\"fr-FR\",\"@id\":\"https:\/\/www.dramfolks-whisky-auction.com\/fr\/product\/special-calvados-christian-drouin-coeur-de-lion-calvados-1970-special\/#primaryimage\",\"url\":\"https:\/\/www.dramfolks-whisky-auction.com\/wp-content\/uploads\/2025\/08\/Coeur-de-Lion-vorne.jpg\",\"contentUrl\":\"https:\/\/www.dramfolks-whisky-auction.com\/wp-content\/uploads\/2025\/08\/Coeur-de-Lion-vorne.jpg\",\"width\":2370,\"height\":2370},{\"@type\":\"BreadcrumbList\",\"@id\":\"https:\/\/www.dramfolks-whisky-auction.com\/fr\/product\/special-calvados-christian-drouin-coeur-de-lion-calvados-1970-special\/#breadcrumb\",\"itemListElement\":[{\"@type\":\"ListItem\",\"position\":1,\"name\":\"Startseite\",\"item\":\"https:\/\/www.dramfolks-whisky-auction.com\/fr\/\"},{\"@type\":\"ListItem\",\"position\":2,\"name\":\"Boutique\",\"item\":\"https:\/\/www.dramfolks-whisky-auction.com\/fr\/boutique\/\"},{\"@type\":\"ListItem\",\"position\":3,\"name\":\"&#8211;Special!!!&#8211;Calvados Christian Drouin &#8211; Coeur de Lion Calvados 1970&#8211;Special!!!&#8211;\"}]},{\"@type\":\"WebSite\",\"@id\":\"https:\/\/www.dramfolks-whisky-auction.com\/fr\/#website\",\"url\":\"https:\/\/www.dramfolks-whisky-auction.com\/fr\/\",\"name\":\"Dramfolks Whisky Auction\",\"description\":\"\",\"potentialAction\":[{\"@type\":\"SearchAction\",\"target\":{\"@type\":\"EntryPoint\",\"urlTemplate\":\"https:\/\/www.dramfolks-whisky-auction.com\/fr\/?s={search_term_string}\"},\"query-input\":{\"@type\":\"PropertyValueSpecification\",\"valueRequired\":true,\"valueName\":\"search_term_string\"}}],\"inLanguage\":\"fr-FR\"}]}<\/script>\n<!-- \/ Yoast SEO plugin. -->","yoast_head_json":{"title":"-Special!!!-Calvados Christian Drouin - Coeur de Lion Calvados 1970-Special!!!- Dramfolks Whisky Auction","robots":{"index":"index","follow":"follow","max-snippet":"max-snippet:-1","max-image-preview":"max-image-preview:large","max-video-preview":"max-video-preview:-1"},"canonical":"https:\/\/www.dramfolks-whisky-auction.com\/fr\/product\/special-calvados-christian-drouin-coeur-de-lion-calvados-1970-special\/","og_locale":"fr_FR","og_type":"article","og_title":"-Special!!!-Calvados Christian Drouin - Coeur de Lion Calvados 1970-Special!!!- Dramfolks Whisky Auction","og_description":"Destille: Calvados Christian Drouin Christian Drouin Calvados \u2013 wenn der Apfel sich von seiner besten Seite zeigt&#8230; Wie dies f\u00fcr Calvados ein Muss ist, agiert die Firma Christian Drouin von der Normandie aus. Sie hat innerhalb der Region Pays d&rsquo;Auge ihren Sitz, die f\u00fcr diese Art von Apfelbrandy weltber\u00fchmt ist. Seit drei Generationen ist der[...]","og_url":"https:\/\/www.dramfolks-whisky-auction.com\/fr\/product\/special-calvados-christian-drouin-coeur-de-lion-calvados-1970-special\/","og_site_name":"Dramfolks Whisky Auction","article_modified_time":"2025-08-28T17:47:55+00:00","og_image":[{"width":2370,"height":2370,"url":"https:\/\/www.dramfolks-whisky-auction.com\/wp-content\/uploads\/2025\/08\/Coeur-de-Lion-vorne.jpg","type":"image\/jpeg"}],"twitter_card":"summary_large_image","twitter_misc":{"Dur\u00e9e de lecture estim\u00e9e":"3 minutes"},"schema":{"@context":"https:\/\/schema.org","@graph":[{"@type":"WebPage","@id":"https:\/\/www.dramfolks-whisky-auction.com\/fr\/product\/special-calvados-christian-drouin-coeur-de-lion-calvados-1970-special\/","url":"https:\/\/www.dramfolks-whisky-auction.com\/fr\/product\/special-calvados-christian-drouin-coeur-de-lion-calvados-1970-special\/","name":"-Special!!!-Calvados Christian Drouin - Coeur de Lion Calvados 1970-Special!!!- Dramfolks Whisky Auction","isPartOf":{"@id":"https:\/\/www.dramfolks-whisky-auction.com\/fr\/#website"},"primaryImageOfPage":{"@id":"https:\/\/www.dramfolks-whisky-auction.com\/fr\/product\/special-calvados-christian-drouin-coeur-de-lion-calvados-1970-special\/#primaryimage"},"image":{"@id":"https:\/\/www.dramfolks-whisky-auction.com\/fr\/product\/special-calvados-christian-drouin-coeur-de-lion-calvados-1970-special\/#primaryimage"},"thumbnailUrl":"https:\/\/www.dramfolks-whisky-auction.com\/wp-content\/uploads\/2025\/08\/Coeur-de-Lion-vorne.jpg","datePublished":"2025-08-07T07:25:20+00:00","dateModified":"2025-08-28T17:47:55+00:00","breadcrumb":{"@id":"https:\/\/www.dramfolks-whisky-auction.com\/fr\/product\/special-calvados-christian-drouin-coeur-de-lion-calvados-1970-special\/#breadcrumb"},"inLanguage":"fr-FR","potentialAction":[{"@type":"ReadAction","target":["https:\/\/www.dramfolks-whisky-auction.com\/fr\/product\/special-calvados-christian-drouin-coeur-de-lion-calvados-1970-special\/"]}]},{"@type":"ImageObject","inLanguage":"fr-FR","@id":"https:\/\/www.dramfolks-whisky-auction.com\/fr\/product\/special-calvados-christian-drouin-coeur-de-lion-calvados-1970-special\/#primaryimage","url":"https:\/\/www.dramfolks-whisky-auction.com\/wp-content\/uploads\/2025\/08\/Coeur-de-Lion-vorne.jpg","contentUrl":"https:\/\/www.dramfolks-whisky-auction.com\/wp-content\/uploads\/2025\/08\/Coeur-de-Lion-vorne.jpg","width":2370,"height":2370},{"@type":"BreadcrumbList","@id":"https:\/\/www.dramfolks-whisky-auction.com\/fr\/product\/special-calvados-christian-drouin-coeur-de-lion-calvados-1970-special\/#breadcrumb","itemListElement":[{"@type":"ListItem","position":1,"name":"Startseite","item":"https:\/\/www.dramfolks-whisky-auction.com\/fr\/"},{"@type":"ListItem","position":2,"name":"Boutique","item":"https:\/\/www.dramfolks-whisky-auction.com\/fr\/boutique\/"},{"@type":"ListItem","position":3,"name":"&#8211;Special!!!&#8211;Calvados Christian Drouin &#8211; Coeur de Lion Calvados 1970&#8211;Special!!!&#8211;"}]},{"@type":"WebSite","@id":"https:\/\/www.dramfolks-whisky-auction.com\/fr\/#website","url":"https:\/\/www.dramfolks-whisky-auction.com\/fr\/","name":"Dramfolks Whisky Auction","description":"","potentialAction":[{"@type":"SearchAction","target":{"@type":"EntryPoint","urlTemplate":"https:\/\/www.dramfolks-whisky-auction.com\/fr\/?s={search_term_string}"},"query-input":{"@type":"PropertyValueSpecification","valueRequired":true,"valueName":"search_term_string"}}],"inLanguage":"fr-FR"}]}},"_links":{"self":[{"href":"https:\/\/www.dramfolks-whisky-auction.com\/fr\/wp-json\/wp\/v2\/product\/4753475","targetHints":{"allow":["GET"]}}],"collection":[{"href":"https:\/\/www.dramfolks-whisky-auction.com\/fr\/wp-json\/wp\/v2\/product"}],"about":[{"href":"https:\/\/www.dramfolks-whisky-auction.com\/fr\/wp-json\/wp\/v2\/types\/product"}],"replies":[{"embeddable":true,"href":"https:\/\/www.dramfolks-whisky-auction.com\/fr\/wp-json\/wp\/v2\/comments?post=4753475"}],"wp:featuredmedia":[{"embeddable":true,"href":"https:\/\/www.dramfolks-whisky-auction.com\/fr\/wp-json\/wp\/v2\/media\/4753476"}],"wp:attachment":[{"href":"https:\/\/www.dramfolks-whisky-auction.com\/fr\/wp-json\/wp\/v2\/media?parent=4753475"}],"wp:term":[{"taxonomy":"product_brand","embeddable":true,"href":"https:\/\/www.dramfolks-whisky-auction.com\/fr\/wp-json\/wp\/v2\/product_brand?post=4753475"},{"taxonomy":"product_cat","embeddable":true,"href":"https:\/\/www.dramfolks-whisky-auction.com\/fr\/wp-json\/wp\/v2\/product_cat?post=4753475"},{"taxonomy":"product_tag","embeddable":true,"href":"https:\/\/www.dramfolks-whisky-auction.com\/fr\/wp-json\/wp\/v2\/product_tag?post=4753475"}],"curies":[{"name":"wp","href":"https:\/\/api.w.org\/{rel}","templated":true}]}}