{"id":4743440,"date":"2025-08-05T20:34:31","date_gmt":"2025-08-05T18:34:31","guid":{"rendered":"https:\/\/www.dramfolks-whisky-auction.com\/?post_type=product&#038;p=4743440"},"modified":"2025-08-17T19:00:23","modified_gmt":"2025-08-17T17:00:23","slug":"heavens-door-spirits-tennessee-straight-bourbon-6yo","status":"publish","type":"product","link":"https:\/\/www.dramfolks-whisky-auction.com\/fr\/product\/heavens-door-spirits-tennessee-straight-bourbon-6yo\/","title":{"rendered":"Heaven&rsquo;s Door Spirits &#8211; Tennessee Straight Bourbon 6yo"},"content":{"rendered":"<p><strong>Destille: Heaven&rsquo;s Door Spirits<br \/>\n<\/strong>Ende 2015 tauchte in der Spirituosenwelt pl\u00f6tzlich ein unerwarteter Name auf: Bob Dylan. Dieser hatte \u2013 wohl ohne konkrete Pl\u00e4ne zu haben \u2013 eine Markenanmeldung f\u00fcr den Begriff \u00ab\u00a0Bootleg Whisky\u00a0\u00bb eingereicht. Darauf wurde Marc Bushala aufmerksam, lebenslanger Dylan Fan und Spirituosenunternehmer, Spirits Investment Partners (SIP), der gerade seine Bourbon Marke Angel&rsquo;s Envy (Gr\u00fcnder und Partner Lincoln und Wesley Henderson) f\u00fcr 150 Millionen Dollar an Bacardi verkauft hatte.<br \/>\nBushala soll sich monatelang den Kopf zerbrochen haben, was ein Dylan-Whisky sein k\u00f6nnte. Ergebnis nach langen Verhandlungen und Telefonaten war eine Zusammenarbeit. Nur der Name bootleg \u2013 f\u00fcr einen Musiker, der whiskey verkaufen will naheliegend \u2013 passte mit seinen auch negativen Bedeutungen nicht so recht. Heraus kam Heaven\u2019s Door, eine Sammlung von drei Whiskies, ein Straight Rye, ein Straight Bourbon und ein \u201cdouble-barreled\u201d Whiskey.<br \/>\nBob Dylans Einstieg in den boomenden Spirituosenmarkt von Prominenten, die neueste Karriere f\u00fcr einen K\u00fcnstler, der f\u00fcnf Jahrzehnte damit verbracht hat, Erwartungen nicht zu erf\u00fcllen.<br \/>\nDylan lizenziert dabei nicht einfach seinen Namen, er ist ein vollwertiger Gesch\u00e4ftspartner bei Heaven&rsquo;s Door Spirits.<\/p>\n<p><strong>Fun Fakt:\u00a0<\/strong>Bob Dylan (* 24. Mai 1941 als Robert Allen Zimmerman in Duluth, Minnesota) ist ein US-amerikanischer Musiker und Lyriker. Er gilt als einer der einflussreichsten Musiker des 20. Jahrhunderts.<br \/>\nNicht nur das, f\u00fcr seine Texte erhielt er den Literatur Nobelpreis.<br \/>\n\u00dcber die Wahl seines K\u00fcnstlernamens verbreitete er selbst verschiedene Versionen: Seine Wahl fiel auf \u201eDylan\u201c, eine Entscheidung, zu der er sich im Laufe seiner Karriere unterschiedlich ge\u00e4u\u00dfert hat.<br \/>\nSo will er sich nach der Figur des Matt Dillon aus der damals popul\u00e4ren Fernsehserie Rauchende Colts benannt haben, aber um sich von ihr abzugrenzen, habe er den Namen mit ver\u00e4nderter Schreibweise \u00fcbernommen.<br \/>\nEine bekanntere und wahrscheinlichere M\u00f6glichkeit ist, dass sich der Name an den Dichter Dylan Thomas anlehnt, den er bewunderte und von dem er einige B\u00fccher besa\u00df. Er hat auch schon behauptet, der Name sei ihm einfach so eingefallen&#8230;<\/p>\n<p><strong>Whisky\/Whiskey: Tennessee Straight Bourbon 6yo<br \/>\n<\/strong>Die Heaven&rsquo;s Door-Whiskey-Reihe wurde von Bob Dylan (ja, tats\u00e4chlich Bob Dylan, dem legend\u00e4ren Songwriter) und Marc Bushala (Mitbegr\u00fcnder von Angel&rsquo;s Envy Bourbon) kreiert.<br \/>\nDies ist der Tennessee Straight Bourbon, der aus einer Maischenote von 70 % Mais, 22 % Roggen und 8 % gem\u00e4lzter Gerste hergestellt wird. Hergestellt mit einem Sauermaische-Destillationsverfahren und mindestens f\u00fcnf Jahre in neuen amerikanischen Eichenf\u00e4ssern gereift, \u00fcberspringt er die K\u00fchlfiltration f\u00fcr ein volleres Mundgef\u00fchl. Die Herkunft der Abf\u00fcllung in Flaschen mit 42 Vol.-% ist Anlass zu Spekulationen \u2013 Ger\u00fcchte besagen, dass George Dickel dahinter stecken k\u00f6nnte, obwohl die Marke zur\u00fcckhaltend bleibt.<br \/>\nDie Flasche ist mit einem Design von Dylans Eisenarbeiten versehen und der Name ist nat\u00fcrlich eine Anspielung auf seinen Song \u00ab\u00a0Knockin&rsquo; on Heaven&rsquo;s Door\u00a0\u00bb.<br \/>\nDer Bourbon wurde bei der San Francisco World Spirits Competition mit Gold und in New York mit Doppelgold ausgezeichnet und erzielte zudem beeindruckende 96 Punkte bei der Ultimate Spirits Challenge.<\/p>\n<p><strong>Info Qualit\u00e4t der Flasche:<\/strong> Exzellent &#8211; ohne Besch\u00e4digungen \/ <strong>F\u00fcllstand: <\/strong>Into neck<br \/>\n<strong>Info Qualit\u00e4t der Box:<\/strong> keine Box vorhanden<strong><br \/>\n<\/strong><\/p>\n<p><strong>Wichtiger Hinweis:<\/strong> Die Bewertung der Flaschen und Boxen erfolgt nach \u201ebesten Wissen und Gewissen\u201c. dramfolks kann keine Gew\u00e4hrleistung f\u00fcr den Inhalt der Flaschen \u00fcbernehmen. Weitere Infos &amp; Hinweise finden Sie in unseren AGBs. Wir empfehlen Ihnen, vor der Abgabe von Geboten \u00fcber die Zoomfunktion eine Besichtigung \/ genaue Pr\u00fcfung des angebotenen Whiskys vorzunehmen. Bitte kontaktieren sie uns bei Fragen direkt unter info@dramfolks.com<\/p>\n","protected":false},"excerpt":{"rendered":"<p>Destille: Heaven&rsquo;s Door Spirits Ende 2015 tauchte in der Spirituosenwelt pl\u00f6tzlich ein unerwarteter Name auf: Bob Dylan. Dieser hatte \u2013 wohl ohne konkrete Pl\u00e4ne zu haben \u2013 eine Markenanmeldung f\u00fcr den Begriff \u00ab\u00a0Bootleg Whisky\u00a0\u00bb eingereicht. Darauf wurde Marc Bushala aufmerksam, lebenslanger Dylan Fan und Spirituosenunternehmer, Spirits Investment Partners (SIP), der gerade seine Bourbon Marke Angel&rsquo;s[&#8230;]\n","protected":false},"featured_media":4743441,"comment_status":"closed","ping_status":"closed","template":"","meta":[],"product_brand":[],"product_cat":[1188],"product_tag":[],"class_list":{"0":"post-4743440","1":"product","2":"type-product","3":"status-publish","4":"has-post-thumbnail","6":"product_cat-no-19","8":"first","9":"instock","10":"shipping-taxable","11":"purchasable","12":"product-type-auction"},"yoast_head":"<!-- This site is optimized with the Yoast SEO plugin v27.4 - https:\/\/yoast.com\/product\/yoast-seo-wordpress\/ -->\n<title>Heaven&#039;s Door Spirits - Tennessee Straight Bourbon 6yo - Dramfolks Whisky Auction<\/title>\n<meta name=\"robots\" content=\"index, follow, max-snippet:-1, max-image-preview:large, max-video-preview:-1\" \/>\n<link rel=\"canonical\" href=\"https:\/\/www.dramfolks-whisky-auction.com\/fr\/product\/heavens-door-spirits-tennessee-straight-bourbon-6yo\/\" \/>\n<meta property=\"og:locale\" content=\"fr_FR\" \/>\n<meta property=\"og:type\" content=\"article\" \/>\n<meta property=\"og:title\" content=\"Heaven&#039;s Door Spirits - Tennessee Straight Bourbon 6yo - Dramfolks Whisky Auction\" \/>\n<meta property=\"og:description\" content=\"Destille: Heaven&rsquo;s Door Spirits Ende 2015 tauchte in der Spirituosenwelt pl\u00f6tzlich ein unerwarteter Name auf: Bob Dylan. Dieser hatte \u2013 wohl ohne konkrete Pl\u00e4ne zu haben \u2013 eine Markenanmeldung f\u00fcr den Begriff \u00ab\u00a0Bootleg Whisky\u00a0\u00bb eingereicht. Darauf wurde Marc Bushala aufmerksam, lebenslanger Dylan Fan und Spirituosenunternehmer, Spirits Investment Partners (SIP), der gerade seine Bourbon Marke Angel&rsquo;s[...]\" \/>\n<meta property=\"og:url\" content=\"https:\/\/www.dramfolks-whisky-auction.com\/fr\/product\/heavens-door-spirits-tennessee-straight-bourbon-6yo\/\" \/>\n<meta property=\"og:site_name\" content=\"Dramfolks Whisky Auction\" \/>\n<meta property=\"article:modified_time\" content=\"2025-08-17T17:00:23+00:00\" \/>\n<meta property=\"og:image\" content=\"https:\/\/www.dramfolks-whisky-auction.com\/wp-content\/uploads\/2025\/08\/Heavens-Door-vorne.jpg\" \/>\n\t<meta property=\"og:image:width\" content=\"2284\" \/>\n\t<meta property=\"og:image:height\" content=\"2284\" \/>\n\t<meta property=\"og:image:type\" content=\"image\/jpeg\" \/>\n<meta name=\"twitter:card\" content=\"summary_large_image\" \/>\n<meta name=\"twitter:label1\" content=\"Dur\u00e9e de lecture estim\u00e9e\" \/>\n\t<meta name=\"twitter:data1\" content=\"4 minutes\" \/>\n<script type=\"application\/ld+json\" class=\"yoast-schema-graph\">{\"@context\":\"https:\\\/\\\/schema.org\",\"@graph\":[{\"@type\":\"WebPage\",\"@id\":\"https:\\\/\\\/www.dramfolks-whisky-auction.com\\\/fr\\\/product\\\/heavens-door-spirits-tennessee-straight-bourbon-6yo\\\/\",\"url\":\"https:\\\/\\\/www.dramfolks-whisky-auction.com\\\/fr\\\/product\\\/heavens-door-spirits-tennessee-straight-bourbon-6yo\\\/\",\"name\":\"Heaven's Door Spirits - Tennessee Straight Bourbon 6yo - Dramfolks Whisky Auction\",\"isPartOf\":{\"@id\":\"https:\\\/\\\/www.dramfolks-whisky-auction.com\\\/fr\\\/#website\"},\"primaryImageOfPage\":{\"@id\":\"https:\\\/\\\/www.dramfolks-whisky-auction.com\\\/fr\\\/product\\\/heavens-door-spirits-tennessee-straight-bourbon-6yo\\\/#primaryimage\"},\"image\":{\"@id\":\"https:\\\/\\\/www.dramfolks-whisky-auction.com\\\/fr\\\/product\\\/heavens-door-spirits-tennessee-straight-bourbon-6yo\\\/#primaryimage\"},\"thumbnailUrl\":\"https:\\\/\\\/www.dramfolks-whisky-auction.com\\\/wp-content\\\/uploads\\\/2025\\\/08\\\/Heavens-Door-vorne.jpg\",\"datePublished\":\"2025-08-05T18:34:31+00:00\",\"dateModified\":\"2025-08-17T17:00:23+00:00\",\"breadcrumb\":{\"@id\":\"https:\\\/\\\/www.dramfolks-whisky-auction.com\\\/fr\\\/product\\\/heavens-door-spirits-tennessee-straight-bourbon-6yo\\\/#breadcrumb\"},\"inLanguage\":\"fr-FR\",\"potentialAction\":[{\"@type\":\"ReadAction\",\"target\":[\"https:\\\/\\\/www.dramfolks-whisky-auction.com\\\/fr\\\/product\\\/heavens-door-spirits-tennessee-straight-bourbon-6yo\\\/\"]}]},{\"@type\":\"ImageObject\",\"inLanguage\":\"fr-FR\",\"@id\":\"https:\\\/\\\/www.dramfolks-whisky-auction.com\\\/fr\\\/product\\\/heavens-door-spirits-tennessee-straight-bourbon-6yo\\\/#primaryimage\",\"url\":\"https:\\\/\\\/www.dramfolks-whisky-auction.com\\\/wp-content\\\/uploads\\\/2025\\\/08\\\/Heavens-Door-vorne.jpg\",\"contentUrl\":\"https:\\\/\\\/www.dramfolks-whisky-auction.com\\\/wp-content\\\/uploads\\\/2025\\\/08\\\/Heavens-Door-vorne.jpg\",\"width\":2284,\"height\":2284},{\"@type\":\"BreadcrumbList\",\"@id\":\"https:\\\/\\\/www.dramfolks-whisky-auction.com\\\/fr\\\/product\\\/heavens-door-spirits-tennessee-straight-bourbon-6yo\\\/#breadcrumb\",\"itemListElement\":[{\"@type\":\"ListItem\",\"position\":1,\"name\":\"Startseite\",\"item\":\"https:\\\/\\\/www.dramfolks-whisky-auction.com\\\/fr\\\/\"},{\"@type\":\"ListItem\",\"position\":2,\"name\":\"Boutique\",\"item\":\"https:\\\/\\\/www.dramfolks-whisky-auction.com\\\/fr\\\/boutique\\\/\"},{\"@type\":\"ListItem\",\"position\":3,\"name\":\"Heaven&#8217;s Door Spirits &#8211; Tennessee Straight Bourbon 6yo\"}]},{\"@type\":\"WebSite\",\"@id\":\"https:\\\/\\\/www.dramfolks-whisky-auction.com\\\/fr\\\/#website\",\"url\":\"https:\\\/\\\/www.dramfolks-whisky-auction.com\\\/fr\\\/\",\"name\":\"Dramfolks Whisky Auction\",\"description\":\"\",\"potentialAction\":[{\"@type\":\"SearchAction\",\"target\":{\"@type\":\"EntryPoint\",\"urlTemplate\":\"https:\\\/\\\/www.dramfolks-whisky-auction.com\\\/fr\\\/?s={search_term_string}\"},\"query-input\":{\"@type\":\"PropertyValueSpecification\",\"valueRequired\":true,\"valueName\":\"search_term_string\"}}],\"inLanguage\":\"fr-FR\"}]}<\/script>\n<!-- \/ Yoast SEO plugin. -->","yoast_head_json":{"title":"Heaven's Door Spirits - Tennessee Straight Bourbon 6yo - Dramfolks Whisky Auction","robots":{"index":"index","follow":"follow","max-snippet":"max-snippet:-1","max-image-preview":"max-image-preview:large","max-video-preview":"max-video-preview:-1"},"canonical":"https:\/\/www.dramfolks-whisky-auction.com\/fr\/product\/heavens-door-spirits-tennessee-straight-bourbon-6yo\/","og_locale":"fr_FR","og_type":"article","og_title":"Heaven's Door Spirits - Tennessee Straight Bourbon 6yo - Dramfolks Whisky Auction","og_description":"Destille: Heaven&rsquo;s Door Spirits Ende 2015 tauchte in der Spirituosenwelt pl\u00f6tzlich ein unerwarteter Name auf: Bob Dylan. Dieser hatte \u2013 wohl ohne konkrete Pl\u00e4ne zu haben \u2013 eine Markenanmeldung f\u00fcr den Begriff \u00ab\u00a0Bootleg Whisky\u00a0\u00bb eingereicht. Darauf wurde Marc Bushala aufmerksam, lebenslanger Dylan Fan und Spirituosenunternehmer, Spirits Investment Partners (SIP), der gerade seine Bourbon Marke Angel&rsquo;s[...]","og_url":"https:\/\/www.dramfolks-whisky-auction.com\/fr\/product\/heavens-door-spirits-tennessee-straight-bourbon-6yo\/","og_site_name":"Dramfolks Whisky Auction","article_modified_time":"2025-08-17T17:00:23+00:00","og_image":[{"width":2284,"height":2284,"url":"https:\/\/www.dramfolks-whisky-auction.com\/wp-content\/uploads\/2025\/08\/Heavens-Door-vorne.jpg","type":"image\/jpeg"}],"twitter_card":"summary_large_image","twitter_misc":{"Dur\u00e9e de lecture estim\u00e9e":"4 minutes"},"schema":{"@context":"https:\/\/schema.org","@graph":[{"@type":"WebPage","@id":"https:\/\/www.dramfolks-whisky-auction.com\/fr\/product\/heavens-door-spirits-tennessee-straight-bourbon-6yo\/","url":"https:\/\/www.dramfolks-whisky-auction.com\/fr\/product\/heavens-door-spirits-tennessee-straight-bourbon-6yo\/","name":"Heaven's Door Spirits - Tennessee Straight Bourbon 6yo - Dramfolks Whisky Auction","isPartOf":{"@id":"https:\/\/www.dramfolks-whisky-auction.com\/fr\/#website"},"primaryImageOfPage":{"@id":"https:\/\/www.dramfolks-whisky-auction.com\/fr\/product\/heavens-door-spirits-tennessee-straight-bourbon-6yo\/#primaryimage"},"image":{"@id":"https:\/\/www.dramfolks-whisky-auction.com\/fr\/product\/heavens-door-spirits-tennessee-straight-bourbon-6yo\/#primaryimage"},"thumbnailUrl":"https:\/\/www.dramfolks-whisky-auction.com\/wp-content\/uploads\/2025\/08\/Heavens-Door-vorne.jpg","datePublished":"2025-08-05T18:34:31+00:00","dateModified":"2025-08-17T17:00:23+00:00","breadcrumb":{"@id":"https:\/\/www.dramfolks-whisky-auction.com\/fr\/product\/heavens-door-spirits-tennessee-straight-bourbon-6yo\/#breadcrumb"},"inLanguage":"fr-FR","potentialAction":[{"@type":"ReadAction","target":["https:\/\/www.dramfolks-whisky-auction.com\/fr\/product\/heavens-door-spirits-tennessee-straight-bourbon-6yo\/"]}]},{"@type":"ImageObject","inLanguage":"fr-FR","@id":"https:\/\/www.dramfolks-whisky-auction.com\/fr\/product\/heavens-door-spirits-tennessee-straight-bourbon-6yo\/#primaryimage","url":"https:\/\/www.dramfolks-whisky-auction.com\/wp-content\/uploads\/2025\/08\/Heavens-Door-vorne.jpg","contentUrl":"https:\/\/www.dramfolks-whisky-auction.com\/wp-content\/uploads\/2025\/08\/Heavens-Door-vorne.jpg","width":2284,"height":2284},{"@type":"BreadcrumbList","@id":"https:\/\/www.dramfolks-whisky-auction.com\/fr\/product\/heavens-door-spirits-tennessee-straight-bourbon-6yo\/#breadcrumb","itemListElement":[{"@type":"ListItem","position":1,"name":"Startseite","item":"https:\/\/www.dramfolks-whisky-auction.com\/fr\/"},{"@type":"ListItem","position":2,"name":"Boutique","item":"https:\/\/www.dramfolks-whisky-auction.com\/fr\/boutique\/"},{"@type":"ListItem","position":3,"name":"Heaven&#8217;s Door Spirits &#8211; Tennessee Straight Bourbon 6yo"}]},{"@type":"WebSite","@id":"https:\/\/www.dramfolks-whisky-auction.com\/fr\/#website","url":"https:\/\/www.dramfolks-whisky-auction.com\/fr\/","name":"Dramfolks Whisky Auction","description":"","potentialAction":[{"@type":"SearchAction","target":{"@type":"EntryPoint","urlTemplate":"https:\/\/www.dramfolks-whisky-auction.com\/fr\/?s={search_term_string}"},"query-input":{"@type":"PropertyValueSpecification","valueRequired":true,"valueName":"search_term_string"}}],"inLanguage":"fr-FR"}]}},"_links":{"self":[{"href":"https:\/\/www.dramfolks-whisky-auction.com\/fr\/wp-json\/wp\/v2\/product\/4743440","targetHints":{"allow":["GET"]}}],"collection":[{"href":"https:\/\/www.dramfolks-whisky-auction.com\/fr\/wp-json\/wp\/v2\/product"}],"about":[{"href":"https:\/\/www.dramfolks-whisky-auction.com\/fr\/wp-json\/wp\/v2\/types\/product"}],"replies":[{"embeddable":true,"href":"https:\/\/www.dramfolks-whisky-auction.com\/fr\/wp-json\/wp\/v2\/comments?post=4743440"}],"wp:featuredmedia":[{"embeddable":true,"href":"https:\/\/www.dramfolks-whisky-auction.com\/fr\/wp-json\/wp\/v2\/media\/4743441"}],"wp:attachment":[{"href":"https:\/\/www.dramfolks-whisky-auction.com\/fr\/wp-json\/wp\/v2\/media?parent=4743440"}],"wp:term":[{"taxonomy":"product_brand","embeddable":true,"href":"https:\/\/www.dramfolks-whisky-auction.com\/fr\/wp-json\/wp\/v2\/product_brand?post=4743440"},{"taxonomy":"product_cat","embeddable":true,"href":"https:\/\/www.dramfolks-whisky-auction.com\/fr\/wp-json\/wp\/v2\/product_cat?post=4743440"},{"taxonomy":"product_tag","embeddable":true,"href":"https:\/\/www.dramfolks-whisky-auction.com\/fr\/wp-json\/wp\/v2\/product_tag?post=4743440"}],"curies":[{"name":"wp","href":"https:\/\/api.w.org\/{rel}","templated":true}]}}