{"id":4742,"date":"2023-12-13T08:40:34","date_gmt":"2023-12-13T07:40:34","guid":{"rendered":"https:\/\/www.dramfolks-whisky-auction.com\/?post_type=product&#038;p=4742"},"modified":"2024-01-18T20:33:18","modified_gmt":"2024-01-18T19:33:18","slug":"dalwhinnie-winters-gold-3","status":"publish","type":"product","link":"https:\/\/www.dramfolks-whisky-auction.com\/fr\/product\/dalwhinnie-winters-gold-3\/","title":{"rendered":"Dalwhinnie &#8211; Winters Gold"},"content":{"rendered":"<p><strong>Destille: Dalwhinnie<br \/>\n<\/strong>Der Name Dalwhinnie leitet sich vom g\u00e4lischen Wort \u00ab\u00a0Dail Chuinnidh\u00a0\u00bb ab, was Treffpunkt bedeutet und sich auf das Treffen der alten Viehtreiberrouten durch die Berge bezieht. Wir schreiben das Jahr 1897: John Grant aus Grantown-on-Spey, George Sellar aus Kingussie und der Designer Alexander Mackenzie, ebenfalls aus Kingussie stellten sch\u00e4tzungsweise 10.000 Pfund f\u00fcr den Bau der Strathspey Distillery in Dalwhinnie bereit. Im folgenden Jahr 1898 beginnt die Produktion. Nach nur 6 Monaten war das Unternehmen bereits in Zahlungsschwierigkeiten. Im Oktober kaufte A. P. Blyth die Brennerei f\u00fcr seinen Sohn und nennt sie in Dalwhinnie um. 1926 fusionierte Dalwhinnie mit DCL [jetzt Diageo], wobei die Lizenz f\u00fcr Dalwhinnie an James Buchanan [bekannt von Black &amp; White] \u00fcbergeben wurde. J\u00e4hrliches Produktionsvolumen: ca. 2,2 Mio. Liter.<\/p>\n<p><strong>Fun Fakt:\u00a0<\/strong>Herausforderung im Winter&#8230; Obwohl Dalwhinnie gut mit Stra\u00dfe und Schiene verbunden ist, kann es im Winter durchaus vorkommen, dass es aufgrund seiner exponierten Lage (die zweith\u00f6chste Destillerie Schottlands) regelm\u00e4\u00dfig \u00ab\u00a0vom Rest der Welt abgeschnitten ist\u00a0\u00bb. Dalwhinnie hat die zweifelhafte Auszeichnung, mit einer Durchschnittstemperatur von 6 C die k\u00e4lteste Siedlung Gro\u00dfbritanniens zu sein.<\/p>\n<p><strong>Whisky\/Whiskey: Winters Gold<br \/>\n<\/strong>Der Dalwhinnie Winter&rsquo;s Gold stammt aus der h\u00f6chstgelegensten Brennerei Schottlands, die sich im durchg\u00e4ngigem Betrieb befindet(326 Meter). Die durchschnittliche Temperatur ist 6.2 Grad und es war eine Frage der Zeit, wann diese knackigen Temperaturen mit einer bestimmten Abf\u00fcllung gefeiert werden. Der Dalwhinnie Winter&rsquo;s Gold greift das Thema auf und wird, wie der Name verr\u00e4t, nur in den Wintermonaten destilliert. Die k\u00fchle Luft, l\u00e4sst das Destillat schneller kondensieren und der Kontakt mit dem Kupfer wird geringer. Es entsteht ein weicher, reiner Single Malt.<\/p>\n<p><strong>Info Qualit\u00e4t der Flasche:<\/strong> Exzellent &#8211; ohne Besch\u00e4digungen \/ <strong>F\u00fcllstand: <\/strong>Into neck<br \/>\n<strong>Info Qualit\u00e4t der Box:\u00a0<\/strong> Exzellent &#8211; ohne Besch\u00e4digungen<\/p>\n<p><strong>Wichtiger Hinweis:<\/strong> Die Bewertung der Flaschen und Boxen erfolgt nach \u201ebesten Wissen und Gewissen\u201c. dramfolks kann keine Gew\u00e4hrleistung f\u00fcr den Inhalt der Flaschen \u00fcbernehmen. Weitere Infos &amp; Hinweise finden Sie in unseren AGBs. Wir empfehlen Ihnen, vor der Abgabe von Geboten \u00fcber die Zoomfunktion eine Besichtigung \/ genaue Pr\u00fcfung des angebotenen Whiskys vorzunehmen. Bitte kontaktieren sie uns bei Fragen direkt unter info@dramfolks.com<\/p>\n","protected":false},"excerpt":{"rendered":"<p>Destille: Dalwhinnie Der Name Dalwhinnie leitet sich vom g\u00e4lischen Wort \u00ab\u00a0Dail Chuinnidh\u00a0\u00bb ab, was Treffpunkt bedeutet und sich auf das Treffen der alten Viehtreiberrouten durch die Berge bezieht. Wir schreiben das Jahr 1897: John Grant aus Grantown-on-Spey, George Sellar aus Kingussie und der Designer Alexander Mackenzie, ebenfalls aus Kingussie stellten sch\u00e4tzungsweise 10.000 Pfund f\u00fcr den[&#8230;]\n","protected":false},"featured_media":4314,"comment_status":"closed","ping_status":"closed","template":"","meta":[],"product_brand":[],"product_cat":[688],"product_tag":[],"class_list":{"0":"post-4742","1":"product","2":"type-product","3":"status-publish","4":"has-post-thumbnail","6":"product_cat-no-8","8":"first","9":"instock","10":"shipping-taxable","11":"purchasable","12":"product-type-auction"},"yoast_head":"<!-- This site is optimized with the Yoast SEO plugin v27.4 - https:\/\/yoast.com\/product\/yoast-seo-wordpress\/ -->\n<title>Dalwhinnie - Winters Gold - Dramfolks Whisky Auction<\/title>\n<meta name=\"robots\" content=\"index, follow, max-snippet:-1, max-image-preview:large, max-video-preview:-1\" \/>\n<link rel=\"canonical\" href=\"https:\/\/www.dramfolks-whisky-auction.com\/fr\/product\/dalwhinnie-winters-gold-3\/\" \/>\n<meta property=\"og:locale\" content=\"fr_FR\" \/>\n<meta property=\"og:type\" content=\"article\" \/>\n<meta property=\"og:title\" content=\"Dalwhinnie - Winters Gold - Dramfolks Whisky Auction\" \/>\n<meta property=\"og:description\" content=\"Destille: Dalwhinnie Der Name Dalwhinnie leitet sich vom g\u00e4lischen Wort \u00ab\u00a0Dail Chuinnidh\u00a0\u00bb ab, was Treffpunkt bedeutet und sich auf das Treffen der alten Viehtreiberrouten durch die Berge bezieht. Wir schreiben das Jahr 1897: John Grant aus Grantown-on-Spey, George Sellar aus Kingussie und der Designer Alexander Mackenzie, ebenfalls aus Kingussie stellten sch\u00e4tzungsweise 10.000 Pfund f\u00fcr den[...]\" \/>\n<meta property=\"og:url\" content=\"https:\/\/www.dramfolks-whisky-auction.com\/fr\/product\/dalwhinnie-winters-gold-3\/\" \/>\n<meta property=\"og:site_name\" content=\"Dramfolks Whisky Auction\" \/>\n<meta property=\"article:modified_time\" content=\"2024-01-18T19:33:18+00:00\" \/>\n<meta property=\"og:image\" content=\"https:\/\/www.dramfolks-whisky-auction.com\/wp-content\/uploads\/2023\/11\/Dalwhinnie-vorne-scaled.jpg\" \/>\n\t<meta property=\"og:image:width\" content=\"2560\" \/>\n\t<meta property=\"og:image:height\" content=\"2048\" \/>\n\t<meta property=\"og:image:type\" content=\"image\/jpeg\" \/>\n<meta name=\"twitter:card\" content=\"summary_large_image\" \/>\n<meta name=\"twitter:label1\" content=\"Dur\u00e9e de lecture estim\u00e9e\" \/>\n\t<meta name=\"twitter:data1\" content=\"3 minutes\" \/>\n<script type=\"application\/ld+json\" class=\"yoast-schema-graph\">{\"@context\":\"https:\\\/\\\/schema.org\",\"@graph\":[{\"@type\":\"WebPage\",\"@id\":\"https:\\\/\\\/www.dramfolks-whisky-auction.com\\\/fr\\\/product\\\/dalwhinnie-winters-gold-3\\\/\",\"url\":\"https:\\\/\\\/www.dramfolks-whisky-auction.com\\\/fr\\\/product\\\/dalwhinnie-winters-gold-3\\\/\",\"name\":\"Dalwhinnie - Winters Gold - Dramfolks Whisky Auction\",\"isPartOf\":{\"@id\":\"https:\\\/\\\/www.dramfolks-whisky-auction.com\\\/fr\\\/#website\"},\"primaryImageOfPage\":{\"@id\":\"https:\\\/\\\/www.dramfolks-whisky-auction.com\\\/fr\\\/product\\\/dalwhinnie-winters-gold-3\\\/#primaryimage\"},\"image\":{\"@id\":\"https:\\\/\\\/www.dramfolks-whisky-auction.com\\\/fr\\\/product\\\/dalwhinnie-winters-gold-3\\\/#primaryimage\"},\"thumbnailUrl\":\"https:\\\/\\\/www.dramfolks-whisky-auction.com\\\/wp-content\\\/uploads\\\/2023\\\/11\\\/Dalwhinnie-vorne-scaled.jpg\",\"datePublished\":\"2023-12-13T07:40:34+00:00\",\"dateModified\":\"2024-01-18T19:33:18+00:00\",\"breadcrumb\":{\"@id\":\"https:\\\/\\\/www.dramfolks-whisky-auction.com\\\/fr\\\/product\\\/dalwhinnie-winters-gold-3\\\/#breadcrumb\"},\"inLanguage\":\"fr-FR\",\"potentialAction\":[{\"@type\":\"ReadAction\",\"target\":[\"https:\\\/\\\/www.dramfolks-whisky-auction.com\\\/fr\\\/product\\\/dalwhinnie-winters-gold-3\\\/\"]}]},{\"@type\":\"ImageObject\",\"inLanguage\":\"fr-FR\",\"@id\":\"https:\\\/\\\/www.dramfolks-whisky-auction.com\\\/fr\\\/product\\\/dalwhinnie-winters-gold-3\\\/#primaryimage\",\"url\":\"https:\\\/\\\/www.dramfolks-whisky-auction.com\\\/wp-content\\\/uploads\\\/2023\\\/11\\\/Dalwhinnie-vorne-scaled.jpg\",\"contentUrl\":\"https:\\\/\\\/www.dramfolks-whisky-auction.com\\\/wp-content\\\/uploads\\\/2023\\\/11\\\/Dalwhinnie-vorne-scaled.jpg\",\"width\":2560,\"height\":2048},{\"@type\":\"BreadcrumbList\",\"@id\":\"https:\\\/\\\/www.dramfolks-whisky-auction.com\\\/fr\\\/product\\\/dalwhinnie-winters-gold-3\\\/#breadcrumb\",\"itemListElement\":[{\"@type\":\"ListItem\",\"position\":1,\"name\":\"Startseite\",\"item\":\"https:\\\/\\\/www.dramfolks-whisky-auction.com\\\/fr\\\/\"},{\"@type\":\"ListItem\",\"position\":2,\"name\":\"Boutique\",\"item\":\"https:\\\/\\\/www.dramfolks-whisky-auction.com\\\/fr\\\/boutique\\\/\"},{\"@type\":\"ListItem\",\"position\":3,\"name\":\"Dalwhinnie &#8211; Winters Gold\"}]},{\"@type\":\"WebSite\",\"@id\":\"https:\\\/\\\/www.dramfolks-whisky-auction.com\\\/fr\\\/#website\",\"url\":\"https:\\\/\\\/www.dramfolks-whisky-auction.com\\\/fr\\\/\",\"name\":\"Dramfolks Whisky Auction\",\"description\":\"\",\"potentialAction\":[{\"@type\":\"SearchAction\",\"target\":{\"@type\":\"EntryPoint\",\"urlTemplate\":\"https:\\\/\\\/www.dramfolks-whisky-auction.com\\\/fr\\\/?s={search_term_string}\"},\"query-input\":{\"@type\":\"PropertyValueSpecification\",\"valueRequired\":true,\"valueName\":\"search_term_string\"}}],\"inLanguage\":\"fr-FR\"}]}<\/script>\n<!-- \/ Yoast SEO plugin. -->","yoast_head_json":{"title":"Dalwhinnie - Winters Gold - Dramfolks Whisky Auction","robots":{"index":"index","follow":"follow","max-snippet":"max-snippet:-1","max-image-preview":"max-image-preview:large","max-video-preview":"max-video-preview:-1"},"canonical":"https:\/\/www.dramfolks-whisky-auction.com\/fr\/product\/dalwhinnie-winters-gold-3\/","og_locale":"fr_FR","og_type":"article","og_title":"Dalwhinnie - Winters Gold - Dramfolks Whisky Auction","og_description":"Destille: Dalwhinnie Der Name Dalwhinnie leitet sich vom g\u00e4lischen Wort \u00ab\u00a0Dail Chuinnidh\u00a0\u00bb ab, was Treffpunkt bedeutet und sich auf das Treffen der alten Viehtreiberrouten durch die Berge bezieht. Wir schreiben das Jahr 1897: John Grant aus Grantown-on-Spey, George Sellar aus Kingussie und der Designer Alexander Mackenzie, ebenfalls aus Kingussie stellten sch\u00e4tzungsweise 10.000 Pfund f\u00fcr den[...]","og_url":"https:\/\/www.dramfolks-whisky-auction.com\/fr\/product\/dalwhinnie-winters-gold-3\/","og_site_name":"Dramfolks Whisky Auction","article_modified_time":"2024-01-18T19:33:18+00:00","og_image":[{"width":2560,"height":2048,"url":"https:\/\/www.dramfolks-whisky-auction.com\/wp-content\/uploads\/2023\/11\/Dalwhinnie-vorne-scaled.jpg","type":"image\/jpeg"}],"twitter_card":"summary_large_image","twitter_misc":{"Dur\u00e9e de lecture estim\u00e9e":"3 minutes"},"schema":{"@context":"https:\/\/schema.org","@graph":[{"@type":"WebPage","@id":"https:\/\/www.dramfolks-whisky-auction.com\/fr\/product\/dalwhinnie-winters-gold-3\/","url":"https:\/\/www.dramfolks-whisky-auction.com\/fr\/product\/dalwhinnie-winters-gold-3\/","name":"Dalwhinnie - Winters Gold - Dramfolks Whisky Auction","isPartOf":{"@id":"https:\/\/www.dramfolks-whisky-auction.com\/fr\/#website"},"primaryImageOfPage":{"@id":"https:\/\/www.dramfolks-whisky-auction.com\/fr\/product\/dalwhinnie-winters-gold-3\/#primaryimage"},"image":{"@id":"https:\/\/www.dramfolks-whisky-auction.com\/fr\/product\/dalwhinnie-winters-gold-3\/#primaryimage"},"thumbnailUrl":"https:\/\/www.dramfolks-whisky-auction.com\/wp-content\/uploads\/2023\/11\/Dalwhinnie-vorne-scaled.jpg","datePublished":"2023-12-13T07:40:34+00:00","dateModified":"2024-01-18T19:33:18+00:00","breadcrumb":{"@id":"https:\/\/www.dramfolks-whisky-auction.com\/fr\/product\/dalwhinnie-winters-gold-3\/#breadcrumb"},"inLanguage":"fr-FR","potentialAction":[{"@type":"ReadAction","target":["https:\/\/www.dramfolks-whisky-auction.com\/fr\/product\/dalwhinnie-winters-gold-3\/"]}]},{"@type":"ImageObject","inLanguage":"fr-FR","@id":"https:\/\/www.dramfolks-whisky-auction.com\/fr\/product\/dalwhinnie-winters-gold-3\/#primaryimage","url":"https:\/\/www.dramfolks-whisky-auction.com\/wp-content\/uploads\/2023\/11\/Dalwhinnie-vorne-scaled.jpg","contentUrl":"https:\/\/www.dramfolks-whisky-auction.com\/wp-content\/uploads\/2023\/11\/Dalwhinnie-vorne-scaled.jpg","width":2560,"height":2048},{"@type":"BreadcrumbList","@id":"https:\/\/www.dramfolks-whisky-auction.com\/fr\/product\/dalwhinnie-winters-gold-3\/#breadcrumb","itemListElement":[{"@type":"ListItem","position":1,"name":"Startseite","item":"https:\/\/www.dramfolks-whisky-auction.com\/fr\/"},{"@type":"ListItem","position":2,"name":"Boutique","item":"https:\/\/www.dramfolks-whisky-auction.com\/fr\/boutique\/"},{"@type":"ListItem","position":3,"name":"Dalwhinnie &#8211; Winters Gold"}]},{"@type":"WebSite","@id":"https:\/\/www.dramfolks-whisky-auction.com\/fr\/#website","url":"https:\/\/www.dramfolks-whisky-auction.com\/fr\/","name":"Dramfolks Whisky Auction","description":"","potentialAction":[{"@type":"SearchAction","target":{"@type":"EntryPoint","urlTemplate":"https:\/\/www.dramfolks-whisky-auction.com\/fr\/?s={search_term_string}"},"query-input":{"@type":"PropertyValueSpecification","valueRequired":true,"valueName":"search_term_string"}}],"inLanguage":"fr-FR"}]}},"_links":{"self":[{"href":"https:\/\/www.dramfolks-whisky-auction.com\/fr\/wp-json\/wp\/v2\/product\/4742","targetHints":{"allow":["GET"]}}],"collection":[{"href":"https:\/\/www.dramfolks-whisky-auction.com\/fr\/wp-json\/wp\/v2\/product"}],"about":[{"href":"https:\/\/www.dramfolks-whisky-auction.com\/fr\/wp-json\/wp\/v2\/types\/product"}],"replies":[{"embeddable":true,"href":"https:\/\/www.dramfolks-whisky-auction.com\/fr\/wp-json\/wp\/v2\/comments?post=4742"}],"wp:featuredmedia":[{"embeddable":true,"href":"https:\/\/www.dramfolks-whisky-auction.com\/fr\/wp-json\/wp\/v2\/media\/4314"}],"wp:attachment":[{"href":"https:\/\/www.dramfolks-whisky-auction.com\/fr\/wp-json\/wp\/v2\/media?parent=4742"}],"wp:term":[{"taxonomy":"product_brand","embeddable":true,"href":"https:\/\/www.dramfolks-whisky-auction.com\/fr\/wp-json\/wp\/v2\/product_brand?post=4742"},{"taxonomy":"product_cat","embeddable":true,"href":"https:\/\/www.dramfolks-whisky-auction.com\/fr\/wp-json\/wp\/v2\/product_cat?post=4742"},{"taxonomy":"product_tag","embeddable":true,"href":"https:\/\/www.dramfolks-whisky-auction.com\/fr\/wp-json\/wp\/v2\/product_tag?post=4742"}],"curies":[{"name":"wp","href":"https:\/\/api.w.org\/{rel}","templated":true}]}}