{"id":4734,"date":"2023-12-13T08:18:41","date_gmt":"2023-12-13T07:18:41","guid":{"rendered":"https:\/\/www.dramfolks-whisky-auction.com\/?post_type=product&#038;p=4734"},"modified":"2025-03-25T19:31:16","modified_gmt":"2025-03-25T18:31:16","slug":"wolfburn-fathers-day-2020-sherry-aged-3","status":"publish","type":"product","link":"https:\/\/www.dramfolks-whisky-auction.com\/fr\/product\/wolfburn-fathers-day-2020-sherry-aged-3\/","title":{"rendered":"Wolfburn &#8211; Father&rsquo;s Day 2020 Sherry Aged"},"content":{"rendered":"<p><strong>Destille: Wolfburn<br \/>\n<\/strong>Bei der Wolfburn Destillerie handelt es sich um eine neue Whisky Destillerie, die ihren Sitz in der Gemeinde Thurso in der schottischen Highland Region hat und die n\u00f6rdlichste Brennerei auf dem schottischen Festland ist. Sie wurde urspr\u00fcnglich bereits im Jahr 1821 erbaut, musste allerdings im Laufe des 19. Jahrhunderts wieder schlie\u00dfen und heute sind nur noch Ruinen des alten Geb\u00e4udes \u00fcbrig. Im Jahr 2011 wurde mit der Planung der Wolfsburn Whisky Destillerie begonnen und bereits im Jahr 2013 wurde der erste Single Malt Whisky produziert. Es handelt sich bei Wolfburn um einen kleinen Produzenten der nur ca. 115.000 Liter pro Jahr herstellt. Hier geht Qualit\u00e4t eindeutig vor der Masse.<\/p>\n<p><strong>Fun Fakt:\u00a0<\/strong>Auf dem Logo findet sich ein Wolf, dessen verwandtes Fabelwesen, der sogenannte \u2018Seewolf\u2018, allen, die ihn zu Gesicht bekommen, Gl\u00fcck bringen soll. Im 16. Jahrhundert, als die Zeichnung f\u00fcr das Wolfburn Logo entstand, gab es in der Gegend jede Menge W\u00f6lfe<\/p>\n<p><strong>Whisky\/Whiskey: Father&rsquo;s Day 2020 Sherry Aged<br \/>\n<\/strong>Der Vatertag ist im UK eine popul\u00e4re Zelebration. Wolfburn stellt zu diesem Anlass eine erste rein Sherry basierende Destillerieabf\u00fcllung vor, den Fathers<b> <\/b>Day 2020. Eine \u00abFathers Day\u00bb Abf\u00fcllung gab es zwar 2019 schon einmal. Dies war eine l\u00e4nderspezifische Abf\u00fcllung f\u00fcr den UK-Distributer. Die Abf\u00fcllung 2020 hingegen ist eine limitierte originale Destillerieabf\u00fcllung &#8211; es wurden nur 720 Flaschen abgef\u00fcllt!! Fathers Day ist eine \u00e4usserst gut gelungene reine Sherry-Abf\u00fcllung mit zarten, feingliedrigen Aromen, die den Stil der Destillerie erg\u00e4nzen aber nicht \u00fcberdecken.<\/p>\n<p><strong>Info Qualit\u00e4t der Flasche:<\/strong> Exzellent &#8211; ohne Besch\u00e4digungen \/ <strong>F\u00fcllstand:<\/strong> Into neck<br \/>\n<strong>Info Qualit\u00e4t der Box:\u00a0<\/strong>Exzellent &#8211; ohne Besch\u00e4digungen<\/p>\n<p><strong>Wichtiger Hinweis:<\/strong> Die Bewertung der Flaschen und Boxen erfolgt nach \u201ebesten Wissen und Gewissen\u201c. dramfolks kann keine Gew\u00e4hrleistung f\u00fcr den Inhalt der Flaschen \u00fcbernehmen. Weitere Infos &amp; Hinweise finden Sie in unseren AGBs. Wir empfehlen Ihnen, vor der Abgabe von Geboten \u00fcber die Zoomfunktion eine Besichtigung \/ genaue Pr\u00fcfung des angebotenen Whiskys vorzunehmen. Bitte kontaktieren sie uns bei Fragen direkt unter info@dramfolks.com<\/p>\n","protected":false},"excerpt":{"rendered":"<div class=\"product-short-description\">\n<p><strong>After-Auction-Market by dramfolks<\/strong><\/p>\n<p>Dies ist keine laufende Auktion! Dein Gebot ist ein alternativer Preisvorschlag (Maximalgebot)!<\/p>\n<\/div>\n","protected":false},"featured_media":4716,"comment_status":"closed","ping_status":"closed","template":"","meta":[],"product_brand":[],"product_cat":[1099],"product_tag":[],"class_list":{"0":"post-4734","1":"product","2":"type-product","3":"status-publish","4":"has-post-thumbnail","6":"product_cat-aam-sold-out","8":"first","9":"instock","10":"shipping-taxable","11":"purchasable","12":"product-type-auction"},"yoast_head":"<!-- This site is optimized with the Yoast SEO plugin v27.0 - https:\/\/yoast.com\/product\/yoast-seo-wordpress\/ -->\n<title>Wolfburn - Father&#039;s Day 2020 Sherry Aged - Dramfolks Whisky Auction<\/title>\n<meta name=\"robots\" content=\"index, follow, max-snippet:-1, max-image-preview:large, max-video-preview:-1\" \/>\n<link rel=\"canonical\" href=\"https:\/\/www.dramfolks-whisky-auction.com\/fr\/product\/wolfburn-fathers-day-2020-sherry-aged-3\/\" \/>\n<meta property=\"og:locale\" content=\"fr_FR\" \/>\n<meta property=\"og:type\" content=\"article\" \/>\n<meta property=\"og:title\" content=\"Wolfburn - Father&#039;s Day 2020 Sherry Aged - Dramfolks Whisky Auction\" \/>\n<meta property=\"og:description\" content=\"After-Auction-Market by dramfolks  Dies ist keine laufende Auktion! Dein Gebot ist ein alternativer Preisvorschlag (Maximalgebot)!\" \/>\n<meta property=\"og:url\" content=\"https:\/\/www.dramfolks-whisky-auction.com\/fr\/product\/wolfburn-fathers-day-2020-sherry-aged-3\/\" \/>\n<meta property=\"og:site_name\" content=\"Dramfolks Whisky Auction\" \/>\n<meta property=\"article:modified_time\" content=\"2025-03-25T18:31:16+00:00\" \/>\n<meta property=\"og:image\" content=\"https:\/\/www.dramfolks-whisky-auction.com\/wp-content\/uploads\/2023\/12\/Wolfburn-Fathers-Day-Sold-Out.jpg\" \/>\n\t<meta property=\"og:image:width\" content=\"2048\" \/>\n\t<meta property=\"og:image:height\" content=\"1638\" \/>\n\t<meta property=\"og:image:type\" content=\"image\/jpeg\" \/>\n<meta name=\"twitter:card\" content=\"summary_large_image\" \/>\n<meta name=\"twitter:label1\" content=\"Dur\u00e9e de lecture estim\u00e9e\" \/>\n\t<meta name=\"twitter:data1\" content=\"2 minutes\" \/>\n<script type=\"application\/ld+json\" class=\"yoast-schema-graph\">{\"@context\":\"https:\/\/schema.org\",\"@graph\":[{\"@type\":\"WebPage\",\"@id\":\"https:\/\/www.dramfolks-whisky-auction.com\/fr\/product\/wolfburn-fathers-day-2020-sherry-aged-3\/\",\"url\":\"https:\/\/www.dramfolks-whisky-auction.com\/fr\/product\/wolfburn-fathers-day-2020-sherry-aged-3\/\",\"name\":\"Wolfburn - Father's Day 2020 Sherry Aged - Dramfolks Whisky Auction\",\"isPartOf\":{\"@id\":\"https:\/\/www.dramfolks-whisky-auction.com\/fr\/#website\"},\"primaryImageOfPage\":{\"@id\":\"https:\/\/www.dramfolks-whisky-auction.com\/fr\/product\/wolfburn-fathers-day-2020-sherry-aged-3\/#primaryimage\"},\"image\":{\"@id\":\"https:\/\/www.dramfolks-whisky-auction.com\/fr\/product\/wolfburn-fathers-day-2020-sherry-aged-3\/#primaryimage\"},\"thumbnailUrl\":\"https:\/\/www.dramfolks-whisky-auction.com\/wp-content\/uploads\/2023\/12\/Wolfburn-Fathers-Day-Sold-Out.jpg\",\"datePublished\":\"2023-12-13T07:18:41+00:00\",\"dateModified\":\"2025-03-25T18:31:16+00:00\",\"breadcrumb\":{\"@id\":\"https:\/\/www.dramfolks-whisky-auction.com\/fr\/product\/wolfburn-fathers-day-2020-sherry-aged-3\/#breadcrumb\"},\"inLanguage\":\"fr-FR\",\"potentialAction\":[{\"@type\":\"ReadAction\",\"target\":[\"https:\/\/www.dramfolks-whisky-auction.com\/fr\/product\/wolfburn-fathers-day-2020-sherry-aged-3\/\"]}]},{\"@type\":\"ImageObject\",\"inLanguage\":\"fr-FR\",\"@id\":\"https:\/\/www.dramfolks-whisky-auction.com\/fr\/product\/wolfburn-fathers-day-2020-sherry-aged-3\/#primaryimage\",\"url\":\"https:\/\/www.dramfolks-whisky-auction.com\/wp-content\/uploads\/2023\/12\/Wolfburn-Fathers-Day-Sold-Out.jpg\",\"contentUrl\":\"https:\/\/www.dramfolks-whisky-auction.com\/wp-content\/uploads\/2023\/12\/Wolfburn-Fathers-Day-Sold-Out.jpg\",\"width\":2048,\"height\":1638},{\"@type\":\"BreadcrumbList\",\"@id\":\"https:\/\/www.dramfolks-whisky-auction.com\/fr\/product\/wolfburn-fathers-day-2020-sherry-aged-3\/#breadcrumb\",\"itemListElement\":[{\"@type\":\"ListItem\",\"position\":1,\"name\":\"Startseite\",\"item\":\"https:\/\/www.dramfolks-whisky-auction.com\/fr\/\"},{\"@type\":\"ListItem\",\"position\":2,\"name\":\"Boutique\",\"item\":\"https:\/\/www.dramfolks-whisky-auction.com\/fr\/boutique\/\"},{\"@type\":\"ListItem\",\"position\":3,\"name\":\"Wolfburn &#8211; Father&#8217;s Day 2020 Sherry Aged\"}]},{\"@type\":\"WebSite\",\"@id\":\"https:\/\/www.dramfolks-whisky-auction.com\/fr\/#website\",\"url\":\"https:\/\/www.dramfolks-whisky-auction.com\/fr\/\",\"name\":\"Dramfolks Whisky Auction\",\"description\":\"\",\"potentialAction\":[{\"@type\":\"SearchAction\",\"target\":{\"@type\":\"EntryPoint\",\"urlTemplate\":\"https:\/\/www.dramfolks-whisky-auction.com\/fr\/?s={search_term_string}\"},\"query-input\":{\"@type\":\"PropertyValueSpecification\",\"valueRequired\":true,\"valueName\":\"search_term_string\"}}],\"inLanguage\":\"fr-FR\"}]}<\/script>\n<!-- \/ Yoast SEO plugin. -->","yoast_head_json":{"title":"Wolfburn - Father's Day 2020 Sherry Aged - Dramfolks Whisky Auction","robots":{"index":"index","follow":"follow","max-snippet":"max-snippet:-1","max-image-preview":"max-image-preview:large","max-video-preview":"max-video-preview:-1"},"canonical":"https:\/\/www.dramfolks-whisky-auction.com\/fr\/product\/wolfburn-fathers-day-2020-sherry-aged-3\/","og_locale":"fr_FR","og_type":"article","og_title":"Wolfburn - Father's Day 2020 Sherry Aged - Dramfolks Whisky Auction","og_description":"After-Auction-Market by dramfolks  Dies ist keine laufende Auktion! Dein Gebot ist ein alternativer Preisvorschlag (Maximalgebot)!","og_url":"https:\/\/www.dramfolks-whisky-auction.com\/fr\/product\/wolfburn-fathers-day-2020-sherry-aged-3\/","og_site_name":"Dramfolks Whisky Auction","article_modified_time":"2025-03-25T18:31:16+00:00","og_image":[{"width":2048,"height":1638,"url":"https:\/\/www.dramfolks-whisky-auction.com\/wp-content\/uploads\/2023\/12\/Wolfburn-Fathers-Day-Sold-Out.jpg","type":"image\/jpeg"}],"twitter_card":"summary_large_image","twitter_misc":{"Dur\u00e9e de lecture estim\u00e9e":"2 minutes"},"schema":{"@context":"https:\/\/schema.org","@graph":[{"@type":"WebPage","@id":"https:\/\/www.dramfolks-whisky-auction.com\/fr\/product\/wolfburn-fathers-day-2020-sherry-aged-3\/","url":"https:\/\/www.dramfolks-whisky-auction.com\/fr\/product\/wolfburn-fathers-day-2020-sherry-aged-3\/","name":"Wolfburn - Father's Day 2020 Sherry Aged - Dramfolks Whisky Auction","isPartOf":{"@id":"https:\/\/www.dramfolks-whisky-auction.com\/fr\/#website"},"primaryImageOfPage":{"@id":"https:\/\/www.dramfolks-whisky-auction.com\/fr\/product\/wolfburn-fathers-day-2020-sherry-aged-3\/#primaryimage"},"image":{"@id":"https:\/\/www.dramfolks-whisky-auction.com\/fr\/product\/wolfburn-fathers-day-2020-sherry-aged-3\/#primaryimage"},"thumbnailUrl":"https:\/\/www.dramfolks-whisky-auction.com\/wp-content\/uploads\/2023\/12\/Wolfburn-Fathers-Day-Sold-Out.jpg","datePublished":"2023-12-13T07:18:41+00:00","dateModified":"2025-03-25T18:31:16+00:00","breadcrumb":{"@id":"https:\/\/www.dramfolks-whisky-auction.com\/fr\/product\/wolfburn-fathers-day-2020-sherry-aged-3\/#breadcrumb"},"inLanguage":"fr-FR","potentialAction":[{"@type":"ReadAction","target":["https:\/\/www.dramfolks-whisky-auction.com\/fr\/product\/wolfburn-fathers-day-2020-sherry-aged-3\/"]}]},{"@type":"ImageObject","inLanguage":"fr-FR","@id":"https:\/\/www.dramfolks-whisky-auction.com\/fr\/product\/wolfburn-fathers-day-2020-sherry-aged-3\/#primaryimage","url":"https:\/\/www.dramfolks-whisky-auction.com\/wp-content\/uploads\/2023\/12\/Wolfburn-Fathers-Day-Sold-Out.jpg","contentUrl":"https:\/\/www.dramfolks-whisky-auction.com\/wp-content\/uploads\/2023\/12\/Wolfburn-Fathers-Day-Sold-Out.jpg","width":2048,"height":1638},{"@type":"BreadcrumbList","@id":"https:\/\/www.dramfolks-whisky-auction.com\/fr\/product\/wolfburn-fathers-day-2020-sherry-aged-3\/#breadcrumb","itemListElement":[{"@type":"ListItem","position":1,"name":"Startseite","item":"https:\/\/www.dramfolks-whisky-auction.com\/fr\/"},{"@type":"ListItem","position":2,"name":"Boutique","item":"https:\/\/www.dramfolks-whisky-auction.com\/fr\/boutique\/"},{"@type":"ListItem","position":3,"name":"Wolfburn &#8211; Father&#8217;s Day 2020 Sherry Aged"}]},{"@type":"WebSite","@id":"https:\/\/www.dramfolks-whisky-auction.com\/fr\/#website","url":"https:\/\/www.dramfolks-whisky-auction.com\/fr\/","name":"Dramfolks Whisky Auction","description":"","potentialAction":[{"@type":"SearchAction","target":{"@type":"EntryPoint","urlTemplate":"https:\/\/www.dramfolks-whisky-auction.com\/fr\/?s={search_term_string}"},"query-input":{"@type":"PropertyValueSpecification","valueRequired":true,"valueName":"search_term_string"}}],"inLanguage":"fr-FR"}]}},"_links":{"self":[{"href":"https:\/\/www.dramfolks-whisky-auction.com\/fr\/wp-json\/wp\/v2\/product\/4734","targetHints":{"allow":["GET"]}}],"collection":[{"href":"https:\/\/www.dramfolks-whisky-auction.com\/fr\/wp-json\/wp\/v2\/product"}],"about":[{"href":"https:\/\/www.dramfolks-whisky-auction.com\/fr\/wp-json\/wp\/v2\/types\/product"}],"replies":[{"embeddable":true,"href":"https:\/\/www.dramfolks-whisky-auction.com\/fr\/wp-json\/wp\/v2\/comments?post=4734"}],"wp:featuredmedia":[{"embeddable":true,"href":"https:\/\/www.dramfolks-whisky-auction.com\/fr\/wp-json\/wp\/v2\/media\/4716"}],"wp:attachment":[{"href":"https:\/\/www.dramfolks-whisky-auction.com\/fr\/wp-json\/wp\/v2\/media?parent=4734"}],"wp:term":[{"taxonomy":"product_brand","embeddable":true,"href":"https:\/\/www.dramfolks-whisky-auction.com\/fr\/wp-json\/wp\/v2\/product_brand?post=4734"},{"taxonomy":"product_cat","embeddable":true,"href":"https:\/\/www.dramfolks-whisky-auction.com\/fr\/wp-json\/wp\/v2\/product_cat?post=4734"},{"taxonomy":"product_tag","embeddable":true,"href":"https:\/\/www.dramfolks-whisky-auction.com\/fr\/wp-json\/wp\/v2\/product_tag?post=4734"}],"curies":[{"name":"wp","href":"https:\/\/api.w.org\/{rel}","templated":true}]}}