{"id":4708,"date":"2023-12-11T17:11:56","date_gmt":"2023-12-11T16:11:56","guid":{"rendered":"https:\/\/www.dramfolks-whisky-auction.com\/?post_type=product&#038;p=4708"},"modified":"2024-01-23T17:19:14","modified_gmt":"2024-01-23T16:19:14","slug":"tomatin-cu-bocan-creation-5-4","status":"publish","type":"product","link":"https:\/\/www.dramfolks-whisky-auction.com\/fr\/product\/tomatin-cu-bocan-creation-5-4\/","title":{"rendered":"Tomatin &#8211; C\u00f9 B\u00f2can Creation #5"},"content":{"rendered":"<p><strong>Destille: Tomatin<br \/>\n<\/strong>Nahe der Stadt Inverness liegt die Brennerei Tomatin. Die Geschichte der Tomatin <span class=\"tx-datamintslossaryextension-no-replacement\">Destillerie<\/span> begann im Jahr 1897, als sie neben einem kleinen Dorf namens Tomatin, das etwa 24 Kilometer s\u00fcdlich von Inverness liegt, gegr\u00fcndet wurde. Tomatin ist g\u00e4lisch und bedeutet \u00ab\u00a0H\u00fcgel des Wacholderbusches\u00a0\u00bb. Zu der Zeit war der <span class=\"tx-datamintslossaryextension-no-replacement\">Whisky<\/span>-Boom auf seinem H\u00f6hepunkt und John MacDougall, John MacLeish, Alexander Allan und einige weitere Investoren bildeten die Tomatin Spey District Distillery Ltd.. Sie w\u00e4hlten als Standort der <span class=\"tx-datamintslossaryextension-no-replacement\">Destillerie<\/span> diesen Ort in den Highlands aufgrund der frischen Wasserversorgung und der Eisenbahn, die den Platz passierte und zu dem nahe gelegenen Marktplatz namens Inverness f\u00fchrte. Tomatin <span class=\"tx-datamintslossaryextension-no-replacement\">Whisky<\/span> war erfolgreich und einige Jahre sp\u00e4ter wurden vor Ort mehr als 30 H\u00e4user f\u00fcr die Mitarbeiter gebaut (auch heute leben noch 80% der Tomatin-Mitarbeiter hier auf dem Campus). 1974 war Tomatin die gr\u00f6\u00dfte <span class=\"tx-datamintslossaryextension-no-replacement\">Brennerei<\/span> in Schottland und produzierte j\u00e4hrlich 12 Millionen Liter Alkohol. Der meiste Malt <span class=\"tx-datamintslossaryextension-no-replacement\">Whisky<\/span> ging dabei in gro\u00dfen Mengen an andere Unternehmen und Blends, wie z.B. Johnnie Walker, Chivas Regal und J &amp; B. Aber als die Blase 1985 platzte, wurde das Unternehmen zur Aufl\u00f6sung gezwungen. Der Schwerpunkt von Tomatin \u00e4nderte sich und es wurde mehr Wert auf Qualit\u00e4t als auf Quantit\u00e4t gelegt. Heute sind die Single Malts von Tomatin hochgesch\u00e4tzt und die Nachfrage steigt und steigt. Die j\u00e4hrliche Produktionsmenge von Tomatin liegt nun bei 4,2 Millionen Litern.<\/p>\n<p><strong>Fun Fakt:\u00a0<\/strong>Neben den Tomatin Single Malts wird ebenfalls der Premium Blended Scotch Whisky \u201aAntiquary\u2018 in der Tomatin <span class=\"tx-datamintslossaryextension-no-replacement\">Destillerie<\/span> produziert. Die Marke wurde im Jahr 1888 gegr\u00fcndet, der Name stammt aus einem Roman von Schottlands ber\u00fchmtem Dichter Sir Walter Scott.<\/p>\n<p><strong>Whisky\/Whiskey: C\u00f9 B\u00f2can Creation #5<br \/>\n<\/strong>Tomatin C\u00f9 B\u00f2can ist ein experimenteller Whisky aus der Highland Brennerei Tomatin, der aus leicht rauchigem Gerstenmalz hergestellt und jeweils im Winter in limitierten Batches destilliert wird. C\u00f9 B\u00f2can bedeutet im G\u00e4lischen &lsquo;Geisterhund&rsquo;. Der Legende nach wurden die Bewohner der Gegend um Tomatin von einem Geisterhund heimgesucht, der sich in blauen Rauch aufl\u00f6ste und sich \u00fcber den Mooren der Highlands verzog. Jede Abf\u00fcllung von C\u00f9 B\u00f2can wird in unterschiedlichen Fasskombinationen gereift, um die au\u00dfergew\u00f6hnlichen Geschm\u00e4cker im Single Malt herauszubringen. Die f\u00fcnfte Kreation ist der erste Single Malt, der in F\u00e4ssern aus kolumbianischer Anden-Eiche reifte. Die seltenen F\u00e4sser geben dem Whisky seine geschmacklichen Facetten von Campher, ger\u00f6steten Nelken und Eukalyptus. Limitiert auf 8400 Flaschen!!<\/p>\n<p><strong>Info Qualit\u00e4t der Flasche:<\/strong> Exzellent &#8211; ohne Besch\u00e4digungen \/ <strong>F\u00fcllstand:<\/strong> Into neck<br \/>\n<strong>Info Qualit\u00e4t der Box:\u00a0<\/strong>Exzellent &#8211; ohne Besch\u00e4digungen<\/p>\n<p><strong>Wichtiger Hinweis:<\/strong> Die Bewertung der Flaschen und Boxen erfolgt nach \u201ebesten Wissen und Gewissen\u201c. dramfolks kann keine Gew\u00e4hrleistung f\u00fcr den Inhalt der Flaschen \u00fcbernehmen. Weitere Infos &amp; Hinweise finden Sie in unseren AGBs. Wir empfehlen Ihnen, vor der Abgabe von Geboten \u00fcber die Zoomfunktion eine Besichtigung \/ genaue Pr\u00fcfung des angebotenen Whiskys vorzunehmen. Bitte kontaktieren sie uns bei Fragen direkt unter info@dramfolks.com<\/p>\n","protected":false},"excerpt":{"rendered":"<p>Destille: Tomatin Nahe der Stadt Inverness liegt die Brennerei Tomatin. Die Geschichte der Tomatin Destillerie begann im Jahr 1897, als sie neben einem kleinen Dorf namens Tomatin, das etwa 24 Kilometer s\u00fcdlich von Inverness liegt, gegr\u00fcndet wurde. Tomatin ist g\u00e4lisch und bedeutet \u00ab\u00a0H\u00fcgel des Wacholderbusches\u00a0\u00bb. Zu der Zeit war der Whisky-Boom auf seinem H\u00f6hepunkt und[&#8230;]\n","protected":false},"featured_media":5068,"comment_status":"closed","ping_status":"closed","template":"","meta":[],"product_brand":[],"product_cat":[688],"product_tag":[],"class_list":{"0":"post-4708","1":"product","2":"type-product","3":"status-publish","4":"has-post-thumbnail","6":"product_cat-no-8","8":"first","9":"instock","10":"shipping-taxable","11":"purchasable","12":"product-type-auction"},"yoast_head":"<!-- This site is optimized with the Yoast SEO plugin v27.4 - https:\/\/yoast.com\/product\/yoast-seo-wordpress\/ -->\n<title>Tomatin - C\u00f9 B\u00f2can Creation #5 - Dramfolks Whisky Auction<\/title>\n<meta name=\"robots\" content=\"index, follow, max-snippet:-1, max-image-preview:large, max-video-preview:-1\" \/>\n<link rel=\"canonical\" href=\"https:\/\/www.dramfolks-whisky-auction.com\/fr\/product\/tomatin-cu-bocan-creation-5-4\/\" \/>\n<meta property=\"og:locale\" content=\"fr_FR\" \/>\n<meta property=\"og:type\" content=\"article\" \/>\n<meta property=\"og:title\" content=\"Tomatin - C\u00f9 B\u00f2can Creation #5 - Dramfolks Whisky Auction\" \/>\n<meta property=\"og:description\" content=\"Destille: Tomatin Nahe der Stadt Inverness liegt die Brennerei Tomatin. Die Geschichte der Tomatin Destillerie begann im Jahr 1897, als sie neben einem kleinen Dorf namens Tomatin, das etwa 24 Kilometer s\u00fcdlich von Inverness liegt, gegr\u00fcndet wurde. Tomatin ist g\u00e4lisch und bedeutet \u00ab\u00a0H\u00fcgel des Wacholderbusches\u00a0\u00bb. Zu der Zeit war der Whisky-Boom auf seinem H\u00f6hepunkt und[...]\" \/>\n<meta property=\"og:url\" content=\"https:\/\/www.dramfolks-whisky-auction.com\/fr\/product\/tomatin-cu-bocan-creation-5-4\/\" \/>\n<meta property=\"og:site_name\" content=\"Dramfolks Whisky Auction\" \/>\n<meta property=\"article:modified_time\" content=\"2024-01-23T16:19:14+00:00\" \/>\n<meta property=\"og:image\" content=\"https:\/\/www.dramfolks-whisky-auction.com\/wp-content\/uploads\/2023\/12\/Tomatin-vorne-scaled.jpg\" \/>\n\t<meta property=\"og:image:width\" content=\"2560\" \/>\n\t<meta property=\"og:image:height\" content=\"2560\" \/>\n\t<meta property=\"og:image:type\" content=\"image\/jpeg\" \/>\n<meta name=\"twitter:card\" content=\"summary_large_image\" \/>\n<meta name=\"twitter:label1\" content=\"Dur\u00e9e de lecture estim\u00e9e\" \/>\n\t<meta name=\"twitter:data1\" content=\"3 minutes\" \/>\n<script type=\"application\/ld+json\" class=\"yoast-schema-graph\">{\"@context\":\"https:\\\/\\\/schema.org\",\"@graph\":[{\"@type\":\"WebPage\",\"@id\":\"https:\\\/\\\/www.dramfolks-whisky-auction.com\\\/fr\\\/product\\\/tomatin-cu-bocan-creation-5-4\\\/\",\"url\":\"https:\\\/\\\/www.dramfolks-whisky-auction.com\\\/fr\\\/product\\\/tomatin-cu-bocan-creation-5-4\\\/\",\"name\":\"Tomatin - C\u00f9 B\u00f2can Creation #5 - Dramfolks Whisky Auction\",\"isPartOf\":{\"@id\":\"https:\\\/\\\/www.dramfolks-whisky-auction.com\\\/fr\\\/#website\"},\"primaryImageOfPage\":{\"@id\":\"https:\\\/\\\/www.dramfolks-whisky-auction.com\\\/fr\\\/product\\\/tomatin-cu-bocan-creation-5-4\\\/#primaryimage\"},\"image\":{\"@id\":\"https:\\\/\\\/www.dramfolks-whisky-auction.com\\\/fr\\\/product\\\/tomatin-cu-bocan-creation-5-4\\\/#primaryimage\"},\"thumbnailUrl\":\"https:\\\/\\\/www.dramfolks-whisky-auction.com\\\/wp-content\\\/uploads\\\/2023\\\/12\\\/Tomatin-vorne-scaled.jpg\",\"datePublished\":\"2023-12-11T16:11:56+00:00\",\"dateModified\":\"2024-01-23T16:19:14+00:00\",\"breadcrumb\":{\"@id\":\"https:\\\/\\\/www.dramfolks-whisky-auction.com\\\/fr\\\/product\\\/tomatin-cu-bocan-creation-5-4\\\/#breadcrumb\"},\"inLanguage\":\"fr-FR\",\"potentialAction\":[{\"@type\":\"ReadAction\",\"target\":[\"https:\\\/\\\/www.dramfolks-whisky-auction.com\\\/fr\\\/product\\\/tomatin-cu-bocan-creation-5-4\\\/\"]}]},{\"@type\":\"ImageObject\",\"inLanguage\":\"fr-FR\",\"@id\":\"https:\\\/\\\/www.dramfolks-whisky-auction.com\\\/fr\\\/product\\\/tomatin-cu-bocan-creation-5-4\\\/#primaryimage\",\"url\":\"https:\\\/\\\/www.dramfolks-whisky-auction.com\\\/wp-content\\\/uploads\\\/2023\\\/12\\\/Tomatin-vorne-scaled.jpg\",\"contentUrl\":\"https:\\\/\\\/www.dramfolks-whisky-auction.com\\\/wp-content\\\/uploads\\\/2023\\\/12\\\/Tomatin-vorne-scaled.jpg\",\"width\":2560,\"height\":2560},{\"@type\":\"BreadcrumbList\",\"@id\":\"https:\\\/\\\/www.dramfolks-whisky-auction.com\\\/fr\\\/product\\\/tomatin-cu-bocan-creation-5-4\\\/#breadcrumb\",\"itemListElement\":[{\"@type\":\"ListItem\",\"position\":1,\"name\":\"Startseite\",\"item\":\"https:\\\/\\\/www.dramfolks-whisky-auction.com\\\/fr\\\/\"},{\"@type\":\"ListItem\",\"position\":2,\"name\":\"Boutique\",\"item\":\"https:\\\/\\\/www.dramfolks-whisky-auction.com\\\/fr\\\/boutique\\\/\"},{\"@type\":\"ListItem\",\"position\":3,\"name\":\"Tomatin &#8211; C\u00f9 B\u00f2can Creation #5\"}]},{\"@type\":\"WebSite\",\"@id\":\"https:\\\/\\\/www.dramfolks-whisky-auction.com\\\/fr\\\/#website\",\"url\":\"https:\\\/\\\/www.dramfolks-whisky-auction.com\\\/fr\\\/\",\"name\":\"Dramfolks Whisky Auction\",\"description\":\"\",\"potentialAction\":[{\"@type\":\"SearchAction\",\"target\":{\"@type\":\"EntryPoint\",\"urlTemplate\":\"https:\\\/\\\/www.dramfolks-whisky-auction.com\\\/fr\\\/?s={search_term_string}\"},\"query-input\":{\"@type\":\"PropertyValueSpecification\",\"valueRequired\":true,\"valueName\":\"search_term_string\"}}],\"inLanguage\":\"fr-FR\"}]}<\/script>\n<!-- \/ Yoast SEO plugin. -->","yoast_head_json":{"title":"Tomatin - C\u00f9 B\u00f2can Creation #5 - Dramfolks Whisky Auction","robots":{"index":"index","follow":"follow","max-snippet":"max-snippet:-1","max-image-preview":"max-image-preview:large","max-video-preview":"max-video-preview:-1"},"canonical":"https:\/\/www.dramfolks-whisky-auction.com\/fr\/product\/tomatin-cu-bocan-creation-5-4\/","og_locale":"fr_FR","og_type":"article","og_title":"Tomatin - C\u00f9 B\u00f2can Creation #5 - Dramfolks Whisky Auction","og_description":"Destille: Tomatin Nahe der Stadt Inverness liegt die Brennerei Tomatin. Die Geschichte der Tomatin Destillerie begann im Jahr 1897, als sie neben einem kleinen Dorf namens Tomatin, das etwa 24 Kilometer s\u00fcdlich von Inverness liegt, gegr\u00fcndet wurde. Tomatin ist g\u00e4lisch und bedeutet \u00ab\u00a0H\u00fcgel des Wacholderbusches\u00a0\u00bb. Zu der Zeit war der Whisky-Boom auf seinem H\u00f6hepunkt und[...]","og_url":"https:\/\/www.dramfolks-whisky-auction.com\/fr\/product\/tomatin-cu-bocan-creation-5-4\/","og_site_name":"Dramfolks Whisky Auction","article_modified_time":"2024-01-23T16:19:14+00:00","og_image":[{"width":2560,"height":2560,"url":"https:\/\/www.dramfolks-whisky-auction.com\/wp-content\/uploads\/2023\/12\/Tomatin-vorne-scaled.jpg","type":"image\/jpeg"}],"twitter_card":"summary_large_image","twitter_misc":{"Dur\u00e9e de lecture estim\u00e9e":"3 minutes"},"schema":{"@context":"https:\/\/schema.org","@graph":[{"@type":"WebPage","@id":"https:\/\/www.dramfolks-whisky-auction.com\/fr\/product\/tomatin-cu-bocan-creation-5-4\/","url":"https:\/\/www.dramfolks-whisky-auction.com\/fr\/product\/tomatin-cu-bocan-creation-5-4\/","name":"Tomatin - C\u00f9 B\u00f2can Creation #5 - Dramfolks Whisky Auction","isPartOf":{"@id":"https:\/\/www.dramfolks-whisky-auction.com\/fr\/#website"},"primaryImageOfPage":{"@id":"https:\/\/www.dramfolks-whisky-auction.com\/fr\/product\/tomatin-cu-bocan-creation-5-4\/#primaryimage"},"image":{"@id":"https:\/\/www.dramfolks-whisky-auction.com\/fr\/product\/tomatin-cu-bocan-creation-5-4\/#primaryimage"},"thumbnailUrl":"https:\/\/www.dramfolks-whisky-auction.com\/wp-content\/uploads\/2023\/12\/Tomatin-vorne-scaled.jpg","datePublished":"2023-12-11T16:11:56+00:00","dateModified":"2024-01-23T16:19:14+00:00","breadcrumb":{"@id":"https:\/\/www.dramfolks-whisky-auction.com\/fr\/product\/tomatin-cu-bocan-creation-5-4\/#breadcrumb"},"inLanguage":"fr-FR","potentialAction":[{"@type":"ReadAction","target":["https:\/\/www.dramfolks-whisky-auction.com\/fr\/product\/tomatin-cu-bocan-creation-5-4\/"]}]},{"@type":"ImageObject","inLanguage":"fr-FR","@id":"https:\/\/www.dramfolks-whisky-auction.com\/fr\/product\/tomatin-cu-bocan-creation-5-4\/#primaryimage","url":"https:\/\/www.dramfolks-whisky-auction.com\/wp-content\/uploads\/2023\/12\/Tomatin-vorne-scaled.jpg","contentUrl":"https:\/\/www.dramfolks-whisky-auction.com\/wp-content\/uploads\/2023\/12\/Tomatin-vorne-scaled.jpg","width":2560,"height":2560},{"@type":"BreadcrumbList","@id":"https:\/\/www.dramfolks-whisky-auction.com\/fr\/product\/tomatin-cu-bocan-creation-5-4\/#breadcrumb","itemListElement":[{"@type":"ListItem","position":1,"name":"Startseite","item":"https:\/\/www.dramfolks-whisky-auction.com\/fr\/"},{"@type":"ListItem","position":2,"name":"Boutique","item":"https:\/\/www.dramfolks-whisky-auction.com\/fr\/boutique\/"},{"@type":"ListItem","position":3,"name":"Tomatin &#8211; C\u00f9 B\u00f2can Creation #5"}]},{"@type":"WebSite","@id":"https:\/\/www.dramfolks-whisky-auction.com\/fr\/#website","url":"https:\/\/www.dramfolks-whisky-auction.com\/fr\/","name":"Dramfolks Whisky Auction","description":"","potentialAction":[{"@type":"SearchAction","target":{"@type":"EntryPoint","urlTemplate":"https:\/\/www.dramfolks-whisky-auction.com\/fr\/?s={search_term_string}"},"query-input":{"@type":"PropertyValueSpecification","valueRequired":true,"valueName":"search_term_string"}}],"inLanguage":"fr-FR"}]}},"_links":{"self":[{"href":"https:\/\/www.dramfolks-whisky-auction.com\/fr\/wp-json\/wp\/v2\/product\/4708","targetHints":{"allow":["GET"]}}],"collection":[{"href":"https:\/\/www.dramfolks-whisky-auction.com\/fr\/wp-json\/wp\/v2\/product"}],"about":[{"href":"https:\/\/www.dramfolks-whisky-auction.com\/fr\/wp-json\/wp\/v2\/types\/product"}],"replies":[{"embeddable":true,"href":"https:\/\/www.dramfolks-whisky-auction.com\/fr\/wp-json\/wp\/v2\/comments?post=4708"}],"wp:featuredmedia":[{"embeddable":true,"href":"https:\/\/www.dramfolks-whisky-auction.com\/fr\/wp-json\/wp\/v2\/media\/5068"}],"wp:attachment":[{"href":"https:\/\/www.dramfolks-whisky-auction.com\/fr\/wp-json\/wp\/v2\/media?parent=4708"}],"wp:term":[{"taxonomy":"product_brand","embeddable":true,"href":"https:\/\/www.dramfolks-whisky-auction.com\/fr\/wp-json\/wp\/v2\/product_brand?post=4708"},{"taxonomy":"product_cat","embeddable":true,"href":"https:\/\/www.dramfolks-whisky-auction.com\/fr\/wp-json\/wp\/v2\/product_cat?post=4708"},{"taxonomy":"product_tag","embeddable":true,"href":"https:\/\/www.dramfolks-whisky-auction.com\/fr\/wp-json\/wp\/v2\/product_tag?post=4708"}],"curies":[{"name":"wp","href":"https:\/\/api.w.org\/{rel}","templated":true}]}}