{"id":4704,"date":"2023-12-09T10:51:16","date_gmt":"2023-12-09T09:51:16","guid":{"rendered":"https:\/\/www.dramfolks-whisky-auction.com\/?post_type=product&#038;p=4704"},"modified":"2025-03-25T19:32:15","modified_gmt":"2025-03-25T18:32:15","slug":"glenmorangie-bacalta-private-edition-4","status":"publish","type":"product","link":"https:\/\/www.dramfolks-whisky-auction.com\/fr\/product\/glenmorangie-bacalta-private-edition-4\/","title":{"rendered":"Glenmorangie &#8211; Bacalta Private Edition"},"content":{"rendered":"<p><strong>Destille: Glenmorangie<\/strong><br \/>\nGlenmorangie ist eine Whiskybrennerei in Tain in den Northern Highlands von Schottland.<br \/>\n1843 von der Br\u00fcdern Matheson gegr\u00fcndet und heute einer der gr\u00f6\u00dften und bekanntesten Destillerien in den Highlands. Seit Oktober 2004 geh\u00f6rt das Unternehmen zur Gruppe Mo\u00ebt Hennessy Louis Vuitton (LVMH). Die wohl auff\u00e4lligste Besonderheit der Brennerei sind die au\u00dfergew\u00f6hnlich hohen Brennblasen. Mit acht Metern Gesamth\u00f6he und 5,14 Metern H\u00f6he oberhalb der Brennblase sind sie die h\u00f6chsten Brennblasen aller schottischen Brennereien. Dadurch wird der Glenmorangie Whisky in der Regel besonders mild.<\/p>\n<p><strong>Fun Fakt:<\/strong> Bekannt wurde Glenmorangie auch wegen der \u00ab\u00a016 Men of Tain\u00a0\u00bb Regel, was so viel bedeutet, dass immer genau 16 Mitarbeiter in der Destille besch\u00e4ftigt sein sollten. Heute durch das j\u00e4hrliche Produktionsvolumen von bis zu 10 Mio. Liter wohl nur noch eine Legende&#8230;<\/p>\n<p><strong>Whisky\/Whiskey: Bacalta Private Edition<\/strong><br \/>\nDie Private Edition Range von Glenmorangie hat bereits reichlich Begeisterung ausgel\u00f6st und steht f\u00fcr rare Premium-Produkte mit Sammlerwert. Anfang 2017 wurde sie durch die faszinierende Bacalta Private Edition (8. Ausgabe der Private Edition-Reihe) erg\u00e4nzt.\u00a0 Dieser hochwertige Whisky aus Schottland ist ein Unikat. Hier hat Glenmorangie zum ersten Mal mit einer Nachlagerung in einem Malmsey Madeira Fass experimentiert, das in der Sonne getrocknet worden war. Man hat F\u00e4sser aus amerikanischer Eiche stark ausgebrannt und diese dann mit Malmsey-Wein bef\u00fcllt. Das Ganze lagerte unter direkter Sonneneinstrahlung in Madeira. Dann entleerte man die speziell hierf\u00fcr gefertigten F\u00e4sser und transportierte sie zur Destillerie Glenmorangie, um den Bacalta Whisky einem Finishing zu unterziehen. Er hatte zuvor regul\u00e4r in Bourbonf\u00e4ssern gereift.<\/p>\n<p><strong>Info Qualit\u00e4t der Flasche:<\/strong> Exzellent ohne Besch\u00e4digungen \/ <strong>F\u00fcllstand:<\/strong> Upper Mid Shoulder<br \/>\n<strong>Info Qualit\u00e4t der Box:<\/strong> Exzellent ohne Besch\u00e4digungen<\/p>\n<p><strong>Wichtiger Hinweis:<\/strong> Die Bewertung der Flaschen und Boxen erfolgt nach \u00ab\u00a0besten Wissen und Gewissen\u00a0\u00bb. dramfolks kann keine Gew\u00e4hrleistung f\u00fcr den Inhalt der Flaschen \u00fcbernehmen. Weitere Infos &amp; Hinweise finden Sie in unseren AGBs. Wir empfehlen Ihnen, vor der Abgabe von Geboten \u00fcber die Zoomfunktion eine Besichtigung \/ genaue Pr\u00fcfung des angebotenen Whiskys vorzunehmen. Bitte kontaktieren sie uns bei Fragen direkt unter info@dramfolks.com<\/p>\n","protected":false},"excerpt":{"rendered":"<div class=\"product-short-description\">\n<p><strong>After-Auction-Market by dramfolks<\/strong><\/p>\n<p>Dies ist keine laufende Auktion! \u00dcber den \u00ab\u00a0Jetzt Kaufen\u00a0\u00bb-Button direkt erwerben oder dein Gebot ist ein alternativer Preisvorschlag (Maximalgebot)!<\/p>\n<\/div>\n","protected":false},"featured_media":48646,"comment_status":"closed","ping_status":"closed","template":"","meta":[],"product_brand":[],"product_cat":[1099],"product_tag":[],"class_list":{"0":"post-4704","1":"product","2":"type-product","3":"status-publish","4":"has-post-thumbnail","6":"product_cat-aam-sold-out","8":"first","9":"instock","10":"shipping-taxable","11":"purchasable","12":"product-type-auction"},"yoast_head":"<!-- This site is optimized with the Yoast SEO plugin v27.0 - https:\/\/yoast.com\/product\/yoast-seo-wordpress\/ -->\n<title>Glenmorangie - Bacalta Private Edition - Dramfolks Whisky Auction<\/title>\n<meta name=\"robots\" content=\"index, follow, max-snippet:-1, max-image-preview:large, max-video-preview:-1\" \/>\n<link rel=\"canonical\" href=\"https:\/\/www.dramfolks-whisky-auction.com\/fr\/product\/glenmorangie-bacalta-private-edition-4\/\" \/>\n<meta property=\"og:locale\" content=\"fr_FR\" \/>\n<meta property=\"og:type\" content=\"article\" \/>\n<meta property=\"og:title\" content=\"Glenmorangie - Bacalta Private Edition - Dramfolks Whisky Auction\" \/>\n<meta property=\"og:description\" content=\"After-Auction-Market by dramfolks  Dies ist keine laufende Auktion! \u00dcber den &quot;Jetzt Kaufen&quot;-Button direkt erwerben oder dein Gebot ist ein alternativer Preisvorschlag (Maximalgebot)!\" \/>\n<meta property=\"og:url\" content=\"https:\/\/www.dramfolks-whisky-auction.com\/fr\/product\/glenmorangie-bacalta-private-edition-4\/\" \/>\n<meta property=\"og:site_name\" content=\"Dramfolks Whisky Auction\" \/>\n<meta property=\"article:modified_time\" content=\"2025-03-25T18:32:15+00:00\" \/>\n<meta property=\"og:image\" content=\"https:\/\/www.dramfolks-whisky-auction.com\/wp-content\/uploads\/2023\/12\/Bacalta-Sold-out.jpg\" \/>\n\t<meta property=\"og:image:width\" content=\"1080\" \/>\n\t<meta property=\"og:image:height\" content=\"1080\" \/>\n\t<meta property=\"og:image:type\" content=\"image\/jpeg\" \/>\n<meta name=\"twitter:card\" content=\"summary_large_image\" \/>\n<meta name=\"twitter:label1\" content=\"Dur\u00e9e de lecture estim\u00e9e\" \/>\n\t<meta name=\"twitter:data1\" content=\"3 minutes\" \/>\n<script type=\"application\/ld+json\" class=\"yoast-schema-graph\">{\"@context\":\"https:\/\/schema.org\",\"@graph\":[{\"@type\":\"WebPage\",\"@id\":\"https:\/\/www.dramfolks-whisky-auction.com\/fr\/product\/glenmorangie-bacalta-private-edition-4\/\",\"url\":\"https:\/\/www.dramfolks-whisky-auction.com\/fr\/product\/glenmorangie-bacalta-private-edition-4\/\",\"name\":\"Glenmorangie - Bacalta Private Edition - Dramfolks Whisky Auction\",\"isPartOf\":{\"@id\":\"https:\/\/www.dramfolks-whisky-auction.com\/fr\/#website\"},\"primaryImageOfPage\":{\"@id\":\"https:\/\/www.dramfolks-whisky-auction.com\/fr\/product\/glenmorangie-bacalta-private-edition-4\/#primaryimage\"},\"image\":{\"@id\":\"https:\/\/www.dramfolks-whisky-auction.com\/fr\/product\/glenmorangie-bacalta-private-edition-4\/#primaryimage\"},\"thumbnailUrl\":\"https:\/\/www.dramfolks-whisky-auction.com\/wp-content\/uploads\/2023\/12\/Bacalta-Sold-out.jpg\",\"datePublished\":\"2023-12-09T09:51:16+00:00\",\"dateModified\":\"2025-03-25T18:32:15+00:00\",\"breadcrumb\":{\"@id\":\"https:\/\/www.dramfolks-whisky-auction.com\/fr\/product\/glenmorangie-bacalta-private-edition-4\/#breadcrumb\"},\"inLanguage\":\"fr-FR\",\"potentialAction\":[{\"@type\":\"ReadAction\",\"target\":[\"https:\/\/www.dramfolks-whisky-auction.com\/fr\/product\/glenmorangie-bacalta-private-edition-4\/\"]}]},{\"@type\":\"ImageObject\",\"inLanguage\":\"fr-FR\",\"@id\":\"https:\/\/www.dramfolks-whisky-auction.com\/fr\/product\/glenmorangie-bacalta-private-edition-4\/#primaryimage\",\"url\":\"https:\/\/www.dramfolks-whisky-auction.com\/wp-content\/uploads\/2023\/12\/Bacalta-Sold-out.jpg\",\"contentUrl\":\"https:\/\/www.dramfolks-whisky-auction.com\/wp-content\/uploads\/2023\/12\/Bacalta-Sold-out.jpg\",\"width\":1080,\"height\":1080},{\"@type\":\"BreadcrumbList\",\"@id\":\"https:\/\/www.dramfolks-whisky-auction.com\/fr\/product\/glenmorangie-bacalta-private-edition-4\/#breadcrumb\",\"itemListElement\":[{\"@type\":\"ListItem\",\"position\":1,\"name\":\"Startseite\",\"item\":\"https:\/\/www.dramfolks-whisky-auction.com\/fr\/\"},{\"@type\":\"ListItem\",\"position\":2,\"name\":\"Boutique\",\"item\":\"https:\/\/www.dramfolks-whisky-auction.com\/fr\/boutique\/\"},{\"@type\":\"ListItem\",\"position\":3,\"name\":\"Glenmorangie &#8211; Bacalta Private Edition\"}]},{\"@type\":\"WebSite\",\"@id\":\"https:\/\/www.dramfolks-whisky-auction.com\/fr\/#website\",\"url\":\"https:\/\/www.dramfolks-whisky-auction.com\/fr\/\",\"name\":\"Dramfolks Whisky Auction\",\"description\":\"\",\"potentialAction\":[{\"@type\":\"SearchAction\",\"target\":{\"@type\":\"EntryPoint\",\"urlTemplate\":\"https:\/\/www.dramfolks-whisky-auction.com\/fr\/?s={search_term_string}\"},\"query-input\":{\"@type\":\"PropertyValueSpecification\",\"valueRequired\":true,\"valueName\":\"search_term_string\"}}],\"inLanguage\":\"fr-FR\"}]}<\/script>\n<!-- \/ Yoast SEO plugin. -->","yoast_head_json":{"title":"Glenmorangie - Bacalta Private Edition - Dramfolks Whisky Auction","robots":{"index":"index","follow":"follow","max-snippet":"max-snippet:-1","max-image-preview":"max-image-preview:large","max-video-preview":"max-video-preview:-1"},"canonical":"https:\/\/www.dramfolks-whisky-auction.com\/fr\/product\/glenmorangie-bacalta-private-edition-4\/","og_locale":"fr_FR","og_type":"article","og_title":"Glenmorangie - Bacalta Private Edition - Dramfolks Whisky Auction","og_description":"After-Auction-Market by dramfolks  Dies ist keine laufende Auktion! \u00dcber den \"Jetzt Kaufen\"-Button direkt erwerben oder dein Gebot ist ein alternativer Preisvorschlag (Maximalgebot)!","og_url":"https:\/\/www.dramfolks-whisky-auction.com\/fr\/product\/glenmorangie-bacalta-private-edition-4\/","og_site_name":"Dramfolks Whisky Auction","article_modified_time":"2025-03-25T18:32:15+00:00","og_image":[{"width":1080,"height":1080,"url":"https:\/\/www.dramfolks-whisky-auction.com\/wp-content\/uploads\/2023\/12\/Bacalta-Sold-out.jpg","type":"image\/jpeg"}],"twitter_card":"summary_large_image","twitter_misc":{"Dur\u00e9e de lecture estim\u00e9e":"3 minutes"},"schema":{"@context":"https:\/\/schema.org","@graph":[{"@type":"WebPage","@id":"https:\/\/www.dramfolks-whisky-auction.com\/fr\/product\/glenmorangie-bacalta-private-edition-4\/","url":"https:\/\/www.dramfolks-whisky-auction.com\/fr\/product\/glenmorangie-bacalta-private-edition-4\/","name":"Glenmorangie - Bacalta Private Edition - Dramfolks Whisky Auction","isPartOf":{"@id":"https:\/\/www.dramfolks-whisky-auction.com\/fr\/#website"},"primaryImageOfPage":{"@id":"https:\/\/www.dramfolks-whisky-auction.com\/fr\/product\/glenmorangie-bacalta-private-edition-4\/#primaryimage"},"image":{"@id":"https:\/\/www.dramfolks-whisky-auction.com\/fr\/product\/glenmorangie-bacalta-private-edition-4\/#primaryimage"},"thumbnailUrl":"https:\/\/www.dramfolks-whisky-auction.com\/wp-content\/uploads\/2023\/12\/Bacalta-Sold-out.jpg","datePublished":"2023-12-09T09:51:16+00:00","dateModified":"2025-03-25T18:32:15+00:00","breadcrumb":{"@id":"https:\/\/www.dramfolks-whisky-auction.com\/fr\/product\/glenmorangie-bacalta-private-edition-4\/#breadcrumb"},"inLanguage":"fr-FR","potentialAction":[{"@type":"ReadAction","target":["https:\/\/www.dramfolks-whisky-auction.com\/fr\/product\/glenmorangie-bacalta-private-edition-4\/"]}]},{"@type":"ImageObject","inLanguage":"fr-FR","@id":"https:\/\/www.dramfolks-whisky-auction.com\/fr\/product\/glenmorangie-bacalta-private-edition-4\/#primaryimage","url":"https:\/\/www.dramfolks-whisky-auction.com\/wp-content\/uploads\/2023\/12\/Bacalta-Sold-out.jpg","contentUrl":"https:\/\/www.dramfolks-whisky-auction.com\/wp-content\/uploads\/2023\/12\/Bacalta-Sold-out.jpg","width":1080,"height":1080},{"@type":"BreadcrumbList","@id":"https:\/\/www.dramfolks-whisky-auction.com\/fr\/product\/glenmorangie-bacalta-private-edition-4\/#breadcrumb","itemListElement":[{"@type":"ListItem","position":1,"name":"Startseite","item":"https:\/\/www.dramfolks-whisky-auction.com\/fr\/"},{"@type":"ListItem","position":2,"name":"Boutique","item":"https:\/\/www.dramfolks-whisky-auction.com\/fr\/boutique\/"},{"@type":"ListItem","position":3,"name":"Glenmorangie &#8211; Bacalta Private Edition"}]},{"@type":"WebSite","@id":"https:\/\/www.dramfolks-whisky-auction.com\/fr\/#website","url":"https:\/\/www.dramfolks-whisky-auction.com\/fr\/","name":"Dramfolks Whisky Auction","description":"","potentialAction":[{"@type":"SearchAction","target":{"@type":"EntryPoint","urlTemplate":"https:\/\/www.dramfolks-whisky-auction.com\/fr\/?s={search_term_string}"},"query-input":{"@type":"PropertyValueSpecification","valueRequired":true,"valueName":"search_term_string"}}],"inLanguage":"fr-FR"}]}},"_links":{"self":[{"href":"https:\/\/www.dramfolks-whisky-auction.com\/fr\/wp-json\/wp\/v2\/product\/4704","targetHints":{"allow":["GET"]}}],"collection":[{"href":"https:\/\/www.dramfolks-whisky-auction.com\/fr\/wp-json\/wp\/v2\/product"}],"about":[{"href":"https:\/\/www.dramfolks-whisky-auction.com\/fr\/wp-json\/wp\/v2\/types\/product"}],"replies":[{"embeddable":true,"href":"https:\/\/www.dramfolks-whisky-auction.com\/fr\/wp-json\/wp\/v2\/comments?post=4704"}],"wp:featuredmedia":[{"embeddable":true,"href":"https:\/\/www.dramfolks-whisky-auction.com\/fr\/wp-json\/wp\/v2\/media\/48646"}],"wp:attachment":[{"href":"https:\/\/www.dramfolks-whisky-auction.com\/fr\/wp-json\/wp\/v2\/media?parent=4704"}],"wp:term":[{"taxonomy":"product_brand","embeddable":true,"href":"https:\/\/www.dramfolks-whisky-auction.com\/fr\/wp-json\/wp\/v2\/product_brand?post=4704"},{"taxonomy":"product_cat","embeddable":true,"href":"https:\/\/www.dramfolks-whisky-auction.com\/fr\/wp-json\/wp\/v2\/product_cat?post=4704"},{"taxonomy":"product_tag","embeddable":true,"href":"https:\/\/www.dramfolks-whisky-auction.com\/fr\/wp-json\/wp\/v2\/product_tag?post=4704"}],"curies":[{"name":"wp","href":"https:\/\/api.w.org\/{rel}","templated":true}]}}