{"id":4698,"date":"2023-12-08T07:06:45","date_gmt":"2023-12-08T06:06:45","guid":{"rendered":"https:\/\/www.dramfolks-whisky-auction.com\/?post_type=product&#038;p=4698"},"modified":"2025-03-25T19:33:11","modified_gmt":"2025-03-25T18:33:11","slug":"fettercairn-10yo-single-minded-2019-douglas-laing-2","status":"publish","type":"product","link":"https:\/\/www.dramfolks-whisky-auction.com\/fr\/product\/fettercairn-10yo-single-minded-2019-douglas-laing-2\/","title":{"rendered":"Fettercairn &#8211; 10yo Single Minded 2019 (Douglas Laing)"},"content":{"rendered":"<p><strong>Destille: Fettercairn<br \/>\n<\/strong>Fettercairn ist eine Whiskybrennerei in Fettercairn, Aberdeenshire, Schottland. Die Brennerei wurde 1824 von Sir Alexander Ramsay gegr\u00fcndet. Es folgte eine Vielzahl von Besitzerwechseln. Unter den Besitzern war zeitweilig auch der \u00e4ltere Bruder Sir Thomas Gladstone des damaligen britischen Premierminister William Ewart Gladstone. Nach einem Brand wurde die Brennerei zwischen 1887 und 1890 fast komplett neu aufgebaut. 1960 wurden die eigenen Malzb\u00f6den geschlossen und 1966 die Anzahl der Brennblasen von zwei auf vier erh\u00f6ht. Seit 1973 geh\u00f6rt die Destillerie zu Whyte &amp; Mackay, welche 2007 f\u00fcr 595 Millionen \u00a3 von United Spirits Limited, einer Tochter der indischen The UB Group gekauft wurden. 2014 dann der letzte Besitzerwechsel (bis heute) f\u00fcr 430 Millionen \u00a3 an Emperador International Ltd. J\u00e4hrliches Produktionsvolumen: 1,6 Mio. Liter.<\/p>\n<p><strong>Fun Fakt:\u00a0<\/strong>Diese traditionelle Destillerie in den Ausl\u00e4ufern der wilden Cairngorm Mountains war einst im Besitz des Vaters eines britischen Premierminister und erhielt als zweite Destillerie \u00fcberhaupt die offizielle Brennlizenz (die erste ging an Glenlivet) in Schottland.<\/p>\n<p><strong>Whisky\/Whiskey: 10yo Single Minded 2019 (Douglas Laing)<br \/>\n<\/strong>Eine einzelne Fassabf\u00fcllung der Single Minded Serie aus einem Refill-Hogshead, destilliert in Fettercairn im Jahr 2009 mit 43,0% Alc. Limitiert auf 392 Flaschen und mit einem einzigartigen Ausdruck&#8230;!<br \/>\nIn der Nase kann man \u00ab\u00a0sofort das Strotzen von Getreidenoten, Piment, Honigwaben und braunem Zucker\u00a0\u00bb versp\u00fcren. Am Gaumen eher \u00ab\u00a0cremig und gerstenreich, dazu Vanillepudding, Ahornsirup, nussige Noten und Gew\u00fcrze\u00a0\u00bb und der Abgang dagegen ist \u00ab\u00a0anhaltend, mit einer Note von Highland-Honig und s\u00fc\u00dfer, ger\u00f6steter Eiche\u00a0\u00bb. (Verkostungsnotizen von <a href=\"http:\/\/www.htfw.com\" target=\"_blank\" rel=\"noopener noreferrer\">www.htfw.com<\/a>)<\/p>\n<p><strong>Sidenote zum Abf\u00fcller:<\/strong> Bis 2013 arbeiteten die Br\u00fcder Fred-Douglas und Stewart Laing zusammen und leiteten das familieneigene Abf\u00fcllunternehmen bevor sie beschlossen, das Verm\u00f6gen des Unternehmens aufzuteilen und getrennte Wege zu gehen. Douglas Laings Tochter Cara schloss sich ihrem Vater an und brachte ihre umfangreiche Erfahrung mit schottischem Whisky mit, nachdem sie als Global Brand Manager f\u00fcr Jura Single Malt t\u00e4tig war (mit einem kurzem Intermezzo als Marketingmanagerin f\u00fcr Bowmore und Glen Garioch).<br \/>\nCara ist in der dritten Generation der Familie Laing t\u00e4tig, welches 1948 von ihrem Gro\u00dfvater Fred Douglas Laing gegr\u00fcndet wurde. Er mischte seinen eigenen Whisky etablierte ein Abf\u00fcllprogramm mit vielen schottischen Destillerien. Douglas Laing besitzt bereits eine Destillerie \u2013 Strathearn in Perthshire, die 2019 erworben wurde und bald durch eine weitere Destillerie (eine neue Anlage im Wert von 10,7 Millionen Pfund in Glasgow) erg\u00e4nzt wird.<\/p>\n<p><strong>Info Qualit\u00e4t der Flasche:<\/strong> Exzellent &#8211; ohne Besch\u00e4digungen \/ <strong>F\u00fcllstand:<\/strong> Into neck<br \/>\n<strong>Info Qualit\u00e4t der Box:\u00a0<\/strong>Exzellent &#8211; ohne Besch\u00e4digungen<\/p>\n<p><strong>Wichtiger Hinweis:<\/strong> Die Bewertung der Flaschen und Boxen erfolgt nach \u201ebesten Wissen und Gewissen\u201c. dramfolks kann keine Gew\u00e4hrleistung f\u00fcr den Inhalt der Flaschen \u00fcbernehmen. Weitere Infos &amp; Hinweise finden Sie in unseren AGBs. Wir empfehlen Ihnen, vor der Abgabe von Geboten \u00fcber die Zoomfunktion eine Besichtigung \/ genaue Pr\u00fcfung des angebotenen Whiskys vorzunehmen. Bitte kontaktieren sie uns bei Fragen direkt unter info@dramfolks.com<\/p>\n","protected":false},"excerpt":{"rendered":"<div class=\"product-short-description\">\n<p><strong>After-Auction-Market by dramfolks<\/strong><\/p>\n<p>Dies ist keine laufende Auktion! Dein Gebot ist ein alternativer Preisvorschlag (Maximalgebot)!<\/p>\n<\/div>\n","protected":false},"featured_media":4748,"comment_status":"closed","ping_status":"closed","template":"","meta":[],"product_brand":[],"product_cat":[1099],"product_tag":[],"class_list":{"0":"post-4698","1":"product","2":"type-product","3":"status-publish","4":"has-post-thumbnail","6":"product_cat-aam-sold-out","8":"first","9":"instock","10":"shipping-taxable","11":"purchasable","12":"product-type-auction"},"yoast_head":"<!-- This site is optimized with the Yoast SEO plugin v27.0 - https:\/\/yoast.com\/product\/yoast-seo-wordpress\/ -->\n<title>Fettercairn - 10yo Single Minded 2019 (Douglas Laing) - Dramfolks Whisky Auction<\/title>\n<meta name=\"robots\" content=\"index, follow, max-snippet:-1, max-image-preview:large, max-video-preview:-1\" \/>\n<link rel=\"canonical\" href=\"https:\/\/www.dramfolks-whisky-auction.com\/fr\/product\/fettercairn-10yo-single-minded-2019-douglas-laing-2\/\" \/>\n<meta property=\"og:locale\" content=\"fr_FR\" \/>\n<meta property=\"og:type\" content=\"article\" \/>\n<meta property=\"og:title\" content=\"Fettercairn - 10yo Single Minded 2019 (Douglas Laing) - Dramfolks Whisky Auction\" \/>\n<meta property=\"og:description\" content=\"After-Auction-Market by dramfolks  Dies ist keine laufende Auktion! Dein Gebot ist ein alternativer Preisvorschlag (Maximalgebot)!\" \/>\n<meta property=\"og:url\" content=\"https:\/\/www.dramfolks-whisky-auction.com\/fr\/product\/fettercairn-10yo-single-minded-2019-douglas-laing-2\/\" \/>\n<meta property=\"og:site_name\" content=\"Dramfolks Whisky Auction\" \/>\n<meta property=\"article:modified_time\" content=\"2025-03-25T18:33:11+00:00\" \/>\n<meta property=\"og:image\" content=\"https:\/\/www.dramfolks-whisky-auction.com\/wp-content\/uploads\/2023\/12\/Fettercairn-Sold-OUT.jpg\" \/>\n\t<meta property=\"og:image:width\" content=\"2048\" \/>\n\t<meta property=\"og:image:height\" content=\"1638\" \/>\n\t<meta property=\"og:image:type\" content=\"image\/jpeg\" \/>\n<meta name=\"twitter:card\" content=\"summary_large_image\" \/>\n<meta name=\"twitter:label1\" content=\"Dur\u00e9e de lecture estim\u00e9e\" \/>\n\t<meta name=\"twitter:data1\" content=\"3 minutes\" \/>\n<script type=\"application\/ld+json\" class=\"yoast-schema-graph\">{\"@context\":\"https:\/\/schema.org\",\"@graph\":[{\"@type\":\"WebPage\",\"@id\":\"https:\/\/www.dramfolks-whisky-auction.com\/fr\/product\/fettercairn-10yo-single-minded-2019-douglas-laing-2\/\",\"url\":\"https:\/\/www.dramfolks-whisky-auction.com\/fr\/product\/fettercairn-10yo-single-minded-2019-douglas-laing-2\/\",\"name\":\"Fettercairn - 10yo Single Minded 2019 (Douglas Laing) - Dramfolks Whisky Auction\",\"isPartOf\":{\"@id\":\"https:\/\/www.dramfolks-whisky-auction.com\/fr\/#website\"},\"primaryImageOfPage\":{\"@id\":\"https:\/\/www.dramfolks-whisky-auction.com\/fr\/product\/fettercairn-10yo-single-minded-2019-douglas-laing-2\/#primaryimage\"},\"image\":{\"@id\":\"https:\/\/www.dramfolks-whisky-auction.com\/fr\/product\/fettercairn-10yo-single-minded-2019-douglas-laing-2\/#primaryimage\"},\"thumbnailUrl\":\"https:\/\/www.dramfolks-whisky-auction.com\/wp-content\/uploads\/2023\/12\/Fettercairn-Sold-OUT.jpg\",\"datePublished\":\"2023-12-08T06:06:45+00:00\",\"dateModified\":\"2025-03-25T18:33:11+00:00\",\"breadcrumb\":{\"@id\":\"https:\/\/www.dramfolks-whisky-auction.com\/fr\/product\/fettercairn-10yo-single-minded-2019-douglas-laing-2\/#breadcrumb\"},\"inLanguage\":\"fr-FR\",\"potentialAction\":[{\"@type\":\"ReadAction\",\"target\":[\"https:\/\/www.dramfolks-whisky-auction.com\/fr\/product\/fettercairn-10yo-single-minded-2019-douglas-laing-2\/\"]}]},{\"@type\":\"ImageObject\",\"inLanguage\":\"fr-FR\",\"@id\":\"https:\/\/www.dramfolks-whisky-auction.com\/fr\/product\/fettercairn-10yo-single-minded-2019-douglas-laing-2\/#primaryimage\",\"url\":\"https:\/\/www.dramfolks-whisky-auction.com\/wp-content\/uploads\/2023\/12\/Fettercairn-Sold-OUT.jpg\",\"contentUrl\":\"https:\/\/www.dramfolks-whisky-auction.com\/wp-content\/uploads\/2023\/12\/Fettercairn-Sold-OUT.jpg\",\"width\":2048,\"height\":1638},{\"@type\":\"BreadcrumbList\",\"@id\":\"https:\/\/www.dramfolks-whisky-auction.com\/fr\/product\/fettercairn-10yo-single-minded-2019-douglas-laing-2\/#breadcrumb\",\"itemListElement\":[{\"@type\":\"ListItem\",\"position\":1,\"name\":\"Startseite\",\"item\":\"https:\/\/www.dramfolks-whisky-auction.com\/fr\/\"},{\"@type\":\"ListItem\",\"position\":2,\"name\":\"Boutique\",\"item\":\"https:\/\/www.dramfolks-whisky-auction.com\/fr\/boutique\/\"},{\"@type\":\"ListItem\",\"position\":3,\"name\":\"Fettercairn &#8211; 10yo Single Minded 2019 (Douglas Laing)\"}]},{\"@type\":\"WebSite\",\"@id\":\"https:\/\/www.dramfolks-whisky-auction.com\/fr\/#website\",\"url\":\"https:\/\/www.dramfolks-whisky-auction.com\/fr\/\",\"name\":\"Dramfolks Whisky Auction\",\"description\":\"\",\"potentialAction\":[{\"@type\":\"SearchAction\",\"target\":{\"@type\":\"EntryPoint\",\"urlTemplate\":\"https:\/\/www.dramfolks-whisky-auction.com\/fr\/?s={search_term_string}\"},\"query-input\":{\"@type\":\"PropertyValueSpecification\",\"valueRequired\":true,\"valueName\":\"search_term_string\"}}],\"inLanguage\":\"fr-FR\"}]}<\/script>\n<!-- \/ Yoast SEO plugin. -->","yoast_head_json":{"title":"Fettercairn - 10yo Single Minded 2019 (Douglas Laing) - Dramfolks Whisky Auction","robots":{"index":"index","follow":"follow","max-snippet":"max-snippet:-1","max-image-preview":"max-image-preview:large","max-video-preview":"max-video-preview:-1"},"canonical":"https:\/\/www.dramfolks-whisky-auction.com\/fr\/product\/fettercairn-10yo-single-minded-2019-douglas-laing-2\/","og_locale":"fr_FR","og_type":"article","og_title":"Fettercairn - 10yo Single Minded 2019 (Douglas Laing) - Dramfolks Whisky Auction","og_description":"After-Auction-Market by dramfolks  Dies ist keine laufende Auktion! Dein Gebot ist ein alternativer Preisvorschlag (Maximalgebot)!","og_url":"https:\/\/www.dramfolks-whisky-auction.com\/fr\/product\/fettercairn-10yo-single-minded-2019-douglas-laing-2\/","og_site_name":"Dramfolks Whisky Auction","article_modified_time":"2025-03-25T18:33:11+00:00","og_image":[{"width":2048,"height":1638,"url":"https:\/\/www.dramfolks-whisky-auction.com\/wp-content\/uploads\/2023\/12\/Fettercairn-Sold-OUT.jpg","type":"image\/jpeg"}],"twitter_card":"summary_large_image","twitter_misc":{"Dur\u00e9e de lecture estim\u00e9e":"3 minutes"},"schema":{"@context":"https:\/\/schema.org","@graph":[{"@type":"WebPage","@id":"https:\/\/www.dramfolks-whisky-auction.com\/fr\/product\/fettercairn-10yo-single-minded-2019-douglas-laing-2\/","url":"https:\/\/www.dramfolks-whisky-auction.com\/fr\/product\/fettercairn-10yo-single-minded-2019-douglas-laing-2\/","name":"Fettercairn - 10yo Single Minded 2019 (Douglas Laing) - Dramfolks Whisky Auction","isPartOf":{"@id":"https:\/\/www.dramfolks-whisky-auction.com\/fr\/#website"},"primaryImageOfPage":{"@id":"https:\/\/www.dramfolks-whisky-auction.com\/fr\/product\/fettercairn-10yo-single-minded-2019-douglas-laing-2\/#primaryimage"},"image":{"@id":"https:\/\/www.dramfolks-whisky-auction.com\/fr\/product\/fettercairn-10yo-single-minded-2019-douglas-laing-2\/#primaryimage"},"thumbnailUrl":"https:\/\/www.dramfolks-whisky-auction.com\/wp-content\/uploads\/2023\/12\/Fettercairn-Sold-OUT.jpg","datePublished":"2023-12-08T06:06:45+00:00","dateModified":"2025-03-25T18:33:11+00:00","breadcrumb":{"@id":"https:\/\/www.dramfolks-whisky-auction.com\/fr\/product\/fettercairn-10yo-single-minded-2019-douglas-laing-2\/#breadcrumb"},"inLanguage":"fr-FR","potentialAction":[{"@type":"ReadAction","target":["https:\/\/www.dramfolks-whisky-auction.com\/fr\/product\/fettercairn-10yo-single-minded-2019-douglas-laing-2\/"]}]},{"@type":"ImageObject","inLanguage":"fr-FR","@id":"https:\/\/www.dramfolks-whisky-auction.com\/fr\/product\/fettercairn-10yo-single-minded-2019-douglas-laing-2\/#primaryimage","url":"https:\/\/www.dramfolks-whisky-auction.com\/wp-content\/uploads\/2023\/12\/Fettercairn-Sold-OUT.jpg","contentUrl":"https:\/\/www.dramfolks-whisky-auction.com\/wp-content\/uploads\/2023\/12\/Fettercairn-Sold-OUT.jpg","width":2048,"height":1638},{"@type":"BreadcrumbList","@id":"https:\/\/www.dramfolks-whisky-auction.com\/fr\/product\/fettercairn-10yo-single-minded-2019-douglas-laing-2\/#breadcrumb","itemListElement":[{"@type":"ListItem","position":1,"name":"Startseite","item":"https:\/\/www.dramfolks-whisky-auction.com\/fr\/"},{"@type":"ListItem","position":2,"name":"Boutique","item":"https:\/\/www.dramfolks-whisky-auction.com\/fr\/boutique\/"},{"@type":"ListItem","position":3,"name":"Fettercairn &#8211; 10yo Single Minded 2019 (Douglas Laing)"}]},{"@type":"WebSite","@id":"https:\/\/www.dramfolks-whisky-auction.com\/fr\/#website","url":"https:\/\/www.dramfolks-whisky-auction.com\/fr\/","name":"Dramfolks Whisky Auction","description":"","potentialAction":[{"@type":"SearchAction","target":{"@type":"EntryPoint","urlTemplate":"https:\/\/www.dramfolks-whisky-auction.com\/fr\/?s={search_term_string}"},"query-input":{"@type":"PropertyValueSpecification","valueRequired":true,"valueName":"search_term_string"}}],"inLanguage":"fr-FR"}]}},"_links":{"self":[{"href":"https:\/\/www.dramfolks-whisky-auction.com\/fr\/wp-json\/wp\/v2\/product\/4698","targetHints":{"allow":["GET"]}}],"collection":[{"href":"https:\/\/www.dramfolks-whisky-auction.com\/fr\/wp-json\/wp\/v2\/product"}],"about":[{"href":"https:\/\/www.dramfolks-whisky-auction.com\/fr\/wp-json\/wp\/v2\/types\/product"}],"replies":[{"embeddable":true,"href":"https:\/\/www.dramfolks-whisky-auction.com\/fr\/wp-json\/wp\/v2\/comments?post=4698"}],"wp:featuredmedia":[{"embeddable":true,"href":"https:\/\/www.dramfolks-whisky-auction.com\/fr\/wp-json\/wp\/v2\/media\/4748"}],"wp:attachment":[{"href":"https:\/\/www.dramfolks-whisky-auction.com\/fr\/wp-json\/wp\/v2\/media?parent=4698"}],"wp:term":[{"taxonomy":"product_brand","embeddable":true,"href":"https:\/\/www.dramfolks-whisky-auction.com\/fr\/wp-json\/wp\/v2\/product_brand?post=4698"},{"taxonomy":"product_cat","embeddable":true,"href":"https:\/\/www.dramfolks-whisky-auction.com\/fr\/wp-json\/wp\/v2\/product_cat?post=4698"},{"taxonomy":"product_tag","embeddable":true,"href":"https:\/\/www.dramfolks-whisky-auction.com\/fr\/wp-json\/wp\/v2\/product_tag?post=4698"}],"curies":[{"name":"wp","href":"https:\/\/api.w.org\/{rel}","templated":true}]}}