{"id":4676,"date":"2023-12-07T16:44:12","date_gmt":"2023-12-07T15:44:12","guid":{"rendered":"https:\/\/www.dramfolks-whisky-auction.com\/?post_type=product&#038;p=4676"},"modified":"2025-03-25T19:35:20","modified_gmt":"2025-03-25T18:35:20","slug":"journeyman-distillery-corsets-whips-whiskey-cask-strength-2","status":"publish","type":"product","link":"https:\/\/www.dramfolks-whisky-auction.com\/fr\/product\/journeyman-distillery-corsets-whips-whiskey-cask-strength-2\/","title":{"rendered":"Journeyman Distillery &#8211; Corsets, Whips &#038; Whiskey Cask Strength"},"content":{"rendered":"<p><strong>Destille: Journeyman Distillery<br \/>\n<\/strong>Die Journeyman Distillery in Three Oaks, Michigan, USA hat sich voll und ganz der hochwertigen Qualit\u00e4t verschrieben. Hier nimmt sich das Team um die Gr\u00fcnder, Bill und Johanna Welter, viel Zeit, um das bestm\u00f6gliche Ergebnis aus besten, reinen Zutaten zu erzielen. Die \u201eGro\u00dfe Liebe\u201c und der Ursprung der seit 2010 bestehenden Destillerie liegt im Whiskey, doch gibt es inzwischen eine Vielfalt an anderen, nicht minder hervorragenden Spirituosen. Alles in dieser Destillerie ist Handarbeit \u2013 vom handgearbeiteten Boden aus Ahornholz, der aus dem 19. Jahrhundert stammt, bis hin zu den ausgezeichneten Spirituosen. Die historische Featherbone-Fabrik, erbaut 1883 von E. K. Warren, bietet die perfekte Kulisse f\u00fcr die auf Tradition und Geschichte ausgerichtete Destillerie. Hier wurden f\u00fcr die damalige Zeit \u00e4u\u00dferst innovative Korsetts und Gerten hergestellt. Diese bewegte Geschichte spiegelt sich auch oft in den Namen und im klassischen Design der unnachahmlichen Produkte der Journeyman Distillery wider.<\/p>\n<p><strong>Fun Fakt:\u00a0\u00a0<\/strong>Die Journeyman Distillery befindet sich in einer aus dem Jahr 1800 ehemaligen Schn\u00fcrmieder (Korsett) und Peitschen-Fabrik in Three Oaks, Michigan. Ehemals eine \u201etrockene\u201c Stadt, hat man der Stadt jetzt den wichtigsten Bestandteil einer gelungenen Party beschert. Jedes Jahr im Juli findet das Korsett-, Peitschen- und Whisky-Event statt!<\/p>\n<p><strong>Whisky\/Whiskey: Corsets, Whips &amp; Whiskey Cask Strength<br \/>\n<\/strong>Der Corsets, Whips &amp; Whiskey ist eine Single-Grain-Version in Fassst\u00e4rke, die direkt vom Fass ins Glas kommt. Benannt nach den Produkten, die im Laufe der Zeit im historischen Featherbone-Fabrikgeb\u00e4ude hergestellt wurden. Dieser Whisky in limitierter Auflage ist eine wahre Hommage an die amerikanische Manufaktur. und zeigt die hohe Qualit\u00e4t und das Terroir des Bio-Michigan-Weizens, der zu seiner Herstellung verwendet wird. Die 100% Weizen verleihen diesem Whisky eine weiche S\u00fc\u00dfe und Geschmeidigkeit, die ihresgleichen sucht und am Gaumen an einen irischen Whiskey erinnert. Abgef\u00fcllt wird der Corsets, Whips &amp; Whiskey ohne F\u00e4rbung und ohne K\u00e4ltefiltration mit 59,1% vol.<\/p>\n<p><strong>Info Qualit\u00e4t der Flasche:<\/strong> Exzellent &#8211; ohne Besch\u00e4digungen \/ <strong>F\u00fcllstand: <\/strong>Upper mid shoulder<br \/>\n<strong>Info Qualit\u00e4t der Box:<\/strong> keine Box vorhanden<strong><br \/>\n<\/strong><\/p>\n<p><strong>Wichtiger Hinweis:<\/strong> Die Bewertung der Flaschen und Boxen erfolgt nach \u201ebesten Wissen und Gewissen\u201c. dramfolks kann keine Gew\u00e4hrleistung f\u00fcr den Inhalt der Flaschen \u00fcbernehmen. Weitere Infos &amp; Hinweise finden Sie in unseren AGBs. Wir empfehlen Ihnen, vor der Abgabe von Geboten \u00fcber die Zoomfunktion eine Besichtigung \/ genaue Pr\u00fcfung des angebotenen Whiskys vorzunehmen. Bitte kontaktieren sie uns bei Fragen direkt unter info@dramfolks.com<\/p>\n","protected":false},"excerpt":{"rendered":"<div class=\"product-short-description\">\n<p><strong>After-Auction-Market by dramfolks<\/strong><\/p>\n<p>Dies ist keine laufende Auktion! \u00dcber den \u00ab\u00a0Jetzt Kaufen\u00a0\u00bb-Button direkt erwerben oder dein Gebot ist ein alternativer Preisvorschlag (Maximalgebot)!<\/p>\n<\/div>\n","protected":false},"featured_media":5680,"comment_status":"closed","ping_status":"closed","template":"","meta":[],"product_brand":[],"product_cat":[1099],"product_tag":[],"class_list":{"0":"post-4676","1":"product","2":"type-product","3":"status-publish","4":"has-post-thumbnail","6":"product_cat-aam-sold-out","8":"first","9":"instock","10":"shipping-taxable","11":"purchasable","12":"product-type-auction"},"yoast_head":"<!-- This site is optimized with the Yoast SEO plugin v27.0 - https:\/\/yoast.com\/product\/yoast-seo-wordpress\/ -->\n<title>Journeyman Distillery - Corsets, Whips &amp; Whiskey Cask Strength - Dramfolks Whisky Auction<\/title>\n<meta name=\"robots\" content=\"index, follow, max-snippet:-1, max-image-preview:large, max-video-preview:-1\" \/>\n<link rel=\"canonical\" href=\"https:\/\/www.dramfolks-whisky-auction.com\/fr\/product\/journeyman-distillery-corsets-whips-whiskey-cask-strength-2\/\" \/>\n<meta property=\"og:locale\" content=\"fr_FR\" \/>\n<meta property=\"og:type\" content=\"article\" \/>\n<meta property=\"og:title\" content=\"Journeyman Distillery - Corsets, Whips &amp; Whiskey Cask Strength - Dramfolks Whisky Auction\" \/>\n<meta property=\"og:description\" content=\"After-Auction-Market by dramfolks  Dies ist keine laufende Auktion! \u00dcber den &quot;Jetzt Kaufen&quot;-Button direkt erwerben oder dein Gebot ist ein alternativer Preisvorschlag (Maximalgebot)!\" \/>\n<meta property=\"og:url\" content=\"https:\/\/www.dramfolks-whisky-auction.com\/fr\/product\/journeyman-distillery-corsets-whips-whiskey-cask-strength-2\/\" \/>\n<meta property=\"og:site_name\" content=\"Dramfolks Whisky Auction\" \/>\n<meta property=\"article:modified_time\" content=\"2025-03-25T18:35:20+00:00\" \/>\n<meta property=\"og:image\" content=\"https:\/\/www.dramfolks-whisky-auction.com\/wp-content\/uploads\/2023\/12\/Journeyman-Sold-Out.jpg\" \/>\n\t<meta property=\"og:image:width\" content=\"1536\" \/>\n\t<meta property=\"og:image:height\" content=\"2048\" \/>\n\t<meta property=\"og:image:type\" content=\"image\/jpeg\" \/>\n<meta name=\"twitter:card\" content=\"summary_large_image\" \/>\n<meta name=\"twitter:label1\" content=\"Dur\u00e9e de lecture estim\u00e9e\" \/>\n\t<meta name=\"twitter:data1\" content=\"3 minutes\" \/>\n<script type=\"application\/ld+json\" class=\"yoast-schema-graph\">{\"@context\":\"https:\/\/schema.org\",\"@graph\":[{\"@type\":\"WebPage\",\"@id\":\"https:\/\/www.dramfolks-whisky-auction.com\/fr\/product\/journeyman-distillery-corsets-whips-whiskey-cask-strength-2\/\",\"url\":\"https:\/\/www.dramfolks-whisky-auction.com\/fr\/product\/journeyman-distillery-corsets-whips-whiskey-cask-strength-2\/\",\"name\":\"Journeyman Distillery - Corsets, Whips & Whiskey Cask Strength - Dramfolks Whisky Auction\",\"isPartOf\":{\"@id\":\"https:\/\/www.dramfolks-whisky-auction.com\/fr\/#website\"},\"primaryImageOfPage\":{\"@id\":\"https:\/\/www.dramfolks-whisky-auction.com\/fr\/product\/journeyman-distillery-corsets-whips-whiskey-cask-strength-2\/#primaryimage\"},\"image\":{\"@id\":\"https:\/\/www.dramfolks-whisky-auction.com\/fr\/product\/journeyman-distillery-corsets-whips-whiskey-cask-strength-2\/#primaryimage\"},\"thumbnailUrl\":\"https:\/\/www.dramfolks-whisky-auction.com\/wp-content\/uploads\/2023\/12\/Journeyman-Sold-Out.jpg\",\"datePublished\":\"2023-12-07T15:44:12+00:00\",\"dateModified\":\"2025-03-25T18:35:20+00:00\",\"breadcrumb\":{\"@id\":\"https:\/\/www.dramfolks-whisky-auction.com\/fr\/product\/journeyman-distillery-corsets-whips-whiskey-cask-strength-2\/#breadcrumb\"},\"inLanguage\":\"fr-FR\",\"potentialAction\":[{\"@type\":\"ReadAction\",\"target\":[\"https:\/\/www.dramfolks-whisky-auction.com\/fr\/product\/journeyman-distillery-corsets-whips-whiskey-cask-strength-2\/\"]}]},{\"@type\":\"ImageObject\",\"inLanguage\":\"fr-FR\",\"@id\":\"https:\/\/www.dramfolks-whisky-auction.com\/fr\/product\/journeyman-distillery-corsets-whips-whiskey-cask-strength-2\/#primaryimage\",\"url\":\"https:\/\/www.dramfolks-whisky-auction.com\/wp-content\/uploads\/2023\/12\/Journeyman-Sold-Out.jpg\",\"contentUrl\":\"https:\/\/www.dramfolks-whisky-auction.com\/wp-content\/uploads\/2023\/12\/Journeyman-Sold-Out.jpg\",\"width\":1536,\"height\":2048},{\"@type\":\"BreadcrumbList\",\"@id\":\"https:\/\/www.dramfolks-whisky-auction.com\/fr\/product\/journeyman-distillery-corsets-whips-whiskey-cask-strength-2\/#breadcrumb\",\"itemListElement\":[{\"@type\":\"ListItem\",\"position\":1,\"name\":\"Startseite\",\"item\":\"https:\/\/www.dramfolks-whisky-auction.com\/fr\/\"},{\"@type\":\"ListItem\",\"position\":2,\"name\":\"Boutique\",\"item\":\"https:\/\/www.dramfolks-whisky-auction.com\/fr\/boutique\/\"},{\"@type\":\"ListItem\",\"position\":3,\"name\":\"Journeyman Distillery &#8211; Corsets, Whips &#038; Whiskey Cask Strength\"}]},{\"@type\":\"WebSite\",\"@id\":\"https:\/\/www.dramfolks-whisky-auction.com\/fr\/#website\",\"url\":\"https:\/\/www.dramfolks-whisky-auction.com\/fr\/\",\"name\":\"Dramfolks Whisky Auction\",\"description\":\"\",\"potentialAction\":[{\"@type\":\"SearchAction\",\"target\":{\"@type\":\"EntryPoint\",\"urlTemplate\":\"https:\/\/www.dramfolks-whisky-auction.com\/fr\/?s={search_term_string}\"},\"query-input\":{\"@type\":\"PropertyValueSpecification\",\"valueRequired\":true,\"valueName\":\"search_term_string\"}}],\"inLanguage\":\"fr-FR\"}]}<\/script>\n<!-- \/ Yoast SEO plugin. -->","yoast_head_json":{"title":"Journeyman Distillery - Corsets, Whips & Whiskey Cask Strength - Dramfolks Whisky Auction","robots":{"index":"index","follow":"follow","max-snippet":"max-snippet:-1","max-image-preview":"max-image-preview:large","max-video-preview":"max-video-preview:-1"},"canonical":"https:\/\/www.dramfolks-whisky-auction.com\/fr\/product\/journeyman-distillery-corsets-whips-whiskey-cask-strength-2\/","og_locale":"fr_FR","og_type":"article","og_title":"Journeyman Distillery - Corsets, Whips & Whiskey Cask Strength - Dramfolks Whisky Auction","og_description":"After-Auction-Market by dramfolks  Dies ist keine laufende Auktion! \u00dcber den \"Jetzt Kaufen\"-Button direkt erwerben oder dein Gebot ist ein alternativer Preisvorschlag (Maximalgebot)!","og_url":"https:\/\/www.dramfolks-whisky-auction.com\/fr\/product\/journeyman-distillery-corsets-whips-whiskey-cask-strength-2\/","og_site_name":"Dramfolks Whisky Auction","article_modified_time":"2025-03-25T18:35:20+00:00","og_image":[{"width":1536,"height":2048,"url":"https:\/\/www.dramfolks-whisky-auction.com\/wp-content\/uploads\/2023\/12\/Journeyman-Sold-Out.jpg","type":"image\/jpeg"}],"twitter_card":"summary_large_image","twitter_misc":{"Dur\u00e9e de lecture estim\u00e9e":"3 minutes"},"schema":{"@context":"https:\/\/schema.org","@graph":[{"@type":"WebPage","@id":"https:\/\/www.dramfolks-whisky-auction.com\/fr\/product\/journeyman-distillery-corsets-whips-whiskey-cask-strength-2\/","url":"https:\/\/www.dramfolks-whisky-auction.com\/fr\/product\/journeyman-distillery-corsets-whips-whiskey-cask-strength-2\/","name":"Journeyman Distillery - Corsets, Whips & Whiskey Cask Strength - Dramfolks Whisky Auction","isPartOf":{"@id":"https:\/\/www.dramfolks-whisky-auction.com\/fr\/#website"},"primaryImageOfPage":{"@id":"https:\/\/www.dramfolks-whisky-auction.com\/fr\/product\/journeyman-distillery-corsets-whips-whiskey-cask-strength-2\/#primaryimage"},"image":{"@id":"https:\/\/www.dramfolks-whisky-auction.com\/fr\/product\/journeyman-distillery-corsets-whips-whiskey-cask-strength-2\/#primaryimage"},"thumbnailUrl":"https:\/\/www.dramfolks-whisky-auction.com\/wp-content\/uploads\/2023\/12\/Journeyman-Sold-Out.jpg","datePublished":"2023-12-07T15:44:12+00:00","dateModified":"2025-03-25T18:35:20+00:00","breadcrumb":{"@id":"https:\/\/www.dramfolks-whisky-auction.com\/fr\/product\/journeyman-distillery-corsets-whips-whiskey-cask-strength-2\/#breadcrumb"},"inLanguage":"fr-FR","potentialAction":[{"@type":"ReadAction","target":["https:\/\/www.dramfolks-whisky-auction.com\/fr\/product\/journeyman-distillery-corsets-whips-whiskey-cask-strength-2\/"]}]},{"@type":"ImageObject","inLanguage":"fr-FR","@id":"https:\/\/www.dramfolks-whisky-auction.com\/fr\/product\/journeyman-distillery-corsets-whips-whiskey-cask-strength-2\/#primaryimage","url":"https:\/\/www.dramfolks-whisky-auction.com\/wp-content\/uploads\/2023\/12\/Journeyman-Sold-Out.jpg","contentUrl":"https:\/\/www.dramfolks-whisky-auction.com\/wp-content\/uploads\/2023\/12\/Journeyman-Sold-Out.jpg","width":1536,"height":2048},{"@type":"BreadcrumbList","@id":"https:\/\/www.dramfolks-whisky-auction.com\/fr\/product\/journeyman-distillery-corsets-whips-whiskey-cask-strength-2\/#breadcrumb","itemListElement":[{"@type":"ListItem","position":1,"name":"Startseite","item":"https:\/\/www.dramfolks-whisky-auction.com\/fr\/"},{"@type":"ListItem","position":2,"name":"Boutique","item":"https:\/\/www.dramfolks-whisky-auction.com\/fr\/boutique\/"},{"@type":"ListItem","position":3,"name":"Journeyman Distillery &#8211; Corsets, Whips &#038; Whiskey Cask Strength"}]},{"@type":"WebSite","@id":"https:\/\/www.dramfolks-whisky-auction.com\/fr\/#website","url":"https:\/\/www.dramfolks-whisky-auction.com\/fr\/","name":"Dramfolks Whisky Auction","description":"","potentialAction":[{"@type":"SearchAction","target":{"@type":"EntryPoint","urlTemplate":"https:\/\/www.dramfolks-whisky-auction.com\/fr\/?s={search_term_string}"},"query-input":{"@type":"PropertyValueSpecification","valueRequired":true,"valueName":"search_term_string"}}],"inLanguage":"fr-FR"}]}},"_links":{"self":[{"href":"https:\/\/www.dramfolks-whisky-auction.com\/fr\/wp-json\/wp\/v2\/product\/4676","targetHints":{"allow":["GET"]}}],"collection":[{"href":"https:\/\/www.dramfolks-whisky-auction.com\/fr\/wp-json\/wp\/v2\/product"}],"about":[{"href":"https:\/\/www.dramfolks-whisky-auction.com\/fr\/wp-json\/wp\/v2\/types\/product"}],"replies":[{"embeddable":true,"href":"https:\/\/www.dramfolks-whisky-auction.com\/fr\/wp-json\/wp\/v2\/comments?post=4676"}],"wp:featuredmedia":[{"embeddable":true,"href":"https:\/\/www.dramfolks-whisky-auction.com\/fr\/wp-json\/wp\/v2\/media\/5680"}],"wp:attachment":[{"href":"https:\/\/www.dramfolks-whisky-auction.com\/fr\/wp-json\/wp\/v2\/media?parent=4676"}],"wp:term":[{"taxonomy":"product_brand","embeddable":true,"href":"https:\/\/www.dramfolks-whisky-auction.com\/fr\/wp-json\/wp\/v2\/product_brand?post=4676"},{"taxonomy":"product_cat","embeddable":true,"href":"https:\/\/www.dramfolks-whisky-auction.com\/fr\/wp-json\/wp\/v2\/product_cat?post=4676"},{"taxonomy":"product_tag","embeddable":true,"href":"https:\/\/www.dramfolks-whisky-auction.com\/fr\/wp-json\/wp\/v2\/product_tag?post=4676"}],"curies":[{"name":"wp","href":"https:\/\/api.w.org\/{rel}","templated":true}]}}