{"id":4293,"date":"2023-11-05T22:00:52","date_gmt":"2023-11-05T21:00:52","guid":{"rendered":"https:\/\/www.dramfolks-whisky-auction.com\/?post_type=product&#038;p=4293"},"modified":"2023-12-07T19:45:00","modified_gmt":"2023-12-07T18:45:00","slug":"glenfiddich-8yo-pure-malt-very-old","status":"publish","type":"product","link":"https:\/\/www.dramfolks-whisky-auction.com\/fr\/product\/glenfiddich-8yo-pure-malt-very-old\/","title":{"rendered":"Glenfiddich &#8211; 8yo Pure Malt (very old)"},"content":{"rendered":"<p><strong>Destille: Glenfiddich<br \/>\n<\/strong>Glenfiddich ist die bekannteste und erfolgreichste Brennerei Schottlands. Die Destillerie erhielt ihren Namen aus dem G\u00e4lischen und bedeutet \u201eTal der Hirsche\u201c. Der Hirsch ist als Wappentier auf jeder Flasche Glenfiddich zu finden. Sie liegt im Herzen der Speyside, genauer gesagt in Dufftown. Auch \u00ab\u00a0The Giant\u00a0\u00bb genannt, hat sie eine eindrucksvolle Produktionskapazit\u00e4t von j\u00e4hrlich 10 Millionen Litern. Kein anderer Single Malt ist weltweit so beliebt. Meist reifen die Whisky von Glenfiddich in kleinen Ex-Bourbonf\u00e4ssern aus milder amerikanischer Wei\u00dfeiche.<\/p>\n<p><strong>Fun fact:<\/strong> 1961 entwarf der Designer Hans Schleger die ber\u00fchmte dreieckige Flasche von Glenfiddich. Sie gilt als Meilenstein im Marketing, denn durch die einzigartige Form unterschieden sich die Flaschen von Glenfiddich deutlich von anderen Flaschen im Regal. Glenfiddich wurde zu einer einzigartigen (Whisky)Marke.<\/p>\n<p><strong>Whisky\/Whiskey: 8yo Pure Malt (very old)<\/strong><br \/>\nDiese \u00e4u\u00dferst seltene Abf\u00fcllung des Glenfiddichs aus den sp\u00e4ten 1970er (Anfang 1980er) Jahren ist eine echte Rarit\u00e4t unter den Glenfiddichs und DIE Chance f\u00fcr alle (Glenfiddich)Whiskysammler. Einen 8 Jahre alten Single Malt Scotch Whisky aus der \u00ab\u00a0Pure Malt Scotch Whisky\u00a0\u00bb Reihe. \u00dcber 40 Jahre alt&#8230;! Es ist eine Ver\u00f6ffentlichung aus dem damaligen Kernsortiment der 70er Jahre. Absolut einmalig ist die ikonische, dreieckige Flasche, die 1956 entworfen und 1961 erstmals f\u00fcr die Marke Glenfiddich verwendet wurde.<br \/>\nDie 1970er und 1980er Jahre waren bei Glenfiddich stark gepr\u00e4gt durch eine unterschiedliche Altersangabe in verschiedenen M\u00e4rkten. So wurde z.B. in den USA damals ein 10-J\u00e4hriger verkauft und in Japan ein 10- und ein 12-J\u00e4hriger. Dieser tolle 8-J\u00e4hrige Pure Malt wurde stattdessen \u00fcberwiegend in Italien verkauft.<\/p>\n<p><strong>Info Qualit\u00e4t der Flasche:<\/strong> Sehr gut, leichte Besch\u00e4digung am Etikett vorne \/ <strong>F\u00fcllstand:<\/strong> Top shoulder<br \/>\n<strong>Info Qualit\u00e4t der Box:<\/strong> Sehr gut, leichte Abnutzungsmerkmale<\/p>\n<p><strong>Wichtiger Hinweis:<\/strong> Die Bewertung der Flaschen und Boxen erfolgt nach \u201ebesten Wissen und Gewissen\u201c. dramfolks kann keine Gew\u00e4hrleistung f\u00fcr den Inhalt der Flaschen \u00fcbernehmen. Weitere Infos &amp; Hinweise finden Sie in unseren AGBs. Wir empfehlen Ihnen, vor der Abgabe von Geboten \u00fcber die Zoomfunktion eine Besichtigung \/ genaue Pr\u00fcfung des angebotenen Whiskys vorzunehmen. Bitte kontaktieren sie uns bei Fragen direkt unter info@dramfolks.com<\/p>\n","protected":false},"excerpt":{"rendered":"<p>Destille: Glenfiddich Glenfiddich ist die bekannteste und erfolgreichste Brennerei Schottlands. Die Destillerie erhielt ihren Namen aus dem G\u00e4lischen und bedeutet \u201eTal der Hirsche\u201c. Der Hirsch ist als Wappentier auf jeder Flasche Glenfiddich zu finden. Sie liegt im Herzen der Speyside, genauer gesagt in Dufftown. Auch \u00ab\u00a0The Giant\u00a0\u00bb genannt, hat sie eine eindrucksvolle Produktionskapazit\u00e4t von j\u00e4hrlich[&#8230;]\n","protected":false},"featured_media":4294,"comment_status":"closed","ping_status":"closed","template":"","meta":[],"product_brand":[],"product_cat":[604],"product_tag":[],"class_list":{"0":"post-4293","1":"product","2":"type-product","3":"status-publish","4":"has-post-thumbnail","6":"product_cat-no-7","8":"first","9":"instock","10":"shipping-taxable","11":"purchasable","12":"product-type-auction"},"yoast_head":"<!-- This site is optimized with the Yoast SEO plugin v27.4 - https:\/\/yoast.com\/product\/yoast-seo-wordpress\/ -->\n<title>Glenfiddich - 8yo Pure Malt (very old) - Dramfolks Whisky Auction<\/title>\n<meta name=\"robots\" content=\"index, follow, max-snippet:-1, max-image-preview:large, max-video-preview:-1\" \/>\n<link rel=\"canonical\" href=\"https:\/\/www.dramfolks-whisky-auction.com\/fr\/product\/glenfiddich-8yo-pure-malt-very-old\/\" \/>\n<meta property=\"og:locale\" content=\"fr_FR\" \/>\n<meta property=\"og:type\" content=\"article\" \/>\n<meta property=\"og:title\" content=\"Glenfiddich - 8yo Pure Malt (very old) - Dramfolks Whisky Auction\" \/>\n<meta property=\"og:description\" content=\"Destille: Glenfiddich Glenfiddich ist die bekannteste und erfolgreichste Brennerei Schottlands. Die Destillerie erhielt ihren Namen aus dem G\u00e4lischen und bedeutet \u201eTal der Hirsche\u201c. Der Hirsch ist als Wappentier auf jeder Flasche Glenfiddich zu finden. Sie liegt im Herzen der Speyside, genauer gesagt in Dufftown. Auch \u00ab\u00a0The Giant\u00a0\u00bb genannt, hat sie eine eindrucksvolle Produktionskapazit\u00e4t von j\u00e4hrlich[...]\" \/>\n<meta property=\"og:url\" content=\"https:\/\/www.dramfolks-whisky-auction.com\/fr\/product\/glenfiddich-8yo-pure-malt-very-old\/\" \/>\n<meta property=\"og:site_name\" content=\"Dramfolks Whisky Auction\" \/>\n<meta property=\"article:modified_time\" content=\"2023-12-07T18:45:00+00:00\" \/>\n<meta property=\"og:image\" content=\"https:\/\/www.dramfolks-whisky-auction.com\/wp-content\/uploads\/2023\/11\/Glenfiddich-Pure-Malt-vorne-scaled.jpg\" \/>\n\t<meta property=\"og:image:width\" content=\"2560\" \/>\n\t<meta property=\"og:image:height\" content=\"2048\" \/>\n\t<meta property=\"og:image:type\" content=\"image\/jpeg\" \/>\n<meta name=\"twitter:card\" content=\"summary_large_image\" \/>\n<meta name=\"twitter:label1\" content=\"Dur\u00e9e de lecture estim\u00e9e\" \/>\n\t<meta name=\"twitter:data1\" content=\"2 minutes\" \/>\n<script type=\"application\/ld+json\" class=\"yoast-schema-graph\">{\"@context\":\"https:\\\/\\\/schema.org\",\"@graph\":[{\"@type\":\"WebPage\",\"@id\":\"https:\\\/\\\/www.dramfolks-whisky-auction.com\\\/fr\\\/product\\\/glenfiddich-8yo-pure-malt-very-old\\\/\",\"url\":\"https:\\\/\\\/www.dramfolks-whisky-auction.com\\\/fr\\\/product\\\/glenfiddich-8yo-pure-malt-very-old\\\/\",\"name\":\"Glenfiddich - 8yo Pure Malt (very old) - Dramfolks Whisky Auction\",\"isPartOf\":{\"@id\":\"https:\\\/\\\/www.dramfolks-whisky-auction.com\\\/fr\\\/#website\"},\"primaryImageOfPage\":{\"@id\":\"https:\\\/\\\/www.dramfolks-whisky-auction.com\\\/fr\\\/product\\\/glenfiddich-8yo-pure-malt-very-old\\\/#primaryimage\"},\"image\":{\"@id\":\"https:\\\/\\\/www.dramfolks-whisky-auction.com\\\/fr\\\/product\\\/glenfiddich-8yo-pure-malt-very-old\\\/#primaryimage\"},\"thumbnailUrl\":\"https:\\\/\\\/www.dramfolks-whisky-auction.com\\\/wp-content\\\/uploads\\\/2023\\\/11\\\/Glenfiddich-Pure-Malt-vorne-scaled.jpg\",\"datePublished\":\"2023-11-05T21:00:52+00:00\",\"dateModified\":\"2023-12-07T18:45:00+00:00\",\"breadcrumb\":{\"@id\":\"https:\\\/\\\/www.dramfolks-whisky-auction.com\\\/fr\\\/product\\\/glenfiddich-8yo-pure-malt-very-old\\\/#breadcrumb\"},\"inLanguage\":\"fr-FR\",\"potentialAction\":[{\"@type\":\"ReadAction\",\"target\":[\"https:\\\/\\\/www.dramfolks-whisky-auction.com\\\/fr\\\/product\\\/glenfiddich-8yo-pure-malt-very-old\\\/\"]}]},{\"@type\":\"ImageObject\",\"inLanguage\":\"fr-FR\",\"@id\":\"https:\\\/\\\/www.dramfolks-whisky-auction.com\\\/fr\\\/product\\\/glenfiddich-8yo-pure-malt-very-old\\\/#primaryimage\",\"url\":\"https:\\\/\\\/www.dramfolks-whisky-auction.com\\\/wp-content\\\/uploads\\\/2023\\\/11\\\/Glenfiddich-Pure-Malt-vorne-scaled.jpg\",\"contentUrl\":\"https:\\\/\\\/www.dramfolks-whisky-auction.com\\\/wp-content\\\/uploads\\\/2023\\\/11\\\/Glenfiddich-Pure-Malt-vorne-scaled.jpg\",\"width\":2560,\"height\":2048},{\"@type\":\"BreadcrumbList\",\"@id\":\"https:\\\/\\\/www.dramfolks-whisky-auction.com\\\/fr\\\/product\\\/glenfiddich-8yo-pure-malt-very-old\\\/#breadcrumb\",\"itemListElement\":[{\"@type\":\"ListItem\",\"position\":1,\"name\":\"Startseite\",\"item\":\"https:\\\/\\\/www.dramfolks-whisky-auction.com\\\/fr\\\/\"},{\"@type\":\"ListItem\",\"position\":2,\"name\":\"Boutique\",\"item\":\"https:\\\/\\\/www.dramfolks-whisky-auction.com\\\/fr\\\/boutique\\\/\"},{\"@type\":\"ListItem\",\"position\":3,\"name\":\"Glenfiddich &#8211; 8yo Pure Malt (very old)\"}]},{\"@type\":\"WebSite\",\"@id\":\"https:\\\/\\\/www.dramfolks-whisky-auction.com\\\/fr\\\/#website\",\"url\":\"https:\\\/\\\/www.dramfolks-whisky-auction.com\\\/fr\\\/\",\"name\":\"Dramfolks Whisky Auction\",\"description\":\"\",\"potentialAction\":[{\"@type\":\"SearchAction\",\"target\":{\"@type\":\"EntryPoint\",\"urlTemplate\":\"https:\\\/\\\/www.dramfolks-whisky-auction.com\\\/fr\\\/?s={search_term_string}\"},\"query-input\":{\"@type\":\"PropertyValueSpecification\",\"valueRequired\":true,\"valueName\":\"search_term_string\"}}],\"inLanguage\":\"fr-FR\"}]}<\/script>\n<!-- \/ Yoast SEO plugin. -->","yoast_head_json":{"title":"Glenfiddich - 8yo Pure Malt (very old) - Dramfolks Whisky Auction","robots":{"index":"index","follow":"follow","max-snippet":"max-snippet:-1","max-image-preview":"max-image-preview:large","max-video-preview":"max-video-preview:-1"},"canonical":"https:\/\/www.dramfolks-whisky-auction.com\/fr\/product\/glenfiddich-8yo-pure-malt-very-old\/","og_locale":"fr_FR","og_type":"article","og_title":"Glenfiddich - 8yo Pure Malt (very old) - Dramfolks Whisky Auction","og_description":"Destille: Glenfiddich Glenfiddich ist die bekannteste und erfolgreichste Brennerei Schottlands. Die Destillerie erhielt ihren Namen aus dem G\u00e4lischen und bedeutet \u201eTal der Hirsche\u201c. Der Hirsch ist als Wappentier auf jeder Flasche Glenfiddich zu finden. Sie liegt im Herzen der Speyside, genauer gesagt in Dufftown. Auch \u00ab\u00a0The Giant\u00a0\u00bb genannt, hat sie eine eindrucksvolle Produktionskapazit\u00e4t von j\u00e4hrlich[...]","og_url":"https:\/\/www.dramfolks-whisky-auction.com\/fr\/product\/glenfiddich-8yo-pure-malt-very-old\/","og_site_name":"Dramfolks Whisky Auction","article_modified_time":"2023-12-07T18:45:00+00:00","og_image":[{"width":2560,"height":2048,"url":"https:\/\/www.dramfolks-whisky-auction.com\/wp-content\/uploads\/2023\/11\/Glenfiddich-Pure-Malt-vorne-scaled.jpg","type":"image\/jpeg"}],"twitter_card":"summary_large_image","twitter_misc":{"Dur\u00e9e de lecture estim\u00e9e":"2 minutes"},"schema":{"@context":"https:\/\/schema.org","@graph":[{"@type":"WebPage","@id":"https:\/\/www.dramfolks-whisky-auction.com\/fr\/product\/glenfiddich-8yo-pure-malt-very-old\/","url":"https:\/\/www.dramfolks-whisky-auction.com\/fr\/product\/glenfiddich-8yo-pure-malt-very-old\/","name":"Glenfiddich - 8yo Pure Malt (very old) - Dramfolks Whisky Auction","isPartOf":{"@id":"https:\/\/www.dramfolks-whisky-auction.com\/fr\/#website"},"primaryImageOfPage":{"@id":"https:\/\/www.dramfolks-whisky-auction.com\/fr\/product\/glenfiddich-8yo-pure-malt-very-old\/#primaryimage"},"image":{"@id":"https:\/\/www.dramfolks-whisky-auction.com\/fr\/product\/glenfiddich-8yo-pure-malt-very-old\/#primaryimage"},"thumbnailUrl":"https:\/\/www.dramfolks-whisky-auction.com\/wp-content\/uploads\/2023\/11\/Glenfiddich-Pure-Malt-vorne-scaled.jpg","datePublished":"2023-11-05T21:00:52+00:00","dateModified":"2023-12-07T18:45:00+00:00","breadcrumb":{"@id":"https:\/\/www.dramfolks-whisky-auction.com\/fr\/product\/glenfiddich-8yo-pure-malt-very-old\/#breadcrumb"},"inLanguage":"fr-FR","potentialAction":[{"@type":"ReadAction","target":["https:\/\/www.dramfolks-whisky-auction.com\/fr\/product\/glenfiddich-8yo-pure-malt-very-old\/"]}]},{"@type":"ImageObject","inLanguage":"fr-FR","@id":"https:\/\/www.dramfolks-whisky-auction.com\/fr\/product\/glenfiddich-8yo-pure-malt-very-old\/#primaryimage","url":"https:\/\/www.dramfolks-whisky-auction.com\/wp-content\/uploads\/2023\/11\/Glenfiddich-Pure-Malt-vorne-scaled.jpg","contentUrl":"https:\/\/www.dramfolks-whisky-auction.com\/wp-content\/uploads\/2023\/11\/Glenfiddich-Pure-Malt-vorne-scaled.jpg","width":2560,"height":2048},{"@type":"BreadcrumbList","@id":"https:\/\/www.dramfolks-whisky-auction.com\/fr\/product\/glenfiddich-8yo-pure-malt-very-old\/#breadcrumb","itemListElement":[{"@type":"ListItem","position":1,"name":"Startseite","item":"https:\/\/www.dramfolks-whisky-auction.com\/fr\/"},{"@type":"ListItem","position":2,"name":"Boutique","item":"https:\/\/www.dramfolks-whisky-auction.com\/fr\/boutique\/"},{"@type":"ListItem","position":3,"name":"Glenfiddich &#8211; 8yo Pure Malt (very old)"}]},{"@type":"WebSite","@id":"https:\/\/www.dramfolks-whisky-auction.com\/fr\/#website","url":"https:\/\/www.dramfolks-whisky-auction.com\/fr\/","name":"Dramfolks Whisky Auction","description":"","potentialAction":[{"@type":"SearchAction","target":{"@type":"EntryPoint","urlTemplate":"https:\/\/www.dramfolks-whisky-auction.com\/fr\/?s={search_term_string}"},"query-input":{"@type":"PropertyValueSpecification","valueRequired":true,"valueName":"search_term_string"}}],"inLanguage":"fr-FR"}]}},"_links":{"self":[{"href":"https:\/\/www.dramfolks-whisky-auction.com\/fr\/wp-json\/wp\/v2\/product\/4293","targetHints":{"allow":["GET"]}}],"collection":[{"href":"https:\/\/www.dramfolks-whisky-auction.com\/fr\/wp-json\/wp\/v2\/product"}],"about":[{"href":"https:\/\/www.dramfolks-whisky-auction.com\/fr\/wp-json\/wp\/v2\/types\/product"}],"replies":[{"embeddable":true,"href":"https:\/\/www.dramfolks-whisky-auction.com\/fr\/wp-json\/wp\/v2\/comments?post=4293"}],"wp:featuredmedia":[{"embeddable":true,"href":"https:\/\/www.dramfolks-whisky-auction.com\/fr\/wp-json\/wp\/v2\/media\/4294"}],"wp:attachment":[{"href":"https:\/\/www.dramfolks-whisky-auction.com\/fr\/wp-json\/wp\/v2\/media?parent=4293"}],"wp:term":[{"taxonomy":"product_brand","embeddable":true,"href":"https:\/\/www.dramfolks-whisky-auction.com\/fr\/wp-json\/wp\/v2\/product_brand?post=4293"},{"taxonomy":"product_cat","embeddable":true,"href":"https:\/\/www.dramfolks-whisky-auction.com\/fr\/wp-json\/wp\/v2\/product_cat?post=4293"},{"taxonomy":"product_tag","embeddable":true,"href":"https:\/\/www.dramfolks-whisky-auction.com\/fr\/wp-json\/wp\/v2\/product_tag?post=4293"}],"curies":[{"name":"wp","href":"https:\/\/api.w.org\/{rel}","templated":true}]}}