{"id":4268,"date":"2023-11-05T21:24:08","date_gmt":"2023-11-05T20:24:08","guid":{"rendered":"https:\/\/www.dramfolks-whisky-auction.com\/?post_type=product&#038;p=4268"},"modified":"2023-12-05T20:38:35","modified_gmt":"2023-12-05T19:38:35","slug":"glen-scotia-10yo-campbeltown-malts-festival-2021","status":"publish","type":"product","link":"https:\/\/www.dramfolks-whisky-auction.com\/fr\/product\/glen-scotia-10yo-campbeltown-malts-festival-2021\/","title":{"rendered":"Glen Scotia &#8211; 10yo Campbeltown Malts Festival 2021"},"content":{"rendered":"<p><strong>Destille: Glen Scotia<br \/>\n<\/strong><span class=\"v1s2\">Die Destille Glen Scotia hat ihren Sitz in der eigenst\u00e4ndigen Whiskyregion Campbeltown auf der Halbinsel Kintyre in Schottland. Campbeltown verf\u00fcgte fr\u00fcher \u00fcber mehr als 30 Brennereien, von denen bis heute \u2013 neben Glen Scotia \u2013 nur noch die Springbank-Destillerie und Glengyle \u00fcbrig geblieben sind.<\/span> Das Wasser f\u00fcr die Produktion bezieht die Destille aus dem See \u00ab\u00a0Crosshill Loch\u00a0\u00bb, der ca. 2km entfernt vor den Toren der Stadt liegt. Glen Scotia kommt auf ein Produktionsvolumen von 750.000 l im Jahr.<\/p>\n<p><strong>Fun Fakt: <\/strong>Als \u00dcberlebender einiger der turbulentesten Zeiten in der Geschichte der <span class=\"tx-datamintslossaryextension-no-replacement\">Whisky<\/span>&#8211;<span class=\"tx-datamintslossaryextension-no-replacement\">Produktion<\/span>, hat Glen Scotia einiges durchmachen m\u00fcssen. Es wird erz\u00e4hlt, dass die <span class=\"tx-datamintslossaryextension-no-replacement\">Brennerei<\/span> von dem Gespenst Duncan McCallums, einer seiner ehemaligen Besitzer, heimgesucht wird. McCallum ertr\u00e4nkte sich im Campbeltown Loch, nachdem er durch ein geplatztes Gesch\u00e4ft ruiniert worden war. Die Galbraith-Familie gr\u00fcndete die <span class=\"tx-datamintslossaryextension-no-replacement\">Brennerei<\/span> im Jahr 1832 und sie blieb in ihrem Besitz, bis sie 1919 an die West Highland Malt Distillers verkauft wurde. F\u00fcnf Jahre sp\u00e4ter meldete WHMD Konkurs an und die <span class=\"tx-datamintslossaryextension-no-replacement\">Brennerei<\/span> wurde an Duncan McCallum \u00fcbergeben. Im Jahr 1928 meldete McCallum selbst Konkurs an, da er aufgrund eines rechtswidrigen Gesch\u00e4fts pleite gegangen war. Dies zwang ihn dazu, Glen Scotia zu schlie\u00dfen. McCallum ertr\u00e4nkte sich tragischerweise im Campbell Loch, der als Ironie des Schicksals speziell f\u00fcr den Zweck, den Destillerien in der Stadt <span class=\"tx-datamintslossaryextension-no-replacement\">Wasser<\/span> zuzuf\u00fchren, angelegt worden war.<\/p>\n<p><strong>Whisky\/Whiskey: 10yo Campbeltown Malts Festival 2021<br \/>\n<\/strong>F\u00fcr das Campbeltown Malts Festival 2021 hat die Glen Scotia Distillery diesen wunderbaren 10 Jahre alten Single Malt herausgebracht! Er wurde aus ungetorfter Gerste destilliert und reifte zun\u00e4chst in First-Fill-Bourbon-F\u00e4ssern, bevor er einen f\u00fcnfmonatigen \u00ab\u00a0Aufenthalt\u00a0\u00bb in First-Fill-Bordeaux-Weinf\u00e4ssern aus der Region M\u00e9doc genoss. Danach wurde der Whisky in Refill-Bourbon-F\u00e4ssern zusammengef\u00fcgt und dann in Fassst\u00e4rke abgef\u00fcllt, was zu einem Ausdruck f\u00fchrte, der vor reifen Fr\u00fcchten und marmeladenartigen Beerennoten nur so strotzte. In der Nase finden sich au\u00dferdem \u00ab\u00a0Vanilleschote, gew\u00fcrztes Beerenkompott, ein kleiner Spritzer gesalzenes Karamell und sich sp\u00e4ter entwickelte dezente Bl\u00fctenschwaden\u00a0\u00bb. Den Gaumen erfreut eine \u00ab\u00a0leuchtende Orangen\u00f6l-W\u00fcrze, gepaart mit schokoladigem Malz und einem Spritzer Erdbeere\u00a0\u00bb. Abschlie\u00dfend im Abgang genie\u00dft man dann \u00ab\u00a0ein Hauch von Kardamom, Zimt, ger\u00f6steter Eiche und erdiger Vanille, zusammen mit einem subtilen Hauch von klassischem Campbetown-Salzgehalt\u00a0\u00bb<\/p>\n<p><strong>Info Qualit\u00e4t der Flasche:<\/strong> Exzellent &#8211; ohne Besch\u00e4digungen \/ <strong>F\u00fcllstand:<\/strong> High fill<br \/>\n<strong>Info Qualit\u00e4t der Box:<\/strong> Exzellent &#8211; ohne Besch\u00e4digungen<\/p>\n<p><strong>Wichtiger Hinweis:<\/strong> Die Bewertung der Flaschen und Boxen erfolgt nach \u201ebesten Wissen und Gewissen\u201c. dramfolks kann keine Gew\u00e4hrleistung f\u00fcr den Inhalt der Flaschen \u00fcbernehmen. Weitere Infos &amp; Hinweise finden Sie in unseren AGBs. Wir empfehlen Ihnen, vor der Abgabe von Geboten \u00fcber die Zoomfunktion eine Besichtigung \/ genaue Pr\u00fcfung des angebotenen Whiskys vorzunehmen. Bitte kontaktieren sie uns bei Fragen direkt unter info@dramfolks.com<\/p>\n","protected":false},"excerpt":{"rendered":"<p>Destille: Glen Scotia Die Destille Glen Scotia hat ihren Sitz in der eigenst\u00e4ndigen Whiskyregion Campbeltown auf der Halbinsel Kintyre in Schottland. Campbeltown verf\u00fcgte fr\u00fcher \u00fcber mehr als 30 Brennereien, von denen bis heute \u2013 neben Glen Scotia \u2013 nur noch die Springbank-Destillerie und Glengyle \u00fcbrig geblieben sind. Das Wasser f\u00fcr die Produktion bezieht die Destille[&#8230;]\n","protected":false},"featured_media":4415,"comment_status":"closed","ping_status":"closed","template":"","meta":[],"product_brand":[],"product_cat":[604],"product_tag":[],"class_list":{"0":"post-4268","1":"product","2":"type-product","3":"status-publish","4":"has-post-thumbnail","6":"product_cat-no-7","8":"first","9":"instock","10":"shipping-taxable","11":"purchasable","12":"product-type-auction"},"yoast_head":"<!-- This site is optimized with the Yoast SEO plugin v27.4 - https:\/\/yoast.com\/product\/yoast-seo-wordpress\/ -->\n<title>Glen Scotia - 10yo Campbeltown Malts Festival 2021 - Dramfolks Whisky Auction<\/title>\n<meta name=\"robots\" content=\"index, follow, max-snippet:-1, max-image-preview:large, max-video-preview:-1\" \/>\n<link rel=\"canonical\" href=\"https:\/\/www.dramfolks-whisky-auction.com\/fr\/product\/glen-scotia-10yo-campbeltown-malts-festival-2021\/\" \/>\n<meta property=\"og:locale\" content=\"fr_FR\" \/>\n<meta property=\"og:type\" content=\"article\" \/>\n<meta property=\"og:title\" content=\"Glen Scotia - 10yo Campbeltown Malts Festival 2021 - Dramfolks Whisky Auction\" \/>\n<meta property=\"og:description\" content=\"Destille: Glen Scotia Die Destille Glen Scotia hat ihren Sitz in der eigenst\u00e4ndigen Whiskyregion Campbeltown auf der Halbinsel Kintyre in Schottland. Campbeltown verf\u00fcgte fr\u00fcher \u00fcber mehr als 30 Brennereien, von denen bis heute \u2013 neben Glen Scotia \u2013 nur noch die Springbank-Destillerie und Glengyle \u00fcbrig geblieben sind. Das Wasser f\u00fcr die Produktion bezieht die Destille[...]\" \/>\n<meta property=\"og:url\" content=\"https:\/\/www.dramfolks-whisky-auction.com\/fr\/product\/glen-scotia-10yo-campbeltown-malts-festival-2021\/\" \/>\n<meta property=\"og:site_name\" content=\"Dramfolks Whisky Auction\" \/>\n<meta property=\"article:modified_time\" content=\"2023-12-05T19:38:35+00:00\" \/>\n<meta property=\"og:image\" content=\"https:\/\/www.dramfolks-whisky-auction.com\/wp-content\/uploads\/2023\/11\/Glen-Scotia-Campletown-vorne-scaled.jpg\" \/>\n\t<meta property=\"og:image:width\" content=\"2560\" \/>\n\t<meta property=\"og:image:height\" content=\"2048\" \/>\n\t<meta property=\"og:image:type\" content=\"image\/jpeg\" \/>\n<meta name=\"twitter:card\" content=\"summary_large_image\" \/>\n<meta name=\"twitter:label1\" content=\"Dur\u00e9e de lecture estim\u00e9e\" \/>\n\t<meta name=\"twitter:data1\" content=\"3 minutes\" \/>\n<script type=\"application\/ld+json\" class=\"yoast-schema-graph\">{\"@context\":\"https:\\\/\\\/schema.org\",\"@graph\":[{\"@type\":\"WebPage\",\"@id\":\"https:\\\/\\\/www.dramfolks-whisky-auction.com\\\/fr\\\/product\\\/glen-scotia-10yo-campbeltown-malts-festival-2021\\\/\",\"url\":\"https:\\\/\\\/www.dramfolks-whisky-auction.com\\\/fr\\\/product\\\/glen-scotia-10yo-campbeltown-malts-festival-2021\\\/\",\"name\":\"Glen Scotia - 10yo Campbeltown Malts Festival 2021 - Dramfolks Whisky Auction\",\"isPartOf\":{\"@id\":\"https:\\\/\\\/www.dramfolks-whisky-auction.com\\\/fr\\\/#website\"},\"primaryImageOfPage\":{\"@id\":\"https:\\\/\\\/www.dramfolks-whisky-auction.com\\\/fr\\\/product\\\/glen-scotia-10yo-campbeltown-malts-festival-2021\\\/#primaryimage\"},\"image\":{\"@id\":\"https:\\\/\\\/www.dramfolks-whisky-auction.com\\\/fr\\\/product\\\/glen-scotia-10yo-campbeltown-malts-festival-2021\\\/#primaryimage\"},\"thumbnailUrl\":\"https:\\\/\\\/www.dramfolks-whisky-auction.com\\\/wp-content\\\/uploads\\\/2023\\\/11\\\/Glen-Scotia-Campletown-vorne-scaled.jpg\",\"datePublished\":\"2023-11-05T20:24:08+00:00\",\"dateModified\":\"2023-12-05T19:38:35+00:00\",\"breadcrumb\":{\"@id\":\"https:\\\/\\\/www.dramfolks-whisky-auction.com\\\/fr\\\/product\\\/glen-scotia-10yo-campbeltown-malts-festival-2021\\\/#breadcrumb\"},\"inLanguage\":\"fr-FR\",\"potentialAction\":[{\"@type\":\"ReadAction\",\"target\":[\"https:\\\/\\\/www.dramfolks-whisky-auction.com\\\/fr\\\/product\\\/glen-scotia-10yo-campbeltown-malts-festival-2021\\\/\"]}]},{\"@type\":\"ImageObject\",\"inLanguage\":\"fr-FR\",\"@id\":\"https:\\\/\\\/www.dramfolks-whisky-auction.com\\\/fr\\\/product\\\/glen-scotia-10yo-campbeltown-malts-festival-2021\\\/#primaryimage\",\"url\":\"https:\\\/\\\/www.dramfolks-whisky-auction.com\\\/wp-content\\\/uploads\\\/2023\\\/11\\\/Glen-Scotia-Campletown-vorne-scaled.jpg\",\"contentUrl\":\"https:\\\/\\\/www.dramfolks-whisky-auction.com\\\/wp-content\\\/uploads\\\/2023\\\/11\\\/Glen-Scotia-Campletown-vorne-scaled.jpg\",\"width\":2560,\"height\":2048},{\"@type\":\"BreadcrumbList\",\"@id\":\"https:\\\/\\\/www.dramfolks-whisky-auction.com\\\/fr\\\/product\\\/glen-scotia-10yo-campbeltown-malts-festival-2021\\\/#breadcrumb\",\"itemListElement\":[{\"@type\":\"ListItem\",\"position\":1,\"name\":\"Startseite\",\"item\":\"https:\\\/\\\/www.dramfolks-whisky-auction.com\\\/fr\\\/\"},{\"@type\":\"ListItem\",\"position\":2,\"name\":\"Boutique\",\"item\":\"https:\\\/\\\/www.dramfolks-whisky-auction.com\\\/fr\\\/boutique\\\/\"},{\"@type\":\"ListItem\",\"position\":3,\"name\":\"Glen Scotia &#8211; 10yo Campbeltown Malts Festival 2021\"}]},{\"@type\":\"WebSite\",\"@id\":\"https:\\\/\\\/www.dramfolks-whisky-auction.com\\\/fr\\\/#website\",\"url\":\"https:\\\/\\\/www.dramfolks-whisky-auction.com\\\/fr\\\/\",\"name\":\"Dramfolks Whisky Auction\",\"description\":\"\",\"potentialAction\":[{\"@type\":\"SearchAction\",\"target\":{\"@type\":\"EntryPoint\",\"urlTemplate\":\"https:\\\/\\\/www.dramfolks-whisky-auction.com\\\/fr\\\/?s={search_term_string}\"},\"query-input\":{\"@type\":\"PropertyValueSpecification\",\"valueRequired\":true,\"valueName\":\"search_term_string\"}}],\"inLanguage\":\"fr-FR\"}]}<\/script>\n<!-- \/ Yoast SEO plugin. -->","yoast_head_json":{"title":"Glen Scotia - 10yo Campbeltown Malts Festival 2021 - Dramfolks Whisky Auction","robots":{"index":"index","follow":"follow","max-snippet":"max-snippet:-1","max-image-preview":"max-image-preview:large","max-video-preview":"max-video-preview:-1"},"canonical":"https:\/\/www.dramfolks-whisky-auction.com\/fr\/product\/glen-scotia-10yo-campbeltown-malts-festival-2021\/","og_locale":"fr_FR","og_type":"article","og_title":"Glen Scotia - 10yo Campbeltown Malts Festival 2021 - Dramfolks Whisky Auction","og_description":"Destille: Glen Scotia Die Destille Glen Scotia hat ihren Sitz in der eigenst\u00e4ndigen Whiskyregion Campbeltown auf der Halbinsel Kintyre in Schottland. Campbeltown verf\u00fcgte fr\u00fcher \u00fcber mehr als 30 Brennereien, von denen bis heute \u2013 neben Glen Scotia \u2013 nur noch die Springbank-Destillerie und Glengyle \u00fcbrig geblieben sind. Das Wasser f\u00fcr die Produktion bezieht die Destille[...]","og_url":"https:\/\/www.dramfolks-whisky-auction.com\/fr\/product\/glen-scotia-10yo-campbeltown-malts-festival-2021\/","og_site_name":"Dramfolks Whisky Auction","article_modified_time":"2023-12-05T19:38:35+00:00","og_image":[{"width":2560,"height":2048,"url":"https:\/\/www.dramfolks-whisky-auction.com\/wp-content\/uploads\/2023\/11\/Glen-Scotia-Campletown-vorne-scaled.jpg","type":"image\/jpeg"}],"twitter_card":"summary_large_image","twitter_misc":{"Dur\u00e9e de lecture estim\u00e9e":"3 minutes"},"schema":{"@context":"https:\/\/schema.org","@graph":[{"@type":"WebPage","@id":"https:\/\/www.dramfolks-whisky-auction.com\/fr\/product\/glen-scotia-10yo-campbeltown-malts-festival-2021\/","url":"https:\/\/www.dramfolks-whisky-auction.com\/fr\/product\/glen-scotia-10yo-campbeltown-malts-festival-2021\/","name":"Glen Scotia - 10yo Campbeltown Malts Festival 2021 - Dramfolks Whisky Auction","isPartOf":{"@id":"https:\/\/www.dramfolks-whisky-auction.com\/fr\/#website"},"primaryImageOfPage":{"@id":"https:\/\/www.dramfolks-whisky-auction.com\/fr\/product\/glen-scotia-10yo-campbeltown-malts-festival-2021\/#primaryimage"},"image":{"@id":"https:\/\/www.dramfolks-whisky-auction.com\/fr\/product\/glen-scotia-10yo-campbeltown-malts-festival-2021\/#primaryimage"},"thumbnailUrl":"https:\/\/www.dramfolks-whisky-auction.com\/wp-content\/uploads\/2023\/11\/Glen-Scotia-Campletown-vorne-scaled.jpg","datePublished":"2023-11-05T20:24:08+00:00","dateModified":"2023-12-05T19:38:35+00:00","breadcrumb":{"@id":"https:\/\/www.dramfolks-whisky-auction.com\/fr\/product\/glen-scotia-10yo-campbeltown-malts-festival-2021\/#breadcrumb"},"inLanguage":"fr-FR","potentialAction":[{"@type":"ReadAction","target":["https:\/\/www.dramfolks-whisky-auction.com\/fr\/product\/glen-scotia-10yo-campbeltown-malts-festival-2021\/"]}]},{"@type":"ImageObject","inLanguage":"fr-FR","@id":"https:\/\/www.dramfolks-whisky-auction.com\/fr\/product\/glen-scotia-10yo-campbeltown-malts-festival-2021\/#primaryimage","url":"https:\/\/www.dramfolks-whisky-auction.com\/wp-content\/uploads\/2023\/11\/Glen-Scotia-Campletown-vorne-scaled.jpg","contentUrl":"https:\/\/www.dramfolks-whisky-auction.com\/wp-content\/uploads\/2023\/11\/Glen-Scotia-Campletown-vorne-scaled.jpg","width":2560,"height":2048},{"@type":"BreadcrumbList","@id":"https:\/\/www.dramfolks-whisky-auction.com\/fr\/product\/glen-scotia-10yo-campbeltown-malts-festival-2021\/#breadcrumb","itemListElement":[{"@type":"ListItem","position":1,"name":"Startseite","item":"https:\/\/www.dramfolks-whisky-auction.com\/fr\/"},{"@type":"ListItem","position":2,"name":"Boutique","item":"https:\/\/www.dramfolks-whisky-auction.com\/fr\/boutique\/"},{"@type":"ListItem","position":3,"name":"Glen Scotia &#8211; 10yo Campbeltown Malts Festival 2021"}]},{"@type":"WebSite","@id":"https:\/\/www.dramfolks-whisky-auction.com\/fr\/#website","url":"https:\/\/www.dramfolks-whisky-auction.com\/fr\/","name":"Dramfolks Whisky Auction","description":"","potentialAction":[{"@type":"SearchAction","target":{"@type":"EntryPoint","urlTemplate":"https:\/\/www.dramfolks-whisky-auction.com\/fr\/?s={search_term_string}"},"query-input":{"@type":"PropertyValueSpecification","valueRequired":true,"valueName":"search_term_string"}}],"inLanguage":"fr-FR"}]}},"_links":{"self":[{"href":"https:\/\/www.dramfolks-whisky-auction.com\/fr\/wp-json\/wp\/v2\/product\/4268","targetHints":{"allow":["GET"]}}],"collection":[{"href":"https:\/\/www.dramfolks-whisky-auction.com\/fr\/wp-json\/wp\/v2\/product"}],"about":[{"href":"https:\/\/www.dramfolks-whisky-auction.com\/fr\/wp-json\/wp\/v2\/types\/product"}],"replies":[{"embeddable":true,"href":"https:\/\/www.dramfolks-whisky-auction.com\/fr\/wp-json\/wp\/v2\/comments?post=4268"}],"wp:featuredmedia":[{"embeddable":true,"href":"https:\/\/www.dramfolks-whisky-auction.com\/fr\/wp-json\/wp\/v2\/media\/4415"}],"wp:attachment":[{"href":"https:\/\/www.dramfolks-whisky-auction.com\/fr\/wp-json\/wp\/v2\/media?parent=4268"}],"wp:term":[{"taxonomy":"product_brand","embeddable":true,"href":"https:\/\/www.dramfolks-whisky-auction.com\/fr\/wp-json\/wp\/v2\/product_brand?post=4268"},{"taxonomy":"product_cat","embeddable":true,"href":"https:\/\/www.dramfolks-whisky-auction.com\/fr\/wp-json\/wp\/v2\/product_cat?post=4268"},{"taxonomy":"product_tag","embeddable":true,"href":"https:\/\/www.dramfolks-whisky-auction.com\/fr\/wp-json\/wp\/v2\/product_tag?post=4268"}],"curies":[{"name":"wp","href":"https:\/\/api.w.org\/{rel}","templated":true}]}}