{"id":4028,"date":"2023-10-29T17:19:33","date_gmt":"2023-10-29T16:19:33","guid":{"rendered":"https:\/\/www.dramfolks-whisky-auction.com\/?post_type=product&#038;p=4028"},"modified":"2023-12-05T20:38:35","modified_gmt":"2023-12-05T19:38:35","slug":"craigellachie-the-octave-2008-2022-3","status":"publish","type":"product","link":"https:\/\/www.dramfolks-whisky-auction.com\/fr\/product\/craigellachie-the-octave-2008-2022-3\/","title":{"rendered":"Craigellachie &#8211; The Octave 2008\/2022"},"content":{"rendered":"<p><strong>Destille: <span class=\"v1s2\">Craigellachie<br \/>\n<\/span><\/strong><span class=\"v1s2\">Die Craigellachie Distillery ist eine Single Malt Scotch Whisky Destillerie im Dorf Craigellachie, im Zentrum der Speyside (Schottland). Der Name Craigellachie bedeutet \u00ab\u00a0felsiger H\u00fcgel\u00a0\u00bb und bezieht sich auf die Klippe, die den Fluss \u00ab\u00a0Spey\u00a0\u00bb \u00fcberblickt. Craigellachie wurde 1891 unter dem Namen \u00ab\u00a0Craigellachie Distillery Co. Limited\u00a0\u00bb von einer Gruppe aus Mixern und H\u00e4ndlern, unter der Leitung von Alexander Edward gegr\u00fcndet. Zwei Jahre sp\u00e4ter wurde sie als Aktiengesellschaft umfirmiert und 1896 als Craigellachie-Glenlivet Distillery Ltd. eingetragen. Seit 1997 befindet sich Craigellachie im Besitz von Bacardi. J\u00e4hrliches Produktionsvolumen: ca. 4 Mio. Liter<\/span><\/p>\n<p><strong>Fun Fakt:<\/strong> Craigellachie geh\u00f6rte fr\u00fcher mal United Distillers (UD), die nun unter dem Diageo Konzern zusammengefasst sind. Sie war also eine Schwestermarke von Caol Ila, Cardhu, Clynelish, Cragganmore, Lagavulin, usw. Einer der Gr\u00fcnder 1891 war auch Peter Mackie, dessen Name unzentrennlich mit White Horse Distillers und dem weltber\u00fchmten Blend \u201eWhite Horse\u201c verbunden war.<\/p>\n<p><strong>Whisky\/Whiskey: The Octave 2008\/2022<\/strong><br \/>\nDer unabh\u00e4ngige Abf\u00fcller Duncan Taylor bietet seit Jahren in seiner \u00ab\u00a0The Octave Serie\u00a0\u00bb Whiskys an, die einer besonderen Nachreifung unterzogen wurden: In sehr kleinen F\u00e4ssern mit rund 50 Liter Inhalt, den sogenannten Octaves, bekommt der zuvor in anderen F\u00e4ssern gereifte Single Malt ein langes Finish, inklusive einer aromatischen Abrundung.<br \/>\nDer hier angebotene The Octave &#8211; Craigellachie 2008\/2022 wurde exklusiv f\u00fcr den Bottleshop Heilbronn in nur 86 Flaschen, mit 53,6% Fassst\u00e4rke, abgef\u00fcllt. Dieser seltene Single Malt von Craigellachie erg\u00e4nzt die Octave-Kollektion des Indie-Abf\u00fcllers Duncan Taylor perfekt, da er wie \u00fcblich lange nachreifen konnte (14 Jahre lang in Eichen-F\u00e4ssern und ein exklusiver, sieben monatiger Abschluss in einem winzigen kleinen Oktavfass). Es handelt sich um Bottle No.9 von 86!!!<\/p>\n<p><strong>Sidenote zum Abf\u00fcller: Duncan Taylor<\/strong><br \/>\nDuncan Taylor &amp; Co ist ein unabh\u00e4ngiger Abf\u00fcller mit Hauptsitz in der Marktstadt Huntly in Aberdeenshire. Das Unternehmen ist vor allem f\u00fcr seine Black Bull-Reihe von Blended Scotch Whiskys mit hohem Malzgehalt und f\u00fcr Smokin&rsquo;, eine Mischung aus getorften Islay-, Speyside- und Grain-Whiskys, bekannt. Dar\u00fcber hinaus werden Malts in verschiedenen Sortimenten abgef\u00fcllt, darunter Rarest of the Rare und Whiskys aus \u00ab\u00a0verlorenen\u00a0\u00bb Destillerien. Eines der erfolgreichsten Projekte des Unternehmens in j\u00fcngster Zeit war die Einf\u00fchrung der Octave-Abf\u00fcllungen \u2013 gereifte Single Malt und Grain Whiskys, die f\u00fcr eine zweite Periode in Oktavf\u00e4ssern der Gr\u00f6\u00dfe von einem Achtel gereift sind, um ein breiteres Charakterprofil zu erreichen &#8211; ohne die urspr\u00fcngliche Natur des Whiskys zu verschleiern.<\/p>\n<p><strong>Info Qualit\u00e4t der Flasche:<\/strong> Exzellent &#8211; ohne Besch\u00e4digungen \/ <strong>F\u00fcllstand:<\/strong> High fill<br \/>\n<strong>Info Qualit\u00e4t der Box:\u00a0<\/strong>Exzellent &#8211; ohne Besch\u00e4digungen<\/p>\n<p><strong>Wichtiger Hinweis:<\/strong> Die Bewertung der Flaschen und Boxen erfolgt nach \u201ebesten Wissen und Gewissen\u201c. dramfolks kann keine Gew\u00e4hrleistung f\u00fcr den Inhalt der Flaschen \u00fcbernehmen. Weitere Infos &amp; Hinweise finden Sie in unseren AGBs. Wir empfehlen Ihnen, vor der Abgabe von Geboten \u00fcber die Zoomfunktion eine Besichtigung \/ genaue Pr\u00fcfung des angebotenen Whiskys vorzunehmen. Bitte kontaktieren sie uns bei Fragen direkt unter info@dramfolks.com<\/p>\n","protected":false},"excerpt":{"rendered":"<p>Destille: Craigellachie Die Craigellachie Distillery ist eine Single Malt Scotch Whisky Destillerie im Dorf Craigellachie, im Zentrum der Speyside (Schottland). Der Name Craigellachie bedeutet \u00ab\u00a0felsiger H\u00fcgel\u00a0\u00bb und bezieht sich auf die Klippe, die den Fluss \u00ab\u00a0Spey\u00a0\u00bb \u00fcberblickt. Craigellachie wurde 1891 unter dem Namen \u00ab\u00a0Craigellachie Distillery Co. Limited\u00a0\u00bb von einer Gruppe aus Mixern und H\u00e4ndlern, unter[&#8230;]\n","protected":false},"featured_media":4248,"comment_status":"closed","ping_status":"closed","template":"","meta":[],"product_brand":[],"product_cat":[604],"product_tag":[],"class_list":{"0":"post-4028","1":"product","2":"type-product","3":"status-publish","4":"has-post-thumbnail","6":"product_cat-no-7","8":"first","9":"instock","10":"shipping-taxable","11":"purchasable","12":"product-type-auction"},"yoast_head":"<!-- This site is optimized with the Yoast SEO plugin v27.4 - https:\/\/yoast.com\/product\/yoast-seo-wordpress\/ -->\n<title>Craigellachie - The Octave 2008\/2022 - Dramfolks Whisky Auction<\/title>\n<meta name=\"robots\" content=\"index, follow, max-snippet:-1, max-image-preview:large, max-video-preview:-1\" \/>\n<link rel=\"canonical\" href=\"https:\/\/www.dramfolks-whisky-auction.com\/fr\/product\/craigellachie-the-octave-2008-2022-3\/\" \/>\n<meta property=\"og:locale\" content=\"fr_FR\" \/>\n<meta property=\"og:type\" content=\"article\" \/>\n<meta property=\"og:title\" content=\"Craigellachie - The Octave 2008\/2022 - Dramfolks Whisky Auction\" \/>\n<meta property=\"og:description\" content=\"Destille: Craigellachie Die Craigellachie Distillery ist eine Single Malt Scotch Whisky Destillerie im Dorf Craigellachie, im Zentrum der Speyside (Schottland). Der Name Craigellachie bedeutet \u00ab\u00a0felsiger H\u00fcgel\u00a0\u00bb und bezieht sich auf die Klippe, die den Fluss \u00ab\u00a0Spey\u00a0\u00bb \u00fcberblickt. Craigellachie wurde 1891 unter dem Namen \u00ab\u00a0Craigellachie Distillery Co. Limited\u00a0\u00bb von einer Gruppe aus Mixern und H\u00e4ndlern, unter[...]\" \/>\n<meta property=\"og:url\" content=\"https:\/\/www.dramfolks-whisky-auction.com\/fr\/product\/craigellachie-the-octave-2008-2022-3\/\" \/>\n<meta property=\"og:site_name\" content=\"Dramfolks Whisky Auction\" \/>\n<meta property=\"article:modified_time\" content=\"2023-12-05T19:38:35+00:00\" \/>\n<meta property=\"og:image\" content=\"https:\/\/www.dramfolks-whisky-auction.com\/wp-content\/uploads\/2023\/10\/Octave-vorne-1-scaled.jpg\" \/>\n\t<meta property=\"og:image:width\" content=\"2048\" \/>\n\t<meta property=\"og:image:height\" content=\"2560\" \/>\n\t<meta property=\"og:image:type\" content=\"image\/jpeg\" \/>\n<meta name=\"twitter:card\" content=\"summary_large_image\" \/>\n<meta name=\"twitter:label1\" content=\"Dur\u00e9e de lecture estim\u00e9e\" \/>\n\t<meta name=\"twitter:data1\" content=\"3 minutes\" \/>\n<script type=\"application\/ld+json\" class=\"yoast-schema-graph\">{\"@context\":\"https:\\\/\\\/schema.org\",\"@graph\":[{\"@type\":\"WebPage\",\"@id\":\"https:\\\/\\\/www.dramfolks-whisky-auction.com\\\/fr\\\/product\\\/craigellachie-the-octave-2008-2022-3\\\/\",\"url\":\"https:\\\/\\\/www.dramfolks-whisky-auction.com\\\/fr\\\/product\\\/craigellachie-the-octave-2008-2022-3\\\/\",\"name\":\"Craigellachie - The Octave 2008\\\/2022 - Dramfolks Whisky Auction\",\"isPartOf\":{\"@id\":\"https:\\\/\\\/www.dramfolks-whisky-auction.com\\\/fr\\\/#website\"},\"primaryImageOfPage\":{\"@id\":\"https:\\\/\\\/www.dramfolks-whisky-auction.com\\\/fr\\\/product\\\/craigellachie-the-octave-2008-2022-3\\\/#primaryimage\"},\"image\":{\"@id\":\"https:\\\/\\\/www.dramfolks-whisky-auction.com\\\/fr\\\/product\\\/craigellachie-the-octave-2008-2022-3\\\/#primaryimage\"},\"thumbnailUrl\":\"https:\\\/\\\/www.dramfolks-whisky-auction.com\\\/wp-content\\\/uploads\\\/2023\\\/10\\\/Octave-vorne-1-scaled.jpg\",\"datePublished\":\"2023-10-29T16:19:33+00:00\",\"dateModified\":\"2023-12-05T19:38:35+00:00\",\"breadcrumb\":{\"@id\":\"https:\\\/\\\/www.dramfolks-whisky-auction.com\\\/fr\\\/product\\\/craigellachie-the-octave-2008-2022-3\\\/#breadcrumb\"},\"inLanguage\":\"fr-FR\",\"potentialAction\":[{\"@type\":\"ReadAction\",\"target\":[\"https:\\\/\\\/www.dramfolks-whisky-auction.com\\\/fr\\\/product\\\/craigellachie-the-octave-2008-2022-3\\\/\"]}]},{\"@type\":\"ImageObject\",\"inLanguage\":\"fr-FR\",\"@id\":\"https:\\\/\\\/www.dramfolks-whisky-auction.com\\\/fr\\\/product\\\/craigellachie-the-octave-2008-2022-3\\\/#primaryimage\",\"url\":\"https:\\\/\\\/www.dramfolks-whisky-auction.com\\\/wp-content\\\/uploads\\\/2023\\\/10\\\/Octave-vorne-1-scaled.jpg\",\"contentUrl\":\"https:\\\/\\\/www.dramfolks-whisky-auction.com\\\/wp-content\\\/uploads\\\/2023\\\/10\\\/Octave-vorne-1-scaled.jpg\",\"width\":2048,\"height\":2560},{\"@type\":\"BreadcrumbList\",\"@id\":\"https:\\\/\\\/www.dramfolks-whisky-auction.com\\\/fr\\\/product\\\/craigellachie-the-octave-2008-2022-3\\\/#breadcrumb\",\"itemListElement\":[{\"@type\":\"ListItem\",\"position\":1,\"name\":\"Startseite\",\"item\":\"https:\\\/\\\/www.dramfolks-whisky-auction.com\\\/fr\\\/\"},{\"@type\":\"ListItem\",\"position\":2,\"name\":\"Boutique\",\"item\":\"https:\\\/\\\/www.dramfolks-whisky-auction.com\\\/fr\\\/boutique\\\/\"},{\"@type\":\"ListItem\",\"position\":3,\"name\":\"Craigellachie &#8211; The Octave 2008\\\/2022\"}]},{\"@type\":\"WebSite\",\"@id\":\"https:\\\/\\\/www.dramfolks-whisky-auction.com\\\/fr\\\/#website\",\"url\":\"https:\\\/\\\/www.dramfolks-whisky-auction.com\\\/fr\\\/\",\"name\":\"Dramfolks Whisky Auction\",\"description\":\"\",\"potentialAction\":[{\"@type\":\"SearchAction\",\"target\":{\"@type\":\"EntryPoint\",\"urlTemplate\":\"https:\\\/\\\/www.dramfolks-whisky-auction.com\\\/fr\\\/?s={search_term_string}\"},\"query-input\":{\"@type\":\"PropertyValueSpecification\",\"valueRequired\":true,\"valueName\":\"search_term_string\"}}],\"inLanguage\":\"fr-FR\"}]}<\/script>\n<!-- \/ Yoast SEO plugin. -->","yoast_head_json":{"title":"Craigellachie - The Octave 2008\/2022 - Dramfolks Whisky Auction","robots":{"index":"index","follow":"follow","max-snippet":"max-snippet:-1","max-image-preview":"max-image-preview:large","max-video-preview":"max-video-preview:-1"},"canonical":"https:\/\/www.dramfolks-whisky-auction.com\/fr\/product\/craigellachie-the-octave-2008-2022-3\/","og_locale":"fr_FR","og_type":"article","og_title":"Craigellachie - The Octave 2008\/2022 - Dramfolks Whisky Auction","og_description":"Destille: Craigellachie Die Craigellachie Distillery ist eine Single Malt Scotch Whisky Destillerie im Dorf Craigellachie, im Zentrum der Speyside (Schottland). Der Name Craigellachie bedeutet \u00ab\u00a0felsiger H\u00fcgel\u00a0\u00bb und bezieht sich auf die Klippe, die den Fluss \u00ab\u00a0Spey\u00a0\u00bb \u00fcberblickt. Craigellachie wurde 1891 unter dem Namen \u00ab\u00a0Craigellachie Distillery Co. Limited\u00a0\u00bb von einer Gruppe aus Mixern und H\u00e4ndlern, unter[...]","og_url":"https:\/\/www.dramfolks-whisky-auction.com\/fr\/product\/craigellachie-the-octave-2008-2022-3\/","og_site_name":"Dramfolks Whisky Auction","article_modified_time":"2023-12-05T19:38:35+00:00","og_image":[{"width":2048,"height":2560,"url":"https:\/\/www.dramfolks-whisky-auction.com\/wp-content\/uploads\/2023\/10\/Octave-vorne-1-scaled.jpg","type":"image\/jpeg"}],"twitter_card":"summary_large_image","twitter_misc":{"Dur\u00e9e de lecture estim\u00e9e":"3 minutes"},"schema":{"@context":"https:\/\/schema.org","@graph":[{"@type":"WebPage","@id":"https:\/\/www.dramfolks-whisky-auction.com\/fr\/product\/craigellachie-the-octave-2008-2022-3\/","url":"https:\/\/www.dramfolks-whisky-auction.com\/fr\/product\/craigellachie-the-octave-2008-2022-3\/","name":"Craigellachie - The Octave 2008\/2022 - Dramfolks Whisky Auction","isPartOf":{"@id":"https:\/\/www.dramfolks-whisky-auction.com\/fr\/#website"},"primaryImageOfPage":{"@id":"https:\/\/www.dramfolks-whisky-auction.com\/fr\/product\/craigellachie-the-octave-2008-2022-3\/#primaryimage"},"image":{"@id":"https:\/\/www.dramfolks-whisky-auction.com\/fr\/product\/craigellachie-the-octave-2008-2022-3\/#primaryimage"},"thumbnailUrl":"https:\/\/www.dramfolks-whisky-auction.com\/wp-content\/uploads\/2023\/10\/Octave-vorne-1-scaled.jpg","datePublished":"2023-10-29T16:19:33+00:00","dateModified":"2023-12-05T19:38:35+00:00","breadcrumb":{"@id":"https:\/\/www.dramfolks-whisky-auction.com\/fr\/product\/craigellachie-the-octave-2008-2022-3\/#breadcrumb"},"inLanguage":"fr-FR","potentialAction":[{"@type":"ReadAction","target":["https:\/\/www.dramfolks-whisky-auction.com\/fr\/product\/craigellachie-the-octave-2008-2022-3\/"]}]},{"@type":"ImageObject","inLanguage":"fr-FR","@id":"https:\/\/www.dramfolks-whisky-auction.com\/fr\/product\/craigellachie-the-octave-2008-2022-3\/#primaryimage","url":"https:\/\/www.dramfolks-whisky-auction.com\/wp-content\/uploads\/2023\/10\/Octave-vorne-1-scaled.jpg","contentUrl":"https:\/\/www.dramfolks-whisky-auction.com\/wp-content\/uploads\/2023\/10\/Octave-vorne-1-scaled.jpg","width":2048,"height":2560},{"@type":"BreadcrumbList","@id":"https:\/\/www.dramfolks-whisky-auction.com\/fr\/product\/craigellachie-the-octave-2008-2022-3\/#breadcrumb","itemListElement":[{"@type":"ListItem","position":1,"name":"Startseite","item":"https:\/\/www.dramfolks-whisky-auction.com\/fr\/"},{"@type":"ListItem","position":2,"name":"Boutique","item":"https:\/\/www.dramfolks-whisky-auction.com\/fr\/boutique\/"},{"@type":"ListItem","position":3,"name":"Craigellachie &#8211; The Octave 2008\/2022"}]},{"@type":"WebSite","@id":"https:\/\/www.dramfolks-whisky-auction.com\/fr\/#website","url":"https:\/\/www.dramfolks-whisky-auction.com\/fr\/","name":"Dramfolks Whisky Auction","description":"","potentialAction":[{"@type":"SearchAction","target":{"@type":"EntryPoint","urlTemplate":"https:\/\/www.dramfolks-whisky-auction.com\/fr\/?s={search_term_string}"},"query-input":{"@type":"PropertyValueSpecification","valueRequired":true,"valueName":"search_term_string"}}],"inLanguage":"fr-FR"}]}},"_links":{"self":[{"href":"https:\/\/www.dramfolks-whisky-auction.com\/fr\/wp-json\/wp\/v2\/product\/4028","targetHints":{"allow":["GET"]}}],"collection":[{"href":"https:\/\/www.dramfolks-whisky-auction.com\/fr\/wp-json\/wp\/v2\/product"}],"about":[{"href":"https:\/\/www.dramfolks-whisky-auction.com\/fr\/wp-json\/wp\/v2\/types\/product"}],"replies":[{"embeddable":true,"href":"https:\/\/www.dramfolks-whisky-auction.com\/fr\/wp-json\/wp\/v2\/comments?post=4028"}],"wp:featuredmedia":[{"embeddable":true,"href":"https:\/\/www.dramfolks-whisky-auction.com\/fr\/wp-json\/wp\/v2\/media\/4248"}],"wp:attachment":[{"href":"https:\/\/www.dramfolks-whisky-auction.com\/fr\/wp-json\/wp\/v2\/media?parent=4028"}],"wp:term":[{"taxonomy":"product_brand","embeddable":true,"href":"https:\/\/www.dramfolks-whisky-auction.com\/fr\/wp-json\/wp\/v2\/product_brand?post=4028"},{"taxonomy":"product_cat","embeddable":true,"href":"https:\/\/www.dramfolks-whisky-auction.com\/fr\/wp-json\/wp\/v2\/product_cat?post=4028"},{"taxonomy":"product_tag","embeddable":true,"href":"https:\/\/www.dramfolks-whisky-auction.com\/fr\/wp-json\/wp\/v2\/product_tag?post=4028"}],"curies":[{"name":"wp","href":"https:\/\/api.w.org\/{rel}","templated":true}]}}