{"id":3784,"date":"2023-09-05T19:24:37","date_gmt":"2023-09-05T17:24:37","guid":{"rendered":"https:\/\/www.dramfolks-whisky-auction.com\/?post_type=product&#038;p=3784"},"modified":"2023-09-18T20:22:18","modified_gmt":"2023-09-18T18:22:18","slug":"glenfarclas-2009-whisky-de-clubflasche-2021-3","status":"publish","type":"product","link":"https:\/\/www.dramfolks-whisky-auction.com\/fr\/product\/glenfarclas-2009-whisky-de-clubflasche-2021-3\/","title":{"rendered":"Glenfarclas &#8211; 2009 Whisky.de Clubflasche 2021"},"content":{"rendered":"<p><strong>Destille: Glenfarclas<\/strong><br \/>\nGlenfarclas ist eine Whiskybrennerei in Ballindalloch, Schottland. Glenfarclas bedeutet \u00fcbersetzt \u00ab\u00a0Tal des gr\u00fcnen Grases\u00a0\u00bb. Die Brennerei ist eine der wenigen Destillerien, die heute noch vollst\u00e4ndig im Familienbesitz sind. Seit 1865 f\u00fchrt die Familie Grant erfolgreich die Geschicke der Brennerei. Sie verf\u00fcgt \u00fcber insgesamt 6 Brennblasen und ist derzeit die gr\u00f6\u00dfte Destillerie der Speyside (j\u00e4hrliches Produktionsvolumen: ca. 4 Mio. Liter). Die Brennerei verf\u00fcgt \u00fcber rund 68.000 F\u00e4sser, die vor Ort in traditionellen Staulagern reifen, mit Lagerbest\u00e4nden aus jedem Jahr von 1954 bis zum aktuellen Jahr. Dadurch ist es Glenfarclas m\u00f6glich, j\u00e4hrlich seine ber\u00fchmten \u00ab\u00a0The Family Casks\u00a0\u00bb Kollektionen auf den Markt zu bringen.<\/p>\n<p><strong>Fun fact:<\/strong> Das au\u00dfergew\u00f6hnlich alte Fasslager und die daraus entstehenden, edlen und teuren Whiskys ziehen nicht nur \u00ab\u00a0brave\u00a0\u00bb Besucher an die Speyside. Im Jahr 2022 wurde im Besucherzentrum eingebrochen und Whisky im Wert von \u00fcber 100.000 Euro gestohlen! Die T\u00e4ter sind nach wie vor auf der Flucht (oder sturzbetrunken auf der Flucht eingeschlafen&#8230;).<\/p>\n<p><strong>Whisky\/Whiskey: 2009 Whisky.de Clubflasche 2021<br \/>\n<\/strong>Dieser Glenfarclas reifte ca. 11 Jahre komplett in Oloroso Sherryf\u00e4ssern und wurde exklusiv f\u00fcr <span class=\"tx-datamintslossaryextension-no-replacement\">Whisky<\/span>.de abgef\u00fcllt. Noising: altersgerecht fruchtig, mit Birne, dahinter kommen s\u00fc\u00dfe Aromen, Apfelkompott mit Vanillesahne und Haseln\u00fcsse. Taste: <span class=\"cf0\">Im Mund ist der Whisky mild und fruchtig mit einem herben Ende. Teilweise Birne, Gew\u00fcrze, minimal Zimt und Marzipan. <\/span>Insgesamt ist es ein sch\u00f6nes eher fruchtiges Aroma. Limitierte Abf\u00fcllung &#8211; nur 737 Flaschen!<\/p>\n<p><strong>Info Flaschen Qualit\u00e4t:<\/strong> Exzellent &#8211; ohne Besch\u00e4digungen \/ <strong>F\u00fcllstand:<\/strong> Into neck<br \/>\n<strong>Info Box Qualit\u00e4t:<\/strong> keine Box vorhanden<\/p>\n<p><strong>Wichtiger Hinweis:<\/strong> Die Bewertung der Flaschen und Boxen erfolgt nach \u201ebesten Wissen und Gewissen\u201c. dramfolks kann keine Gew\u00e4hrleistung f\u00fcr den Inhalt der Flaschen \u00fcbernehmen. Weitere Infos &amp; Hinweise finden Sie in unseren AGBs. Wir empfehlen Ihnen, vor der Abgabe von Geboten \u00fcber die Zoomfunktion eine Besichtigung \/ genaue Pr\u00fcfung des angebotenen Whiskys vorzunehmen. Bitte kontaktieren sie uns bei Fragen direkt unter info@dramfolks.com<\/p>\n","protected":false},"excerpt":{"rendered":"<p>Destille: Glenfarclas Glenfarclas ist eine Whiskybrennerei in Ballindalloch, Schottland. Glenfarclas bedeutet \u00fcbersetzt \u00ab\u00a0Tal des gr\u00fcnen Grases\u00a0\u00bb. Die Brennerei ist eine der wenigen Destillerien, die heute noch vollst\u00e4ndig im Familienbesitz sind. Seit 1865 f\u00fchrt die Familie Grant erfolgreich die Geschicke der Brennerei. Sie verf\u00fcgt \u00fcber insgesamt 6 Brennblasen und ist derzeit die gr\u00f6\u00dfte Destillerie der Speyside[&#8230;]\n","protected":false},"featured_media":3785,"comment_status":"closed","ping_status":"closed","template":"","meta":[],"product_brand":[],"product_cat":[539],"product_tag":[],"class_list":{"0":"post-3784","1":"product","2":"type-product","3":"status-publish","4":"has-post-thumbnail","6":"product_cat-no-6","8":"first","9":"instock","10":"shipping-taxable","11":"purchasable","12":"product-type-auction"},"yoast_head":"<!-- This site is optimized with the Yoast SEO plugin v27.4 - https:\/\/yoast.com\/product\/yoast-seo-wordpress\/ -->\n<title>Glenfarclas - 2009 Whisky.de Clubflasche 2021 - Dramfolks Whisky Auction<\/title>\n<meta name=\"robots\" content=\"index, follow, max-snippet:-1, max-image-preview:large, max-video-preview:-1\" \/>\n<link rel=\"canonical\" href=\"https:\/\/www.dramfolks-whisky-auction.com\/fr\/product\/glenfarclas-2009-whisky-de-clubflasche-2021-3\/\" \/>\n<meta property=\"og:locale\" content=\"fr_FR\" \/>\n<meta property=\"og:type\" content=\"article\" \/>\n<meta property=\"og:title\" content=\"Glenfarclas - 2009 Whisky.de Clubflasche 2021 - Dramfolks Whisky Auction\" \/>\n<meta property=\"og:description\" content=\"Destille: Glenfarclas Glenfarclas ist eine Whiskybrennerei in Ballindalloch, Schottland. Glenfarclas bedeutet \u00fcbersetzt \u00ab\u00a0Tal des gr\u00fcnen Grases\u00a0\u00bb. Die Brennerei ist eine der wenigen Destillerien, die heute noch vollst\u00e4ndig im Familienbesitz sind. Seit 1865 f\u00fchrt die Familie Grant erfolgreich die Geschicke der Brennerei. Sie verf\u00fcgt \u00fcber insgesamt 6 Brennblasen und ist derzeit die gr\u00f6\u00dfte Destillerie der Speyside[...]\" \/>\n<meta property=\"og:url\" content=\"https:\/\/www.dramfolks-whisky-auction.com\/fr\/product\/glenfarclas-2009-whisky-de-clubflasche-2021-3\/\" \/>\n<meta property=\"og:site_name\" content=\"Dramfolks Whisky Auction\" \/>\n<meta property=\"article:modified_time\" content=\"2023-09-18T18:22:18+00:00\" \/>\n<meta property=\"og:image\" content=\"https:\/\/www.dramfolks-whisky-auction.com\/wp-content\/uploads\/2023\/09\/Glenfarclas-2009-vorne-H-scaled.jpg\" \/>\n\t<meta property=\"og:image:width\" content=\"2560\" \/>\n\t<meta property=\"og:image:height\" content=\"2560\" \/>\n\t<meta property=\"og:image:type\" content=\"image\/jpeg\" \/>\n<meta name=\"twitter:card\" content=\"summary_large_image\" \/>\n<meta name=\"twitter:label1\" content=\"Dur\u00e9e de lecture estim\u00e9e\" \/>\n\t<meta name=\"twitter:data1\" content=\"2 minutes\" \/>\n<script type=\"application\/ld+json\" class=\"yoast-schema-graph\">{\"@context\":\"https:\\\/\\\/schema.org\",\"@graph\":[{\"@type\":\"WebPage\",\"@id\":\"https:\\\/\\\/www.dramfolks-whisky-auction.com\\\/fr\\\/product\\\/glenfarclas-2009-whisky-de-clubflasche-2021-3\\\/\",\"url\":\"https:\\\/\\\/www.dramfolks-whisky-auction.com\\\/fr\\\/product\\\/glenfarclas-2009-whisky-de-clubflasche-2021-3\\\/\",\"name\":\"Glenfarclas - 2009 Whisky.de Clubflasche 2021 - Dramfolks Whisky Auction\",\"isPartOf\":{\"@id\":\"https:\\\/\\\/www.dramfolks-whisky-auction.com\\\/fr\\\/#website\"},\"primaryImageOfPage\":{\"@id\":\"https:\\\/\\\/www.dramfolks-whisky-auction.com\\\/fr\\\/product\\\/glenfarclas-2009-whisky-de-clubflasche-2021-3\\\/#primaryimage\"},\"image\":{\"@id\":\"https:\\\/\\\/www.dramfolks-whisky-auction.com\\\/fr\\\/product\\\/glenfarclas-2009-whisky-de-clubflasche-2021-3\\\/#primaryimage\"},\"thumbnailUrl\":\"https:\\\/\\\/www.dramfolks-whisky-auction.com\\\/wp-content\\\/uploads\\\/2023\\\/09\\\/Glenfarclas-2009-vorne-H-scaled.jpg\",\"datePublished\":\"2023-09-05T17:24:37+00:00\",\"dateModified\":\"2023-09-18T18:22:18+00:00\",\"breadcrumb\":{\"@id\":\"https:\\\/\\\/www.dramfolks-whisky-auction.com\\\/fr\\\/product\\\/glenfarclas-2009-whisky-de-clubflasche-2021-3\\\/#breadcrumb\"},\"inLanguage\":\"fr-FR\",\"potentialAction\":[{\"@type\":\"ReadAction\",\"target\":[\"https:\\\/\\\/www.dramfolks-whisky-auction.com\\\/fr\\\/product\\\/glenfarclas-2009-whisky-de-clubflasche-2021-3\\\/\"]}]},{\"@type\":\"ImageObject\",\"inLanguage\":\"fr-FR\",\"@id\":\"https:\\\/\\\/www.dramfolks-whisky-auction.com\\\/fr\\\/product\\\/glenfarclas-2009-whisky-de-clubflasche-2021-3\\\/#primaryimage\",\"url\":\"https:\\\/\\\/www.dramfolks-whisky-auction.com\\\/wp-content\\\/uploads\\\/2023\\\/09\\\/Glenfarclas-2009-vorne-H-scaled.jpg\",\"contentUrl\":\"https:\\\/\\\/www.dramfolks-whisky-auction.com\\\/wp-content\\\/uploads\\\/2023\\\/09\\\/Glenfarclas-2009-vorne-H-scaled.jpg\",\"width\":2560,\"height\":2560},{\"@type\":\"BreadcrumbList\",\"@id\":\"https:\\\/\\\/www.dramfolks-whisky-auction.com\\\/fr\\\/product\\\/glenfarclas-2009-whisky-de-clubflasche-2021-3\\\/#breadcrumb\",\"itemListElement\":[{\"@type\":\"ListItem\",\"position\":1,\"name\":\"Startseite\",\"item\":\"https:\\\/\\\/www.dramfolks-whisky-auction.com\\\/fr\\\/\"},{\"@type\":\"ListItem\",\"position\":2,\"name\":\"Boutique\",\"item\":\"https:\\\/\\\/www.dramfolks-whisky-auction.com\\\/fr\\\/boutique\\\/\"},{\"@type\":\"ListItem\",\"position\":3,\"name\":\"Glenfarclas &#8211; 2009 Whisky.de Clubflasche 2021\"}]},{\"@type\":\"WebSite\",\"@id\":\"https:\\\/\\\/www.dramfolks-whisky-auction.com\\\/fr\\\/#website\",\"url\":\"https:\\\/\\\/www.dramfolks-whisky-auction.com\\\/fr\\\/\",\"name\":\"Dramfolks Whisky Auction\",\"description\":\"\",\"potentialAction\":[{\"@type\":\"SearchAction\",\"target\":{\"@type\":\"EntryPoint\",\"urlTemplate\":\"https:\\\/\\\/www.dramfolks-whisky-auction.com\\\/fr\\\/?s={search_term_string}\"},\"query-input\":{\"@type\":\"PropertyValueSpecification\",\"valueRequired\":true,\"valueName\":\"search_term_string\"}}],\"inLanguage\":\"fr-FR\"}]}<\/script>\n<!-- \/ Yoast SEO plugin. -->","yoast_head_json":{"title":"Glenfarclas - 2009 Whisky.de Clubflasche 2021 - Dramfolks Whisky Auction","robots":{"index":"index","follow":"follow","max-snippet":"max-snippet:-1","max-image-preview":"max-image-preview:large","max-video-preview":"max-video-preview:-1"},"canonical":"https:\/\/www.dramfolks-whisky-auction.com\/fr\/product\/glenfarclas-2009-whisky-de-clubflasche-2021-3\/","og_locale":"fr_FR","og_type":"article","og_title":"Glenfarclas - 2009 Whisky.de Clubflasche 2021 - Dramfolks Whisky Auction","og_description":"Destille: Glenfarclas Glenfarclas ist eine Whiskybrennerei in Ballindalloch, Schottland. Glenfarclas bedeutet \u00fcbersetzt \u00ab\u00a0Tal des gr\u00fcnen Grases\u00a0\u00bb. Die Brennerei ist eine der wenigen Destillerien, die heute noch vollst\u00e4ndig im Familienbesitz sind. Seit 1865 f\u00fchrt die Familie Grant erfolgreich die Geschicke der Brennerei. Sie verf\u00fcgt \u00fcber insgesamt 6 Brennblasen und ist derzeit die gr\u00f6\u00dfte Destillerie der Speyside[...]","og_url":"https:\/\/www.dramfolks-whisky-auction.com\/fr\/product\/glenfarclas-2009-whisky-de-clubflasche-2021-3\/","og_site_name":"Dramfolks Whisky Auction","article_modified_time":"2023-09-18T18:22:18+00:00","og_image":[{"width":2560,"height":2560,"url":"https:\/\/www.dramfolks-whisky-auction.com\/wp-content\/uploads\/2023\/09\/Glenfarclas-2009-vorne-H-scaled.jpg","type":"image\/jpeg"}],"twitter_card":"summary_large_image","twitter_misc":{"Dur\u00e9e de lecture estim\u00e9e":"2 minutes"},"schema":{"@context":"https:\/\/schema.org","@graph":[{"@type":"WebPage","@id":"https:\/\/www.dramfolks-whisky-auction.com\/fr\/product\/glenfarclas-2009-whisky-de-clubflasche-2021-3\/","url":"https:\/\/www.dramfolks-whisky-auction.com\/fr\/product\/glenfarclas-2009-whisky-de-clubflasche-2021-3\/","name":"Glenfarclas - 2009 Whisky.de Clubflasche 2021 - Dramfolks Whisky Auction","isPartOf":{"@id":"https:\/\/www.dramfolks-whisky-auction.com\/fr\/#website"},"primaryImageOfPage":{"@id":"https:\/\/www.dramfolks-whisky-auction.com\/fr\/product\/glenfarclas-2009-whisky-de-clubflasche-2021-3\/#primaryimage"},"image":{"@id":"https:\/\/www.dramfolks-whisky-auction.com\/fr\/product\/glenfarclas-2009-whisky-de-clubflasche-2021-3\/#primaryimage"},"thumbnailUrl":"https:\/\/www.dramfolks-whisky-auction.com\/wp-content\/uploads\/2023\/09\/Glenfarclas-2009-vorne-H-scaled.jpg","datePublished":"2023-09-05T17:24:37+00:00","dateModified":"2023-09-18T18:22:18+00:00","breadcrumb":{"@id":"https:\/\/www.dramfolks-whisky-auction.com\/fr\/product\/glenfarclas-2009-whisky-de-clubflasche-2021-3\/#breadcrumb"},"inLanguage":"fr-FR","potentialAction":[{"@type":"ReadAction","target":["https:\/\/www.dramfolks-whisky-auction.com\/fr\/product\/glenfarclas-2009-whisky-de-clubflasche-2021-3\/"]}]},{"@type":"ImageObject","inLanguage":"fr-FR","@id":"https:\/\/www.dramfolks-whisky-auction.com\/fr\/product\/glenfarclas-2009-whisky-de-clubflasche-2021-3\/#primaryimage","url":"https:\/\/www.dramfolks-whisky-auction.com\/wp-content\/uploads\/2023\/09\/Glenfarclas-2009-vorne-H-scaled.jpg","contentUrl":"https:\/\/www.dramfolks-whisky-auction.com\/wp-content\/uploads\/2023\/09\/Glenfarclas-2009-vorne-H-scaled.jpg","width":2560,"height":2560},{"@type":"BreadcrumbList","@id":"https:\/\/www.dramfolks-whisky-auction.com\/fr\/product\/glenfarclas-2009-whisky-de-clubflasche-2021-3\/#breadcrumb","itemListElement":[{"@type":"ListItem","position":1,"name":"Startseite","item":"https:\/\/www.dramfolks-whisky-auction.com\/fr\/"},{"@type":"ListItem","position":2,"name":"Boutique","item":"https:\/\/www.dramfolks-whisky-auction.com\/fr\/boutique\/"},{"@type":"ListItem","position":3,"name":"Glenfarclas &#8211; 2009 Whisky.de Clubflasche 2021"}]},{"@type":"WebSite","@id":"https:\/\/www.dramfolks-whisky-auction.com\/fr\/#website","url":"https:\/\/www.dramfolks-whisky-auction.com\/fr\/","name":"Dramfolks Whisky Auction","description":"","potentialAction":[{"@type":"SearchAction","target":{"@type":"EntryPoint","urlTemplate":"https:\/\/www.dramfolks-whisky-auction.com\/fr\/?s={search_term_string}"},"query-input":{"@type":"PropertyValueSpecification","valueRequired":true,"valueName":"search_term_string"}}],"inLanguage":"fr-FR"}]}},"_links":{"self":[{"href":"https:\/\/www.dramfolks-whisky-auction.com\/fr\/wp-json\/wp\/v2\/product\/3784","targetHints":{"allow":["GET"]}}],"collection":[{"href":"https:\/\/www.dramfolks-whisky-auction.com\/fr\/wp-json\/wp\/v2\/product"}],"about":[{"href":"https:\/\/www.dramfolks-whisky-auction.com\/fr\/wp-json\/wp\/v2\/types\/product"}],"replies":[{"embeddable":true,"href":"https:\/\/www.dramfolks-whisky-auction.com\/fr\/wp-json\/wp\/v2\/comments?post=3784"}],"wp:featuredmedia":[{"embeddable":true,"href":"https:\/\/www.dramfolks-whisky-auction.com\/fr\/wp-json\/wp\/v2\/media\/3785"}],"wp:attachment":[{"href":"https:\/\/www.dramfolks-whisky-auction.com\/fr\/wp-json\/wp\/v2\/media?parent=3784"}],"wp:term":[{"taxonomy":"product_brand","embeddable":true,"href":"https:\/\/www.dramfolks-whisky-auction.com\/fr\/wp-json\/wp\/v2\/product_brand?post=3784"},{"taxonomy":"product_cat","embeddable":true,"href":"https:\/\/www.dramfolks-whisky-auction.com\/fr\/wp-json\/wp\/v2\/product_cat?post=3784"},{"taxonomy":"product_tag","embeddable":true,"href":"https:\/\/www.dramfolks-whisky-auction.com\/fr\/wp-json\/wp\/v2\/product_tag?post=3784"}],"curies":[{"name":"wp","href":"https:\/\/api.w.org\/{rel}","templated":true}]}}