{"id":3762,"date":"2023-09-05T19:00:24","date_gmt":"2023-09-05T17:00:24","guid":{"rendered":"https:\/\/www.dramfolks-whisky-auction.com\/?post_type=product&#038;p=3762"},"modified":"2023-09-17T20:45:04","modified_gmt":"2023-09-17T18:45:04","slug":"speyside-distillery-spey-trutina","status":"publish","type":"product","link":"https:\/\/www.dramfolks-whisky-auction.com\/fr\/product\/speyside-distillery-spey-trutina\/","title":{"rendered":"Speyside Distillery &#8211; Spey Trutina"},"content":{"rendered":"<p><strong>Destille: Speyside Distillery<br \/>\n<\/strong>Die Speyside Whiskybrennerei, benannt nach der gleichnamigen Whiskyregion, produziert seit 1990 an jener Stelle, wo der Tromie in den Spey m\u00fcndet. Im Jahr 2001 erschien der erste zehn Jahre alte Whisky, welcher sich in Europa aber eher schlecht verkaufte. 2012 wurde die Brennerei von Harvey\u2019s of Edinburgh gekauft. Diese Blendingfirma hat sehr gute Beziehungen nach Taiwan. 70 Prozent des neu aufgelegten Spey Whisky verkauft sich daher aktuell in Taiwan. Die Brennerei geh\u00f6rt zu den kleineren Brennereien in Schottland. Nur vier Angestellte arbeiten hier mit zwei Brennblasen. Das Wasser stammt aus einem umgeleiteten Bachlauf aus dem Fluss Tromie. Es handelt sich damit um die gleiche Wasserquelle, die schon vor hunderten Jahren ein Wasserrad einer M\u00fchle angetrieben hat. Das Besondere an der Herstellung ist eine lange Fermentationszeit von 120 Stunden, wodurch gerade nussige Aromen in das Destillat gelangen sollen. In der Speyside Distillery werden drei Standardwhiskys produziert. Anfangs erschienen die Whiskys unter dem Brennereinamen und sp\u00e4ter nur noch unter dem Namen <em>Spey<\/em>. Teil davon sind der Tenn\u00e9 mit einem sechsmonatigen Portwein Finish, der Trutina aus Bourbonf\u00e4ssern und der getorfte Fumare aus Bourbonf\u00e4ssern.<\/p>\n<p><strong>Fun Fakt:\u00a0\u00a0<\/strong>Der Bau der Brennerei begann 1962 und wurde von einer einzigen Person \u2013 Alex Fairlie \u2013 in Handarbeit erst 1987 fertiggestellt. Dabei musste Fairlie das Geb\u00e4ude noch w\u00e4hrend des Baus erweitern, da sonst die ganze Ausstattung nicht hineingepasst h\u00e4tte. Das fertige Brennereigeb\u00e4ude hat daher einen leichten Knick in der Mitte. Das Brennereigel\u00e4nde ist so klein, dass kein Lagerhaus vor Ort gebaut werden konnte.<\/p>\n<p><strong>Whisky\/Whiskey: Spey Trutina<br \/>\n<\/strong><\/p>\n<p>Den urspr\u00fcnglichen Charakter der SPEY Single Malts demonstriert am Allerbesten der Spey \u00ab\u00a0Trutina\u00f4\u00a0\u00bb (Trutina lat. ausgewogen, balanciert). Ausschlie\u00dflich in Bourbon Barrels gereift ist hier der unverf\u00e4lschte Spirit der Speyside Distillery in reiner Form in der Flasche, nicht \u00fcberlagert von Sherry, Port oder anderen Fassaromen. Wie auch der Spey Fumare, welcher gemeinsam mit dem Spey Trutina erschienen ist, jedoch das genaue Gegenst\u00fcck darstellt, ist diese Abf\u00fcllung auf 18.000 Flaschen limitiert. Entsprechend ist jede Flasche nummeriert. Ebenso wird der Whisky weder k\u00fchlgefiltert noch nachkoloriert. Wie f\u00fcr Spey \u00fcblich wird auch vollst\u00e4ndig auf eine Altersangabe verzichtet, was jedoch kein Zeichen minderer Qualit\u00e4t ist.<br \/>\nDer Spey Trutina kommt in einem blassen Gold daher. Es handelt sich um Bottle 3940 von 18000.<\/p>\n<p><strong>Info Qualit\u00e4t der Flasche:<\/strong> Exzellent &#8211; ohne Besch\u00e4digungen \/ <strong>F\u00fcllstand: <\/strong>High fill<br \/>\n<strong>Info Qualit\u00e4t der Box:<\/strong> Exzellent &#8211; ohne Besch\u00e4digungen<strong><br \/>\n<\/strong><\/p>\n<p><strong>Wichtiger Hinweis:<\/strong> Die Bewertung der Flaschen und Boxen erfolgt nach \u201ebesten Wissen und Gewissen\u201c. dramfolks kann keine Gew\u00e4hrleistung f\u00fcr den Inhalt der Flaschen \u00fcbernehmen. Weitere Infos &amp; Hinweise finden Sie in unseren AGBs. Wir empfehlen Ihnen, vor der Abgabe von Geboten \u00fcber die Zoomfunktion eine Besichtigung \/ genaue Pr\u00fcfung des angebotenen Whiskys vorzunehmen. Bitte kontaktieren sie uns bei Fragen direkt unter info@dramfolks.com<\/p>\n","protected":false},"excerpt":{"rendered":"<p>Destille: Speyside Distillery Die Speyside Whiskybrennerei, benannt nach der gleichnamigen Whiskyregion, produziert seit 1990 an jener Stelle, wo der Tromie in den Spey m\u00fcndet. Im Jahr 2001 erschien der erste zehn Jahre alte Whisky, welcher sich in Europa aber eher schlecht verkaufte. 2012 wurde die Brennerei von Harvey\u2019s of Edinburgh gekauft. Diese Blendingfirma hat sehr[&#8230;]\n","protected":false},"featured_media":3763,"comment_status":"closed","ping_status":"closed","template":"","meta":[],"product_brand":[],"product_cat":[539],"product_tag":[],"class_list":{"0":"post-3762","1":"product","2":"type-product","3":"status-publish","4":"has-post-thumbnail","6":"product_cat-no-6","8":"first","9":"instock","10":"shipping-taxable","11":"purchasable","12":"product-type-auction"},"yoast_head":"<!-- This site is optimized with the Yoast SEO plugin v27.4 - https:\/\/yoast.com\/product\/yoast-seo-wordpress\/ -->\n<title>Speyside Distillery - Spey Trutina - Dramfolks Whisky Auction<\/title>\n<meta name=\"robots\" content=\"index, follow, max-snippet:-1, max-image-preview:large, max-video-preview:-1\" \/>\n<link rel=\"canonical\" href=\"https:\/\/www.dramfolks-whisky-auction.com\/fr\/product\/speyside-distillery-spey-trutina\/\" \/>\n<meta property=\"og:locale\" content=\"fr_FR\" \/>\n<meta property=\"og:type\" content=\"article\" \/>\n<meta property=\"og:title\" content=\"Speyside Distillery - Spey Trutina - Dramfolks Whisky Auction\" \/>\n<meta property=\"og:description\" content=\"Destille: Speyside Distillery Die Speyside Whiskybrennerei, benannt nach der gleichnamigen Whiskyregion, produziert seit 1990 an jener Stelle, wo der Tromie in den Spey m\u00fcndet. Im Jahr 2001 erschien der erste zehn Jahre alte Whisky, welcher sich in Europa aber eher schlecht verkaufte. 2012 wurde die Brennerei von Harvey\u2019s of Edinburgh gekauft. Diese Blendingfirma hat sehr[...]\" \/>\n<meta property=\"og:url\" content=\"https:\/\/www.dramfolks-whisky-auction.com\/fr\/product\/speyside-distillery-spey-trutina\/\" \/>\n<meta property=\"og:site_name\" content=\"Dramfolks Whisky Auction\" \/>\n<meta property=\"article:modified_time\" content=\"2023-09-17T18:45:04+00:00\" \/>\n<meta property=\"og:image\" content=\"https:\/\/www.dramfolks-whisky-auction.com\/wp-content\/uploads\/2023\/09\/Spey-Trutina-vorne-H-scaled.jpg\" \/>\n\t<meta property=\"og:image:width\" content=\"2560\" \/>\n\t<meta property=\"og:image:height\" content=\"2560\" \/>\n\t<meta property=\"og:image:type\" content=\"image\/jpeg\" \/>\n<meta name=\"twitter:card\" content=\"summary_large_image\" \/>\n<meta name=\"twitter:label1\" content=\"Dur\u00e9e de lecture estim\u00e9e\" \/>\n\t<meta name=\"twitter:data1\" content=\"3 minutes\" \/>\n<script type=\"application\/ld+json\" class=\"yoast-schema-graph\">{\"@context\":\"https:\\\/\\\/schema.org\",\"@graph\":[{\"@type\":\"WebPage\",\"@id\":\"https:\\\/\\\/www.dramfolks-whisky-auction.com\\\/fr\\\/product\\\/speyside-distillery-spey-trutina\\\/\",\"url\":\"https:\\\/\\\/www.dramfolks-whisky-auction.com\\\/fr\\\/product\\\/speyside-distillery-spey-trutina\\\/\",\"name\":\"Speyside Distillery - Spey Trutina - Dramfolks Whisky Auction\",\"isPartOf\":{\"@id\":\"https:\\\/\\\/www.dramfolks-whisky-auction.com\\\/fr\\\/#website\"},\"primaryImageOfPage\":{\"@id\":\"https:\\\/\\\/www.dramfolks-whisky-auction.com\\\/fr\\\/product\\\/speyside-distillery-spey-trutina\\\/#primaryimage\"},\"image\":{\"@id\":\"https:\\\/\\\/www.dramfolks-whisky-auction.com\\\/fr\\\/product\\\/speyside-distillery-spey-trutina\\\/#primaryimage\"},\"thumbnailUrl\":\"https:\\\/\\\/www.dramfolks-whisky-auction.com\\\/wp-content\\\/uploads\\\/2023\\\/09\\\/Spey-Trutina-vorne-H-scaled.jpg\",\"datePublished\":\"2023-09-05T17:00:24+00:00\",\"dateModified\":\"2023-09-17T18:45:04+00:00\",\"breadcrumb\":{\"@id\":\"https:\\\/\\\/www.dramfolks-whisky-auction.com\\\/fr\\\/product\\\/speyside-distillery-spey-trutina\\\/#breadcrumb\"},\"inLanguage\":\"fr-FR\",\"potentialAction\":[{\"@type\":\"ReadAction\",\"target\":[\"https:\\\/\\\/www.dramfolks-whisky-auction.com\\\/fr\\\/product\\\/speyside-distillery-spey-trutina\\\/\"]}]},{\"@type\":\"ImageObject\",\"inLanguage\":\"fr-FR\",\"@id\":\"https:\\\/\\\/www.dramfolks-whisky-auction.com\\\/fr\\\/product\\\/speyside-distillery-spey-trutina\\\/#primaryimage\",\"url\":\"https:\\\/\\\/www.dramfolks-whisky-auction.com\\\/wp-content\\\/uploads\\\/2023\\\/09\\\/Spey-Trutina-vorne-H-scaled.jpg\",\"contentUrl\":\"https:\\\/\\\/www.dramfolks-whisky-auction.com\\\/wp-content\\\/uploads\\\/2023\\\/09\\\/Spey-Trutina-vorne-H-scaled.jpg\",\"width\":2560,\"height\":2560},{\"@type\":\"BreadcrumbList\",\"@id\":\"https:\\\/\\\/www.dramfolks-whisky-auction.com\\\/fr\\\/product\\\/speyside-distillery-spey-trutina\\\/#breadcrumb\",\"itemListElement\":[{\"@type\":\"ListItem\",\"position\":1,\"name\":\"Startseite\",\"item\":\"https:\\\/\\\/www.dramfolks-whisky-auction.com\\\/fr\\\/\"},{\"@type\":\"ListItem\",\"position\":2,\"name\":\"Boutique\",\"item\":\"https:\\\/\\\/www.dramfolks-whisky-auction.com\\\/fr\\\/boutique\\\/\"},{\"@type\":\"ListItem\",\"position\":3,\"name\":\"Speyside Distillery &#8211; Spey Trutina\"}]},{\"@type\":\"WebSite\",\"@id\":\"https:\\\/\\\/www.dramfolks-whisky-auction.com\\\/fr\\\/#website\",\"url\":\"https:\\\/\\\/www.dramfolks-whisky-auction.com\\\/fr\\\/\",\"name\":\"Dramfolks Whisky Auction\",\"description\":\"\",\"potentialAction\":[{\"@type\":\"SearchAction\",\"target\":{\"@type\":\"EntryPoint\",\"urlTemplate\":\"https:\\\/\\\/www.dramfolks-whisky-auction.com\\\/fr\\\/?s={search_term_string}\"},\"query-input\":{\"@type\":\"PropertyValueSpecification\",\"valueRequired\":true,\"valueName\":\"search_term_string\"}}],\"inLanguage\":\"fr-FR\"}]}<\/script>\n<!-- \/ Yoast SEO plugin. -->","yoast_head_json":{"title":"Speyside Distillery - Spey Trutina - Dramfolks Whisky Auction","robots":{"index":"index","follow":"follow","max-snippet":"max-snippet:-1","max-image-preview":"max-image-preview:large","max-video-preview":"max-video-preview:-1"},"canonical":"https:\/\/www.dramfolks-whisky-auction.com\/fr\/product\/speyside-distillery-spey-trutina\/","og_locale":"fr_FR","og_type":"article","og_title":"Speyside Distillery - Spey Trutina - Dramfolks Whisky Auction","og_description":"Destille: Speyside Distillery Die Speyside Whiskybrennerei, benannt nach der gleichnamigen Whiskyregion, produziert seit 1990 an jener Stelle, wo der Tromie in den Spey m\u00fcndet. Im Jahr 2001 erschien der erste zehn Jahre alte Whisky, welcher sich in Europa aber eher schlecht verkaufte. 2012 wurde die Brennerei von Harvey\u2019s of Edinburgh gekauft. Diese Blendingfirma hat sehr[...]","og_url":"https:\/\/www.dramfolks-whisky-auction.com\/fr\/product\/speyside-distillery-spey-trutina\/","og_site_name":"Dramfolks Whisky Auction","article_modified_time":"2023-09-17T18:45:04+00:00","og_image":[{"width":2560,"height":2560,"url":"https:\/\/www.dramfolks-whisky-auction.com\/wp-content\/uploads\/2023\/09\/Spey-Trutina-vorne-H-scaled.jpg","type":"image\/jpeg"}],"twitter_card":"summary_large_image","twitter_misc":{"Dur\u00e9e de lecture estim\u00e9e":"3 minutes"},"schema":{"@context":"https:\/\/schema.org","@graph":[{"@type":"WebPage","@id":"https:\/\/www.dramfolks-whisky-auction.com\/fr\/product\/speyside-distillery-spey-trutina\/","url":"https:\/\/www.dramfolks-whisky-auction.com\/fr\/product\/speyside-distillery-spey-trutina\/","name":"Speyside Distillery - Spey Trutina - Dramfolks Whisky Auction","isPartOf":{"@id":"https:\/\/www.dramfolks-whisky-auction.com\/fr\/#website"},"primaryImageOfPage":{"@id":"https:\/\/www.dramfolks-whisky-auction.com\/fr\/product\/speyside-distillery-spey-trutina\/#primaryimage"},"image":{"@id":"https:\/\/www.dramfolks-whisky-auction.com\/fr\/product\/speyside-distillery-spey-trutina\/#primaryimage"},"thumbnailUrl":"https:\/\/www.dramfolks-whisky-auction.com\/wp-content\/uploads\/2023\/09\/Spey-Trutina-vorne-H-scaled.jpg","datePublished":"2023-09-05T17:00:24+00:00","dateModified":"2023-09-17T18:45:04+00:00","breadcrumb":{"@id":"https:\/\/www.dramfolks-whisky-auction.com\/fr\/product\/speyside-distillery-spey-trutina\/#breadcrumb"},"inLanguage":"fr-FR","potentialAction":[{"@type":"ReadAction","target":["https:\/\/www.dramfolks-whisky-auction.com\/fr\/product\/speyside-distillery-spey-trutina\/"]}]},{"@type":"ImageObject","inLanguage":"fr-FR","@id":"https:\/\/www.dramfolks-whisky-auction.com\/fr\/product\/speyside-distillery-spey-trutina\/#primaryimage","url":"https:\/\/www.dramfolks-whisky-auction.com\/wp-content\/uploads\/2023\/09\/Spey-Trutina-vorne-H-scaled.jpg","contentUrl":"https:\/\/www.dramfolks-whisky-auction.com\/wp-content\/uploads\/2023\/09\/Spey-Trutina-vorne-H-scaled.jpg","width":2560,"height":2560},{"@type":"BreadcrumbList","@id":"https:\/\/www.dramfolks-whisky-auction.com\/fr\/product\/speyside-distillery-spey-trutina\/#breadcrumb","itemListElement":[{"@type":"ListItem","position":1,"name":"Startseite","item":"https:\/\/www.dramfolks-whisky-auction.com\/fr\/"},{"@type":"ListItem","position":2,"name":"Boutique","item":"https:\/\/www.dramfolks-whisky-auction.com\/fr\/boutique\/"},{"@type":"ListItem","position":3,"name":"Speyside Distillery &#8211; Spey Trutina"}]},{"@type":"WebSite","@id":"https:\/\/www.dramfolks-whisky-auction.com\/fr\/#website","url":"https:\/\/www.dramfolks-whisky-auction.com\/fr\/","name":"Dramfolks Whisky Auction","description":"","potentialAction":[{"@type":"SearchAction","target":{"@type":"EntryPoint","urlTemplate":"https:\/\/www.dramfolks-whisky-auction.com\/fr\/?s={search_term_string}"},"query-input":{"@type":"PropertyValueSpecification","valueRequired":true,"valueName":"search_term_string"}}],"inLanguage":"fr-FR"}]}},"_links":{"self":[{"href":"https:\/\/www.dramfolks-whisky-auction.com\/fr\/wp-json\/wp\/v2\/product\/3762","targetHints":{"allow":["GET"]}}],"collection":[{"href":"https:\/\/www.dramfolks-whisky-auction.com\/fr\/wp-json\/wp\/v2\/product"}],"about":[{"href":"https:\/\/www.dramfolks-whisky-auction.com\/fr\/wp-json\/wp\/v2\/types\/product"}],"replies":[{"embeddable":true,"href":"https:\/\/www.dramfolks-whisky-auction.com\/fr\/wp-json\/wp\/v2\/comments?post=3762"}],"wp:featuredmedia":[{"embeddable":true,"href":"https:\/\/www.dramfolks-whisky-auction.com\/fr\/wp-json\/wp\/v2\/media\/3763"}],"wp:attachment":[{"href":"https:\/\/www.dramfolks-whisky-auction.com\/fr\/wp-json\/wp\/v2\/media?parent=3762"}],"wp:term":[{"taxonomy":"product_brand","embeddable":true,"href":"https:\/\/www.dramfolks-whisky-auction.com\/fr\/wp-json\/wp\/v2\/product_brand?post=3762"},{"taxonomy":"product_cat","embeddable":true,"href":"https:\/\/www.dramfolks-whisky-auction.com\/fr\/wp-json\/wp\/v2\/product_cat?post=3762"},{"taxonomy":"product_tag","embeddable":true,"href":"https:\/\/www.dramfolks-whisky-auction.com\/fr\/wp-json\/wp\/v2\/product_tag?post=3762"}],"curies":[{"name":"wp","href":"https:\/\/api.w.org\/{rel}","templated":true}]}}