{"id":3730143,"date":"2025-06-14T18:30:47","date_gmt":"2025-06-14T16:30:47","guid":{"rendered":"https:\/\/www.dramfolks-whisky-auction.com\/?post_type=product&#038;p=3730143"},"modified":"2025-07-17T18:05:01","modified_gmt":"2025-07-17T16:05:01","slug":"bowmore-bicentenary-segnitz-import-bremen","status":"publish","type":"product","link":"https:\/\/www.dramfolks-whisky-auction.com\/fr\/product\/bowmore-bicentenary-segnitz-import-bremen\/","title":{"rendered":"Bowmore &#8211; Bicentenary (Segnitz-Import Bremen)"},"content":{"rendered":"<p><strong>Destille: Bowmore<br \/>\n<\/strong>Die Bowmore Destellerie wurde im Jahr 1779 von David Simson in Bowmore, auf Islay gegr\u00fcndet. Wie viele der noch aktiven Betriebe, wurde die Brennerei viele Male verkauft und auch immer wieder geschlossen. Seit dem Jahr 1994 ist Bowmore im Besitz der Suntory Unternehmensgruppe. Der gr\u00f6\u00dfte Anteil der Whiskys wird in spanischen Sherryf\u00e4ssern gelagert, welche charakteristisch f\u00fcr das auszeichnende Aroma der Destillerie sind. Sein Wasser bezieht die Brennerei aus dem Fluss Laggan, welcher sich durch eine sehr torfreiche Gegend schl\u00e4ngelt. Bowmore produziert rund zwei Milllionen Liter Alkohol pro Jahr.<\/p>\n<p><strong>Fun Fakt:\u00a0<\/strong> Die Lagerh\u00e4user von Bowmore liegen direkt am Loch Indaal. Eines der Lagerh\u00e4user, das legend\u00e4re &lsquo;Vault No. 1&rsquo;, ist das einzige Lagerhaus in Schottland, das unter dem Meeresspiegel liegt. Durch die leicht por\u00f6sen W\u00e4nde herrscht in diesem <span class=\"tx-datamintslossaryextension-no-replacement\">Lagerhaus<\/span> stets eine klamme Feuchtigkeit. Diese besonderen Bedingungen geben dem Bowmore Scotch Single Malt die einzigartige Aromatik von Salz und Seearomen.<\/p>\n<p><strong>Whisky\/Whiskey: Bicentenary (Segnitz-Import Bremen)<br \/>\n<\/strong>Eine der legend\u00e4ren Bowmore-Ver\u00f6ffentlichungen zum zweihundertsten Jubil\u00e4um, die 1979 im Rahmen der Feierlichkeiten zum 200. Geburtstag abgef\u00fcllt wurde. Hergestellt aus Whisky, der in den 1950er und 1960er Jahren destilliert wurde und in einigen ziemlich hervorragenden Sherryf\u00e4ssern gereift ist, gilt dieser Bowmores immer noch als einer der besten Bowmores, die je produziert wurden. Die hier angebotene Flasche ist eine absolute Bowmore Rarit\u00e4t in der \u00ab\u00a0deutschen\u00a0\u00bb Version. Auf dem Label findet sich die Angabe Segnitz-import Bremen.<\/p>\n<p>ACHTUNG: Es fehlt in der Kollektion der Holzdeckel f\u00fcr die wundersch\u00f6ne Holzbox. Au\u00dferdem ist der Verschluss bei diesem fantastischen Bowmore aus einem \u00ab\u00a0weichen\u00a0\u00bb roten Wachs. Dadurch kann eine einwandfreie Lieferung nicht garantiert werden. Regul\u00e4re postalische Lieferung damit ausgeschlossen oder mit eigenem Risiko! Hier muss VOR dem Versenden eine Abstimmung \u00fcber die Lieferung erfolgen. Abholung ab Lager empfehlenswert!<\/p>\n<p><strong>Info Qualit\u00e4t der Flasche:<\/strong> Exzellent &#8211; ohne Besch\u00e4digungen (altersentsprechend) \/ <strong>F\u00fcllstand: <\/strong>Into neck<br \/>\n<strong>Info Qualit\u00e4t der Box: <\/strong>Sehr gut &#8211; ohne Holzdeckel, Pappe im Inneren leicht angegriffen<\/p>\n<p><strong>Wichtiger Hinweis:<\/strong> Die Bewertung der Flaschen und Boxen erfolgt nach \u201ebesten Wissen und Gewissen\u201c. dramfolks kann keine Gew\u00e4hrleistung f\u00fcr den Inhalt der Flaschen \u00fcbernehmen. Weitere Infos &amp; Hinweise finden Sie in unseren AGBs. Wir empfehlen Ihnen, vor der Abgabe von Geboten \u00fcber die Zoomfunktion eine Besichtigung \/ genaue Pr\u00fcfung des angebotenen Whiskys vorzunehmen. Bitte kontaktieren sie uns bei Fragen direkt unter info@dramfolks.com<\/p>\n","protected":false},"excerpt":{"rendered":"<p>Destille: Bowmore Die Bowmore Destellerie wurde im Jahr 1779 von David Simson in Bowmore, auf Islay gegr\u00fcndet. Wie viele der noch aktiven Betriebe, wurde die Brennerei viele Male verkauft und auch immer wieder geschlossen. Seit dem Jahr 1994 ist Bowmore im Besitz der Suntory Unternehmensgruppe. Der gr\u00f6\u00dfte Anteil der Whiskys wird in spanischen Sherryf\u00e4ssern gelagert,[&#8230;]\n","protected":false},"featured_media":3730144,"comment_status":"closed","ping_status":"closed","template":"","meta":[],"product_brand":[],"product_cat":[1135],"product_tag":[],"class_list":{"0":"post-3730143","1":"product","2":"type-product","3":"status-publish","4":"has-post-thumbnail","6":"product_cat-no-18","8":"first","9":"instock","10":"shipping-taxable","11":"purchasable","12":"product-type-auction"},"yoast_head":"<!-- This site is optimized with the Yoast SEO plugin v27.4 - https:\/\/yoast.com\/product\/yoast-seo-wordpress\/ -->\n<title>Bowmore - Bicentenary (Segnitz-Import Bremen) - Dramfolks Whisky Auction<\/title>\n<meta name=\"robots\" content=\"index, follow, max-snippet:-1, max-image-preview:large, max-video-preview:-1\" \/>\n<link rel=\"canonical\" href=\"https:\/\/www.dramfolks-whisky-auction.com\/fr\/product\/bowmore-bicentenary-segnitz-import-bremen\/\" \/>\n<meta property=\"og:locale\" content=\"fr_FR\" \/>\n<meta property=\"og:type\" content=\"article\" \/>\n<meta property=\"og:title\" content=\"Bowmore - Bicentenary (Segnitz-Import Bremen) - Dramfolks Whisky Auction\" \/>\n<meta property=\"og:description\" content=\"Destille: Bowmore Die Bowmore Destellerie wurde im Jahr 1779 von David Simson in Bowmore, auf Islay gegr\u00fcndet. Wie viele der noch aktiven Betriebe, wurde die Brennerei viele Male verkauft und auch immer wieder geschlossen. Seit dem Jahr 1994 ist Bowmore im Besitz der Suntory Unternehmensgruppe. Der gr\u00f6\u00dfte Anteil der Whiskys wird in spanischen Sherryf\u00e4ssern gelagert,[...]\" \/>\n<meta property=\"og:url\" content=\"https:\/\/www.dramfolks-whisky-auction.com\/fr\/product\/bowmore-bicentenary-segnitz-import-bremen\/\" \/>\n<meta property=\"og:site_name\" content=\"Dramfolks Whisky Auction\" \/>\n<meta property=\"article:modified_time\" content=\"2025-07-17T16:05:01+00:00\" \/>\n<meta property=\"og:image\" content=\"https:\/\/www.dramfolks-whisky-auction.com\/wp-content\/uploads\/2025\/06\/Bowmore-1979-vorne-scaled.jpg\" \/>\n\t<meta property=\"og:image:width\" content=\"2560\" \/>\n\t<meta property=\"og:image:height\" content=\"2560\" \/>\n\t<meta property=\"og:image:type\" content=\"image\/jpeg\" \/>\n<meta name=\"twitter:card\" content=\"summary_large_image\" \/>\n<meta name=\"twitter:label1\" content=\"Dur\u00e9e de lecture estim\u00e9e\" \/>\n\t<meta name=\"twitter:data1\" content=\"3 minutes\" \/>\n<script type=\"application\/ld+json\" class=\"yoast-schema-graph\">{\"@context\":\"https:\\\/\\\/schema.org\",\"@graph\":[{\"@type\":\"WebPage\",\"@id\":\"https:\\\/\\\/www.dramfolks-whisky-auction.com\\\/fr\\\/product\\\/bowmore-bicentenary-segnitz-import-bremen\\\/\",\"url\":\"https:\\\/\\\/www.dramfolks-whisky-auction.com\\\/fr\\\/product\\\/bowmore-bicentenary-segnitz-import-bremen\\\/\",\"name\":\"Bowmore - Bicentenary (Segnitz-Import Bremen) - Dramfolks Whisky Auction\",\"isPartOf\":{\"@id\":\"https:\\\/\\\/www.dramfolks-whisky-auction.com\\\/fr\\\/#website\"},\"primaryImageOfPage\":{\"@id\":\"https:\\\/\\\/www.dramfolks-whisky-auction.com\\\/fr\\\/product\\\/bowmore-bicentenary-segnitz-import-bremen\\\/#primaryimage\"},\"image\":{\"@id\":\"https:\\\/\\\/www.dramfolks-whisky-auction.com\\\/fr\\\/product\\\/bowmore-bicentenary-segnitz-import-bremen\\\/#primaryimage\"},\"thumbnailUrl\":\"https:\\\/\\\/www.dramfolks-whisky-auction.com\\\/wp-content\\\/uploads\\\/2025\\\/06\\\/Bowmore-1979-vorne-scaled.jpg\",\"datePublished\":\"2025-06-14T16:30:47+00:00\",\"dateModified\":\"2025-07-17T16:05:01+00:00\",\"breadcrumb\":{\"@id\":\"https:\\\/\\\/www.dramfolks-whisky-auction.com\\\/fr\\\/product\\\/bowmore-bicentenary-segnitz-import-bremen\\\/#breadcrumb\"},\"inLanguage\":\"fr-FR\",\"potentialAction\":[{\"@type\":\"ReadAction\",\"target\":[\"https:\\\/\\\/www.dramfolks-whisky-auction.com\\\/fr\\\/product\\\/bowmore-bicentenary-segnitz-import-bremen\\\/\"]}]},{\"@type\":\"ImageObject\",\"inLanguage\":\"fr-FR\",\"@id\":\"https:\\\/\\\/www.dramfolks-whisky-auction.com\\\/fr\\\/product\\\/bowmore-bicentenary-segnitz-import-bremen\\\/#primaryimage\",\"url\":\"https:\\\/\\\/www.dramfolks-whisky-auction.com\\\/wp-content\\\/uploads\\\/2025\\\/06\\\/Bowmore-1979-vorne-scaled.jpg\",\"contentUrl\":\"https:\\\/\\\/www.dramfolks-whisky-auction.com\\\/wp-content\\\/uploads\\\/2025\\\/06\\\/Bowmore-1979-vorne-scaled.jpg\",\"width\":2560,\"height\":2560},{\"@type\":\"BreadcrumbList\",\"@id\":\"https:\\\/\\\/www.dramfolks-whisky-auction.com\\\/fr\\\/product\\\/bowmore-bicentenary-segnitz-import-bremen\\\/#breadcrumb\",\"itemListElement\":[{\"@type\":\"ListItem\",\"position\":1,\"name\":\"Startseite\",\"item\":\"https:\\\/\\\/www.dramfolks-whisky-auction.com\\\/fr\\\/\"},{\"@type\":\"ListItem\",\"position\":2,\"name\":\"Boutique\",\"item\":\"https:\\\/\\\/www.dramfolks-whisky-auction.com\\\/fr\\\/boutique\\\/\"},{\"@type\":\"ListItem\",\"position\":3,\"name\":\"Bowmore &#8211; Bicentenary (Segnitz-Import Bremen)\"}]},{\"@type\":\"WebSite\",\"@id\":\"https:\\\/\\\/www.dramfolks-whisky-auction.com\\\/fr\\\/#website\",\"url\":\"https:\\\/\\\/www.dramfolks-whisky-auction.com\\\/fr\\\/\",\"name\":\"Dramfolks Whisky Auction\",\"description\":\"\",\"potentialAction\":[{\"@type\":\"SearchAction\",\"target\":{\"@type\":\"EntryPoint\",\"urlTemplate\":\"https:\\\/\\\/www.dramfolks-whisky-auction.com\\\/fr\\\/?s={search_term_string}\"},\"query-input\":{\"@type\":\"PropertyValueSpecification\",\"valueRequired\":true,\"valueName\":\"search_term_string\"}}],\"inLanguage\":\"fr-FR\"}]}<\/script>\n<!-- \/ Yoast SEO plugin. -->","yoast_head_json":{"title":"Bowmore - Bicentenary (Segnitz-Import Bremen) - Dramfolks Whisky Auction","robots":{"index":"index","follow":"follow","max-snippet":"max-snippet:-1","max-image-preview":"max-image-preview:large","max-video-preview":"max-video-preview:-1"},"canonical":"https:\/\/www.dramfolks-whisky-auction.com\/fr\/product\/bowmore-bicentenary-segnitz-import-bremen\/","og_locale":"fr_FR","og_type":"article","og_title":"Bowmore - Bicentenary (Segnitz-Import Bremen) - Dramfolks Whisky Auction","og_description":"Destille: Bowmore Die Bowmore Destellerie wurde im Jahr 1779 von David Simson in Bowmore, auf Islay gegr\u00fcndet. Wie viele der noch aktiven Betriebe, wurde die Brennerei viele Male verkauft und auch immer wieder geschlossen. Seit dem Jahr 1994 ist Bowmore im Besitz der Suntory Unternehmensgruppe. Der gr\u00f6\u00dfte Anteil der Whiskys wird in spanischen Sherryf\u00e4ssern gelagert,[...]","og_url":"https:\/\/www.dramfolks-whisky-auction.com\/fr\/product\/bowmore-bicentenary-segnitz-import-bremen\/","og_site_name":"Dramfolks Whisky Auction","article_modified_time":"2025-07-17T16:05:01+00:00","og_image":[{"width":2560,"height":2560,"url":"https:\/\/www.dramfolks-whisky-auction.com\/wp-content\/uploads\/2025\/06\/Bowmore-1979-vorne-scaled.jpg","type":"image\/jpeg"}],"twitter_card":"summary_large_image","twitter_misc":{"Dur\u00e9e de lecture estim\u00e9e":"3 minutes"},"schema":{"@context":"https:\/\/schema.org","@graph":[{"@type":"WebPage","@id":"https:\/\/www.dramfolks-whisky-auction.com\/fr\/product\/bowmore-bicentenary-segnitz-import-bremen\/","url":"https:\/\/www.dramfolks-whisky-auction.com\/fr\/product\/bowmore-bicentenary-segnitz-import-bremen\/","name":"Bowmore - Bicentenary (Segnitz-Import Bremen) - Dramfolks Whisky Auction","isPartOf":{"@id":"https:\/\/www.dramfolks-whisky-auction.com\/fr\/#website"},"primaryImageOfPage":{"@id":"https:\/\/www.dramfolks-whisky-auction.com\/fr\/product\/bowmore-bicentenary-segnitz-import-bremen\/#primaryimage"},"image":{"@id":"https:\/\/www.dramfolks-whisky-auction.com\/fr\/product\/bowmore-bicentenary-segnitz-import-bremen\/#primaryimage"},"thumbnailUrl":"https:\/\/www.dramfolks-whisky-auction.com\/wp-content\/uploads\/2025\/06\/Bowmore-1979-vorne-scaled.jpg","datePublished":"2025-06-14T16:30:47+00:00","dateModified":"2025-07-17T16:05:01+00:00","breadcrumb":{"@id":"https:\/\/www.dramfolks-whisky-auction.com\/fr\/product\/bowmore-bicentenary-segnitz-import-bremen\/#breadcrumb"},"inLanguage":"fr-FR","potentialAction":[{"@type":"ReadAction","target":["https:\/\/www.dramfolks-whisky-auction.com\/fr\/product\/bowmore-bicentenary-segnitz-import-bremen\/"]}]},{"@type":"ImageObject","inLanguage":"fr-FR","@id":"https:\/\/www.dramfolks-whisky-auction.com\/fr\/product\/bowmore-bicentenary-segnitz-import-bremen\/#primaryimage","url":"https:\/\/www.dramfolks-whisky-auction.com\/wp-content\/uploads\/2025\/06\/Bowmore-1979-vorne-scaled.jpg","contentUrl":"https:\/\/www.dramfolks-whisky-auction.com\/wp-content\/uploads\/2025\/06\/Bowmore-1979-vorne-scaled.jpg","width":2560,"height":2560},{"@type":"BreadcrumbList","@id":"https:\/\/www.dramfolks-whisky-auction.com\/fr\/product\/bowmore-bicentenary-segnitz-import-bremen\/#breadcrumb","itemListElement":[{"@type":"ListItem","position":1,"name":"Startseite","item":"https:\/\/www.dramfolks-whisky-auction.com\/fr\/"},{"@type":"ListItem","position":2,"name":"Boutique","item":"https:\/\/www.dramfolks-whisky-auction.com\/fr\/boutique\/"},{"@type":"ListItem","position":3,"name":"Bowmore &#8211; Bicentenary (Segnitz-Import Bremen)"}]},{"@type":"WebSite","@id":"https:\/\/www.dramfolks-whisky-auction.com\/fr\/#website","url":"https:\/\/www.dramfolks-whisky-auction.com\/fr\/","name":"Dramfolks Whisky Auction","description":"","potentialAction":[{"@type":"SearchAction","target":{"@type":"EntryPoint","urlTemplate":"https:\/\/www.dramfolks-whisky-auction.com\/fr\/?s={search_term_string}"},"query-input":{"@type":"PropertyValueSpecification","valueRequired":true,"valueName":"search_term_string"}}],"inLanguage":"fr-FR"}]}},"_links":{"self":[{"href":"https:\/\/www.dramfolks-whisky-auction.com\/fr\/wp-json\/wp\/v2\/product\/3730143","targetHints":{"allow":["GET"]}}],"collection":[{"href":"https:\/\/www.dramfolks-whisky-auction.com\/fr\/wp-json\/wp\/v2\/product"}],"about":[{"href":"https:\/\/www.dramfolks-whisky-auction.com\/fr\/wp-json\/wp\/v2\/types\/product"}],"replies":[{"embeddable":true,"href":"https:\/\/www.dramfolks-whisky-auction.com\/fr\/wp-json\/wp\/v2\/comments?post=3730143"}],"wp:featuredmedia":[{"embeddable":true,"href":"https:\/\/www.dramfolks-whisky-auction.com\/fr\/wp-json\/wp\/v2\/media\/3730144"}],"wp:attachment":[{"href":"https:\/\/www.dramfolks-whisky-auction.com\/fr\/wp-json\/wp\/v2\/media?parent=3730143"}],"wp:term":[{"taxonomy":"product_brand","embeddable":true,"href":"https:\/\/www.dramfolks-whisky-auction.com\/fr\/wp-json\/wp\/v2\/product_brand?post=3730143"},{"taxonomy":"product_cat","embeddable":true,"href":"https:\/\/www.dramfolks-whisky-auction.com\/fr\/wp-json\/wp\/v2\/product_cat?post=3730143"},{"taxonomy":"product_tag","embeddable":true,"href":"https:\/\/www.dramfolks-whisky-auction.com\/fr\/wp-json\/wp\/v2\/product_tag?post=3730143"}],"curies":[{"name":"wp","href":"https:\/\/api.w.org\/{rel}","templated":true}]}}