{"id":3730127,"date":"2025-06-14T18:16:14","date_gmt":"2025-06-14T16:16:14","guid":{"rendered":"https:\/\/www.dramfolks-whisky-auction.com\/?post_type=product&#038;p=3730127"},"modified":"2025-06-28T19:30:46","modified_gmt":"2025-06-28T17:30:46","slug":"balvenie-12yo-doublewood-2003","status":"publish","type":"product","link":"https:\/\/www.dramfolks-whisky-auction.com\/fr\/product\/balvenie-12yo-doublewood-2003\/","title":{"rendered":"Balvenie &#8211; 12yo \/ DoubleWood 2003"},"content":{"rendered":"<p><strong>Destille: Balvenie<br \/>\n<\/strong>Die in Dufftown, Banffshire, Schottland ans\u00e4ssige Whisky Brennerei produziert bereits seit 1892 Single Malt Scotch Whisky. Der Name Balvenie bedeutet so viel wie \u00ab\u00a0Dorf des Gl\u00fccks\u00a0\u00bb. Gegr\u00fcndet wurde Balvenie von keinem geringeren als William J. Grant, der bereits ebenfalls Glenfiddich gr\u00fcndete. Um Kosten zu sparen verwendete man bei Balvenie zun\u00e4chst gebrauchte Brennblasen aus den Brennereien Lagavulin und Glen Albyn. Heute verf\u00fcgt die Brennerei \u00fcber insgesamt neun eigene Brennblasen.<\/p>\n<p><strong>Fun fact No.1:<\/strong> von der Konkurrenz&#8230; Bei der Errichtung von Balvenie musste man streng aufs Budget achten. Daher war die Anschaffung f\u00fcr neue Brennblasen zu teuer, also fragte man bei der Konkurrenz nach und verwendete kosteng\u00fcnstige gebrauchte Brennblasen von Lagavulin und Glen Albyn.<\/p>\n<p><strong>Fun fact No.2:<\/strong> Holz-Pionier&#8230; Balvenie war eine der ersten Destillerien, die mit der Einf\u00fchrung von Double Wood im Jahr 1993 einen \u00ab\u00a0fertigen\u00a0\u00bb Single Malt einf\u00fchrte, der zun\u00e4chst in Ex-Bourbon-F\u00e4ssern reifte, bevor er eine kurze Phase der zweiten Reifung (aka Finishing) in Ex-Sherry erhielt.<\/p>\n<p><strong>Whisky\/Whiskey: 12yo \/ DoubleWood 2003<\/strong><br \/>\nDer Balvenie Double Wood ist einer der beliebtesten Speyside Single Malt Whiskys. Er reifte 12 Jahre lange in Ex-Bourbonf\u00e4ssern aus amerikanischem Eichenholz und in Hogsheads. Im Anschluss hat die Brennerei ihm ein Finish in Oloroso-Sherryf\u00e4ssern aus spanischer Eiche spendiert. Abgef\u00fcllt hat sie ihn bei einem milden Alkoholgehalt von 40,0 Volumenprozent. KEINE Box vorhanden!<\/p>\n<p><strong>Info Qualit\u00e4t der Flasche:<\/strong> Exzellent ohne Besch\u00e4digungen \/ <strong>F\u00fcllstand:<\/strong> Top shoulder<br \/>\n<strong>Info Qualit\u00e4t der Box:<\/strong> keine Box vorhanden<\/p>\n<p><strong>Wichtiger Hinweis:<\/strong> Die Bewertung der Flaschen und Boxen erfolgt nach \u201ebesten Wissen und Gewissen\u201c. dramfolks kann keine Gew\u00e4hrleistung f\u00fcr den Inhalt der Flaschen \u00fcbernehmen. Weitere Infos &amp; Hinweise finden Sie in unseren AGBs. Wir empfehlen Ihnen, vor der Abgabe von Geboten \u00fcber die Zoomfunktion eine Besichtigung \/ genaue Pr\u00fcfung des angebotenen Whiskys vorzunehmen. Bitte kontaktieren sie uns bei Fragen direkt unter info@dramfolks.com<\/p>\n","protected":false},"excerpt":{"rendered":"<p>Destille: Balvenie Die in Dufftown, Banffshire, Schottland ans\u00e4ssige Whisky Brennerei produziert bereits seit 1892 Single Malt Scotch Whisky. Der Name Balvenie bedeutet so viel wie \u00ab\u00a0Dorf des Gl\u00fccks\u00a0\u00bb. Gegr\u00fcndet wurde Balvenie von keinem geringeren als William J. Grant, der bereits ebenfalls Glenfiddich gr\u00fcndete. Um Kosten zu sparen verwendete man bei Balvenie zun\u00e4chst gebrauchte Brennblasen aus[&#8230;]\n","protected":false},"featured_media":3730128,"comment_status":"closed","ping_status":"closed","template":"","meta":[],"product_brand":[],"product_cat":[1135],"product_tag":[],"class_list":{"0":"post-3730127","1":"product","2":"type-product","3":"status-publish","4":"has-post-thumbnail","6":"product_cat-no-18","8":"first","9":"instock","10":"shipping-taxable","11":"purchasable","12":"product-type-auction"},"yoast_head":"<!-- This site is optimized with the Yoast SEO plugin v27.4 - https:\/\/yoast.com\/product\/yoast-seo-wordpress\/ -->\n<title>Balvenie - 12yo \/ DoubleWood 2003 - Dramfolks Whisky Auction<\/title>\n<meta name=\"robots\" content=\"index, follow, max-snippet:-1, max-image-preview:large, max-video-preview:-1\" \/>\n<link rel=\"canonical\" href=\"https:\/\/www.dramfolks-whisky-auction.com\/fr\/product\/balvenie-12yo-doublewood-2003\/\" \/>\n<meta property=\"og:locale\" content=\"fr_FR\" \/>\n<meta property=\"og:type\" content=\"article\" \/>\n<meta property=\"og:title\" content=\"Balvenie - 12yo \/ DoubleWood 2003 - Dramfolks Whisky Auction\" \/>\n<meta property=\"og:description\" content=\"Destille: Balvenie Die in Dufftown, Banffshire, Schottland ans\u00e4ssige Whisky Brennerei produziert bereits seit 1892 Single Malt Scotch Whisky. Der Name Balvenie bedeutet so viel wie \u00ab\u00a0Dorf des Gl\u00fccks\u00a0\u00bb. Gegr\u00fcndet wurde Balvenie von keinem geringeren als William J. Grant, der bereits ebenfalls Glenfiddich gr\u00fcndete. Um Kosten zu sparen verwendete man bei Balvenie zun\u00e4chst gebrauchte Brennblasen aus[...]\" \/>\n<meta property=\"og:url\" content=\"https:\/\/www.dramfolks-whisky-auction.com\/fr\/product\/balvenie-12yo-doublewood-2003\/\" \/>\n<meta property=\"og:site_name\" content=\"Dramfolks Whisky Auction\" \/>\n<meta property=\"article:modified_time\" content=\"2025-06-28T17:30:46+00:00\" \/>\n<meta property=\"og:image\" content=\"https:\/\/www.dramfolks-whisky-auction.com\/wp-content\/uploads\/2025\/06\/Balvenie-12yo-vorne-scaled.jpg\" \/>\n\t<meta property=\"og:image:width\" content=\"2560\" \/>\n\t<meta property=\"og:image:height\" content=\"2560\" \/>\n\t<meta property=\"og:image:type\" content=\"image\/jpeg\" \/>\n<meta name=\"twitter:card\" content=\"summary_large_image\" \/>\n<meta name=\"twitter:label1\" content=\"Dur\u00e9e de lecture estim\u00e9e\" \/>\n\t<meta name=\"twitter:data1\" content=\"2 minutes\" \/>\n<script type=\"application\/ld+json\" class=\"yoast-schema-graph\">{\"@context\":\"https:\\\/\\\/schema.org\",\"@graph\":[{\"@type\":\"WebPage\",\"@id\":\"https:\\\/\\\/www.dramfolks-whisky-auction.com\\\/fr\\\/product\\\/balvenie-12yo-doublewood-2003\\\/\",\"url\":\"https:\\\/\\\/www.dramfolks-whisky-auction.com\\\/fr\\\/product\\\/balvenie-12yo-doublewood-2003\\\/\",\"name\":\"Balvenie - 12yo \\\/ DoubleWood 2003 - Dramfolks Whisky Auction\",\"isPartOf\":{\"@id\":\"https:\\\/\\\/www.dramfolks-whisky-auction.com\\\/fr\\\/#website\"},\"primaryImageOfPage\":{\"@id\":\"https:\\\/\\\/www.dramfolks-whisky-auction.com\\\/fr\\\/product\\\/balvenie-12yo-doublewood-2003\\\/#primaryimage\"},\"image\":{\"@id\":\"https:\\\/\\\/www.dramfolks-whisky-auction.com\\\/fr\\\/product\\\/balvenie-12yo-doublewood-2003\\\/#primaryimage\"},\"thumbnailUrl\":\"https:\\\/\\\/www.dramfolks-whisky-auction.com\\\/wp-content\\\/uploads\\\/2025\\\/06\\\/Balvenie-12yo-vorne-scaled.jpg\",\"datePublished\":\"2025-06-14T16:16:14+00:00\",\"dateModified\":\"2025-06-28T17:30:46+00:00\",\"breadcrumb\":{\"@id\":\"https:\\\/\\\/www.dramfolks-whisky-auction.com\\\/fr\\\/product\\\/balvenie-12yo-doublewood-2003\\\/#breadcrumb\"},\"inLanguage\":\"fr-FR\",\"potentialAction\":[{\"@type\":\"ReadAction\",\"target\":[\"https:\\\/\\\/www.dramfolks-whisky-auction.com\\\/fr\\\/product\\\/balvenie-12yo-doublewood-2003\\\/\"]}]},{\"@type\":\"ImageObject\",\"inLanguage\":\"fr-FR\",\"@id\":\"https:\\\/\\\/www.dramfolks-whisky-auction.com\\\/fr\\\/product\\\/balvenie-12yo-doublewood-2003\\\/#primaryimage\",\"url\":\"https:\\\/\\\/www.dramfolks-whisky-auction.com\\\/wp-content\\\/uploads\\\/2025\\\/06\\\/Balvenie-12yo-vorne-scaled.jpg\",\"contentUrl\":\"https:\\\/\\\/www.dramfolks-whisky-auction.com\\\/wp-content\\\/uploads\\\/2025\\\/06\\\/Balvenie-12yo-vorne-scaled.jpg\",\"width\":2560,\"height\":2560},{\"@type\":\"BreadcrumbList\",\"@id\":\"https:\\\/\\\/www.dramfolks-whisky-auction.com\\\/fr\\\/product\\\/balvenie-12yo-doublewood-2003\\\/#breadcrumb\",\"itemListElement\":[{\"@type\":\"ListItem\",\"position\":1,\"name\":\"Startseite\",\"item\":\"https:\\\/\\\/www.dramfolks-whisky-auction.com\\\/fr\\\/\"},{\"@type\":\"ListItem\",\"position\":2,\"name\":\"Boutique\",\"item\":\"https:\\\/\\\/www.dramfolks-whisky-auction.com\\\/fr\\\/boutique\\\/\"},{\"@type\":\"ListItem\",\"position\":3,\"name\":\"Balvenie &#8211; 12yo \\\/ DoubleWood 2003\"}]},{\"@type\":\"WebSite\",\"@id\":\"https:\\\/\\\/www.dramfolks-whisky-auction.com\\\/fr\\\/#website\",\"url\":\"https:\\\/\\\/www.dramfolks-whisky-auction.com\\\/fr\\\/\",\"name\":\"Dramfolks Whisky Auction\",\"description\":\"\",\"potentialAction\":[{\"@type\":\"SearchAction\",\"target\":{\"@type\":\"EntryPoint\",\"urlTemplate\":\"https:\\\/\\\/www.dramfolks-whisky-auction.com\\\/fr\\\/?s={search_term_string}\"},\"query-input\":{\"@type\":\"PropertyValueSpecification\",\"valueRequired\":true,\"valueName\":\"search_term_string\"}}],\"inLanguage\":\"fr-FR\"}]}<\/script>\n<!-- \/ Yoast SEO plugin. -->","yoast_head_json":{"title":"Balvenie - 12yo \/ DoubleWood 2003 - Dramfolks Whisky Auction","robots":{"index":"index","follow":"follow","max-snippet":"max-snippet:-1","max-image-preview":"max-image-preview:large","max-video-preview":"max-video-preview:-1"},"canonical":"https:\/\/www.dramfolks-whisky-auction.com\/fr\/product\/balvenie-12yo-doublewood-2003\/","og_locale":"fr_FR","og_type":"article","og_title":"Balvenie - 12yo \/ DoubleWood 2003 - Dramfolks Whisky Auction","og_description":"Destille: Balvenie Die in Dufftown, Banffshire, Schottland ans\u00e4ssige Whisky Brennerei produziert bereits seit 1892 Single Malt Scotch Whisky. Der Name Balvenie bedeutet so viel wie \u00ab\u00a0Dorf des Gl\u00fccks\u00a0\u00bb. Gegr\u00fcndet wurde Balvenie von keinem geringeren als William J. Grant, der bereits ebenfalls Glenfiddich gr\u00fcndete. Um Kosten zu sparen verwendete man bei Balvenie zun\u00e4chst gebrauchte Brennblasen aus[...]","og_url":"https:\/\/www.dramfolks-whisky-auction.com\/fr\/product\/balvenie-12yo-doublewood-2003\/","og_site_name":"Dramfolks Whisky Auction","article_modified_time":"2025-06-28T17:30:46+00:00","og_image":[{"width":2560,"height":2560,"url":"https:\/\/www.dramfolks-whisky-auction.com\/wp-content\/uploads\/2025\/06\/Balvenie-12yo-vorne-scaled.jpg","type":"image\/jpeg"}],"twitter_card":"summary_large_image","twitter_misc":{"Dur\u00e9e de lecture estim\u00e9e":"2 minutes"},"schema":{"@context":"https:\/\/schema.org","@graph":[{"@type":"WebPage","@id":"https:\/\/www.dramfolks-whisky-auction.com\/fr\/product\/balvenie-12yo-doublewood-2003\/","url":"https:\/\/www.dramfolks-whisky-auction.com\/fr\/product\/balvenie-12yo-doublewood-2003\/","name":"Balvenie - 12yo \/ DoubleWood 2003 - Dramfolks Whisky Auction","isPartOf":{"@id":"https:\/\/www.dramfolks-whisky-auction.com\/fr\/#website"},"primaryImageOfPage":{"@id":"https:\/\/www.dramfolks-whisky-auction.com\/fr\/product\/balvenie-12yo-doublewood-2003\/#primaryimage"},"image":{"@id":"https:\/\/www.dramfolks-whisky-auction.com\/fr\/product\/balvenie-12yo-doublewood-2003\/#primaryimage"},"thumbnailUrl":"https:\/\/www.dramfolks-whisky-auction.com\/wp-content\/uploads\/2025\/06\/Balvenie-12yo-vorne-scaled.jpg","datePublished":"2025-06-14T16:16:14+00:00","dateModified":"2025-06-28T17:30:46+00:00","breadcrumb":{"@id":"https:\/\/www.dramfolks-whisky-auction.com\/fr\/product\/balvenie-12yo-doublewood-2003\/#breadcrumb"},"inLanguage":"fr-FR","potentialAction":[{"@type":"ReadAction","target":["https:\/\/www.dramfolks-whisky-auction.com\/fr\/product\/balvenie-12yo-doublewood-2003\/"]}]},{"@type":"ImageObject","inLanguage":"fr-FR","@id":"https:\/\/www.dramfolks-whisky-auction.com\/fr\/product\/balvenie-12yo-doublewood-2003\/#primaryimage","url":"https:\/\/www.dramfolks-whisky-auction.com\/wp-content\/uploads\/2025\/06\/Balvenie-12yo-vorne-scaled.jpg","contentUrl":"https:\/\/www.dramfolks-whisky-auction.com\/wp-content\/uploads\/2025\/06\/Balvenie-12yo-vorne-scaled.jpg","width":2560,"height":2560},{"@type":"BreadcrumbList","@id":"https:\/\/www.dramfolks-whisky-auction.com\/fr\/product\/balvenie-12yo-doublewood-2003\/#breadcrumb","itemListElement":[{"@type":"ListItem","position":1,"name":"Startseite","item":"https:\/\/www.dramfolks-whisky-auction.com\/fr\/"},{"@type":"ListItem","position":2,"name":"Boutique","item":"https:\/\/www.dramfolks-whisky-auction.com\/fr\/boutique\/"},{"@type":"ListItem","position":3,"name":"Balvenie &#8211; 12yo \/ DoubleWood 2003"}]},{"@type":"WebSite","@id":"https:\/\/www.dramfolks-whisky-auction.com\/fr\/#website","url":"https:\/\/www.dramfolks-whisky-auction.com\/fr\/","name":"Dramfolks Whisky Auction","description":"","potentialAction":[{"@type":"SearchAction","target":{"@type":"EntryPoint","urlTemplate":"https:\/\/www.dramfolks-whisky-auction.com\/fr\/?s={search_term_string}"},"query-input":{"@type":"PropertyValueSpecification","valueRequired":true,"valueName":"search_term_string"}}],"inLanguage":"fr-FR"}]}},"_links":{"self":[{"href":"https:\/\/www.dramfolks-whisky-auction.com\/fr\/wp-json\/wp\/v2\/product\/3730127","targetHints":{"allow":["GET"]}}],"collection":[{"href":"https:\/\/www.dramfolks-whisky-auction.com\/fr\/wp-json\/wp\/v2\/product"}],"about":[{"href":"https:\/\/www.dramfolks-whisky-auction.com\/fr\/wp-json\/wp\/v2\/types\/product"}],"replies":[{"embeddable":true,"href":"https:\/\/www.dramfolks-whisky-auction.com\/fr\/wp-json\/wp\/v2\/comments?post=3730127"}],"wp:featuredmedia":[{"embeddable":true,"href":"https:\/\/www.dramfolks-whisky-auction.com\/fr\/wp-json\/wp\/v2\/media\/3730128"}],"wp:attachment":[{"href":"https:\/\/www.dramfolks-whisky-auction.com\/fr\/wp-json\/wp\/v2\/media?parent=3730127"}],"wp:term":[{"taxonomy":"product_brand","embeddable":true,"href":"https:\/\/www.dramfolks-whisky-auction.com\/fr\/wp-json\/wp\/v2\/product_brand?post=3730127"},{"taxonomy":"product_cat","embeddable":true,"href":"https:\/\/www.dramfolks-whisky-auction.com\/fr\/wp-json\/wp\/v2\/product_cat?post=3730127"},{"taxonomy":"product_tag","embeddable":true,"href":"https:\/\/www.dramfolks-whisky-auction.com\/fr\/wp-json\/wp\/v2\/product_tag?post=3730127"}],"curies":[{"name":"wp","href":"https:\/\/api.w.org\/{rel}","templated":true}]}}