{"id":3720819,"date":"2025-06-13T16:05:58","date_gmt":"2025-06-13T14:05:58","guid":{"rendered":"https:\/\/www.dramfolks-whisky-auction.com\/?post_type=product&#038;p=3720819"},"modified":"2025-06-28T19:30:38","modified_gmt":"2025-06-28T17:30:38","slug":"mossburn-distillers-caisteal-chamuis-12yo-3","status":"publish","type":"product","link":"https:\/\/www.dramfolks-whisky-auction.com\/fr\/product\/mossburn-distillers-caisteal-chamuis-12yo-3\/","title":{"rendered":"Mossburn Distillers &#8211; Caisteal Chamuis 12yo"},"content":{"rendered":"<p><strong>Destille: Mossburn Distillers<br \/>\n<\/strong>Mossburn Distillers, mit Hauptsitz in London, ist ein junges Unternehmen auf dem heutigen Whiskymarkt. Bereits seit Anfang 1990 besch\u00e4ftigt sich das Team von Mossburn mit dem Blenden und Abf\u00fcllen von Whisky. Ihre geb\u00fcndelte Erfahrung erstreckt sich \u00fcber mehrere Generationen, mit mehr als einem Jahrhundert kontinuierlicher Familiengeschichte in der Scotch Whisky Industrie. Als \u00ab\u00a0Master of Mossburn\u00a0\u00bb gilt Neil Macleod Mathieson. Als Mitgr\u00fcnder von Mossburn half er ma\u00dfgeblich die Firma und deren beiden Brennereien aufzubauen. Die ersten Abf\u00fcllung unter dem Namen Mossburn wurden 2017 als eine Reihe klassischer Independent Bottler Malts ver\u00f6ffentlicht. Zu den Mossburn Distillers geh\u00f6ren die Brennereien TORABHAIG und REIVERS aus Schottland. Mossburn selbst geh\u00f6rt mittlerweile zum Marussia Beverages Konzern aus England, der seinen Hauptsitz in die Schweiz verlegt hat.<strong><br \/>\n<\/strong><\/p>\n<p><strong>Fun Fakt:<\/strong> Gr\u00fcnder Neil Macleod Mathieson begann seine \u00ab\u00a0Karriere\u00a0\u00bb als Importeur von anspruchsvollen Spiritousen. Er gr\u00fcndete das Unternehmen in England und nutzte f\u00fcr den Firmennamen (eher ungew\u00f6hnlich) einen franz\u00f6sischen Namen \u00ab\u00a0Eaux de vie\u00a0\u00bb. Es bedeutet soviel wie \u00ab\u00a0Wasser des Lebens\u00a0\u00bb bzw. ein klarer, farbloser Obstbrand, der durch G\u00e4rung und doppelte Destillation hergestellt wird. Perfekt f\u00fcr sein sp\u00e4teres Whisky-Abenteuer.<\/p>\n<p><strong>Whisky\/Whiskey: Caisteal Chamuis 12yo<\/strong><br \/>\nDie Mossburn Distillers haben zwei neue, getorfte Blended Malt Scotch Whiskys auf den Markt gebracht. Die Caisteal Chamuis Whiskys sind nach einer geheimnisvollen Ruine an der Ostseite der Knock Bay auf Skye benannt. Caisteal Chamuis, auch bekannt als Knock Castle oder Castle Camus, war eine strategische Festung, die dem Clan MacLeod half, seine Herrschaft \u00fcber die Halbinsel Sleat auf Skye zu sichern. Die ersten Elemente der Burg wurden im 13. Jahrhundert an der Stelle einer eisenzeitlichen Festung namens Dun Thorabhaig errichtet. Die Ruinen der Burg, die heute zu sehen sind, erz\u00e4hlen von ihrer reichen und bewegten Geschichte. Beim Caisteal Chamuis 12 Years Old Sherry Casks Blended Malt Scotch Whisky handelt es sich um eine Verm\u00e4hlung aus Single Malts von der Insel Skye und den Orkneys. Der Whisky reift mindestens 12 Jahre lang und erh\u00e4lt das Finish in speziell angefertigten Oloroso Sherryf\u00e4ssern.<\/p>\n<p><strong>Info Qualit\u00e4t der Flasche:<\/strong> Exzellent ohne Besch\u00e4digungen \/ <strong>F\u00fcllstand:<\/strong> Into neck<br \/>\n<strong>Info Qualit\u00e4t der Box: <\/strong>Exzellent &#8211; ohne Besch\u00e4digungen<\/p>\n<p><strong>Wichtiger Hinweis:<\/strong> Die Bewertung der Flaschen und Boxen erfolgt nach \u201ebesten Wissen und Gewissen\u201c. dramfolks kann keine Gew\u00e4hrleistung f\u00fcr den Inhalt der Flaschen \u00fcbernehmen. Weitere Infos &amp; Hinweise finden Sie in unseren AGBs. Wir empfehlen Ihnen, vor der Abgabe von Geboten \u00fcber die Zoomfunktion eine Besichtigung \/ genaue Pr\u00fcfung des angebotenen Whiskys vorzunehmen. Bitte kontaktieren sie uns bei Fragen direkt unter info@dramfolks.com<\/p>\n","protected":false},"excerpt":{"rendered":"<p>Destille: Mossburn Distillers Mossburn Distillers, mit Hauptsitz in London, ist ein junges Unternehmen auf dem heutigen Whiskymarkt. Bereits seit Anfang 1990 besch\u00e4ftigt sich das Team von Mossburn mit dem Blenden und Abf\u00fcllen von Whisky. Ihre geb\u00fcndelte Erfahrung erstreckt sich \u00fcber mehrere Generationen, mit mehr als einem Jahrhundert kontinuierlicher Familiengeschichte in der Scotch Whisky Industrie. Als[&#8230;]\n","protected":false},"featured_media":536352,"comment_status":"closed","ping_status":"closed","template":"","meta":[],"product_brand":[],"product_cat":[1135],"product_tag":[],"class_list":{"0":"post-3720819","1":"product","2":"type-product","3":"status-publish","4":"has-post-thumbnail","6":"product_cat-no-18","8":"first","9":"instock","10":"shipping-taxable","11":"purchasable","12":"product-type-auction"},"yoast_head":"<!-- This site is optimized with the Yoast SEO plugin v27.0 - https:\/\/yoast.com\/product\/yoast-seo-wordpress\/ -->\n<title>Mossburn Distillers - Caisteal Chamuis 12yo - Dramfolks Whisky Auction<\/title>\n<meta name=\"robots\" content=\"index, follow, max-snippet:-1, max-image-preview:large, max-video-preview:-1\" \/>\n<link rel=\"canonical\" href=\"https:\/\/www.dramfolks-whisky-auction.com\/fr\/product\/mossburn-distillers-caisteal-chamuis-12yo-3\/\" \/>\n<meta property=\"og:locale\" content=\"fr_FR\" \/>\n<meta property=\"og:type\" content=\"article\" \/>\n<meta property=\"og:title\" content=\"Mossburn Distillers - Caisteal Chamuis 12yo - Dramfolks Whisky Auction\" \/>\n<meta property=\"og:description\" content=\"Destille: Mossburn Distillers Mossburn Distillers, mit Hauptsitz in London, ist ein junges Unternehmen auf dem heutigen Whiskymarkt. Bereits seit Anfang 1990 besch\u00e4ftigt sich das Team von Mossburn mit dem Blenden und Abf\u00fcllen von Whisky. Ihre geb\u00fcndelte Erfahrung erstreckt sich \u00fcber mehrere Generationen, mit mehr als einem Jahrhundert kontinuierlicher Familiengeschichte in der Scotch Whisky Industrie. Als[...]\" \/>\n<meta property=\"og:url\" content=\"https:\/\/www.dramfolks-whisky-auction.com\/fr\/product\/mossburn-distillers-caisteal-chamuis-12yo-3\/\" \/>\n<meta property=\"og:site_name\" content=\"Dramfolks Whisky Auction\" \/>\n<meta property=\"article:modified_time\" content=\"2025-06-28T17:30:38+00:00\" \/>\n<meta property=\"og:image\" content=\"https:\/\/www.dramfolks-whisky-auction.com\/wp-content\/uploads\/2024\/09\/Caisteal-12yo-vorne-scaled.jpg\" \/>\n\t<meta property=\"og:image:width\" content=\"2560\" \/>\n\t<meta property=\"og:image:height\" content=\"2560\" \/>\n\t<meta property=\"og:image:type\" content=\"image\/jpeg\" \/>\n<meta name=\"twitter:card\" content=\"summary_large_image\" \/>\n<meta name=\"twitter:label1\" content=\"Dur\u00e9e de lecture estim\u00e9e\" \/>\n\t<meta name=\"twitter:data1\" content=\"3 minutes\" \/>\n<script type=\"application\/ld+json\" class=\"yoast-schema-graph\">{\"@context\":\"https:\/\/schema.org\",\"@graph\":[{\"@type\":\"WebPage\",\"@id\":\"https:\/\/www.dramfolks-whisky-auction.com\/fr\/product\/mossburn-distillers-caisteal-chamuis-12yo-3\/\",\"url\":\"https:\/\/www.dramfolks-whisky-auction.com\/fr\/product\/mossburn-distillers-caisteal-chamuis-12yo-3\/\",\"name\":\"Mossburn Distillers - Caisteal Chamuis 12yo - Dramfolks Whisky Auction\",\"isPartOf\":{\"@id\":\"https:\/\/www.dramfolks-whisky-auction.com\/fr\/#website\"},\"primaryImageOfPage\":{\"@id\":\"https:\/\/www.dramfolks-whisky-auction.com\/fr\/product\/mossburn-distillers-caisteal-chamuis-12yo-3\/#primaryimage\"},\"image\":{\"@id\":\"https:\/\/www.dramfolks-whisky-auction.com\/fr\/product\/mossburn-distillers-caisteal-chamuis-12yo-3\/#primaryimage\"},\"thumbnailUrl\":\"https:\/\/www.dramfolks-whisky-auction.com\/wp-content\/uploads\/2024\/09\/Caisteal-12yo-vorne-scaled.jpg\",\"datePublished\":\"2025-06-13T14:05:58+00:00\",\"dateModified\":\"2025-06-28T17:30:38+00:00\",\"breadcrumb\":{\"@id\":\"https:\/\/www.dramfolks-whisky-auction.com\/fr\/product\/mossburn-distillers-caisteal-chamuis-12yo-3\/#breadcrumb\"},\"inLanguage\":\"fr-FR\",\"potentialAction\":[{\"@type\":\"ReadAction\",\"target\":[\"https:\/\/www.dramfolks-whisky-auction.com\/fr\/product\/mossburn-distillers-caisteal-chamuis-12yo-3\/\"]}]},{\"@type\":\"ImageObject\",\"inLanguage\":\"fr-FR\",\"@id\":\"https:\/\/www.dramfolks-whisky-auction.com\/fr\/product\/mossburn-distillers-caisteal-chamuis-12yo-3\/#primaryimage\",\"url\":\"https:\/\/www.dramfolks-whisky-auction.com\/wp-content\/uploads\/2024\/09\/Caisteal-12yo-vorne-scaled.jpg\",\"contentUrl\":\"https:\/\/www.dramfolks-whisky-auction.com\/wp-content\/uploads\/2024\/09\/Caisteal-12yo-vorne-scaled.jpg\",\"width\":2560,\"height\":2560},{\"@type\":\"BreadcrumbList\",\"@id\":\"https:\/\/www.dramfolks-whisky-auction.com\/fr\/product\/mossburn-distillers-caisteal-chamuis-12yo-3\/#breadcrumb\",\"itemListElement\":[{\"@type\":\"ListItem\",\"position\":1,\"name\":\"Startseite\",\"item\":\"https:\/\/www.dramfolks-whisky-auction.com\/fr\/\"},{\"@type\":\"ListItem\",\"position\":2,\"name\":\"Boutique\",\"item\":\"https:\/\/www.dramfolks-whisky-auction.com\/fr\/boutique\/\"},{\"@type\":\"ListItem\",\"position\":3,\"name\":\"Mossburn Distillers &#8211; Caisteal Chamuis 12yo\"}]},{\"@type\":\"WebSite\",\"@id\":\"https:\/\/www.dramfolks-whisky-auction.com\/fr\/#website\",\"url\":\"https:\/\/www.dramfolks-whisky-auction.com\/fr\/\",\"name\":\"Dramfolks Whisky Auction\",\"description\":\"\",\"potentialAction\":[{\"@type\":\"SearchAction\",\"target\":{\"@type\":\"EntryPoint\",\"urlTemplate\":\"https:\/\/www.dramfolks-whisky-auction.com\/fr\/?s={search_term_string}\"},\"query-input\":{\"@type\":\"PropertyValueSpecification\",\"valueRequired\":true,\"valueName\":\"search_term_string\"}}],\"inLanguage\":\"fr-FR\"}]}<\/script>\n<!-- \/ Yoast SEO plugin. -->","yoast_head_json":{"title":"Mossburn Distillers - Caisteal Chamuis 12yo - Dramfolks Whisky Auction","robots":{"index":"index","follow":"follow","max-snippet":"max-snippet:-1","max-image-preview":"max-image-preview:large","max-video-preview":"max-video-preview:-1"},"canonical":"https:\/\/www.dramfolks-whisky-auction.com\/fr\/product\/mossburn-distillers-caisteal-chamuis-12yo-3\/","og_locale":"fr_FR","og_type":"article","og_title":"Mossburn Distillers - Caisteal Chamuis 12yo - Dramfolks Whisky Auction","og_description":"Destille: Mossburn Distillers Mossburn Distillers, mit Hauptsitz in London, ist ein junges Unternehmen auf dem heutigen Whiskymarkt. Bereits seit Anfang 1990 besch\u00e4ftigt sich das Team von Mossburn mit dem Blenden und Abf\u00fcllen von Whisky. Ihre geb\u00fcndelte Erfahrung erstreckt sich \u00fcber mehrere Generationen, mit mehr als einem Jahrhundert kontinuierlicher Familiengeschichte in der Scotch Whisky Industrie. Als[...]","og_url":"https:\/\/www.dramfolks-whisky-auction.com\/fr\/product\/mossburn-distillers-caisteal-chamuis-12yo-3\/","og_site_name":"Dramfolks Whisky Auction","article_modified_time":"2025-06-28T17:30:38+00:00","og_image":[{"width":2560,"height":2560,"url":"https:\/\/www.dramfolks-whisky-auction.com\/wp-content\/uploads\/2024\/09\/Caisteal-12yo-vorne-scaled.jpg","type":"image\/jpeg"}],"twitter_card":"summary_large_image","twitter_misc":{"Dur\u00e9e de lecture estim\u00e9e":"3 minutes"},"schema":{"@context":"https:\/\/schema.org","@graph":[{"@type":"WebPage","@id":"https:\/\/www.dramfolks-whisky-auction.com\/fr\/product\/mossburn-distillers-caisteal-chamuis-12yo-3\/","url":"https:\/\/www.dramfolks-whisky-auction.com\/fr\/product\/mossburn-distillers-caisteal-chamuis-12yo-3\/","name":"Mossburn Distillers - Caisteal Chamuis 12yo - Dramfolks Whisky Auction","isPartOf":{"@id":"https:\/\/www.dramfolks-whisky-auction.com\/fr\/#website"},"primaryImageOfPage":{"@id":"https:\/\/www.dramfolks-whisky-auction.com\/fr\/product\/mossburn-distillers-caisteal-chamuis-12yo-3\/#primaryimage"},"image":{"@id":"https:\/\/www.dramfolks-whisky-auction.com\/fr\/product\/mossburn-distillers-caisteal-chamuis-12yo-3\/#primaryimage"},"thumbnailUrl":"https:\/\/www.dramfolks-whisky-auction.com\/wp-content\/uploads\/2024\/09\/Caisteal-12yo-vorne-scaled.jpg","datePublished":"2025-06-13T14:05:58+00:00","dateModified":"2025-06-28T17:30:38+00:00","breadcrumb":{"@id":"https:\/\/www.dramfolks-whisky-auction.com\/fr\/product\/mossburn-distillers-caisteal-chamuis-12yo-3\/#breadcrumb"},"inLanguage":"fr-FR","potentialAction":[{"@type":"ReadAction","target":["https:\/\/www.dramfolks-whisky-auction.com\/fr\/product\/mossburn-distillers-caisteal-chamuis-12yo-3\/"]}]},{"@type":"ImageObject","inLanguage":"fr-FR","@id":"https:\/\/www.dramfolks-whisky-auction.com\/fr\/product\/mossburn-distillers-caisteal-chamuis-12yo-3\/#primaryimage","url":"https:\/\/www.dramfolks-whisky-auction.com\/wp-content\/uploads\/2024\/09\/Caisteal-12yo-vorne-scaled.jpg","contentUrl":"https:\/\/www.dramfolks-whisky-auction.com\/wp-content\/uploads\/2024\/09\/Caisteal-12yo-vorne-scaled.jpg","width":2560,"height":2560},{"@type":"BreadcrumbList","@id":"https:\/\/www.dramfolks-whisky-auction.com\/fr\/product\/mossburn-distillers-caisteal-chamuis-12yo-3\/#breadcrumb","itemListElement":[{"@type":"ListItem","position":1,"name":"Startseite","item":"https:\/\/www.dramfolks-whisky-auction.com\/fr\/"},{"@type":"ListItem","position":2,"name":"Boutique","item":"https:\/\/www.dramfolks-whisky-auction.com\/fr\/boutique\/"},{"@type":"ListItem","position":3,"name":"Mossburn Distillers &#8211; Caisteal Chamuis 12yo"}]},{"@type":"WebSite","@id":"https:\/\/www.dramfolks-whisky-auction.com\/fr\/#website","url":"https:\/\/www.dramfolks-whisky-auction.com\/fr\/","name":"Dramfolks Whisky Auction","description":"","potentialAction":[{"@type":"SearchAction","target":{"@type":"EntryPoint","urlTemplate":"https:\/\/www.dramfolks-whisky-auction.com\/fr\/?s={search_term_string}"},"query-input":{"@type":"PropertyValueSpecification","valueRequired":true,"valueName":"search_term_string"}}],"inLanguage":"fr-FR"}]}},"_links":{"self":[{"href":"https:\/\/www.dramfolks-whisky-auction.com\/fr\/wp-json\/wp\/v2\/product\/3720819","targetHints":{"allow":["GET"]}}],"collection":[{"href":"https:\/\/www.dramfolks-whisky-auction.com\/fr\/wp-json\/wp\/v2\/product"}],"about":[{"href":"https:\/\/www.dramfolks-whisky-auction.com\/fr\/wp-json\/wp\/v2\/types\/product"}],"replies":[{"embeddable":true,"href":"https:\/\/www.dramfolks-whisky-auction.com\/fr\/wp-json\/wp\/v2\/comments?post=3720819"}],"wp:featuredmedia":[{"embeddable":true,"href":"https:\/\/www.dramfolks-whisky-auction.com\/fr\/wp-json\/wp\/v2\/media\/536352"}],"wp:attachment":[{"href":"https:\/\/www.dramfolks-whisky-auction.com\/fr\/wp-json\/wp\/v2\/media?parent=3720819"}],"wp:term":[{"taxonomy":"product_brand","embeddable":true,"href":"https:\/\/www.dramfolks-whisky-auction.com\/fr\/wp-json\/wp\/v2\/product_brand?post=3720819"},{"taxonomy":"product_cat","embeddable":true,"href":"https:\/\/www.dramfolks-whisky-auction.com\/fr\/wp-json\/wp\/v2\/product_cat?post=3720819"},{"taxonomy":"product_tag","embeddable":true,"href":"https:\/\/www.dramfolks-whisky-auction.com\/fr\/wp-json\/wp\/v2\/product_tag?post=3720819"}],"curies":[{"name":"wp","href":"https:\/\/api.w.org\/{rel}","templated":true}]}}