{"id":3681822,"date":"2025-06-09T09:00:16","date_gmt":"2025-06-09T07:00:16","guid":{"rendered":"https:\/\/www.dramfolks-whisky-auction.com\/?post_type=product&#038;p=3681822"},"modified":"2025-06-28T19:45:39","modified_gmt":"2025-06-28T17:45:39","slug":"miltonduff-11yo-the-maltman-2008-2019-6","status":"publish","type":"product","link":"https:\/\/www.dramfolks-whisky-auction.com\/fr\/product\/miltonduff-11yo-the-maltman-2008-2019-6\/","title":{"rendered":"Miltonduff &#8211; 11yo The Maltman 2008\/2019"},"content":{"rendered":"<p><strong>Destille: <span class=\"v1s2\">Miltonduff<br \/>\n<\/span><\/strong>Miltonduff liegt in der schottischen Speyside. Die Miltonduff Destillerie wurde 1824 von Andrew Peary und Robert Bain gegr\u00fcndet. Auf dem Gel\u00e4nde wurde bereits zuvor seit der Jahrhundertwende illegal Whisky destilliert. Miltonduff besitzt mittlerweile eine Produktionskapazit\u00e4t von 5,5 Millionen Liter. Fr\u00fcher war sie die gr\u00f6\u00dfte Brennerei der Allied Distillers. Auch nach Pernod Ricards \u00dcbernahme von Allied Domecq besa\u00df die Destillerie immer noch eine der gr\u00f6\u00dften Kapazit\u00e4ten, die nur von Glenlivet \u00fcbertroffen wurde. Das in der Produktion verwendete Wasser wird aus dem Black Burn bezogen. Mosstowie wurde auf zwei Brennblasen produziert, aber seit der Schlie\u00dfung ist die genaue Produktionsmenge nicht mehr nachvollziehbar.<\/p>\n<p><strong>Fun Fakt:<\/strong> In der Miltonduff Destillerie werden zwei Single Malts produziert: Miltonduff und Mosstowie. Die Brennerei hat bisher noch keine offizielle Abf\u00fcllung von Mosstowie ver\u00f6ffentlicht, da dieser haupts\u00e4chlich als Bestandteil der Hiram Walker Blends diente. Der Mosstowie Single Malt wird als Hauptkomponente in einigen Blends verwendet, die im Besitz von Hiram Walker sind, darunter auch der bekannte Blend \u00ab\u00a0Ballantine&rsquo;s\u00a0\u00bb.<\/p>\n<p><strong>Whisky\/Whiskey: 11yo The maltman 2008\/2019<br \/>\n<\/strong>Im Reich der feinen Whiskys sticht der Miltonduff 11yo von The Maltman als Beweis f\u00fcr das Handwerk unabh\u00e4ngiger Abf\u00fcller hervor. Diese besondere Abf\u00fcllung, Fassnummer 5983, wurde im Oktober 2008 destilliert und im Dezember 2019 abgef\u00fcllt und weist eine Reifezeit auf, die ein herrliches Geschmackserlebnis verspricht. Meadowside Blending, der unabh\u00e4ngige Abf\u00fcller hinter der Marke The Maltman, hat diese Abf\u00fcllung sorgf\u00e4ltig zusammengestellt und ihr ein unverwechselbares Madeira-Finish verliehen. Dieser Single Malt Whisky wird mit einem lobenswerten Alkoholgehalt von 50,5 % abgef\u00fcllt und l\u00e4dt Liebhaber ein, sein nuanciertes Profil zu erkunden. Die Marke maltman ist unter der Leitung von Meadowside Blending f\u00fcr ihr Engagement f\u00fcr Qualit\u00e4t und die Kunst der Fassauswahl bekannt. Limitiert auf 337 Flaschen eine einmalige Chance f\u00fcr alle Whiskyliebhaber!<\/p>\n<p><strong>Sidenote zum Abf\u00fcller: Meadowside Blending<\/strong><br \/>\nDie Firma Meadowside Blending wurde 2011 von Donald Hart und seinem Sohn Andrew Hart gegr\u00fcndet. Das Familienunternehmen hat seinen Sitz in Glasgow. Bereits mit 18 Jahren gr\u00fcndete Donald Hart zusammen mit seinem Bruder Iain die Firma Hart Brothers. Die beiden Br\u00fcder waren als Whiskybroker t\u00e4tig, betrieben also einen An- und Verkauf von F\u00e4ssern und fungierten als Kontakt zu den verschiedenen Brennereien. Ein wenig sp\u00e4ter f\u00fchrten die Hart Brothers auch ihren eigenen Blend ein. Nachdem der Bruder Iain aus der Firma ausstieg, wurde 1975 der dritte Bruder Alistair in das Familienunternehmen eingef\u00fchrt. Zusammen mit Alistair begann Donald damit, ausgew\u00e4hlte Einzelf\u00e4sser abzuf\u00fcllen. Hart Brothers fungierte somit als unabh\u00e4ngiger Abf\u00fcller. 2007 wurde das Unternehmen verkauft. Nach dieser \u00c4ra folgte die Gr\u00fcndung der Meadowside Blending Company.<\/p>\n<p><strong>Info Qualit\u00e4t der Flasche:<\/strong> Exzellent &#8211; ohne Besch\u00e4digungen \/ <strong>F\u00fcllstand:<\/strong> Top shoulder<br \/>\n<strong>Info Qualit\u00e4t der Box:\u00a0<\/strong>Exzellent &#8211; ohne Besch\u00e4digungen<\/p>\n<p><strong>Wichtiger Hinweis:<\/strong> Die Bewertung der Flaschen und Boxen erfolgt nach \u201ebesten Wissen und Gewissen\u201c. dramfolks kann keine Gew\u00e4hrleistung f\u00fcr den Inhalt der Flaschen \u00fcbernehmen. Weitere Infos &amp; Hinweise finden Sie in unseren AGBs. Wir empfehlen Ihnen, vor der Abgabe von Geboten \u00fcber die Zoomfunktion eine Besichtigung \/ genaue Pr\u00fcfung des angebotenen Whiskys vorzunehmen. Bitte kontaktieren sie uns bei Fragen direkt unter info@dramfolks.com<\/p>\n","protected":false},"excerpt":{"rendered":"<p>Destille: Miltonduff Miltonduff liegt in der schottischen Speyside. Die Miltonduff Destillerie wurde 1824 von Andrew Peary und Robert Bain gegr\u00fcndet. Auf dem Gel\u00e4nde wurde bereits zuvor seit der Jahrhundertwende illegal Whisky destilliert. Miltonduff besitzt mittlerweile eine Produktionskapazit\u00e4t von 5,5 Millionen Liter. Fr\u00fcher war sie die gr\u00f6\u00dfte Brennerei der Allied Distillers. Auch nach Pernod Ricards \u00dcbernahme[&#8230;]\n","protected":false},"featured_media":858986,"comment_status":"closed","ping_status":"closed","template":"","meta":[],"product_brand":[],"product_cat":[1135],"product_tag":[],"class_list":{"0":"post-3681822","1":"product","2":"type-product","3":"status-publish","4":"has-post-thumbnail","6":"product_cat-no-18","8":"first","9":"instock","10":"shipping-taxable","11":"purchasable","12":"product-type-auction"},"yoast_head":"<!-- This site is optimized with the Yoast SEO plugin v27.0 - https:\/\/yoast.com\/product\/yoast-seo-wordpress\/ -->\n<title>Miltonduff - 11yo The Maltman 2008\/2019 - Dramfolks Whisky Auction<\/title>\n<meta name=\"robots\" content=\"index, follow, max-snippet:-1, max-image-preview:large, max-video-preview:-1\" \/>\n<link rel=\"canonical\" href=\"https:\/\/www.dramfolks-whisky-auction.com\/fr\/product\/miltonduff-11yo-the-maltman-2008-2019-6\/\" \/>\n<meta property=\"og:locale\" content=\"fr_FR\" \/>\n<meta property=\"og:type\" content=\"article\" \/>\n<meta property=\"og:title\" content=\"Miltonduff - 11yo The Maltman 2008\/2019 - Dramfolks Whisky Auction\" \/>\n<meta property=\"og:description\" content=\"Destille: Miltonduff Miltonduff liegt in der schottischen Speyside. Die Miltonduff Destillerie wurde 1824 von Andrew Peary und Robert Bain gegr\u00fcndet. Auf dem Gel\u00e4nde wurde bereits zuvor seit der Jahrhundertwende illegal Whisky destilliert. Miltonduff besitzt mittlerweile eine Produktionskapazit\u00e4t von 5,5 Millionen Liter. Fr\u00fcher war sie die gr\u00f6\u00dfte Brennerei der Allied Distillers. Auch nach Pernod Ricards \u00dcbernahme[...]\" \/>\n<meta property=\"og:url\" content=\"https:\/\/www.dramfolks-whisky-auction.com\/fr\/product\/miltonduff-11yo-the-maltman-2008-2019-6\/\" \/>\n<meta property=\"og:site_name\" content=\"Dramfolks Whisky Auction\" \/>\n<meta property=\"article:modified_time\" content=\"2025-06-28T17:45:39+00:00\" \/>\n<meta property=\"og:image\" content=\"https:\/\/www.dramfolks-whisky-auction.com\/wp-content\/uploads\/2024\/11\/Miltonduff-11yo-vorne-scaled.jpg\" \/>\n\t<meta property=\"og:image:width\" content=\"2560\" \/>\n\t<meta property=\"og:image:height\" content=\"2560\" \/>\n\t<meta property=\"og:image:type\" content=\"image\/jpeg\" \/>\n<meta name=\"twitter:card\" content=\"summary_large_image\" \/>\n<meta name=\"twitter:label1\" content=\"Dur\u00e9e de lecture estim\u00e9e\" \/>\n\t<meta name=\"twitter:data1\" content=\"3 minutes\" \/>\n<script type=\"application\/ld+json\" class=\"yoast-schema-graph\">{\"@context\":\"https:\/\/schema.org\",\"@graph\":[{\"@type\":\"WebPage\",\"@id\":\"https:\/\/www.dramfolks-whisky-auction.com\/fr\/product\/miltonduff-11yo-the-maltman-2008-2019-6\/\",\"url\":\"https:\/\/www.dramfolks-whisky-auction.com\/fr\/product\/miltonduff-11yo-the-maltman-2008-2019-6\/\",\"name\":\"Miltonduff - 11yo The Maltman 2008\/2019 - Dramfolks Whisky Auction\",\"isPartOf\":{\"@id\":\"https:\/\/www.dramfolks-whisky-auction.com\/fr\/#website\"},\"primaryImageOfPage\":{\"@id\":\"https:\/\/www.dramfolks-whisky-auction.com\/fr\/product\/miltonduff-11yo-the-maltman-2008-2019-6\/#primaryimage\"},\"image\":{\"@id\":\"https:\/\/www.dramfolks-whisky-auction.com\/fr\/product\/miltonduff-11yo-the-maltman-2008-2019-6\/#primaryimage\"},\"thumbnailUrl\":\"https:\/\/www.dramfolks-whisky-auction.com\/wp-content\/uploads\/2024\/11\/Miltonduff-11yo-vorne-scaled.jpg\",\"datePublished\":\"2025-06-09T07:00:16+00:00\",\"dateModified\":\"2025-06-28T17:45:39+00:00\",\"breadcrumb\":{\"@id\":\"https:\/\/www.dramfolks-whisky-auction.com\/fr\/product\/miltonduff-11yo-the-maltman-2008-2019-6\/#breadcrumb\"},\"inLanguage\":\"fr-FR\",\"potentialAction\":[{\"@type\":\"ReadAction\",\"target\":[\"https:\/\/www.dramfolks-whisky-auction.com\/fr\/product\/miltonduff-11yo-the-maltman-2008-2019-6\/\"]}]},{\"@type\":\"ImageObject\",\"inLanguage\":\"fr-FR\",\"@id\":\"https:\/\/www.dramfolks-whisky-auction.com\/fr\/product\/miltonduff-11yo-the-maltman-2008-2019-6\/#primaryimage\",\"url\":\"https:\/\/www.dramfolks-whisky-auction.com\/wp-content\/uploads\/2024\/11\/Miltonduff-11yo-vorne-scaled.jpg\",\"contentUrl\":\"https:\/\/www.dramfolks-whisky-auction.com\/wp-content\/uploads\/2024\/11\/Miltonduff-11yo-vorne-scaled.jpg\",\"width\":2560,\"height\":2560},{\"@type\":\"BreadcrumbList\",\"@id\":\"https:\/\/www.dramfolks-whisky-auction.com\/fr\/product\/miltonduff-11yo-the-maltman-2008-2019-6\/#breadcrumb\",\"itemListElement\":[{\"@type\":\"ListItem\",\"position\":1,\"name\":\"Startseite\",\"item\":\"https:\/\/www.dramfolks-whisky-auction.com\/fr\/\"},{\"@type\":\"ListItem\",\"position\":2,\"name\":\"Boutique\",\"item\":\"https:\/\/www.dramfolks-whisky-auction.com\/fr\/boutique\/\"},{\"@type\":\"ListItem\",\"position\":3,\"name\":\"Miltonduff &#8211; 11yo The Maltman 2008\/2019\"}]},{\"@type\":\"WebSite\",\"@id\":\"https:\/\/www.dramfolks-whisky-auction.com\/fr\/#website\",\"url\":\"https:\/\/www.dramfolks-whisky-auction.com\/fr\/\",\"name\":\"Dramfolks Whisky Auction\",\"description\":\"\",\"potentialAction\":[{\"@type\":\"SearchAction\",\"target\":{\"@type\":\"EntryPoint\",\"urlTemplate\":\"https:\/\/www.dramfolks-whisky-auction.com\/fr\/?s={search_term_string}\"},\"query-input\":{\"@type\":\"PropertyValueSpecification\",\"valueRequired\":true,\"valueName\":\"search_term_string\"}}],\"inLanguage\":\"fr-FR\"}]}<\/script>\n<!-- \/ Yoast SEO plugin. -->","yoast_head_json":{"title":"Miltonduff - 11yo The Maltman 2008\/2019 - Dramfolks Whisky Auction","robots":{"index":"index","follow":"follow","max-snippet":"max-snippet:-1","max-image-preview":"max-image-preview:large","max-video-preview":"max-video-preview:-1"},"canonical":"https:\/\/www.dramfolks-whisky-auction.com\/fr\/product\/miltonduff-11yo-the-maltman-2008-2019-6\/","og_locale":"fr_FR","og_type":"article","og_title":"Miltonduff - 11yo The Maltman 2008\/2019 - Dramfolks Whisky Auction","og_description":"Destille: Miltonduff Miltonduff liegt in der schottischen Speyside. Die Miltonduff Destillerie wurde 1824 von Andrew Peary und Robert Bain gegr\u00fcndet. Auf dem Gel\u00e4nde wurde bereits zuvor seit der Jahrhundertwende illegal Whisky destilliert. Miltonduff besitzt mittlerweile eine Produktionskapazit\u00e4t von 5,5 Millionen Liter. Fr\u00fcher war sie die gr\u00f6\u00dfte Brennerei der Allied Distillers. Auch nach Pernod Ricards \u00dcbernahme[...]","og_url":"https:\/\/www.dramfolks-whisky-auction.com\/fr\/product\/miltonduff-11yo-the-maltman-2008-2019-6\/","og_site_name":"Dramfolks Whisky Auction","article_modified_time":"2025-06-28T17:45:39+00:00","og_image":[{"width":2560,"height":2560,"url":"https:\/\/www.dramfolks-whisky-auction.com\/wp-content\/uploads\/2024\/11\/Miltonduff-11yo-vorne-scaled.jpg","type":"image\/jpeg"}],"twitter_card":"summary_large_image","twitter_misc":{"Dur\u00e9e de lecture estim\u00e9e":"3 minutes"},"schema":{"@context":"https:\/\/schema.org","@graph":[{"@type":"WebPage","@id":"https:\/\/www.dramfolks-whisky-auction.com\/fr\/product\/miltonduff-11yo-the-maltman-2008-2019-6\/","url":"https:\/\/www.dramfolks-whisky-auction.com\/fr\/product\/miltonduff-11yo-the-maltman-2008-2019-6\/","name":"Miltonduff - 11yo The Maltman 2008\/2019 - Dramfolks Whisky Auction","isPartOf":{"@id":"https:\/\/www.dramfolks-whisky-auction.com\/fr\/#website"},"primaryImageOfPage":{"@id":"https:\/\/www.dramfolks-whisky-auction.com\/fr\/product\/miltonduff-11yo-the-maltman-2008-2019-6\/#primaryimage"},"image":{"@id":"https:\/\/www.dramfolks-whisky-auction.com\/fr\/product\/miltonduff-11yo-the-maltman-2008-2019-6\/#primaryimage"},"thumbnailUrl":"https:\/\/www.dramfolks-whisky-auction.com\/wp-content\/uploads\/2024\/11\/Miltonduff-11yo-vorne-scaled.jpg","datePublished":"2025-06-09T07:00:16+00:00","dateModified":"2025-06-28T17:45:39+00:00","breadcrumb":{"@id":"https:\/\/www.dramfolks-whisky-auction.com\/fr\/product\/miltonduff-11yo-the-maltman-2008-2019-6\/#breadcrumb"},"inLanguage":"fr-FR","potentialAction":[{"@type":"ReadAction","target":["https:\/\/www.dramfolks-whisky-auction.com\/fr\/product\/miltonduff-11yo-the-maltman-2008-2019-6\/"]}]},{"@type":"ImageObject","inLanguage":"fr-FR","@id":"https:\/\/www.dramfolks-whisky-auction.com\/fr\/product\/miltonduff-11yo-the-maltman-2008-2019-6\/#primaryimage","url":"https:\/\/www.dramfolks-whisky-auction.com\/wp-content\/uploads\/2024\/11\/Miltonduff-11yo-vorne-scaled.jpg","contentUrl":"https:\/\/www.dramfolks-whisky-auction.com\/wp-content\/uploads\/2024\/11\/Miltonduff-11yo-vorne-scaled.jpg","width":2560,"height":2560},{"@type":"BreadcrumbList","@id":"https:\/\/www.dramfolks-whisky-auction.com\/fr\/product\/miltonduff-11yo-the-maltman-2008-2019-6\/#breadcrumb","itemListElement":[{"@type":"ListItem","position":1,"name":"Startseite","item":"https:\/\/www.dramfolks-whisky-auction.com\/fr\/"},{"@type":"ListItem","position":2,"name":"Boutique","item":"https:\/\/www.dramfolks-whisky-auction.com\/fr\/boutique\/"},{"@type":"ListItem","position":3,"name":"Miltonduff &#8211; 11yo The Maltman 2008\/2019"}]},{"@type":"WebSite","@id":"https:\/\/www.dramfolks-whisky-auction.com\/fr\/#website","url":"https:\/\/www.dramfolks-whisky-auction.com\/fr\/","name":"Dramfolks Whisky Auction","description":"","potentialAction":[{"@type":"SearchAction","target":{"@type":"EntryPoint","urlTemplate":"https:\/\/www.dramfolks-whisky-auction.com\/fr\/?s={search_term_string}"},"query-input":{"@type":"PropertyValueSpecification","valueRequired":true,"valueName":"search_term_string"}}],"inLanguage":"fr-FR"}]}},"_links":{"self":[{"href":"https:\/\/www.dramfolks-whisky-auction.com\/fr\/wp-json\/wp\/v2\/product\/3681822","targetHints":{"allow":["GET"]}}],"collection":[{"href":"https:\/\/www.dramfolks-whisky-auction.com\/fr\/wp-json\/wp\/v2\/product"}],"about":[{"href":"https:\/\/www.dramfolks-whisky-auction.com\/fr\/wp-json\/wp\/v2\/types\/product"}],"replies":[{"embeddable":true,"href":"https:\/\/www.dramfolks-whisky-auction.com\/fr\/wp-json\/wp\/v2\/comments?post=3681822"}],"wp:featuredmedia":[{"embeddable":true,"href":"https:\/\/www.dramfolks-whisky-auction.com\/fr\/wp-json\/wp\/v2\/media\/858986"}],"wp:attachment":[{"href":"https:\/\/www.dramfolks-whisky-auction.com\/fr\/wp-json\/wp\/v2\/media?parent=3681822"}],"wp:term":[{"taxonomy":"product_brand","embeddable":true,"href":"https:\/\/www.dramfolks-whisky-auction.com\/fr\/wp-json\/wp\/v2\/product_brand?post=3681822"},{"taxonomy":"product_cat","embeddable":true,"href":"https:\/\/www.dramfolks-whisky-auction.com\/fr\/wp-json\/wp\/v2\/product_cat?post=3681822"},{"taxonomy":"product_tag","embeddable":true,"href":"https:\/\/www.dramfolks-whisky-auction.com\/fr\/wp-json\/wp\/v2\/product_tag?post=3681822"}],"curies":[{"name":"wp","href":"https:\/\/api.w.org\/{rel}","templated":true}]}}