{"id":3577,"date":"2023-08-30T09:50:37","date_gmt":"2023-08-30T07:50:37","guid":{"rendered":"https:\/\/www.dramfolks-whisky-auction.com\/?post_type=product&#038;p=3577"},"modified":"2023-09-17T20:15:06","modified_gmt":"2023-09-17T18:15:06","slug":"glenallachie-10-yo-2009-madeira-cask","status":"publish","type":"product","link":"https:\/\/www.dramfolks-whisky-auction.com\/fr\/product\/glenallachie-10-yo-2009-madeira-cask\/","title":{"rendered":"GlenAllachie &#8211; 10 yo 2009 Madeira Cask"},"content":{"rendered":"<p><strong>Destille: GlenAllachie<br \/>\n<\/strong>GlenAllachie ist eine vergleichsweise noch relativ junge Destille in der schottischen Speyside. Der Name kommt aus dem G\u00e4lischen und bedeutet &lsquo;Tal der Steine&rsquo;. 2017 wurde die <span class=\"tx-datamintslossaryextension-no-replacement\">Brennerei<\/span> von The GlenAllachie Distillers Company Ltd. gekauft, einem Konsortium unter der F\u00fchrung von Billy Walker, Trisha Savage und Graham Stevenson. Die drei zusammen bringen \u00fcber 100 Jahre Erfahrung in der Whiskyindustrie mit ein. Die <span class=\"tx-datamintslossaryextension-no-replacement\">Brennerei<\/span> nutzt ihren Standort und verwendet das ben\u00f6tigte Wasser aus den nahe gelegenen Quellen des Benrinnes. Eine wichtige Besonderheit bei der <span class=\"tx-datamintslossaryextension-no-replacement\">Produktion<\/span> ist die Verwendung von horizontal liegenden Rohrkondensatoren, w\u00e4hrend von den meisten Destillerien stehende verwendet werden. J\u00e4hrliches Produktionsvolumen: ca. 3,2 Mio. Liter.<\/p>\n<p><strong>Fun Fakt: <\/strong>Eine kleine Neuerung war auch das gro\u00dfe &lsquo;A&rsquo; in GlenAllachie, in Anlehnung an GlenDronach und BenRiach, die Billy Walker vorher leitete.<\/p>\n<p><strong>Whisky\/Whiskey: 10 yo 2009 Madeira Cask<br \/>\n<\/strong>GlenAllachie 10 Years 2009 Madeira Cask ist eine geschmackvolle Erg\u00e4nzung des Sortiments dieser Speyside Destillerie. Diese Edition reift vollst\u00e4ndig in Ex-Madeira-F\u00e4ssern, die dem neuen GlenAllachie-Spirit einen raffinierten, s\u00fc\u00dfen und w\u00fcrzigen Touch verleihen. Ein sch\u00f6nes Zusammenspiel von Aromen, bei dem der Stil der Marke durch spezifische Fass-Aromen hervorragend erg\u00e4nzt wird. Es handelt sich hier um Bottle 245 von 309!!!<\/p>\n<p><strong>Info Qualit\u00e4t der Flasche:<\/strong> Exzellent &#8211; ohne Besch\u00e4digungen \/ <strong>F\u00fcllstand: <\/strong>Into neck<br \/>\n<strong>Info Qualit\u00e4t der Box: <\/strong>Exzellent &#8211; ohne Besch\u00e4digungen<\/p>\n<p><strong>Wichtiger Hinweis:<\/strong> Die Bewertung der Flaschen und Boxen erfolgt nach \u201ebesten Wissen und Gewissen\u201c. dramfolks kann keine Gew\u00e4hrleistung f\u00fcr den Inhalt der Flaschen \u00fcbernehmen. Weitere Infos &amp; Hinweise finden Sie in unseren AGBs. Wir empfehlen Ihnen, vor der Abgabe von Geboten \u00fcber die Zoomfunktion eine Besichtigung \/ genaue Pr\u00fcfung des angebotenen Whiskys vorzunehmen. Bitte kontaktieren sie uns bei Fragen direkt unter info@dramfolks.com<\/p>\n","protected":false},"excerpt":{"rendered":"<p>Destille: GlenAllachie GlenAllachie ist eine vergleichsweise noch relativ junge Destille in der schottischen Speyside. Der Name kommt aus dem G\u00e4lischen und bedeutet &lsquo;Tal der Steine&rsquo;. 2017 wurde die Brennerei von The GlenAllachie Distillers Company Ltd. gekauft, einem Konsortium unter der F\u00fchrung von Billy Walker, Trisha Savage und Graham Stevenson. Die drei zusammen bringen \u00fcber 100[&#8230;]\n","protected":false},"featured_media":3632,"comment_status":"closed","ping_status":"closed","template":"","meta":[],"product_brand":[],"product_cat":[539],"product_tag":[],"class_list":{"0":"post-3577","1":"product","2":"type-product","3":"status-publish","4":"has-post-thumbnail","6":"product_cat-no-6","8":"first","9":"instock","10":"shipping-taxable","11":"purchasable","12":"product-type-auction"},"yoast_head":"<!-- This site is optimized with the Yoast SEO plugin v27.4 - https:\/\/yoast.com\/product\/yoast-seo-wordpress\/ -->\n<title>GlenAllachie - 10 yo 2009 Madeira Cask - Dramfolks Whisky Auction<\/title>\n<meta name=\"robots\" content=\"index, follow, max-snippet:-1, max-image-preview:large, max-video-preview:-1\" \/>\n<link rel=\"canonical\" href=\"https:\/\/www.dramfolks-whisky-auction.com\/fr\/product\/glenallachie-10-yo-2009-madeira-cask\/\" \/>\n<meta property=\"og:locale\" content=\"fr_FR\" \/>\n<meta property=\"og:type\" content=\"article\" \/>\n<meta property=\"og:title\" content=\"GlenAllachie - 10 yo 2009 Madeira Cask - Dramfolks Whisky Auction\" \/>\n<meta property=\"og:description\" content=\"Destille: GlenAllachie GlenAllachie ist eine vergleichsweise noch relativ junge Destille in der schottischen Speyside. Der Name kommt aus dem G\u00e4lischen und bedeutet &lsquo;Tal der Steine&rsquo;. 2017 wurde die Brennerei von The GlenAllachie Distillers Company Ltd. gekauft, einem Konsortium unter der F\u00fchrung von Billy Walker, Trisha Savage und Graham Stevenson. Die drei zusammen bringen \u00fcber 100[...]\" \/>\n<meta property=\"og:url\" content=\"https:\/\/www.dramfolks-whisky-auction.com\/fr\/product\/glenallachie-10-yo-2009-madeira-cask\/\" \/>\n<meta property=\"og:site_name\" content=\"Dramfolks Whisky Auction\" \/>\n<meta property=\"article:modified_time\" content=\"2023-09-17T18:15:06+00:00\" \/>\n<meta property=\"og:image\" content=\"https:\/\/www.dramfolks-whisky-auction.com\/wp-content\/uploads\/2023\/08\/Glenallachie-vorne-H-scaled.jpg\" \/>\n\t<meta property=\"og:image:width\" content=\"2560\" \/>\n\t<meta property=\"og:image:height\" content=\"2560\" \/>\n\t<meta property=\"og:image:type\" content=\"image\/jpeg\" \/>\n<meta name=\"twitter:card\" content=\"summary_large_image\" \/>\n<meta name=\"twitter:label1\" content=\"Dur\u00e9e de lecture estim\u00e9e\" \/>\n\t<meta name=\"twitter:data1\" content=\"2 minutes\" \/>\n<script type=\"application\/ld+json\" class=\"yoast-schema-graph\">{\"@context\":\"https:\\\/\\\/schema.org\",\"@graph\":[{\"@type\":\"WebPage\",\"@id\":\"https:\\\/\\\/www.dramfolks-whisky-auction.com\\\/fr\\\/product\\\/glenallachie-10-yo-2009-madeira-cask\\\/\",\"url\":\"https:\\\/\\\/www.dramfolks-whisky-auction.com\\\/fr\\\/product\\\/glenallachie-10-yo-2009-madeira-cask\\\/\",\"name\":\"GlenAllachie - 10 yo 2009 Madeira Cask - Dramfolks Whisky Auction\",\"isPartOf\":{\"@id\":\"https:\\\/\\\/www.dramfolks-whisky-auction.com\\\/fr\\\/#website\"},\"primaryImageOfPage\":{\"@id\":\"https:\\\/\\\/www.dramfolks-whisky-auction.com\\\/fr\\\/product\\\/glenallachie-10-yo-2009-madeira-cask\\\/#primaryimage\"},\"image\":{\"@id\":\"https:\\\/\\\/www.dramfolks-whisky-auction.com\\\/fr\\\/product\\\/glenallachie-10-yo-2009-madeira-cask\\\/#primaryimage\"},\"thumbnailUrl\":\"https:\\\/\\\/www.dramfolks-whisky-auction.com\\\/wp-content\\\/uploads\\\/2023\\\/08\\\/Glenallachie-vorne-H-scaled.jpg\",\"datePublished\":\"2023-08-30T07:50:37+00:00\",\"dateModified\":\"2023-09-17T18:15:06+00:00\",\"breadcrumb\":{\"@id\":\"https:\\\/\\\/www.dramfolks-whisky-auction.com\\\/fr\\\/product\\\/glenallachie-10-yo-2009-madeira-cask\\\/#breadcrumb\"},\"inLanguage\":\"fr-FR\",\"potentialAction\":[{\"@type\":\"ReadAction\",\"target\":[\"https:\\\/\\\/www.dramfolks-whisky-auction.com\\\/fr\\\/product\\\/glenallachie-10-yo-2009-madeira-cask\\\/\"]}]},{\"@type\":\"ImageObject\",\"inLanguage\":\"fr-FR\",\"@id\":\"https:\\\/\\\/www.dramfolks-whisky-auction.com\\\/fr\\\/product\\\/glenallachie-10-yo-2009-madeira-cask\\\/#primaryimage\",\"url\":\"https:\\\/\\\/www.dramfolks-whisky-auction.com\\\/wp-content\\\/uploads\\\/2023\\\/08\\\/Glenallachie-vorne-H-scaled.jpg\",\"contentUrl\":\"https:\\\/\\\/www.dramfolks-whisky-auction.com\\\/wp-content\\\/uploads\\\/2023\\\/08\\\/Glenallachie-vorne-H-scaled.jpg\",\"width\":2560,\"height\":2560},{\"@type\":\"BreadcrumbList\",\"@id\":\"https:\\\/\\\/www.dramfolks-whisky-auction.com\\\/fr\\\/product\\\/glenallachie-10-yo-2009-madeira-cask\\\/#breadcrumb\",\"itemListElement\":[{\"@type\":\"ListItem\",\"position\":1,\"name\":\"Startseite\",\"item\":\"https:\\\/\\\/www.dramfolks-whisky-auction.com\\\/fr\\\/\"},{\"@type\":\"ListItem\",\"position\":2,\"name\":\"Boutique\",\"item\":\"https:\\\/\\\/www.dramfolks-whisky-auction.com\\\/fr\\\/boutique\\\/\"},{\"@type\":\"ListItem\",\"position\":3,\"name\":\"GlenAllachie &#8211; 10 yo 2009 Madeira Cask\"}]},{\"@type\":\"WebSite\",\"@id\":\"https:\\\/\\\/www.dramfolks-whisky-auction.com\\\/fr\\\/#website\",\"url\":\"https:\\\/\\\/www.dramfolks-whisky-auction.com\\\/fr\\\/\",\"name\":\"Dramfolks Whisky Auction\",\"description\":\"\",\"potentialAction\":[{\"@type\":\"SearchAction\",\"target\":{\"@type\":\"EntryPoint\",\"urlTemplate\":\"https:\\\/\\\/www.dramfolks-whisky-auction.com\\\/fr\\\/?s={search_term_string}\"},\"query-input\":{\"@type\":\"PropertyValueSpecification\",\"valueRequired\":true,\"valueName\":\"search_term_string\"}}],\"inLanguage\":\"fr-FR\"}]}<\/script>\n<!-- \/ Yoast SEO plugin. -->","yoast_head_json":{"title":"GlenAllachie - 10 yo 2009 Madeira Cask - Dramfolks Whisky Auction","robots":{"index":"index","follow":"follow","max-snippet":"max-snippet:-1","max-image-preview":"max-image-preview:large","max-video-preview":"max-video-preview:-1"},"canonical":"https:\/\/www.dramfolks-whisky-auction.com\/fr\/product\/glenallachie-10-yo-2009-madeira-cask\/","og_locale":"fr_FR","og_type":"article","og_title":"GlenAllachie - 10 yo 2009 Madeira Cask - Dramfolks Whisky Auction","og_description":"Destille: GlenAllachie GlenAllachie ist eine vergleichsweise noch relativ junge Destille in der schottischen Speyside. Der Name kommt aus dem G\u00e4lischen und bedeutet &lsquo;Tal der Steine&rsquo;. 2017 wurde die Brennerei von The GlenAllachie Distillers Company Ltd. gekauft, einem Konsortium unter der F\u00fchrung von Billy Walker, Trisha Savage und Graham Stevenson. Die drei zusammen bringen \u00fcber 100[...]","og_url":"https:\/\/www.dramfolks-whisky-auction.com\/fr\/product\/glenallachie-10-yo-2009-madeira-cask\/","og_site_name":"Dramfolks Whisky Auction","article_modified_time":"2023-09-17T18:15:06+00:00","og_image":[{"width":2560,"height":2560,"url":"https:\/\/www.dramfolks-whisky-auction.com\/wp-content\/uploads\/2023\/08\/Glenallachie-vorne-H-scaled.jpg","type":"image\/jpeg"}],"twitter_card":"summary_large_image","twitter_misc":{"Dur\u00e9e de lecture estim\u00e9e":"2 minutes"},"schema":{"@context":"https:\/\/schema.org","@graph":[{"@type":"WebPage","@id":"https:\/\/www.dramfolks-whisky-auction.com\/fr\/product\/glenallachie-10-yo-2009-madeira-cask\/","url":"https:\/\/www.dramfolks-whisky-auction.com\/fr\/product\/glenallachie-10-yo-2009-madeira-cask\/","name":"GlenAllachie - 10 yo 2009 Madeira Cask - Dramfolks Whisky Auction","isPartOf":{"@id":"https:\/\/www.dramfolks-whisky-auction.com\/fr\/#website"},"primaryImageOfPage":{"@id":"https:\/\/www.dramfolks-whisky-auction.com\/fr\/product\/glenallachie-10-yo-2009-madeira-cask\/#primaryimage"},"image":{"@id":"https:\/\/www.dramfolks-whisky-auction.com\/fr\/product\/glenallachie-10-yo-2009-madeira-cask\/#primaryimage"},"thumbnailUrl":"https:\/\/www.dramfolks-whisky-auction.com\/wp-content\/uploads\/2023\/08\/Glenallachie-vorne-H-scaled.jpg","datePublished":"2023-08-30T07:50:37+00:00","dateModified":"2023-09-17T18:15:06+00:00","breadcrumb":{"@id":"https:\/\/www.dramfolks-whisky-auction.com\/fr\/product\/glenallachie-10-yo-2009-madeira-cask\/#breadcrumb"},"inLanguage":"fr-FR","potentialAction":[{"@type":"ReadAction","target":["https:\/\/www.dramfolks-whisky-auction.com\/fr\/product\/glenallachie-10-yo-2009-madeira-cask\/"]}]},{"@type":"ImageObject","inLanguage":"fr-FR","@id":"https:\/\/www.dramfolks-whisky-auction.com\/fr\/product\/glenallachie-10-yo-2009-madeira-cask\/#primaryimage","url":"https:\/\/www.dramfolks-whisky-auction.com\/wp-content\/uploads\/2023\/08\/Glenallachie-vorne-H-scaled.jpg","contentUrl":"https:\/\/www.dramfolks-whisky-auction.com\/wp-content\/uploads\/2023\/08\/Glenallachie-vorne-H-scaled.jpg","width":2560,"height":2560},{"@type":"BreadcrumbList","@id":"https:\/\/www.dramfolks-whisky-auction.com\/fr\/product\/glenallachie-10-yo-2009-madeira-cask\/#breadcrumb","itemListElement":[{"@type":"ListItem","position":1,"name":"Startseite","item":"https:\/\/www.dramfolks-whisky-auction.com\/fr\/"},{"@type":"ListItem","position":2,"name":"Boutique","item":"https:\/\/www.dramfolks-whisky-auction.com\/fr\/boutique\/"},{"@type":"ListItem","position":3,"name":"GlenAllachie &#8211; 10 yo 2009 Madeira Cask"}]},{"@type":"WebSite","@id":"https:\/\/www.dramfolks-whisky-auction.com\/fr\/#website","url":"https:\/\/www.dramfolks-whisky-auction.com\/fr\/","name":"Dramfolks Whisky Auction","description":"","potentialAction":[{"@type":"SearchAction","target":{"@type":"EntryPoint","urlTemplate":"https:\/\/www.dramfolks-whisky-auction.com\/fr\/?s={search_term_string}"},"query-input":{"@type":"PropertyValueSpecification","valueRequired":true,"valueName":"search_term_string"}}],"inLanguage":"fr-FR"}]}},"_links":{"self":[{"href":"https:\/\/www.dramfolks-whisky-auction.com\/fr\/wp-json\/wp\/v2\/product\/3577","targetHints":{"allow":["GET"]}}],"collection":[{"href":"https:\/\/www.dramfolks-whisky-auction.com\/fr\/wp-json\/wp\/v2\/product"}],"about":[{"href":"https:\/\/www.dramfolks-whisky-auction.com\/fr\/wp-json\/wp\/v2\/types\/product"}],"replies":[{"embeddable":true,"href":"https:\/\/www.dramfolks-whisky-auction.com\/fr\/wp-json\/wp\/v2\/comments?post=3577"}],"wp:featuredmedia":[{"embeddable":true,"href":"https:\/\/www.dramfolks-whisky-auction.com\/fr\/wp-json\/wp\/v2\/media\/3632"}],"wp:attachment":[{"href":"https:\/\/www.dramfolks-whisky-auction.com\/fr\/wp-json\/wp\/v2\/media?parent=3577"}],"wp:term":[{"taxonomy":"product_brand","embeddable":true,"href":"https:\/\/www.dramfolks-whisky-auction.com\/fr\/wp-json\/wp\/v2\/product_brand?post=3577"},{"taxonomy":"product_cat","embeddable":true,"href":"https:\/\/www.dramfolks-whisky-auction.com\/fr\/wp-json\/wp\/v2\/product_cat?post=3577"},{"taxonomy":"product_tag","embeddable":true,"href":"https:\/\/www.dramfolks-whisky-auction.com\/fr\/wp-json\/wp\/v2\/product_tag?post=3577"}],"curies":[{"name":"wp","href":"https:\/\/api.w.org\/{rel}","templated":true}]}}