{"id":326681,"date":"2024-08-31T07:34:42","date_gmt":"2024-08-31T05:34:42","guid":{"rendered":"https:\/\/www.dramfolks-whisky-auction.com\/?post_type=product&#038;p=326681"},"modified":"2025-03-25T19:17:30","modified_gmt":"2025-03-25T18:17:30","slug":"dailuaine-distillery-12yo-smos-elixir-distillers-2","status":"publish","type":"product","link":"https:\/\/www.dramfolks-whisky-auction.com\/fr\/product\/dailuaine-distillery-12yo-smos-elixir-distillers-2\/","title":{"rendered":"Dailuaine Distillery &#8211; 12yo SMoS (Elixir Distillers)"},"content":{"rendered":"<p><strong>Destille: Dailuaine Distillery<br \/>\n<\/strong>Der Name Dailuaine leitet sich vom g\u00e4lischen \u00ab\u00a0An dail uaine\u00a0\u00bb ab, was \u00ab\u00a0gr\u00fcnes Tal\u00a0\u00bb bedeutet. Gegr\u00fcndet wurde diese Brennerei im Jahr 1852 von William Mackenzie. Wenn man den idyllischen Standort der Brennerei im geschwungenen Tal des Flusses Spey bedenkt, ist die Wahl des Namens recht einleuchtend. Das Wasser f\u00fcr Dailuaine stammt vom Bailliemullich Burn, der an der Brennerei vorbei flie\u00dft. Single Malt Abf\u00fcllungen von der landschaftlich sch\u00f6n gelegenen Speyside-Brennerei Dailuaine gibt es nur wenige. Die Brennerei bringt nur eine Handvoll offizieller Abf\u00fcllungen \u00fcber die Flora &amp; Fauna-Serie und hin und wieder in der \u00ab\u00a0Manager&rsquo;s Drams\u00a0\u00bb-Reihe heraus. Es gibt mittlerweile mehr unabh\u00e4ngige Abf\u00fcllungen, wobei Gordon &amp; MacPhail hier den wichtigsten Abf\u00fcller darstellt. Nur ca. zwei Prozent des produzierten Whiskys werden als Single Malt vermarktet, der Rest wird f\u00fcr den Blended Whisky Johnnie Walker verwendet. Seit Dailuaine 1987 von United Destillers (heute Diageo) \u00fcbernommen wurde, erh\u00f6hte die Brennerei ihren j\u00e4hrlichen Aussto\u00df von 2,75 Millionen Litern im Jahr 1991 auf heute 3,3 Millionen Liter. Im Jahr 2013 investierte Diageo 6 Millionen Pfund in eine hochmoderne Bioenergieanlage in der Brennerei.<\/p>\n<p><strong>Fun Fakt:\u00a0<\/strong>1889 wurde Dailuaine, damals eine der gr\u00f6\u00dften Destillen der Highlands, als erste Brennerei mit einem von Charles Doig entworfenen \u00ab\u00a0Pagoden-Dach\u00a0\u00bb ausgestattet. Viele andere Brennereien folgten diesem Beispiel, u.a. Aberlour, Ardbeg und Benriach. Dieses architektonische Juwel zielte darauf ab die bestehenden Standards f\u00fcr die Ableitung des Torfrauchs erheblich zu verbessern.<\/p>\n<p><strong>Whisky\/Whiskey: 12yo SMoS (Elixir Distillers)<br \/>\n<\/strong>Der Dailuaine 12 years ist ein Single Cask Whisky, der exklusiv f\u00fcr DrankDozijn herausgebracht wurde. Die Destillation erfolgte am 5. Oktober 2009, bevor dieser Whisky seine 12 Jahre lange Reifezeit begann. Diese Reifezeit erfolgte vollst\u00e4ndig in einem einzigen Hogshead (Cak No. 787), bevor der Whisky am 2. September 2022 abgef\u00fcllt wurde. Limitiert auf nur 198 Flaschen mit 54,7 % alc. vol.!! Whisky-Experten-Verkoster vernehmen hier Akzente von Fr\u00fcchten, S\u00fc\u00dfem, Vanille, Malz, N\u00fcssen und ein Hauch Gew\u00fcrze begegnen Ihnen unter anderem in diesem Whisky.<\/p>\n<p><strong>Sidenote zum Abf\u00fcller:\u00a0<\/strong>Der Unabh\u00e4ngige Abf\u00fcller Elixir Distillers ist einer der f\u00fchrende Anbieter von Whiskys und Spirituosen. Das Unternehmen wurde 1999 von Sukhinder und Rajbir Singh gegr\u00fcndet, den Besitzern des weltweit gr\u00f6\u00dften Whisky- und Spirituosenh\u00e4ndlers The Whiskey Exchange. Ein Familienunternehmen das sich immer auf au\u00dfergew\u00f6hnliche Abf\u00fcllungen konzentriert.<\/p>\n<p><strong>Info Qualit\u00e4t der Flasche:<\/strong> Exzellent &#8211; ohne Besch\u00e4digungen \/ <strong>F\u00fcllstand:<\/strong> Into neck<br \/>\n<strong>Info Qualit\u00e4t der Box:\u00a0<\/strong>Exzellent &#8211; ohne Besch\u00e4digungen<\/p>\n<p><strong>Wichtiger Hinweis:<\/strong> Die Bewertung der Flaschen und Boxen erfolgt nach \u201ebesten Wissen und Gewissen\u201c. dramfolks kann keine Gew\u00e4hrleistung f\u00fcr den Inhalt der Flaschen \u00fcbernehmen. Weitere Infos &amp; Hinweise finden Sie in unseren AGBs. Wir empfehlen Ihnen, vor der Abgabe von Geboten \u00fcber die Zoomfunktion eine Besichtigung \/ genaue Pr\u00fcfung des angebotenen Whiskys vorzunehmen. Bitte kontaktieren sie uns bei Fragen direkt unter info@dramfolks.com<\/p>\n","protected":false},"excerpt":{"rendered":"<div class=\"product-short-description\">\n<p><strong>After-Auction-Market by dramfolks<\/strong><\/p>\n<p>Dies ist keine laufende Auktion! \u00dcber den \u201eJetzt Kaufen\u201c-Button direkt erwerben oder dein Gebot ist ein alternativer Preisvorschlag (Maximalgebot)!<\/p>\n<\/div>\n","protected":false},"featured_media":1113033,"comment_status":"closed","ping_status":"closed","template":"","meta":[],"product_brand":[],"product_cat":[1099],"product_tag":[],"class_list":{"0":"post-326681","1":"product","2":"type-product","3":"status-publish","4":"has-post-thumbnail","6":"product_cat-aam-sold-out","8":"first","9":"instock","10":"shipping-taxable","11":"purchasable","12":"product-type-auction"},"yoast_head":"<!-- This site is optimized with the Yoast SEO plugin v27.0 - https:\/\/yoast.com\/product\/yoast-seo-wordpress\/ -->\n<title>Dailuaine Distillery - 12yo SMoS (Elixir Distillers) - Dramfolks Whisky Auction<\/title>\n<meta name=\"robots\" content=\"index, follow, max-snippet:-1, max-image-preview:large, max-video-preview:-1\" \/>\n<link rel=\"canonical\" href=\"https:\/\/www.dramfolks-whisky-auction.com\/fr\/product\/dailuaine-distillery-12yo-smos-elixir-distillers-2\/\" \/>\n<meta property=\"og:locale\" content=\"fr_FR\" \/>\n<meta property=\"og:type\" content=\"article\" \/>\n<meta property=\"og:title\" content=\"Dailuaine Distillery - 12yo SMoS (Elixir Distillers) - Dramfolks Whisky Auction\" \/>\n<meta property=\"og:description\" content=\"After-Auction-Market by dramfolks  Dies ist keine laufende Auktion! \u00dcber den \u201eJetzt Kaufen\u201c-Button direkt erwerben oder dein Gebot ist ein alternativer Preisvorschlag (Maximalgebot)!\" \/>\n<meta property=\"og:url\" content=\"https:\/\/www.dramfolks-whisky-auction.com\/fr\/product\/dailuaine-distillery-12yo-smos-elixir-distillers-2\/\" \/>\n<meta property=\"og:site_name\" content=\"Dramfolks Whisky Auction\" \/>\n<meta property=\"article:modified_time\" content=\"2025-03-25T18:17:30+00:00\" \/>\n<meta property=\"og:image\" content=\"https:\/\/www.dramfolks-whisky-auction.com\/wp-content\/uploads\/2024\/08\/Dailuaine-Sold-Out.png\" \/>\n\t<meta property=\"og:image:width\" content=\"1080\" \/>\n\t<meta property=\"og:image:height\" content=\"1080\" \/>\n\t<meta property=\"og:image:type\" content=\"image\/png\" \/>\n<meta name=\"twitter:card\" content=\"summary_large_image\" \/>\n<meta name=\"twitter:label1\" content=\"Dur\u00e9e de lecture estim\u00e9e\" \/>\n\t<meta name=\"twitter:data1\" content=\"3 minutes\" \/>\n<script type=\"application\/ld+json\" class=\"yoast-schema-graph\">{\"@context\":\"https:\/\/schema.org\",\"@graph\":[{\"@type\":\"WebPage\",\"@id\":\"https:\/\/www.dramfolks-whisky-auction.com\/fr\/product\/dailuaine-distillery-12yo-smos-elixir-distillers-2\/\",\"url\":\"https:\/\/www.dramfolks-whisky-auction.com\/fr\/product\/dailuaine-distillery-12yo-smos-elixir-distillers-2\/\",\"name\":\"Dailuaine Distillery - 12yo SMoS (Elixir Distillers) - Dramfolks Whisky Auction\",\"isPartOf\":{\"@id\":\"https:\/\/www.dramfolks-whisky-auction.com\/fr\/#website\"},\"primaryImageOfPage\":{\"@id\":\"https:\/\/www.dramfolks-whisky-auction.com\/fr\/product\/dailuaine-distillery-12yo-smos-elixir-distillers-2\/#primaryimage\"},\"image\":{\"@id\":\"https:\/\/www.dramfolks-whisky-auction.com\/fr\/product\/dailuaine-distillery-12yo-smos-elixir-distillers-2\/#primaryimage\"},\"thumbnailUrl\":\"https:\/\/www.dramfolks-whisky-auction.com\/wp-content\/uploads\/2024\/08\/Dailuaine-Sold-Out.png\",\"datePublished\":\"2024-08-31T05:34:42+00:00\",\"dateModified\":\"2025-03-25T18:17:30+00:00\",\"breadcrumb\":{\"@id\":\"https:\/\/www.dramfolks-whisky-auction.com\/fr\/product\/dailuaine-distillery-12yo-smos-elixir-distillers-2\/#breadcrumb\"},\"inLanguage\":\"fr-FR\",\"potentialAction\":[{\"@type\":\"ReadAction\",\"target\":[\"https:\/\/www.dramfolks-whisky-auction.com\/fr\/product\/dailuaine-distillery-12yo-smos-elixir-distillers-2\/\"]}]},{\"@type\":\"ImageObject\",\"inLanguage\":\"fr-FR\",\"@id\":\"https:\/\/www.dramfolks-whisky-auction.com\/fr\/product\/dailuaine-distillery-12yo-smos-elixir-distillers-2\/#primaryimage\",\"url\":\"https:\/\/www.dramfolks-whisky-auction.com\/wp-content\/uploads\/2024\/08\/Dailuaine-Sold-Out.png\",\"contentUrl\":\"https:\/\/www.dramfolks-whisky-auction.com\/wp-content\/uploads\/2024\/08\/Dailuaine-Sold-Out.png\",\"width\":1080,\"height\":1080},{\"@type\":\"BreadcrumbList\",\"@id\":\"https:\/\/www.dramfolks-whisky-auction.com\/fr\/product\/dailuaine-distillery-12yo-smos-elixir-distillers-2\/#breadcrumb\",\"itemListElement\":[{\"@type\":\"ListItem\",\"position\":1,\"name\":\"Startseite\",\"item\":\"https:\/\/www.dramfolks-whisky-auction.com\/fr\/\"},{\"@type\":\"ListItem\",\"position\":2,\"name\":\"Boutique\",\"item\":\"https:\/\/www.dramfolks-whisky-auction.com\/fr\/boutique\/\"},{\"@type\":\"ListItem\",\"position\":3,\"name\":\"Dailuaine Distillery &#8211; 12yo SMoS (Elixir Distillers)\"}]},{\"@type\":\"WebSite\",\"@id\":\"https:\/\/www.dramfolks-whisky-auction.com\/fr\/#website\",\"url\":\"https:\/\/www.dramfolks-whisky-auction.com\/fr\/\",\"name\":\"Dramfolks Whisky Auction\",\"description\":\"\",\"potentialAction\":[{\"@type\":\"SearchAction\",\"target\":{\"@type\":\"EntryPoint\",\"urlTemplate\":\"https:\/\/www.dramfolks-whisky-auction.com\/fr\/?s={search_term_string}\"},\"query-input\":{\"@type\":\"PropertyValueSpecification\",\"valueRequired\":true,\"valueName\":\"search_term_string\"}}],\"inLanguage\":\"fr-FR\"}]}<\/script>\n<!-- \/ Yoast SEO plugin. -->","yoast_head_json":{"title":"Dailuaine Distillery - 12yo SMoS (Elixir Distillers) - Dramfolks Whisky Auction","robots":{"index":"index","follow":"follow","max-snippet":"max-snippet:-1","max-image-preview":"max-image-preview:large","max-video-preview":"max-video-preview:-1"},"canonical":"https:\/\/www.dramfolks-whisky-auction.com\/fr\/product\/dailuaine-distillery-12yo-smos-elixir-distillers-2\/","og_locale":"fr_FR","og_type":"article","og_title":"Dailuaine Distillery - 12yo SMoS (Elixir Distillers) - Dramfolks Whisky Auction","og_description":"After-Auction-Market by dramfolks  Dies ist keine laufende Auktion! \u00dcber den \u201eJetzt Kaufen\u201c-Button direkt erwerben oder dein Gebot ist ein alternativer Preisvorschlag (Maximalgebot)!","og_url":"https:\/\/www.dramfolks-whisky-auction.com\/fr\/product\/dailuaine-distillery-12yo-smos-elixir-distillers-2\/","og_site_name":"Dramfolks Whisky Auction","article_modified_time":"2025-03-25T18:17:30+00:00","og_image":[{"width":1080,"height":1080,"url":"https:\/\/www.dramfolks-whisky-auction.com\/wp-content\/uploads\/2024\/08\/Dailuaine-Sold-Out.png","type":"image\/png"}],"twitter_card":"summary_large_image","twitter_misc":{"Dur\u00e9e de lecture estim\u00e9e":"3 minutes"},"schema":{"@context":"https:\/\/schema.org","@graph":[{"@type":"WebPage","@id":"https:\/\/www.dramfolks-whisky-auction.com\/fr\/product\/dailuaine-distillery-12yo-smos-elixir-distillers-2\/","url":"https:\/\/www.dramfolks-whisky-auction.com\/fr\/product\/dailuaine-distillery-12yo-smos-elixir-distillers-2\/","name":"Dailuaine Distillery - 12yo SMoS (Elixir Distillers) - Dramfolks Whisky Auction","isPartOf":{"@id":"https:\/\/www.dramfolks-whisky-auction.com\/fr\/#website"},"primaryImageOfPage":{"@id":"https:\/\/www.dramfolks-whisky-auction.com\/fr\/product\/dailuaine-distillery-12yo-smos-elixir-distillers-2\/#primaryimage"},"image":{"@id":"https:\/\/www.dramfolks-whisky-auction.com\/fr\/product\/dailuaine-distillery-12yo-smos-elixir-distillers-2\/#primaryimage"},"thumbnailUrl":"https:\/\/www.dramfolks-whisky-auction.com\/wp-content\/uploads\/2024\/08\/Dailuaine-Sold-Out.png","datePublished":"2024-08-31T05:34:42+00:00","dateModified":"2025-03-25T18:17:30+00:00","breadcrumb":{"@id":"https:\/\/www.dramfolks-whisky-auction.com\/fr\/product\/dailuaine-distillery-12yo-smos-elixir-distillers-2\/#breadcrumb"},"inLanguage":"fr-FR","potentialAction":[{"@type":"ReadAction","target":["https:\/\/www.dramfolks-whisky-auction.com\/fr\/product\/dailuaine-distillery-12yo-smos-elixir-distillers-2\/"]}]},{"@type":"ImageObject","inLanguage":"fr-FR","@id":"https:\/\/www.dramfolks-whisky-auction.com\/fr\/product\/dailuaine-distillery-12yo-smos-elixir-distillers-2\/#primaryimage","url":"https:\/\/www.dramfolks-whisky-auction.com\/wp-content\/uploads\/2024\/08\/Dailuaine-Sold-Out.png","contentUrl":"https:\/\/www.dramfolks-whisky-auction.com\/wp-content\/uploads\/2024\/08\/Dailuaine-Sold-Out.png","width":1080,"height":1080},{"@type":"BreadcrumbList","@id":"https:\/\/www.dramfolks-whisky-auction.com\/fr\/product\/dailuaine-distillery-12yo-smos-elixir-distillers-2\/#breadcrumb","itemListElement":[{"@type":"ListItem","position":1,"name":"Startseite","item":"https:\/\/www.dramfolks-whisky-auction.com\/fr\/"},{"@type":"ListItem","position":2,"name":"Boutique","item":"https:\/\/www.dramfolks-whisky-auction.com\/fr\/boutique\/"},{"@type":"ListItem","position":3,"name":"Dailuaine Distillery &#8211; 12yo SMoS (Elixir Distillers)"}]},{"@type":"WebSite","@id":"https:\/\/www.dramfolks-whisky-auction.com\/fr\/#website","url":"https:\/\/www.dramfolks-whisky-auction.com\/fr\/","name":"Dramfolks Whisky Auction","description":"","potentialAction":[{"@type":"SearchAction","target":{"@type":"EntryPoint","urlTemplate":"https:\/\/www.dramfolks-whisky-auction.com\/fr\/?s={search_term_string}"},"query-input":{"@type":"PropertyValueSpecification","valueRequired":true,"valueName":"search_term_string"}}],"inLanguage":"fr-FR"}]}},"_links":{"self":[{"href":"https:\/\/www.dramfolks-whisky-auction.com\/fr\/wp-json\/wp\/v2\/product\/326681","targetHints":{"allow":["GET"]}}],"collection":[{"href":"https:\/\/www.dramfolks-whisky-auction.com\/fr\/wp-json\/wp\/v2\/product"}],"about":[{"href":"https:\/\/www.dramfolks-whisky-auction.com\/fr\/wp-json\/wp\/v2\/types\/product"}],"replies":[{"embeddable":true,"href":"https:\/\/www.dramfolks-whisky-auction.com\/fr\/wp-json\/wp\/v2\/comments?post=326681"}],"wp:featuredmedia":[{"embeddable":true,"href":"https:\/\/www.dramfolks-whisky-auction.com\/fr\/wp-json\/wp\/v2\/media\/1113033"}],"wp:attachment":[{"href":"https:\/\/www.dramfolks-whisky-auction.com\/fr\/wp-json\/wp\/v2\/media?parent=326681"}],"wp:term":[{"taxonomy":"product_brand","embeddable":true,"href":"https:\/\/www.dramfolks-whisky-auction.com\/fr\/wp-json\/wp\/v2\/product_brand?post=326681"},{"taxonomy":"product_cat","embeddable":true,"href":"https:\/\/www.dramfolks-whisky-auction.com\/fr\/wp-json\/wp\/v2\/product_cat?post=326681"},{"taxonomy":"product_tag","embeddable":true,"href":"https:\/\/www.dramfolks-whisky-auction.com\/fr\/wp-json\/wp\/v2\/product_tag?post=326681"}],"curies":[{"name":"wp","href":"https:\/\/api.w.org\/{rel}","templated":true}]}}