{"id":326672,"date":"2024-08-31T07:22:07","date_gmt":"2024-08-31T05:22:07","guid":{"rendered":"https:\/\/www.dramfolks-whisky-auction.com\/?post_type=product&#038;p=326672"},"modified":"2025-03-25T19:18:34","modified_gmt":"2025-03-25T18:18:34","slug":"walsh-whiskey-distillery-writers-tears-marsala-cask-finish-4","status":"publish","type":"product","link":"https:\/\/www.dramfolks-whisky-auction.com\/fr\/product\/walsh-whiskey-distillery-writers-tears-marsala-cask-finish-4\/","title":{"rendered":"Walsh Whiskey Distillery &#8211; Writers Tears Marsala Cask Finish"},"content":{"rendered":"<p><strong>Destille: Walsh Whiskey Distillery<br \/>\n<\/strong>Die Destille liegt in Royal Oak, County Carlow, ca. eine Autostunde von Dublin entfernt. Im September 2014 begannen die Bauarbeiten f\u00fcr die <span class=\"tx-datamintslossaryextension-no-replacement\">Brennerei<\/span>. Diese wurden im Dezember 2015 abgeschlossen.\u00a02016 wurde die Produktion mit einer Kapazit\u00e4t von 400.000 F\u00e4ssern j\u00e4hrlich aufgenommen.\u00a0Zwei Produktionslinien destillieren sowohl im Pot-Still-, als auch im Patent-Still-Verfahren (Column Stills) irischen Whiskey und erm\u00f6glichen damit die <span class=\"tx-datamintslossaryextension-no-replacement\">Herstellung<\/span> von Pot-, Malt-, Grain- und Blended <span class=\"tx-datamintslossaryextension-no-replacement\">Whiskey<\/span>. Die Lagerh\u00e4user wurden an den Ufern des Flusses Barrow errichtet.<\/p>\n<p><strong>Fun Fakt:\u00a0<\/strong>Die Walsh Whiskey Distillery stellten den Writers Tears mit traditionellen Methoden her. Er ist ein dreifach destillierter Whiskey und ein 100% Pot-Still Blend dazu. Das hei\u00dft es ist kein Grain-Whiskey enthalten (aus Mais gebrannt). Writers Tears enth\u00e4lt Pure Pot Still Whiskey (gebrannt aus gem\u00e4lzter und ungem\u00e4lzter Gerste), sowie Single Malt Whiskey (aus gem\u00e4lzter Gerste).<\/p>\n<p><strong>Whisky\/Whiskey: Writers\u2019 Tears Marsala Cask Finish<br \/>\n<\/strong>Es handelt es sich um eine streng limitierte Abf\u00fcllung. Es gibt 2 Besonderheiten die diesen Irish Whiskey so auszeichnen. Zum einen ist es die Tatsache, dass dieser 3-fach destilliert Single Malt und Pot Still Whiskey f\u00fcr 12 Monate in sorgsam ausgew\u00e4hlten Marsala F\u00e4ssern nachreifen durfte. Zum anderen ist es der Alkoholgehalt, der mit 45% Vol. deutlich kr\u00e4ftiger ausf\u00e4llt als bei der Standardabf\u00fcllung dieser Destillerie. Lediglich 5 F\u00e4sser dieses exklusiven Writers\u2019 Tears Irish Whiskey wurden abgef\u00fcllt. Daher \u00fcberrascht es nicht, dass er schnell zu einem begehrten Sammlerobjekt aufgestiegen ist. Aber diesen fantastischen Whiskey aus der Walsh Whiskey Destillerie sollte man Genie\u00dfen, denn seine fruchtige, volumin\u00f6se Aromatik ist unserer Meinung nach ein Highlight im Sortiment der Irischen Destillerien. Die Marsala F\u00e4sser stammen von dem renommierten Weingut Cantine Florio das in Sizilien fantastische Marsala Weine produziert.<\/p>\n<p><strong>Info Qualit\u00e4t der Flasche:<\/strong> Exzellent &#8211; ohne Besch\u00e4digungen \/ <strong>F\u00fcllstand:<\/strong> Top shoulder<br \/>\n<strong>Info Qualit\u00e4t der Box:<\/strong> Exzellent &#8211; ohne Besch\u00e4digungen<\/p>\n<p><strong>Wichtiger Hinweis:<\/strong> Die Bewertung der Flaschen und Boxen erfolgt nach \u201ebesten Wissen und Gewissen\u201c. dramfolks kann keine Gew\u00e4hrleistung f\u00fcr den Inhalt der Flaschen \u00fcbernehmen. Weitere Infos &amp; Hinweise finden Sie in unseren AGBs. Wir empfehlen Ihnen, vor der Abgabe von Geboten \u00fcber die Zoomfunktion eine Besichtigung \/ genaue Pr\u00fcfung des angebotenen Whiskys vorzunehmen. Bitte kontaktieren sie uns bei Fragen direkt unter info@dramfolks.com<\/p>\n","protected":false},"excerpt":{"rendered":"<div class=\"product-short-description\">\n<p><strong>After-Auction-Market by dramfolks<\/strong><\/p>\n<p>Dies ist keine laufende Auktion! \u00dcber den \u201eJetzt Kaufen\u201c-Button direkt erwerben oder dein Gebot ist ein alternativer Preisvorschlag (Maximalgebot)!<\/p>\n<\/div>\n","protected":false},"featured_media":2895136,"comment_status":"closed","ping_status":"closed","template":"","meta":[],"product_brand":[],"product_cat":[1099],"product_tag":[],"class_list":{"0":"post-326672","1":"product","2":"type-product","3":"status-publish","4":"has-post-thumbnail","6":"product_cat-aam-sold-out","8":"first","9":"instock","10":"shipping-taxable","11":"purchasable","12":"product-type-auction"},"yoast_head":"<!-- This site is optimized with the Yoast SEO plugin v27.0 - https:\/\/yoast.com\/product\/yoast-seo-wordpress\/ -->\n<title>Walsh Whiskey Distillery - Writers Tears Marsala Cask Finish - Dramfolks Whisky Auction<\/title>\n<meta name=\"robots\" content=\"index, follow, max-snippet:-1, max-image-preview:large, max-video-preview:-1\" \/>\n<link rel=\"canonical\" href=\"https:\/\/www.dramfolks-whisky-auction.com\/fr\/product\/walsh-whiskey-distillery-writers-tears-marsala-cask-finish-4\/\" \/>\n<meta property=\"og:locale\" content=\"fr_FR\" \/>\n<meta property=\"og:type\" content=\"article\" \/>\n<meta property=\"og:title\" content=\"Walsh Whiskey Distillery - Writers Tears Marsala Cask Finish - Dramfolks Whisky Auction\" \/>\n<meta property=\"og:description\" content=\"After-Auction-Market by dramfolks  Dies ist keine laufende Auktion! \u00dcber den \u201eJetzt Kaufen\u201c-Button direkt erwerben oder dein Gebot ist ein alternativer Preisvorschlag (Maximalgebot)!\" \/>\n<meta property=\"og:url\" content=\"https:\/\/www.dramfolks-whisky-auction.com\/fr\/product\/walsh-whiskey-distillery-writers-tears-marsala-cask-finish-4\/\" \/>\n<meta property=\"og:site_name\" content=\"Dramfolks Whisky Auction\" \/>\n<meta property=\"article:modified_time\" content=\"2025-03-25T18:18:34+00:00\" \/>\n<meta property=\"og:image\" content=\"https:\/\/www.dramfolks-whisky-auction.com\/wp-content\/uploads\/2024\/08\/Writers-Tears-Sold-Out.png\" \/>\n\t<meta property=\"og:image:width\" content=\"1080\" \/>\n\t<meta property=\"og:image:height\" content=\"1350\" \/>\n\t<meta property=\"og:image:type\" content=\"image\/png\" \/>\n<meta name=\"twitter:card\" content=\"summary_large_image\" \/>\n<meta name=\"twitter:label1\" content=\"Dur\u00e9e de lecture estim\u00e9e\" \/>\n\t<meta name=\"twitter:data1\" content=\"3 minutes\" \/>\n<script type=\"application\/ld+json\" class=\"yoast-schema-graph\">{\"@context\":\"https:\/\/schema.org\",\"@graph\":[{\"@type\":\"WebPage\",\"@id\":\"https:\/\/www.dramfolks-whisky-auction.com\/fr\/product\/walsh-whiskey-distillery-writers-tears-marsala-cask-finish-4\/\",\"url\":\"https:\/\/www.dramfolks-whisky-auction.com\/fr\/product\/walsh-whiskey-distillery-writers-tears-marsala-cask-finish-4\/\",\"name\":\"Walsh Whiskey Distillery - Writers Tears Marsala Cask Finish - Dramfolks Whisky Auction\",\"isPartOf\":{\"@id\":\"https:\/\/www.dramfolks-whisky-auction.com\/fr\/#website\"},\"primaryImageOfPage\":{\"@id\":\"https:\/\/www.dramfolks-whisky-auction.com\/fr\/product\/walsh-whiskey-distillery-writers-tears-marsala-cask-finish-4\/#primaryimage\"},\"image\":{\"@id\":\"https:\/\/www.dramfolks-whisky-auction.com\/fr\/product\/walsh-whiskey-distillery-writers-tears-marsala-cask-finish-4\/#primaryimage\"},\"thumbnailUrl\":\"https:\/\/www.dramfolks-whisky-auction.com\/wp-content\/uploads\/2024\/08\/Writers-Tears-Sold-Out.png\",\"datePublished\":\"2024-08-31T05:22:07+00:00\",\"dateModified\":\"2025-03-25T18:18:34+00:00\",\"breadcrumb\":{\"@id\":\"https:\/\/www.dramfolks-whisky-auction.com\/fr\/product\/walsh-whiskey-distillery-writers-tears-marsala-cask-finish-4\/#breadcrumb\"},\"inLanguage\":\"fr-FR\",\"potentialAction\":[{\"@type\":\"ReadAction\",\"target\":[\"https:\/\/www.dramfolks-whisky-auction.com\/fr\/product\/walsh-whiskey-distillery-writers-tears-marsala-cask-finish-4\/\"]}]},{\"@type\":\"ImageObject\",\"inLanguage\":\"fr-FR\",\"@id\":\"https:\/\/www.dramfolks-whisky-auction.com\/fr\/product\/walsh-whiskey-distillery-writers-tears-marsala-cask-finish-4\/#primaryimage\",\"url\":\"https:\/\/www.dramfolks-whisky-auction.com\/wp-content\/uploads\/2024\/08\/Writers-Tears-Sold-Out.png\",\"contentUrl\":\"https:\/\/www.dramfolks-whisky-auction.com\/wp-content\/uploads\/2024\/08\/Writers-Tears-Sold-Out.png\",\"width\":1080,\"height\":1350},{\"@type\":\"BreadcrumbList\",\"@id\":\"https:\/\/www.dramfolks-whisky-auction.com\/fr\/product\/walsh-whiskey-distillery-writers-tears-marsala-cask-finish-4\/#breadcrumb\",\"itemListElement\":[{\"@type\":\"ListItem\",\"position\":1,\"name\":\"Startseite\",\"item\":\"https:\/\/www.dramfolks-whisky-auction.com\/fr\/\"},{\"@type\":\"ListItem\",\"position\":2,\"name\":\"Boutique\",\"item\":\"https:\/\/www.dramfolks-whisky-auction.com\/fr\/boutique\/\"},{\"@type\":\"ListItem\",\"position\":3,\"name\":\"Walsh Whiskey Distillery &#8211; Writers Tears Marsala Cask Finish\"}]},{\"@type\":\"WebSite\",\"@id\":\"https:\/\/www.dramfolks-whisky-auction.com\/fr\/#website\",\"url\":\"https:\/\/www.dramfolks-whisky-auction.com\/fr\/\",\"name\":\"Dramfolks Whisky Auction\",\"description\":\"\",\"potentialAction\":[{\"@type\":\"SearchAction\",\"target\":{\"@type\":\"EntryPoint\",\"urlTemplate\":\"https:\/\/www.dramfolks-whisky-auction.com\/fr\/?s={search_term_string}\"},\"query-input\":{\"@type\":\"PropertyValueSpecification\",\"valueRequired\":true,\"valueName\":\"search_term_string\"}}],\"inLanguage\":\"fr-FR\"}]}<\/script>\n<!-- \/ Yoast SEO plugin. -->","yoast_head_json":{"title":"Walsh Whiskey Distillery - Writers Tears Marsala Cask Finish - Dramfolks Whisky Auction","robots":{"index":"index","follow":"follow","max-snippet":"max-snippet:-1","max-image-preview":"max-image-preview:large","max-video-preview":"max-video-preview:-1"},"canonical":"https:\/\/www.dramfolks-whisky-auction.com\/fr\/product\/walsh-whiskey-distillery-writers-tears-marsala-cask-finish-4\/","og_locale":"fr_FR","og_type":"article","og_title":"Walsh Whiskey Distillery - Writers Tears Marsala Cask Finish - Dramfolks Whisky Auction","og_description":"After-Auction-Market by dramfolks  Dies ist keine laufende Auktion! \u00dcber den \u201eJetzt Kaufen\u201c-Button direkt erwerben oder dein Gebot ist ein alternativer Preisvorschlag (Maximalgebot)!","og_url":"https:\/\/www.dramfolks-whisky-auction.com\/fr\/product\/walsh-whiskey-distillery-writers-tears-marsala-cask-finish-4\/","og_site_name":"Dramfolks Whisky Auction","article_modified_time":"2025-03-25T18:18:34+00:00","og_image":[{"width":1080,"height":1350,"url":"https:\/\/www.dramfolks-whisky-auction.com\/wp-content\/uploads\/2024\/08\/Writers-Tears-Sold-Out.png","type":"image\/png"}],"twitter_card":"summary_large_image","twitter_misc":{"Dur\u00e9e de lecture estim\u00e9e":"3 minutes"},"schema":{"@context":"https:\/\/schema.org","@graph":[{"@type":"WebPage","@id":"https:\/\/www.dramfolks-whisky-auction.com\/fr\/product\/walsh-whiskey-distillery-writers-tears-marsala-cask-finish-4\/","url":"https:\/\/www.dramfolks-whisky-auction.com\/fr\/product\/walsh-whiskey-distillery-writers-tears-marsala-cask-finish-4\/","name":"Walsh Whiskey Distillery - Writers Tears Marsala Cask Finish - Dramfolks Whisky Auction","isPartOf":{"@id":"https:\/\/www.dramfolks-whisky-auction.com\/fr\/#website"},"primaryImageOfPage":{"@id":"https:\/\/www.dramfolks-whisky-auction.com\/fr\/product\/walsh-whiskey-distillery-writers-tears-marsala-cask-finish-4\/#primaryimage"},"image":{"@id":"https:\/\/www.dramfolks-whisky-auction.com\/fr\/product\/walsh-whiskey-distillery-writers-tears-marsala-cask-finish-4\/#primaryimage"},"thumbnailUrl":"https:\/\/www.dramfolks-whisky-auction.com\/wp-content\/uploads\/2024\/08\/Writers-Tears-Sold-Out.png","datePublished":"2024-08-31T05:22:07+00:00","dateModified":"2025-03-25T18:18:34+00:00","breadcrumb":{"@id":"https:\/\/www.dramfolks-whisky-auction.com\/fr\/product\/walsh-whiskey-distillery-writers-tears-marsala-cask-finish-4\/#breadcrumb"},"inLanguage":"fr-FR","potentialAction":[{"@type":"ReadAction","target":["https:\/\/www.dramfolks-whisky-auction.com\/fr\/product\/walsh-whiskey-distillery-writers-tears-marsala-cask-finish-4\/"]}]},{"@type":"ImageObject","inLanguage":"fr-FR","@id":"https:\/\/www.dramfolks-whisky-auction.com\/fr\/product\/walsh-whiskey-distillery-writers-tears-marsala-cask-finish-4\/#primaryimage","url":"https:\/\/www.dramfolks-whisky-auction.com\/wp-content\/uploads\/2024\/08\/Writers-Tears-Sold-Out.png","contentUrl":"https:\/\/www.dramfolks-whisky-auction.com\/wp-content\/uploads\/2024\/08\/Writers-Tears-Sold-Out.png","width":1080,"height":1350},{"@type":"BreadcrumbList","@id":"https:\/\/www.dramfolks-whisky-auction.com\/fr\/product\/walsh-whiskey-distillery-writers-tears-marsala-cask-finish-4\/#breadcrumb","itemListElement":[{"@type":"ListItem","position":1,"name":"Startseite","item":"https:\/\/www.dramfolks-whisky-auction.com\/fr\/"},{"@type":"ListItem","position":2,"name":"Boutique","item":"https:\/\/www.dramfolks-whisky-auction.com\/fr\/boutique\/"},{"@type":"ListItem","position":3,"name":"Walsh Whiskey Distillery &#8211; Writers Tears Marsala Cask Finish"}]},{"@type":"WebSite","@id":"https:\/\/www.dramfolks-whisky-auction.com\/fr\/#website","url":"https:\/\/www.dramfolks-whisky-auction.com\/fr\/","name":"Dramfolks Whisky Auction","description":"","potentialAction":[{"@type":"SearchAction","target":{"@type":"EntryPoint","urlTemplate":"https:\/\/www.dramfolks-whisky-auction.com\/fr\/?s={search_term_string}"},"query-input":{"@type":"PropertyValueSpecification","valueRequired":true,"valueName":"search_term_string"}}],"inLanguage":"fr-FR"}]}},"_links":{"self":[{"href":"https:\/\/www.dramfolks-whisky-auction.com\/fr\/wp-json\/wp\/v2\/product\/326672","targetHints":{"allow":["GET"]}}],"collection":[{"href":"https:\/\/www.dramfolks-whisky-auction.com\/fr\/wp-json\/wp\/v2\/product"}],"about":[{"href":"https:\/\/www.dramfolks-whisky-auction.com\/fr\/wp-json\/wp\/v2\/types\/product"}],"replies":[{"embeddable":true,"href":"https:\/\/www.dramfolks-whisky-auction.com\/fr\/wp-json\/wp\/v2\/comments?post=326672"}],"wp:featuredmedia":[{"embeddable":true,"href":"https:\/\/www.dramfolks-whisky-auction.com\/fr\/wp-json\/wp\/v2\/media\/2895136"}],"wp:attachment":[{"href":"https:\/\/www.dramfolks-whisky-auction.com\/fr\/wp-json\/wp\/v2\/media?parent=326672"}],"wp:term":[{"taxonomy":"product_brand","embeddable":true,"href":"https:\/\/www.dramfolks-whisky-auction.com\/fr\/wp-json\/wp\/v2\/product_brand?post=326672"},{"taxonomy":"product_cat","embeddable":true,"href":"https:\/\/www.dramfolks-whisky-auction.com\/fr\/wp-json\/wp\/v2\/product_cat?post=326672"},{"taxonomy":"product_tag","embeddable":true,"href":"https:\/\/www.dramfolks-whisky-auction.com\/fr\/wp-json\/wp\/v2\/product_tag?post=326672"}],"curies":[{"name":"wp","href":"https:\/\/api.w.org\/{rel}","templated":true}]}}