{"id":3182801,"date":"2025-04-04T13:24:24","date_gmt":"2025-04-04T11:24:24","guid":{"rendered":"https:\/\/www.dramfolks-whisky-auction.com\/?post_type=product&#038;p=3182801"},"modified":"2025-04-25T16:18:47","modified_gmt":"2025-04-25T14:18:47","slug":"glen-garioch-15yo-sherry-cask-3","status":"publish","type":"product","link":"https:\/\/www.dramfolks-whisky-auction.com\/fr\/product\/glen-garioch-15yo-sherry-cask-3\/","title":{"rendered":"Glen Garioch &#8211; 15yo Sherry Cask"},"content":{"rendered":"<p><strong>Destille: Glen Garioch<br \/>\n<\/strong>Einige Kilometer vor Aberdeen befindet sich die Glen Garioch Brennerei. Sie geh\u00f6rt zu den \u00e4ltesten Destillerien Schottlands und ist die \u00f6stlichste aktive Malt Whisky Brennerei, denn sie wurde im Jahr 1797 gebaut. Glen Garioch bezieht sein Wasser aus dem sch\u00f6nen kleinen Bach Percock Hills, der in Aberdeenshire flie\u00dft. Der Bach ist besonders reich an Mineralien, die zur Vielf\u00e4ltigkeit des Geschmacks im Whisky beitragen. Heute wird Glen Garioch von Morrison Bowmore Distillers betrieben, die wiederum im Besitz des japanischen Gro\u00dfkonzern Suntory sind. Die Produktionskapazit\u00e4t der Brennerei liegt bei 1.000.000 Liter reinem Alkohol pro Jahr.<\/p>\n<p><strong>Fun Fakt:\u00a0<\/strong>Die ganze Distillery braucht gerade mal 7 Personen um die Produktion am Laufen zu halten. Not bad!!!<\/p>\n<p><strong>Whisky\/Whiskey: 15yo Sherry Cask<br \/>\n<\/strong>Der Glen Garioch Sherry Cask 15yo ist ein Highlight der Glen Garioch Brennerei, die eigentlich nur Duty Free Kunden zug\u00e4nglich war. Nun gibt es die Abf\u00fcllung auch in Deutschland und \u00fcberzeugt uns durch eine komplette 15-j\u00e4hrige Lagerung in den feinsten Oloroso Sherryf\u00e4ssern. Dadurch zeigen sich komplexe Noten von Aprikosen, Honig und Zimt. Dahinter der Eindruck von warmen Teig und Rosinen.<\/p>\n<p><strong>Info Qualit\u00e4t der Flasche:<\/strong> Exzellent &#8211; ohne Besch\u00e4digungen \/ <strong>F\u00fcllstand:<\/strong> Top shoulder<br \/>\n<strong>Info Qualit\u00e4t der Box:\u00a0<\/strong>Exzellent &#8211; ohne Besch\u00e4digungen<\/p>\n<p><strong>Wichtiger Hinweis:<\/strong> Die Bewertung der Flaschen und Boxen erfolgt nach \u201ebesten Wissen und Gewissen\u201c. dramfolks kann keine Gew\u00e4hrleistung f\u00fcr den Inhalt der Flaschen \u00fcbernehmen. Weitere Infos &amp; Hinweise finden Sie in unseren AGBs. Wir empfehlen Ihnen, vor der Abgabe von Geboten \u00fcber die Zoomfunktion eine Besichtigung \/ genaue Pr\u00fcfung des angebotenen Whiskys vorzunehmen. Bitte kontaktieren sie uns bei Fragen direkt unter info@dramfolks.com<\/p>\n","protected":false},"excerpt":{"rendered":"<p>Destille: Glen Garioch Einige Kilometer vor Aberdeen befindet sich die Glen Garioch Brennerei. Sie geh\u00f6rt zu den \u00e4ltesten Destillerien Schottlands und ist die \u00f6stlichste aktive Malt Whisky Brennerei, denn sie wurde im Jahr 1797 gebaut. Glen Garioch bezieht sein Wasser aus dem sch\u00f6nen kleinen Bach Percock Hills, der in Aberdeenshire flie\u00dft. Der Bach ist besonders[&#8230;]\n","protected":false},"featured_media":2061211,"comment_status":"closed","ping_status":"closed","template":"","meta":[],"product_brand":[],"product_cat":[1100],"product_tag":[],"class_list":{"0":"post-3182801","1":"product","2":"type-product","3":"status-publish","4":"has-post-thumbnail","6":"product_cat-no-17","8":"first","9":"instock","10":"shipping-taxable","11":"purchasable","12":"product-type-auction"},"yoast_head":"<!-- This site is optimized with the Yoast SEO plugin v27.4 - https:\/\/yoast.com\/product\/yoast-seo-wordpress\/ -->\n<title>Glen Garioch - 15yo Sherry Cask - Dramfolks Whisky Auction<\/title>\n<meta name=\"robots\" content=\"index, follow, max-snippet:-1, max-image-preview:large, max-video-preview:-1\" \/>\n<link rel=\"canonical\" href=\"https:\/\/www.dramfolks-whisky-auction.com\/fr\/product\/glen-garioch-15yo-sherry-cask-3\/\" \/>\n<meta property=\"og:locale\" content=\"fr_FR\" \/>\n<meta property=\"og:type\" content=\"article\" \/>\n<meta property=\"og:title\" content=\"Glen Garioch - 15yo Sherry Cask - Dramfolks Whisky Auction\" \/>\n<meta property=\"og:description\" content=\"Destille: Glen Garioch Einige Kilometer vor Aberdeen befindet sich die Glen Garioch Brennerei. Sie geh\u00f6rt zu den \u00e4ltesten Destillerien Schottlands und ist die \u00f6stlichste aktive Malt Whisky Brennerei, denn sie wurde im Jahr 1797 gebaut. Glen Garioch bezieht sein Wasser aus dem sch\u00f6nen kleinen Bach Percock Hills, der in Aberdeenshire flie\u00dft. Der Bach ist besonders[...]\" \/>\n<meta property=\"og:url\" content=\"https:\/\/www.dramfolks-whisky-auction.com\/fr\/product\/glen-garioch-15yo-sherry-cask-3\/\" \/>\n<meta property=\"og:site_name\" content=\"Dramfolks Whisky Auction\" \/>\n<meta property=\"article:modified_time\" content=\"2025-04-25T14:18:47+00:00\" \/>\n<meta property=\"og:image\" content=\"https:\/\/www.dramfolks-whisky-auction.com\/wp-content\/uploads\/2025\/02\/Glen-Garioch-15yo-vorne-scaled.jpg\" \/>\n\t<meta property=\"og:image:width\" content=\"2560\" \/>\n\t<meta property=\"og:image:height\" content=\"2560\" \/>\n\t<meta property=\"og:image:type\" content=\"image\/jpeg\" \/>\n<meta name=\"twitter:card\" content=\"summary_large_image\" \/>\n<meta name=\"twitter:label1\" content=\"Dur\u00e9e de lecture estim\u00e9e\" \/>\n\t<meta name=\"twitter:data1\" content=\"2 minutes\" \/>\n<script type=\"application\/ld+json\" class=\"yoast-schema-graph\">{\"@context\":\"https:\\\/\\\/schema.org\",\"@graph\":[{\"@type\":\"WebPage\",\"@id\":\"https:\\\/\\\/www.dramfolks-whisky-auction.com\\\/fr\\\/product\\\/glen-garioch-15yo-sherry-cask-3\\\/\",\"url\":\"https:\\\/\\\/www.dramfolks-whisky-auction.com\\\/fr\\\/product\\\/glen-garioch-15yo-sherry-cask-3\\\/\",\"name\":\"Glen Garioch - 15yo Sherry Cask - Dramfolks Whisky Auction\",\"isPartOf\":{\"@id\":\"https:\\\/\\\/www.dramfolks-whisky-auction.com\\\/fr\\\/#website\"},\"primaryImageOfPage\":{\"@id\":\"https:\\\/\\\/www.dramfolks-whisky-auction.com\\\/fr\\\/product\\\/glen-garioch-15yo-sherry-cask-3\\\/#primaryimage\"},\"image\":{\"@id\":\"https:\\\/\\\/www.dramfolks-whisky-auction.com\\\/fr\\\/product\\\/glen-garioch-15yo-sherry-cask-3\\\/#primaryimage\"},\"thumbnailUrl\":\"https:\\\/\\\/www.dramfolks-whisky-auction.com\\\/wp-content\\\/uploads\\\/2025\\\/02\\\/Glen-Garioch-15yo-vorne-scaled.jpg\",\"datePublished\":\"2025-04-04T11:24:24+00:00\",\"dateModified\":\"2025-04-25T14:18:47+00:00\",\"breadcrumb\":{\"@id\":\"https:\\\/\\\/www.dramfolks-whisky-auction.com\\\/fr\\\/product\\\/glen-garioch-15yo-sherry-cask-3\\\/#breadcrumb\"},\"inLanguage\":\"fr-FR\",\"potentialAction\":[{\"@type\":\"ReadAction\",\"target\":[\"https:\\\/\\\/www.dramfolks-whisky-auction.com\\\/fr\\\/product\\\/glen-garioch-15yo-sherry-cask-3\\\/\"]}]},{\"@type\":\"ImageObject\",\"inLanguage\":\"fr-FR\",\"@id\":\"https:\\\/\\\/www.dramfolks-whisky-auction.com\\\/fr\\\/product\\\/glen-garioch-15yo-sherry-cask-3\\\/#primaryimage\",\"url\":\"https:\\\/\\\/www.dramfolks-whisky-auction.com\\\/wp-content\\\/uploads\\\/2025\\\/02\\\/Glen-Garioch-15yo-vorne-scaled.jpg\",\"contentUrl\":\"https:\\\/\\\/www.dramfolks-whisky-auction.com\\\/wp-content\\\/uploads\\\/2025\\\/02\\\/Glen-Garioch-15yo-vorne-scaled.jpg\",\"width\":2560,\"height\":2560},{\"@type\":\"BreadcrumbList\",\"@id\":\"https:\\\/\\\/www.dramfolks-whisky-auction.com\\\/fr\\\/product\\\/glen-garioch-15yo-sherry-cask-3\\\/#breadcrumb\",\"itemListElement\":[{\"@type\":\"ListItem\",\"position\":1,\"name\":\"Startseite\",\"item\":\"https:\\\/\\\/www.dramfolks-whisky-auction.com\\\/fr\\\/\"},{\"@type\":\"ListItem\",\"position\":2,\"name\":\"Boutique\",\"item\":\"https:\\\/\\\/www.dramfolks-whisky-auction.com\\\/fr\\\/boutique\\\/\"},{\"@type\":\"ListItem\",\"position\":3,\"name\":\"Glen Garioch &#8211; 15yo Sherry Cask\"}]},{\"@type\":\"WebSite\",\"@id\":\"https:\\\/\\\/www.dramfolks-whisky-auction.com\\\/fr\\\/#website\",\"url\":\"https:\\\/\\\/www.dramfolks-whisky-auction.com\\\/fr\\\/\",\"name\":\"Dramfolks Whisky Auction\",\"description\":\"\",\"potentialAction\":[{\"@type\":\"SearchAction\",\"target\":{\"@type\":\"EntryPoint\",\"urlTemplate\":\"https:\\\/\\\/www.dramfolks-whisky-auction.com\\\/fr\\\/?s={search_term_string}\"},\"query-input\":{\"@type\":\"PropertyValueSpecification\",\"valueRequired\":true,\"valueName\":\"search_term_string\"}}],\"inLanguage\":\"fr-FR\"}]}<\/script>\n<!-- \/ Yoast SEO plugin. -->","yoast_head_json":{"title":"Glen Garioch - 15yo Sherry Cask - Dramfolks Whisky Auction","robots":{"index":"index","follow":"follow","max-snippet":"max-snippet:-1","max-image-preview":"max-image-preview:large","max-video-preview":"max-video-preview:-1"},"canonical":"https:\/\/www.dramfolks-whisky-auction.com\/fr\/product\/glen-garioch-15yo-sherry-cask-3\/","og_locale":"fr_FR","og_type":"article","og_title":"Glen Garioch - 15yo Sherry Cask - Dramfolks Whisky Auction","og_description":"Destille: Glen Garioch Einige Kilometer vor Aberdeen befindet sich die Glen Garioch Brennerei. Sie geh\u00f6rt zu den \u00e4ltesten Destillerien Schottlands und ist die \u00f6stlichste aktive Malt Whisky Brennerei, denn sie wurde im Jahr 1797 gebaut. Glen Garioch bezieht sein Wasser aus dem sch\u00f6nen kleinen Bach Percock Hills, der in Aberdeenshire flie\u00dft. Der Bach ist besonders[...]","og_url":"https:\/\/www.dramfolks-whisky-auction.com\/fr\/product\/glen-garioch-15yo-sherry-cask-3\/","og_site_name":"Dramfolks Whisky Auction","article_modified_time":"2025-04-25T14:18:47+00:00","og_image":[{"width":2560,"height":2560,"url":"https:\/\/www.dramfolks-whisky-auction.com\/wp-content\/uploads\/2025\/02\/Glen-Garioch-15yo-vorne-scaled.jpg","type":"image\/jpeg"}],"twitter_card":"summary_large_image","twitter_misc":{"Dur\u00e9e de lecture estim\u00e9e":"2 minutes"},"schema":{"@context":"https:\/\/schema.org","@graph":[{"@type":"WebPage","@id":"https:\/\/www.dramfolks-whisky-auction.com\/fr\/product\/glen-garioch-15yo-sherry-cask-3\/","url":"https:\/\/www.dramfolks-whisky-auction.com\/fr\/product\/glen-garioch-15yo-sherry-cask-3\/","name":"Glen Garioch - 15yo Sherry Cask - Dramfolks Whisky Auction","isPartOf":{"@id":"https:\/\/www.dramfolks-whisky-auction.com\/fr\/#website"},"primaryImageOfPage":{"@id":"https:\/\/www.dramfolks-whisky-auction.com\/fr\/product\/glen-garioch-15yo-sherry-cask-3\/#primaryimage"},"image":{"@id":"https:\/\/www.dramfolks-whisky-auction.com\/fr\/product\/glen-garioch-15yo-sherry-cask-3\/#primaryimage"},"thumbnailUrl":"https:\/\/www.dramfolks-whisky-auction.com\/wp-content\/uploads\/2025\/02\/Glen-Garioch-15yo-vorne-scaled.jpg","datePublished":"2025-04-04T11:24:24+00:00","dateModified":"2025-04-25T14:18:47+00:00","breadcrumb":{"@id":"https:\/\/www.dramfolks-whisky-auction.com\/fr\/product\/glen-garioch-15yo-sherry-cask-3\/#breadcrumb"},"inLanguage":"fr-FR","potentialAction":[{"@type":"ReadAction","target":["https:\/\/www.dramfolks-whisky-auction.com\/fr\/product\/glen-garioch-15yo-sherry-cask-3\/"]}]},{"@type":"ImageObject","inLanguage":"fr-FR","@id":"https:\/\/www.dramfolks-whisky-auction.com\/fr\/product\/glen-garioch-15yo-sherry-cask-3\/#primaryimage","url":"https:\/\/www.dramfolks-whisky-auction.com\/wp-content\/uploads\/2025\/02\/Glen-Garioch-15yo-vorne-scaled.jpg","contentUrl":"https:\/\/www.dramfolks-whisky-auction.com\/wp-content\/uploads\/2025\/02\/Glen-Garioch-15yo-vorne-scaled.jpg","width":2560,"height":2560},{"@type":"BreadcrumbList","@id":"https:\/\/www.dramfolks-whisky-auction.com\/fr\/product\/glen-garioch-15yo-sherry-cask-3\/#breadcrumb","itemListElement":[{"@type":"ListItem","position":1,"name":"Startseite","item":"https:\/\/www.dramfolks-whisky-auction.com\/fr\/"},{"@type":"ListItem","position":2,"name":"Boutique","item":"https:\/\/www.dramfolks-whisky-auction.com\/fr\/boutique\/"},{"@type":"ListItem","position":3,"name":"Glen Garioch &#8211; 15yo Sherry Cask"}]},{"@type":"WebSite","@id":"https:\/\/www.dramfolks-whisky-auction.com\/fr\/#website","url":"https:\/\/www.dramfolks-whisky-auction.com\/fr\/","name":"Dramfolks Whisky Auction","description":"","potentialAction":[{"@type":"SearchAction","target":{"@type":"EntryPoint","urlTemplate":"https:\/\/www.dramfolks-whisky-auction.com\/fr\/?s={search_term_string}"},"query-input":{"@type":"PropertyValueSpecification","valueRequired":true,"valueName":"search_term_string"}}],"inLanguage":"fr-FR"}]}},"_links":{"self":[{"href":"https:\/\/www.dramfolks-whisky-auction.com\/fr\/wp-json\/wp\/v2\/product\/3182801","targetHints":{"allow":["GET"]}}],"collection":[{"href":"https:\/\/www.dramfolks-whisky-auction.com\/fr\/wp-json\/wp\/v2\/product"}],"about":[{"href":"https:\/\/www.dramfolks-whisky-auction.com\/fr\/wp-json\/wp\/v2\/types\/product"}],"replies":[{"embeddable":true,"href":"https:\/\/www.dramfolks-whisky-auction.com\/fr\/wp-json\/wp\/v2\/comments?post=3182801"}],"wp:featuredmedia":[{"embeddable":true,"href":"https:\/\/www.dramfolks-whisky-auction.com\/fr\/wp-json\/wp\/v2\/media\/2061211"}],"wp:attachment":[{"href":"https:\/\/www.dramfolks-whisky-auction.com\/fr\/wp-json\/wp\/v2\/media?parent=3182801"}],"wp:term":[{"taxonomy":"product_brand","embeddable":true,"href":"https:\/\/www.dramfolks-whisky-auction.com\/fr\/wp-json\/wp\/v2\/product_brand?post=3182801"},{"taxonomy":"product_cat","embeddable":true,"href":"https:\/\/www.dramfolks-whisky-auction.com\/fr\/wp-json\/wp\/v2\/product_cat?post=3182801"},{"taxonomy":"product_tag","embeddable":true,"href":"https:\/\/www.dramfolks-whisky-auction.com\/fr\/wp-json\/wp\/v2\/product_tag?post=3182801"}],"curies":[{"name":"wp","href":"https:\/\/api.w.org\/{rel}","templated":true}]}}